
{"id":19363,"date":"2019-01-23T12:15:48","date_gmt":"2019-01-23T12:15:48","guid":{"rendered":"http:\/\/fireware.sites.hyperhosting.co\/?post_type=product&#038;p=19363"},"modified":"2025-03-31T12:35:46","modified_gmt":"2025-03-31T12:35:46","slug":"beagle-bobby","status":"publish","type":"product","link":"https:\/\/fireware.nl\/de\/product\/beagle-bobby\/","title":{"rendered":"Ruth Lee Beagle Bobby"},"content":{"rendered":"<h2>Ruth Lee \u00dcbungspuppen<\/h2>\n<p>Ruth Lee \u00dcbungspuppen sind f\u00fcr realistische und effektive Trainingszwecke entwickelt. Diese Puppen sind bekannt f\u00fcr ihre Haltbarkeit und Vielseitigkeit, ideal f\u00fcr das Training von Feuerwehrleuten, Ersthelfern, Rettungsdiensten und anderen Notdiensten. Mit den Ruth Lee \u00dcbungspuppen lassen sich realistische Szenarien simulieren, sodass Rettungskr\u00e4fte besser auf echte Notf\u00e4lle vorbereitet sind. Das Sortiment umfasst Puppen f\u00fcr verschiedene Trainingsarten in unterschiedlichen Gr\u00f6\u00dfen und Gewichten.<\/p>\n<h2>Treuer Vierbeiner<\/h2>\n<p>Bei Br\u00e4nden oder Unf\u00e4llen sind oft auch Tiere neben Menschen betroffen. Viele Menschen haben eine emotionale Bindung zu ihrem Hund oder ihrer Katze. Als Rettungskraft ist es daher wichtig, auch auf die Rettung von Haustieren zu achten, aber gleichzeitig die richtigen Priorit\u00e4ten zu setzen. L\u00e4sst man sich von einem bellenden Hund ablenken, obwohl man den Auftrag hatte, eine verletzte Person zu finden? Genau daf\u00fcr wurde Beagle Bobby entwickelt.<\/p>\n<p>Kombinieren Sie Beagle Bobby mit dem Bellen \u00fcber die <a href=\"https:\/\/fireware.nl\/de\/product\/soundbox-v3\/\" target=\"_blank\" rel=\"noopener\">FireWare SoundBox V<\/a>3, <a href=\"https:\/\/fireware.nl\/de\/product\/pandoras-box\/\" target=\"_blank\" rel=\"noopener\">Pandora&#8217;s Box V4<\/a> oder <a href=\"https:\/\/fireware.nl\/de\/product\/die-buechse-der-pandora-230\/\" target=\"_blank\" rel=\"noopener\">Pandora&#8217;s Box 230<\/a>, damit er gut bemerkt wird und Ihr Szenario noch realistischer wirkt.<\/p>\n","protected":false},"excerpt":{"rendered":"<ul>\n<li>Anatomisch korrekte Gewichtsverteilung, um das \u201eGef\u00fchl\u201c eines echten Hundes zu vermitteln<\/li>\n<li>Robust genug, um unter Beton oder Stahltr\u00e4gern zu liegen, \u00fcberfahren zu werden oder ohne Schaden aus einem Fenster im zweiten Stock zu fallen<\/li>\n<li>Hergestellt aus wasserabweisendem und flammenhemmendem Material, wodurch Bobby f\u00fcr nasse oder schmutzige Szenarien geeignet ist<\/li>\n<li>H\u00e4lt Temperaturen bis zu 100\u00b0C stand, sollte jedoch nicht l\u00e4ngere Zeit hohen Temperaturen oder offenen Flammen ausgesetzt werden. Wird im Wasser sinken.<\/li>\n<li>Erh\u00e4ltlich in 3 Gewichten \u2013 10 kg, 20 kg und 25 kg.<\/li>\n<\/ul>\n","protected":false},"featured_media":46747,"template":"","meta":[],"product_brand":[],"product_cat":[111],"product_tag":[],"class_list":{"0":"post-19363","1":"product","2":"type-product","3":"status-publish","4":"has-post-thumbnail","6":"product_cat-uebungspuppe","8":"first","9":"instock","10":"taxable","11":"shipping-taxable","12":"purchasable","13":"product-type-variable"},"yoast_head":"<!-- This site is optimized with the Yoast SEO plugin v27.5 - https:\/\/yoast.com\/product\/yoast-seo-wordpress\/ -->\n<title>Ruth Lee Beagle Bobby - FireWare<\/title>\n<meta name=\"robots\" content=\"index, follow, max-snippet:-1, max-image-preview:large, max-video-preview:-1\" \/>\n<link rel=\"canonical\" href=\"https:\/\/fireware.nl\/de\/product\/beagle-bobby\/\" \/>\n<meta property=\"og:locale\" content=\"de_DE\" \/>\n<meta property=\"og:type\" content=\"article\" \/>\n<meta property=\"og:title\" content=\"Ruth Lee Beagle Bobby - FireWare\" \/>\n<meta property=\"og:description\" content=\"Anatomisch korrekte Gewichtsverteilung, um das \u201eGef\u00fchl\u201c eines echten Hundes zu vermitteln  Robust genug, um unter Beton oder Stahltr\u00e4gern zu liegen, \u00fcberfahren zu werden oder ohne Schaden aus einem Fenster im zweiten Stock zu fallen  Hergestellt aus wasserabweisendem und flammenhemmendem Material, wodurch Bobby f\u00fcr nasse oder schmutzige Szenarien geeignet ist  H\u00e4lt Temperaturen bis zu 100\u00b0C stand, sollte jedoch nicht l\u00e4ngere Zeit hohen Temperaturen oder offenen Flammen ausgesetzt werden. Wird im Wasser sinken.  Erh\u00e4ltlich in 3 Gewichten \u2013 10 kg, 20 kg und 25 kg.\" \/>\n<meta property=\"og:url\" content=\"https:\/\/fireware.nl\/de\/product\/beagle-bobby\/\" \/>\n<meta property=\"og:site_name\" content=\"FireWare\" \/>\n<meta property=\"article:publisher\" content=\"https:\/\/www.facebook.com\/FireWareBV\/\" \/>\n<meta property=\"article:modified_time\" content=\"2025-03-31T12:35:46+00:00\" \/>\n<meta property=\"og:image\" content=\"https:\/\/fireware.nl\/wp-content\/uploads\/2019\/01\/017-043-096-Beagle-Bobby-sit.jpg\" \/>\n\t<meta property=\"og:image:width\" content=\"600\" \/>\n\t<meta property=\"og:image:height\" content=\"600\" \/>\n\t<meta property=\"og:image:type\" content=\"image\/jpeg\" \/>\n<meta name=\"twitter:card\" content=\"summary_large_image\" \/>\n<meta name=\"twitter:site\" content=\"@FireWarebv\" \/>\n<meta name=\"twitter:label1\" content=\"Gesch\u00e4tzte Lesezeit\" \/>\n\t<meta name=\"twitter:data1\" content=\"2\u00a0Minuten\" \/>\n<script type=\"application\/ld+json\" class=\"yoast-schema-graph\">{\"@context\":\"https:\\\/\\\/schema.org\",\"@graph\":[{\"@type\":\"WebPage\",\"@id\":\"https:\\\/\\\/fireware.nl\\\/de\\\/product\\\/beagle-bobby\\\/\",\"url\":\"https:\\\/\\\/fireware.nl\\\/de\\\/product\\\/beagle-bobby\\\/\",\"name\":\"Ruth Lee Beagle Bobby - FireWare\",\"isPartOf\":{\"@id\":\"https:\\\/\\\/fireware.nl\\\/de\\\/#website\"},\"primaryImageOfPage\":{\"@id\":\"https:\\\/\\\/fireware.nl\\\/de\\\/product\\\/beagle-bobby\\\/#primaryimage\"},\"image\":{\"@id\":\"https:\\\/\\\/fireware.nl\\\/de\\\/product\\\/beagle-bobby\\\/#primaryimage\"},\"thumbnailUrl\":\"https:\\\/\\\/fireware.nl\\\/wp-content\\\/uploads\\\/2019\\\/01\\\/017-043-096-Beagle-Bobby-sit.jpg\",\"datePublished\":\"2019-01-23T12:15:48+00:00\",\"dateModified\":\"2025-03-31T12:35:46+00:00\",\"breadcrumb\":{\"@id\":\"https:\\\/\\\/fireware.nl\\\/de\\\/product\\\/beagle-bobby\\\/#breadcrumb\"},\"inLanguage\":\"de\",\"potentialAction\":[{\"@type\":\"ReadAction\",\"target\":[\"https:\\\/\\\/fireware.nl\\\/de\\\/product\\\/beagle-bobby\\\/\"]}]},{\"@type\":\"ImageObject\",\"inLanguage\":\"de\",\"@id\":\"https:\\\/\\\/fireware.nl\\\/de\\\/product\\\/beagle-bobby\\\/#primaryimage\",\"url\":\"https:\\\/\\\/fireware.nl\\\/wp-content\\\/uploads\\\/2019\\\/01\\\/017-043-096-Beagle-Bobby-sit.jpg\",\"contentUrl\":\"https:\\\/\\\/fireware.nl\\\/wp-content\\\/uploads\\\/2019\\\/01\\\/017-043-096-Beagle-Bobby-sit.jpg\",\"width\":600,\"height\":600},{\"@type\":\"BreadcrumbList\",\"@id\":\"https:\\\/\\\/fireware.nl\\\/de\\\/product\\\/beagle-bobby\\\/#breadcrumb\",\"itemListElement\":[{\"@type\":\"ListItem\",\"position\":1,\"name\":\"Home\",\"item\":\"https:\\\/\\\/fireware.nl\\\/de\\\/\"},{\"@type\":\"ListItem\",\"position\":2,\"name\":\"Produkte\",\"item\":\"https:\\\/\\\/fireware.nl\\\/de\\\/produkte\\\/\"},{\"@type\":\"ListItem\",\"position\":3,\"name\":\"Ruth Lee Beagle Bobby\"}]},{\"@type\":\"WebSite\",\"@id\":\"https:\\\/\\\/fireware.nl\\\/de\\\/#website\",\"url\":\"https:\\\/\\\/fireware.nl\\\/de\\\/\",\"name\":\"FireWare\",\"description\":\"CREATING REALISTIC  TRAINING ENVIRONMENTS\",\"publisher\":{\"@id\":\"https:\\\/\\\/fireware.nl\\\/de\\\/#organization\"},\"potentialAction\":[{\"@type\":\"SearchAction\",\"target\":{\"@type\":\"EntryPoint\",\"urlTemplate\":\"https:\\\/\\\/fireware.nl\\\/de\\\/?s={search_term_string}\"},\"query-input\":{\"@type\":\"PropertyValueSpecification\",\"valueRequired\":true,\"valueName\":\"search_term_string\"}}],\"inLanguage\":\"de\"},{\"@type\":\"Organization\",\"@id\":\"https:\\\/\\\/fireware.nl\\\/de\\\/#organization\",\"name\":\"FireWare\",\"url\":\"https:\\\/\\\/fireware.nl\\\/de\\\/\",\"logo\":{\"@type\":\"ImageObject\",\"inLanguage\":\"de\",\"@id\":\"https:\\\/\\\/fireware.nl\\\/de\\\/#\\\/schema\\\/logo\\\/image\\\/\",\"url\":\"https:\\\/\\\/fireware.nl\\\/wp-content\\\/uploads\\\/2018\\\/10\\\/FireWare-logo.jpg\",\"contentUrl\":\"https:\\\/\\\/fireware.nl\\\/wp-content\\\/uploads\\\/2018\\\/10\\\/FireWare-logo.jpg\",\"width\":171,\"height\":70,\"caption\":\"FireWare\"},\"image\":{\"@id\":\"https:\\\/\\\/fireware.nl\\\/de\\\/#\\\/schema\\\/logo\\\/image\\\/\"},\"sameAs\":[\"https:\\\/\\\/www.facebook.com\\\/FireWareBV\\\/\",\"https:\\\/\\\/x.com\\\/FireWarebv\",\"https:\\\/\\\/www.instagram.com\\\/fireware_nl\\\/\",\"https:\\\/\\\/www.linkedin.com\\\/company\\\/3586017\\\/\",\"https:\\\/\\\/www.youtube.com\\\/user\\\/firesalesrentconsult\"]}]}<\/script>\n<!-- \/ Yoast SEO plugin. -->","yoast_head_json":{"title":"Ruth Lee Beagle Bobby - FireWare","robots":{"index":"index","follow":"follow","max-snippet":"max-snippet:-1","max-image-preview":"max-image-preview:large","max-video-preview":"max-video-preview:-1"},"canonical":"https:\/\/fireware.nl\/de\/product\/beagle-bobby\/","og_locale":"de_DE","og_type":"article","og_title":"Ruth Lee Beagle Bobby - FireWare","og_description":"Anatomisch korrekte Gewichtsverteilung, um das \u201eGef\u00fchl\u201c eines echten Hundes zu vermitteln  Robust genug, um unter Beton oder Stahltr\u00e4gern zu liegen, \u00fcberfahren zu werden oder ohne Schaden aus einem Fenster im zweiten Stock zu fallen  Hergestellt aus wasserabweisendem und flammenhemmendem Material, wodurch Bobby f\u00fcr nasse oder schmutzige Szenarien geeignet ist  H\u00e4lt Temperaturen bis zu 100\u00b0C stand, sollte jedoch nicht l\u00e4ngere Zeit hohen Temperaturen oder offenen Flammen ausgesetzt werden. Wird im Wasser sinken.  Erh\u00e4ltlich in 3 Gewichten \u2013 10 kg, 20 kg und 25 kg.","og_url":"https:\/\/fireware.nl\/de\/product\/beagle-bobby\/","og_site_name":"FireWare","article_publisher":"https:\/\/www.facebook.com\/FireWareBV\/","article_modified_time":"2025-03-31T12:35:46+00:00","og_image":[{"width":600,"height":600,"url":"https:\/\/fireware.nl\/wp-content\/uploads\/2019\/01\/017-043-096-Beagle-Bobby-sit.jpg","type":"image\/jpeg"}],"twitter_card":"summary_large_image","twitter_site":"@FireWarebv","twitter_misc":{"Gesch\u00e4tzte Lesezeit":"2\u00a0Minuten"},"schema":{"@context":"https:\/\/schema.org","@graph":[{"@type":"WebPage","@id":"https:\/\/fireware.nl\/de\/product\/beagle-bobby\/","url":"https:\/\/fireware.nl\/de\/product\/beagle-bobby\/","name":"Ruth Lee Beagle Bobby - FireWare","isPartOf":{"@id":"https:\/\/fireware.nl\/de\/#website"},"primaryImageOfPage":{"@id":"https:\/\/fireware.nl\/de\/product\/beagle-bobby\/#primaryimage"},"image":{"@id":"https:\/\/fireware.nl\/de\/product\/beagle-bobby\/#primaryimage"},"thumbnailUrl":"https:\/\/fireware.nl\/wp-content\/uploads\/2019\/01\/017-043-096-Beagle-Bobby-sit.jpg","datePublished":"2019-01-23T12:15:48+00:00","dateModified":"2025-03-31T12:35:46+00:00","breadcrumb":{"@id":"https:\/\/fireware.nl\/de\/product\/beagle-bobby\/#breadcrumb"},"inLanguage":"de","potentialAction":[{"@type":"ReadAction","target":["https:\/\/fireware.nl\/de\/product\/beagle-bobby\/"]}]},{"@type":"ImageObject","inLanguage":"de","@id":"https:\/\/fireware.nl\/de\/product\/beagle-bobby\/#primaryimage","url":"https:\/\/fireware.nl\/wp-content\/uploads\/2019\/01\/017-043-096-Beagle-Bobby-sit.jpg","contentUrl":"https:\/\/fireware.nl\/wp-content\/uploads\/2019\/01\/017-043-096-Beagle-Bobby-sit.jpg","width":600,"height":600},{"@type":"BreadcrumbList","@id":"https:\/\/fireware.nl\/de\/product\/beagle-bobby\/#breadcrumb","itemListElement":[{"@type":"ListItem","position":1,"name":"Home","item":"https:\/\/fireware.nl\/de\/"},{"@type":"ListItem","position":2,"name":"Produkte","item":"https:\/\/fireware.nl\/de\/produkte\/"},{"@type":"ListItem","position":3,"name":"Ruth Lee Beagle Bobby"}]},{"@type":"WebSite","@id":"https:\/\/fireware.nl\/de\/#website","url":"https:\/\/fireware.nl\/de\/","name":"FireWare","description":"CREATING REALISTIC  TRAINING ENVIRONMENTS","publisher":{"@id":"https:\/\/fireware.nl\/de\/#organization"},"potentialAction":[{"@type":"SearchAction","target":{"@type":"EntryPoint","urlTemplate":"https:\/\/fireware.nl\/de\/?s={search_term_string}"},"query-input":{"@type":"PropertyValueSpecification","valueRequired":true,"valueName":"search_term_string"}}],"inLanguage":"de"},{"@type":"Organization","@id":"https:\/\/fireware.nl\/de\/#organization","name":"FireWare","url":"https:\/\/fireware.nl\/de\/","logo":{"@type":"ImageObject","inLanguage":"de","@id":"https:\/\/fireware.nl\/de\/#\/schema\/logo\/image\/","url":"https:\/\/fireware.nl\/wp-content\/uploads\/2018\/10\/FireWare-logo.jpg","contentUrl":"https:\/\/fireware.nl\/wp-content\/uploads\/2018\/10\/FireWare-logo.jpg","width":171,"height":70,"caption":"FireWare"},"image":{"@id":"https:\/\/fireware.nl\/de\/#\/schema\/logo\/image\/"},"sameAs":["https:\/\/www.facebook.com\/FireWareBV\/","https:\/\/x.com\/FireWarebv","https:\/\/www.instagram.com\/fireware_nl\/","https:\/\/www.linkedin.com\/company\/3586017\/","https:\/\/www.youtube.com\/user\/firesalesrentconsult"]}]}},"publishpress_future_workflow_manual_trigger":{"enabledWorkflows":[]},"_links":{"self":[{"href":"https:\/\/fireware.nl\/de\/wp-json\/wp\/v2\/product\/19363","targetHints":{"allow":["GET"]}}],"collection":[{"href":"https:\/\/fireware.nl\/de\/wp-json\/wp\/v2\/product"}],"about":[{"href":"https:\/\/fireware.nl\/de\/wp-json\/wp\/v2\/types\/product"}],"wp:featuredmedia":[{"embeddable":true,"href":"https:\/\/fireware.nl\/de\/wp-json\/wp\/v2\/media\/46747"}],"wp:attachment":[{"href":"https:\/\/fireware.nl\/de\/wp-json\/wp\/v2\/media?parent=19363"}],"wp:term":[{"taxonomy":"product_brand","embeddable":true,"href":"https:\/\/fireware.nl\/de\/wp-json\/wp\/v2\/product_brand?post=19363"},{"taxonomy":"product_cat","embeddable":true,"href":"https:\/\/fireware.nl\/de\/wp-json\/wp\/v2\/product_cat?post=19363"},{"taxonomy":"product_tag","embeddable":true,"href":"https:\/\/fireware.nl\/de\/wp-json\/wp\/v2\/product_tag?post=19363"}],"curies":[{"name":"wp","href":"https:\/\/api.w.org\/{rel}","templated":true}]}}