
{"id":19376,"date":"2019-01-23T12:15:39","date_gmt":"2019-01-23T12:15:39","guid":{"rendered":"http:\/\/fireware.sites.hyperhosting.co\/?post_type=product&#038;p=19376"},"modified":"2024-11-27T15:17:12","modified_gmt":"2024-11-27T15:17:12","slug":"duty-range-manikin","status":"publish","type":"product","link":"https:\/\/fireware.nl\/de\/product\/duty-range-manikin\/","title":{"rendered":"Ruth Lee Duty Range Manikin"},"content":{"rendered":"\r\n<h2>Ruth Lee \u00dcbungspuppen<\/h2>\r\n<p>Die \u00dcbungspuppen von Ruth Lee sind f\u00fcr ein realistisches und effektives Training konzipiert. Diese Puppen sind f\u00fcr ihre Langlebigkeit und Vielseitigkeit bekannt und ideal f\u00fcr das Training von Feuerwehr, Erste-Hilfe-Teams, Rettungsdiensten und anderen Hilfsdiensten. Mit Ruth Lee \u00dcbungspuppen k\u00f6nnen realistische Szenarien simuliert werden, sodass Rettungskr\u00e4fte besser auf echte Notf\u00e4lle vorbereitet sind. Das Sortiment umfasst Puppen f\u00fcr verschiedene Trainings und ist in unterschiedlichen Gr\u00f6\u00dfen und Gewichten erh\u00e4ltlich.<\/p>\r\n<h2>Extrem robuste, realistische Puppe f\u00fcr \u00dcbungen<\/h2>\r\n<p>Die Duty Range Puppen sind die Allround-\u00dcbungspuppen von Ruth Lee. Sie simulieren ein bewusstloses Opfer und sind in verschiedenen Gr\u00f6\u00dfen und Gewichten erh\u00e4ltlich. Die Puppe ist realistisch handhabbar: Rettungen im Rautekgriff oder Nachsorge in der stabilen Seitenlage sind m\u00f6glich. Die Puppe tr\u00e4gt einen strapazierf\u00e4higen Overall und robuste Gummistiefel.<br \/>Die Duty Range Schlepppuppe von Ruth Lee hat ein realistisches Verh\u00e4ltnis zwischen L\u00e4nge und Gewicht. Die F\u00fcllung in der Puppe ist fest, sodass alle Gliedma\u00dfen ein realistisches Gewicht haben, das sich nicht verschiebt. Die Puppe ist \u00e4u\u00dferst robust und kann \u00fcberfahren oder aus gro\u00dfer H\u00f6he fallen gelassen werden, ohne besch\u00e4digt zu werden. Auf dem R\u00fccken befindet sich eine starke Schlaufe, an der die Puppe w\u00e4hrend der Vorbereitungen leicht zu greifen ist.<\/p>\r\n<p>Die Puppe kann in \u00dcbungsr\u00e4umen verwendet werden, in denen Feuer eingesetzt wird, und ist best\u00e4ndig gegen Temperaturen bis zu 100 Grad Celsius. F\u00fcr hei\u00dfere Bedingungen gibt es Alternativen wie die <a href=\"https:\/\/fireware.nl\/de\/product\/firehouse-uebungspuppe\/\" target=\"_blank\" rel=\"noopener\">Fire<\/a><a href=\"https:\/\/fireware.nl\/de\/product\/firehouse-uebungspuppe\/\" target=\"_blank\" rel=\"noopener\">house \u00dcbungspuppe<\/a> oder die <a href=\"https:\/\/fireware.nl\/de\/produkt\/brandpuppe-silber\/\" target=\"_blank\" rel=\"noopener\">Brandpuppe<\/a>. Die Puppe ist auch f\u00fcr H\u00f6henrettungen mit einem Gurtzeug geeignet, jedoch ist die extrem robuste <a href=\"https:\/\/fireware.nl\/de\/product\/working-at-heigt-manikin\/\" target=\"_blank\" rel=\"noopener\">Working at Height \u00dcbungspuppe<\/a> speziell f\u00fcr diesen Zweck entwickelt und daher besser geeignet.<\/p>\r\n<h2>Schau das Video<\/h2>\r\n<p><iframe loading=\"lazy\" src=\"https:\/\/player.vimeo.com\/video\/451474086\" width=\"640\" height=\"360\" frameborder=\"0\" allowfullscreen=\"allowfullscreen\"><\/iframe><\/p>\r\n","protected":false},"excerpt":{"rendered":"<ul>\n<li>Realistische Gewichtsverteilung vermittelt das Gef\u00fchl eines bewusstlosen Opfers.<\/li>\n<li>Eine starke Schlaufe erm\u00f6glicht einfache Handhabung, Heben, Lagerung und Aufh\u00e4ngung zum Trocknen.<\/li>\n<li>Robust genug, um unter Beton oder Stahltr\u00e4gern zu liegen, \u00fcberfahren zu werden oder ohne Schaden aus einem Fenster im zweiten Stock zu fallen.<\/li>\n<li>Hergestellt aus wasserabweisendem und flammhemmendem Material, wodurch es f\u00fcr nasse oder schmutzige Szenarien geeignet ist.<\/li>\n<li>Weiche K\u00f6rpergelenke beseitigen das Risiko von Einklemmen oder Bluterg\u00fcssen, h\u00e4ufige Verletzungen beim Einsatz von \u00dcbungspuppen mit einem Plastikk\u00f6rper.<\/li>\n<li>Eine Halskrause kann bei den erwachsenen \u00dcbungspuppen angebracht werden, um die richtige Versorgung des Opfers zu gew\u00e4hrleisten.<\/li>\n<li>Kommt komplett mit Stiefeln und Overalls. Bei Abnutzung k\u00f6nnen diese nachbestellt werden, um die Lebensdauer der Puppe zu verl\u00e4ngern.<\/li>\n<\/ul>\n","protected":false},"featured_media":105582,"template":"","meta":[],"product_brand":[],"product_cat":[111],"product_tag":[],"class_list":{"0":"post-19376","1":"product","2":"type-product","3":"status-publish","4":"has-post-thumbnail","6":"product_cat-uebungspuppe","7":"pa_gewicht-lengte-10-kg-90cm-de-2","8":"pa_gewicht-lengte-20-kg-130cm-de","9":"pa_gewicht-lengte-20kg-180cm-de","10":"pa_gewicht-lengte-30kg-180cm-de","11":"pa_gewicht-lengte-50kg-180cm-de","12":"pa_gewicht-lengte-5kg-70cm-de","13":"pa_gewicht-lengte-70-kg-180cm-de","14":"pa_gewicht-lengte-75-kg-180cm-de","15":"pa_gewicht-lengte-90-kg-180-cm-de","17":"first","18":"instock","19":"taxable","20":"shipping-taxable","21":"purchasable","22":"product-type-variable"},"yoast_head":"<!-- This site is optimized with the Yoast SEO plugin v27.5 - https:\/\/yoast.com\/product\/yoast-seo-wordpress\/ -->\n<title>Ruth Lee Duty Range Manikin - FireWare<\/title>\n<meta name=\"robots\" content=\"index, follow, max-snippet:-1, max-image-preview:large, max-video-preview:-1\" \/>\n<link rel=\"canonical\" href=\"https:\/\/fireware.nl\/de\/product\/duty-range-manikin\/\" \/>\n<meta property=\"og:locale\" content=\"de_DE\" \/>\n<meta property=\"og:type\" content=\"article\" \/>\n<meta property=\"og:title\" content=\"Ruth Lee Duty Range Manikin - FireWare\" \/>\n<meta property=\"og:description\" content=\"Realistische Gewichtsverteilung vermittelt das Gef\u00fchl eines bewusstlosen Opfers. Eine starke Schlaufe erm\u00f6glicht einfache Handhabung, Heben, Lagerung und Aufh\u00e4ngung zum Trocknen. Robust genug, um unter Beton oder Stahltr\u00e4gern zu liegen, \u00fcberfahren zu werden oder ohne Schaden aus einem Fenster im zweiten Stock zu fallen. Hergestellt aus wasserabweisendem und flammhemmendem Material, wodurch es f\u00fcr nasse oder schmutzige Szenarien geeignet ist. Weiche K\u00f6rpergelenke beseitigen das Risiko von Einklemmen oder Bluterg\u00fcssen, h\u00e4ufige Verletzungen beim Einsatz von \u00dcbungspuppen mit einem Plastikk\u00f6rper. Eine Halskrause kann bei den erwachsenen \u00dcbungspuppen angebracht werden, um die richtige Versorgung des Opfers zu gew\u00e4hrleisten. Kommt komplett mit Stiefeln und Overalls. Bei Abnutzung k\u00f6nnen diese nachbestellt werden, um die Lebensdauer der Puppe zu verl\u00e4ngern.\" \/>\n<meta property=\"og:url\" content=\"https:\/\/fireware.nl\/de\/product\/duty-range-manikin\/\" \/>\n<meta property=\"og:site_name\" content=\"FireWare\" \/>\n<meta property=\"article:publisher\" content=\"https:\/\/www.facebook.com\/FireWareBV\/\" \/>\n<meta property=\"article:modified_time\" content=\"2024-11-27T15:17:12+00:00\" \/>\n<meta property=\"og:image\" content=\"https:\/\/fireware.nl\/wp-content\/uploads\/2024\/11\/Duty-Range.jpg\" \/>\n\t<meta property=\"og:image:width\" content=\"600\" \/>\n\t<meta property=\"og:image:height\" content=\"600\" \/>\n\t<meta property=\"og:image:type\" content=\"image\/jpeg\" \/>\n<meta name=\"twitter:card\" content=\"summary_large_image\" \/>\n<meta name=\"twitter:site\" content=\"@FireWarebv\" \/>\n<meta name=\"twitter:label1\" content=\"Gesch\u00e4tzte Lesezeit\" \/>\n\t<meta name=\"twitter:data1\" content=\"2\u00a0Minuten\" \/>\n<script type=\"application\/ld+json\" class=\"yoast-schema-graph\">{\"@context\":\"https:\\\/\\\/schema.org\",\"@graph\":[{\"@type\":\"WebPage\",\"@id\":\"https:\\\/\\\/fireware.nl\\\/de\\\/product\\\/duty-range-manikin\\\/\",\"url\":\"https:\\\/\\\/fireware.nl\\\/de\\\/product\\\/duty-range-manikin\\\/\",\"name\":\"Ruth Lee Duty Range Manikin - FireWare\",\"isPartOf\":{\"@id\":\"https:\\\/\\\/fireware.nl\\\/de\\\/#website\"},\"primaryImageOfPage\":{\"@id\":\"https:\\\/\\\/fireware.nl\\\/de\\\/product\\\/duty-range-manikin\\\/#primaryimage\"},\"image\":{\"@id\":\"https:\\\/\\\/fireware.nl\\\/de\\\/product\\\/duty-range-manikin\\\/#primaryimage\"},\"thumbnailUrl\":\"https:\\\/\\\/fireware.nl\\\/wp-content\\\/uploads\\\/2019\\\/01\\\/Duty-Range-overzicht.jpg\",\"datePublished\":\"2019-01-23T12:15:39+00:00\",\"dateModified\":\"2024-11-27T15:17:12+00:00\",\"breadcrumb\":{\"@id\":\"https:\\\/\\\/fireware.nl\\\/de\\\/product\\\/duty-range-manikin\\\/#breadcrumb\"},\"inLanguage\":\"de\",\"potentialAction\":[{\"@type\":\"ReadAction\",\"target\":[\"https:\\\/\\\/fireware.nl\\\/de\\\/product\\\/duty-range-manikin\\\/\"]}]},{\"@type\":\"ImageObject\",\"inLanguage\":\"de\",\"@id\":\"https:\\\/\\\/fireware.nl\\\/de\\\/product\\\/duty-range-manikin\\\/#primaryimage\",\"url\":\"https:\\\/\\\/fireware.nl\\\/wp-content\\\/uploads\\\/2019\\\/01\\\/Duty-Range-overzicht.jpg\",\"contentUrl\":\"https:\\\/\\\/fireware.nl\\\/wp-content\\\/uploads\\\/2019\\\/01\\\/Duty-Range-overzicht.jpg\",\"width\":600,\"height\":600},{\"@type\":\"BreadcrumbList\",\"@id\":\"https:\\\/\\\/fireware.nl\\\/de\\\/product\\\/duty-range-manikin\\\/#breadcrumb\",\"itemListElement\":[{\"@type\":\"ListItem\",\"position\":1,\"name\":\"Home\",\"item\":\"https:\\\/\\\/fireware.nl\\\/de\\\/\"},{\"@type\":\"ListItem\",\"position\":2,\"name\":\"Produkte\",\"item\":\"https:\\\/\\\/fireware.nl\\\/de\\\/produkte\\\/\"},{\"@type\":\"ListItem\",\"position\":3,\"name\":\"Ruth Lee Duty Range Manikin\"}]},{\"@type\":\"WebSite\",\"@id\":\"https:\\\/\\\/fireware.nl\\\/de\\\/#website\",\"url\":\"https:\\\/\\\/fireware.nl\\\/de\\\/\",\"name\":\"FireWare\",\"description\":\"CREATING REALISTIC  TRAINING ENVIRONMENTS\",\"publisher\":{\"@id\":\"https:\\\/\\\/fireware.nl\\\/de\\\/#organization\"},\"potentialAction\":[{\"@type\":\"SearchAction\",\"target\":{\"@type\":\"EntryPoint\",\"urlTemplate\":\"https:\\\/\\\/fireware.nl\\\/de\\\/?s={search_term_string}\"},\"query-input\":{\"@type\":\"PropertyValueSpecification\",\"valueRequired\":true,\"valueName\":\"search_term_string\"}}],\"inLanguage\":\"de\"},{\"@type\":\"Organization\",\"@id\":\"https:\\\/\\\/fireware.nl\\\/de\\\/#organization\",\"name\":\"FireWare\",\"url\":\"https:\\\/\\\/fireware.nl\\\/de\\\/\",\"logo\":{\"@type\":\"ImageObject\",\"inLanguage\":\"de\",\"@id\":\"https:\\\/\\\/fireware.nl\\\/de\\\/#\\\/schema\\\/logo\\\/image\\\/\",\"url\":\"https:\\\/\\\/fireware.nl\\\/wp-content\\\/uploads\\\/2018\\\/10\\\/FireWare-logo.jpg\",\"contentUrl\":\"https:\\\/\\\/fireware.nl\\\/wp-content\\\/uploads\\\/2018\\\/10\\\/FireWare-logo.jpg\",\"width\":171,\"height\":70,\"caption\":\"FireWare\"},\"image\":{\"@id\":\"https:\\\/\\\/fireware.nl\\\/de\\\/#\\\/schema\\\/logo\\\/image\\\/\"},\"sameAs\":[\"https:\\\/\\\/www.facebook.com\\\/FireWareBV\\\/\",\"https:\\\/\\\/x.com\\\/FireWarebv\",\"https:\\\/\\\/www.instagram.com\\\/fireware_nl\\\/\",\"https:\\\/\\\/www.linkedin.com\\\/company\\\/3586017\\\/\",\"https:\\\/\\\/www.youtube.com\\\/user\\\/firesalesrentconsult\"]}]}<\/script>\n<!-- \/ Yoast SEO plugin. -->","yoast_head_json":{"title":"Ruth Lee Duty Range Manikin - FireWare","robots":{"index":"index","follow":"follow","max-snippet":"max-snippet:-1","max-image-preview":"max-image-preview:large","max-video-preview":"max-video-preview:-1"},"canonical":"https:\/\/fireware.nl\/de\/product\/duty-range-manikin\/","og_locale":"de_DE","og_type":"article","og_title":"Ruth Lee Duty Range Manikin - FireWare","og_description":"Realistische Gewichtsverteilung vermittelt das Gef\u00fchl eines bewusstlosen Opfers. Eine starke Schlaufe erm\u00f6glicht einfache Handhabung, Heben, Lagerung und Aufh\u00e4ngung zum Trocknen. Robust genug, um unter Beton oder Stahltr\u00e4gern zu liegen, \u00fcberfahren zu werden oder ohne Schaden aus einem Fenster im zweiten Stock zu fallen. Hergestellt aus wasserabweisendem und flammhemmendem Material, wodurch es f\u00fcr nasse oder schmutzige Szenarien geeignet ist. Weiche K\u00f6rpergelenke beseitigen das Risiko von Einklemmen oder Bluterg\u00fcssen, h\u00e4ufige Verletzungen beim Einsatz von \u00dcbungspuppen mit einem Plastikk\u00f6rper. Eine Halskrause kann bei den erwachsenen \u00dcbungspuppen angebracht werden, um die richtige Versorgung des Opfers zu gew\u00e4hrleisten. Kommt komplett mit Stiefeln und Overalls. Bei Abnutzung k\u00f6nnen diese nachbestellt werden, um die Lebensdauer der Puppe zu verl\u00e4ngern.","og_url":"https:\/\/fireware.nl\/de\/product\/duty-range-manikin\/","og_site_name":"FireWare","article_publisher":"https:\/\/www.facebook.com\/FireWareBV\/","article_modified_time":"2024-11-27T15:17:12+00:00","og_image":[{"width":600,"height":600,"url":"https:\/\/fireware.nl\/wp-content\/uploads\/2024\/11\/Duty-Range.jpg","type":"image\/jpeg"}],"twitter_card":"summary_large_image","twitter_site":"@FireWarebv","twitter_misc":{"Gesch\u00e4tzte Lesezeit":"2\u00a0Minuten"},"schema":{"@context":"https:\/\/schema.org","@graph":[{"@type":"WebPage","@id":"https:\/\/fireware.nl\/de\/product\/duty-range-manikin\/","url":"https:\/\/fireware.nl\/de\/product\/duty-range-manikin\/","name":"Ruth Lee Duty Range Manikin - FireWare","isPartOf":{"@id":"https:\/\/fireware.nl\/de\/#website"},"primaryImageOfPage":{"@id":"https:\/\/fireware.nl\/de\/product\/duty-range-manikin\/#primaryimage"},"image":{"@id":"https:\/\/fireware.nl\/de\/product\/duty-range-manikin\/#primaryimage"},"thumbnailUrl":"https:\/\/fireware.nl\/wp-content\/uploads\/2019\/01\/Duty-Range-overzicht.jpg","datePublished":"2019-01-23T12:15:39+00:00","dateModified":"2024-11-27T15:17:12+00:00","breadcrumb":{"@id":"https:\/\/fireware.nl\/de\/product\/duty-range-manikin\/#breadcrumb"},"inLanguage":"de","potentialAction":[{"@type":"ReadAction","target":["https:\/\/fireware.nl\/de\/product\/duty-range-manikin\/"]}]},{"@type":"ImageObject","inLanguage":"de","@id":"https:\/\/fireware.nl\/de\/product\/duty-range-manikin\/#primaryimage","url":"https:\/\/fireware.nl\/wp-content\/uploads\/2019\/01\/Duty-Range-overzicht.jpg","contentUrl":"https:\/\/fireware.nl\/wp-content\/uploads\/2019\/01\/Duty-Range-overzicht.jpg","width":600,"height":600},{"@type":"BreadcrumbList","@id":"https:\/\/fireware.nl\/de\/product\/duty-range-manikin\/#breadcrumb","itemListElement":[{"@type":"ListItem","position":1,"name":"Home","item":"https:\/\/fireware.nl\/de\/"},{"@type":"ListItem","position":2,"name":"Produkte","item":"https:\/\/fireware.nl\/de\/produkte\/"},{"@type":"ListItem","position":3,"name":"Ruth Lee Duty Range Manikin"}]},{"@type":"WebSite","@id":"https:\/\/fireware.nl\/de\/#website","url":"https:\/\/fireware.nl\/de\/","name":"FireWare","description":"CREATING REALISTIC  TRAINING ENVIRONMENTS","publisher":{"@id":"https:\/\/fireware.nl\/de\/#organization"},"potentialAction":[{"@type":"SearchAction","target":{"@type":"EntryPoint","urlTemplate":"https:\/\/fireware.nl\/de\/?s={search_term_string}"},"query-input":{"@type":"PropertyValueSpecification","valueRequired":true,"valueName":"search_term_string"}}],"inLanguage":"de"},{"@type":"Organization","@id":"https:\/\/fireware.nl\/de\/#organization","name":"FireWare","url":"https:\/\/fireware.nl\/de\/","logo":{"@type":"ImageObject","inLanguage":"de","@id":"https:\/\/fireware.nl\/de\/#\/schema\/logo\/image\/","url":"https:\/\/fireware.nl\/wp-content\/uploads\/2018\/10\/FireWare-logo.jpg","contentUrl":"https:\/\/fireware.nl\/wp-content\/uploads\/2018\/10\/FireWare-logo.jpg","width":171,"height":70,"caption":"FireWare"},"image":{"@id":"https:\/\/fireware.nl\/de\/#\/schema\/logo\/image\/"},"sameAs":["https:\/\/www.facebook.com\/FireWareBV\/","https:\/\/x.com\/FireWarebv","https:\/\/www.instagram.com\/fireware_nl\/","https:\/\/www.linkedin.com\/company\/3586017\/","https:\/\/www.youtube.com\/user\/firesalesrentconsult"]}]}},"publishpress_future_workflow_manual_trigger":{"enabledWorkflows":[]},"_links":{"self":[{"href":"https:\/\/fireware.nl\/de\/wp-json\/wp\/v2\/product\/19376","targetHints":{"allow":["GET"]}}],"collection":[{"href":"https:\/\/fireware.nl\/de\/wp-json\/wp\/v2\/product"}],"about":[{"href":"https:\/\/fireware.nl\/de\/wp-json\/wp\/v2\/types\/product"}],"wp:featuredmedia":[{"embeddable":true,"href":"https:\/\/fireware.nl\/de\/wp-json\/wp\/v2\/media\/105582"}],"wp:attachment":[{"href":"https:\/\/fireware.nl\/de\/wp-json\/wp\/v2\/media?parent=19376"}],"wp:term":[{"taxonomy":"product_brand","embeddable":true,"href":"https:\/\/fireware.nl\/de\/wp-json\/wp\/v2\/product_brand?post=19376"},{"taxonomy":"product_cat","embeddable":true,"href":"https:\/\/fireware.nl\/de\/wp-json\/wp\/v2\/product_cat?post=19376"},{"taxonomy":"product_tag","embeddable":true,"href":"https:\/\/fireware.nl\/de\/wp-json\/wp\/v2\/product_tag?post=19376"}],"curies":[{"name":"wp","href":"https:\/\/api.w.org\/{rel}","templated":true}]}}