
{"id":19385,"date":"2019-01-23T12:16:00","date_gmt":"2019-01-23T12:16:00","guid":{"rendered":"http:\/\/fireware.sites.hyperhosting.co\/?post_type=product&#038;p=19385"},"modified":"2025-05-21T09:41:08","modified_gmt":"2025-05-21T09:41:08","slug":"ppmo-duty-range-80kg","status":"publish","type":"product","link":"https:\/\/fireware.nl\/de\/product\/ppmo-duty-range-80kg\/","title":{"rendered":"Ruth Lee PPMO Duty Range 80KG"},"content":{"rendered":"<h2>Ruth Lee \u00dcbungspuppen<\/h2>\n<p>Die Ruth Lee \u00dcbungspuppen wurden f\u00fcr realistisches und effektives Training entwickelt. Diese Puppen sind bekannt f\u00fcr ihre Langlebigkeit und Vielseitigkeit und eignen sich ideal f\u00fcr das Training von Feuerwehr, Erste-Hilfe-Teams, Rettungsdiensten und anderen Hilfsdiensten. Mit Ruth Lee \u00dcbungspuppen k\u00f6nnen realistische Szenarien simuliert werden, die es den Rettungskr\u00e4ften erm\u00f6glichen, sich besser auf echte Notf\u00e4lle vorzubereiten. Das Sortiment umfasst Puppen f\u00fcr verschiedene Trainingszwecke und in unterschiedlichen Gr\u00f6\u00dfen und Gewichten.<\/p>\n<h2>Speziell entwickelt f\u00fcr PPMO Sporttests<\/h2>\n<p>Die Duty Range Extra Heavy Adult hat die realistischen Proportionen eines Erwachsenen und wurde speziell f\u00fcr PPMO Sporttests entwickelt.<\/p>\n<p>Die Puppe ist realistisch handhabbar: Rettungstechniken wie der Rautekgriff oder die stabile Seitenlage sind m\u00f6glich. Dar\u00fcber hinaus ist die Puppe speziell f\u00fcr PPMO-Zwecke mit einem Halfter und einer Schlaufe am Hals ausgestattet, die alternative Schlepptechniken erm\u00f6glichen. Die Puppe tr\u00e4gt einen robusten Overall (Ausf\u00fchrung: Adult) und Gummistiefel, die bei Besch\u00e4digung separat nachbestellt werden k\u00f6nnen.<\/p>\n<p>Diese Duty Range Schlepppuppe von Ruth Lee hat ein realistisches Verh\u00e4ltnis von Gr\u00f6\u00dfe und Gewicht. Die F\u00fcllung in der Puppe ist fixiert, sodass alle Gliedma\u00dfen ein realistisches Gewicht haben, das sich nicht verschiebt. Die Puppe ist sehr robust und kann \u00fcberfahren oder aus gro\u00dfer H\u00f6he fallen, ohne besch\u00e4digt zu werden.<\/p>\n<p>Die Puppe kann in \u00dcbungsr\u00e4umen eingesetzt werden, in denen Feuer verwendet wird, und ist temperaturbest\u00e4ndig bis 100 Grad Celsius. Zur zus\u00e4tzlichen Schutz und zur Vermeidung von Abnutzung k\u00f6nnen optional Beinsch\u00fctzer verwendet werden.<\/p>\n","protected":false},"excerpt":{"rendered":"<ul>\n<li>Gr\u00f6\u00dfe: 183 cm, Gewicht: 80 kg.<\/li>\n<li>Die realistische Gewichtsverteilung vermittelt das &#8220;Gef\u00fchl&#8221; eines bewusstlosen Opfers.<\/li>\n<li>Starker Halfter und Schlaufe erm\u00f6glichen eine einfache Handhabung, das Schleppen, Heben, Lagern und Aufh\u00e4ngen zum Trocknen.<\/li>\n<li>Robust genug, um unter Beton oder Stahltr\u00e4gern zu liegen, \u00fcberfahren zu werden oder ohne Schaden aus einem Fenster im zweiten Stock zu fallen.<\/li>\n<li>Hergestellt aus wasserabweisendem und flammhemmendem Material, wodurch es f\u00fcr nasse oder schmutzige Szenarien geeignet ist.<\/li>\n<li>Weiche Gelenke des K\u00f6rpers beseitigen das Risiko von Druckstellen und blauen Flecken, die h\u00e4ufige Verletzungen bei der Verwendung von \u00dcbungspuppen mit Kunststoffk\u00f6rpern sind.<\/li>\n<li>Ein Halskragen kann angebracht werden, um die richtige Versorgung des Opfers zu gew\u00e4hrleisten.<\/li>\n<li>Kann Temperaturen bis zu 100\u00b0C standhalten, sollte jedoch nicht l\u00e4ngerer Hitze oder offenen Flammen ausgesetzt werden.<\/li>\n<li>Komplett mit Stiefeln und Overall geliefert. Bei Abnutzung k\u00f6nnen diese nachbestellt werden, um die Lebensdauer der \u00dcbungspuppe zu verl\u00e4ngern.<\/li>\n<\/ul>\n","protected":false},"featured_media":46714,"template":"","meta":[],"product_brand":[],"product_cat":[111],"product_tag":[],"class_list":{"0":"post-19385","1":"product","2":"type-product","3":"status-publish","4":"has-post-thumbnail","6":"product_cat-uebungspuppe","8":"first","9":"instock","10":"taxable","11":"shipping-taxable","12":"purchasable","13":"product-type-simple"},"yoast_head":"<!-- This site is optimized with the Yoast SEO plugin v27.5 - https:\/\/yoast.com\/product\/yoast-seo-wordpress\/ -->\n<title>Ruth Lee PPMO Duty Range 80KG - FireWare<\/title>\n<meta name=\"robots\" content=\"index, follow, max-snippet:-1, max-image-preview:large, max-video-preview:-1\" \/>\n<link rel=\"canonical\" href=\"https:\/\/fireware.nl\/de\/product\/ppmo-duty-range-80kg\/\" \/>\n<meta property=\"og:locale\" content=\"de_DE\" \/>\n<meta property=\"og:type\" content=\"article\" \/>\n<meta property=\"og:title\" content=\"Ruth Lee PPMO Duty Range 80KG - FireWare\" \/>\n<meta property=\"og:description\" content=\"Gr\u00f6\u00dfe: 183 cm, Gewicht: 80 kg.  Die realistische Gewichtsverteilung vermittelt das &quot;Gef\u00fchl&quot; eines bewusstlosen Opfers.  Starker Halfter und Schlaufe erm\u00f6glichen eine einfache Handhabung, das Schleppen, Heben, Lagern und Aufh\u00e4ngen zum Trocknen.  Robust genug, um unter Beton oder Stahltr\u00e4gern zu liegen, \u00fcberfahren zu werden oder ohne Schaden aus einem Fenster im zweiten Stock zu fallen.  Hergestellt aus wasserabweisendem und flammhemmendem Material, wodurch es f\u00fcr nasse oder schmutzige Szenarien geeignet ist.  Weiche Gelenke des K\u00f6rpers beseitigen das Risiko von Druckstellen und blauen Flecken, die h\u00e4ufige Verletzungen bei der Verwendung von \u00dcbungspuppen mit Kunststoffk\u00f6rpern sind.  Ein Halskragen kann angebracht werden, um die richtige Versorgung des Opfers zu gew\u00e4hrleisten.  Kann Temperaturen bis zu 100\u00b0C standhalten, sollte jedoch nicht l\u00e4ngerer Hitze oder offenen Flammen ausgesetzt werden.  Komplett mit Stiefeln und Overall geliefert. Bei Abnutzung k\u00f6nnen diese nachbestellt werden, um die Lebensdauer der \u00dcbungspuppe zu verl\u00e4ngern.\" \/>\n<meta property=\"og:url\" content=\"https:\/\/fireware.nl\/de\/product\/ppmo-duty-range-80kg\/\" \/>\n<meta property=\"og:site_name\" content=\"FireWare\" \/>\n<meta property=\"article:publisher\" content=\"https:\/\/www.facebook.com\/FireWareBV\/\" \/>\n<meta property=\"article:modified_time\" content=\"2025-05-21T09:41:08+00:00\" \/>\n<meta property=\"og:image\" content=\"https:\/\/fireware.nl\/wp-content\/uploads\/2019\/01\/017-043-004-Duty-Range-Adult-5.jpg\" \/>\n\t<meta property=\"og:image:width\" content=\"600\" \/>\n\t<meta property=\"og:image:height\" content=\"600\" \/>\n\t<meta property=\"og:image:type\" content=\"image\/jpeg\" \/>\n<meta name=\"twitter:card\" content=\"summary_large_image\" \/>\n<meta name=\"twitter:site\" content=\"@FireWarebv\" \/>\n<meta name=\"twitter:label1\" content=\"Gesch\u00e4tzte Lesezeit\" \/>\n\t<meta name=\"twitter:data1\" content=\"2\u00a0Minuten\" \/>\n<script type=\"application\/ld+json\" class=\"yoast-schema-graph\">{\"@context\":\"https:\\\/\\\/schema.org\",\"@graph\":[{\"@type\":\"WebPage\",\"@id\":\"https:\\\/\\\/fireware.nl\\\/de\\\/product\\\/ppmo-duty-range-80kg\\\/\",\"url\":\"https:\\\/\\\/fireware.nl\\\/de\\\/product\\\/ppmo-duty-range-80kg\\\/\",\"name\":\"Ruth Lee PPMO Duty Range 80KG - FireWare\",\"isPartOf\":{\"@id\":\"https:\\\/\\\/fireware.nl\\\/de\\\/#website\"},\"primaryImageOfPage\":{\"@id\":\"https:\\\/\\\/fireware.nl\\\/de\\\/product\\\/ppmo-duty-range-80kg\\\/#primaryimage\"},\"image\":{\"@id\":\"https:\\\/\\\/fireware.nl\\\/de\\\/product\\\/ppmo-duty-range-80kg\\\/#primaryimage\"},\"thumbnailUrl\":\"https:\\\/\\\/fireware.nl\\\/wp-content\\\/uploads\\\/2019\\\/01\\\/017-043-004-Duty-Range-Adult-5.jpg\",\"datePublished\":\"2019-01-23T12:16:00+00:00\",\"dateModified\":\"2025-05-21T09:41:08+00:00\",\"breadcrumb\":{\"@id\":\"https:\\\/\\\/fireware.nl\\\/de\\\/product\\\/ppmo-duty-range-80kg\\\/#breadcrumb\"},\"inLanguage\":\"de\",\"potentialAction\":[{\"@type\":\"ReadAction\",\"target\":[\"https:\\\/\\\/fireware.nl\\\/de\\\/product\\\/ppmo-duty-range-80kg\\\/\"]}]},{\"@type\":\"ImageObject\",\"inLanguage\":\"de\",\"@id\":\"https:\\\/\\\/fireware.nl\\\/de\\\/product\\\/ppmo-duty-range-80kg\\\/#primaryimage\",\"url\":\"https:\\\/\\\/fireware.nl\\\/wp-content\\\/uploads\\\/2019\\\/01\\\/017-043-004-Duty-Range-Adult-5.jpg\",\"contentUrl\":\"https:\\\/\\\/fireware.nl\\\/wp-content\\\/uploads\\\/2019\\\/01\\\/017-043-004-Duty-Range-Adult-5.jpg\",\"width\":600,\"height\":600},{\"@type\":\"BreadcrumbList\",\"@id\":\"https:\\\/\\\/fireware.nl\\\/de\\\/product\\\/ppmo-duty-range-80kg\\\/#breadcrumb\",\"itemListElement\":[{\"@type\":\"ListItem\",\"position\":1,\"name\":\"Home\",\"item\":\"https:\\\/\\\/fireware.nl\\\/de\\\/\"},{\"@type\":\"ListItem\",\"position\":2,\"name\":\"Produkte\",\"item\":\"https:\\\/\\\/fireware.nl\\\/de\\\/produkte\\\/\"},{\"@type\":\"ListItem\",\"position\":3,\"name\":\"Ruth Lee PPMO Duty Range 80KG\"}]},{\"@type\":\"WebSite\",\"@id\":\"https:\\\/\\\/fireware.nl\\\/de\\\/#website\",\"url\":\"https:\\\/\\\/fireware.nl\\\/de\\\/\",\"name\":\"FireWare\",\"description\":\"CREATING REALISTIC  TRAINING ENVIRONMENTS\",\"publisher\":{\"@id\":\"https:\\\/\\\/fireware.nl\\\/de\\\/#organization\"},\"potentialAction\":[{\"@type\":\"SearchAction\",\"target\":{\"@type\":\"EntryPoint\",\"urlTemplate\":\"https:\\\/\\\/fireware.nl\\\/de\\\/?s={search_term_string}\"},\"query-input\":{\"@type\":\"PropertyValueSpecification\",\"valueRequired\":true,\"valueName\":\"search_term_string\"}}],\"inLanguage\":\"de\"},{\"@type\":\"Organization\",\"@id\":\"https:\\\/\\\/fireware.nl\\\/de\\\/#organization\",\"name\":\"FireWare\",\"url\":\"https:\\\/\\\/fireware.nl\\\/de\\\/\",\"logo\":{\"@type\":\"ImageObject\",\"inLanguage\":\"de\",\"@id\":\"https:\\\/\\\/fireware.nl\\\/de\\\/#\\\/schema\\\/logo\\\/image\\\/\",\"url\":\"https:\\\/\\\/fireware.nl\\\/wp-content\\\/uploads\\\/2018\\\/10\\\/FireWare-logo.jpg\",\"contentUrl\":\"https:\\\/\\\/fireware.nl\\\/wp-content\\\/uploads\\\/2018\\\/10\\\/FireWare-logo.jpg\",\"width\":171,\"height\":70,\"caption\":\"FireWare\"},\"image\":{\"@id\":\"https:\\\/\\\/fireware.nl\\\/de\\\/#\\\/schema\\\/logo\\\/image\\\/\"},\"sameAs\":[\"https:\\\/\\\/www.facebook.com\\\/FireWareBV\\\/\",\"https:\\\/\\\/x.com\\\/FireWarebv\",\"https:\\\/\\\/www.instagram.com\\\/fireware_nl\\\/\",\"https:\\\/\\\/www.linkedin.com\\\/company\\\/3586017\\\/\",\"https:\\\/\\\/www.youtube.com\\\/user\\\/firesalesrentconsult\"]}]}<\/script>\n<!-- \/ Yoast SEO plugin. -->","yoast_head_json":{"title":"Ruth Lee PPMO Duty Range 80KG - FireWare","robots":{"index":"index","follow":"follow","max-snippet":"max-snippet:-1","max-image-preview":"max-image-preview:large","max-video-preview":"max-video-preview:-1"},"canonical":"https:\/\/fireware.nl\/de\/product\/ppmo-duty-range-80kg\/","og_locale":"de_DE","og_type":"article","og_title":"Ruth Lee PPMO Duty Range 80KG - FireWare","og_description":"Gr\u00f6\u00dfe: 183 cm, Gewicht: 80 kg.  Die realistische Gewichtsverteilung vermittelt das \"Gef\u00fchl\" eines bewusstlosen Opfers.  Starker Halfter und Schlaufe erm\u00f6glichen eine einfache Handhabung, das Schleppen, Heben, Lagern und Aufh\u00e4ngen zum Trocknen.  Robust genug, um unter Beton oder Stahltr\u00e4gern zu liegen, \u00fcberfahren zu werden oder ohne Schaden aus einem Fenster im zweiten Stock zu fallen.  Hergestellt aus wasserabweisendem und flammhemmendem Material, wodurch es f\u00fcr nasse oder schmutzige Szenarien geeignet ist.  Weiche Gelenke des K\u00f6rpers beseitigen das Risiko von Druckstellen und blauen Flecken, die h\u00e4ufige Verletzungen bei der Verwendung von \u00dcbungspuppen mit Kunststoffk\u00f6rpern sind.  Ein Halskragen kann angebracht werden, um die richtige Versorgung des Opfers zu gew\u00e4hrleisten.  Kann Temperaturen bis zu 100\u00b0C standhalten, sollte jedoch nicht l\u00e4ngerer Hitze oder offenen Flammen ausgesetzt werden.  Komplett mit Stiefeln und Overall geliefert. Bei Abnutzung k\u00f6nnen diese nachbestellt werden, um die Lebensdauer der \u00dcbungspuppe zu verl\u00e4ngern.","og_url":"https:\/\/fireware.nl\/de\/product\/ppmo-duty-range-80kg\/","og_site_name":"FireWare","article_publisher":"https:\/\/www.facebook.com\/FireWareBV\/","article_modified_time":"2025-05-21T09:41:08+00:00","og_image":[{"width":600,"height":600,"url":"https:\/\/fireware.nl\/wp-content\/uploads\/2019\/01\/017-043-004-Duty-Range-Adult-5.jpg","type":"image\/jpeg"}],"twitter_card":"summary_large_image","twitter_site":"@FireWarebv","twitter_misc":{"Gesch\u00e4tzte Lesezeit":"2\u00a0Minuten"},"schema":{"@context":"https:\/\/schema.org","@graph":[{"@type":"WebPage","@id":"https:\/\/fireware.nl\/de\/product\/ppmo-duty-range-80kg\/","url":"https:\/\/fireware.nl\/de\/product\/ppmo-duty-range-80kg\/","name":"Ruth Lee PPMO Duty Range 80KG - FireWare","isPartOf":{"@id":"https:\/\/fireware.nl\/de\/#website"},"primaryImageOfPage":{"@id":"https:\/\/fireware.nl\/de\/product\/ppmo-duty-range-80kg\/#primaryimage"},"image":{"@id":"https:\/\/fireware.nl\/de\/product\/ppmo-duty-range-80kg\/#primaryimage"},"thumbnailUrl":"https:\/\/fireware.nl\/wp-content\/uploads\/2019\/01\/017-043-004-Duty-Range-Adult-5.jpg","datePublished":"2019-01-23T12:16:00+00:00","dateModified":"2025-05-21T09:41:08+00:00","breadcrumb":{"@id":"https:\/\/fireware.nl\/de\/product\/ppmo-duty-range-80kg\/#breadcrumb"},"inLanguage":"de","potentialAction":[{"@type":"ReadAction","target":["https:\/\/fireware.nl\/de\/product\/ppmo-duty-range-80kg\/"]}]},{"@type":"ImageObject","inLanguage":"de","@id":"https:\/\/fireware.nl\/de\/product\/ppmo-duty-range-80kg\/#primaryimage","url":"https:\/\/fireware.nl\/wp-content\/uploads\/2019\/01\/017-043-004-Duty-Range-Adult-5.jpg","contentUrl":"https:\/\/fireware.nl\/wp-content\/uploads\/2019\/01\/017-043-004-Duty-Range-Adult-5.jpg","width":600,"height":600},{"@type":"BreadcrumbList","@id":"https:\/\/fireware.nl\/de\/product\/ppmo-duty-range-80kg\/#breadcrumb","itemListElement":[{"@type":"ListItem","position":1,"name":"Home","item":"https:\/\/fireware.nl\/de\/"},{"@type":"ListItem","position":2,"name":"Produkte","item":"https:\/\/fireware.nl\/de\/produkte\/"},{"@type":"ListItem","position":3,"name":"Ruth Lee PPMO Duty Range 80KG"}]},{"@type":"WebSite","@id":"https:\/\/fireware.nl\/de\/#website","url":"https:\/\/fireware.nl\/de\/","name":"FireWare","description":"CREATING REALISTIC  TRAINING ENVIRONMENTS","publisher":{"@id":"https:\/\/fireware.nl\/de\/#organization"},"potentialAction":[{"@type":"SearchAction","target":{"@type":"EntryPoint","urlTemplate":"https:\/\/fireware.nl\/de\/?s={search_term_string}"},"query-input":{"@type":"PropertyValueSpecification","valueRequired":true,"valueName":"search_term_string"}}],"inLanguage":"de"},{"@type":"Organization","@id":"https:\/\/fireware.nl\/de\/#organization","name":"FireWare","url":"https:\/\/fireware.nl\/de\/","logo":{"@type":"ImageObject","inLanguage":"de","@id":"https:\/\/fireware.nl\/de\/#\/schema\/logo\/image\/","url":"https:\/\/fireware.nl\/wp-content\/uploads\/2018\/10\/FireWare-logo.jpg","contentUrl":"https:\/\/fireware.nl\/wp-content\/uploads\/2018\/10\/FireWare-logo.jpg","width":171,"height":70,"caption":"FireWare"},"image":{"@id":"https:\/\/fireware.nl\/de\/#\/schema\/logo\/image\/"},"sameAs":["https:\/\/www.facebook.com\/FireWareBV\/","https:\/\/x.com\/FireWarebv","https:\/\/www.instagram.com\/fireware_nl\/","https:\/\/www.linkedin.com\/company\/3586017\/","https:\/\/www.youtube.com\/user\/firesalesrentconsult"]}]}},"publishpress_future_workflow_manual_trigger":{"enabledWorkflows":[]},"_links":{"self":[{"href":"https:\/\/fireware.nl\/de\/wp-json\/wp\/v2\/product\/19385","targetHints":{"allow":["GET"]}}],"collection":[{"href":"https:\/\/fireware.nl\/de\/wp-json\/wp\/v2\/product"}],"about":[{"href":"https:\/\/fireware.nl\/de\/wp-json\/wp\/v2\/types\/product"}],"wp:featuredmedia":[{"embeddable":true,"href":"https:\/\/fireware.nl\/de\/wp-json\/wp\/v2\/media\/46714"}],"wp:attachment":[{"href":"https:\/\/fireware.nl\/de\/wp-json\/wp\/v2\/media?parent=19385"}],"wp:term":[{"taxonomy":"product_brand","embeddable":true,"href":"https:\/\/fireware.nl\/de\/wp-json\/wp\/v2\/product_brand?post=19385"},{"taxonomy":"product_cat","embeddable":true,"href":"https:\/\/fireware.nl\/de\/wp-json\/wp\/v2\/product_cat?post=19385"},{"taxonomy":"product_tag","embeddable":true,"href":"https:\/\/fireware.nl\/de\/wp-json\/wp\/v2\/product_tag?post=19385"}],"curies":[{"name":"wp","href":"https:\/\/api.w.org\/{rel}","templated":true}]}}