
{"id":19410,"date":"2019-01-23T12:15:32","date_gmt":"2019-01-23T12:15:32","guid":{"rendered":"http:\/\/fireware.sites.hyperhosting.co\/?post_type=product&#038;p=19410"},"modified":"2026-04-09T10:32:32","modified_gmt":"2026-04-09T10:32:32","slug":"body-fuer-cpr","status":"publish","type":"product","link":"https:\/\/fireware.nl\/de\/product\/body-fuer-cpr\/","title":{"rendered":"Body f\u00fcr CPR"},"content":{"rendered":"\r\n<h2>Ruth Lee \u00dcbungspuppen<\/h2>\r\n<p>Die Ruth Lee \u00dcbungspuppen sind f\u00fcr realistische und effektive Schulungen konzipiert. Diese Puppen sind bekannt f\u00fcr ihre Langlebigkeit und Vielseitigkeit und sind ideal f\u00fcr das Training von Feuerwehr, Betrieblichen Ersthelfern (BHV), Rettungsdiensten und anderen Hilfsdiensten. Mit Ruth Lee \u00dcbungspuppen simuliert man realistische Szenarien, wodurch Einsatzkr\u00e4fte besser auf echte Notfallsituationen vorbereitet sind. Das Sortiment umfasst Puppen f\u00fcr verschiedene Trainings und in unterschiedlichen Gr\u00f6\u00dfen und Gewichten.<\/p>\r\n<h2>Machen Sie von Ihren Reanimationstorso ein \u00dcbungspuppe<\/h2>\r\n<p>Bei Trainingseinheiten werden &#8216;Unfallopfer&#8217; aus einem Geb\u00e4ude geschleppt. Die sich anschlie\u00dfenden lebensrettenden Ma\u00dfnahmen sind sehr wichtig. Um das Abschleppen zu \u00fcben, f\u00fchrt FireWare schon seit Jahren erfolgreich die robusten Puppen von Ruth Lee im Sortiment. Mit den Torsopuppen von Simulaids l\u00e4sst sich die Reanimation \u00fcben. Der Body for CPR bietet die M\u00f6glichkeit, die Qualit\u00e4ten beider miteinander zu kombinieren.<\/p>\r\n<p>Sie schieben einfach den Reanimationstorso in den Body, entweder als Brad. So haben Sie eine \u00dcbungspuppe, die Sie bei den verschiedensten \u00dcbungen einsetzen k\u00f6nnen: Suchen, R\u00e4umen, sowie \u00dcbung von Rettungsgriffen. Der Body ist auch f\u00fcr Unterrichtseinheiten in Erster Hilfe ideal, denn der Kursteilnehmer \u00fcbt auf diese Art mit einer lebensgro\u00dfen Person. Au\u00dferdem l\u00e4sst sich die stabile Seitenlage \u00fcben.<\/p>\r\n<p>Der Body for CPR wird inklusive Overall geliefert. Sie werden auch in einer robusten Aufbewahrungs-\/Transporttasche geliefert, die die Lagerung und Handhabung der Pr\u00fcfpuppe erheblich erleichtert. Au\u00dferdem sch\u00fctzen sie die Pr\u00fcfpuppen und halten sie sauber, wenn sie nicht in Gebrauch sind.<\/p>\r\n","protected":false},"excerpt":{"rendered":"<ul>\n<li>In den Ausf\u00fchrungen 15 kg und 50 kg.<\/li>\n<li>K\u00f6rper, in den ein Reanimationstorso geschoben werden kann.<\/li>\n<li>Verbindungsst\u00fcck zwischen \u00dcbungspuppe und Reanimationstorso; zum Retten und Reanimieren.<\/li>\n<li>Perfekt mit zum Beispiel das <a href=\"https:\/\/fireware.nl\/de\/product\/brad\/\" target=\"_blank\" rel=\"noopener\">Brad Reanimationstorso<\/a> oder mit der Laerdal Little Anne.<\/li>\n<li>Aufgrund des realistischen Umfangs ideal f\u00fcr den Unterricht in Erster Hilfe.<\/li>\n<li>Geliefert inklusive Overall und Stiefel, aber ohne Reanimationstorso.<\/li>\n<li>Geliefert in einer robusten Aufbewahrungs-\/Transporttasche<\/li>\n<\/ul>\n","protected":false},"featured_media":107165,"template":"","meta":[],"product_brand":[],"product_cat":[2884,2185],"product_tag":[],"class_list":{"0":"post-19410","1":"product","2":"type-product","3":"status-publish","4":"has-post-thumbnail","6":"product_cat-kleidung","7":"product_cat-pflegepuppen","8":"pa_grootte-15-kg-180-cm-de-2","9":"pa_grootte-50-kg-180-cm-de-2","10":"pa_grootte-ambuman-15-kg-180-cm-de-2","12":"first","13":"instock","14":"taxable","15":"shipping-taxable","16":"purchasable","17":"product-type-variable"},"yoast_head":"<!-- This site is optimized with the Yoast SEO plugin v27.5 - https:\/\/yoast.com\/product\/yoast-seo-wordpress\/ -->\n<title>Body f\u00fcr CPR - FireWare<\/title>\n<meta name=\"robots\" content=\"index, follow, max-snippet:-1, max-image-preview:large, max-video-preview:-1\" \/>\n<link rel=\"canonical\" href=\"https:\/\/fireware.nl\/de\/product\/body-fuer-cpr\/\" \/>\n<meta property=\"og:locale\" content=\"de_DE\" \/>\n<meta property=\"og:type\" content=\"article\" \/>\n<meta property=\"og:title\" content=\"Body f\u00fcr CPR - FireWare\" \/>\n<meta property=\"og:description\" content=\"In den Ausf\u00fchrungen 15 kg und 50 kg. K\u00f6rper, in den ein Reanimationstorso geschoben werden kann. Verbindungsst\u00fcck zwischen \u00dcbungspuppe und Reanimationstorso; zum Retten und Reanimieren. Perfekt mit zum Beispiel das Brad Reanimationstorso oder mit der Laerdal Little Anne. Aufgrund des realistischen Umfangs ideal f\u00fcr den Unterricht in Erster Hilfe. Geliefert inklusive Overall und Stiefel, aber ohne Reanimationstorso. Geliefert in einer robusten Aufbewahrungs-\/Transporttasche\" \/>\n<meta property=\"og:url\" content=\"https:\/\/fireware.nl\/de\/product\/body-fuer-cpr\/\" \/>\n<meta property=\"og:site_name\" content=\"FireWare\" \/>\n<meta property=\"article:publisher\" content=\"https:\/\/www.facebook.com\/FireWareBV\/\" \/>\n<meta property=\"article:modified_time\" content=\"2026-04-09T10:32:32+00:00\" \/>\n<meta property=\"og:image\" content=\"https:\/\/fireware.nl\/wp-content\/uploads\/2019\/01\/Body-for-CPR_002.jpg\" \/>\n\t<meta property=\"og:image:width\" content=\"600\" \/>\n\t<meta property=\"og:image:height\" content=\"600\" \/>\n\t<meta property=\"og:image:type\" content=\"image\/jpeg\" \/>\n<meta name=\"twitter:card\" content=\"summary_large_image\" \/>\n<meta name=\"twitter:site\" content=\"@FireWarebv\" \/>\n<meta name=\"twitter:label1\" content=\"Gesch\u00e4tzte Lesezeit\" \/>\n\t<meta name=\"twitter:data1\" content=\"2\u00a0Minuten\" \/>\n<script type=\"application\/ld+json\" class=\"yoast-schema-graph\">{\"@context\":\"https:\\\/\\\/schema.org\",\"@graph\":[{\"@type\":\"WebPage\",\"@id\":\"https:\\\/\\\/fireware.nl\\\/de\\\/product\\\/body-fuer-cpr\\\/\",\"url\":\"https:\\\/\\\/fireware.nl\\\/de\\\/product\\\/body-fuer-cpr\\\/\",\"name\":\"Body f\u00fcr CPR - FireWare\",\"isPartOf\":{\"@id\":\"https:\\\/\\\/fireware.nl\\\/de\\\/#website\"},\"primaryImageOfPage\":{\"@id\":\"https:\\\/\\\/fireware.nl\\\/de\\\/product\\\/body-fuer-cpr\\\/#primaryimage\"},\"image\":{\"@id\":\"https:\\\/\\\/fireware.nl\\\/de\\\/product\\\/body-fuer-cpr\\\/#primaryimage\"},\"thumbnailUrl\":\"https:\\\/\\\/fireware.nl\\\/wp-content\\\/uploads\\\/2019\\\/01\\\/Body-for-CPR_002.jpg\",\"datePublished\":\"2019-01-23T12:15:32+00:00\",\"dateModified\":\"2026-04-09T10:32:32+00:00\",\"breadcrumb\":{\"@id\":\"https:\\\/\\\/fireware.nl\\\/de\\\/product\\\/body-fuer-cpr\\\/#breadcrumb\"},\"inLanguage\":\"de\",\"potentialAction\":[{\"@type\":\"ReadAction\",\"target\":[\"https:\\\/\\\/fireware.nl\\\/de\\\/product\\\/body-fuer-cpr\\\/\"]}]},{\"@type\":\"ImageObject\",\"inLanguage\":\"de\",\"@id\":\"https:\\\/\\\/fireware.nl\\\/de\\\/product\\\/body-fuer-cpr\\\/#primaryimage\",\"url\":\"https:\\\/\\\/fireware.nl\\\/wp-content\\\/uploads\\\/2019\\\/01\\\/Body-for-CPR_002.jpg\",\"contentUrl\":\"https:\\\/\\\/fireware.nl\\\/wp-content\\\/uploads\\\/2019\\\/01\\\/Body-for-CPR_002.jpg\",\"width\":600,\"height\":600},{\"@type\":\"BreadcrumbList\",\"@id\":\"https:\\\/\\\/fireware.nl\\\/de\\\/product\\\/body-fuer-cpr\\\/#breadcrumb\",\"itemListElement\":[{\"@type\":\"ListItem\",\"position\":1,\"name\":\"Home\",\"item\":\"https:\\\/\\\/fireware.nl\\\/de\\\/\"},{\"@type\":\"ListItem\",\"position\":2,\"name\":\"Produkte\",\"item\":\"https:\\\/\\\/fireware.nl\\\/de\\\/produkte\\\/\"},{\"@type\":\"ListItem\",\"position\":3,\"name\":\"Body f\u00fcr CPR\"}]},{\"@type\":\"WebSite\",\"@id\":\"https:\\\/\\\/fireware.nl\\\/de\\\/#website\",\"url\":\"https:\\\/\\\/fireware.nl\\\/de\\\/\",\"name\":\"FireWare\",\"description\":\"CREATING REALISTIC  TRAINING ENVIRONMENTS\",\"publisher\":{\"@id\":\"https:\\\/\\\/fireware.nl\\\/de\\\/#organization\"},\"potentialAction\":[{\"@type\":\"SearchAction\",\"target\":{\"@type\":\"EntryPoint\",\"urlTemplate\":\"https:\\\/\\\/fireware.nl\\\/de\\\/?s={search_term_string}\"},\"query-input\":{\"@type\":\"PropertyValueSpecification\",\"valueRequired\":true,\"valueName\":\"search_term_string\"}}],\"inLanguage\":\"de\"},{\"@type\":\"Organization\",\"@id\":\"https:\\\/\\\/fireware.nl\\\/de\\\/#organization\",\"name\":\"FireWare\",\"url\":\"https:\\\/\\\/fireware.nl\\\/de\\\/\",\"logo\":{\"@type\":\"ImageObject\",\"inLanguage\":\"de\",\"@id\":\"https:\\\/\\\/fireware.nl\\\/de\\\/#\\\/schema\\\/logo\\\/image\\\/\",\"url\":\"https:\\\/\\\/fireware.nl\\\/wp-content\\\/uploads\\\/2018\\\/10\\\/FireWare-logo.jpg\",\"contentUrl\":\"https:\\\/\\\/fireware.nl\\\/wp-content\\\/uploads\\\/2018\\\/10\\\/FireWare-logo.jpg\",\"width\":171,\"height\":70,\"caption\":\"FireWare\"},\"image\":{\"@id\":\"https:\\\/\\\/fireware.nl\\\/de\\\/#\\\/schema\\\/logo\\\/image\\\/\"},\"sameAs\":[\"https:\\\/\\\/www.facebook.com\\\/FireWareBV\\\/\",\"https:\\\/\\\/x.com\\\/FireWarebv\",\"https:\\\/\\\/www.instagram.com\\\/fireware_nl\\\/\",\"https:\\\/\\\/www.linkedin.com\\\/company\\\/3586017\\\/\",\"https:\\\/\\\/www.youtube.com\\\/user\\\/firesalesrentconsult\"]}]}<\/script>\n<!-- \/ Yoast SEO plugin. -->","yoast_head_json":{"title":"Body f\u00fcr CPR - FireWare","robots":{"index":"index","follow":"follow","max-snippet":"max-snippet:-1","max-image-preview":"max-image-preview:large","max-video-preview":"max-video-preview:-1"},"canonical":"https:\/\/fireware.nl\/de\/product\/body-fuer-cpr\/","og_locale":"de_DE","og_type":"article","og_title":"Body f\u00fcr CPR - FireWare","og_description":"In den Ausf\u00fchrungen 15 kg und 50 kg. K\u00f6rper, in den ein Reanimationstorso geschoben werden kann. Verbindungsst\u00fcck zwischen \u00dcbungspuppe und Reanimationstorso; zum Retten und Reanimieren. Perfekt mit zum Beispiel das Brad Reanimationstorso oder mit der Laerdal Little Anne. Aufgrund des realistischen Umfangs ideal f\u00fcr den Unterricht in Erster Hilfe. Geliefert inklusive Overall und Stiefel, aber ohne Reanimationstorso. Geliefert in einer robusten Aufbewahrungs-\/Transporttasche","og_url":"https:\/\/fireware.nl\/de\/product\/body-fuer-cpr\/","og_site_name":"FireWare","article_publisher":"https:\/\/www.facebook.com\/FireWareBV\/","article_modified_time":"2026-04-09T10:32:32+00:00","og_image":[{"width":600,"height":600,"url":"https:\/\/fireware.nl\/wp-content\/uploads\/2019\/01\/Body-for-CPR_002.jpg","type":"image\/jpeg"}],"twitter_card":"summary_large_image","twitter_site":"@FireWarebv","twitter_misc":{"Gesch\u00e4tzte Lesezeit":"2\u00a0Minuten"},"schema":{"@context":"https:\/\/schema.org","@graph":[{"@type":"WebPage","@id":"https:\/\/fireware.nl\/de\/product\/body-fuer-cpr\/","url":"https:\/\/fireware.nl\/de\/product\/body-fuer-cpr\/","name":"Body f\u00fcr CPR - FireWare","isPartOf":{"@id":"https:\/\/fireware.nl\/de\/#website"},"primaryImageOfPage":{"@id":"https:\/\/fireware.nl\/de\/product\/body-fuer-cpr\/#primaryimage"},"image":{"@id":"https:\/\/fireware.nl\/de\/product\/body-fuer-cpr\/#primaryimage"},"thumbnailUrl":"https:\/\/fireware.nl\/wp-content\/uploads\/2019\/01\/Body-for-CPR_002.jpg","datePublished":"2019-01-23T12:15:32+00:00","dateModified":"2026-04-09T10:32:32+00:00","breadcrumb":{"@id":"https:\/\/fireware.nl\/de\/product\/body-fuer-cpr\/#breadcrumb"},"inLanguage":"de","potentialAction":[{"@type":"ReadAction","target":["https:\/\/fireware.nl\/de\/product\/body-fuer-cpr\/"]}]},{"@type":"ImageObject","inLanguage":"de","@id":"https:\/\/fireware.nl\/de\/product\/body-fuer-cpr\/#primaryimage","url":"https:\/\/fireware.nl\/wp-content\/uploads\/2019\/01\/Body-for-CPR_002.jpg","contentUrl":"https:\/\/fireware.nl\/wp-content\/uploads\/2019\/01\/Body-for-CPR_002.jpg","width":600,"height":600},{"@type":"BreadcrumbList","@id":"https:\/\/fireware.nl\/de\/product\/body-fuer-cpr\/#breadcrumb","itemListElement":[{"@type":"ListItem","position":1,"name":"Home","item":"https:\/\/fireware.nl\/de\/"},{"@type":"ListItem","position":2,"name":"Produkte","item":"https:\/\/fireware.nl\/de\/produkte\/"},{"@type":"ListItem","position":3,"name":"Body f\u00fcr CPR"}]},{"@type":"WebSite","@id":"https:\/\/fireware.nl\/de\/#website","url":"https:\/\/fireware.nl\/de\/","name":"FireWare","description":"CREATING REALISTIC  TRAINING ENVIRONMENTS","publisher":{"@id":"https:\/\/fireware.nl\/de\/#organization"},"potentialAction":[{"@type":"SearchAction","target":{"@type":"EntryPoint","urlTemplate":"https:\/\/fireware.nl\/de\/?s={search_term_string}"},"query-input":{"@type":"PropertyValueSpecification","valueRequired":true,"valueName":"search_term_string"}}],"inLanguage":"de"},{"@type":"Organization","@id":"https:\/\/fireware.nl\/de\/#organization","name":"FireWare","url":"https:\/\/fireware.nl\/de\/","logo":{"@type":"ImageObject","inLanguage":"de","@id":"https:\/\/fireware.nl\/de\/#\/schema\/logo\/image\/","url":"https:\/\/fireware.nl\/wp-content\/uploads\/2018\/10\/FireWare-logo.jpg","contentUrl":"https:\/\/fireware.nl\/wp-content\/uploads\/2018\/10\/FireWare-logo.jpg","width":171,"height":70,"caption":"FireWare"},"image":{"@id":"https:\/\/fireware.nl\/de\/#\/schema\/logo\/image\/"},"sameAs":["https:\/\/www.facebook.com\/FireWareBV\/","https:\/\/x.com\/FireWarebv","https:\/\/www.instagram.com\/fireware_nl\/","https:\/\/www.linkedin.com\/company\/3586017\/","https:\/\/www.youtube.com\/user\/firesalesrentconsult"]}]}},"publishpress_future_workflow_manual_trigger":{"enabledWorkflows":[]},"_links":{"self":[{"href":"https:\/\/fireware.nl\/de\/wp-json\/wp\/v2\/product\/19410","targetHints":{"allow":["GET"]}}],"collection":[{"href":"https:\/\/fireware.nl\/de\/wp-json\/wp\/v2\/product"}],"about":[{"href":"https:\/\/fireware.nl\/de\/wp-json\/wp\/v2\/types\/product"}],"wp:featuredmedia":[{"embeddable":true,"href":"https:\/\/fireware.nl\/de\/wp-json\/wp\/v2\/media\/107165"}],"wp:attachment":[{"href":"https:\/\/fireware.nl\/de\/wp-json\/wp\/v2\/media?parent=19410"}],"wp:term":[{"taxonomy":"product_brand","embeddable":true,"href":"https:\/\/fireware.nl\/de\/wp-json\/wp\/v2\/product_brand?post=19410"},{"taxonomy":"product_cat","embeddable":true,"href":"https:\/\/fireware.nl\/de\/wp-json\/wp\/v2\/product_cat?post=19410"},{"taxonomy":"product_tag","embeddable":true,"href":"https:\/\/fireware.nl\/de\/wp-json\/wp\/v2\/product_tag?post=19410"}],"curies":[{"name":"wp","href":"https:\/\/api.w.org\/{rel}","templated":true}]}}