
{"id":19498,"date":"2019-01-23T12:16:00","date_gmt":"2019-01-23T12:16:00","guid":{"rendered":"http:\/\/fireware.sites.hyperhosting.co\/?post_type=product&#038;p=19498"},"modified":"2025-05-21T14:22:56","modified_gmt":"2025-05-21T14:22:56","slug":"water-rescue-body-recovery","status":"publish","type":"product","link":"https:\/\/fireware.nl\/de\/product\/water-rescue-body-recovery\/","title":{"rendered":"Ruth Lee Water Rescue Body Recovery"},"content":{"rendered":"\r\n<h2>Ruth Lee \u00dcbungspuppen<\/h2>\r\n<p>Die Ruth Lee \u00dcbungspuppen sind f\u00fcr realistische und effektive Schulungen konzipiert. Diese Puppen sind bekannt f\u00fcr ihre Langlebigkeit und Vielseitigkeit und sind ideal f\u00fcr das Training von Feuerwehr, Betrieblichen Ersthelfern (BHV), Rettungsdiensten und anderen Hilfsdiensten. Mit Ruth Lee \u00dcbungspuppen simuliert man realistische Szenarien, wodurch Einsatzkr\u00e4fte besser auf echte Notfallsituationen vorbereitet sind. Das Sortiment umfasst Puppen f\u00fcr verschiedene Trainings und in unterschiedlichen Gr\u00f6\u00dfen und Gewichten.<\/p>\r\n<h2>Simulieren Sie ein bewusstloses oder entrinkend Opfer im Wasser<\/h2>\r\n<p>Mit dem Water Rescue Body Recovery [Wasserrettungsdummy] simulieren Sie auf eine realistische Art und Weise eine bewusstlose oder ertrinkende Person im Wasser. Der Dummy geht von selber unter. Durch den speziell entworfenen K\u00f6rper nimmt das Gewicht auf das einer Person unter Wasser ab.\u00a0Die 50-kg-Varinate ist mit einem Overal mit Taschen bekleidet. In diesen Taschen k\u00f6nnen auf Wunsch die mitgelieferten Schaumbl\u00f6cke platziert werden. Damit kann das Gewicht unter Wasser um 3 bis 10 kg variieren.<\/p>\r\n<p>Der Dummy tr\u00e4gt schwarze Kleidung und hat eine schwarze H\u00fclle \u00fcber dem Kopf. So f\u00e4llt er im Wasser m\u00f6glichst wenig auf. Daher eignet sich die Puppe weniger zur Verwendung in Wasser mit einer sehr starken Str\u00f6mung. Der WR Body Recovery hat ein Gesicht und Haare. Wenn Taucher unter Wasser suchen, f\u00fchlt und sieht die Puppe sehr realistisch aus.<\/p>\r\n<p>Au\u00dferdem ist die Water Rescue Puppe innen mit Plastikstreifen ausgestattet, wodurch er realistisch vorn\u00fcber beugen kann. Aufgrund dieser Plastikstreifen l\u00e4sst sich die Puppe nicht ganz zusammenfalten. Die Stiefel, die die Puppe tr\u00e4gt, haben Abfluss\u00f6ffnungen, damit das Wasser hinauslaufen kann.<\/p>\r\n<h3><strong>WARNUNG!<\/strong><\/h3>\r\n<p>Die Per\u00fccke kann sich in der Tauchermaske verfangen. Sorgen Sie f\u00fcr geeignete Sicherheitsma\u00dfnahmen. Schneiden Sie gegebenenfalls die Haare kurz oder bedecken Sie die Haare mit einer Schwimmkappe.<\/p>\r\n","protected":false},"excerpt":{"rendered":"<ul>\n<li>Die Puppe simuliert ein bewusstloses oder entrinkend Opfer im Wasser.<\/li>\n<li>Geeignet f\u00fcr \u00dcbungen mit \u201aSuchen und Bergen.\u2018<\/li>\n<li>Ausger\u00fcstet mit ein Gesicht, Haare und einen Overall.<\/li>\n<li>Realistisches Verh\u00e4ltnis zwischen Gewicht an Land und zu Wasser.<\/li>\n<li>Weniger f\u00fcr Wasser geeignet, in dem eine sehr starke Str\u00f6mung herrscht.<\/li>\n<\/ul>\n","protected":false},"featured_media":53037,"template":"","meta":[],"product_brand":[],"product_cat":[114],"product_tag":[],"class_list":{"0":"post-19498","1":"product","2":"type-product","3":"status-publish","4":"has-post-thumbnail","6":"product_cat-wasserrettung-puppe","8":"first","9":"instock","10":"taxable","11":"shipping-taxable","12":"purchasable","13":"product-type-variable"},"yoast_head":"<!-- This site is optimized with the Yoast SEO plugin v27.5 - https:\/\/yoast.com\/product\/yoast-seo-wordpress\/ -->\n<title>Ruth Lee Water Rescue Body Recovery - FireWare<\/title>\n<meta name=\"robots\" content=\"index, follow, max-snippet:-1, max-image-preview:large, max-video-preview:-1\" \/>\n<link rel=\"canonical\" href=\"https:\/\/fireware.nl\/de\/product\/water-rescue-body-recovery\/\" \/>\n<meta property=\"og:locale\" content=\"de_DE\" \/>\n<meta property=\"og:type\" content=\"article\" \/>\n<meta property=\"og:title\" content=\"Ruth Lee Water Rescue Body Recovery - FireWare\" \/>\n<meta property=\"og:description\" content=\"Die Puppe simuliert ein bewusstloses oder entrinkend Opfer im Wasser. Geeignet f\u00fcr \u00dcbungen mit \u201aSuchen und Bergen.\u2018 Ausger\u00fcstet mit ein Gesicht, Haare und einen Overall. Realistisches Verh\u00e4ltnis zwischen Gewicht an Land und zu Wasser. Weniger f\u00fcr Wasser geeignet, in dem eine sehr starke Str\u00f6mung herrscht.\" \/>\n<meta property=\"og:url\" content=\"https:\/\/fireware.nl\/de\/product\/water-rescue-body-recovery\/\" \/>\n<meta property=\"og:site_name\" content=\"FireWare\" \/>\n<meta property=\"article:publisher\" content=\"https:\/\/www.facebook.com\/FireWareBV\/\" \/>\n<meta property=\"article:modified_time\" content=\"2025-05-21T14:22:56+00:00\" \/>\n<meta property=\"og:image\" content=\"https:\/\/fireware.nl\/wp-content\/uploads\/2019\/01\/017-043-050-Body-Recovery-zittend.jpg\" \/>\n\t<meta property=\"og:image:width\" content=\"600\" \/>\n\t<meta property=\"og:image:height\" content=\"600\" \/>\n\t<meta property=\"og:image:type\" content=\"image\/jpeg\" \/>\n<meta name=\"twitter:card\" content=\"summary_large_image\" \/>\n<meta name=\"twitter:site\" content=\"@FireWarebv\" \/>\n<meta name=\"twitter:label1\" content=\"Gesch\u00e4tzte Lesezeit\" \/>\n\t<meta name=\"twitter:data1\" content=\"2\u00a0Minuten\" \/>\n<script type=\"application\/ld+json\" class=\"yoast-schema-graph\">{\"@context\":\"https:\\\/\\\/schema.org\",\"@graph\":[{\"@type\":\"WebPage\",\"@id\":\"https:\\\/\\\/fireware.nl\\\/de\\\/product\\\/water-rescue-body-recovery\\\/\",\"url\":\"https:\\\/\\\/fireware.nl\\\/de\\\/product\\\/water-rescue-body-recovery\\\/\",\"name\":\"Ruth Lee Water Rescue Body Recovery - FireWare\",\"isPartOf\":{\"@id\":\"https:\\\/\\\/fireware.nl\\\/de\\\/#website\"},\"primaryImageOfPage\":{\"@id\":\"https:\\\/\\\/fireware.nl\\\/de\\\/product\\\/water-rescue-body-recovery\\\/#primaryimage\"},\"image\":{\"@id\":\"https:\\\/\\\/fireware.nl\\\/de\\\/product\\\/water-rescue-body-recovery\\\/#primaryimage\"},\"thumbnailUrl\":\"https:\\\/\\\/fireware.nl\\\/wp-content\\\/uploads\\\/2019\\\/01\\\/017-043-050-Body-Recovery-zittend.jpg\",\"datePublished\":\"2019-01-23T12:16:00+00:00\",\"dateModified\":\"2025-05-21T14:22:56+00:00\",\"breadcrumb\":{\"@id\":\"https:\\\/\\\/fireware.nl\\\/de\\\/product\\\/water-rescue-body-recovery\\\/#breadcrumb\"},\"inLanguage\":\"de\",\"potentialAction\":[{\"@type\":\"ReadAction\",\"target\":[\"https:\\\/\\\/fireware.nl\\\/de\\\/product\\\/water-rescue-body-recovery\\\/\"]}]},{\"@type\":\"ImageObject\",\"inLanguage\":\"de\",\"@id\":\"https:\\\/\\\/fireware.nl\\\/de\\\/product\\\/water-rescue-body-recovery\\\/#primaryimage\",\"url\":\"https:\\\/\\\/fireware.nl\\\/wp-content\\\/uploads\\\/2019\\\/01\\\/017-043-050-Body-Recovery-zittend.jpg\",\"contentUrl\":\"https:\\\/\\\/fireware.nl\\\/wp-content\\\/uploads\\\/2019\\\/01\\\/017-043-050-Body-Recovery-zittend.jpg\",\"width\":600,\"height\":600},{\"@type\":\"BreadcrumbList\",\"@id\":\"https:\\\/\\\/fireware.nl\\\/de\\\/product\\\/water-rescue-body-recovery\\\/#breadcrumb\",\"itemListElement\":[{\"@type\":\"ListItem\",\"position\":1,\"name\":\"Home\",\"item\":\"https:\\\/\\\/fireware.nl\\\/de\\\/\"},{\"@type\":\"ListItem\",\"position\":2,\"name\":\"Produkte\",\"item\":\"https:\\\/\\\/fireware.nl\\\/de\\\/produkte\\\/\"},{\"@type\":\"ListItem\",\"position\":3,\"name\":\"Ruth Lee Water Rescue Body Recovery\"}]},{\"@type\":\"WebSite\",\"@id\":\"https:\\\/\\\/fireware.nl\\\/de\\\/#website\",\"url\":\"https:\\\/\\\/fireware.nl\\\/de\\\/\",\"name\":\"FireWare\",\"description\":\"CREATING REALISTIC  TRAINING ENVIRONMENTS\",\"publisher\":{\"@id\":\"https:\\\/\\\/fireware.nl\\\/de\\\/#organization\"},\"potentialAction\":[{\"@type\":\"SearchAction\",\"target\":{\"@type\":\"EntryPoint\",\"urlTemplate\":\"https:\\\/\\\/fireware.nl\\\/de\\\/?s={search_term_string}\"},\"query-input\":{\"@type\":\"PropertyValueSpecification\",\"valueRequired\":true,\"valueName\":\"search_term_string\"}}],\"inLanguage\":\"de\"},{\"@type\":\"Organization\",\"@id\":\"https:\\\/\\\/fireware.nl\\\/de\\\/#organization\",\"name\":\"FireWare\",\"url\":\"https:\\\/\\\/fireware.nl\\\/de\\\/\",\"logo\":{\"@type\":\"ImageObject\",\"inLanguage\":\"de\",\"@id\":\"https:\\\/\\\/fireware.nl\\\/de\\\/#\\\/schema\\\/logo\\\/image\\\/\",\"url\":\"https:\\\/\\\/fireware.nl\\\/wp-content\\\/uploads\\\/2018\\\/10\\\/FireWare-logo.jpg\",\"contentUrl\":\"https:\\\/\\\/fireware.nl\\\/wp-content\\\/uploads\\\/2018\\\/10\\\/FireWare-logo.jpg\",\"width\":171,\"height\":70,\"caption\":\"FireWare\"},\"image\":{\"@id\":\"https:\\\/\\\/fireware.nl\\\/de\\\/#\\\/schema\\\/logo\\\/image\\\/\"},\"sameAs\":[\"https:\\\/\\\/www.facebook.com\\\/FireWareBV\\\/\",\"https:\\\/\\\/x.com\\\/FireWarebv\",\"https:\\\/\\\/www.instagram.com\\\/fireware_nl\\\/\",\"https:\\\/\\\/www.linkedin.com\\\/company\\\/3586017\\\/\",\"https:\\\/\\\/www.youtube.com\\\/user\\\/firesalesrentconsult\"]}]}<\/script>\n<!-- \/ Yoast SEO plugin. -->","yoast_head_json":{"title":"Ruth Lee Water Rescue Body Recovery - FireWare","robots":{"index":"index","follow":"follow","max-snippet":"max-snippet:-1","max-image-preview":"max-image-preview:large","max-video-preview":"max-video-preview:-1"},"canonical":"https:\/\/fireware.nl\/de\/product\/water-rescue-body-recovery\/","og_locale":"de_DE","og_type":"article","og_title":"Ruth Lee Water Rescue Body Recovery - FireWare","og_description":"Die Puppe simuliert ein bewusstloses oder entrinkend Opfer im Wasser. Geeignet f\u00fcr \u00dcbungen mit \u201aSuchen und Bergen.\u2018 Ausger\u00fcstet mit ein Gesicht, Haare und einen Overall. Realistisches Verh\u00e4ltnis zwischen Gewicht an Land und zu Wasser. Weniger f\u00fcr Wasser geeignet, in dem eine sehr starke Str\u00f6mung herrscht.","og_url":"https:\/\/fireware.nl\/de\/product\/water-rescue-body-recovery\/","og_site_name":"FireWare","article_publisher":"https:\/\/www.facebook.com\/FireWareBV\/","article_modified_time":"2025-05-21T14:22:56+00:00","og_image":[{"width":600,"height":600,"url":"https:\/\/fireware.nl\/wp-content\/uploads\/2019\/01\/017-043-050-Body-Recovery-zittend.jpg","type":"image\/jpeg"}],"twitter_card":"summary_large_image","twitter_site":"@FireWarebv","twitter_misc":{"Gesch\u00e4tzte Lesezeit":"2\u00a0Minuten"},"schema":{"@context":"https:\/\/schema.org","@graph":[{"@type":"WebPage","@id":"https:\/\/fireware.nl\/de\/product\/water-rescue-body-recovery\/","url":"https:\/\/fireware.nl\/de\/product\/water-rescue-body-recovery\/","name":"Ruth Lee Water Rescue Body Recovery - FireWare","isPartOf":{"@id":"https:\/\/fireware.nl\/de\/#website"},"primaryImageOfPage":{"@id":"https:\/\/fireware.nl\/de\/product\/water-rescue-body-recovery\/#primaryimage"},"image":{"@id":"https:\/\/fireware.nl\/de\/product\/water-rescue-body-recovery\/#primaryimage"},"thumbnailUrl":"https:\/\/fireware.nl\/wp-content\/uploads\/2019\/01\/017-043-050-Body-Recovery-zittend.jpg","datePublished":"2019-01-23T12:16:00+00:00","dateModified":"2025-05-21T14:22:56+00:00","breadcrumb":{"@id":"https:\/\/fireware.nl\/de\/product\/water-rescue-body-recovery\/#breadcrumb"},"inLanguage":"de","potentialAction":[{"@type":"ReadAction","target":["https:\/\/fireware.nl\/de\/product\/water-rescue-body-recovery\/"]}]},{"@type":"ImageObject","inLanguage":"de","@id":"https:\/\/fireware.nl\/de\/product\/water-rescue-body-recovery\/#primaryimage","url":"https:\/\/fireware.nl\/wp-content\/uploads\/2019\/01\/017-043-050-Body-Recovery-zittend.jpg","contentUrl":"https:\/\/fireware.nl\/wp-content\/uploads\/2019\/01\/017-043-050-Body-Recovery-zittend.jpg","width":600,"height":600},{"@type":"BreadcrumbList","@id":"https:\/\/fireware.nl\/de\/product\/water-rescue-body-recovery\/#breadcrumb","itemListElement":[{"@type":"ListItem","position":1,"name":"Home","item":"https:\/\/fireware.nl\/de\/"},{"@type":"ListItem","position":2,"name":"Produkte","item":"https:\/\/fireware.nl\/de\/produkte\/"},{"@type":"ListItem","position":3,"name":"Ruth Lee Water Rescue Body Recovery"}]},{"@type":"WebSite","@id":"https:\/\/fireware.nl\/de\/#website","url":"https:\/\/fireware.nl\/de\/","name":"FireWare","description":"CREATING REALISTIC  TRAINING ENVIRONMENTS","publisher":{"@id":"https:\/\/fireware.nl\/de\/#organization"},"potentialAction":[{"@type":"SearchAction","target":{"@type":"EntryPoint","urlTemplate":"https:\/\/fireware.nl\/de\/?s={search_term_string}"},"query-input":{"@type":"PropertyValueSpecification","valueRequired":true,"valueName":"search_term_string"}}],"inLanguage":"de"},{"@type":"Organization","@id":"https:\/\/fireware.nl\/de\/#organization","name":"FireWare","url":"https:\/\/fireware.nl\/de\/","logo":{"@type":"ImageObject","inLanguage":"de","@id":"https:\/\/fireware.nl\/de\/#\/schema\/logo\/image\/","url":"https:\/\/fireware.nl\/wp-content\/uploads\/2018\/10\/FireWare-logo.jpg","contentUrl":"https:\/\/fireware.nl\/wp-content\/uploads\/2018\/10\/FireWare-logo.jpg","width":171,"height":70,"caption":"FireWare"},"image":{"@id":"https:\/\/fireware.nl\/de\/#\/schema\/logo\/image\/"},"sameAs":["https:\/\/www.facebook.com\/FireWareBV\/","https:\/\/x.com\/FireWarebv","https:\/\/www.instagram.com\/fireware_nl\/","https:\/\/www.linkedin.com\/company\/3586017\/","https:\/\/www.youtube.com\/user\/firesalesrentconsult"]}]}},"publishpress_future_workflow_manual_trigger":{"enabledWorkflows":[]},"_links":{"self":[{"href":"https:\/\/fireware.nl\/de\/wp-json\/wp\/v2\/product\/19498","targetHints":{"allow":["GET"]}}],"collection":[{"href":"https:\/\/fireware.nl\/de\/wp-json\/wp\/v2\/product"}],"about":[{"href":"https:\/\/fireware.nl\/de\/wp-json\/wp\/v2\/types\/product"}],"wp:featuredmedia":[{"embeddable":true,"href":"https:\/\/fireware.nl\/de\/wp-json\/wp\/v2\/media\/53037"}],"wp:attachment":[{"href":"https:\/\/fireware.nl\/de\/wp-json\/wp\/v2\/media?parent=19498"}],"wp:term":[{"taxonomy":"product_brand","embeddable":true,"href":"https:\/\/fireware.nl\/de\/wp-json\/wp\/v2\/product_brand?post=19498"},{"taxonomy":"product_cat","embeddable":true,"href":"https:\/\/fireware.nl\/de\/wp-json\/wp\/v2\/product_cat?post=19498"},{"taxonomy":"product_tag","embeddable":true,"href":"https:\/\/fireware.nl\/de\/wp-json\/wp\/v2\/product_tag?post=19498"}],"curies":[{"name":"wp","href":"https:\/\/api.w.org\/{rel}","templated":true}]}}