
{"id":19540,"date":"2019-01-23T12:16:55","date_gmt":"2019-02-01T11:02:30","guid":{"rendered":"http:\/\/fireware.sites.hyperhosting.co\/?post_type=product&#038;p=19540"},"modified":"2021-04-30T13:00:49","modified_gmt":"2021-04-30T13:00:49","slug":"atemwegsystem-wasserrettung","status":"publish","type":"product","link":"https:\/\/fireware.nl\/de\/produkt\/atemwegsystem-wasserrettung\/","title":{"rendered":"Atemwegsystem Wasserrettung"},"content":{"rendered":"<p>Das Atemwegsystem Wasserrettung eignet sich f\u00fcr die Ganzk\u00f6rper-Puppe\u00a0<a href=\"https:\/\/fireware.nl\/de\/produkt\/wasser-rettungspoppe\/\" target=\"_blank\" rel=\"noopener\">HLW Wasserrettungs-Puppe<\/a>.\u00a0Die Atemwege sind mit einem Ventil mit Filter ausgestattet. Hierdurch gelangt die Luft, die in die Lungen geblasen wird, \u00fcber eine alternative Ausstr\u00f6m\u00f6ffnung nach drau\u00dfen.\u00a0\u00a0So wird eine Ansteckung der Kursteilnehmer untereinander verhindert. Man kann die Lungen einfach ersetzen, und es wird angeraten, dies direkt nach jedem Kurstag zu tun.\u00a0Die Lungen sind im Set von je 24 St\u00fcck erh\u00e4ltlich.<\/p>\n","protected":false},"excerpt":{"rendered":"<ul>\n<li>Atemwegsystem f\u00fcr die\u00a0<a href=\"https:\/\/fireware.nl\/de\/produkt\/wasser-rettungspoppe\/\" target=\"_blank\" rel=\"noopener\">HLW Wasserrettungs-Puppe<\/a>.<\/li>\n<li>Die Atemwege haben ein Ventil und einen Filter.<\/li>\n<li>Verhindert, dass sich die Kursteilnehmer untereinander anstecken.<\/li>\n<li>Einfach platzierbar.<\/li>\n<\/ul>\n","protected":false},"featured_media":21368,"template":"","meta":[],"product_brand":[],"product_cat":[2883,114],"product_tag":[],"class_list":{"0":"post-19540","1":"product","2":"type-product","3":"status-publish","4":"has-post-thumbnail","6":"product_cat-cpr-de","7":"product_cat-wasserrettung-puppe","9":"first","10":"instock","11":"taxable","12":"shipping-taxable","13":"purchasable","14":"product-type-simple"},"yoast_head":"<!-- This site is optimized with the Yoast SEO plugin v27.5 - https:\/\/yoast.com\/product\/yoast-seo-wordpress\/ -->\n<title>Atemwegsystem Wasserrettung - FireWare<\/title>\n<meta name=\"robots\" content=\"index, follow, max-snippet:-1, max-image-preview:large, max-video-preview:-1\" \/>\n<link rel=\"canonical\" href=\"https:\/\/fireware.nl\/de\/produkt\/atemwegsystem-wasserrettung\/\" \/>\n<meta property=\"og:locale\" content=\"de_DE\" \/>\n<meta property=\"og:type\" content=\"article\" \/>\n<meta property=\"og:title\" content=\"Atemwegsystem Wasserrettung - FireWare\" \/>\n<meta property=\"og:description\" content=\"Atemwegsystem f\u00fcr die\u00a0HLW Wasserrettungs-Puppe.  Die Atemwege haben ein Ventil und einen Filter.  Verhindert, dass sich die Kursteilnehmer untereinander anstecken.  Einfach platzierbar.\" \/>\n<meta property=\"og:url\" content=\"https:\/\/fireware.nl\/de\/produkt\/atemwegsystem-wasserrettung\/\" \/>\n<meta property=\"og:site_name\" content=\"FireWare\" \/>\n<meta property=\"article:publisher\" content=\"https:\/\/www.facebook.com\/FireWareBV\/\" \/>\n<meta property=\"article:modified_time\" content=\"2021-04-30T13:00:49+00:00\" \/>\n<meta property=\"og:image\" content=\"https:\/\/fireware.nl\/wp-content\/uploads\/2019\/01\/019-022-028-Luchtweg-Systeem-Water-Rescue.jpg\" \/>\n\t<meta property=\"og:image:width\" content=\"600\" \/>\n\t<meta property=\"og:image:height\" content=\"600\" \/>\n\t<meta property=\"og:image:type\" content=\"image\/jpeg\" \/>\n<meta name=\"twitter:card\" content=\"summary_large_image\" \/>\n<meta name=\"twitter:site\" content=\"@FireWarebv\" \/>\n<meta name=\"twitter:label1\" content=\"Gesch\u00e4tzte Lesezeit\" \/>\n\t<meta name=\"twitter:data1\" content=\"1\u00a0Minute\" \/>\n<script type=\"application\/ld+json\" class=\"yoast-schema-graph\">{\"@context\":\"https:\\\/\\\/schema.org\",\"@graph\":[{\"@type\":\"WebPage\",\"@id\":\"https:\\\/\\\/fireware.nl\\\/de\\\/produkt\\\/atemwegsystem-wasserrettung\\\/\",\"url\":\"https:\\\/\\\/fireware.nl\\\/de\\\/produkt\\\/atemwegsystem-wasserrettung\\\/\",\"name\":\"Atemwegsystem Wasserrettung - FireWare\",\"isPartOf\":{\"@id\":\"https:\\\/\\\/fireware.nl\\\/de\\\/#website\"},\"primaryImageOfPage\":{\"@id\":\"https:\\\/\\\/fireware.nl\\\/de\\\/produkt\\\/atemwegsystem-wasserrettung\\\/#primaryimage\"},\"image\":{\"@id\":\"https:\\\/\\\/fireware.nl\\\/de\\\/produkt\\\/atemwegsystem-wasserrettung\\\/#primaryimage\"},\"thumbnailUrl\":\"https:\\\/\\\/fireware.nl\\\/wp-content\\\/uploads\\\/2019\\\/01\\\/019-022-028-Luchtweg-Systeem-Water-Rescue.jpg\",\"datePublished\":\"2019-02-01T11:02:30+00:00\",\"dateModified\":\"2021-04-30T13:00:49+00:00\",\"breadcrumb\":{\"@id\":\"https:\\\/\\\/fireware.nl\\\/de\\\/produkt\\\/atemwegsystem-wasserrettung\\\/#breadcrumb\"},\"inLanguage\":\"de\",\"potentialAction\":[{\"@type\":\"ReadAction\",\"target\":[\"https:\\\/\\\/fireware.nl\\\/de\\\/produkt\\\/atemwegsystem-wasserrettung\\\/\"]}]},{\"@type\":\"ImageObject\",\"inLanguage\":\"de\",\"@id\":\"https:\\\/\\\/fireware.nl\\\/de\\\/produkt\\\/atemwegsystem-wasserrettung\\\/#primaryimage\",\"url\":\"https:\\\/\\\/fireware.nl\\\/wp-content\\\/uploads\\\/2019\\\/01\\\/019-022-028-Luchtweg-Systeem-Water-Rescue.jpg\",\"contentUrl\":\"https:\\\/\\\/fireware.nl\\\/wp-content\\\/uploads\\\/2019\\\/01\\\/019-022-028-Luchtweg-Systeem-Water-Rescue.jpg\",\"width\":600,\"height\":600,\"caption\":\"019-022-028 Luchtweg Systeem Water Rescue\"},{\"@type\":\"BreadcrumbList\",\"@id\":\"https:\\\/\\\/fireware.nl\\\/de\\\/produkt\\\/atemwegsystem-wasserrettung\\\/#breadcrumb\",\"itemListElement\":[{\"@type\":\"ListItem\",\"position\":1,\"name\":\"Home\",\"item\":\"https:\\\/\\\/fireware.nl\\\/de\\\/\"},{\"@type\":\"ListItem\",\"position\":2,\"name\":\"Produkte\",\"item\":\"https:\\\/\\\/fireware.nl\\\/de\\\/produkte\\\/\"},{\"@type\":\"ListItem\",\"position\":3,\"name\":\"Atemwegsystem Wasserrettung\"}]},{\"@type\":\"WebSite\",\"@id\":\"https:\\\/\\\/fireware.nl\\\/de\\\/#website\",\"url\":\"https:\\\/\\\/fireware.nl\\\/de\\\/\",\"name\":\"FireWare\",\"description\":\"CREATING REALISTIC  TRAINING ENVIRONMENTS\",\"publisher\":{\"@id\":\"https:\\\/\\\/fireware.nl\\\/de\\\/#organization\"},\"potentialAction\":[{\"@type\":\"SearchAction\",\"target\":{\"@type\":\"EntryPoint\",\"urlTemplate\":\"https:\\\/\\\/fireware.nl\\\/de\\\/?s={search_term_string}\"},\"query-input\":{\"@type\":\"PropertyValueSpecification\",\"valueRequired\":true,\"valueName\":\"search_term_string\"}}],\"inLanguage\":\"de\"},{\"@type\":\"Organization\",\"@id\":\"https:\\\/\\\/fireware.nl\\\/de\\\/#organization\",\"name\":\"FireWare\",\"url\":\"https:\\\/\\\/fireware.nl\\\/de\\\/\",\"logo\":{\"@type\":\"ImageObject\",\"inLanguage\":\"de\",\"@id\":\"https:\\\/\\\/fireware.nl\\\/de\\\/#\\\/schema\\\/logo\\\/image\\\/\",\"url\":\"https:\\\/\\\/fireware.nl\\\/wp-content\\\/uploads\\\/2018\\\/10\\\/FireWare-logo.jpg\",\"contentUrl\":\"https:\\\/\\\/fireware.nl\\\/wp-content\\\/uploads\\\/2018\\\/10\\\/FireWare-logo.jpg\",\"width\":171,\"height\":70,\"caption\":\"FireWare\"},\"image\":{\"@id\":\"https:\\\/\\\/fireware.nl\\\/de\\\/#\\\/schema\\\/logo\\\/image\\\/\"},\"sameAs\":[\"https:\\\/\\\/www.facebook.com\\\/FireWareBV\\\/\",\"https:\\\/\\\/x.com\\\/FireWarebv\",\"https:\\\/\\\/www.instagram.com\\\/fireware_nl\\\/\",\"https:\\\/\\\/www.linkedin.com\\\/company\\\/3586017\\\/\",\"https:\\\/\\\/www.youtube.com\\\/user\\\/firesalesrentconsult\"]}]}<\/script>\n<!-- \/ Yoast SEO plugin. -->","yoast_head_json":{"title":"Atemwegsystem Wasserrettung - FireWare","robots":{"index":"index","follow":"follow","max-snippet":"max-snippet:-1","max-image-preview":"max-image-preview:large","max-video-preview":"max-video-preview:-1"},"canonical":"https:\/\/fireware.nl\/de\/produkt\/atemwegsystem-wasserrettung\/","og_locale":"de_DE","og_type":"article","og_title":"Atemwegsystem Wasserrettung - FireWare","og_description":"Atemwegsystem f\u00fcr die\u00a0HLW Wasserrettungs-Puppe.  Die Atemwege haben ein Ventil und einen Filter.  Verhindert, dass sich die Kursteilnehmer untereinander anstecken.  Einfach platzierbar.","og_url":"https:\/\/fireware.nl\/de\/produkt\/atemwegsystem-wasserrettung\/","og_site_name":"FireWare","article_publisher":"https:\/\/www.facebook.com\/FireWareBV\/","article_modified_time":"2021-04-30T13:00:49+00:00","og_image":[{"width":600,"height":600,"url":"https:\/\/fireware.nl\/wp-content\/uploads\/2019\/01\/019-022-028-Luchtweg-Systeem-Water-Rescue.jpg","type":"image\/jpeg"}],"twitter_card":"summary_large_image","twitter_site":"@FireWarebv","twitter_misc":{"Gesch\u00e4tzte Lesezeit":"1\u00a0Minute"},"schema":{"@context":"https:\/\/schema.org","@graph":[{"@type":"WebPage","@id":"https:\/\/fireware.nl\/de\/produkt\/atemwegsystem-wasserrettung\/","url":"https:\/\/fireware.nl\/de\/produkt\/atemwegsystem-wasserrettung\/","name":"Atemwegsystem Wasserrettung - FireWare","isPartOf":{"@id":"https:\/\/fireware.nl\/de\/#website"},"primaryImageOfPage":{"@id":"https:\/\/fireware.nl\/de\/produkt\/atemwegsystem-wasserrettung\/#primaryimage"},"image":{"@id":"https:\/\/fireware.nl\/de\/produkt\/atemwegsystem-wasserrettung\/#primaryimage"},"thumbnailUrl":"https:\/\/fireware.nl\/wp-content\/uploads\/2019\/01\/019-022-028-Luchtweg-Systeem-Water-Rescue.jpg","datePublished":"2019-02-01T11:02:30+00:00","dateModified":"2021-04-30T13:00:49+00:00","breadcrumb":{"@id":"https:\/\/fireware.nl\/de\/produkt\/atemwegsystem-wasserrettung\/#breadcrumb"},"inLanguage":"de","potentialAction":[{"@type":"ReadAction","target":["https:\/\/fireware.nl\/de\/produkt\/atemwegsystem-wasserrettung\/"]}]},{"@type":"ImageObject","inLanguage":"de","@id":"https:\/\/fireware.nl\/de\/produkt\/atemwegsystem-wasserrettung\/#primaryimage","url":"https:\/\/fireware.nl\/wp-content\/uploads\/2019\/01\/019-022-028-Luchtweg-Systeem-Water-Rescue.jpg","contentUrl":"https:\/\/fireware.nl\/wp-content\/uploads\/2019\/01\/019-022-028-Luchtweg-Systeem-Water-Rescue.jpg","width":600,"height":600,"caption":"019-022-028 Luchtweg Systeem Water Rescue"},{"@type":"BreadcrumbList","@id":"https:\/\/fireware.nl\/de\/produkt\/atemwegsystem-wasserrettung\/#breadcrumb","itemListElement":[{"@type":"ListItem","position":1,"name":"Home","item":"https:\/\/fireware.nl\/de\/"},{"@type":"ListItem","position":2,"name":"Produkte","item":"https:\/\/fireware.nl\/de\/produkte\/"},{"@type":"ListItem","position":3,"name":"Atemwegsystem Wasserrettung"}]},{"@type":"WebSite","@id":"https:\/\/fireware.nl\/de\/#website","url":"https:\/\/fireware.nl\/de\/","name":"FireWare","description":"CREATING REALISTIC  TRAINING ENVIRONMENTS","publisher":{"@id":"https:\/\/fireware.nl\/de\/#organization"},"potentialAction":[{"@type":"SearchAction","target":{"@type":"EntryPoint","urlTemplate":"https:\/\/fireware.nl\/de\/?s={search_term_string}"},"query-input":{"@type":"PropertyValueSpecification","valueRequired":true,"valueName":"search_term_string"}}],"inLanguage":"de"},{"@type":"Organization","@id":"https:\/\/fireware.nl\/de\/#organization","name":"FireWare","url":"https:\/\/fireware.nl\/de\/","logo":{"@type":"ImageObject","inLanguage":"de","@id":"https:\/\/fireware.nl\/de\/#\/schema\/logo\/image\/","url":"https:\/\/fireware.nl\/wp-content\/uploads\/2018\/10\/FireWare-logo.jpg","contentUrl":"https:\/\/fireware.nl\/wp-content\/uploads\/2018\/10\/FireWare-logo.jpg","width":171,"height":70,"caption":"FireWare"},"image":{"@id":"https:\/\/fireware.nl\/de\/#\/schema\/logo\/image\/"},"sameAs":["https:\/\/www.facebook.com\/FireWareBV\/","https:\/\/x.com\/FireWarebv","https:\/\/www.instagram.com\/fireware_nl\/","https:\/\/www.linkedin.com\/company\/3586017\/","https:\/\/www.youtube.com\/user\/firesalesrentconsult"]}]}},"publishpress_future_workflow_manual_trigger":{"enabledWorkflows":[]},"_links":{"self":[{"href":"https:\/\/fireware.nl\/de\/wp-json\/wp\/v2\/product\/19540","targetHints":{"allow":["GET"]}}],"collection":[{"href":"https:\/\/fireware.nl\/de\/wp-json\/wp\/v2\/product"}],"about":[{"href":"https:\/\/fireware.nl\/de\/wp-json\/wp\/v2\/types\/product"}],"wp:featuredmedia":[{"embeddable":true,"href":"https:\/\/fireware.nl\/de\/wp-json\/wp\/v2\/media\/21368"}],"wp:attachment":[{"href":"https:\/\/fireware.nl\/de\/wp-json\/wp\/v2\/media?parent=19540"}],"wp:term":[{"taxonomy":"product_brand","embeddable":true,"href":"https:\/\/fireware.nl\/de\/wp-json\/wp\/v2\/product_brand?post=19540"},{"taxonomy":"product_cat","embeddable":true,"href":"https:\/\/fireware.nl\/de\/wp-json\/wp\/v2\/product_cat?post=19540"},{"taxonomy":"product_tag","embeddable":true,"href":"https:\/\/fireware.nl\/de\/wp-json\/wp\/v2\/product_tag?post=19540"}],"curies":[{"name":"wp","href":"https:\/\/api.w.org\/{rel}","templated":true}]}}