
{"id":19558,"date":"2019-01-23T12:18:59","date_gmt":"2019-01-23T12:18:59","guid":{"rendered":"http:\/\/fireware.sites.hyperhosting.co\/?post_type=product&#038;p=19558"},"modified":"2025-05-28T12:01:54","modified_gmt":"2025-05-28T12:01:54","slug":"uebungspuppe-haeftlingssicherheit","status":"publish","type":"product","link":"https:\/\/fireware.nl\/de\/product\/uebungspuppe-haeftlingssicherheit\/","title":{"rendered":"Ruth Lee \u00dcbungspuppe H\u00e4ftlingssicherheit"},"content":{"rendered":"<h2>Ruth Lee \u00dcbungspuppen<\/h2>\n<p>Die Ruth Lee \u00dcbungspuppen sind f\u00fcr realistische und effektive Schulungen konzipiert. Diese Puppen sind bekannt f\u00fcr ihre Langlebigkeit und Vielseitigkeit und sind ideal f\u00fcr das Training von Feuerwehr, Betrieblichen Ersthelfern (BHV), Rettungsdiensten und anderen Hilfsdiensten. Mit Ruth Lee \u00dcbungspuppen simuliert man realistische Szenarien, wodurch Einsatzkr\u00e4fte besser auf echte Notfallsituationen vorbereitet sind. Das Sortiment umfasst Puppen f\u00fcr verschiedene Trainings und in unterschiedlichen Gr\u00f6\u00dfen und Gewichten.<\/p>\n<h2>Evakuierung von mit Handschellen gefesselten oder bewusstlosen H\u00e4ftlingen<\/h2>\n<p>Die \u00dcbungspuppe H\u00e4ftlingssicherheit [Prisoner Security] wurde speziell entwickelt, um die Evakuierung von mit Handschellen gefesselten oder bewusstlosen Gefangenen in einer Notfallsituation zu trainieren. Die \u00dcbungspuppe hat d\u00fcnne Handgelenke, um die Handschellen gut angelegt werden k\u00f6nnen. Auf diese Weise kann der Lehrgangsteilnehmer auch den Umgang mit Handschellen \u00fcben. Die \u00dcbungspuppe H\u00e4ftlingssicherheit hat einen verst\u00e4rkten Hals und ist daher ideal f\u00fcr die Simulation eines Selbstmordes (durch Erh\u00e4ngen). Lassen Sie den Sch\u00fcler beispielsweise die Leiche bergen oder den Tatort auf Beweise untersuchen.<\/p>\n<h2>Speziell f\u00fcr Justizvollzugsanstalten entworfen<\/h2>\n<p>Die \u00dcbungspuppe H\u00e4ftlingssicherheit besteht aus dem gleichen flammhemmenden Material, das auch in Polizeiwesten verwendet wird. Das Material ist mit Polypropylengewebe verst\u00e4rkt, was ungef\u00e4hr der vierfachen Festigkeit und Abriebfestigkeit von 453,59 Gramm (16 Unzen) Leinwand oder PVC entspricht. Die \u00dcbungspuppe wird dar\u00fcber hinaus aus einem wasserabweisenden Material hergestellt. Dies erm\u00f6glicht auch das \u00dcben in nassen und schmutzigen Umgebungen. Die \u00dcbungspuppe verf\u00fcgt \u00fcber eine Schlaufe im Nacken zum einfachen Anheben und Aufbewahren. Die K\u00f6rpergelenke bestehen aus einem weichen Material. Dadurch wird das Risiko einer Besch\u00e4digung verringert.<\/p>\n<p>Die \u00dcbungspuppe H\u00e4ftlingssicherheit ist 180 cm gro\u00df und mit 50 kg und 70 kg Gewicht erh\u00e4ltlich. Die \u00dcbungspuppe hat ein realistisches Verh\u00e4ltnis von Gr\u00f6\u00dfe zu Gewicht. Legen Sie einen Immobilisierungskragen um den Hals der Puppe, um eine angemessene Betreuung der Opfer zu f\u00f6rdern. Die \u00dcbungspuppe wird standardm\u00e4\u00dfig mit Stiefeln und einem Overall geliefert. Dieses Zubeh\u00f6r kann bei einer Besch\u00e4digung leicht ausgetauscht werden.<\/p>\n","protected":false},"excerpt":{"rendered":"<ul>\n<li>Speziell entwickelt, um die Notfall-Evakuierung von mit Handschellen gefesselten oder bewusstlosen H\u00e4ftlingen zu trainieren.<\/li>\n<li>Die schmalen Handgelenke sind f\u00fcr den Einsatz von Handschellen geeignet.<\/li>\n<li>Verst\u00e4rktes Material im Nacken zur Simulation eines Selbstmordes (durch Erh\u00e4ngen).<\/li>\n<li>Hergestellt aus dem gleichen flammhemmenden Material wie Polizeiwesten, verst\u00e4rkt mit Polypropylengewebe.<\/li>\n<li>Verf\u00fcgt \u00fcber eine Schlaufe im Nacken zum einfachen Anheben und Aufbewahren.<\/li>\n<li>Wird Standardm\u00e4\u00dfig mit Stiefeln und einem Overall geliefert.<\/li>\n<\/ul>\n","protected":false},"featured_media":59968,"template":"","meta":[],"product_brand":[],"product_cat":[120],"product_tag":[],"class_list":{"0":"post-19558","1":"product","2":"type-product","3":"status-publish","4":"has-post-thumbnail","6":"product_cat-polizei-puppe","7":"pa_gewicht-lengte-50kg-180cm-de","8":"pa_gewicht-lengte-70kg-180cm-de","10":"first","11":"instock","12":"taxable","13":"shipping-taxable","14":"purchasable","15":"product-type-variable"},"yoast_head":"<!-- This site is optimized with the Yoast SEO plugin v27.5 - https:\/\/yoast.com\/product\/yoast-seo-wordpress\/ -->\n<title>Ruth Lee \u00dcbungspuppe H\u00e4ftlingssicherheit - FireWare<\/title>\n<meta name=\"robots\" content=\"index, follow, max-snippet:-1, max-image-preview:large, max-video-preview:-1\" \/>\n<link rel=\"canonical\" href=\"https:\/\/fireware.nl\/de\/product\/uebungspuppe-haeftlingssicherheit\/\" \/>\n<meta property=\"og:locale\" content=\"de_DE\" \/>\n<meta property=\"og:type\" content=\"article\" \/>\n<meta property=\"og:title\" content=\"Ruth Lee \u00dcbungspuppe H\u00e4ftlingssicherheit - FireWare\" \/>\n<meta property=\"og:description\" content=\"Speziell entwickelt, um die Notfall-Evakuierung von mit Handschellen gefesselten oder bewusstlosen H\u00e4ftlingen zu trainieren.  Die schmalen Handgelenke sind f\u00fcr den Einsatz von Handschellen geeignet.  Verst\u00e4rktes Material im Nacken zur Simulation eines Selbstmordes (durch Erh\u00e4ngen).  Hergestellt aus dem gleichen flammhemmenden Material wie Polizeiwesten, verst\u00e4rkt mit Polypropylengewebe.  Verf\u00fcgt \u00fcber eine Schlaufe im Nacken zum einfachen Anheben und Aufbewahren.  Wird Standardm\u00e4\u00dfig mit Stiefeln und einem Overall geliefert.\" \/>\n<meta property=\"og:url\" content=\"https:\/\/fireware.nl\/de\/product\/uebungspuppe-haeftlingssicherheit\/\" \/>\n<meta property=\"og:site_name\" content=\"FireWare\" \/>\n<meta property=\"article:publisher\" content=\"https:\/\/www.facebook.com\/FireWareBV\/\" \/>\n<meta property=\"article:modified_time\" content=\"2025-05-28T12:01:54+00:00\" \/>\n<meta property=\"og:image\" content=\"https:\/\/fireware.nl\/wp-content\/uploads\/2021\/05\/017-043-125-Prisoner-Security-manikin.jpg\" \/>\n\t<meta property=\"og:image:width\" content=\"600\" \/>\n\t<meta property=\"og:image:height\" content=\"600\" \/>\n\t<meta property=\"og:image:type\" content=\"image\/jpeg\" \/>\n<meta name=\"twitter:card\" content=\"summary_large_image\" \/>\n<meta name=\"twitter:site\" content=\"@FireWarebv\" \/>\n<meta name=\"twitter:label1\" content=\"Gesch\u00e4tzte Lesezeit\" \/>\n\t<meta name=\"twitter:data1\" content=\"2\u00a0Minuten\" \/>\n<script type=\"application\/ld+json\" class=\"yoast-schema-graph\">{\"@context\":\"https:\\\/\\\/schema.org\",\"@graph\":[{\"@type\":\"WebPage\",\"@id\":\"https:\\\/\\\/fireware.nl\\\/de\\\/product\\\/uebungspuppe-haeftlingssicherheit\\\/\",\"url\":\"https:\\\/\\\/fireware.nl\\\/de\\\/product\\\/uebungspuppe-haeftlingssicherheit\\\/\",\"name\":\"Ruth Lee \u00dcbungspuppe H\u00e4ftlingssicherheit - FireWare\",\"isPartOf\":{\"@id\":\"https:\\\/\\\/fireware.nl\\\/de\\\/#website\"},\"primaryImageOfPage\":{\"@id\":\"https:\\\/\\\/fireware.nl\\\/de\\\/product\\\/uebungspuppe-haeftlingssicherheit\\\/#primaryimage\"},\"image\":{\"@id\":\"https:\\\/\\\/fireware.nl\\\/de\\\/product\\\/uebungspuppe-haeftlingssicherheit\\\/#primaryimage\"},\"thumbnailUrl\":\"https:\\\/\\\/fireware.nl\\\/wp-content\\\/uploads\\\/2021\\\/05\\\/017-043-125-Prisoner-Security-manikin.jpg\",\"datePublished\":\"2019-01-23T12:18:59+00:00\",\"dateModified\":\"2025-05-28T12:01:54+00:00\",\"breadcrumb\":{\"@id\":\"https:\\\/\\\/fireware.nl\\\/de\\\/product\\\/uebungspuppe-haeftlingssicherheit\\\/#breadcrumb\"},\"inLanguage\":\"de\",\"potentialAction\":[{\"@type\":\"ReadAction\",\"target\":[\"https:\\\/\\\/fireware.nl\\\/de\\\/product\\\/uebungspuppe-haeftlingssicherheit\\\/\"]}]},{\"@type\":\"ImageObject\",\"inLanguage\":\"de\",\"@id\":\"https:\\\/\\\/fireware.nl\\\/de\\\/product\\\/uebungspuppe-haeftlingssicherheit\\\/#primaryimage\",\"url\":\"https:\\\/\\\/fireware.nl\\\/wp-content\\\/uploads\\\/2021\\\/05\\\/017-043-125-Prisoner-Security-manikin.jpg\",\"contentUrl\":\"https:\\\/\\\/fireware.nl\\\/wp-content\\\/uploads\\\/2021\\\/05\\\/017-043-125-Prisoner-Security-manikin.jpg\",\"width\":600,\"height\":600},{\"@type\":\"BreadcrumbList\",\"@id\":\"https:\\\/\\\/fireware.nl\\\/de\\\/product\\\/uebungspuppe-haeftlingssicherheit\\\/#breadcrumb\",\"itemListElement\":[{\"@type\":\"ListItem\",\"position\":1,\"name\":\"Home\",\"item\":\"https:\\\/\\\/fireware.nl\\\/de\\\/\"},{\"@type\":\"ListItem\",\"position\":2,\"name\":\"Produkte\",\"item\":\"https:\\\/\\\/fireware.nl\\\/de\\\/produkte\\\/\"},{\"@type\":\"ListItem\",\"position\":3,\"name\":\"Ruth Lee \u00dcbungspuppe H\u00e4ftlingssicherheit\"}]},{\"@type\":\"WebSite\",\"@id\":\"https:\\\/\\\/fireware.nl\\\/de\\\/#website\",\"url\":\"https:\\\/\\\/fireware.nl\\\/de\\\/\",\"name\":\"FireWare\",\"description\":\"CREATING REALISTIC  TRAINING ENVIRONMENTS\",\"publisher\":{\"@id\":\"https:\\\/\\\/fireware.nl\\\/de\\\/#organization\"},\"potentialAction\":[{\"@type\":\"SearchAction\",\"target\":{\"@type\":\"EntryPoint\",\"urlTemplate\":\"https:\\\/\\\/fireware.nl\\\/de\\\/?s={search_term_string}\"},\"query-input\":{\"@type\":\"PropertyValueSpecification\",\"valueRequired\":true,\"valueName\":\"search_term_string\"}}],\"inLanguage\":\"de\"},{\"@type\":\"Organization\",\"@id\":\"https:\\\/\\\/fireware.nl\\\/de\\\/#organization\",\"name\":\"FireWare\",\"url\":\"https:\\\/\\\/fireware.nl\\\/de\\\/\",\"logo\":{\"@type\":\"ImageObject\",\"inLanguage\":\"de\",\"@id\":\"https:\\\/\\\/fireware.nl\\\/de\\\/#\\\/schema\\\/logo\\\/image\\\/\",\"url\":\"https:\\\/\\\/fireware.nl\\\/wp-content\\\/uploads\\\/2018\\\/10\\\/FireWare-logo.jpg\",\"contentUrl\":\"https:\\\/\\\/fireware.nl\\\/wp-content\\\/uploads\\\/2018\\\/10\\\/FireWare-logo.jpg\",\"width\":171,\"height\":70,\"caption\":\"FireWare\"},\"image\":{\"@id\":\"https:\\\/\\\/fireware.nl\\\/de\\\/#\\\/schema\\\/logo\\\/image\\\/\"},\"sameAs\":[\"https:\\\/\\\/www.facebook.com\\\/FireWareBV\\\/\",\"https:\\\/\\\/x.com\\\/FireWarebv\",\"https:\\\/\\\/www.instagram.com\\\/fireware_nl\\\/\",\"https:\\\/\\\/www.linkedin.com\\\/company\\\/3586017\\\/\",\"https:\\\/\\\/www.youtube.com\\\/user\\\/firesalesrentconsult\"]}]}<\/script>\n<!-- \/ Yoast SEO plugin. -->","yoast_head_json":{"title":"Ruth Lee \u00dcbungspuppe H\u00e4ftlingssicherheit - FireWare","robots":{"index":"index","follow":"follow","max-snippet":"max-snippet:-1","max-image-preview":"max-image-preview:large","max-video-preview":"max-video-preview:-1"},"canonical":"https:\/\/fireware.nl\/de\/product\/uebungspuppe-haeftlingssicherheit\/","og_locale":"de_DE","og_type":"article","og_title":"Ruth Lee \u00dcbungspuppe H\u00e4ftlingssicherheit - FireWare","og_description":"Speziell entwickelt, um die Notfall-Evakuierung von mit Handschellen gefesselten oder bewusstlosen H\u00e4ftlingen zu trainieren.  Die schmalen Handgelenke sind f\u00fcr den Einsatz von Handschellen geeignet.  Verst\u00e4rktes Material im Nacken zur Simulation eines Selbstmordes (durch Erh\u00e4ngen).  Hergestellt aus dem gleichen flammhemmenden Material wie Polizeiwesten, verst\u00e4rkt mit Polypropylengewebe.  Verf\u00fcgt \u00fcber eine Schlaufe im Nacken zum einfachen Anheben und Aufbewahren.  Wird Standardm\u00e4\u00dfig mit Stiefeln und einem Overall geliefert.","og_url":"https:\/\/fireware.nl\/de\/product\/uebungspuppe-haeftlingssicherheit\/","og_site_name":"FireWare","article_publisher":"https:\/\/www.facebook.com\/FireWareBV\/","article_modified_time":"2025-05-28T12:01:54+00:00","og_image":[{"width":600,"height":600,"url":"https:\/\/fireware.nl\/wp-content\/uploads\/2021\/05\/017-043-125-Prisoner-Security-manikin.jpg","type":"image\/jpeg"}],"twitter_card":"summary_large_image","twitter_site":"@FireWarebv","twitter_misc":{"Gesch\u00e4tzte Lesezeit":"2\u00a0Minuten"},"schema":{"@context":"https:\/\/schema.org","@graph":[{"@type":"WebPage","@id":"https:\/\/fireware.nl\/de\/product\/uebungspuppe-haeftlingssicherheit\/","url":"https:\/\/fireware.nl\/de\/product\/uebungspuppe-haeftlingssicherheit\/","name":"Ruth Lee \u00dcbungspuppe H\u00e4ftlingssicherheit - FireWare","isPartOf":{"@id":"https:\/\/fireware.nl\/de\/#website"},"primaryImageOfPage":{"@id":"https:\/\/fireware.nl\/de\/product\/uebungspuppe-haeftlingssicherheit\/#primaryimage"},"image":{"@id":"https:\/\/fireware.nl\/de\/product\/uebungspuppe-haeftlingssicherheit\/#primaryimage"},"thumbnailUrl":"https:\/\/fireware.nl\/wp-content\/uploads\/2021\/05\/017-043-125-Prisoner-Security-manikin.jpg","datePublished":"2019-01-23T12:18:59+00:00","dateModified":"2025-05-28T12:01:54+00:00","breadcrumb":{"@id":"https:\/\/fireware.nl\/de\/product\/uebungspuppe-haeftlingssicherheit\/#breadcrumb"},"inLanguage":"de","potentialAction":[{"@type":"ReadAction","target":["https:\/\/fireware.nl\/de\/product\/uebungspuppe-haeftlingssicherheit\/"]}]},{"@type":"ImageObject","inLanguage":"de","@id":"https:\/\/fireware.nl\/de\/product\/uebungspuppe-haeftlingssicherheit\/#primaryimage","url":"https:\/\/fireware.nl\/wp-content\/uploads\/2021\/05\/017-043-125-Prisoner-Security-manikin.jpg","contentUrl":"https:\/\/fireware.nl\/wp-content\/uploads\/2021\/05\/017-043-125-Prisoner-Security-manikin.jpg","width":600,"height":600},{"@type":"BreadcrumbList","@id":"https:\/\/fireware.nl\/de\/product\/uebungspuppe-haeftlingssicherheit\/#breadcrumb","itemListElement":[{"@type":"ListItem","position":1,"name":"Home","item":"https:\/\/fireware.nl\/de\/"},{"@type":"ListItem","position":2,"name":"Produkte","item":"https:\/\/fireware.nl\/de\/produkte\/"},{"@type":"ListItem","position":3,"name":"Ruth Lee \u00dcbungspuppe H\u00e4ftlingssicherheit"}]},{"@type":"WebSite","@id":"https:\/\/fireware.nl\/de\/#website","url":"https:\/\/fireware.nl\/de\/","name":"FireWare","description":"CREATING REALISTIC  TRAINING ENVIRONMENTS","publisher":{"@id":"https:\/\/fireware.nl\/de\/#organization"},"potentialAction":[{"@type":"SearchAction","target":{"@type":"EntryPoint","urlTemplate":"https:\/\/fireware.nl\/de\/?s={search_term_string}"},"query-input":{"@type":"PropertyValueSpecification","valueRequired":true,"valueName":"search_term_string"}}],"inLanguage":"de"},{"@type":"Organization","@id":"https:\/\/fireware.nl\/de\/#organization","name":"FireWare","url":"https:\/\/fireware.nl\/de\/","logo":{"@type":"ImageObject","inLanguage":"de","@id":"https:\/\/fireware.nl\/de\/#\/schema\/logo\/image\/","url":"https:\/\/fireware.nl\/wp-content\/uploads\/2018\/10\/FireWare-logo.jpg","contentUrl":"https:\/\/fireware.nl\/wp-content\/uploads\/2018\/10\/FireWare-logo.jpg","width":171,"height":70,"caption":"FireWare"},"image":{"@id":"https:\/\/fireware.nl\/de\/#\/schema\/logo\/image\/"},"sameAs":["https:\/\/www.facebook.com\/FireWareBV\/","https:\/\/x.com\/FireWarebv","https:\/\/www.instagram.com\/fireware_nl\/","https:\/\/www.linkedin.com\/company\/3586017\/","https:\/\/www.youtube.com\/user\/firesalesrentconsult"]}]}},"publishpress_future_workflow_manual_trigger":{"enabledWorkflows":[]},"_links":{"self":[{"href":"https:\/\/fireware.nl\/de\/wp-json\/wp\/v2\/product\/19558","targetHints":{"allow":["GET"]}}],"collection":[{"href":"https:\/\/fireware.nl\/de\/wp-json\/wp\/v2\/product"}],"about":[{"href":"https:\/\/fireware.nl\/de\/wp-json\/wp\/v2\/types\/product"}],"wp:featuredmedia":[{"embeddable":true,"href":"https:\/\/fireware.nl\/de\/wp-json\/wp\/v2\/media\/59968"}],"wp:attachment":[{"href":"https:\/\/fireware.nl\/de\/wp-json\/wp\/v2\/media?parent=19558"}],"wp:term":[{"taxonomy":"product_brand","embeddable":true,"href":"https:\/\/fireware.nl\/de\/wp-json\/wp\/v2\/product_brand?post=19558"},{"taxonomy":"product_cat","embeddable":true,"href":"https:\/\/fireware.nl\/de\/wp-json\/wp\/v2\/product_cat?post=19558"},{"taxonomy":"product_tag","embeddable":true,"href":"https:\/\/fireware.nl\/de\/wp-json\/wp\/v2\/product_tag?post=19558"}],"curies":[{"name":"wp","href":"https:\/\/api.w.org\/{rel}","templated":true}]}}