
{"id":19570,"date":"2019-01-23T12:19:00","date_gmt":"2019-01-23T12:19:00","guid":{"rendered":"http:\/\/fireware.sites.hyperhosting.co\/?post_type=product&#038;p=19570"},"modified":"2025-02-11T15:40:21","modified_gmt":"2025-02-11T15:40:21","slug":"drop-test-trainingspuppe","status":"publish","type":"product","link":"https:\/\/fireware.nl\/de\/product\/drop-test-trainingspuppe\/","title":{"rendered":"Ruth Lee Drop Test Trainingspuppe"},"content":{"rendered":"\n\n\t<h2>Ruth Lee \u00dcbungspuppen<\/h2>\n<p>Die Ruth Lee \u00dcbungspuppen sind f\u00fcr realistische und effektive Schulungen konzipiert. Diese Puppen sind bekannt f\u00fcr ihre Langlebigkeit und Vielseitigkeit und sind ideal f\u00fcr das Training von Feuerwehr, Betrieblichen Ersthelfern (BHV), Rettungsdiensten und anderen Hilfsdiensten. Mit Ruth Lee \u00dcbungspuppen simuliert man realistische Szenarien, wodurch Einsatzkr\u00e4fte besser auf echte Notfallsituationen vorbereitet sind. Das Sortiment umfasst Puppen f\u00fcr verschiedene Trainings und in unterschiedlichen Gr\u00f6\u00dfen und Gewichten.<\/p>\n<h2>Extrem robuster, realistischer Dummy f\u00fcr \u00dcbungen<\/h2>\n<p>Die Drop Test Trainingspuppe ist 180 cm und 100 kg schwer und hat ein realistisches Verh\u00e4ltnis von Gr\u00f6\u00dfe zu Gewicht. Dies simuliert perfekt eine bewusstlose erwachsene Person. Die Drop Test Trainingspuppe wurde speziell zum Testen von Absturzsicherungs- und Klettergurten entwickelt, wird aber auch f\u00fcr H\u00f6henrettungs\u00fcbungen verwendet. Der Dummy ist sehr robust und kann \u00fcberfahren oder aus gro\u00dfer H\u00f6he fallen, ohne besch\u00e4digt zu werden. \u00dcberfahren mit einem 4 x 4 Auto ist \u00fcberhaupt kein Problem!<\/p>\n<p>Die F\u00fcllung in der Puppe steckt fest, so dass alle Gliedma\u00dfen ein echtes Gewicht haben, das sich nicht verschiebt. Der K\u00f6rper der Drop Test Trainingspuppe ist steifer als beispielsweise der der Duty Range-Puppen. Dies verringert das Risiko eines Zusammenbruchs, wenn die Trainingspuppe in einem Geschirr aufgeh\u00e4ngt wird. Es gibt auch eine starke Schlaufe auf der R\u00fcckseite, in der die Puppe w\u00e4hrend der Vorbereitungen leicht ergriffen werden kann. Das Droptest Manikin wird mit einem Satz robuster Gummistiefel geliefert.<\/p>\n<h2>Schau das Video an<\/h2>\n\t<iframe loading=\"lazy\" src=\"https:\/\/player.vimeo.com\/video\/452132482\" width=\"640\" height=\"360\" frameborder=\"0\" allow=\"autoplay; fullscreen\" allowfullscreen><\/iframe>\n\n","protected":false},"excerpt":{"rendered":"<ul>\n<li>Zum Testen von Absturzsicherungen und Klettergurten.<\/li>\n<li>Ideal f\u00fcr H\u00f6henrettungs\u00fcbungen.<\/li>\n<li>Simuliert einen bewusstlosen Erwachsenen.<\/li>\n<li>Realistisches Verh\u00e4ltnis von Gr\u00f6\u00dfe zu Gewicht.<\/li>\n<li>Starre Ausr\u00fcstung im Rumpf verringert das Risiko eines<\/li>\n<li>Zusammenbruchs im Gurtzeug.<\/li>\n<li>Aus flammhemmendem Polyester.<\/li>\n<li>Extrem robust.<\/li>\n<li>Ausgestattet mit robusten Gummistiefeln.<\/li>\n<\/ul>\n","protected":false},"featured_media":60569,"template":"","meta":[],"product_brand":[],"product_cat":[210],"product_tag":[],"class_list":{"0":"post-19570","1":"product","2":"type-product","3":"status-publish","4":"has-post-thumbnail","6":"product_cat-uebungspuppen-technische-hilfeleistung","7":"pa_gewicht-lengte-100-kg-180-cm-de","9":"first","10":"instock","11":"taxable","12":"shipping-taxable","13":"purchasable","14":"product-type-simple"},"yoast_head":"<!-- This site is optimized with the Yoast SEO plugin v27.5 - https:\/\/yoast.com\/product\/yoast-seo-wordpress\/ -->\n<title>Ruth Lee Drop Test Trainingspuppe - FireWare<\/title>\n<meta name=\"robots\" content=\"index, follow, max-snippet:-1, max-image-preview:large, max-video-preview:-1\" \/>\n<link rel=\"canonical\" href=\"https:\/\/fireware.nl\/de\/product\/drop-test-trainingspuppe\/\" \/>\n<meta property=\"og:locale\" content=\"de_DE\" \/>\n<meta property=\"og:type\" content=\"article\" \/>\n<meta property=\"og:title\" content=\"Ruth Lee Drop Test Trainingspuppe - FireWare\" \/>\n<meta property=\"og:description\" content=\"Zum Testen von Absturzsicherungen und Klettergurten. Ideal f\u00fcr H\u00f6henrettungs\u00fcbungen. Simuliert einen bewusstlosen Erwachsenen. Realistisches Verh\u00e4ltnis von Gr\u00f6\u00dfe zu Gewicht. Starre Ausr\u00fcstung im Rumpf verringert das Risiko eines Zusammenbruchs im Gurtzeug. Aus flammhemmendem Polyester. Extrem robust. Ausgestattet mit robusten Gummistiefeln.\" \/>\n<meta property=\"og:url\" content=\"https:\/\/fireware.nl\/de\/product\/drop-test-trainingspuppe\/\" \/>\n<meta property=\"og:site_name\" content=\"FireWare\" \/>\n<meta property=\"article:publisher\" content=\"https:\/\/www.facebook.com\/FireWareBV\/\" \/>\n<meta property=\"article:modified_time\" content=\"2025-02-11T15:40:21+00:00\" \/>\n<meta property=\"og:image\" content=\"https:\/\/fireware.nl\/wp-content\/uploads\/2019\/01\/017-043-060-Droptest-Oefenpop-1.jpg\" \/>\n\t<meta property=\"og:image:width\" content=\"600\" \/>\n\t<meta property=\"og:image:height\" content=\"600\" \/>\n\t<meta property=\"og:image:type\" content=\"image\/jpeg\" \/>\n<meta name=\"twitter:card\" content=\"summary_large_image\" \/>\n<meta name=\"twitter:site\" content=\"@FireWarebv\" \/>\n<meta name=\"twitter:label1\" content=\"Gesch\u00e4tzte Lesezeit\" \/>\n\t<meta name=\"twitter:data1\" content=\"1\u00a0Minute\" \/>\n<script type=\"application\/ld+json\" class=\"yoast-schema-graph\">{\"@context\":\"https:\\\/\\\/schema.org\",\"@graph\":[{\"@type\":\"WebPage\",\"@id\":\"https:\\\/\\\/fireware.nl\\\/de\\\/product\\\/drop-test-trainingspuppe\\\/\",\"url\":\"https:\\\/\\\/fireware.nl\\\/de\\\/product\\\/drop-test-trainingspuppe\\\/\",\"name\":\"Ruth Lee Drop Test Trainingspuppe - FireWare\",\"isPartOf\":{\"@id\":\"https:\\\/\\\/fireware.nl\\\/de\\\/#website\"},\"primaryImageOfPage\":{\"@id\":\"https:\\\/\\\/fireware.nl\\\/de\\\/product\\\/drop-test-trainingspuppe\\\/#primaryimage\"},\"image\":{\"@id\":\"https:\\\/\\\/fireware.nl\\\/de\\\/product\\\/drop-test-trainingspuppe\\\/#primaryimage\"},\"thumbnailUrl\":\"https:\\\/\\\/fireware.nl\\\/wp-content\\\/uploads\\\/2019\\\/01\\\/017-043-060-Droptest-Oefenpop-1.jpg\",\"datePublished\":\"2019-01-23T12:19:00+00:00\",\"dateModified\":\"2025-02-11T15:40:21+00:00\",\"breadcrumb\":{\"@id\":\"https:\\\/\\\/fireware.nl\\\/de\\\/product\\\/drop-test-trainingspuppe\\\/#breadcrumb\"},\"inLanguage\":\"de\",\"potentialAction\":[{\"@type\":\"ReadAction\",\"target\":[\"https:\\\/\\\/fireware.nl\\\/de\\\/product\\\/drop-test-trainingspuppe\\\/\"]}]},{\"@type\":\"ImageObject\",\"inLanguage\":\"de\",\"@id\":\"https:\\\/\\\/fireware.nl\\\/de\\\/product\\\/drop-test-trainingspuppe\\\/#primaryimage\",\"url\":\"https:\\\/\\\/fireware.nl\\\/wp-content\\\/uploads\\\/2019\\\/01\\\/017-043-060-Droptest-Oefenpop-1.jpg\",\"contentUrl\":\"https:\\\/\\\/fireware.nl\\\/wp-content\\\/uploads\\\/2019\\\/01\\\/017-043-060-Droptest-Oefenpop-1.jpg\",\"width\":600,\"height\":600},{\"@type\":\"BreadcrumbList\",\"@id\":\"https:\\\/\\\/fireware.nl\\\/de\\\/product\\\/drop-test-trainingspuppe\\\/#breadcrumb\",\"itemListElement\":[{\"@type\":\"ListItem\",\"position\":1,\"name\":\"Home\",\"item\":\"https:\\\/\\\/fireware.nl\\\/de\\\/\"},{\"@type\":\"ListItem\",\"position\":2,\"name\":\"Produkte\",\"item\":\"https:\\\/\\\/fireware.nl\\\/de\\\/produkte\\\/\"},{\"@type\":\"ListItem\",\"position\":3,\"name\":\"Ruth Lee Drop Test Trainingspuppe\"}]},{\"@type\":\"WebSite\",\"@id\":\"https:\\\/\\\/fireware.nl\\\/de\\\/#website\",\"url\":\"https:\\\/\\\/fireware.nl\\\/de\\\/\",\"name\":\"FireWare\",\"description\":\"CREATING REALISTIC  TRAINING ENVIRONMENTS\",\"publisher\":{\"@id\":\"https:\\\/\\\/fireware.nl\\\/de\\\/#organization\"},\"potentialAction\":[{\"@type\":\"SearchAction\",\"target\":{\"@type\":\"EntryPoint\",\"urlTemplate\":\"https:\\\/\\\/fireware.nl\\\/de\\\/?s={search_term_string}\"},\"query-input\":{\"@type\":\"PropertyValueSpecification\",\"valueRequired\":true,\"valueName\":\"search_term_string\"}}],\"inLanguage\":\"de\"},{\"@type\":\"Organization\",\"@id\":\"https:\\\/\\\/fireware.nl\\\/de\\\/#organization\",\"name\":\"FireWare\",\"url\":\"https:\\\/\\\/fireware.nl\\\/de\\\/\",\"logo\":{\"@type\":\"ImageObject\",\"inLanguage\":\"de\",\"@id\":\"https:\\\/\\\/fireware.nl\\\/de\\\/#\\\/schema\\\/logo\\\/image\\\/\",\"url\":\"https:\\\/\\\/fireware.nl\\\/wp-content\\\/uploads\\\/2018\\\/10\\\/FireWare-logo.jpg\",\"contentUrl\":\"https:\\\/\\\/fireware.nl\\\/wp-content\\\/uploads\\\/2018\\\/10\\\/FireWare-logo.jpg\",\"width\":171,\"height\":70,\"caption\":\"FireWare\"},\"image\":{\"@id\":\"https:\\\/\\\/fireware.nl\\\/de\\\/#\\\/schema\\\/logo\\\/image\\\/\"},\"sameAs\":[\"https:\\\/\\\/www.facebook.com\\\/FireWareBV\\\/\",\"https:\\\/\\\/x.com\\\/FireWarebv\",\"https:\\\/\\\/www.instagram.com\\\/fireware_nl\\\/\",\"https:\\\/\\\/www.linkedin.com\\\/company\\\/3586017\\\/\",\"https:\\\/\\\/www.youtube.com\\\/user\\\/firesalesrentconsult\"]}]}<\/script>\n<!-- \/ Yoast SEO plugin. -->","yoast_head_json":{"title":"Ruth Lee Drop Test Trainingspuppe - FireWare","robots":{"index":"index","follow":"follow","max-snippet":"max-snippet:-1","max-image-preview":"max-image-preview:large","max-video-preview":"max-video-preview:-1"},"canonical":"https:\/\/fireware.nl\/de\/product\/drop-test-trainingspuppe\/","og_locale":"de_DE","og_type":"article","og_title":"Ruth Lee Drop Test Trainingspuppe - FireWare","og_description":"Zum Testen von Absturzsicherungen und Klettergurten. Ideal f\u00fcr H\u00f6henrettungs\u00fcbungen. Simuliert einen bewusstlosen Erwachsenen. Realistisches Verh\u00e4ltnis von Gr\u00f6\u00dfe zu Gewicht. Starre Ausr\u00fcstung im Rumpf verringert das Risiko eines Zusammenbruchs im Gurtzeug. Aus flammhemmendem Polyester. Extrem robust. Ausgestattet mit robusten Gummistiefeln.","og_url":"https:\/\/fireware.nl\/de\/product\/drop-test-trainingspuppe\/","og_site_name":"FireWare","article_publisher":"https:\/\/www.facebook.com\/FireWareBV\/","article_modified_time":"2025-02-11T15:40:21+00:00","og_image":[{"width":600,"height":600,"url":"https:\/\/fireware.nl\/wp-content\/uploads\/2019\/01\/017-043-060-Droptest-Oefenpop-1.jpg","type":"image\/jpeg"}],"twitter_card":"summary_large_image","twitter_site":"@FireWarebv","twitter_misc":{"Gesch\u00e4tzte Lesezeit":"1\u00a0Minute"},"schema":{"@context":"https:\/\/schema.org","@graph":[{"@type":"WebPage","@id":"https:\/\/fireware.nl\/de\/product\/drop-test-trainingspuppe\/","url":"https:\/\/fireware.nl\/de\/product\/drop-test-trainingspuppe\/","name":"Ruth Lee Drop Test Trainingspuppe - FireWare","isPartOf":{"@id":"https:\/\/fireware.nl\/de\/#website"},"primaryImageOfPage":{"@id":"https:\/\/fireware.nl\/de\/product\/drop-test-trainingspuppe\/#primaryimage"},"image":{"@id":"https:\/\/fireware.nl\/de\/product\/drop-test-trainingspuppe\/#primaryimage"},"thumbnailUrl":"https:\/\/fireware.nl\/wp-content\/uploads\/2019\/01\/017-043-060-Droptest-Oefenpop-1.jpg","datePublished":"2019-01-23T12:19:00+00:00","dateModified":"2025-02-11T15:40:21+00:00","breadcrumb":{"@id":"https:\/\/fireware.nl\/de\/product\/drop-test-trainingspuppe\/#breadcrumb"},"inLanguage":"de","potentialAction":[{"@type":"ReadAction","target":["https:\/\/fireware.nl\/de\/product\/drop-test-trainingspuppe\/"]}]},{"@type":"ImageObject","inLanguage":"de","@id":"https:\/\/fireware.nl\/de\/product\/drop-test-trainingspuppe\/#primaryimage","url":"https:\/\/fireware.nl\/wp-content\/uploads\/2019\/01\/017-043-060-Droptest-Oefenpop-1.jpg","contentUrl":"https:\/\/fireware.nl\/wp-content\/uploads\/2019\/01\/017-043-060-Droptest-Oefenpop-1.jpg","width":600,"height":600},{"@type":"BreadcrumbList","@id":"https:\/\/fireware.nl\/de\/product\/drop-test-trainingspuppe\/#breadcrumb","itemListElement":[{"@type":"ListItem","position":1,"name":"Home","item":"https:\/\/fireware.nl\/de\/"},{"@type":"ListItem","position":2,"name":"Produkte","item":"https:\/\/fireware.nl\/de\/produkte\/"},{"@type":"ListItem","position":3,"name":"Ruth Lee Drop Test Trainingspuppe"}]},{"@type":"WebSite","@id":"https:\/\/fireware.nl\/de\/#website","url":"https:\/\/fireware.nl\/de\/","name":"FireWare","description":"CREATING REALISTIC  TRAINING ENVIRONMENTS","publisher":{"@id":"https:\/\/fireware.nl\/de\/#organization"},"potentialAction":[{"@type":"SearchAction","target":{"@type":"EntryPoint","urlTemplate":"https:\/\/fireware.nl\/de\/?s={search_term_string}"},"query-input":{"@type":"PropertyValueSpecification","valueRequired":true,"valueName":"search_term_string"}}],"inLanguage":"de"},{"@type":"Organization","@id":"https:\/\/fireware.nl\/de\/#organization","name":"FireWare","url":"https:\/\/fireware.nl\/de\/","logo":{"@type":"ImageObject","inLanguage":"de","@id":"https:\/\/fireware.nl\/de\/#\/schema\/logo\/image\/","url":"https:\/\/fireware.nl\/wp-content\/uploads\/2018\/10\/FireWare-logo.jpg","contentUrl":"https:\/\/fireware.nl\/wp-content\/uploads\/2018\/10\/FireWare-logo.jpg","width":171,"height":70,"caption":"FireWare"},"image":{"@id":"https:\/\/fireware.nl\/de\/#\/schema\/logo\/image\/"},"sameAs":["https:\/\/www.facebook.com\/FireWareBV\/","https:\/\/x.com\/FireWarebv","https:\/\/www.instagram.com\/fireware_nl\/","https:\/\/www.linkedin.com\/company\/3586017\/","https:\/\/www.youtube.com\/user\/firesalesrentconsult"]}]}},"publishpress_future_workflow_manual_trigger":{"enabledWorkflows":[]},"_links":{"self":[{"href":"https:\/\/fireware.nl\/de\/wp-json\/wp\/v2\/product\/19570","targetHints":{"allow":["GET"]}}],"collection":[{"href":"https:\/\/fireware.nl\/de\/wp-json\/wp\/v2\/product"}],"about":[{"href":"https:\/\/fireware.nl\/de\/wp-json\/wp\/v2\/types\/product"}],"wp:featuredmedia":[{"embeddable":true,"href":"https:\/\/fireware.nl\/de\/wp-json\/wp\/v2\/media\/60569"}],"wp:attachment":[{"href":"https:\/\/fireware.nl\/de\/wp-json\/wp\/v2\/media?parent=19570"}],"wp:term":[{"taxonomy":"product_brand","embeddable":true,"href":"https:\/\/fireware.nl\/de\/wp-json\/wp\/v2\/product_brand?post=19570"},{"taxonomy":"product_cat","embeddable":true,"href":"https:\/\/fireware.nl\/de\/wp-json\/wp\/v2\/product_cat?post=19570"},{"taxonomy":"product_tag","embeddable":true,"href":"https:\/\/fireware.nl\/de\/wp-json\/wp\/v2\/product_tag?post=19570"}],"curies":[{"name":"wp","href":"https:\/\/api.w.org\/{rel}","templated":true}]}}