
{"id":19574,"date":"2019-01-23T12:18:49","date_gmt":"2019-01-23T12:18:49","guid":{"rendered":"http:\/\/fireware.sites.hyperhosting.co\/?post_type=product&#038;p=19574"},"modified":"2025-05-21T15:00:25","modified_gmt":"2025-05-21T15:00:25","slug":"working-at-heigt-manikin","status":"publish","type":"product","link":"https:\/\/fireware.nl\/de\/product\/working-at-heigt-manikin\/","title":{"rendered":"Ruth Lee Working at Height Manikin"},"content":{"rendered":"\r\n<h2>Ruth Lee \u00dcbungspuppen<\/h2>\r\n<p>Die Ruth Lee \u00dcbungspuppen sind f\u00fcr realistische und effektive Schulungen konzipiert. Diese Puppen sind bekannt f\u00fcr ihre Langlebigkeit und Vielseitigkeit und sind ideal f\u00fcr das Training von Feuerwehr, Betrieblichen Ersthelfern (BHV), Rettungsdiensten und anderen Hilfsdiensten. Mit Ruth Lee \u00dcbungspuppen simuliert man realistische Szenarien, wodurch Einsatzkr\u00e4fte besser auf echte Notfallsituationen vorbereitet sind. Das Sortiment umfasst Puppen f\u00fcr verschiedene Trainings und in unterschiedlichen Gr\u00f6\u00dfen und Gewichten.<\/p>\r\n<h2>Robuste, realistische Puppe f\u00fcr \u00dcbungen<\/h2>\r\n<p>Der Working at Heigt Manikin ist in verschiedenen Gewichten erh\u00e4ltlich:\u00a0 30 Kilogramm, 50 Kilogramm und\u00a0 70 Kilogramm. Diese Varianten werden ohne Helm und R\u00fcstung geliefert.<\/p>\r\n<p>Den Manikin kann man realistisch handhaben: Rettungen in eine Rautekgreep oder Nachsorge mit der stabile Seitenlage sind m\u00f6glich. Der Adult eignet sich auch f\u00fcr Rettungen aus der H\u00f6he mit einem Harnisch. Die Manikin tr\u00e4gt einen starken Overall und Gummistiefel.\u00a0 30 kg, 50 kg und 70 kg haben kr\u00e4ftigen Gummistiefeln ausgestattet die man bei Besch\u00e4digung getrennt ersetzen kann. Den Working at Height Manikin\u00a0wird weltweit von Seilrettungsteams, Baumkletterern, Arborausbildern, industriellen Rettungsteams und vielen anderen genutzt!<\/p>\r\n<p>Diese\u00a0Working at Heigt Manikin von Ruth Lee zeigt ein realistisches Verh\u00e4ltnis zwischen L\u00e4nge und Gewicht. Der Dummy ist sehr robust und kann ohne Besch\u00e4digung \u00fcberfahren werden oder aus gro\u00dfer H\u00f6he nach unten fallen.<\/p>\r\n<h2>Sehen Sie sich das Video an<\/h2>\r\n<p><iframe loading=\"lazy\" src=\"https:\/\/www.youtube.com\/embed\/TuBFIrsiSIw?hl=de&amp;cc_lang_pref=de&amp;cc_load_policy=1\" width=\"560\" height=\"315\" frameborder=\"0\" allowfullscreen=\"allowfullscreen\"><\/iframe><\/p>\r\n","protected":false},"excerpt":{"rendered":"<ul>\n<li>In den Ausf\u00fchrungen 30 kg, 50 kg und 70 kg.<\/li>\n<li>Extrem robust<\/li>\n<li>Realistische Verh\u00e4ltnis zwischen Gewicht und K\u00f6rpergr\u00f6\u00dfe.<\/li>\n<li>30 kg, 50 kg und 70 kg haben kr\u00e4ftigen Gummistiefeln ausgestattet.<\/li>\n<li>Sehr realistisch zu handhaben, das gibt das Gef\u00fchl einer ohnm\u00e4chtigen Person.Konstruiert f\u00fcr zus\u00e4tzliche Stabilit\u00e4t.<\/li>\n<li>Reduziertes Durchh\u00e4ngen bei der Verwendung eines Rettungsgurts.<\/li>\n<li>Ohne Helm und R\u00fcstung geliefert<\/li>\n<\/ul>\n","protected":false},"featured_media":61047,"template":"","meta":[],"product_brand":[],"product_cat":[210],"product_tag":[],"class_list":{"0":"post-19574","1":"product","2":"type-product","3":"status-publish","4":"has-post-thumbnail","6":"product_cat-uebungspuppen-technische-hilfeleistung","8":"first","9":"instock","10":"taxable","11":"shipping-taxable","12":"purchasable","13":"product-type-variable"},"yoast_head":"<!-- This site is optimized with the Yoast SEO plugin v27.5 - https:\/\/yoast.com\/product\/yoast-seo-wordpress\/ -->\n<title>Ruth Lee Working at Height Manikin - FireWare<\/title>\n<meta name=\"robots\" content=\"index, follow, max-snippet:-1, max-image-preview:large, max-video-preview:-1\" \/>\n<link rel=\"canonical\" href=\"https:\/\/fireware.nl\/de\/product\/working-at-heigt-manikin\/\" \/>\n<meta property=\"og:locale\" content=\"de_DE\" \/>\n<meta property=\"og:type\" content=\"article\" \/>\n<meta property=\"og:title\" content=\"Ruth Lee Working at Height Manikin - FireWare\" \/>\n<meta property=\"og:description\" content=\"In den Ausf\u00fchrungen 30 kg, 50 kg und 70 kg. Extrem robust Realistische Verh\u00e4ltnis zwischen Gewicht und K\u00f6rpergr\u00f6\u00dfe. 30 kg, 50 kg und 70 kg haben kr\u00e4ftigen Gummistiefeln ausgestattet. Sehr realistisch zu handhaben, das gibt das Gef\u00fchl einer ohnm\u00e4chtigen Person.Konstruiert f\u00fcr zus\u00e4tzliche Stabilit\u00e4t. Reduziertes Durchh\u00e4ngen bei der Verwendung eines Rettungsgurts. Ohne Helm und R\u00fcstung geliefert\" \/>\n<meta property=\"og:url\" content=\"https:\/\/fireware.nl\/de\/product\/working-at-heigt-manikin\/\" \/>\n<meta property=\"og:site_name\" content=\"FireWare\" \/>\n<meta property=\"article:publisher\" content=\"https:\/\/www.facebook.com\/FireWareBV\/\" \/>\n<meta property=\"article:modified_time\" content=\"2025-05-21T15:00:25+00:00\" \/>\n<meta property=\"og:image\" content=\"https:\/\/fireware.nl\/wp-content\/uploads\/2019\/01\/017-043-067-Working-At-Height-Oefenpop.png\" \/>\n\t<meta property=\"og:image:width\" content=\"600\" \/>\n\t<meta property=\"og:image:height\" content=\"600\" \/>\n\t<meta property=\"og:image:type\" content=\"image\/png\" \/>\n<meta name=\"twitter:card\" content=\"summary_large_image\" \/>\n<meta name=\"twitter:site\" content=\"@FireWarebv\" \/>\n<meta name=\"twitter:label1\" content=\"Gesch\u00e4tzte Lesezeit\" \/>\n\t<meta name=\"twitter:data1\" content=\"2\u00a0Minuten\" \/>\n<script type=\"application\/ld+json\" class=\"yoast-schema-graph\">{\"@context\":\"https:\\\/\\\/schema.org\",\"@graph\":[{\"@type\":\"WebPage\",\"@id\":\"https:\\\/\\\/fireware.nl\\\/de\\\/product\\\/working-at-heigt-manikin\\\/\",\"url\":\"https:\\\/\\\/fireware.nl\\\/de\\\/product\\\/working-at-heigt-manikin\\\/\",\"name\":\"Ruth Lee Working at Height Manikin - FireWare\",\"isPartOf\":{\"@id\":\"https:\\\/\\\/fireware.nl\\\/de\\\/#website\"},\"primaryImageOfPage\":{\"@id\":\"https:\\\/\\\/fireware.nl\\\/de\\\/product\\\/working-at-heigt-manikin\\\/#primaryimage\"},\"image\":{\"@id\":\"https:\\\/\\\/fireware.nl\\\/de\\\/product\\\/working-at-heigt-manikin\\\/#primaryimage\"},\"thumbnailUrl\":\"https:\\\/\\\/fireware.nl\\\/wp-content\\\/uploads\\\/2019\\\/01\\\/017-043-067-Working-At-Height-Oefenpop.png\",\"datePublished\":\"2019-01-23T12:18:49+00:00\",\"dateModified\":\"2025-05-21T15:00:25+00:00\",\"breadcrumb\":{\"@id\":\"https:\\\/\\\/fireware.nl\\\/de\\\/product\\\/working-at-heigt-manikin\\\/#breadcrumb\"},\"inLanguage\":\"de\",\"potentialAction\":[{\"@type\":\"ReadAction\",\"target\":[\"https:\\\/\\\/fireware.nl\\\/de\\\/product\\\/working-at-heigt-manikin\\\/\"]}]},{\"@type\":\"ImageObject\",\"inLanguage\":\"de\",\"@id\":\"https:\\\/\\\/fireware.nl\\\/de\\\/product\\\/working-at-heigt-manikin\\\/#primaryimage\",\"url\":\"https:\\\/\\\/fireware.nl\\\/wp-content\\\/uploads\\\/2019\\\/01\\\/017-043-067-Working-At-Height-Oefenpop.png\",\"contentUrl\":\"https:\\\/\\\/fireware.nl\\\/wp-content\\\/uploads\\\/2019\\\/01\\\/017-043-067-Working-At-Height-Oefenpop.png\",\"width\":600,\"height\":600},{\"@type\":\"BreadcrumbList\",\"@id\":\"https:\\\/\\\/fireware.nl\\\/de\\\/product\\\/working-at-heigt-manikin\\\/#breadcrumb\",\"itemListElement\":[{\"@type\":\"ListItem\",\"position\":1,\"name\":\"Home\",\"item\":\"https:\\\/\\\/fireware.nl\\\/de\\\/\"},{\"@type\":\"ListItem\",\"position\":2,\"name\":\"Produkte\",\"item\":\"https:\\\/\\\/fireware.nl\\\/de\\\/produkte\\\/\"},{\"@type\":\"ListItem\",\"position\":3,\"name\":\"Ruth Lee Working at Height Manikin\"}]},{\"@type\":\"WebSite\",\"@id\":\"https:\\\/\\\/fireware.nl\\\/de\\\/#website\",\"url\":\"https:\\\/\\\/fireware.nl\\\/de\\\/\",\"name\":\"FireWare\",\"description\":\"CREATING REALISTIC  TRAINING ENVIRONMENTS\",\"publisher\":{\"@id\":\"https:\\\/\\\/fireware.nl\\\/de\\\/#organization\"},\"potentialAction\":[{\"@type\":\"SearchAction\",\"target\":{\"@type\":\"EntryPoint\",\"urlTemplate\":\"https:\\\/\\\/fireware.nl\\\/de\\\/?s={search_term_string}\"},\"query-input\":{\"@type\":\"PropertyValueSpecification\",\"valueRequired\":true,\"valueName\":\"search_term_string\"}}],\"inLanguage\":\"de\"},{\"@type\":\"Organization\",\"@id\":\"https:\\\/\\\/fireware.nl\\\/de\\\/#organization\",\"name\":\"FireWare\",\"url\":\"https:\\\/\\\/fireware.nl\\\/de\\\/\",\"logo\":{\"@type\":\"ImageObject\",\"inLanguage\":\"de\",\"@id\":\"https:\\\/\\\/fireware.nl\\\/de\\\/#\\\/schema\\\/logo\\\/image\\\/\",\"url\":\"https:\\\/\\\/fireware.nl\\\/wp-content\\\/uploads\\\/2018\\\/10\\\/FireWare-logo.jpg\",\"contentUrl\":\"https:\\\/\\\/fireware.nl\\\/wp-content\\\/uploads\\\/2018\\\/10\\\/FireWare-logo.jpg\",\"width\":171,\"height\":70,\"caption\":\"FireWare\"},\"image\":{\"@id\":\"https:\\\/\\\/fireware.nl\\\/de\\\/#\\\/schema\\\/logo\\\/image\\\/\"},\"sameAs\":[\"https:\\\/\\\/www.facebook.com\\\/FireWareBV\\\/\",\"https:\\\/\\\/x.com\\\/FireWarebv\",\"https:\\\/\\\/www.instagram.com\\\/fireware_nl\\\/\",\"https:\\\/\\\/www.linkedin.com\\\/company\\\/3586017\\\/\",\"https:\\\/\\\/www.youtube.com\\\/user\\\/firesalesrentconsult\"]}]}<\/script>\n<!-- \/ Yoast SEO plugin. -->","yoast_head_json":{"title":"Ruth Lee Working at Height Manikin - FireWare","robots":{"index":"index","follow":"follow","max-snippet":"max-snippet:-1","max-image-preview":"max-image-preview:large","max-video-preview":"max-video-preview:-1"},"canonical":"https:\/\/fireware.nl\/de\/product\/working-at-heigt-manikin\/","og_locale":"de_DE","og_type":"article","og_title":"Ruth Lee Working at Height Manikin - FireWare","og_description":"In den Ausf\u00fchrungen 30 kg, 50 kg und 70 kg. Extrem robust Realistische Verh\u00e4ltnis zwischen Gewicht und K\u00f6rpergr\u00f6\u00dfe. 30 kg, 50 kg und 70 kg haben kr\u00e4ftigen Gummistiefeln ausgestattet. Sehr realistisch zu handhaben, das gibt das Gef\u00fchl einer ohnm\u00e4chtigen Person.Konstruiert f\u00fcr zus\u00e4tzliche Stabilit\u00e4t. Reduziertes Durchh\u00e4ngen bei der Verwendung eines Rettungsgurts. Ohne Helm und R\u00fcstung geliefert","og_url":"https:\/\/fireware.nl\/de\/product\/working-at-heigt-manikin\/","og_site_name":"FireWare","article_publisher":"https:\/\/www.facebook.com\/FireWareBV\/","article_modified_time":"2025-05-21T15:00:25+00:00","og_image":[{"width":600,"height":600,"url":"https:\/\/fireware.nl\/wp-content\/uploads\/2019\/01\/017-043-067-Working-At-Height-Oefenpop.png","type":"image\/png"}],"twitter_card":"summary_large_image","twitter_site":"@FireWarebv","twitter_misc":{"Gesch\u00e4tzte Lesezeit":"2\u00a0Minuten"},"schema":{"@context":"https:\/\/schema.org","@graph":[{"@type":"WebPage","@id":"https:\/\/fireware.nl\/de\/product\/working-at-heigt-manikin\/","url":"https:\/\/fireware.nl\/de\/product\/working-at-heigt-manikin\/","name":"Ruth Lee Working at Height Manikin - FireWare","isPartOf":{"@id":"https:\/\/fireware.nl\/de\/#website"},"primaryImageOfPage":{"@id":"https:\/\/fireware.nl\/de\/product\/working-at-heigt-manikin\/#primaryimage"},"image":{"@id":"https:\/\/fireware.nl\/de\/product\/working-at-heigt-manikin\/#primaryimage"},"thumbnailUrl":"https:\/\/fireware.nl\/wp-content\/uploads\/2019\/01\/017-043-067-Working-At-Height-Oefenpop.png","datePublished":"2019-01-23T12:18:49+00:00","dateModified":"2025-05-21T15:00:25+00:00","breadcrumb":{"@id":"https:\/\/fireware.nl\/de\/product\/working-at-heigt-manikin\/#breadcrumb"},"inLanguage":"de","potentialAction":[{"@type":"ReadAction","target":["https:\/\/fireware.nl\/de\/product\/working-at-heigt-manikin\/"]}]},{"@type":"ImageObject","inLanguage":"de","@id":"https:\/\/fireware.nl\/de\/product\/working-at-heigt-manikin\/#primaryimage","url":"https:\/\/fireware.nl\/wp-content\/uploads\/2019\/01\/017-043-067-Working-At-Height-Oefenpop.png","contentUrl":"https:\/\/fireware.nl\/wp-content\/uploads\/2019\/01\/017-043-067-Working-At-Height-Oefenpop.png","width":600,"height":600},{"@type":"BreadcrumbList","@id":"https:\/\/fireware.nl\/de\/product\/working-at-heigt-manikin\/#breadcrumb","itemListElement":[{"@type":"ListItem","position":1,"name":"Home","item":"https:\/\/fireware.nl\/de\/"},{"@type":"ListItem","position":2,"name":"Produkte","item":"https:\/\/fireware.nl\/de\/produkte\/"},{"@type":"ListItem","position":3,"name":"Ruth Lee Working at Height Manikin"}]},{"@type":"WebSite","@id":"https:\/\/fireware.nl\/de\/#website","url":"https:\/\/fireware.nl\/de\/","name":"FireWare","description":"CREATING REALISTIC  TRAINING ENVIRONMENTS","publisher":{"@id":"https:\/\/fireware.nl\/de\/#organization"},"potentialAction":[{"@type":"SearchAction","target":{"@type":"EntryPoint","urlTemplate":"https:\/\/fireware.nl\/de\/?s={search_term_string}"},"query-input":{"@type":"PropertyValueSpecification","valueRequired":true,"valueName":"search_term_string"}}],"inLanguage":"de"},{"@type":"Organization","@id":"https:\/\/fireware.nl\/de\/#organization","name":"FireWare","url":"https:\/\/fireware.nl\/de\/","logo":{"@type":"ImageObject","inLanguage":"de","@id":"https:\/\/fireware.nl\/de\/#\/schema\/logo\/image\/","url":"https:\/\/fireware.nl\/wp-content\/uploads\/2018\/10\/FireWare-logo.jpg","contentUrl":"https:\/\/fireware.nl\/wp-content\/uploads\/2018\/10\/FireWare-logo.jpg","width":171,"height":70,"caption":"FireWare"},"image":{"@id":"https:\/\/fireware.nl\/de\/#\/schema\/logo\/image\/"},"sameAs":["https:\/\/www.facebook.com\/FireWareBV\/","https:\/\/x.com\/FireWarebv","https:\/\/www.instagram.com\/fireware_nl\/","https:\/\/www.linkedin.com\/company\/3586017\/","https:\/\/www.youtube.com\/user\/firesalesrentconsult"]}]}},"publishpress_future_workflow_manual_trigger":{"enabledWorkflows":[]},"_links":{"self":[{"href":"https:\/\/fireware.nl\/de\/wp-json\/wp\/v2\/product\/19574","targetHints":{"allow":["GET"]}}],"collection":[{"href":"https:\/\/fireware.nl\/de\/wp-json\/wp\/v2\/product"}],"about":[{"href":"https:\/\/fireware.nl\/de\/wp-json\/wp\/v2\/types\/product"}],"wp:featuredmedia":[{"embeddable":true,"href":"https:\/\/fireware.nl\/de\/wp-json\/wp\/v2\/media\/61047"}],"wp:attachment":[{"href":"https:\/\/fireware.nl\/de\/wp-json\/wp\/v2\/media?parent=19574"}],"wp:term":[{"taxonomy":"product_brand","embeddable":true,"href":"https:\/\/fireware.nl\/de\/wp-json\/wp\/v2\/product_brand?post=19574"},{"taxonomy":"product_cat","embeddable":true,"href":"https:\/\/fireware.nl\/de\/wp-json\/wp\/v2\/product_cat?post=19574"},{"taxonomy":"product_tag","embeddable":true,"href":"https:\/\/fireware.nl\/de\/wp-json\/wp\/v2\/product_tag?post=19574"}],"curies":[{"name":"wp","href":"https:\/\/api.w.org\/{rel}","templated":true}]}}