
{"id":19658,"date":"2019-01-23T12:16:20","date_gmt":"2019-02-01T11:31:31","guid":{"rendered":"http:\/\/fireware.sites.hyperhosting.co\/?post_type=product&#038;p=19658"},"modified":"2022-07-14T08:42:41","modified_gmt":"2022-07-14T08:42:41","slug":"schild-feuerwehruebubg-in-plasticbox","status":"publish","type":"product","link":"https:\/\/fireware.nl\/de\/product\/schild-feuerwehruebung-in-plasticbox\/","title":{"rendered":"Schild Feuerwehr\u00fcbung in Plasticbox"},"content":{"rendered":"<h2>Hinweis bei Feuerwehr\u00fcbungen<\/h2>\n<p>In Zusammenarbeit mit der Sicherheitsregion Nordholland-Nord hat FireWare dieses neue Schild \u201eFeuerwehr\u00fcbung\u201c entwickelt. Die herk\u00f6mmlichen Schilder haben das Problem, dass sie schwierig zu transportieren und aufzubewahren sind.<\/p>\n<p>Dieses neue Schild passt in die Kisten mit den Standardma\u00dfen von FireWare. Es wird mit starken Saugn\u00e4pfen am Deckel der Kiste befestigt. Mit dem praktischen B\u00fcgel l\u00e4sst sich die Kiste dann als Stativ einsetzen. Bei Bedarf kann das Schild h\u00f6her platziert werden, indem man mehrere Kisten \u00fcbereinander stapelt.<\/p>\n<p>Das Schild l\u00e4sst sich auch allein einsetzen und mit den Saugn\u00e4pfen an einem Autowrack, einer T\u00fcr oder Fassade befestigen. Dreht man die Saugn\u00e4pfe um, kann man das Schild auch hinter ein (Auto?)Fenster platzieren. Sehr praktisch bei \u00dcbungen, bei denen die Inszenierung l\u00e4nger stehen bleibt.<\/p>\n<p>Nat\u00fcrlich wird das Set komplett mit Kiste, hochwertigem reflektierendem Schild, Saugn\u00e4pfen und St\u00fctze aus rostfreiem Stahl geliefert.<\/p>\n","protected":false},"excerpt":{"rendered":"<ul>\n<li>Reflektierendes Material.<\/li>\n<li>Mit Saugn\u00e4pfen leicht zu befestigen.<\/li>\n<li>Kann auch hinter einem Fenster oder auf Gegenst\u00e4nden platziert werden.<\/li>\n<li>Zum Gebrauch drinnen und drau\u00dfen.<\/li>\n<li>Inklusive Kunststoffbox 60 x 40 x 9 cm.<\/li>\n<\/ul>\n","protected":false},"featured_media":21547,"template":"","meta":[],"product_brand":[],"product_cat":[242,216],"product_tag":[],"class_list":{"0":"post-19658","1":"product","2":"type-product","3":"status-publish","4":"has-post-thumbnail","6":"product_cat-signalisierung","7":"product_cat-simuliertes-feuer","8":"pa_taal-deutsch","9":"pa_taal-englisch","10":"pa_taal-franzosisch","11":"pa_taal-niederlandisch","13":"first","14":"instock","15":"taxable","16":"shipping-taxable","17":"purchasable","18":"product-type-variable"},"yoast_head":"<!-- This site is optimized with the Yoast SEO plugin v27.5 - https:\/\/yoast.com\/product\/yoast-seo-wordpress\/ -->\n<title>Schild Feuerwehr\u00fcbung in Plasticbox - FireWare<\/title>\n<meta name=\"robots\" content=\"index, follow, max-snippet:-1, max-image-preview:large, max-video-preview:-1\" \/>\n<link rel=\"canonical\" href=\"https:\/\/fireware.nl\/de\/product\/schild-feuerwehruebung-in-plasticbox\/\" \/>\n<meta property=\"og:locale\" content=\"de_DE\" \/>\n<meta property=\"og:type\" content=\"article\" \/>\n<meta property=\"og:title\" content=\"Schild Feuerwehr\u00fcbung in Plasticbox - FireWare\" \/>\n<meta property=\"og:description\" content=\"Reflektierendes Material.  Mit Saugn\u00e4pfen leicht zu befestigen.  Kann auch hinter einem Fenster oder auf Gegenst\u00e4nden platziert werden.  Zum Gebrauch drinnen und drau\u00dfen.  Inklusive Kunststoffbox 60 x 40 x 9 cm.\" \/>\n<meta property=\"og:url\" content=\"https:\/\/fireware.nl\/de\/product\/schild-feuerwehruebung-in-plasticbox\/\" \/>\n<meta property=\"og:site_name\" content=\"FireWare\" \/>\n<meta property=\"article:publisher\" content=\"https:\/\/www.facebook.com\/FireWareBV\/\" \/>\n<meta property=\"article:modified_time\" content=\"2022-07-14T08:42:41+00:00\" \/>\n<meta property=\"og:image\" content=\"https:\/\/fireware.nl\/wp-content\/uploads\/2019\/01\/028-012-003-Bord-Brandweeroefening-Voorkant.jpg\" \/>\n\t<meta property=\"og:image:width\" content=\"600\" \/>\n\t<meta property=\"og:image:height\" content=\"600\" \/>\n\t<meta property=\"og:image:type\" content=\"image\/jpeg\" \/>\n<meta name=\"twitter:card\" content=\"summary_large_image\" \/>\n<meta name=\"twitter:site\" content=\"@FireWarebv\" \/>\n<meta name=\"twitter:label1\" content=\"Gesch\u00e4tzte Lesezeit\" \/>\n\t<meta name=\"twitter:data1\" content=\"1\u00a0Minute\" \/>\n<script type=\"application\/ld+json\" class=\"yoast-schema-graph\">{\"@context\":\"https:\\\/\\\/schema.org\",\"@graph\":[{\"@type\":\"WebPage\",\"@id\":\"https:\\\/\\\/fireware.nl\\\/de\\\/product\\\/schild-feuerwehruebung-in-plasticbox\\\/\",\"url\":\"https:\\\/\\\/fireware.nl\\\/de\\\/product\\\/schild-feuerwehruebung-in-plasticbox\\\/\",\"name\":\"Schild Feuerwehr\u00fcbung in Plasticbox - FireWare\",\"isPartOf\":{\"@id\":\"https:\\\/\\\/fireware.nl\\\/de\\\/#website\"},\"primaryImageOfPage\":{\"@id\":\"https:\\\/\\\/fireware.nl\\\/de\\\/product\\\/schild-feuerwehruebung-in-plasticbox\\\/#primaryimage\"},\"image\":{\"@id\":\"https:\\\/\\\/fireware.nl\\\/de\\\/product\\\/schild-feuerwehruebung-in-plasticbox\\\/#primaryimage\"},\"thumbnailUrl\":\"https:\\\/\\\/fireware.nl\\\/wp-content\\\/uploads\\\/2019\\\/01\\\/028-012-003-Bord-Brandweeroefening-Voorkant.jpg\",\"datePublished\":\"2019-02-01T11:31:31+00:00\",\"dateModified\":\"2022-07-14T08:42:41+00:00\",\"breadcrumb\":{\"@id\":\"https:\\\/\\\/fireware.nl\\\/de\\\/product\\\/schild-feuerwehruebung-in-plasticbox\\\/#breadcrumb\"},\"inLanguage\":\"de\",\"potentialAction\":[{\"@type\":\"ReadAction\",\"target\":[\"https:\\\/\\\/fireware.nl\\\/de\\\/product\\\/schild-feuerwehruebung-in-plasticbox\\\/\"]}]},{\"@type\":\"ImageObject\",\"inLanguage\":\"de\",\"@id\":\"https:\\\/\\\/fireware.nl\\\/de\\\/product\\\/schild-feuerwehruebung-in-plasticbox\\\/#primaryimage\",\"url\":\"https:\\\/\\\/fireware.nl\\\/wp-content\\\/uploads\\\/2019\\\/01\\\/028-012-003-Bord-Brandweeroefening-Voorkant.jpg\",\"contentUrl\":\"https:\\\/\\\/fireware.nl\\\/wp-content\\\/uploads\\\/2019\\\/01\\\/028-012-003-Bord-Brandweeroefening-Voorkant.jpg\",\"width\":600,\"height\":600,\"caption\":\"028-012-003 Bord Brandweeroefening Voorkant\"},{\"@type\":\"BreadcrumbList\",\"@id\":\"https:\\\/\\\/fireware.nl\\\/de\\\/product\\\/schild-feuerwehruebung-in-plasticbox\\\/#breadcrumb\",\"itemListElement\":[{\"@type\":\"ListItem\",\"position\":1,\"name\":\"Home\",\"item\":\"https:\\\/\\\/fireware.nl\\\/de\\\/\"},{\"@type\":\"ListItem\",\"position\":2,\"name\":\"Produkte\",\"item\":\"https:\\\/\\\/fireware.nl\\\/de\\\/produkte\\\/\"},{\"@type\":\"ListItem\",\"position\":3,\"name\":\"Schild Feuerwehr\u00fcbung in Plasticbox\"}]},{\"@type\":\"WebSite\",\"@id\":\"https:\\\/\\\/fireware.nl\\\/de\\\/#website\",\"url\":\"https:\\\/\\\/fireware.nl\\\/de\\\/\",\"name\":\"FireWare\",\"description\":\"CREATING REALISTIC  TRAINING ENVIRONMENTS\",\"publisher\":{\"@id\":\"https:\\\/\\\/fireware.nl\\\/de\\\/#organization\"},\"potentialAction\":[{\"@type\":\"SearchAction\",\"target\":{\"@type\":\"EntryPoint\",\"urlTemplate\":\"https:\\\/\\\/fireware.nl\\\/de\\\/?s={search_term_string}\"},\"query-input\":{\"@type\":\"PropertyValueSpecification\",\"valueRequired\":true,\"valueName\":\"search_term_string\"}}],\"inLanguage\":\"de\"},{\"@type\":\"Organization\",\"@id\":\"https:\\\/\\\/fireware.nl\\\/de\\\/#organization\",\"name\":\"FireWare\",\"url\":\"https:\\\/\\\/fireware.nl\\\/de\\\/\",\"logo\":{\"@type\":\"ImageObject\",\"inLanguage\":\"de\",\"@id\":\"https:\\\/\\\/fireware.nl\\\/de\\\/#\\\/schema\\\/logo\\\/image\\\/\",\"url\":\"https:\\\/\\\/fireware.nl\\\/wp-content\\\/uploads\\\/2018\\\/10\\\/FireWare-logo.jpg\",\"contentUrl\":\"https:\\\/\\\/fireware.nl\\\/wp-content\\\/uploads\\\/2018\\\/10\\\/FireWare-logo.jpg\",\"width\":171,\"height\":70,\"caption\":\"FireWare\"},\"image\":{\"@id\":\"https:\\\/\\\/fireware.nl\\\/de\\\/#\\\/schema\\\/logo\\\/image\\\/\"},\"sameAs\":[\"https:\\\/\\\/www.facebook.com\\\/FireWareBV\\\/\",\"https:\\\/\\\/x.com\\\/FireWarebv\",\"https:\\\/\\\/www.instagram.com\\\/fireware_nl\\\/\",\"https:\\\/\\\/www.linkedin.com\\\/company\\\/3586017\\\/\",\"https:\\\/\\\/www.youtube.com\\\/user\\\/firesalesrentconsult\"]}]}<\/script>\n<!-- \/ Yoast SEO plugin. -->","yoast_head_json":{"title":"Schild Feuerwehr\u00fcbung in Plasticbox - FireWare","robots":{"index":"index","follow":"follow","max-snippet":"max-snippet:-1","max-image-preview":"max-image-preview:large","max-video-preview":"max-video-preview:-1"},"canonical":"https:\/\/fireware.nl\/de\/product\/schild-feuerwehruebung-in-plasticbox\/","og_locale":"de_DE","og_type":"article","og_title":"Schild Feuerwehr\u00fcbung in Plasticbox - FireWare","og_description":"Reflektierendes Material.  Mit Saugn\u00e4pfen leicht zu befestigen.  Kann auch hinter einem Fenster oder auf Gegenst\u00e4nden platziert werden.  Zum Gebrauch drinnen und drau\u00dfen.  Inklusive Kunststoffbox 60 x 40 x 9 cm.","og_url":"https:\/\/fireware.nl\/de\/product\/schild-feuerwehruebung-in-plasticbox\/","og_site_name":"FireWare","article_publisher":"https:\/\/www.facebook.com\/FireWareBV\/","article_modified_time":"2022-07-14T08:42:41+00:00","og_image":[{"width":600,"height":600,"url":"https:\/\/fireware.nl\/wp-content\/uploads\/2019\/01\/028-012-003-Bord-Brandweeroefening-Voorkant.jpg","type":"image\/jpeg"}],"twitter_card":"summary_large_image","twitter_site":"@FireWarebv","twitter_misc":{"Gesch\u00e4tzte Lesezeit":"1\u00a0Minute"},"schema":{"@context":"https:\/\/schema.org","@graph":[{"@type":"WebPage","@id":"https:\/\/fireware.nl\/de\/product\/schild-feuerwehruebung-in-plasticbox\/","url":"https:\/\/fireware.nl\/de\/product\/schild-feuerwehruebung-in-plasticbox\/","name":"Schild Feuerwehr\u00fcbung in Plasticbox - FireWare","isPartOf":{"@id":"https:\/\/fireware.nl\/de\/#website"},"primaryImageOfPage":{"@id":"https:\/\/fireware.nl\/de\/product\/schild-feuerwehruebung-in-plasticbox\/#primaryimage"},"image":{"@id":"https:\/\/fireware.nl\/de\/product\/schild-feuerwehruebung-in-plasticbox\/#primaryimage"},"thumbnailUrl":"https:\/\/fireware.nl\/wp-content\/uploads\/2019\/01\/028-012-003-Bord-Brandweeroefening-Voorkant.jpg","datePublished":"2019-02-01T11:31:31+00:00","dateModified":"2022-07-14T08:42:41+00:00","breadcrumb":{"@id":"https:\/\/fireware.nl\/de\/product\/schild-feuerwehruebung-in-plasticbox\/#breadcrumb"},"inLanguage":"de","potentialAction":[{"@type":"ReadAction","target":["https:\/\/fireware.nl\/de\/product\/schild-feuerwehruebung-in-plasticbox\/"]}]},{"@type":"ImageObject","inLanguage":"de","@id":"https:\/\/fireware.nl\/de\/product\/schild-feuerwehruebung-in-plasticbox\/#primaryimage","url":"https:\/\/fireware.nl\/wp-content\/uploads\/2019\/01\/028-012-003-Bord-Brandweeroefening-Voorkant.jpg","contentUrl":"https:\/\/fireware.nl\/wp-content\/uploads\/2019\/01\/028-012-003-Bord-Brandweeroefening-Voorkant.jpg","width":600,"height":600,"caption":"028-012-003 Bord Brandweeroefening Voorkant"},{"@type":"BreadcrumbList","@id":"https:\/\/fireware.nl\/de\/product\/schild-feuerwehruebung-in-plasticbox\/#breadcrumb","itemListElement":[{"@type":"ListItem","position":1,"name":"Home","item":"https:\/\/fireware.nl\/de\/"},{"@type":"ListItem","position":2,"name":"Produkte","item":"https:\/\/fireware.nl\/de\/produkte\/"},{"@type":"ListItem","position":3,"name":"Schild Feuerwehr\u00fcbung in Plasticbox"}]},{"@type":"WebSite","@id":"https:\/\/fireware.nl\/de\/#website","url":"https:\/\/fireware.nl\/de\/","name":"FireWare","description":"CREATING REALISTIC  TRAINING ENVIRONMENTS","publisher":{"@id":"https:\/\/fireware.nl\/de\/#organization"},"potentialAction":[{"@type":"SearchAction","target":{"@type":"EntryPoint","urlTemplate":"https:\/\/fireware.nl\/de\/?s={search_term_string}"},"query-input":{"@type":"PropertyValueSpecification","valueRequired":true,"valueName":"search_term_string"}}],"inLanguage":"de"},{"@type":"Organization","@id":"https:\/\/fireware.nl\/de\/#organization","name":"FireWare","url":"https:\/\/fireware.nl\/de\/","logo":{"@type":"ImageObject","inLanguage":"de","@id":"https:\/\/fireware.nl\/de\/#\/schema\/logo\/image\/","url":"https:\/\/fireware.nl\/wp-content\/uploads\/2018\/10\/FireWare-logo.jpg","contentUrl":"https:\/\/fireware.nl\/wp-content\/uploads\/2018\/10\/FireWare-logo.jpg","width":171,"height":70,"caption":"FireWare"},"image":{"@id":"https:\/\/fireware.nl\/de\/#\/schema\/logo\/image\/"},"sameAs":["https:\/\/www.facebook.com\/FireWareBV\/","https:\/\/x.com\/FireWarebv","https:\/\/www.instagram.com\/fireware_nl\/","https:\/\/www.linkedin.com\/company\/3586017\/","https:\/\/www.youtube.com\/user\/firesalesrentconsult"]}]}},"publishpress_future_workflow_manual_trigger":{"enabledWorkflows":[]},"_links":{"self":[{"href":"https:\/\/fireware.nl\/de\/wp-json\/wp\/v2\/product\/19658","targetHints":{"allow":["GET"]}}],"collection":[{"href":"https:\/\/fireware.nl\/de\/wp-json\/wp\/v2\/product"}],"about":[{"href":"https:\/\/fireware.nl\/de\/wp-json\/wp\/v2\/types\/product"}],"wp:featuredmedia":[{"embeddable":true,"href":"https:\/\/fireware.nl\/de\/wp-json\/wp\/v2\/media\/21547"}],"wp:attachment":[{"href":"https:\/\/fireware.nl\/de\/wp-json\/wp\/v2\/media?parent=19658"}],"wp:term":[{"taxonomy":"product_brand","embeddable":true,"href":"https:\/\/fireware.nl\/de\/wp-json\/wp\/v2\/product_brand?post=19658"},{"taxonomy":"product_cat","embeddable":true,"href":"https:\/\/fireware.nl\/de\/wp-json\/wp\/v2\/product_cat?post=19658"},{"taxonomy":"product_tag","embeddable":true,"href":"https:\/\/fireware.nl\/de\/wp-json\/wp\/v2\/product_tag?post=19658"}],"curies":[{"name":"wp","href":"https:\/\/api.w.org\/{rel}","templated":true}]}}