
{"id":19731,"date":"2019-01-23T12:16:31","date_gmt":"2019-01-23T12:16:31","guid":{"rendered":"http:\/\/fireware.sites.hyperhosting.co\/?post_type=product&#038;p=19731"},"modified":"2025-11-27T14:27:36","modified_gmt":"2025-11-27T14:27:36","slug":"ersats-silkflame","status":"publish","type":"product","link":"https:\/\/fireware.nl\/de\/product\/ersats-silkflame\/","title":{"rendered":"Ersats Silkflame"},"content":{"rendered":"<p>Silkflames\u00a0k\u00f6nnen nach einer gewissen Zeit schwer werden und verschmutzen. Das passiert vor allem, wenn Sie die Flamme regelm\u00e4\u00dfig mit Rauch kombinieren. Wenn Sie die T\u00fccher nach einer \u00dcbung mit lauwarmem Wasser sp\u00fclen und trocknen lassen, behalten Sie eine sch\u00f6ne Wirkung.<\/p>\n<p>Aber im Laufe der Zeit verschlei\u00dft das Tuch dennoch. Bei Verschlei\u00df oder Besch\u00e4digung der Flamme m\u00fcssen Sie kein neues Ger\u00e4t anschaffen, es gen\u00fcgt, eine einzelne Flamme zu bestellen.<\/p>\n<p>Die Flamme ist in verschiedenen Formaten und in zwei Farben erh\u00e4ltlich. Sie k\u00f6nnen die wei\u00dfe Flamme am besten im D\u00e4mmerlicht oder im Dunkeln verwenden, da die Flamme mit Licht eingef\u00e4rbt wird. Dieses Licht kann allerdings tags\u00fcber schlecht sichtbar sein. Daher gibt es f\u00fcr die Verwendung bei Tageslicht f\u00fcr einige Varianten auch eine orangefarbene Flamme.<\/p>\n","protected":false},"excerpt":{"rendered":"<ul>\n<li data-start=\"253\" data-end=\"324\">Seidenes Tuch f\u00fcr einen Silkflame.<\/li>\n<li>In verschiedenen Formaten erh\u00e4ltlich.<\/li>\n<li>In Wei\u00df erh\u00e4ltlich f\u00fcr die Verwendung im D\u00e4mmerlicht oder im Dunkeln.<\/li>\n<li>F\u00fcr einige Varianten gibt es eine orangefarbene Version zum Einsatz bei Tageslicht.<\/li>\n<\/ul>\n","protected":false},"featured_media":21662,"template":"","meta":[],"product_brand":[],"product_cat":[216],"product_tag":[],"class_list":{"0":"post-19731","1":"product","2":"type-product","3":"status-publish","4":"has-post-thumbnail","6":"product_cat-simuliertes-feuer","8":"first","9":"instock","10":"taxable","11":"shipping-taxable","12":"purchasable","13":"product-type-variable"},"yoast_head":"<!-- This site is optimized with the Yoast SEO plugin v27.5 - https:\/\/yoast.com\/product\/yoast-seo-wordpress\/ -->\n<title>Ersats Silkflame - FireWare<\/title>\n<meta name=\"robots\" content=\"index, follow, max-snippet:-1, max-image-preview:large, max-video-preview:-1\" \/>\n<link rel=\"canonical\" href=\"https:\/\/fireware.nl\/de\/product\/ersats-silkflame\/\" \/>\n<meta property=\"og:locale\" content=\"de_DE\" \/>\n<meta property=\"og:type\" content=\"article\" \/>\n<meta property=\"og:title\" content=\"Ersats Silkflame - FireWare\" \/>\n<meta property=\"og:description\" content=\"Seidenes Tuch f\u00fcr einen Silkflame.  In verschiedenen Formaten erh\u00e4ltlich.  In Wei\u00df erh\u00e4ltlich f\u00fcr die Verwendung im D\u00e4mmerlicht oder im Dunkeln.  F\u00fcr einige Varianten gibt es eine orangefarbene Version zum Einsatz bei Tageslicht.\" \/>\n<meta property=\"og:url\" content=\"https:\/\/fireware.nl\/de\/product\/ersats-silkflame\/\" \/>\n<meta property=\"og:site_name\" content=\"FireWare\" \/>\n<meta property=\"article:publisher\" content=\"https:\/\/www.facebook.com\/FireWareBV\/\" \/>\n<meta property=\"article:modified_time\" content=\"2025-11-27T14:27:36+00:00\" \/>\n<meta property=\"og:image\" content=\"https:\/\/fireware.nl\/wp-content\/uploads\/2019\/01\/013-004-001-Reserve-silk-Mini-silkflame.jpg\" \/>\n\t<meta property=\"og:image:width\" content=\"600\" \/>\n\t<meta property=\"og:image:height\" content=\"600\" \/>\n\t<meta property=\"og:image:type\" content=\"image\/jpeg\" \/>\n<meta name=\"twitter:card\" content=\"summary_large_image\" \/>\n<meta name=\"twitter:site\" content=\"@FireWarebv\" \/>\n<meta name=\"twitter:label1\" content=\"Gesch\u00e4tzte Lesezeit\" \/>\n\t<meta name=\"twitter:data1\" content=\"1\u00a0Minute\" \/>\n<script type=\"application\/ld+json\" class=\"yoast-schema-graph\">{\"@context\":\"https:\\\/\\\/schema.org\",\"@graph\":[{\"@type\":\"WebPage\",\"@id\":\"https:\\\/\\\/fireware.nl\\\/de\\\/product\\\/ersats-silkflame\\\/\",\"url\":\"https:\\\/\\\/fireware.nl\\\/de\\\/product\\\/ersats-silkflame\\\/\",\"name\":\"Ersats Silkflame - FireWare\",\"isPartOf\":{\"@id\":\"https:\\\/\\\/fireware.nl\\\/de\\\/#website\"},\"primaryImageOfPage\":{\"@id\":\"https:\\\/\\\/fireware.nl\\\/de\\\/product\\\/ersats-silkflame\\\/#primaryimage\"},\"image\":{\"@id\":\"https:\\\/\\\/fireware.nl\\\/de\\\/product\\\/ersats-silkflame\\\/#primaryimage\"},\"thumbnailUrl\":\"https:\\\/\\\/fireware.nl\\\/wp-content\\\/uploads\\\/2019\\\/01\\\/013-004-001-Reserve-silk-Mini-silkflame.jpg\",\"datePublished\":\"2019-01-23T12:16:31+00:00\",\"dateModified\":\"2025-11-27T14:27:36+00:00\",\"breadcrumb\":{\"@id\":\"https:\\\/\\\/fireware.nl\\\/de\\\/product\\\/ersats-silkflame\\\/#breadcrumb\"},\"inLanguage\":\"de\",\"potentialAction\":[{\"@type\":\"ReadAction\",\"target\":[\"https:\\\/\\\/fireware.nl\\\/de\\\/product\\\/ersats-silkflame\\\/\"]}]},{\"@type\":\"ImageObject\",\"inLanguage\":\"de\",\"@id\":\"https:\\\/\\\/fireware.nl\\\/de\\\/product\\\/ersats-silkflame\\\/#primaryimage\",\"url\":\"https:\\\/\\\/fireware.nl\\\/wp-content\\\/uploads\\\/2019\\\/01\\\/013-004-001-Reserve-silk-Mini-silkflame.jpg\",\"contentUrl\":\"https:\\\/\\\/fireware.nl\\\/wp-content\\\/uploads\\\/2019\\\/01\\\/013-004-001-Reserve-silk-Mini-silkflame.jpg\",\"width\":600,\"height\":600,\"caption\":\"013-004-001 Reserve silk Mini silkflame\"},{\"@type\":\"BreadcrumbList\",\"@id\":\"https:\\\/\\\/fireware.nl\\\/de\\\/product\\\/ersats-silkflame\\\/#breadcrumb\",\"itemListElement\":[{\"@type\":\"ListItem\",\"position\":1,\"name\":\"Home\",\"item\":\"https:\\\/\\\/fireware.nl\\\/de\\\/\"},{\"@type\":\"ListItem\",\"position\":2,\"name\":\"Produkte\",\"item\":\"https:\\\/\\\/fireware.nl\\\/de\\\/produkte\\\/\"},{\"@type\":\"ListItem\",\"position\":3,\"name\":\"Ersats Silkflame\"}]},{\"@type\":\"WebSite\",\"@id\":\"https:\\\/\\\/fireware.nl\\\/de\\\/#website\",\"url\":\"https:\\\/\\\/fireware.nl\\\/de\\\/\",\"name\":\"FireWare\",\"description\":\"CREATING REALISTIC  TRAINING ENVIRONMENTS\",\"publisher\":{\"@id\":\"https:\\\/\\\/fireware.nl\\\/de\\\/#organization\"},\"potentialAction\":[{\"@type\":\"SearchAction\",\"target\":{\"@type\":\"EntryPoint\",\"urlTemplate\":\"https:\\\/\\\/fireware.nl\\\/de\\\/?s={search_term_string}\"},\"query-input\":{\"@type\":\"PropertyValueSpecification\",\"valueRequired\":true,\"valueName\":\"search_term_string\"}}],\"inLanguage\":\"de\"},{\"@type\":\"Organization\",\"@id\":\"https:\\\/\\\/fireware.nl\\\/de\\\/#organization\",\"name\":\"FireWare\",\"url\":\"https:\\\/\\\/fireware.nl\\\/de\\\/\",\"logo\":{\"@type\":\"ImageObject\",\"inLanguage\":\"de\",\"@id\":\"https:\\\/\\\/fireware.nl\\\/de\\\/#\\\/schema\\\/logo\\\/image\\\/\",\"url\":\"https:\\\/\\\/fireware.nl\\\/wp-content\\\/uploads\\\/2018\\\/10\\\/FireWare-logo.jpg\",\"contentUrl\":\"https:\\\/\\\/fireware.nl\\\/wp-content\\\/uploads\\\/2018\\\/10\\\/FireWare-logo.jpg\",\"width\":171,\"height\":70,\"caption\":\"FireWare\"},\"image\":{\"@id\":\"https:\\\/\\\/fireware.nl\\\/de\\\/#\\\/schema\\\/logo\\\/image\\\/\"},\"sameAs\":[\"https:\\\/\\\/www.facebook.com\\\/FireWareBV\\\/\",\"https:\\\/\\\/x.com\\\/FireWarebv\",\"https:\\\/\\\/www.instagram.com\\\/fireware_nl\\\/\",\"https:\\\/\\\/www.linkedin.com\\\/company\\\/3586017\\\/\",\"https:\\\/\\\/www.youtube.com\\\/user\\\/firesalesrentconsult\"]}]}<\/script>\n<!-- \/ Yoast SEO plugin. -->","yoast_head_json":{"title":"Ersats Silkflame - FireWare","robots":{"index":"index","follow":"follow","max-snippet":"max-snippet:-1","max-image-preview":"max-image-preview:large","max-video-preview":"max-video-preview:-1"},"canonical":"https:\/\/fireware.nl\/de\/product\/ersats-silkflame\/","og_locale":"de_DE","og_type":"article","og_title":"Ersats Silkflame - FireWare","og_description":"Seidenes Tuch f\u00fcr einen Silkflame.  In verschiedenen Formaten erh\u00e4ltlich.  In Wei\u00df erh\u00e4ltlich f\u00fcr die Verwendung im D\u00e4mmerlicht oder im Dunkeln.  F\u00fcr einige Varianten gibt es eine orangefarbene Version zum Einsatz bei Tageslicht.","og_url":"https:\/\/fireware.nl\/de\/product\/ersats-silkflame\/","og_site_name":"FireWare","article_publisher":"https:\/\/www.facebook.com\/FireWareBV\/","article_modified_time":"2025-11-27T14:27:36+00:00","og_image":[{"width":600,"height":600,"url":"https:\/\/fireware.nl\/wp-content\/uploads\/2019\/01\/013-004-001-Reserve-silk-Mini-silkflame.jpg","type":"image\/jpeg"}],"twitter_card":"summary_large_image","twitter_site":"@FireWarebv","twitter_misc":{"Gesch\u00e4tzte Lesezeit":"1\u00a0Minute"},"schema":{"@context":"https:\/\/schema.org","@graph":[{"@type":"WebPage","@id":"https:\/\/fireware.nl\/de\/product\/ersats-silkflame\/","url":"https:\/\/fireware.nl\/de\/product\/ersats-silkflame\/","name":"Ersats Silkflame - FireWare","isPartOf":{"@id":"https:\/\/fireware.nl\/de\/#website"},"primaryImageOfPage":{"@id":"https:\/\/fireware.nl\/de\/product\/ersats-silkflame\/#primaryimage"},"image":{"@id":"https:\/\/fireware.nl\/de\/product\/ersats-silkflame\/#primaryimage"},"thumbnailUrl":"https:\/\/fireware.nl\/wp-content\/uploads\/2019\/01\/013-004-001-Reserve-silk-Mini-silkflame.jpg","datePublished":"2019-01-23T12:16:31+00:00","dateModified":"2025-11-27T14:27:36+00:00","breadcrumb":{"@id":"https:\/\/fireware.nl\/de\/product\/ersats-silkflame\/#breadcrumb"},"inLanguage":"de","potentialAction":[{"@type":"ReadAction","target":["https:\/\/fireware.nl\/de\/product\/ersats-silkflame\/"]}]},{"@type":"ImageObject","inLanguage":"de","@id":"https:\/\/fireware.nl\/de\/product\/ersats-silkflame\/#primaryimage","url":"https:\/\/fireware.nl\/wp-content\/uploads\/2019\/01\/013-004-001-Reserve-silk-Mini-silkflame.jpg","contentUrl":"https:\/\/fireware.nl\/wp-content\/uploads\/2019\/01\/013-004-001-Reserve-silk-Mini-silkflame.jpg","width":600,"height":600,"caption":"013-004-001 Reserve silk Mini silkflame"},{"@type":"BreadcrumbList","@id":"https:\/\/fireware.nl\/de\/product\/ersats-silkflame\/#breadcrumb","itemListElement":[{"@type":"ListItem","position":1,"name":"Home","item":"https:\/\/fireware.nl\/de\/"},{"@type":"ListItem","position":2,"name":"Produkte","item":"https:\/\/fireware.nl\/de\/produkte\/"},{"@type":"ListItem","position":3,"name":"Ersats Silkflame"}]},{"@type":"WebSite","@id":"https:\/\/fireware.nl\/de\/#website","url":"https:\/\/fireware.nl\/de\/","name":"FireWare","description":"CREATING REALISTIC  TRAINING ENVIRONMENTS","publisher":{"@id":"https:\/\/fireware.nl\/de\/#organization"},"potentialAction":[{"@type":"SearchAction","target":{"@type":"EntryPoint","urlTemplate":"https:\/\/fireware.nl\/de\/?s={search_term_string}"},"query-input":{"@type":"PropertyValueSpecification","valueRequired":true,"valueName":"search_term_string"}}],"inLanguage":"de"},{"@type":"Organization","@id":"https:\/\/fireware.nl\/de\/#organization","name":"FireWare","url":"https:\/\/fireware.nl\/de\/","logo":{"@type":"ImageObject","inLanguage":"de","@id":"https:\/\/fireware.nl\/de\/#\/schema\/logo\/image\/","url":"https:\/\/fireware.nl\/wp-content\/uploads\/2018\/10\/FireWare-logo.jpg","contentUrl":"https:\/\/fireware.nl\/wp-content\/uploads\/2018\/10\/FireWare-logo.jpg","width":171,"height":70,"caption":"FireWare"},"image":{"@id":"https:\/\/fireware.nl\/de\/#\/schema\/logo\/image\/"},"sameAs":["https:\/\/www.facebook.com\/FireWareBV\/","https:\/\/x.com\/FireWarebv","https:\/\/www.instagram.com\/fireware_nl\/","https:\/\/www.linkedin.com\/company\/3586017\/","https:\/\/www.youtube.com\/user\/firesalesrentconsult"]}]}},"publishpress_future_workflow_manual_trigger":{"enabledWorkflows":[]},"_links":{"self":[{"href":"https:\/\/fireware.nl\/de\/wp-json\/wp\/v2\/product\/19731","targetHints":{"allow":["GET"]}}],"collection":[{"href":"https:\/\/fireware.nl\/de\/wp-json\/wp\/v2\/product"}],"about":[{"href":"https:\/\/fireware.nl\/de\/wp-json\/wp\/v2\/types\/product"}],"wp:featuredmedia":[{"embeddable":true,"href":"https:\/\/fireware.nl\/de\/wp-json\/wp\/v2\/media\/21662"}],"wp:attachment":[{"href":"https:\/\/fireware.nl\/de\/wp-json\/wp\/v2\/media?parent=19731"}],"wp:term":[{"taxonomy":"product_brand","embeddable":true,"href":"https:\/\/fireware.nl\/de\/wp-json\/wp\/v2\/product_brand?post=19731"},{"taxonomy":"product_cat","embeddable":true,"href":"https:\/\/fireware.nl\/de\/wp-json\/wp\/v2\/product_cat?post=19731"},{"taxonomy":"product_tag","embeddable":true,"href":"https:\/\/fireware.nl\/de\/wp-json\/wp\/v2\/product_tag?post=19731"}],"curies":[{"name":"wp","href":"https:\/\/api.w.org\/{rel}","templated":true}]}}