
{"id":19817,"date":"2019-01-23T12:15:30","date_gmt":"2019-01-23T12:15:30","guid":{"rendered":"http:\/\/fireware.sites.hyperhosting.co\/?post_type=product&#038;p=19817"},"modified":"2021-10-01T11:47:29","modified_gmt":"2021-10-01T11:47:29","slug":"adr-zahlenset-magnetisch","status":"publish","type":"product","link":"https:\/\/fireware.nl\/de\/product\/adr-zahlenset-magnetisch\/","title":{"rendered":"ADR Zahlenset Magnetisch"},"content":{"rendered":"\r\n<h2>Geben Sie mit Hilfe von UN-Zahlen an welcher Gefahrstoff transportiert wird.<\/h2>\r\n<p>Mit dem ADR Zahlenset Magnetisch kann man mit Hilfe von UN-Zahlen angeben, welcher Stoff transportiert wird. Man kann damit m\u00f6gliche Gefahren f\u00fcr den Transport anzeigen. Hilfeleistende m\u00fcssen diese Bezeichnungen kennen.\u00a0Fahrzeuge mit einem ADR-Code auszustatten ist eine sch\u00f6ne und n\u00fctzliche Zusatz\u00fcbung.\u00a0 Man muss dann festlegen, welchen Einsatz man \u00fcben will. Werden verschiedene Gefahrenbezeichnungen verwendet, kann man sich bei ein- und derselben Inszenierung daf\u00fcr entscheiden, einen ganz anderen Einsatz zu \u00fcben.<\/p>\r\n<p>Das Set ist vollst\u00e4ndig magnetisch und besteht aus Tafeln mit den Zahlen 0 bis 9 und einer Tafel mit einem \u201cX\u201d. Mit den Zahlen k\u00f6nnen Sie die Gefahrenklasse des transportierten Stoffes sowie die Risiken angeben. Mit dem Buchstaben X k\u00f6nnen Sie angeben, dass man nicht mit Wasser l\u00f6schen darf.\u00a0Die Zahlentafeln werden mit Kunststoffkiste geliefert<\/p>\r\n","protected":false},"excerpt":{"rendered":"<ul>\n<li>Zahlen, mit denen man angeben kann, welcher Stoff transportiert wird.<\/li>\n<li>Gibt m\u00f6gliche Gefahren beim Transport an.<\/li>\n<li>Gibt an, ob mit Wasser gel\u00f6scht werden darf.<\/li>\n<li>Gibt Gefahrenklasse und Risiken an.<\/li>\n<li>Vollst\u00e4ndig magnetisch<\/li>\n<li>Inklusive Kunststoffbox 40*30*8 cm<\/li>\n<li>Tafeln mit den Zahlen 0-9 und X, allen Viermaal.<\/li>\n<\/ul>\n","protected":false},"featured_media":50806,"template":"","meta":[],"product_brand":[],"product_cat":[219],"product_tag":[],"class_list":{"0":"post-19817","1":"product","2":"type-product","3":"status-publish","4":"has-post-thumbnail","6":"product_cat-cbrne-de","8":"first","9":"instock","10":"taxable","11":"shipping-taxable","12":"purchasable","13":"product-type-simple"},"yoast_head":"<!-- This site is optimized with the Yoast SEO plugin v27.5 - https:\/\/yoast.com\/product\/yoast-seo-wordpress\/ -->\n<title>ADR Zahlenset Magnetisch - FireWare<\/title>\n<meta name=\"robots\" content=\"index, follow, max-snippet:-1, max-image-preview:large, max-video-preview:-1\" \/>\n<link rel=\"canonical\" href=\"https:\/\/fireware.nl\/de\/product\/adr-zahlenset-magnetisch\/\" \/>\n<meta property=\"og:locale\" content=\"de_DE\" \/>\n<meta property=\"og:type\" content=\"article\" \/>\n<meta property=\"og:title\" content=\"ADR Zahlenset Magnetisch - FireWare\" \/>\n<meta property=\"og:description\" content=\"Zahlen, mit denen man angeben kann, welcher Stoff transportiert wird. Gibt m\u00f6gliche Gefahren beim Transport an. Gibt an, ob mit Wasser gel\u00f6scht werden darf. Gibt Gefahrenklasse und Risiken an. Vollst\u00e4ndig magnetisch Inklusive Kunststoffbox 40*30*8 cm Tafeln mit den Zahlen 0-9 und X, allen Viermaal.\" \/>\n<meta property=\"og:url\" content=\"https:\/\/fireware.nl\/de\/product\/adr-zahlenset-magnetisch\/\" \/>\n<meta property=\"og:site_name\" content=\"FireWare\" \/>\n<meta property=\"article:publisher\" content=\"https:\/\/www.facebook.com\/FireWareBV\/\" \/>\n<meta property=\"article:modified_time\" content=\"2021-10-01T11:47:29+00:00\" \/>\n<meta property=\"og:image\" content=\"https:\/\/fireware.nl\/wp-content\/uploads\/2019\/01\/028-030-004_adr-set-FireWare.jpg\" \/>\n\t<meta property=\"og:image:width\" content=\"600\" \/>\n\t<meta property=\"og:image:height\" content=\"600\" \/>\n\t<meta property=\"og:image:type\" content=\"image\/jpeg\" \/>\n<meta name=\"twitter:card\" content=\"summary_large_image\" \/>\n<meta name=\"twitter:site\" content=\"@FireWarebv\" \/>\n<meta name=\"twitter:label1\" content=\"Gesch\u00e4tzte Lesezeit\" \/>\n\t<meta name=\"twitter:data1\" content=\"1\u00a0Minute\" \/>\n<script type=\"application\/ld+json\" class=\"yoast-schema-graph\">{\"@context\":\"https:\\\/\\\/schema.org\",\"@graph\":[{\"@type\":\"WebPage\",\"@id\":\"https:\\\/\\\/fireware.nl\\\/de\\\/product\\\/adr-zahlenset-magnetisch\\\/\",\"url\":\"https:\\\/\\\/fireware.nl\\\/de\\\/product\\\/adr-zahlenset-magnetisch\\\/\",\"name\":\"ADR Zahlenset Magnetisch - FireWare\",\"isPartOf\":{\"@id\":\"https:\\\/\\\/fireware.nl\\\/de\\\/#website\"},\"primaryImageOfPage\":{\"@id\":\"https:\\\/\\\/fireware.nl\\\/de\\\/product\\\/adr-zahlenset-magnetisch\\\/#primaryimage\"},\"image\":{\"@id\":\"https:\\\/\\\/fireware.nl\\\/de\\\/product\\\/adr-zahlenset-magnetisch\\\/#primaryimage\"},\"thumbnailUrl\":\"https:\\\/\\\/fireware.nl\\\/wp-content\\\/uploads\\\/2019\\\/01\\\/028-030-004_adr-set-FireWare.jpg\",\"datePublished\":\"2019-01-23T12:15:30+00:00\",\"dateModified\":\"2021-10-01T11:47:29+00:00\",\"breadcrumb\":{\"@id\":\"https:\\\/\\\/fireware.nl\\\/de\\\/product\\\/adr-zahlenset-magnetisch\\\/#breadcrumb\"},\"inLanguage\":\"de\",\"potentialAction\":[{\"@type\":\"ReadAction\",\"target\":[\"https:\\\/\\\/fireware.nl\\\/de\\\/product\\\/adr-zahlenset-magnetisch\\\/\"]}]},{\"@type\":\"ImageObject\",\"inLanguage\":\"de\",\"@id\":\"https:\\\/\\\/fireware.nl\\\/de\\\/product\\\/adr-zahlenset-magnetisch\\\/#primaryimage\",\"url\":\"https:\\\/\\\/fireware.nl\\\/wp-content\\\/uploads\\\/2019\\\/01\\\/028-030-004_adr-set-FireWare.jpg\",\"contentUrl\":\"https:\\\/\\\/fireware.nl\\\/wp-content\\\/uploads\\\/2019\\\/01\\\/028-030-004_adr-set-FireWare.jpg\",\"width\":600,\"height\":600},{\"@type\":\"BreadcrumbList\",\"@id\":\"https:\\\/\\\/fireware.nl\\\/de\\\/product\\\/adr-zahlenset-magnetisch\\\/#breadcrumb\",\"itemListElement\":[{\"@type\":\"ListItem\",\"position\":1,\"name\":\"Home\",\"item\":\"https:\\\/\\\/fireware.nl\\\/de\\\/\"},{\"@type\":\"ListItem\",\"position\":2,\"name\":\"Produkte\",\"item\":\"https:\\\/\\\/fireware.nl\\\/de\\\/produkte\\\/\"},{\"@type\":\"ListItem\",\"position\":3,\"name\":\"ADR Zahlenset Magnetisch\"}]},{\"@type\":\"WebSite\",\"@id\":\"https:\\\/\\\/fireware.nl\\\/de\\\/#website\",\"url\":\"https:\\\/\\\/fireware.nl\\\/de\\\/\",\"name\":\"FireWare\",\"description\":\"CREATING REALISTIC  TRAINING ENVIRONMENTS\",\"publisher\":{\"@id\":\"https:\\\/\\\/fireware.nl\\\/de\\\/#organization\"},\"potentialAction\":[{\"@type\":\"SearchAction\",\"target\":{\"@type\":\"EntryPoint\",\"urlTemplate\":\"https:\\\/\\\/fireware.nl\\\/de\\\/?s={search_term_string}\"},\"query-input\":{\"@type\":\"PropertyValueSpecification\",\"valueRequired\":true,\"valueName\":\"search_term_string\"}}],\"inLanguage\":\"de\"},{\"@type\":\"Organization\",\"@id\":\"https:\\\/\\\/fireware.nl\\\/de\\\/#organization\",\"name\":\"FireWare\",\"url\":\"https:\\\/\\\/fireware.nl\\\/de\\\/\",\"logo\":{\"@type\":\"ImageObject\",\"inLanguage\":\"de\",\"@id\":\"https:\\\/\\\/fireware.nl\\\/de\\\/#\\\/schema\\\/logo\\\/image\\\/\",\"url\":\"https:\\\/\\\/fireware.nl\\\/wp-content\\\/uploads\\\/2018\\\/10\\\/FireWare-logo.jpg\",\"contentUrl\":\"https:\\\/\\\/fireware.nl\\\/wp-content\\\/uploads\\\/2018\\\/10\\\/FireWare-logo.jpg\",\"width\":171,\"height\":70,\"caption\":\"FireWare\"},\"image\":{\"@id\":\"https:\\\/\\\/fireware.nl\\\/de\\\/#\\\/schema\\\/logo\\\/image\\\/\"},\"sameAs\":[\"https:\\\/\\\/www.facebook.com\\\/FireWareBV\\\/\",\"https:\\\/\\\/x.com\\\/FireWarebv\",\"https:\\\/\\\/www.instagram.com\\\/fireware_nl\\\/\",\"https:\\\/\\\/www.linkedin.com\\\/company\\\/3586017\\\/\",\"https:\\\/\\\/www.youtube.com\\\/user\\\/firesalesrentconsult\"]}]}<\/script>\n<!-- \/ Yoast SEO plugin. -->","yoast_head_json":{"title":"ADR Zahlenset Magnetisch - FireWare","robots":{"index":"index","follow":"follow","max-snippet":"max-snippet:-1","max-image-preview":"max-image-preview:large","max-video-preview":"max-video-preview:-1"},"canonical":"https:\/\/fireware.nl\/de\/product\/adr-zahlenset-magnetisch\/","og_locale":"de_DE","og_type":"article","og_title":"ADR Zahlenset Magnetisch - FireWare","og_description":"Zahlen, mit denen man angeben kann, welcher Stoff transportiert wird. Gibt m\u00f6gliche Gefahren beim Transport an. Gibt an, ob mit Wasser gel\u00f6scht werden darf. Gibt Gefahrenklasse und Risiken an. Vollst\u00e4ndig magnetisch Inklusive Kunststoffbox 40*30*8 cm Tafeln mit den Zahlen 0-9 und X, allen Viermaal.","og_url":"https:\/\/fireware.nl\/de\/product\/adr-zahlenset-magnetisch\/","og_site_name":"FireWare","article_publisher":"https:\/\/www.facebook.com\/FireWareBV\/","article_modified_time":"2021-10-01T11:47:29+00:00","og_image":[{"width":600,"height":600,"url":"https:\/\/fireware.nl\/wp-content\/uploads\/2019\/01\/028-030-004_adr-set-FireWare.jpg","type":"image\/jpeg"}],"twitter_card":"summary_large_image","twitter_site":"@FireWarebv","twitter_misc":{"Gesch\u00e4tzte Lesezeit":"1\u00a0Minute"},"schema":{"@context":"https:\/\/schema.org","@graph":[{"@type":"WebPage","@id":"https:\/\/fireware.nl\/de\/product\/adr-zahlenset-magnetisch\/","url":"https:\/\/fireware.nl\/de\/product\/adr-zahlenset-magnetisch\/","name":"ADR Zahlenset Magnetisch - FireWare","isPartOf":{"@id":"https:\/\/fireware.nl\/de\/#website"},"primaryImageOfPage":{"@id":"https:\/\/fireware.nl\/de\/product\/adr-zahlenset-magnetisch\/#primaryimage"},"image":{"@id":"https:\/\/fireware.nl\/de\/product\/adr-zahlenset-magnetisch\/#primaryimage"},"thumbnailUrl":"https:\/\/fireware.nl\/wp-content\/uploads\/2019\/01\/028-030-004_adr-set-FireWare.jpg","datePublished":"2019-01-23T12:15:30+00:00","dateModified":"2021-10-01T11:47:29+00:00","breadcrumb":{"@id":"https:\/\/fireware.nl\/de\/product\/adr-zahlenset-magnetisch\/#breadcrumb"},"inLanguage":"de","potentialAction":[{"@type":"ReadAction","target":["https:\/\/fireware.nl\/de\/product\/adr-zahlenset-magnetisch\/"]}]},{"@type":"ImageObject","inLanguage":"de","@id":"https:\/\/fireware.nl\/de\/product\/adr-zahlenset-magnetisch\/#primaryimage","url":"https:\/\/fireware.nl\/wp-content\/uploads\/2019\/01\/028-030-004_adr-set-FireWare.jpg","contentUrl":"https:\/\/fireware.nl\/wp-content\/uploads\/2019\/01\/028-030-004_adr-set-FireWare.jpg","width":600,"height":600},{"@type":"BreadcrumbList","@id":"https:\/\/fireware.nl\/de\/product\/adr-zahlenset-magnetisch\/#breadcrumb","itemListElement":[{"@type":"ListItem","position":1,"name":"Home","item":"https:\/\/fireware.nl\/de\/"},{"@type":"ListItem","position":2,"name":"Produkte","item":"https:\/\/fireware.nl\/de\/produkte\/"},{"@type":"ListItem","position":3,"name":"ADR Zahlenset Magnetisch"}]},{"@type":"WebSite","@id":"https:\/\/fireware.nl\/de\/#website","url":"https:\/\/fireware.nl\/de\/","name":"FireWare","description":"CREATING REALISTIC  TRAINING ENVIRONMENTS","publisher":{"@id":"https:\/\/fireware.nl\/de\/#organization"},"potentialAction":[{"@type":"SearchAction","target":{"@type":"EntryPoint","urlTemplate":"https:\/\/fireware.nl\/de\/?s={search_term_string}"},"query-input":{"@type":"PropertyValueSpecification","valueRequired":true,"valueName":"search_term_string"}}],"inLanguage":"de"},{"@type":"Organization","@id":"https:\/\/fireware.nl\/de\/#organization","name":"FireWare","url":"https:\/\/fireware.nl\/de\/","logo":{"@type":"ImageObject","inLanguage":"de","@id":"https:\/\/fireware.nl\/de\/#\/schema\/logo\/image\/","url":"https:\/\/fireware.nl\/wp-content\/uploads\/2018\/10\/FireWare-logo.jpg","contentUrl":"https:\/\/fireware.nl\/wp-content\/uploads\/2018\/10\/FireWare-logo.jpg","width":171,"height":70,"caption":"FireWare"},"image":{"@id":"https:\/\/fireware.nl\/de\/#\/schema\/logo\/image\/"},"sameAs":["https:\/\/www.facebook.com\/FireWareBV\/","https:\/\/x.com\/FireWarebv","https:\/\/www.instagram.com\/fireware_nl\/","https:\/\/www.linkedin.com\/company\/3586017\/","https:\/\/www.youtube.com\/user\/firesalesrentconsult"]}]}},"publishpress_future_workflow_manual_trigger":{"enabledWorkflows":[]},"_links":{"self":[{"href":"https:\/\/fireware.nl\/de\/wp-json\/wp\/v2\/product\/19817","targetHints":{"allow":["GET"]}}],"collection":[{"href":"https:\/\/fireware.nl\/de\/wp-json\/wp\/v2\/product"}],"about":[{"href":"https:\/\/fireware.nl\/de\/wp-json\/wp\/v2\/types\/product"}],"wp:featuredmedia":[{"embeddable":true,"href":"https:\/\/fireware.nl\/de\/wp-json\/wp\/v2\/media\/50806"}],"wp:attachment":[{"href":"https:\/\/fireware.nl\/de\/wp-json\/wp\/v2\/media?parent=19817"}],"wp:term":[{"taxonomy":"product_brand","embeddable":true,"href":"https:\/\/fireware.nl\/de\/wp-json\/wp\/v2\/product_brand?post=19817"},{"taxonomy":"product_cat","embeddable":true,"href":"https:\/\/fireware.nl\/de\/wp-json\/wp\/v2\/product_cat?post=19817"},{"taxonomy":"product_tag","embeddable":true,"href":"https:\/\/fireware.nl\/de\/wp-json\/wp\/v2\/product_tag?post=19817"}],"curies":[{"name":"wp","href":"https:\/\/api.w.org\/{rel}","templated":true}]}}