
{"id":19820,"date":"2019-01-23T12:15:30","date_gmt":"2019-01-23T12:15:30","guid":{"rendered":"http:\/\/fireware.sites.hyperhosting.co\/?post_type=product&#038;p=19820"},"modified":"2023-01-23T15:33:26","modified_gmt":"2023-01-23T15:33:26","slug":"set-mit-magnetische-gefahrsymbolen","status":"publish","type":"product","link":"https:\/\/fireware.nl\/de\/product\/set-mit-magnetische-gefahrsymbolen\/","title":{"rendered":"Set mit Magnetische Gefahrsymbolen"},"content":{"rendered":"<h2>Wiederverwendbare Magnetschilder f\u00fcr Gefahrstoffe<\/h2>\n<p>Sicherheit ist ein wichtiger Punkt in der Ausbildung der Hilfeleistenden. Es ist wichtig, m\u00f6gliche Gefahren korrekt im Voraus zu erkennen. Werden verschiedene Gefahrenzeichen benutzt, so kann man sich bei ein- und derselben Inszenierung entschlie\u00dfen, den Einsatz ganz anders weiterzuf\u00fchren.<\/p>\n<p>Mit einem magnetischen Gefahrensymbol machen Sie eine \u00dcbung mit zum Beispiel leeren F\u00e4ssern oder einem Tankwagen zu einer wahren Herausforderung. Die Magnettafeln sind flexibel und k\u00f6nnen daher auf beinah jeder Metalloberfl\u00e4che verwendet werden.\u00a0Das Set mit Magnetischen Gefahrensymbolen enth\u00e4lt alle neue Gefahrsymbole der Klasse 1 bis 9 sowie der Klasse Sonstiges. Die 29 Magnettafeln befinden sich in einem Plastik Box. So haben Sie immer alle Symbole beisammen und k\u00f6nnen diese auch einfach transportieren.<\/p>\n","protected":false},"excerpt":{"rendered":"<ul>\n<li>29 Gefahrensymbole.<\/li>\n<li>Enth\u00e4lt die neue Symbole der Klassen 1 bis 9 sowie der Klasse Sonstiges.<\/li>\n<li>Wetterfester Druck<\/li>\n<li>Inklusive Kunststoffbox 40*30*8 cm.<\/li>\n<\/ul>\n","protected":false},"featured_media":21717,"template":"","meta":[],"product_brand":[],"product_cat":[219],"product_tag":[],"class_list":{"0":"post-19820","1":"product","2":"type-product","3":"status-publish","4":"has-post-thumbnail","6":"product_cat-cbrne-de","8":"first","9":"instock","10":"taxable","11":"shipping-taxable","12":"purchasable","13":"product-type-simple"},"yoast_head":"<!-- This site is optimized with the Yoast SEO plugin v27.5 - https:\/\/yoast.com\/product\/yoast-seo-wordpress\/ -->\n<title>Set mit Magnetische Gefahrsymbolen - FireWare<\/title>\n<meta name=\"robots\" content=\"index, follow, max-snippet:-1, max-image-preview:large, max-video-preview:-1\" \/>\n<link rel=\"canonical\" href=\"https:\/\/fireware.nl\/de\/product\/set-mit-magnetische-gefahrsymbolen\/\" \/>\n<meta property=\"og:locale\" content=\"de_DE\" \/>\n<meta property=\"og:type\" content=\"article\" \/>\n<meta property=\"og:title\" content=\"Set mit Magnetische Gefahrsymbolen - FireWare\" \/>\n<meta property=\"og:description\" content=\"29 Gefahrensymbole.  Enth\u00e4lt die neue Symbole der Klassen 1 bis 9 sowie der Klasse Sonstiges.  Wetterfester Druck  Inklusive Kunststoffbox 40*30*8 cm.\" \/>\n<meta property=\"og:url\" content=\"https:\/\/fireware.nl\/de\/product\/set-mit-magnetische-gefahrsymbolen\/\" \/>\n<meta property=\"og:site_name\" content=\"FireWare\" \/>\n<meta property=\"article:publisher\" content=\"https:\/\/www.facebook.com\/FireWareBV\/\" \/>\n<meta property=\"article:modified_time\" content=\"2023-01-23T15:33:26+00:00\" \/>\n<meta property=\"og:image\" content=\"https:\/\/fireware.nl\/wp-content\/uploads\/2019\/01\/028-030-003-Gevarensymbolen.png\" \/>\n\t<meta property=\"og:image:width\" content=\"600\" \/>\n\t<meta property=\"og:image:height\" content=\"600\" \/>\n\t<meta property=\"og:image:type\" content=\"image\/png\" \/>\n<meta name=\"twitter:card\" content=\"summary_large_image\" \/>\n<meta name=\"twitter:site\" content=\"@FireWarebv\" \/>\n<meta name=\"twitter:label1\" content=\"Gesch\u00e4tzte Lesezeit\" \/>\n\t<meta name=\"twitter:data1\" content=\"1\u00a0Minute\" \/>\n<script type=\"application\/ld+json\" class=\"yoast-schema-graph\">{\"@context\":\"https:\\\/\\\/schema.org\",\"@graph\":[{\"@type\":\"WebPage\",\"@id\":\"https:\\\/\\\/fireware.nl\\\/de\\\/product\\\/set-mit-magnetische-gefahrsymbolen\\\/\",\"url\":\"https:\\\/\\\/fireware.nl\\\/de\\\/product\\\/set-mit-magnetische-gefahrsymbolen\\\/\",\"name\":\"Set mit Magnetische Gefahrsymbolen - FireWare\",\"isPartOf\":{\"@id\":\"https:\\\/\\\/fireware.nl\\\/de\\\/#website\"},\"primaryImageOfPage\":{\"@id\":\"https:\\\/\\\/fireware.nl\\\/de\\\/product\\\/set-mit-magnetische-gefahrsymbolen\\\/#primaryimage\"},\"image\":{\"@id\":\"https:\\\/\\\/fireware.nl\\\/de\\\/product\\\/set-mit-magnetische-gefahrsymbolen\\\/#primaryimage\"},\"thumbnailUrl\":\"https:\\\/\\\/fireware.nl\\\/wp-content\\\/uploads\\\/2019\\\/01\\\/028-030-003-Gevarensymbolen.png\",\"datePublished\":\"2019-01-23T12:15:30+00:00\",\"dateModified\":\"2023-01-23T15:33:26+00:00\",\"breadcrumb\":{\"@id\":\"https:\\\/\\\/fireware.nl\\\/de\\\/product\\\/set-mit-magnetische-gefahrsymbolen\\\/#breadcrumb\"},\"inLanguage\":\"de\",\"potentialAction\":[{\"@type\":\"ReadAction\",\"target\":[\"https:\\\/\\\/fireware.nl\\\/de\\\/product\\\/set-mit-magnetische-gefahrsymbolen\\\/\"]}]},{\"@type\":\"ImageObject\",\"inLanguage\":\"de\",\"@id\":\"https:\\\/\\\/fireware.nl\\\/de\\\/product\\\/set-mit-magnetische-gefahrsymbolen\\\/#primaryimage\",\"url\":\"https:\\\/\\\/fireware.nl\\\/wp-content\\\/uploads\\\/2019\\\/01\\\/028-030-003-Gevarensymbolen.png\",\"contentUrl\":\"https:\\\/\\\/fireware.nl\\\/wp-content\\\/uploads\\\/2019\\\/01\\\/028-030-003-Gevarensymbolen.png\",\"width\":600,\"height\":600,\"caption\":\"028-030-003 Gevarensymbolen\"},{\"@type\":\"BreadcrumbList\",\"@id\":\"https:\\\/\\\/fireware.nl\\\/de\\\/product\\\/set-mit-magnetische-gefahrsymbolen\\\/#breadcrumb\",\"itemListElement\":[{\"@type\":\"ListItem\",\"position\":1,\"name\":\"Home\",\"item\":\"https:\\\/\\\/fireware.nl\\\/de\\\/\"},{\"@type\":\"ListItem\",\"position\":2,\"name\":\"Produkte\",\"item\":\"https:\\\/\\\/fireware.nl\\\/de\\\/produkte\\\/\"},{\"@type\":\"ListItem\",\"position\":3,\"name\":\"Set mit Magnetische Gefahrsymbolen\"}]},{\"@type\":\"WebSite\",\"@id\":\"https:\\\/\\\/fireware.nl\\\/de\\\/#website\",\"url\":\"https:\\\/\\\/fireware.nl\\\/de\\\/\",\"name\":\"FireWare\",\"description\":\"CREATING REALISTIC  TRAINING ENVIRONMENTS\",\"publisher\":{\"@id\":\"https:\\\/\\\/fireware.nl\\\/de\\\/#organization\"},\"potentialAction\":[{\"@type\":\"SearchAction\",\"target\":{\"@type\":\"EntryPoint\",\"urlTemplate\":\"https:\\\/\\\/fireware.nl\\\/de\\\/?s={search_term_string}\"},\"query-input\":{\"@type\":\"PropertyValueSpecification\",\"valueRequired\":true,\"valueName\":\"search_term_string\"}}],\"inLanguage\":\"de\"},{\"@type\":\"Organization\",\"@id\":\"https:\\\/\\\/fireware.nl\\\/de\\\/#organization\",\"name\":\"FireWare\",\"url\":\"https:\\\/\\\/fireware.nl\\\/de\\\/\",\"logo\":{\"@type\":\"ImageObject\",\"inLanguage\":\"de\",\"@id\":\"https:\\\/\\\/fireware.nl\\\/de\\\/#\\\/schema\\\/logo\\\/image\\\/\",\"url\":\"https:\\\/\\\/fireware.nl\\\/wp-content\\\/uploads\\\/2018\\\/10\\\/FireWare-logo.jpg\",\"contentUrl\":\"https:\\\/\\\/fireware.nl\\\/wp-content\\\/uploads\\\/2018\\\/10\\\/FireWare-logo.jpg\",\"width\":171,\"height\":70,\"caption\":\"FireWare\"},\"image\":{\"@id\":\"https:\\\/\\\/fireware.nl\\\/de\\\/#\\\/schema\\\/logo\\\/image\\\/\"},\"sameAs\":[\"https:\\\/\\\/www.facebook.com\\\/FireWareBV\\\/\",\"https:\\\/\\\/x.com\\\/FireWarebv\",\"https:\\\/\\\/www.instagram.com\\\/fireware_nl\\\/\",\"https:\\\/\\\/www.linkedin.com\\\/company\\\/3586017\\\/\",\"https:\\\/\\\/www.youtube.com\\\/user\\\/firesalesrentconsult\"]}]}<\/script>\n<!-- \/ Yoast SEO plugin. -->","yoast_head_json":{"title":"Set mit Magnetische Gefahrsymbolen - FireWare","robots":{"index":"index","follow":"follow","max-snippet":"max-snippet:-1","max-image-preview":"max-image-preview:large","max-video-preview":"max-video-preview:-1"},"canonical":"https:\/\/fireware.nl\/de\/product\/set-mit-magnetische-gefahrsymbolen\/","og_locale":"de_DE","og_type":"article","og_title":"Set mit Magnetische Gefahrsymbolen - FireWare","og_description":"29 Gefahrensymbole.  Enth\u00e4lt die neue Symbole der Klassen 1 bis 9 sowie der Klasse Sonstiges.  Wetterfester Druck  Inklusive Kunststoffbox 40*30*8 cm.","og_url":"https:\/\/fireware.nl\/de\/product\/set-mit-magnetische-gefahrsymbolen\/","og_site_name":"FireWare","article_publisher":"https:\/\/www.facebook.com\/FireWareBV\/","article_modified_time":"2023-01-23T15:33:26+00:00","og_image":[{"width":600,"height":600,"url":"https:\/\/fireware.nl\/wp-content\/uploads\/2019\/01\/028-030-003-Gevarensymbolen.png","type":"image\/png"}],"twitter_card":"summary_large_image","twitter_site":"@FireWarebv","twitter_misc":{"Gesch\u00e4tzte Lesezeit":"1\u00a0Minute"},"schema":{"@context":"https:\/\/schema.org","@graph":[{"@type":"WebPage","@id":"https:\/\/fireware.nl\/de\/product\/set-mit-magnetische-gefahrsymbolen\/","url":"https:\/\/fireware.nl\/de\/product\/set-mit-magnetische-gefahrsymbolen\/","name":"Set mit Magnetische Gefahrsymbolen - FireWare","isPartOf":{"@id":"https:\/\/fireware.nl\/de\/#website"},"primaryImageOfPage":{"@id":"https:\/\/fireware.nl\/de\/product\/set-mit-magnetische-gefahrsymbolen\/#primaryimage"},"image":{"@id":"https:\/\/fireware.nl\/de\/product\/set-mit-magnetische-gefahrsymbolen\/#primaryimage"},"thumbnailUrl":"https:\/\/fireware.nl\/wp-content\/uploads\/2019\/01\/028-030-003-Gevarensymbolen.png","datePublished":"2019-01-23T12:15:30+00:00","dateModified":"2023-01-23T15:33:26+00:00","breadcrumb":{"@id":"https:\/\/fireware.nl\/de\/product\/set-mit-magnetische-gefahrsymbolen\/#breadcrumb"},"inLanguage":"de","potentialAction":[{"@type":"ReadAction","target":["https:\/\/fireware.nl\/de\/product\/set-mit-magnetische-gefahrsymbolen\/"]}]},{"@type":"ImageObject","inLanguage":"de","@id":"https:\/\/fireware.nl\/de\/product\/set-mit-magnetische-gefahrsymbolen\/#primaryimage","url":"https:\/\/fireware.nl\/wp-content\/uploads\/2019\/01\/028-030-003-Gevarensymbolen.png","contentUrl":"https:\/\/fireware.nl\/wp-content\/uploads\/2019\/01\/028-030-003-Gevarensymbolen.png","width":600,"height":600,"caption":"028-030-003 Gevarensymbolen"},{"@type":"BreadcrumbList","@id":"https:\/\/fireware.nl\/de\/product\/set-mit-magnetische-gefahrsymbolen\/#breadcrumb","itemListElement":[{"@type":"ListItem","position":1,"name":"Home","item":"https:\/\/fireware.nl\/de\/"},{"@type":"ListItem","position":2,"name":"Produkte","item":"https:\/\/fireware.nl\/de\/produkte\/"},{"@type":"ListItem","position":3,"name":"Set mit Magnetische Gefahrsymbolen"}]},{"@type":"WebSite","@id":"https:\/\/fireware.nl\/de\/#website","url":"https:\/\/fireware.nl\/de\/","name":"FireWare","description":"CREATING REALISTIC  TRAINING ENVIRONMENTS","publisher":{"@id":"https:\/\/fireware.nl\/de\/#organization"},"potentialAction":[{"@type":"SearchAction","target":{"@type":"EntryPoint","urlTemplate":"https:\/\/fireware.nl\/de\/?s={search_term_string}"},"query-input":{"@type":"PropertyValueSpecification","valueRequired":true,"valueName":"search_term_string"}}],"inLanguage":"de"},{"@type":"Organization","@id":"https:\/\/fireware.nl\/de\/#organization","name":"FireWare","url":"https:\/\/fireware.nl\/de\/","logo":{"@type":"ImageObject","inLanguage":"de","@id":"https:\/\/fireware.nl\/de\/#\/schema\/logo\/image\/","url":"https:\/\/fireware.nl\/wp-content\/uploads\/2018\/10\/FireWare-logo.jpg","contentUrl":"https:\/\/fireware.nl\/wp-content\/uploads\/2018\/10\/FireWare-logo.jpg","width":171,"height":70,"caption":"FireWare"},"image":{"@id":"https:\/\/fireware.nl\/de\/#\/schema\/logo\/image\/"},"sameAs":["https:\/\/www.facebook.com\/FireWareBV\/","https:\/\/x.com\/FireWarebv","https:\/\/www.instagram.com\/fireware_nl\/","https:\/\/www.linkedin.com\/company\/3586017\/","https:\/\/www.youtube.com\/user\/firesalesrentconsult"]}]}},"publishpress_future_workflow_manual_trigger":{"enabledWorkflows":[]},"_links":{"self":[{"href":"https:\/\/fireware.nl\/de\/wp-json\/wp\/v2\/product\/19820","targetHints":{"allow":["GET"]}}],"collection":[{"href":"https:\/\/fireware.nl\/de\/wp-json\/wp\/v2\/product"}],"about":[{"href":"https:\/\/fireware.nl\/de\/wp-json\/wp\/v2\/types\/product"}],"wp:featuredmedia":[{"embeddable":true,"href":"https:\/\/fireware.nl\/de\/wp-json\/wp\/v2\/media\/21717"}],"wp:attachment":[{"href":"https:\/\/fireware.nl\/de\/wp-json\/wp\/v2\/media?parent=19820"}],"wp:term":[{"taxonomy":"product_brand","embeddable":true,"href":"https:\/\/fireware.nl\/de\/wp-json\/wp\/v2\/product_brand?post=19820"},{"taxonomy":"product_cat","embeddable":true,"href":"https:\/\/fireware.nl\/de\/wp-json\/wp\/v2\/product_cat?post=19820"},{"taxonomy":"product_tag","embeddable":true,"href":"https:\/\/fireware.nl\/de\/wp-json\/wp\/v2\/product_tag?post=19820"}],"curies":[{"name":"wp","href":"https:\/\/api.w.org\/{rel}","templated":true}]}}