
{"id":19846,"date":"2019-01-23T12:16:20","date_gmt":"2019-01-23T12:16:20","guid":{"rendered":"http:\/\/fireware.sites.hyperhosting.co\/?post_type=product&#038;p=19846"},"modified":"2022-11-24T10:08:08","modified_gmt":"2022-11-24T10:08:08","slug":"plastik-boxen","status":"publish","type":"product","link":"https:\/\/fireware.nl\/de\/product\/plastik-boxen\/","title":{"rendered":"Plastik-Boxen"},"content":{"rendered":"\r\n<h1>F\u00fcr Lagerung und Transport ihres Produkte<\/h1>\r\n<p>FireWare bietet Kunststoff-Boxen in verschiedenen Gr\u00f6\u00dfen ideal f\u00fcr Transport oder Lagerung an. Alle Boxen k\u00f6nnen ordentlich gestapelt werden und so konzipiert das sie auf einem standard Europallette passen.\u00a0Eine gro\u00dfe Anzahl von Produkte kommen mit einer Box enthalten. Wenn Sie andere sachen packen m\u00f6chten, bestellen Sie einfach ein leeres Box. Alle Boxen haben einem Deckel. Bei Bewegung viele Boxen gleichzeitig k\u00f6nnte ein Grundplatten auf R\u00e4dern eine gute Hilfe sein.<\/p>\r\n<p>Bitte beachten Sie, die Gr\u00f6\u00dfen sind Au\u00dfenma\u00dfe.<\/p>\r\n<p><strong>Variationen<\/strong><br \/>Plastik-Box mit Deckel, geschlossenen Handgriff 30x20x13 cm<br \/>Plastik-Box mit Deckel, geschlossenen Handgriff 20x15x12 cm<br \/>Plastik-Box mit Deckel, geschlossenen Handgriff 40x30x23,5 cm<br \/>Plastik-Box mit Deckel, geschlossenen Handgriff 80x60x32 cm<br \/>Plastik-Box mit Deckel, offenen Handgriff 60x40x32,5 cm<br \/>Plastik-Box mit Deckel, geschlossenen Handgriff 40x30x8 cm<br \/>Plastik-Box mit Deckel, geschlossenen Handgriff 60x40x9 cm<br \/>Plastik-Box mit Deckel, offenen Handgriff 60x40x44 cm<br \/>Plastik-Box mit Deckel, geschlossenen Handgriff 30x20x22 cm<br \/>Plastik-Box mit Deckel, geschlossenen Handgriff 80x60x44 cm<\/p>\r\n","protected":false},"excerpt":{"rendered":"<ul>\n<li>Plastik-Box mit Deckel.<\/li>\n<li>Sehr praktisch f\u00fcr Lagerung und Transport.<\/li>\n<li>Stapelbar mit anderen Kunststoffkisten<\/li>\n<li>Die Gr\u00f6\u00dfe wird von einer Europalette von 80*120 cm abgeleitet.<\/li>\n<\/ul>\n","protected":false},"featured_media":21741,"template":"","meta":[],"product_brand":[],"product_cat":[225],"product_tag":[],"class_list":{"0":"post-19846","1":"product","2":"type-product","3":"status-publish","4":"has-post-thumbnail","6":"product_cat-verpackung","8":"first","9":"instock","10":"taxable","11":"shipping-taxable","12":"purchasable","13":"product-type-variable"},"yoast_head":"<!-- This site is optimized with the Yoast SEO plugin v27.5 - https:\/\/yoast.com\/product\/yoast-seo-wordpress\/ -->\n<title>Plastik-Boxen - FireWare<\/title>\n<meta name=\"robots\" content=\"index, follow, max-snippet:-1, max-image-preview:large, max-video-preview:-1\" \/>\n<link rel=\"canonical\" href=\"https:\/\/fireware.nl\/de\/product\/plastik-boxen\/\" \/>\n<meta property=\"og:locale\" content=\"de_DE\" \/>\n<meta property=\"og:type\" content=\"article\" \/>\n<meta property=\"og:title\" content=\"Plastik-Boxen - FireWare\" \/>\n<meta property=\"og:description\" content=\"Plastik-Box mit Deckel. Sehr praktisch f\u00fcr Lagerung und Transport. Stapelbar mit anderen Kunststoffkisten Die Gr\u00f6\u00dfe wird von einer Europalette von 80*120 cm abgeleitet.\" \/>\n<meta property=\"og:url\" content=\"https:\/\/fireware.nl\/de\/product\/plastik-boxen\/\" \/>\n<meta property=\"og:site_name\" content=\"FireWare\" \/>\n<meta property=\"article:publisher\" content=\"https:\/\/www.facebook.com\/FireWareBV\/\" \/>\n<meta property=\"article:modified_time\" content=\"2022-11-24T10:08:08+00:00\" \/>\n<meta property=\"og:image\" content=\"https:\/\/fireware.nl\/wp-content\/uploads\/2019\/01\/038-091-001-Kunststof-kisten.jpg\" \/>\n\t<meta property=\"og:image:width\" content=\"600\" \/>\n\t<meta property=\"og:image:height\" content=\"600\" \/>\n\t<meta property=\"og:image:type\" content=\"image\/jpeg\" \/>\n<meta name=\"twitter:card\" content=\"summary_large_image\" \/>\n<meta name=\"twitter:site\" content=\"@FireWarebv\" \/>\n<meta name=\"twitter:label1\" content=\"Gesch\u00e4tzte Lesezeit\" \/>\n\t<meta name=\"twitter:data1\" content=\"1\u00a0Minute\" \/>\n<script type=\"application\/ld+json\" class=\"yoast-schema-graph\">{\"@context\":\"https:\\\/\\\/schema.org\",\"@graph\":[{\"@type\":\"WebPage\",\"@id\":\"https:\\\/\\\/fireware.nl\\\/de\\\/product\\\/plastik-boxen\\\/\",\"url\":\"https:\\\/\\\/fireware.nl\\\/de\\\/product\\\/plastik-boxen\\\/\",\"name\":\"Plastik-Boxen - FireWare\",\"isPartOf\":{\"@id\":\"https:\\\/\\\/fireware.nl\\\/de\\\/#website\"},\"primaryImageOfPage\":{\"@id\":\"https:\\\/\\\/fireware.nl\\\/de\\\/product\\\/plastik-boxen\\\/#primaryimage\"},\"image\":{\"@id\":\"https:\\\/\\\/fireware.nl\\\/de\\\/product\\\/plastik-boxen\\\/#primaryimage\"},\"thumbnailUrl\":\"https:\\\/\\\/fireware.nl\\\/wp-content\\\/uploads\\\/2019\\\/01\\\/038-091-001-Kunststof-kisten.jpg\",\"datePublished\":\"2019-01-23T12:16:20+00:00\",\"dateModified\":\"2022-11-24T10:08:08+00:00\",\"breadcrumb\":{\"@id\":\"https:\\\/\\\/fireware.nl\\\/de\\\/product\\\/plastik-boxen\\\/#breadcrumb\"},\"inLanguage\":\"de\",\"potentialAction\":[{\"@type\":\"ReadAction\",\"target\":[\"https:\\\/\\\/fireware.nl\\\/de\\\/product\\\/plastik-boxen\\\/\"]}]},{\"@type\":\"ImageObject\",\"inLanguage\":\"de\",\"@id\":\"https:\\\/\\\/fireware.nl\\\/de\\\/product\\\/plastik-boxen\\\/#primaryimage\",\"url\":\"https:\\\/\\\/fireware.nl\\\/wp-content\\\/uploads\\\/2019\\\/01\\\/038-091-001-Kunststof-kisten.jpg\",\"contentUrl\":\"https:\\\/\\\/fireware.nl\\\/wp-content\\\/uploads\\\/2019\\\/01\\\/038-091-001-Kunststof-kisten.jpg\",\"width\":600,\"height\":600,\"caption\":\"038-091-001 Kunststof kisten\"},{\"@type\":\"BreadcrumbList\",\"@id\":\"https:\\\/\\\/fireware.nl\\\/de\\\/product\\\/plastik-boxen\\\/#breadcrumb\",\"itemListElement\":[{\"@type\":\"ListItem\",\"position\":1,\"name\":\"Home\",\"item\":\"https:\\\/\\\/fireware.nl\\\/de\\\/\"},{\"@type\":\"ListItem\",\"position\":2,\"name\":\"Produkte\",\"item\":\"https:\\\/\\\/fireware.nl\\\/de\\\/produkte\\\/\"},{\"@type\":\"ListItem\",\"position\":3,\"name\":\"Plastik-Boxen\"}]},{\"@type\":\"WebSite\",\"@id\":\"https:\\\/\\\/fireware.nl\\\/de\\\/#website\",\"url\":\"https:\\\/\\\/fireware.nl\\\/de\\\/\",\"name\":\"FireWare\",\"description\":\"CREATING REALISTIC  TRAINING ENVIRONMENTS\",\"publisher\":{\"@id\":\"https:\\\/\\\/fireware.nl\\\/de\\\/#organization\"},\"potentialAction\":[{\"@type\":\"SearchAction\",\"target\":{\"@type\":\"EntryPoint\",\"urlTemplate\":\"https:\\\/\\\/fireware.nl\\\/de\\\/?s={search_term_string}\"},\"query-input\":{\"@type\":\"PropertyValueSpecification\",\"valueRequired\":true,\"valueName\":\"search_term_string\"}}],\"inLanguage\":\"de\"},{\"@type\":\"Organization\",\"@id\":\"https:\\\/\\\/fireware.nl\\\/de\\\/#organization\",\"name\":\"FireWare\",\"url\":\"https:\\\/\\\/fireware.nl\\\/de\\\/\",\"logo\":{\"@type\":\"ImageObject\",\"inLanguage\":\"de\",\"@id\":\"https:\\\/\\\/fireware.nl\\\/de\\\/#\\\/schema\\\/logo\\\/image\\\/\",\"url\":\"https:\\\/\\\/fireware.nl\\\/wp-content\\\/uploads\\\/2018\\\/10\\\/FireWare-logo.jpg\",\"contentUrl\":\"https:\\\/\\\/fireware.nl\\\/wp-content\\\/uploads\\\/2018\\\/10\\\/FireWare-logo.jpg\",\"width\":171,\"height\":70,\"caption\":\"FireWare\"},\"image\":{\"@id\":\"https:\\\/\\\/fireware.nl\\\/de\\\/#\\\/schema\\\/logo\\\/image\\\/\"},\"sameAs\":[\"https:\\\/\\\/www.facebook.com\\\/FireWareBV\\\/\",\"https:\\\/\\\/x.com\\\/FireWarebv\",\"https:\\\/\\\/www.instagram.com\\\/fireware_nl\\\/\",\"https:\\\/\\\/www.linkedin.com\\\/company\\\/3586017\\\/\",\"https:\\\/\\\/www.youtube.com\\\/user\\\/firesalesrentconsult\"]}]}<\/script>\n<!-- \/ Yoast SEO plugin. -->","yoast_head_json":{"title":"Plastik-Boxen - FireWare","robots":{"index":"index","follow":"follow","max-snippet":"max-snippet:-1","max-image-preview":"max-image-preview:large","max-video-preview":"max-video-preview:-1"},"canonical":"https:\/\/fireware.nl\/de\/product\/plastik-boxen\/","og_locale":"de_DE","og_type":"article","og_title":"Plastik-Boxen - FireWare","og_description":"Plastik-Box mit Deckel. Sehr praktisch f\u00fcr Lagerung und Transport. Stapelbar mit anderen Kunststoffkisten Die Gr\u00f6\u00dfe wird von einer Europalette von 80*120 cm abgeleitet.","og_url":"https:\/\/fireware.nl\/de\/product\/plastik-boxen\/","og_site_name":"FireWare","article_publisher":"https:\/\/www.facebook.com\/FireWareBV\/","article_modified_time":"2022-11-24T10:08:08+00:00","og_image":[{"width":600,"height":600,"url":"https:\/\/fireware.nl\/wp-content\/uploads\/2019\/01\/038-091-001-Kunststof-kisten.jpg","type":"image\/jpeg"}],"twitter_card":"summary_large_image","twitter_site":"@FireWarebv","twitter_misc":{"Gesch\u00e4tzte Lesezeit":"1\u00a0Minute"},"schema":{"@context":"https:\/\/schema.org","@graph":[{"@type":"WebPage","@id":"https:\/\/fireware.nl\/de\/product\/plastik-boxen\/","url":"https:\/\/fireware.nl\/de\/product\/plastik-boxen\/","name":"Plastik-Boxen - FireWare","isPartOf":{"@id":"https:\/\/fireware.nl\/de\/#website"},"primaryImageOfPage":{"@id":"https:\/\/fireware.nl\/de\/product\/plastik-boxen\/#primaryimage"},"image":{"@id":"https:\/\/fireware.nl\/de\/product\/plastik-boxen\/#primaryimage"},"thumbnailUrl":"https:\/\/fireware.nl\/wp-content\/uploads\/2019\/01\/038-091-001-Kunststof-kisten.jpg","datePublished":"2019-01-23T12:16:20+00:00","dateModified":"2022-11-24T10:08:08+00:00","breadcrumb":{"@id":"https:\/\/fireware.nl\/de\/product\/plastik-boxen\/#breadcrumb"},"inLanguage":"de","potentialAction":[{"@type":"ReadAction","target":["https:\/\/fireware.nl\/de\/product\/plastik-boxen\/"]}]},{"@type":"ImageObject","inLanguage":"de","@id":"https:\/\/fireware.nl\/de\/product\/plastik-boxen\/#primaryimage","url":"https:\/\/fireware.nl\/wp-content\/uploads\/2019\/01\/038-091-001-Kunststof-kisten.jpg","contentUrl":"https:\/\/fireware.nl\/wp-content\/uploads\/2019\/01\/038-091-001-Kunststof-kisten.jpg","width":600,"height":600,"caption":"038-091-001 Kunststof kisten"},{"@type":"BreadcrumbList","@id":"https:\/\/fireware.nl\/de\/product\/plastik-boxen\/#breadcrumb","itemListElement":[{"@type":"ListItem","position":1,"name":"Home","item":"https:\/\/fireware.nl\/de\/"},{"@type":"ListItem","position":2,"name":"Produkte","item":"https:\/\/fireware.nl\/de\/produkte\/"},{"@type":"ListItem","position":3,"name":"Plastik-Boxen"}]},{"@type":"WebSite","@id":"https:\/\/fireware.nl\/de\/#website","url":"https:\/\/fireware.nl\/de\/","name":"FireWare","description":"CREATING REALISTIC  TRAINING ENVIRONMENTS","publisher":{"@id":"https:\/\/fireware.nl\/de\/#organization"},"potentialAction":[{"@type":"SearchAction","target":{"@type":"EntryPoint","urlTemplate":"https:\/\/fireware.nl\/de\/?s={search_term_string}"},"query-input":{"@type":"PropertyValueSpecification","valueRequired":true,"valueName":"search_term_string"}}],"inLanguage":"de"},{"@type":"Organization","@id":"https:\/\/fireware.nl\/de\/#organization","name":"FireWare","url":"https:\/\/fireware.nl\/de\/","logo":{"@type":"ImageObject","inLanguage":"de","@id":"https:\/\/fireware.nl\/de\/#\/schema\/logo\/image\/","url":"https:\/\/fireware.nl\/wp-content\/uploads\/2018\/10\/FireWare-logo.jpg","contentUrl":"https:\/\/fireware.nl\/wp-content\/uploads\/2018\/10\/FireWare-logo.jpg","width":171,"height":70,"caption":"FireWare"},"image":{"@id":"https:\/\/fireware.nl\/de\/#\/schema\/logo\/image\/"},"sameAs":["https:\/\/www.facebook.com\/FireWareBV\/","https:\/\/x.com\/FireWarebv","https:\/\/www.instagram.com\/fireware_nl\/","https:\/\/www.linkedin.com\/company\/3586017\/","https:\/\/www.youtube.com\/user\/firesalesrentconsult"]}]}},"publishpress_future_workflow_manual_trigger":{"enabledWorkflows":[]},"_links":{"self":[{"href":"https:\/\/fireware.nl\/de\/wp-json\/wp\/v2\/product\/19846","targetHints":{"allow":["GET"]}}],"collection":[{"href":"https:\/\/fireware.nl\/de\/wp-json\/wp\/v2\/product"}],"about":[{"href":"https:\/\/fireware.nl\/de\/wp-json\/wp\/v2\/types\/product"}],"wp:featuredmedia":[{"embeddable":true,"href":"https:\/\/fireware.nl\/de\/wp-json\/wp\/v2\/media\/21741"}],"wp:attachment":[{"href":"https:\/\/fireware.nl\/de\/wp-json\/wp\/v2\/media?parent=19846"}],"wp:term":[{"taxonomy":"product_brand","embeddable":true,"href":"https:\/\/fireware.nl\/de\/wp-json\/wp\/v2\/product_brand?post=19846"},{"taxonomy":"product_cat","embeddable":true,"href":"https:\/\/fireware.nl\/de\/wp-json\/wp\/v2\/product_cat?post=19846"},{"taxonomy":"product_tag","embeddable":true,"href":"https:\/\/fireware.nl\/de\/wp-json\/wp\/v2\/product_tag?post=19846"}],"curies":[{"name":"wp","href":"https:\/\/api.w.org\/{rel}","templated":true}]}}