
{"id":19863,"date":"2019-01-23T12:15:41","date_gmt":"2019-02-01T12:47:58","guid":{"rendered":"http:\/\/fireware.sites.hyperhosting.co\/?post_type=product&#038;p=19863"},"modified":"2024-05-09T09:59:49","modified_gmt":"2024-05-09T09:59:49","slug":"stecker-an-aus-fernbedienung","status":"publish","type":"product","link":"https:\/\/fireware.nl\/de\/product\/stecker-an-aus-fernbedienung\/","title":{"rendered":"Stecker an\/aus Fernbedienung"},"content":{"rendered":"<p>Mit dem Stecker An\/Aus Fernbedienung k\u00f6nnen Sie aus der Ferne elektrische Ger\u00e4te bedienen. Dieses Set besteht aus einem Sender und 3 Empf\u00e4ngern. Den Empf\u00e4nger platzieren Sie zwischen der Stromzufuhr und den Stecker Ihrer Maschine. Die Fernbedienung schaltet die Stromzufuhr ein und aus.<\/p>\n<p>\u00dcberraschen Sie Kursteilnehmer, indem Sie beispielsweise aus der Ferne einen Flammenprojektor oder eine Silkflame aktivieren. Bei einem korrekten L\u00f6schversuch k\u00f6nnen Sie die Flammen erl\u00f6schen oder bei einer falschen oder langsamen Reaktion sich ausbreiten lassen. Sie werden merken, dass die \u00dcbungen interaktiver werden!<\/p>\n","protected":false},"excerpt":{"rendered":"<ul>\n<li>Kabellose Fernbedienung f\u00fcr 3 elektrische Ger\u00e4te.<\/li>\n<li>\u00dcbungen werden durch Fernbedienung interaktiver.<\/li>\n<li>Besteht aus einem Sender und 3 Empf\u00e4ngern.<\/li>\n<li>Inklusive Batterien.<\/li>\n<\/ul>\n","protected":false},"featured_media":61303,"template":"","meta":[],"product_brand":[],"product_cat":[228],"product_tag":[],"class_list":{"0":"post-19863","1":"product","2":"type-product","3":"status-publish","4":"has-post-thumbnail","6":"product_cat-verkabelung","8":"first","9":"instock","10":"taxable","11":"shipping-taxable","12":"purchasable","13":"product-type-simple"},"yoast_head":"<!-- This site is optimized with the Yoast SEO plugin v27.5 - https:\/\/yoast.com\/product\/yoast-seo-wordpress\/ -->\n<title>Stecker an\/aus Fernbedienung - FireWare<\/title>\n<meta name=\"robots\" content=\"index, follow, max-snippet:-1, max-image-preview:large, max-video-preview:-1\" \/>\n<link rel=\"canonical\" href=\"https:\/\/fireware.nl\/de\/product\/stecker-an-aus-fernbedienung\/\" \/>\n<meta property=\"og:locale\" content=\"de_DE\" \/>\n<meta property=\"og:type\" content=\"article\" \/>\n<meta property=\"og:title\" content=\"Stecker an\/aus Fernbedienung - FireWare\" \/>\n<meta property=\"og:description\" content=\"Kabellose Fernbedienung f\u00fcr 3 elektrische Ger\u00e4te.  \u00dcbungen werden durch Fernbedienung interaktiver.  Besteht aus einem Sender und 3 Empf\u00e4ngern.  Inklusive Batterien.\" \/>\n<meta property=\"og:url\" content=\"https:\/\/fireware.nl\/de\/product\/stecker-an-aus-fernbedienung\/\" \/>\n<meta property=\"og:site_name\" content=\"FireWare\" \/>\n<meta property=\"article:publisher\" content=\"https:\/\/www.facebook.com\/FireWareBV\/\" \/>\n<meta property=\"article:modified_time\" content=\"2024-05-09T09:59:49+00:00\" \/>\n<meta property=\"og:image\" content=\"https:\/\/fireware.nl\/wp-content\/uploads\/2019\/01\/047-061-001-stekker-aan-uit-afstandsbediening-los-van-elkaar.jpg\" \/>\n\t<meta property=\"og:image:width\" content=\"600\" \/>\n\t<meta property=\"og:image:height\" content=\"600\" \/>\n\t<meta property=\"og:image:type\" content=\"image\/jpeg\" \/>\n<meta name=\"twitter:card\" content=\"summary_large_image\" \/>\n<meta name=\"twitter:site\" content=\"@FireWarebv\" \/>\n<meta name=\"twitter:label1\" content=\"Gesch\u00e4tzte Lesezeit\" \/>\n\t<meta name=\"twitter:data1\" content=\"1\u00a0Minute\" \/>\n<script type=\"application\/ld+json\" class=\"yoast-schema-graph\">{\"@context\":\"https:\\\/\\\/schema.org\",\"@graph\":[{\"@type\":\"WebPage\",\"@id\":\"https:\\\/\\\/fireware.nl\\\/de\\\/product\\\/stecker-an-aus-fernbedienung\\\/\",\"url\":\"https:\\\/\\\/fireware.nl\\\/de\\\/product\\\/stecker-an-aus-fernbedienung\\\/\",\"name\":\"Stecker an\\\/aus Fernbedienung - FireWare\",\"isPartOf\":{\"@id\":\"https:\\\/\\\/fireware.nl\\\/de\\\/#website\"},\"primaryImageOfPage\":{\"@id\":\"https:\\\/\\\/fireware.nl\\\/de\\\/product\\\/stecker-an-aus-fernbedienung\\\/#primaryimage\"},\"image\":{\"@id\":\"https:\\\/\\\/fireware.nl\\\/de\\\/product\\\/stecker-an-aus-fernbedienung\\\/#primaryimage\"},\"thumbnailUrl\":\"https:\\\/\\\/fireware.nl\\\/wp-content\\\/uploads\\\/2019\\\/01\\\/047-061-001-stekker-aan-uit-afstandsbediening-los-van-elkaar.jpg\",\"datePublished\":\"2019-02-01T12:47:58+00:00\",\"dateModified\":\"2024-05-09T09:59:49+00:00\",\"breadcrumb\":{\"@id\":\"https:\\\/\\\/fireware.nl\\\/de\\\/product\\\/stecker-an-aus-fernbedienung\\\/#breadcrumb\"},\"inLanguage\":\"de\",\"potentialAction\":[{\"@type\":\"ReadAction\",\"target\":[\"https:\\\/\\\/fireware.nl\\\/de\\\/product\\\/stecker-an-aus-fernbedienung\\\/\"]}]},{\"@type\":\"ImageObject\",\"inLanguage\":\"de\",\"@id\":\"https:\\\/\\\/fireware.nl\\\/de\\\/product\\\/stecker-an-aus-fernbedienung\\\/#primaryimage\",\"url\":\"https:\\\/\\\/fireware.nl\\\/wp-content\\\/uploads\\\/2019\\\/01\\\/047-061-001-stekker-aan-uit-afstandsbediening-los-van-elkaar.jpg\",\"contentUrl\":\"https:\\\/\\\/fireware.nl\\\/wp-content\\\/uploads\\\/2019\\\/01\\\/047-061-001-stekker-aan-uit-afstandsbediening-los-van-elkaar.jpg\",\"width\":600,\"height\":600},{\"@type\":\"BreadcrumbList\",\"@id\":\"https:\\\/\\\/fireware.nl\\\/de\\\/product\\\/stecker-an-aus-fernbedienung\\\/#breadcrumb\",\"itemListElement\":[{\"@type\":\"ListItem\",\"position\":1,\"name\":\"Home\",\"item\":\"https:\\\/\\\/fireware.nl\\\/de\\\/\"},{\"@type\":\"ListItem\",\"position\":2,\"name\":\"Produkte\",\"item\":\"https:\\\/\\\/fireware.nl\\\/de\\\/produkte\\\/\"},{\"@type\":\"ListItem\",\"position\":3,\"name\":\"Stecker an\\\/aus Fernbedienung\"}]},{\"@type\":\"WebSite\",\"@id\":\"https:\\\/\\\/fireware.nl\\\/de\\\/#website\",\"url\":\"https:\\\/\\\/fireware.nl\\\/de\\\/\",\"name\":\"FireWare\",\"description\":\"CREATING REALISTIC  TRAINING ENVIRONMENTS\",\"publisher\":{\"@id\":\"https:\\\/\\\/fireware.nl\\\/de\\\/#organization\"},\"potentialAction\":[{\"@type\":\"SearchAction\",\"target\":{\"@type\":\"EntryPoint\",\"urlTemplate\":\"https:\\\/\\\/fireware.nl\\\/de\\\/?s={search_term_string}\"},\"query-input\":{\"@type\":\"PropertyValueSpecification\",\"valueRequired\":true,\"valueName\":\"search_term_string\"}}],\"inLanguage\":\"de\"},{\"@type\":\"Organization\",\"@id\":\"https:\\\/\\\/fireware.nl\\\/de\\\/#organization\",\"name\":\"FireWare\",\"url\":\"https:\\\/\\\/fireware.nl\\\/de\\\/\",\"logo\":{\"@type\":\"ImageObject\",\"inLanguage\":\"de\",\"@id\":\"https:\\\/\\\/fireware.nl\\\/de\\\/#\\\/schema\\\/logo\\\/image\\\/\",\"url\":\"https:\\\/\\\/fireware.nl\\\/wp-content\\\/uploads\\\/2018\\\/10\\\/FireWare-logo.jpg\",\"contentUrl\":\"https:\\\/\\\/fireware.nl\\\/wp-content\\\/uploads\\\/2018\\\/10\\\/FireWare-logo.jpg\",\"width\":171,\"height\":70,\"caption\":\"FireWare\"},\"image\":{\"@id\":\"https:\\\/\\\/fireware.nl\\\/de\\\/#\\\/schema\\\/logo\\\/image\\\/\"},\"sameAs\":[\"https:\\\/\\\/www.facebook.com\\\/FireWareBV\\\/\",\"https:\\\/\\\/x.com\\\/FireWarebv\",\"https:\\\/\\\/www.instagram.com\\\/fireware_nl\\\/\",\"https:\\\/\\\/www.linkedin.com\\\/company\\\/3586017\\\/\",\"https:\\\/\\\/www.youtube.com\\\/user\\\/firesalesrentconsult\"]}]}<\/script>\n<!-- \/ Yoast SEO plugin. -->","yoast_head_json":{"title":"Stecker an\/aus Fernbedienung - FireWare","robots":{"index":"index","follow":"follow","max-snippet":"max-snippet:-1","max-image-preview":"max-image-preview:large","max-video-preview":"max-video-preview:-1"},"canonical":"https:\/\/fireware.nl\/de\/product\/stecker-an-aus-fernbedienung\/","og_locale":"de_DE","og_type":"article","og_title":"Stecker an\/aus Fernbedienung - FireWare","og_description":"Kabellose Fernbedienung f\u00fcr 3 elektrische Ger\u00e4te.  \u00dcbungen werden durch Fernbedienung interaktiver.  Besteht aus einem Sender und 3 Empf\u00e4ngern.  Inklusive Batterien.","og_url":"https:\/\/fireware.nl\/de\/product\/stecker-an-aus-fernbedienung\/","og_site_name":"FireWare","article_publisher":"https:\/\/www.facebook.com\/FireWareBV\/","article_modified_time":"2024-05-09T09:59:49+00:00","og_image":[{"width":600,"height":600,"url":"https:\/\/fireware.nl\/wp-content\/uploads\/2019\/01\/047-061-001-stekker-aan-uit-afstandsbediening-los-van-elkaar.jpg","type":"image\/jpeg"}],"twitter_card":"summary_large_image","twitter_site":"@FireWarebv","twitter_misc":{"Gesch\u00e4tzte Lesezeit":"1\u00a0Minute"},"schema":{"@context":"https:\/\/schema.org","@graph":[{"@type":"WebPage","@id":"https:\/\/fireware.nl\/de\/product\/stecker-an-aus-fernbedienung\/","url":"https:\/\/fireware.nl\/de\/product\/stecker-an-aus-fernbedienung\/","name":"Stecker an\/aus Fernbedienung - FireWare","isPartOf":{"@id":"https:\/\/fireware.nl\/de\/#website"},"primaryImageOfPage":{"@id":"https:\/\/fireware.nl\/de\/product\/stecker-an-aus-fernbedienung\/#primaryimage"},"image":{"@id":"https:\/\/fireware.nl\/de\/product\/stecker-an-aus-fernbedienung\/#primaryimage"},"thumbnailUrl":"https:\/\/fireware.nl\/wp-content\/uploads\/2019\/01\/047-061-001-stekker-aan-uit-afstandsbediening-los-van-elkaar.jpg","datePublished":"2019-02-01T12:47:58+00:00","dateModified":"2024-05-09T09:59:49+00:00","breadcrumb":{"@id":"https:\/\/fireware.nl\/de\/product\/stecker-an-aus-fernbedienung\/#breadcrumb"},"inLanguage":"de","potentialAction":[{"@type":"ReadAction","target":["https:\/\/fireware.nl\/de\/product\/stecker-an-aus-fernbedienung\/"]}]},{"@type":"ImageObject","inLanguage":"de","@id":"https:\/\/fireware.nl\/de\/product\/stecker-an-aus-fernbedienung\/#primaryimage","url":"https:\/\/fireware.nl\/wp-content\/uploads\/2019\/01\/047-061-001-stekker-aan-uit-afstandsbediening-los-van-elkaar.jpg","contentUrl":"https:\/\/fireware.nl\/wp-content\/uploads\/2019\/01\/047-061-001-stekker-aan-uit-afstandsbediening-los-van-elkaar.jpg","width":600,"height":600},{"@type":"BreadcrumbList","@id":"https:\/\/fireware.nl\/de\/product\/stecker-an-aus-fernbedienung\/#breadcrumb","itemListElement":[{"@type":"ListItem","position":1,"name":"Home","item":"https:\/\/fireware.nl\/de\/"},{"@type":"ListItem","position":2,"name":"Produkte","item":"https:\/\/fireware.nl\/de\/produkte\/"},{"@type":"ListItem","position":3,"name":"Stecker an\/aus Fernbedienung"}]},{"@type":"WebSite","@id":"https:\/\/fireware.nl\/de\/#website","url":"https:\/\/fireware.nl\/de\/","name":"FireWare","description":"CREATING REALISTIC  TRAINING ENVIRONMENTS","publisher":{"@id":"https:\/\/fireware.nl\/de\/#organization"},"potentialAction":[{"@type":"SearchAction","target":{"@type":"EntryPoint","urlTemplate":"https:\/\/fireware.nl\/de\/?s={search_term_string}"},"query-input":{"@type":"PropertyValueSpecification","valueRequired":true,"valueName":"search_term_string"}}],"inLanguage":"de"},{"@type":"Organization","@id":"https:\/\/fireware.nl\/de\/#organization","name":"FireWare","url":"https:\/\/fireware.nl\/de\/","logo":{"@type":"ImageObject","inLanguage":"de","@id":"https:\/\/fireware.nl\/de\/#\/schema\/logo\/image\/","url":"https:\/\/fireware.nl\/wp-content\/uploads\/2018\/10\/FireWare-logo.jpg","contentUrl":"https:\/\/fireware.nl\/wp-content\/uploads\/2018\/10\/FireWare-logo.jpg","width":171,"height":70,"caption":"FireWare"},"image":{"@id":"https:\/\/fireware.nl\/de\/#\/schema\/logo\/image\/"},"sameAs":["https:\/\/www.facebook.com\/FireWareBV\/","https:\/\/x.com\/FireWarebv","https:\/\/www.instagram.com\/fireware_nl\/","https:\/\/www.linkedin.com\/company\/3586017\/","https:\/\/www.youtube.com\/user\/firesalesrentconsult"]}]}},"publishpress_future_workflow_manual_trigger":{"enabledWorkflows":[]},"_links":{"self":[{"href":"https:\/\/fireware.nl\/de\/wp-json\/wp\/v2\/product\/19863","targetHints":{"allow":["GET"]}}],"collection":[{"href":"https:\/\/fireware.nl\/de\/wp-json\/wp\/v2\/product"}],"about":[{"href":"https:\/\/fireware.nl\/de\/wp-json\/wp\/v2\/types\/product"}],"wp:featuredmedia":[{"embeddable":true,"href":"https:\/\/fireware.nl\/de\/wp-json\/wp\/v2\/media\/61303"}],"wp:attachment":[{"href":"https:\/\/fireware.nl\/de\/wp-json\/wp\/v2\/media?parent=19863"}],"wp:term":[{"taxonomy":"product_brand","embeddable":true,"href":"https:\/\/fireware.nl\/de\/wp-json\/wp\/v2\/product_brand?post=19863"},{"taxonomy":"product_cat","embeddable":true,"href":"https:\/\/fireware.nl\/de\/wp-json\/wp\/v2\/product_cat?post=19863"},{"taxonomy":"product_tag","embeddable":true,"href":"https:\/\/fireware.nl\/de\/wp-json\/wp\/v2\/product_tag?post=19863"}],"curies":[{"name":"wp","href":"https:\/\/api.w.org\/{rel}","templated":true}]}}