
{"id":19869,"date":"2019-01-23T12:18:22","date_gmt":"2019-02-01T12:49:29","guid":{"rendered":"http:\/\/fireware.sites.hyperhosting.co\/?post_type=product&#038;p=19869"},"modified":"2021-12-15T08:29:55","modified_gmt":"2021-12-15T08:29:55","slug":"schuko-verteilerblock-2x2","status":"publish","type":"product","link":"https:\/\/fireware.nl\/de\/product\/schuko-verteilerblock-2x2\/","title":{"rendered":"Schuko Verteilerblock 2&#215;2"},"content":{"rendered":"<p>Es gibt nicht in allen R\u00e4umen genug Steckdosen f\u00fcr Ihr \u00dcbungsmaterial. Darum ist es praktisch, wenn man jederzeit einen Verteilerblock zur Verf\u00fcgung hat. Mit dem Schuko Verteilerblock verteilen Sie eine Steckdose auf 4 geerdete Steckdosen.<\/p>\n<p>Der Schuko Verteilerblock ist IP20-qualifiziert. Das bedeutet, dass der Block vor Ber\u00fchrung, zum Beispiel mit dem Finger, gesch\u00fctzt ist. Achtung: Wie die meisten elektrischen Ger\u00e4te ist der Block nicht vor Feuchtigkeit gesch\u00fctzt.<\/p>\n","protected":false},"excerpt":{"rendered":"<ul>\n<li class=\"ListParagraph\"><span lang=\"DE\">F\u00fcr eine Stromverteilung zu 4 geerdeten Steckdosen.\u00a0\u00a0<\/span><\/li>\n<li class=\"ListParagraph\"><span lang=\"DE\">IP20 qualifiziert: vor Ber\u00fchrung gesch\u00fctzt.<\/span><\/li>\n<\/ul>\n","protected":false},"featured_media":21789,"template":"","meta":[],"product_brand":[],"product_cat":[228],"product_tag":[],"class_list":{"0":"post-19869","1":"product","2":"type-product","3":"status-publish","4":"has-post-thumbnail","6":"product_cat-verkabelung","8":"first","9":"instock","10":"taxable","11":"shipping-taxable","12":"purchasable","13":"product-type-simple"},"yoast_head":"<!-- This site is optimized with the Yoast SEO plugin v27.5 - https:\/\/yoast.com\/product\/yoast-seo-wordpress\/ -->\n<title>Schuko Verteilerblock 2x2 - FireWare<\/title>\n<meta name=\"robots\" content=\"index, follow, max-snippet:-1, max-image-preview:large, max-video-preview:-1\" \/>\n<link rel=\"canonical\" href=\"https:\/\/fireware.nl\/de\/product\/schuko-verteilerblock-2x2\/\" \/>\n<meta property=\"og:locale\" content=\"de_DE\" \/>\n<meta property=\"og:type\" content=\"article\" \/>\n<meta property=\"og:title\" content=\"Schuko Verteilerblock 2x2 - FireWare\" \/>\n<meta property=\"og:description\" content=\"F\u00fcr eine Stromverteilung zu 4 geerdeten Steckdosen.\u00a0\u00a0  IP20 qualifiziert: vor Ber\u00fchrung gesch\u00fctzt.\" \/>\n<meta property=\"og:url\" content=\"https:\/\/fireware.nl\/de\/product\/schuko-verteilerblock-2x2\/\" \/>\n<meta property=\"og:site_name\" content=\"FireWare\" \/>\n<meta property=\"article:publisher\" content=\"https:\/\/www.facebook.com\/FireWareBV\/\" \/>\n<meta property=\"article:modified_time\" content=\"2021-12-15T08:29:55+00:00\" \/>\n<meta property=\"og:image\" content=\"https:\/\/fireware.nl\/wp-content\/uploads\/2019\/01\/047-006-061-Schuko-verdeelblok-2x2-stekkerdoos.jpg\" \/>\n\t<meta property=\"og:image:width\" content=\"600\" \/>\n\t<meta property=\"og:image:height\" content=\"600\" \/>\n\t<meta property=\"og:image:type\" content=\"image\/jpeg\" \/>\n<meta name=\"twitter:card\" content=\"summary_large_image\" \/>\n<meta name=\"twitter:site\" content=\"@FireWarebv\" \/>\n<script type=\"application\/ld+json\" class=\"yoast-schema-graph\">{\"@context\":\"https:\\\/\\\/schema.org\",\"@graph\":[{\"@type\":\"WebPage\",\"@id\":\"https:\\\/\\\/fireware.nl\\\/de\\\/product\\\/schuko-verteilerblock-2x2\\\/\",\"url\":\"https:\\\/\\\/fireware.nl\\\/de\\\/product\\\/schuko-verteilerblock-2x2\\\/\",\"name\":\"Schuko Verteilerblock 2x2 - FireWare\",\"isPartOf\":{\"@id\":\"https:\\\/\\\/fireware.nl\\\/de\\\/#website\"},\"primaryImageOfPage\":{\"@id\":\"https:\\\/\\\/fireware.nl\\\/de\\\/product\\\/schuko-verteilerblock-2x2\\\/#primaryimage\"},\"image\":{\"@id\":\"https:\\\/\\\/fireware.nl\\\/de\\\/product\\\/schuko-verteilerblock-2x2\\\/#primaryimage\"},\"thumbnailUrl\":\"https:\\\/\\\/fireware.nl\\\/wp-content\\\/uploads\\\/2019\\\/01\\\/047-006-061-Schuko-verdeelblok-2x2-stekkerdoos.jpg\",\"datePublished\":\"2019-02-01T12:49:29+00:00\",\"dateModified\":\"2021-12-15T08:29:55+00:00\",\"breadcrumb\":{\"@id\":\"https:\\\/\\\/fireware.nl\\\/de\\\/product\\\/schuko-verteilerblock-2x2\\\/#breadcrumb\"},\"inLanguage\":\"de\",\"potentialAction\":[{\"@type\":\"ReadAction\",\"target\":[\"https:\\\/\\\/fireware.nl\\\/de\\\/product\\\/schuko-verteilerblock-2x2\\\/\"]}]},{\"@type\":\"ImageObject\",\"inLanguage\":\"de\",\"@id\":\"https:\\\/\\\/fireware.nl\\\/de\\\/product\\\/schuko-verteilerblock-2x2\\\/#primaryimage\",\"url\":\"https:\\\/\\\/fireware.nl\\\/wp-content\\\/uploads\\\/2019\\\/01\\\/047-006-061-Schuko-verdeelblok-2x2-stekkerdoos.jpg\",\"contentUrl\":\"https:\\\/\\\/fireware.nl\\\/wp-content\\\/uploads\\\/2019\\\/01\\\/047-006-061-Schuko-verdeelblok-2x2-stekkerdoos.jpg\",\"width\":600,\"height\":600,\"caption\":\"047-006-061 Schuko verdeelblok 2x2 stekkerdoos\"},{\"@type\":\"BreadcrumbList\",\"@id\":\"https:\\\/\\\/fireware.nl\\\/de\\\/product\\\/schuko-verteilerblock-2x2\\\/#breadcrumb\",\"itemListElement\":[{\"@type\":\"ListItem\",\"position\":1,\"name\":\"Home\",\"item\":\"https:\\\/\\\/fireware.nl\\\/de\\\/\"},{\"@type\":\"ListItem\",\"position\":2,\"name\":\"Produkte\",\"item\":\"https:\\\/\\\/fireware.nl\\\/de\\\/produkte\\\/\"},{\"@type\":\"ListItem\",\"position\":3,\"name\":\"Schuko Verteilerblock 2&#215;2\"}]},{\"@type\":\"WebSite\",\"@id\":\"https:\\\/\\\/fireware.nl\\\/de\\\/#website\",\"url\":\"https:\\\/\\\/fireware.nl\\\/de\\\/\",\"name\":\"FireWare\",\"description\":\"CREATING REALISTIC  TRAINING ENVIRONMENTS\",\"publisher\":{\"@id\":\"https:\\\/\\\/fireware.nl\\\/de\\\/#organization\"},\"potentialAction\":[{\"@type\":\"SearchAction\",\"target\":{\"@type\":\"EntryPoint\",\"urlTemplate\":\"https:\\\/\\\/fireware.nl\\\/de\\\/?s={search_term_string}\"},\"query-input\":{\"@type\":\"PropertyValueSpecification\",\"valueRequired\":true,\"valueName\":\"search_term_string\"}}],\"inLanguage\":\"de\"},{\"@type\":\"Organization\",\"@id\":\"https:\\\/\\\/fireware.nl\\\/de\\\/#organization\",\"name\":\"FireWare\",\"url\":\"https:\\\/\\\/fireware.nl\\\/de\\\/\",\"logo\":{\"@type\":\"ImageObject\",\"inLanguage\":\"de\",\"@id\":\"https:\\\/\\\/fireware.nl\\\/de\\\/#\\\/schema\\\/logo\\\/image\\\/\",\"url\":\"https:\\\/\\\/fireware.nl\\\/wp-content\\\/uploads\\\/2018\\\/10\\\/FireWare-logo.jpg\",\"contentUrl\":\"https:\\\/\\\/fireware.nl\\\/wp-content\\\/uploads\\\/2018\\\/10\\\/FireWare-logo.jpg\",\"width\":171,\"height\":70,\"caption\":\"FireWare\"},\"image\":{\"@id\":\"https:\\\/\\\/fireware.nl\\\/de\\\/#\\\/schema\\\/logo\\\/image\\\/\"},\"sameAs\":[\"https:\\\/\\\/www.facebook.com\\\/FireWareBV\\\/\",\"https:\\\/\\\/x.com\\\/FireWarebv\",\"https:\\\/\\\/www.instagram.com\\\/fireware_nl\\\/\",\"https:\\\/\\\/www.linkedin.com\\\/company\\\/3586017\\\/\",\"https:\\\/\\\/www.youtube.com\\\/user\\\/firesalesrentconsult\"]}]}<\/script>\n<!-- \/ Yoast SEO plugin. -->","yoast_head_json":{"title":"Schuko Verteilerblock 2x2 - FireWare","robots":{"index":"index","follow":"follow","max-snippet":"max-snippet:-1","max-image-preview":"max-image-preview:large","max-video-preview":"max-video-preview:-1"},"canonical":"https:\/\/fireware.nl\/de\/product\/schuko-verteilerblock-2x2\/","og_locale":"de_DE","og_type":"article","og_title":"Schuko Verteilerblock 2x2 - FireWare","og_description":"F\u00fcr eine Stromverteilung zu 4 geerdeten Steckdosen.\u00a0\u00a0  IP20 qualifiziert: vor Ber\u00fchrung gesch\u00fctzt.","og_url":"https:\/\/fireware.nl\/de\/product\/schuko-verteilerblock-2x2\/","og_site_name":"FireWare","article_publisher":"https:\/\/www.facebook.com\/FireWareBV\/","article_modified_time":"2021-12-15T08:29:55+00:00","og_image":[{"width":600,"height":600,"url":"https:\/\/fireware.nl\/wp-content\/uploads\/2019\/01\/047-006-061-Schuko-verdeelblok-2x2-stekkerdoos.jpg","type":"image\/jpeg"}],"twitter_card":"summary_large_image","twitter_site":"@FireWarebv","schema":{"@context":"https:\/\/schema.org","@graph":[{"@type":"WebPage","@id":"https:\/\/fireware.nl\/de\/product\/schuko-verteilerblock-2x2\/","url":"https:\/\/fireware.nl\/de\/product\/schuko-verteilerblock-2x2\/","name":"Schuko Verteilerblock 2x2 - FireWare","isPartOf":{"@id":"https:\/\/fireware.nl\/de\/#website"},"primaryImageOfPage":{"@id":"https:\/\/fireware.nl\/de\/product\/schuko-verteilerblock-2x2\/#primaryimage"},"image":{"@id":"https:\/\/fireware.nl\/de\/product\/schuko-verteilerblock-2x2\/#primaryimage"},"thumbnailUrl":"https:\/\/fireware.nl\/wp-content\/uploads\/2019\/01\/047-006-061-Schuko-verdeelblok-2x2-stekkerdoos.jpg","datePublished":"2019-02-01T12:49:29+00:00","dateModified":"2021-12-15T08:29:55+00:00","breadcrumb":{"@id":"https:\/\/fireware.nl\/de\/product\/schuko-verteilerblock-2x2\/#breadcrumb"},"inLanguage":"de","potentialAction":[{"@type":"ReadAction","target":["https:\/\/fireware.nl\/de\/product\/schuko-verteilerblock-2x2\/"]}]},{"@type":"ImageObject","inLanguage":"de","@id":"https:\/\/fireware.nl\/de\/product\/schuko-verteilerblock-2x2\/#primaryimage","url":"https:\/\/fireware.nl\/wp-content\/uploads\/2019\/01\/047-006-061-Schuko-verdeelblok-2x2-stekkerdoos.jpg","contentUrl":"https:\/\/fireware.nl\/wp-content\/uploads\/2019\/01\/047-006-061-Schuko-verdeelblok-2x2-stekkerdoos.jpg","width":600,"height":600,"caption":"047-006-061 Schuko verdeelblok 2x2 stekkerdoos"},{"@type":"BreadcrumbList","@id":"https:\/\/fireware.nl\/de\/product\/schuko-verteilerblock-2x2\/#breadcrumb","itemListElement":[{"@type":"ListItem","position":1,"name":"Home","item":"https:\/\/fireware.nl\/de\/"},{"@type":"ListItem","position":2,"name":"Produkte","item":"https:\/\/fireware.nl\/de\/produkte\/"},{"@type":"ListItem","position":3,"name":"Schuko Verteilerblock 2&#215;2"}]},{"@type":"WebSite","@id":"https:\/\/fireware.nl\/de\/#website","url":"https:\/\/fireware.nl\/de\/","name":"FireWare","description":"CREATING REALISTIC  TRAINING ENVIRONMENTS","publisher":{"@id":"https:\/\/fireware.nl\/de\/#organization"},"potentialAction":[{"@type":"SearchAction","target":{"@type":"EntryPoint","urlTemplate":"https:\/\/fireware.nl\/de\/?s={search_term_string}"},"query-input":{"@type":"PropertyValueSpecification","valueRequired":true,"valueName":"search_term_string"}}],"inLanguage":"de"},{"@type":"Organization","@id":"https:\/\/fireware.nl\/de\/#organization","name":"FireWare","url":"https:\/\/fireware.nl\/de\/","logo":{"@type":"ImageObject","inLanguage":"de","@id":"https:\/\/fireware.nl\/de\/#\/schema\/logo\/image\/","url":"https:\/\/fireware.nl\/wp-content\/uploads\/2018\/10\/FireWare-logo.jpg","contentUrl":"https:\/\/fireware.nl\/wp-content\/uploads\/2018\/10\/FireWare-logo.jpg","width":171,"height":70,"caption":"FireWare"},"image":{"@id":"https:\/\/fireware.nl\/de\/#\/schema\/logo\/image\/"},"sameAs":["https:\/\/www.facebook.com\/FireWareBV\/","https:\/\/x.com\/FireWarebv","https:\/\/www.instagram.com\/fireware_nl\/","https:\/\/www.linkedin.com\/company\/3586017\/","https:\/\/www.youtube.com\/user\/firesalesrentconsult"]}]}},"publishpress_future_workflow_manual_trigger":{"enabledWorkflows":[]},"_links":{"self":[{"href":"https:\/\/fireware.nl\/de\/wp-json\/wp\/v2\/product\/19869","targetHints":{"allow":["GET"]}}],"collection":[{"href":"https:\/\/fireware.nl\/de\/wp-json\/wp\/v2\/product"}],"about":[{"href":"https:\/\/fireware.nl\/de\/wp-json\/wp\/v2\/types\/product"}],"wp:featuredmedia":[{"embeddable":true,"href":"https:\/\/fireware.nl\/de\/wp-json\/wp\/v2\/media\/21789"}],"wp:attachment":[{"href":"https:\/\/fireware.nl\/de\/wp-json\/wp\/v2\/media?parent=19869"}],"wp:term":[{"taxonomy":"product_brand","embeddable":true,"href":"https:\/\/fireware.nl\/de\/wp-json\/wp\/v2\/product_brand?post=19869"},{"taxonomy":"product_cat","embeddable":true,"href":"https:\/\/fireware.nl\/de\/wp-json\/wp\/v2\/product_cat?post=19869"},{"taxonomy":"product_tag","embeddable":true,"href":"https:\/\/fireware.nl\/de\/wp-json\/wp\/v2\/product_tag?post=19869"}],"curies":[{"name":"wp","href":"https:\/\/api.w.org\/{rel}","templated":true}]}}