
{"id":19875,"date":"2019-01-23T12:18:01","date_gmt":"2019-02-01T12:50:29","guid":{"rendered":"http:\/\/fireware.sites.hyperhosting.co\/?post_type=product&#038;p=19875"},"modified":"2021-04-13T07:16:32","modified_gmt":"2021-04-13T07:16:32","slug":"blockadetafel-traditional","status":"publish","type":"product","link":"https:\/\/fireware.nl\/de\/produkt\/blockadetafel-traditional\/","title":{"rendered":"Blockadetafel Traditional"},"content":{"rendered":"<p>Die Blockadetafel Traditional ist eine Tafel, die eine Markierung zeigt. Die Tafel weist darauf hin, dass der Durchgang an einem bestimmten Ort blockiert ist. Mit ihr kann man gut nach Vereinbarung \u00fcben. Man kann die Tafel auch verwenden, wenn man keine Zeit oder keine M\u00f6glichkeit hat, alle Durchg\u00e4nge in einem Raum realistisch zu verbarrikadieren.<\/p>\n<p>Die \u00dcbungstafel tr\u00e4gt einen kratz- und wetterfesten Siebdruck. In den oberen Ecken der Tafel befinden sich L\u00f6cher. So lassen sich die Tafeln leicht befestigen. 10 St\u00fccke einfach in Plastikkasten 60 * 40 * 9 cm (exklusiv) zu platzieren.<\/p>\n","protected":false},"excerpt":{"rendered":"<ul>\n<li><strong>Erneuert: Kleinere Gr\u00f6\u00dfe (34 * 54 cm), macht die Verpackung in den Kunststoffkasten m\u00f6glich.<\/strong><\/li>\n<li>Tafel, die eine Blockade markiert.<\/li>\n<li>Geeignet f\u00fcr \u00dcbungen nach Vereinbarung.<\/li>\n<li>Wenn eine realistische Blockade unerw\u00fcnscht ist.<\/li>\n<li>Mit L\u00f6chern in den oberen Ecken zur leichten Befestigung.<\/li>\n<li>Kratz- und wetterfester Siebdruck.<\/li>\n<\/ul>\n","protected":false},"featured_media":50844,"template":"","meta":[],"product_brand":[],"product_cat":[242],"product_tag":[],"class_list":{"0":"post-19875","1":"product","2":"type-product","3":"status-publish","4":"has-post-thumbnail","6":"product_cat-signalisierung","8":"first","9":"instock","10":"taxable","11":"shipping-taxable","12":"purchasable","13":"product-type-simple"},"yoast_head":"<!-- This site is optimized with the Yoast SEO plugin v27.5 - https:\/\/yoast.com\/product\/yoast-seo-wordpress\/ -->\n<title>Blockadetafel Traditional - FireWare<\/title>\n<meta name=\"robots\" content=\"index, follow, max-snippet:-1, max-image-preview:large, max-video-preview:-1\" \/>\n<link rel=\"canonical\" href=\"https:\/\/fireware.nl\/de\/produkt\/blockadetafel-traditional\/\" \/>\n<meta property=\"og:locale\" content=\"de_DE\" \/>\n<meta property=\"og:type\" content=\"article\" \/>\n<meta property=\"og:title\" content=\"Blockadetafel Traditional - FireWare\" \/>\n<meta property=\"og:description\" content=\"Erneuert: Kleinere Gr\u00f6\u00dfe (34 * 54 cm), macht die Verpackung in den Kunststoffkasten m\u00f6glich.  Tafel, die eine Blockade markiert.  Geeignet f\u00fcr \u00dcbungen nach Vereinbarung.  Wenn eine realistische Blockade unerw\u00fcnscht ist.  Mit L\u00f6chern in den oberen Ecken zur leichten Befestigung.  Kratz- und wetterfester Siebdruck.\" \/>\n<meta property=\"og:url\" content=\"https:\/\/fireware.nl\/de\/produkt\/blockadetafel-traditional\/\" \/>\n<meta property=\"og:site_name\" content=\"FireWare\" \/>\n<meta property=\"article:publisher\" content=\"https:\/\/www.facebook.com\/FireWareBV\/\" \/>\n<meta property=\"article:modified_time\" content=\"2021-04-13T07:16:32+00:00\" \/>\n<meta property=\"og:image\" content=\"https:\/\/fireware.nl\/wp-content\/uploads\/2019\/01\/027-028-010-blokkeerbord.jpg\" \/>\n\t<meta property=\"og:image:width\" content=\"600\" \/>\n\t<meta property=\"og:image:height\" content=\"600\" \/>\n\t<meta property=\"og:image:type\" content=\"image\/jpeg\" \/>\n<meta name=\"twitter:card\" content=\"summary_large_image\" \/>\n<meta name=\"twitter:site\" content=\"@FireWarebv\" \/>\n<script type=\"application\/ld+json\" class=\"yoast-schema-graph\">{\"@context\":\"https:\\\/\\\/schema.org\",\"@graph\":[{\"@type\":\"WebPage\",\"@id\":\"https:\\\/\\\/fireware.nl\\\/de\\\/produkt\\\/blockadetafel-traditional\\\/\",\"url\":\"https:\\\/\\\/fireware.nl\\\/de\\\/produkt\\\/blockadetafel-traditional\\\/\",\"name\":\"Blockadetafel Traditional - FireWare\",\"isPartOf\":{\"@id\":\"https:\\\/\\\/fireware.nl\\\/de\\\/#website\"},\"primaryImageOfPage\":{\"@id\":\"https:\\\/\\\/fireware.nl\\\/de\\\/produkt\\\/blockadetafel-traditional\\\/#primaryimage\"},\"image\":{\"@id\":\"https:\\\/\\\/fireware.nl\\\/de\\\/produkt\\\/blockadetafel-traditional\\\/#primaryimage\"},\"thumbnailUrl\":\"https:\\\/\\\/fireware.nl\\\/wp-content\\\/uploads\\\/2019\\\/01\\\/027-028-010-blokkeerbord.jpg\",\"datePublished\":\"2019-02-01T12:50:29+00:00\",\"dateModified\":\"2021-04-13T07:16:32+00:00\",\"breadcrumb\":{\"@id\":\"https:\\\/\\\/fireware.nl\\\/de\\\/produkt\\\/blockadetafel-traditional\\\/#breadcrumb\"},\"inLanguage\":\"de\",\"potentialAction\":[{\"@type\":\"ReadAction\",\"target\":[\"https:\\\/\\\/fireware.nl\\\/de\\\/produkt\\\/blockadetafel-traditional\\\/\"]}]},{\"@type\":\"ImageObject\",\"inLanguage\":\"de\",\"@id\":\"https:\\\/\\\/fireware.nl\\\/de\\\/produkt\\\/blockadetafel-traditional\\\/#primaryimage\",\"url\":\"https:\\\/\\\/fireware.nl\\\/wp-content\\\/uploads\\\/2019\\\/01\\\/027-028-010-blokkeerbord.jpg\",\"contentUrl\":\"https:\\\/\\\/fireware.nl\\\/wp-content\\\/uploads\\\/2019\\\/01\\\/027-028-010-blokkeerbord.jpg\",\"width\":600,\"height\":600},{\"@type\":\"BreadcrumbList\",\"@id\":\"https:\\\/\\\/fireware.nl\\\/de\\\/produkt\\\/blockadetafel-traditional\\\/#breadcrumb\",\"itemListElement\":[{\"@type\":\"ListItem\",\"position\":1,\"name\":\"Home\",\"item\":\"https:\\\/\\\/fireware.nl\\\/de\\\/\"},{\"@type\":\"ListItem\",\"position\":2,\"name\":\"Produkte\",\"item\":\"https:\\\/\\\/fireware.nl\\\/de\\\/produkte\\\/\"},{\"@type\":\"ListItem\",\"position\":3,\"name\":\"Blockadetafel Traditional\"}]},{\"@type\":\"WebSite\",\"@id\":\"https:\\\/\\\/fireware.nl\\\/de\\\/#website\",\"url\":\"https:\\\/\\\/fireware.nl\\\/de\\\/\",\"name\":\"FireWare\",\"description\":\"CREATING REALISTIC  TRAINING ENVIRONMENTS\",\"publisher\":{\"@id\":\"https:\\\/\\\/fireware.nl\\\/de\\\/#organization\"},\"potentialAction\":[{\"@type\":\"SearchAction\",\"target\":{\"@type\":\"EntryPoint\",\"urlTemplate\":\"https:\\\/\\\/fireware.nl\\\/de\\\/?s={search_term_string}\"},\"query-input\":{\"@type\":\"PropertyValueSpecification\",\"valueRequired\":true,\"valueName\":\"search_term_string\"}}],\"inLanguage\":\"de\"},{\"@type\":\"Organization\",\"@id\":\"https:\\\/\\\/fireware.nl\\\/de\\\/#organization\",\"name\":\"FireWare\",\"url\":\"https:\\\/\\\/fireware.nl\\\/de\\\/\",\"logo\":{\"@type\":\"ImageObject\",\"inLanguage\":\"de\",\"@id\":\"https:\\\/\\\/fireware.nl\\\/de\\\/#\\\/schema\\\/logo\\\/image\\\/\",\"url\":\"https:\\\/\\\/fireware.nl\\\/wp-content\\\/uploads\\\/2018\\\/10\\\/FireWare-logo.jpg\",\"contentUrl\":\"https:\\\/\\\/fireware.nl\\\/wp-content\\\/uploads\\\/2018\\\/10\\\/FireWare-logo.jpg\",\"width\":171,\"height\":70,\"caption\":\"FireWare\"},\"image\":{\"@id\":\"https:\\\/\\\/fireware.nl\\\/de\\\/#\\\/schema\\\/logo\\\/image\\\/\"},\"sameAs\":[\"https:\\\/\\\/www.facebook.com\\\/FireWareBV\\\/\",\"https:\\\/\\\/x.com\\\/FireWarebv\",\"https:\\\/\\\/www.instagram.com\\\/fireware_nl\\\/\",\"https:\\\/\\\/www.linkedin.com\\\/company\\\/3586017\\\/\",\"https:\\\/\\\/www.youtube.com\\\/user\\\/firesalesrentconsult\"]}]}<\/script>\n<!-- \/ Yoast SEO plugin. -->","yoast_head_json":{"title":"Blockadetafel Traditional - FireWare","robots":{"index":"index","follow":"follow","max-snippet":"max-snippet:-1","max-image-preview":"max-image-preview:large","max-video-preview":"max-video-preview:-1"},"canonical":"https:\/\/fireware.nl\/de\/produkt\/blockadetafel-traditional\/","og_locale":"de_DE","og_type":"article","og_title":"Blockadetafel Traditional - FireWare","og_description":"Erneuert: Kleinere Gr\u00f6\u00dfe (34 * 54 cm), macht die Verpackung in den Kunststoffkasten m\u00f6glich.  Tafel, die eine Blockade markiert.  Geeignet f\u00fcr \u00dcbungen nach Vereinbarung.  Wenn eine realistische Blockade unerw\u00fcnscht ist.  Mit L\u00f6chern in den oberen Ecken zur leichten Befestigung.  Kratz- und wetterfester Siebdruck.","og_url":"https:\/\/fireware.nl\/de\/produkt\/blockadetafel-traditional\/","og_site_name":"FireWare","article_publisher":"https:\/\/www.facebook.com\/FireWareBV\/","article_modified_time":"2021-04-13T07:16:32+00:00","og_image":[{"width":600,"height":600,"url":"https:\/\/fireware.nl\/wp-content\/uploads\/2019\/01\/027-028-010-blokkeerbord.jpg","type":"image\/jpeg"}],"twitter_card":"summary_large_image","twitter_site":"@FireWarebv","schema":{"@context":"https:\/\/schema.org","@graph":[{"@type":"WebPage","@id":"https:\/\/fireware.nl\/de\/produkt\/blockadetafel-traditional\/","url":"https:\/\/fireware.nl\/de\/produkt\/blockadetafel-traditional\/","name":"Blockadetafel Traditional - FireWare","isPartOf":{"@id":"https:\/\/fireware.nl\/de\/#website"},"primaryImageOfPage":{"@id":"https:\/\/fireware.nl\/de\/produkt\/blockadetafel-traditional\/#primaryimage"},"image":{"@id":"https:\/\/fireware.nl\/de\/produkt\/blockadetafel-traditional\/#primaryimage"},"thumbnailUrl":"https:\/\/fireware.nl\/wp-content\/uploads\/2019\/01\/027-028-010-blokkeerbord.jpg","datePublished":"2019-02-01T12:50:29+00:00","dateModified":"2021-04-13T07:16:32+00:00","breadcrumb":{"@id":"https:\/\/fireware.nl\/de\/produkt\/blockadetafel-traditional\/#breadcrumb"},"inLanguage":"de","potentialAction":[{"@type":"ReadAction","target":["https:\/\/fireware.nl\/de\/produkt\/blockadetafel-traditional\/"]}]},{"@type":"ImageObject","inLanguage":"de","@id":"https:\/\/fireware.nl\/de\/produkt\/blockadetafel-traditional\/#primaryimage","url":"https:\/\/fireware.nl\/wp-content\/uploads\/2019\/01\/027-028-010-blokkeerbord.jpg","contentUrl":"https:\/\/fireware.nl\/wp-content\/uploads\/2019\/01\/027-028-010-blokkeerbord.jpg","width":600,"height":600},{"@type":"BreadcrumbList","@id":"https:\/\/fireware.nl\/de\/produkt\/blockadetafel-traditional\/#breadcrumb","itemListElement":[{"@type":"ListItem","position":1,"name":"Home","item":"https:\/\/fireware.nl\/de\/"},{"@type":"ListItem","position":2,"name":"Produkte","item":"https:\/\/fireware.nl\/de\/produkte\/"},{"@type":"ListItem","position":3,"name":"Blockadetafel Traditional"}]},{"@type":"WebSite","@id":"https:\/\/fireware.nl\/de\/#website","url":"https:\/\/fireware.nl\/de\/","name":"FireWare","description":"CREATING REALISTIC  TRAINING ENVIRONMENTS","publisher":{"@id":"https:\/\/fireware.nl\/de\/#organization"},"potentialAction":[{"@type":"SearchAction","target":{"@type":"EntryPoint","urlTemplate":"https:\/\/fireware.nl\/de\/?s={search_term_string}"},"query-input":{"@type":"PropertyValueSpecification","valueRequired":true,"valueName":"search_term_string"}}],"inLanguage":"de"},{"@type":"Organization","@id":"https:\/\/fireware.nl\/de\/#organization","name":"FireWare","url":"https:\/\/fireware.nl\/de\/","logo":{"@type":"ImageObject","inLanguage":"de","@id":"https:\/\/fireware.nl\/de\/#\/schema\/logo\/image\/","url":"https:\/\/fireware.nl\/wp-content\/uploads\/2018\/10\/FireWare-logo.jpg","contentUrl":"https:\/\/fireware.nl\/wp-content\/uploads\/2018\/10\/FireWare-logo.jpg","width":171,"height":70,"caption":"FireWare"},"image":{"@id":"https:\/\/fireware.nl\/de\/#\/schema\/logo\/image\/"},"sameAs":["https:\/\/www.facebook.com\/FireWareBV\/","https:\/\/x.com\/FireWarebv","https:\/\/www.instagram.com\/fireware_nl\/","https:\/\/www.linkedin.com\/company\/3586017\/","https:\/\/www.youtube.com\/user\/firesalesrentconsult"]}]}},"publishpress_future_workflow_manual_trigger":{"enabledWorkflows":[]},"_links":{"self":[{"href":"https:\/\/fireware.nl\/de\/wp-json\/wp\/v2\/product\/19875","targetHints":{"allow":["GET"]}}],"collection":[{"href":"https:\/\/fireware.nl\/de\/wp-json\/wp\/v2\/product"}],"about":[{"href":"https:\/\/fireware.nl\/de\/wp-json\/wp\/v2\/types\/product"}],"wp:featuredmedia":[{"embeddable":true,"href":"https:\/\/fireware.nl\/de\/wp-json\/wp\/v2\/media\/50844"}],"wp:attachment":[{"href":"https:\/\/fireware.nl\/de\/wp-json\/wp\/v2\/media?parent=19875"}],"wp:term":[{"taxonomy":"product_brand","embeddable":true,"href":"https:\/\/fireware.nl\/de\/wp-json\/wp\/v2\/product_brand?post=19875"},{"taxonomy":"product_cat","embeddable":true,"href":"https:\/\/fireware.nl\/de\/wp-json\/wp\/v2\/product_cat?post=19875"},{"taxonomy":"product_tag","embeddable":true,"href":"https:\/\/fireware.nl\/de\/wp-json\/wp\/v2\/product_tag?post=19875"}],"curies":[{"name":"wp","href":"https:\/\/api.w.org\/{rel}","templated":true}]}}