
{"id":19905,"date":"2019-01-23T12:15:41","date_gmt":"2019-02-01T12:57:55","guid":{"rendered":"http:\/\/fireware.sites.hyperhosting.co\/?post_type=product&#038;p=19905"},"modified":"2022-01-18T11:13:42","modified_gmt":"2022-01-18T11:13:42","slug":"letzte-exemplare-fireware-crs-eu-kennzeichenschilden","status":"publish","type":"product","link":"https:\/\/fireware.nl\/de\/product\/crs-eu-kennzeichenschilden\/","title":{"rendered":"CRS EU Kennzeichenschilden"},"content":{"rendered":"<h2>Gelbe und zwei wei\u00dfe blanco Kennzeichenschilder<\/h2>\n<p>Die CRS EU Kennzeichenschilden sind zwei gelbe und zwei wei\u00dfe blanco Kennzeichenschilder. Mit einem Whiteboard Marker k\u00f6nnen Sie selbst ein Kennzeichen auf das Schild schreiben. So l\u00e4sst sich das Schild bei jeder \u00dcbung mit einem anderen Kennzeichen neu verwenden. Das Kennzeichenschild ist f\u00fcr \u00dcbungen mit dem Crash Recovery System (CRS) ideal. Das CRS arbeitet mit Einf\u00fchrung eines Kennzeichenschilds. Am Ungl\u00fccksort kann man dann direkt sehen, wo sich im Auto die Gefahrenzonen befinden und wo Dinge wie die Elektronik, Airbags und Gurtspanner angebracht sind. Platziert man jedes Mal ein anderes Kennzeichen, kann man jedes Mal ein anderes Auto und somit eine andere Prozedur \u00fcben.<\/p>\n<p>Die CRS EU Kennzeichenschilden wirden in einem Set von 2 gelbe und 2 wei\u00dfe geliefert, f\u00fcr Vorder- und R\u00fcckseite eines Autos. Es ist mit magnetischer R\u00fcckseite ausgestattet. Sie klicken das Schild also mit einer Bewegung fest \u2013 zum Beispiel auf einem Schrottauto. Inklusive zwei Whiteboard Markern.<\/p>\n","protected":false},"excerpt":{"rendered":"<ul>\n<li>Set bestehend aus 2 gelbe und 2 wei\u00dfe Kennzeichen.<\/li>\n<li>Man kann selbst ein Kennzeichen darauf schreiben.<\/li>\n<li>\u00dcben mit dem Crash Recovery System.<\/li>\n<li>Inklusive eine schwarze und eine rote Whiteboard Marker.<\/li>\n<li>Inklusive Kunststoffbox 60 x 40 x 9 cm.<\/li>\n<\/ul>\n","protected":false},"featured_media":21844,"template":"","meta":[],"product_brand":[],"product_cat":[242],"product_tag":[],"class_list":{"0":"post-19905","1":"product","2":"type-product","3":"status-publish","4":"has-post-thumbnail","6":"product_cat-signalisierung","8":"first","9":"instock","10":"taxable","11":"shipping-taxable","12":"purchasable","13":"product-type-simple"},"yoast_head":"<!-- This site is optimized with the Yoast SEO plugin v27.5 - https:\/\/yoast.com\/product\/yoast-seo-wordpress\/ -->\n<title>CRS EU Kennzeichenschilden - FireWare<\/title>\n<meta name=\"robots\" content=\"index, follow, max-snippet:-1, max-image-preview:large, max-video-preview:-1\" \/>\n<link rel=\"canonical\" href=\"https:\/\/fireware.nl\/de\/product\/crs-eu-kennzeichenschilden\/\" \/>\n<meta property=\"og:locale\" content=\"de_DE\" \/>\n<meta property=\"og:type\" content=\"article\" \/>\n<meta property=\"og:title\" content=\"CRS EU Kennzeichenschilden - FireWare\" \/>\n<meta property=\"og:description\" content=\"Set bestehend aus 2 gelbe und 2 wei\u00dfe Kennzeichen.  Man kann selbst ein Kennzeichen darauf schreiben.  \u00dcben mit dem Crash Recovery System.  Inklusive eine schwarze und eine rote Whiteboard Marker.  Inklusive Kunststoffbox 60 x 40 x 9 cm.\" \/>\n<meta property=\"og:url\" content=\"https:\/\/fireware.nl\/de\/product\/crs-eu-kennzeichenschilden\/\" \/>\n<meta property=\"og:site_name\" content=\"FireWare\" \/>\n<meta property=\"article:publisher\" content=\"https:\/\/www.facebook.com\/FireWareBV\/\" \/>\n<meta property=\"article:modified_time\" content=\"2022-01-18T11:13:42+00:00\" \/>\n<meta property=\"og:image\" content=\"https:\/\/fireware.nl\/wp-content\/uploads\/2019\/01\/028-030-001-CRS-EU-Kentekenplaat.jpg\" \/>\n\t<meta property=\"og:image:width\" content=\"600\" \/>\n\t<meta property=\"og:image:height\" content=\"600\" \/>\n\t<meta property=\"og:image:type\" content=\"image\/jpeg\" \/>\n<meta name=\"twitter:card\" content=\"summary_large_image\" \/>\n<meta name=\"twitter:site\" content=\"@FireWarebv\" \/>\n<meta name=\"twitter:label1\" content=\"Gesch\u00e4tzte Lesezeit\" \/>\n\t<meta name=\"twitter:data1\" content=\"1\u00a0Minute\" \/>\n<script type=\"application\/ld+json\" class=\"yoast-schema-graph\">{\"@context\":\"https:\\\/\\\/schema.org\",\"@graph\":[{\"@type\":\"WebPage\",\"@id\":\"https:\\\/\\\/fireware.nl\\\/de\\\/product\\\/crs-eu-kennzeichenschilden\\\/\",\"url\":\"https:\\\/\\\/fireware.nl\\\/de\\\/product\\\/crs-eu-kennzeichenschilden\\\/\",\"name\":\"CRS EU Kennzeichenschilden - FireWare\",\"isPartOf\":{\"@id\":\"https:\\\/\\\/fireware.nl\\\/de\\\/#website\"},\"primaryImageOfPage\":{\"@id\":\"https:\\\/\\\/fireware.nl\\\/de\\\/product\\\/crs-eu-kennzeichenschilden\\\/#primaryimage\"},\"image\":{\"@id\":\"https:\\\/\\\/fireware.nl\\\/de\\\/product\\\/crs-eu-kennzeichenschilden\\\/#primaryimage\"},\"thumbnailUrl\":\"https:\\\/\\\/fireware.nl\\\/wp-content\\\/uploads\\\/2019\\\/01\\\/028-030-001-CRS-EU-Kentekenplaat.jpg\",\"datePublished\":\"2019-02-01T12:57:55+00:00\",\"dateModified\":\"2022-01-18T11:13:42+00:00\",\"breadcrumb\":{\"@id\":\"https:\\\/\\\/fireware.nl\\\/de\\\/product\\\/crs-eu-kennzeichenschilden\\\/#breadcrumb\"},\"inLanguage\":\"de\",\"potentialAction\":[{\"@type\":\"ReadAction\",\"target\":[\"https:\\\/\\\/fireware.nl\\\/de\\\/product\\\/crs-eu-kennzeichenschilden\\\/\"]}]},{\"@type\":\"ImageObject\",\"inLanguage\":\"de\",\"@id\":\"https:\\\/\\\/fireware.nl\\\/de\\\/product\\\/crs-eu-kennzeichenschilden\\\/#primaryimage\",\"url\":\"https:\\\/\\\/fireware.nl\\\/wp-content\\\/uploads\\\/2019\\\/01\\\/028-030-001-CRS-EU-Kentekenplaat.jpg\",\"contentUrl\":\"https:\\\/\\\/fireware.nl\\\/wp-content\\\/uploads\\\/2019\\\/01\\\/028-030-001-CRS-EU-Kentekenplaat.jpg\",\"width\":600,\"height\":600,\"caption\":\"028-030-001 CRS EU Kentekenplaat\"},{\"@type\":\"BreadcrumbList\",\"@id\":\"https:\\\/\\\/fireware.nl\\\/de\\\/product\\\/crs-eu-kennzeichenschilden\\\/#breadcrumb\",\"itemListElement\":[{\"@type\":\"ListItem\",\"position\":1,\"name\":\"Home\",\"item\":\"https:\\\/\\\/fireware.nl\\\/de\\\/\"},{\"@type\":\"ListItem\",\"position\":2,\"name\":\"Produkte\",\"item\":\"https:\\\/\\\/fireware.nl\\\/de\\\/produkte\\\/\"},{\"@type\":\"ListItem\",\"position\":3,\"name\":\"CRS EU Kennzeichenschilden\"}]},{\"@type\":\"WebSite\",\"@id\":\"https:\\\/\\\/fireware.nl\\\/de\\\/#website\",\"url\":\"https:\\\/\\\/fireware.nl\\\/de\\\/\",\"name\":\"FireWare\",\"description\":\"CREATING REALISTIC  TRAINING ENVIRONMENTS\",\"publisher\":{\"@id\":\"https:\\\/\\\/fireware.nl\\\/de\\\/#organization\"},\"potentialAction\":[{\"@type\":\"SearchAction\",\"target\":{\"@type\":\"EntryPoint\",\"urlTemplate\":\"https:\\\/\\\/fireware.nl\\\/de\\\/?s={search_term_string}\"},\"query-input\":{\"@type\":\"PropertyValueSpecification\",\"valueRequired\":true,\"valueName\":\"search_term_string\"}}],\"inLanguage\":\"de\"},{\"@type\":\"Organization\",\"@id\":\"https:\\\/\\\/fireware.nl\\\/de\\\/#organization\",\"name\":\"FireWare\",\"url\":\"https:\\\/\\\/fireware.nl\\\/de\\\/\",\"logo\":{\"@type\":\"ImageObject\",\"inLanguage\":\"de\",\"@id\":\"https:\\\/\\\/fireware.nl\\\/de\\\/#\\\/schema\\\/logo\\\/image\\\/\",\"url\":\"https:\\\/\\\/fireware.nl\\\/wp-content\\\/uploads\\\/2018\\\/10\\\/FireWare-logo.jpg\",\"contentUrl\":\"https:\\\/\\\/fireware.nl\\\/wp-content\\\/uploads\\\/2018\\\/10\\\/FireWare-logo.jpg\",\"width\":171,\"height\":70,\"caption\":\"FireWare\"},\"image\":{\"@id\":\"https:\\\/\\\/fireware.nl\\\/de\\\/#\\\/schema\\\/logo\\\/image\\\/\"},\"sameAs\":[\"https:\\\/\\\/www.facebook.com\\\/FireWareBV\\\/\",\"https:\\\/\\\/x.com\\\/FireWarebv\",\"https:\\\/\\\/www.instagram.com\\\/fireware_nl\\\/\",\"https:\\\/\\\/www.linkedin.com\\\/company\\\/3586017\\\/\",\"https:\\\/\\\/www.youtube.com\\\/user\\\/firesalesrentconsult\"]}]}<\/script>\n<!-- \/ Yoast SEO plugin. -->","yoast_head_json":{"title":"CRS EU Kennzeichenschilden - FireWare","robots":{"index":"index","follow":"follow","max-snippet":"max-snippet:-1","max-image-preview":"max-image-preview:large","max-video-preview":"max-video-preview:-1"},"canonical":"https:\/\/fireware.nl\/de\/product\/crs-eu-kennzeichenschilden\/","og_locale":"de_DE","og_type":"article","og_title":"CRS EU Kennzeichenschilden - FireWare","og_description":"Set bestehend aus 2 gelbe und 2 wei\u00dfe Kennzeichen.  Man kann selbst ein Kennzeichen darauf schreiben.  \u00dcben mit dem Crash Recovery System.  Inklusive eine schwarze und eine rote Whiteboard Marker.  Inklusive Kunststoffbox 60 x 40 x 9 cm.","og_url":"https:\/\/fireware.nl\/de\/product\/crs-eu-kennzeichenschilden\/","og_site_name":"FireWare","article_publisher":"https:\/\/www.facebook.com\/FireWareBV\/","article_modified_time":"2022-01-18T11:13:42+00:00","og_image":[{"width":600,"height":600,"url":"https:\/\/fireware.nl\/wp-content\/uploads\/2019\/01\/028-030-001-CRS-EU-Kentekenplaat.jpg","type":"image\/jpeg"}],"twitter_card":"summary_large_image","twitter_site":"@FireWarebv","twitter_misc":{"Gesch\u00e4tzte Lesezeit":"1\u00a0Minute"},"schema":{"@context":"https:\/\/schema.org","@graph":[{"@type":"WebPage","@id":"https:\/\/fireware.nl\/de\/product\/crs-eu-kennzeichenschilden\/","url":"https:\/\/fireware.nl\/de\/product\/crs-eu-kennzeichenschilden\/","name":"CRS EU Kennzeichenschilden - FireWare","isPartOf":{"@id":"https:\/\/fireware.nl\/de\/#website"},"primaryImageOfPage":{"@id":"https:\/\/fireware.nl\/de\/product\/crs-eu-kennzeichenschilden\/#primaryimage"},"image":{"@id":"https:\/\/fireware.nl\/de\/product\/crs-eu-kennzeichenschilden\/#primaryimage"},"thumbnailUrl":"https:\/\/fireware.nl\/wp-content\/uploads\/2019\/01\/028-030-001-CRS-EU-Kentekenplaat.jpg","datePublished":"2019-02-01T12:57:55+00:00","dateModified":"2022-01-18T11:13:42+00:00","breadcrumb":{"@id":"https:\/\/fireware.nl\/de\/product\/crs-eu-kennzeichenschilden\/#breadcrumb"},"inLanguage":"de","potentialAction":[{"@type":"ReadAction","target":["https:\/\/fireware.nl\/de\/product\/crs-eu-kennzeichenschilden\/"]}]},{"@type":"ImageObject","inLanguage":"de","@id":"https:\/\/fireware.nl\/de\/product\/crs-eu-kennzeichenschilden\/#primaryimage","url":"https:\/\/fireware.nl\/wp-content\/uploads\/2019\/01\/028-030-001-CRS-EU-Kentekenplaat.jpg","contentUrl":"https:\/\/fireware.nl\/wp-content\/uploads\/2019\/01\/028-030-001-CRS-EU-Kentekenplaat.jpg","width":600,"height":600,"caption":"028-030-001 CRS EU Kentekenplaat"},{"@type":"BreadcrumbList","@id":"https:\/\/fireware.nl\/de\/product\/crs-eu-kennzeichenschilden\/#breadcrumb","itemListElement":[{"@type":"ListItem","position":1,"name":"Home","item":"https:\/\/fireware.nl\/de\/"},{"@type":"ListItem","position":2,"name":"Produkte","item":"https:\/\/fireware.nl\/de\/produkte\/"},{"@type":"ListItem","position":3,"name":"CRS EU Kennzeichenschilden"}]},{"@type":"WebSite","@id":"https:\/\/fireware.nl\/de\/#website","url":"https:\/\/fireware.nl\/de\/","name":"FireWare","description":"CREATING REALISTIC  TRAINING ENVIRONMENTS","publisher":{"@id":"https:\/\/fireware.nl\/de\/#organization"},"potentialAction":[{"@type":"SearchAction","target":{"@type":"EntryPoint","urlTemplate":"https:\/\/fireware.nl\/de\/?s={search_term_string}"},"query-input":{"@type":"PropertyValueSpecification","valueRequired":true,"valueName":"search_term_string"}}],"inLanguage":"de"},{"@type":"Organization","@id":"https:\/\/fireware.nl\/de\/#organization","name":"FireWare","url":"https:\/\/fireware.nl\/de\/","logo":{"@type":"ImageObject","inLanguage":"de","@id":"https:\/\/fireware.nl\/de\/#\/schema\/logo\/image\/","url":"https:\/\/fireware.nl\/wp-content\/uploads\/2018\/10\/FireWare-logo.jpg","contentUrl":"https:\/\/fireware.nl\/wp-content\/uploads\/2018\/10\/FireWare-logo.jpg","width":171,"height":70,"caption":"FireWare"},"image":{"@id":"https:\/\/fireware.nl\/de\/#\/schema\/logo\/image\/"},"sameAs":["https:\/\/www.facebook.com\/FireWareBV\/","https:\/\/x.com\/FireWarebv","https:\/\/www.instagram.com\/fireware_nl\/","https:\/\/www.linkedin.com\/company\/3586017\/","https:\/\/www.youtube.com\/user\/firesalesrentconsult"]}]}},"publishpress_future_workflow_manual_trigger":{"enabledWorkflows":[]},"_links":{"self":[{"href":"https:\/\/fireware.nl\/de\/wp-json\/wp\/v2\/product\/19905","targetHints":{"allow":["GET"]}}],"collection":[{"href":"https:\/\/fireware.nl\/de\/wp-json\/wp\/v2\/product"}],"about":[{"href":"https:\/\/fireware.nl\/de\/wp-json\/wp\/v2\/types\/product"}],"wp:featuredmedia":[{"embeddable":true,"href":"https:\/\/fireware.nl\/de\/wp-json\/wp\/v2\/media\/21844"}],"wp:attachment":[{"href":"https:\/\/fireware.nl\/de\/wp-json\/wp\/v2\/media?parent=19905"}],"wp:term":[{"taxonomy":"product_brand","embeddable":true,"href":"https:\/\/fireware.nl\/de\/wp-json\/wp\/v2\/product_brand?post=19905"},{"taxonomy":"product_cat","embeddable":true,"href":"https:\/\/fireware.nl\/de\/wp-json\/wp\/v2\/product_cat?post=19905"},{"taxonomy":"product_tag","embeddable":true,"href":"https:\/\/fireware.nl\/de\/wp-json\/wp\/v2\/product_tag?post=19905"}],"curies":[{"name":"wp","href":"https:\/\/api.w.org\/{rel}","templated":true}]}}