
{"id":19912,"date":"2019-01-23T12:17:04","date_gmt":"2019-02-01T13:01:02","guid":{"rendered":"http:\/\/fireware.sites.hyperhosting.co\/?post_type=product&#038;p=19912"},"modified":"2019-08-14T14:48:47","modified_gmt":"2019-08-14T14:48:47","slug":"signaalweste","status":"publish","type":"product","link":"https:\/\/fireware.nl\/de\/produkt\/signaalweste\/","title":{"rendered":"Signaalweste"},"content":{"rendered":"<p>Man tr\u00e4gt eine Signalweste, um die Sichtbarkeit zu verbessern oder um zum Beispiel bei einer \u00dcbung zu zeigen, welche Aufgabe jemand hat.\u00a0\u00a0Sie k\u00f6nnen Westen in verschiedenen Farben verwenden, um unterschiedliche Aufgaben zu betonen und um zwischen dem \u00dcbungsleiter und Beobachtern zu unterscheiden.\u00a0Die Signalweste ist mit reflektierenden Streifen ausgestattet. So sind Sie deutlich zu sehen, wenn Sie die Weste tragen. Die orangefarbene und die gelbe Weste gen\u00fcgen der Norm DIN EN 471 f\u00fcr besonders gute Sichtbarkeit.<\/p>\n<p>Die Weste ist in einer Gr\u00f6\u00dfe erh\u00e4ltlich in den Farben Orange, Gelb, Blau, Rot, Gr\u00fcn und Wei\u00df. Alle Westen sind mit Klettbandverschluss ausgestattet.<\/p>\n","protected":false},"excerpt":{"rendered":"<ul>\n<li>Signalweste f\u00fcr gute Sichtbarkeit.<\/li>\n<li>Mit reflektierenden Streifen ausgestattet.<\/li>\n<li>Mit Klettbandverschluss ausgestattet.<\/li>\n<li>In verschiedenen Farben erh\u00e4ltlich.<\/li>\n<li>Gelb und orange gen\u00fcgen der Normierung DIN EN 471.<\/li>\n<\/ul>\n","protected":false},"featured_media":21860,"template":"","meta":[],"product_brand":[],"product_cat":[242],"product_tag":[],"class_list":{"0":"post-19912","1":"product","2":"type-product","3":"status-publish","4":"has-post-thumbnail","6":"product_cat-signalisierung","8":"first","9":"instock","10":"taxable","11":"shipping-taxable","12":"purchasable","13":"product-type-variable","14":"has-default-attributes"},"yoast_head":"<!-- This site is optimized with the Yoast SEO plugin v27.5 - https:\/\/yoast.com\/product\/yoast-seo-wordpress\/ -->\n<title>Signaalweste - FireWare<\/title>\n<meta name=\"robots\" content=\"index, follow, max-snippet:-1, max-image-preview:large, max-video-preview:-1\" \/>\n<link rel=\"canonical\" href=\"https:\/\/fireware.nl\/de\/produkt\/signaalweste\/\" \/>\n<meta property=\"og:locale\" content=\"de_DE\" \/>\n<meta property=\"og:type\" content=\"article\" \/>\n<meta property=\"og:title\" content=\"Signaalweste - FireWare\" \/>\n<meta property=\"og:description\" content=\"Signalweste f\u00fcr gute Sichtbarkeit.  Mit reflektierenden Streifen ausgestattet.  Mit Klettbandverschluss ausgestattet.  In verschiedenen Farben erh\u00e4ltlich.  Gelb und orange gen\u00fcgen der Normierung DIN EN 471.\" \/>\n<meta property=\"og:url\" content=\"https:\/\/fireware.nl\/de\/produkt\/signaalweste\/\" \/>\n<meta property=\"og:site_name\" content=\"FireWare\" \/>\n<meta property=\"article:publisher\" content=\"https:\/\/www.facebook.com\/FireWareBV\/\" \/>\n<meta property=\"article:modified_time\" content=\"2019-08-14T14:48:47+00:00\" \/>\n<meta property=\"og:image\" content=\"https:\/\/fireware.nl\/wp-content\/uploads\/2019\/01\/046-076-003-Signaalvest-onbedrukt-oranje.jpg\" \/>\n\t<meta property=\"og:image:width\" content=\"600\" \/>\n\t<meta property=\"og:image:height\" content=\"600\" \/>\n\t<meta property=\"og:image:type\" content=\"image\/jpeg\" \/>\n<meta name=\"twitter:card\" content=\"summary_large_image\" \/>\n<meta name=\"twitter:site\" content=\"@FireWarebv\" \/>\n<meta name=\"twitter:label1\" content=\"Gesch\u00e4tzte Lesezeit\" \/>\n\t<meta name=\"twitter:data1\" content=\"1\u00a0Minute\" \/>\n<script type=\"application\/ld+json\" class=\"yoast-schema-graph\">{\"@context\":\"https:\\\/\\\/schema.org\",\"@graph\":[{\"@type\":\"WebPage\",\"@id\":\"https:\\\/\\\/fireware.nl\\\/de\\\/produkt\\\/signaalweste\\\/\",\"url\":\"https:\\\/\\\/fireware.nl\\\/de\\\/produkt\\\/signaalweste\\\/\",\"name\":\"Signaalweste - FireWare\",\"isPartOf\":{\"@id\":\"https:\\\/\\\/fireware.nl\\\/de\\\/#website\"},\"primaryImageOfPage\":{\"@id\":\"https:\\\/\\\/fireware.nl\\\/de\\\/produkt\\\/signaalweste\\\/#primaryimage\"},\"image\":{\"@id\":\"https:\\\/\\\/fireware.nl\\\/de\\\/produkt\\\/signaalweste\\\/#primaryimage\"},\"thumbnailUrl\":\"https:\\\/\\\/fireware.nl\\\/wp-content\\\/uploads\\\/2019\\\/01\\\/046-076-003-Signaalvest-onbedrukt-oranje.jpg\",\"datePublished\":\"2019-02-01T13:01:02+00:00\",\"dateModified\":\"2019-08-14T14:48:47+00:00\",\"breadcrumb\":{\"@id\":\"https:\\\/\\\/fireware.nl\\\/de\\\/produkt\\\/signaalweste\\\/#breadcrumb\"},\"inLanguage\":\"de\",\"potentialAction\":[{\"@type\":\"ReadAction\",\"target\":[\"https:\\\/\\\/fireware.nl\\\/de\\\/produkt\\\/signaalweste\\\/\"]}]},{\"@type\":\"ImageObject\",\"inLanguage\":\"de\",\"@id\":\"https:\\\/\\\/fireware.nl\\\/de\\\/produkt\\\/signaalweste\\\/#primaryimage\",\"url\":\"https:\\\/\\\/fireware.nl\\\/wp-content\\\/uploads\\\/2019\\\/01\\\/046-076-003-Signaalvest-onbedrukt-oranje.jpg\",\"contentUrl\":\"https:\\\/\\\/fireware.nl\\\/wp-content\\\/uploads\\\/2019\\\/01\\\/046-076-003-Signaalvest-onbedrukt-oranje.jpg\",\"width\":600,\"height\":600,\"caption\":\"046-076-003 Signaalvest onbedrukt oranje\"},{\"@type\":\"BreadcrumbList\",\"@id\":\"https:\\\/\\\/fireware.nl\\\/de\\\/produkt\\\/signaalweste\\\/#breadcrumb\",\"itemListElement\":[{\"@type\":\"ListItem\",\"position\":1,\"name\":\"Home\",\"item\":\"https:\\\/\\\/fireware.nl\\\/de\\\/\"},{\"@type\":\"ListItem\",\"position\":2,\"name\":\"Produkte\",\"item\":\"https:\\\/\\\/fireware.nl\\\/de\\\/produkte\\\/\"},{\"@type\":\"ListItem\",\"position\":3,\"name\":\"Signaalweste\"}]},{\"@type\":\"WebSite\",\"@id\":\"https:\\\/\\\/fireware.nl\\\/de\\\/#website\",\"url\":\"https:\\\/\\\/fireware.nl\\\/de\\\/\",\"name\":\"FireWare\",\"description\":\"CREATING REALISTIC  TRAINING ENVIRONMENTS\",\"publisher\":{\"@id\":\"https:\\\/\\\/fireware.nl\\\/de\\\/#organization\"},\"potentialAction\":[{\"@type\":\"SearchAction\",\"target\":{\"@type\":\"EntryPoint\",\"urlTemplate\":\"https:\\\/\\\/fireware.nl\\\/de\\\/?s={search_term_string}\"},\"query-input\":{\"@type\":\"PropertyValueSpecification\",\"valueRequired\":true,\"valueName\":\"search_term_string\"}}],\"inLanguage\":\"de\"},{\"@type\":\"Organization\",\"@id\":\"https:\\\/\\\/fireware.nl\\\/de\\\/#organization\",\"name\":\"FireWare\",\"url\":\"https:\\\/\\\/fireware.nl\\\/de\\\/\",\"logo\":{\"@type\":\"ImageObject\",\"inLanguage\":\"de\",\"@id\":\"https:\\\/\\\/fireware.nl\\\/de\\\/#\\\/schema\\\/logo\\\/image\\\/\",\"url\":\"https:\\\/\\\/fireware.nl\\\/wp-content\\\/uploads\\\/2018\\\/10\\\/FireWare-logo.jpg\",\"contentUrl\":\"https:\\\/\\\/fireware.nl\\\/wp-content\\\/uploads\\\/2018\\\/10\\\/FireWare-logo.jpg\",\"width\":171,\"height\":70,\"caption\":\"FireWare\"},\"image\":{\"@id\":\"https:\\\/\\\/fireware.nl\\\/de\\\/#\\\/schema\\\/logo\\\/image\\\/\"},\"sameAs\":[\"https:\\\/\\\/www.facebook.com\\\/FireWareBV\\\/\",\"https:\\\/\\\/x.com\\\/FireWarebv\",\"https:\\\/\\\/www.instagram.com\\\/fireware_nl\\\/\",\"https:\\\/\\\/www.linkedin.com\\\/company\\\/3586017\\\/\",\"https:\\\/\\\/www.youtube.com\\\/user\\\/firesalesrentconsult\"]}]}<\/script>\n<!-- \/ Yoast SEO plugin. -->","yoast_head_json":{"title":"Signaalweste - FireWare","robots":{"index":"index","follow":"follow","max-snippet":"max-snippet:-1","max-image-preview":"max-image-preview:large","max-video-preview":"max-video-preview:-1"},"canonical":"https:\/\/fireware.nl\/de\/produkt\/signaalweste\/","og_locale":"de_DE","og_type":"article","og_title":"Signaalweste - FireWare","og_description":"Signalweste f\u00fcr gute Sichtbarkeit.  Mit reflektierenden Streifen ausgestattet.  Mit Klettbandverschluss ausgestattet.  In verschiedenen Farben erh\u00e4ltlich.  Gelb und orange gen\u00fcgen der Normierung DIN EN 471.","og_url":"https:\/\/fireware.nl\/de\/produkt\/signaalweste\/","og_site_name":"FireWare","article_publisher":"https:\/\/www.facebook.com\/FireWareBV\/","article_modified_time":"2019-08-14T14:48:47+00:00","og_image":[{"width":600,"height":600,"url":"https:\/\/fireware.nl\/wp-content\/uploads\/2019\/01\/046-076-003-Signaalvest-onbedrukt-oranje.jpg","type":"image\/jpeg"}],"twitter_card":"summary_large_image","twitter_site":"@FireWarebv","twitter_misc":{"Gesch\u00e4tzte Lesezeit":"1\u00a0Minute"},"schema":{"@context":"https:\/\/schema.org","@graph":[{"@type":"WebPage","@id":"https:\/\/fireware.nl\/de\/produkt\/signaalweste\/","url":"https:\/\/fireware.nl\/de\/produkt\/signaalweste\/","name":"Signaalweste - FireWare","isPartOf":{"@id":"https:\/\/fireware.nl\/de\/#website"},"primaryImageOfPage":{"@id":"https:\/\/fireware.nl\/de\/produkt\/signaalweste\/#primaryimage"},"image":{"@id":"https:\/\/fireware.nl\/de\/produkt\/signaalweste\/#primaryimage"},"thumbnailUrl":"https:\/\/fireware.nl\/wp-content\/uploads\/2019\/01\/046-076-003-Signaalvest-onbedrukt-oranje.jpg","datePublished":"2019-02-01T13:01:02+00:00","dateModified":"2019-08-14T14:48:47+00:00","breadcrumb":{"@id":"https:\/\/fireware.nl\/de\/produkt\/signaalweste\/#breadcrumb"},"inLanguage":"de","potentialAction":[{"@type":"ReadAction","target":["https:\/\/fireware.nl\/de\/produkt\/signaalweste\/"]}]},{"@type":"ImageObject","inLanguage":"de","@id":"https:\/\/fireware.nl\/de\/produkt\/signaalweste\/#primaryimage","url":"https:\/\/fireware.nl\/wp-content\/uploads\/2019\/01\/046-076-003-Signaalvest-onbedrukt-oranje.jpg","contentUrl":"https:\/\/fireware.nl\/wp-content\/uploads\/2019\/01\/046-076-003-Signaalvest-onbedrukt-oranje.jpg","width":600,"height":600,"caption":"046-076-003 Signaalvest onbedrukt oranje"},{"@type":"BreadcrumbList","@id":"https:\/\/fireware.nl\/de\/produkt\/signaalweste\/#breadcrumb","itemListElement":[{"@type":"ListItem","position":1,"name":"Home","item":"https:\/\/fireware.nl\/de\/"},{"@type":"ListItem","position":2,"name":"Produkte","item":"https:\/\/fireware.nl\/de\/produkte\/"},{"@type":"ListItem","position":3,"name":"Signaalweste"}]},{"@type":"WebSite","@id":"https:\/\/fireware.nl\/de\/#website","url":"https:\/\/fireware.nl\/de\/","name":"FireWare","description":"CREATING REALISTIC  TRAINING ENVIRONMENTS","publisher":{"@id":"https:\/\/fireware.nl\/de\/#organization"},"potentialAction":[{"@type":"SearchAction","target":{"@type":"EntryPoint","urlTemplate":"https:\/\/fireware.nl\/de\/?s={search_term_string}"},"query-input":{"@type":"PropertyValueSpecification","valueRequired":true,"valueName":"search_term_string"}}],"inLanguage":"de"},{"@type":"Organization","@id":"https:\/\/fireware.nl\/de\/#organization","name":"FireWare","url":"https:\/\/fireware.nl\/de\/","logo":{"@type":"ImageObject","inLanguage":"de","@id":"https:\/\/fireware.nl\/de\/#\/schema\/logo\/image\/","url":"https:\/\/fireware.nl\/wp-content\/uploads\/2018\/10\/FireWare-logo.jpg","contentUrl":"https:\/\/fireware.nl\/wp-content\/uploads\/2018\/10\/FireWare-logo.jpg","width":171,"height":70,"caption":"FireWare"},"image":{"@id":"https:\/\/fireware.nl\/de\/#\/schema\/logo\/image\/"},"sameAs":["https:\/\/www.facebook.com\/FireWareBV\/","https:\/\/x.com\/FireWarebv","https:\/\/www.instagram.com\/fireware_nl\/","https:\/\/www.linkedin.com\/company\/3586017\/","https:\/\/www.youtube.com\/user\/firesalesrentconsult"]}]}},"publishpress_future_workflow_manual_trigger":{"enabledWorkflows":[]},"_links":{"self":[{"href":"https:\/\/fireware.nl\/de\/wp-json\/wp\/v2\/product\/19912","targetHints":{"allow":["GET"]}}],"collection":[{"href":"https:\/\/fireware.nl\/de\/wp-json\/wp\/v2\/product"}],"about":[{"href":"https:\/\/fireware.nl\/de\/wp-json\/wp\/v2\/types\/product"}],"wp:featuredmedia":[{"embeddable":true,"href":"https:\/\/fireware.nl\/de\/wp-json\/wp\/v2\/media\/21860"}],"wp:attachment":[{"href":"https:\/\/fireware.nl\/de\/wp-json\/wp\/v2\/media?parent=19912"}],"wp:term":[{"taxonomy":"product_brand","embeddable":true,"href":"https:\/\/fireware.nl\/de\/wp-json\/wp\/v2\/product_brand?post=19912"},{"taxonomy":"product_cat","embeddable":true,"href":"https:\/\/fireware.nl\/de\/wp-json\/wp\/v2\/product_cat?post=19912"},{"taxonomy":"product_tag","embeddable":true,"href":"https:\/\/fireware.nl\/de\/wp-json\/wp\/v2\/product_tag?post=19912"}],"curies":[{"name":"wp","href":"https:\/\/api.w.org\/{rel}","templated":true}]}}