
{"id":19920,"date":"2019-01-23T12:17:07","date_gmt":"2019-02-01T13:02:00","guid":{"rendered":"http:\/\/fireware.sites.hyperhosting.co\/?post_type=product&#038;p=19920"},"modified":"2022-08-15T08:31:19","modified_gmt":"2022-08-15T08:31:19","slug":"signalweste-gedruckt","status":"publish","type":"product","link":"https:\/\/fireware.nl\/de\/product\/signalweste-gedruckt\/","title":{"rendered":"Signalweste Gedruckt"},"content":{"rendered":"<p>Man tr\u00e4gt eine Signalweste, um die Sichtbarkeit zu verbessern oder um zum Beispiel bei einer \u00dcbung zu zeigen, welche Aufgabe jemand hat.\u00a0\u00a0Sie k\u00f6nnen Westen in verschiedenen Farben verwenden, um unterschiedliche Aufgaben zu betonen und um zwischen dem \u00dcbungsleiter und Beobachtern zu unterscheiden.<\/p>\n<p>Die Signalweste ist mit reflektierenden Streifen ausgestattet. So sind Sie deutlich zu sehen, wenn Sie die Weste tragen. Die orangefarbene und die gelbe Weste gen\u00fcgen der Norm DIN EN 471 f\u00fcr besonders gute Sichtbarkeit.<\/p>\n<p>Die Weste ist in einer Gr\u00f6\u00dfe erh\u00e4ltlich in den Farben Orange, Gelb, Blau, Rot, Gr\u00fcn, Limonengr\u00fcn, Rosa, Lila und Wei\u00df. Alle Westen sind mit Klettbandverschluss ausgestattet.\u00a0<strong>Sie k\u00f6nnen die Vorder- und R\u00fcckseite der Weste zum Beispiel bedrucken lassen mit der Bezeichnung der Aufgabe des Westentr\u00e4gers.<\/strong><\/p>\n","protected":false},"excerpt":{"rendered":"<ul>\n<li>Signalweste f\u00fcr gute Sichtbarkeit.<\/li>\n<li>Mit reflektierenden Streifen ausgestattet.<\/li>\n<li>Mit Klettbandverschluss ausgestattet.<\/li>\n<li>In verschiedenen Farben erh\u00e4ltlich.<\/li>\n<li>Bedrucken lassen mit der Bezeichnung der Aufgabe des Westentr\u00e4gers.<\/li>\n<li>Aufdruck auf Vorder- und R\u00fcckseite m\u00f6glich.<\/li>\n<li>Gelb und orange gen\u00fcgen der Normierung DIN EN 471.<\/li>\n<\/ul>\n","protected":false},"featured_media":21868,"template":"","meta":[],"product_brand":[],"product_cat":[222,242],"product_tag":[],"class_list":{"0":"post-19920","1":"product","2":"type-product","3":"status-publish","4":"has-post-thumbnail","6":"product_cat-nuetzliche-werkzeuge","7":"product_cat-signalisierung","9":"first","10":"instock","11":"taxable","12":"shipping-taxable","13":"purchasable","14":"product-type-variable"},"yoast_head":"<!-- This site is optimized with the Yoast SEO plugin v27.5 - https:\/\/yoast.com\/product\/yoast-seo-wordpress\/ -->\n<title>Signalweste Gedruckt - FireWare<\/title>\n<meta name=\"robots\" content=\"index, follow, max-snippet:-1, max-image-preview:large, max-video-preview:-1\" \/>\n<link rel=\"canonical\" href=\"https:\/\/fireware.nl\/de\/product\/signalweste-gedruckt\/\" \/>\n<meta property=\"og:locale\" content=\"de_DE\" \/>\n<meta property=\"og:type\" content=\"article\" \/>\n<meta property=\"og:title\" content=\"Signalweste Gedruckt - FireWare\" \/>\n<meta property=\"og:description\" content=\"Signalweste f\u00fcr gute Sichtbarkeit.  Mit reflektierenden Streifen ausgestattet.  Mit Klettbandverschluss ausgestattet.  In verschiedenen Farben erh\u00e4ltlich.  Bedrucken lassen mit der Bezeichnung der Aufgabe des Westentr\u00e4gers.  Aufdruck auf Vorder- und R\u00fcckseite m\u00f6glich.  Gelb und orange gen\u00fcgen der Normierung DIN EN 471.\" \/>\n<meta property=\"og:url\" content=\"https:\/\/fireware.nl\/de\/product\/signalweste-gedruckt\/\" \/>\n<meta property=\"og:site_name\" content=\"FireWare\" \/>\n<meta property=\"article:publisher\" content=\"https:\/\/www.facebook.com\/FireWareBV\/\" \/>\n<meta property=\"article:modified_time\" content=\"2022-08-15T08:31:19+00:00\" \/>\n<meta property=\"og:image\" content=\"https:\/\/fireware.nl\/wp-content\/uploads\/2019\/01\/046-076-002-Signaalvest-bedrukt-BHV-geel.jpg\" \/>\n\t<meta property=\"og:image:width\" content=\"600\" \/>\n\t<meta property=\"og:image:height\" content=\"600\" \/>\n\t<meta property=\"og:image:type\" content=\"image\/jpeg\" \/>\n<meta name=\"twitter:card\" content=\"summary_large_image\" \/>\n<meta name=\"twitter:site\" content=\"@FireWarebv\" \/>\n<meta name=\"twitter:label1\" content=\"Gesch\u00e4tzte Lesezeit\" \/>\n\t<meta name=\"twitter:data1\" content=\"1\u00a0Minute\" \/>\n<script type=\"application\/ld+json\" class=\"yoast-schema-graph\">{\"@context\":\"https:\\\/\\\/schema.org\",\"@graph\":[{\"@type\":\"WebPage\",\"@id\":\"https:\\\/\\\/fireware.nl\\\/de\\\/product\\\/signalweste-gedruckt\\\/\",\"url\":\"https:\\\/\\\/fireware.nl\\\/de\\\/product\\\/signalweste-gedruckt\\\/\",\"name\":\"Signalweste Gedruckt - FireWare\",\"isPartOf\":{\"@id\":\"https:\\\/\\\/fireware.nl\\\/de\\\/#website\"},\"primaryImageOfPage\":{\"@id\":\"https:\\\/\\\/fireware.nl\\\/de\\\/product\\\/signalweste-gedruckt\\\/#primaryimage\"},\"image\":{\"@id\":\"https:\\\/\\\/fireware.nl\\\/de\\\/product\\\/signalweste-gedruckt\\\/#primaryimage\"},\"thumbnailUrl\":\"https:\\\/\\\/fireware.nl\\\/wp-content\\\/uploads\\\/2019\\\/01\\\/046-076-002-Signaalvest-bedrukt-BHV-geel.jpg\",\"datePublished\":\"2019-02-01T13:02:00+00:00\",\"dateModified\":\"2022-08-15T08:31:19+00:00\",\"breadcrumb\":{\"@id\":\"https:\\\/\\\/fireware.nl\\\/de\\\/product\\\/signalweste-gedruckt\\\/#breadcrumb\"},\"inLanguage\":\"de\",\"potentialAction\":[{\"@type\":\"ReadAction\",\"target\":[\"https:\\\/\\\/fireware.nl\\\/de\\\/product\\\/signalweste-gedruckt\\\/\"]}]},{\"@type\":\"ImageObject\",\"inLanguage\":\"de\",\"@id\":\"https:\\\/\\\/fireware.nl\\\/de\\\/product\\\/signalweste-gedruckt\\\/#primaryimage\",\"url\":\"https:\\\/\\\/fireware.nl\\\/wp-content\\\/uploads\\\/2019\\\/01\\\/046-076-002-Signaalvest-bedrukt-BHV-geel.jpg\",\"contentUrl\":\"https:\\\/\\\/fireware.nl\\\/wp-content\\\/uploads\\\/2019\\\/01\\\/046-076-002-Signaalvest-bedrukt-BHV-geel.jpg\",\"width\":600,\"height\":600,\"caption\":\"046-076-002 Signaalvest bedrukt BHV geel\"},{\"@type\":\"BreadcrumbList\",\"@id\":\"https:\\\/\\\/fireware.nl\\\/de\\\/product\\\/signalweste-gedruckt\\\/#breadcrumb\",\"itemListElement\":[{\"@type\":\"ListItem\",\"position\":1,\"name\":\"Home\",\"item\":\"https:\\\/\\\/fireware.nl\\\/de\\\/\"},{\"@type\":\"ListItem\",\"position\":2,\"name\":\"Produkte\",\"item\":\"https:\\\/\\\/fireware.nl\\\/de\\\/produkte\\\/\"},{\"@type\":\"ListItem\",\"position\":3,\"name\":\"Signalweste Gedruckt\"}]},{\"@type\":\"WebSite\",\"@id\":\"https:\\\/\\\/fireware.nl\\\/de\\\/#website\",\"url\":\"https:\\\/\\\/fireware.nl\\\/de\\\/\",\"name\":\"FireWare\",\"description\":\"CREATING REALISTIC  TRAINING ENVIRONMENTS\",\"publisher\":{\"@id\":\"https:\\\/\\\/fireware.nl\\\/de\\\/#organization\"},\"potentialAction\":[{\"@type\":\"SearchAction\",\"target\":{\"@type\":\"EntryPoint\",\"urlTemplate\":\"https:\\\/\\\/fireware.nl\\\/de\\\/?s={search_term_string}\"},\"query-input\":{\"@type\":\"PropertyValueSpecification\",\"valueRequired\":true,\"valueName\":\"search_term_string\"}}],\"inLanguage\":\"de\"},{\"@type\":\"Organization\",\"@id\":\"https:\\\/\\\/fireware.nl\\\/de\\\/#organization\",\"name\":\"FireWare\",\"url\":\"https:\\\/\\\/fireware.nl\\\/de\\\/\",\"logo\":{\"@type\":\"ImageObject\",\"inLanguage\":\"de\",\"@id\":\"https:\\\/\\\/fireware.nl\\\/de\\\/#\\\/schema\\\/logo\\\/image\\\/\",\"url\":\"https:\\\/\\\/fireware.nl\\\/wp-content\\\/uploads\\\/2018\\\/10\\\/FireWare-logo.jpg\",\"contentUrl\":\"https:\\\/\\\/fireware.nl\\\/wp-content\\\/uploads\\\/2018\\\/10\\\/FireWare-logo.jpg\",\"width\":171,\"height\":70,\"caption\":\"FireWare\"},\"image\":{\"@id\":\"https:\\\/\\\/fireware.nl\\\/de\\\/#\\\/schema\\\/logo\\\/image\\\/\"},\"sameAs\":[\"https:\\\/\\\/www.facebook.com\\\/FireWareBV\\\/\",\"https:\\\/\\\/x.com\\\/FireWarebv\",\"https:\\\/\\\/www.instagram.com\\\/fireware_nl\\\/\",\"https:\\\/\\\/www.linkedin.com\\\/company\\\/3586017\\\/\",\"https:\\\/\\\/www.youtube.com\\\/user\\\/firesalesrentconsult\"]}]}<\/script>\n<!-- \/ Yoast SEO plugin. -->","yoast_head_json":{"title":"Signalweste Gedruckt - FireWare","robots":{"index":"index","follow":"follow","max-snippet":"max-snippet:-1","max-image-preview":"max-image-preview:large","max-video-preview":"max-video-preview:-1"},"canonical":"https:\/\/fireware.nl\/de\/product\/signalweste-gedruckt\/","og_locale":"de_DE","og_type":"article","og_title":"Signalweste Gedruckt - FireWare","og_description":"Signalweste f\u00fcr gute Sichtbarkeit.  Mit reflektierenden Streifen ausgestattet.  Mit Klettbandverschluss ausgestattet.  In verschiedenen Farben erh\u00e4ltlich.  Bedrucken lassen mit der Bezeichnung der Aufgabe des Westentr\u00e4gers.  Aufdruck auf Vorder- und R\u00fcckseite m\u00f6glich.  Gelb und orange gen\u00fcgen der Normierung DIN EN 471.","og_url":"https:\/\/fireware.nl\/de\/product\/signalweste-gedruckt\/","og_site_name":"FireWare","article_publisher":"https:\/\/www.facebook.com\/FireWareBV\/","article_modified_time":"2022-08-15T08:31:19+00:00","og_image":[{"width":600,"height":600,"url":"https:\/\/fireware.nl\/wp-content\/uploads\/2019\/01\/046-076-002-Signaalvest-bedrukt-BHV-geel.jpg","type":"image\/jpeg"}],"twitter_card":"summary_large_image","twitter_site":"@FireWarebv","twitter_misc":{"Gesch\u00e4tzte Lesezeit":"1\u00a0Minute"},"schema":{"@context":"https:\/\/schema.org","@graph":[{"@type":"WebPage","@id":"https:\/\/fireware.nl\/de\/product\/signalweste-gedruckt\/","url":"https:\/\/fireware.nl\/de\/product\/signalweste-gedruckt\/","name":"Signalweste Gedruckt - FireWare","isPartOf":{"@id":"https:\/\/fireware.nl\/de\/#website"},"primaryImageOfPage":{"@id":"https:\/\/fireware.nl\/de\/product\/signalweste-gedruckt\/#primaryimage"},"image":{"@id":"https:\/\/fireware.nl\/de\/product\/signalweste-gedruckt\/#primaryimage"},"thumbnailUrl":"https:\/\/fireware.nl\/wp-content\/uploads\/2019\/01\/046-076-002-Signaalvest-bedrukt-BHV-geel.jpg","datePublished":"2019-02-01T13:02:00+00:00","dateModified":"2022-08-15T08:31:19+00:00","breadcrumb":{"@id":"https:\/\/fireware.nl\/de\/product\/signalweste-gedruckt\/#breadcrumb"},"inLanguage":"de","potentialAction":[{"@type":"ReadAction","target":["https:\/\/fireware.nl\/de\/product\/signalweste-gedruckt\/"]}]},{"@type":"ImageObject","inLanguage":"de","@id":"https:\/\/fireware.nl\/de\/product\/signalweste-gedruckt\/#primaryimage","url":"https:\/\/fireware.nl\/wp-content\/uploads\/2019\/01\/046-076-002-Signaalvest-bedrukt-BHV-geel.jpg","contentUrl":"https:\/\/fireware.nl\/wp-content\/uploads\/2019\/01\/046-076-002-Signaalvest-bedrukt-BHV-geel.jpg","width":600,"height":600,"caption":"046-076-002 Signaalvest bedrukt BHV geel"},{"@type":"BreadcrumbList","@id":"https:\/\/fireware.nl\/de\/product\/signalweste-gedruckt\/#breadcrumb","itemListElement":[{"@type":"ListItem","position":1,"name":"Home","item":"https:\/\/fireware.nl\/de\/"},{"@type":"ListItem","position":2,"name":"Produkte","item":"https:\/\/fireware.nl\/de\/produkte\/"},{"@type":"ListItem","position":3,"name":"Signalweste Gedruckt"}]},{"@type":"WebSite","@id":"https:\/\/fireware.nl\/de\/#website","url":"https:\/\/fireware.nl\/de\/","name":"FireWare","description":"CREATING REALISTIC  TRAINING ENVIRONMENTS","publisher":{"@id":"https:\/\/fireware.nl\/de\/#organization"},"potentialAction":[{"@type":"SearchAction","target":{"@type":"EntryPoint","urlTemplate":"https:\/\/fireware.nl\/de\/?s={search_term_string}"},"query-input":{"@type":"PropertyValueSpecification","valueRequired":true,"valueName":"search_term_string"}}],"inLanguage":"de"},{"@type":"Organization","@id":"https:\/\/fireware.nl\/de\/#organization","name":"FireWare","url":"https:\/\/fireware.nl\/de\/","logo":{"@type":"ImageObject","inLanguage":"de","@id":"https:\/\/fireware.nl\/de\/#\/schema\/logo\/image\/","url":"https:\/\/fireware.nl\/wp-content\/uploads\/2018\/10\/FireWare-logo.jpg","contentUrl":"https:\/\/fireware.nl\/wp-content\/uploads\/2018\/10\/FireWare-logo.jpg","width":171,"height":70,"caption":"FireWare"},"image":{"@id":"https:\/\/fireware.nl\/de\/#\/schema\/logo\/image\/"},"sameAs":["https:\/\/www.facebook.com\/FireWareBV\/","https:\/\/x.com\/FireWarebv","https:\/\/www.instagram.com\/fireware_nl\/","https:\/\/www.linkedin.com\/company\/3586017\/","https:\/\/www.youtube.com\/user\/firesalesrentconsult"]}]}},"publishpress_future_workflow_manual_trigger":{"enabledWorkflows":[]},"_links":{"self":[{"href":"https:\/\/fireware.nl\/de\/wp-json\/wp\/v2\/product\/19920","targetHints":{"allow":["GET"]}}],"collection":[{"href":"https:\/\/fireware.nl\/de\/wp-json\/wp\/v2\/product"}],"about":[{"href":"https:\/\/fireware.nl\/de\/wp-json\/wp\/v2\/types\/product"}],"wp:featuredmedia":[{"embeddable":true,"href":"https:\/\/fireware.nl\/de\/wp-json\/wp\/v2\/media\/21868"}],"wp:attachment":[{"href":"https:\/\/fireware.nl\/de\/wp-json\/wp\/v2\/media?parent=19920"}],"wp:term":[{"taxonomy":"product_brand","embeddable":true,"href":"https:\/\/fireware.nl\/de\/wp-json\/wp\/v2\/product_brand?post=19920"},{"taxonomy":"product_cat","embeddable":true,"href":"https:\/\/fireware.nl\/de\/wp-json\/wp\/v2\/product_cat?post=19920"},{"taxonomy":"product_tag","embeddable":true,"href":"https:\/\/fireware.nl\/de\/wp-json\/wp\/v2\/product_tag?post=19920"}],"curies":[{"name":"wp","href":"https:\/\/api.w.org\/{rel}","templated":true}]}}