
{"id":27893,"date":"2019-02-13T14:16:10","date_gmt":"2019-02-13T14:16:10","guid":{"rendered":"http:\/\/fireware.sites.hyperhosting.co\/product\/farbige-rauchpatronen\/"},"modified":"2022-03-28T10:14:35","modified_gmt":"2022-03-28T10:14:35","slug":"farbige-rauchpatronen","status":"publish","type":"product","link":"https:\/\/fireware.nl\/de\/product\/farbige-rauchpatronen\/","title":{"rendered":"Farbige Rauchpatronen"},"content":{"rendered":"\n\n\t<h1>Verleihen Sie Ihrer Outdoor-Inszenierung zus\u00e4tzliche Farbe!<\/h1>\n<p>Die farbigen Rauchpartonen erzeugen in kurzer Zeit einen dicken farbigen Rauch. Perfekt f\u00fcr eine Inszenierung im Freien, bei der nur ein bisschen mehr Farbe hinzugegeben werden muss. Die farbigen Rauchmuster k\u00f6nnen in 6 verschiedenen Farben erhalten werden: blau, grau, gr\u00fcn, gelb, orange und rot. Die Packung enth\u00e4lt 5 Rauchpatronen.<\/p>\n<h2>Wie verwenden Sie farbige Rauchpatronen?<\/h2>\n<p>Die Verwendung der farbigen Rauchpatronen kann mit der Verwendung eines Feuers verglichen werden. Sie z\u00fcnden die Rauchpatrone an und dann beginnt es zu rauchen. Die Patrone raucht ungef\u00e4hr 2,5 Minuten lang in der gew\u00fcnschten Farbe und ergibt dann einen etwa 55 Kubikmetern Rauch. Der Rauch hinterl\u00e4sst einen R\u00fcckstand in der Rauchfarbe und kann daher nur im Freien verwendet werden.<\/p>\n<h3>Wer verwendet farbigen Rauch?<\/h3>\n<p>Farbiger Rauch kann auf verschiedene Arten verwendet werden. Beispielsweise wird der gelbe Rauch verwendet, um anzuzeigen, dass es sich um eine chemische Verbrennung handelt. Dar\u00fcber hinaus kann der Rauch beispielsweise in einer \u00dcbung als Signal an die anderen Teilnehmer der \u00dcbung verwendet werden. Der farbige Rauch kann daher auf verschiedene Weise verwendet werden.<\/p>\n<h2>Kraftvoll und praktisch<\/h2>\n<p>Die Rauchpatrone ist sehr einfach zu bedienen. Da Sie keine Rauchmaschinen ben\u00f6tigen, ist es einfach, sie w\u00e4hrend des Trainings zu tragen. Sie brauchen keine schweren Maschinen. Es ist eine Frage der Beleuchtung und dann haben Sie etwa 2,5 Minuten starken Rauch in der gew\u00e4hlten Farbe.<\/p>\n<h2>Video<\/h2>\n\t<iframe loading=\"lazy\" src=\"https:\/\/player.vimeo.com\/video\/330962622\" width=\"640\" height=\"360\" frameborder=\"0\" allow=\"autoplay; fullscreen\" allowfullscreen><\/iframe>\n<p><a href=\"https:\/\/vimeo.com\/330962622\">FireWare Colored Smoke Cartridges<\/a> from <a href=\"https:\/\/vimeo.com\/fireware\">FireWare<\/a> on <a href=\"https:\/\/vimeo.com\">Vimeo<\/a>.<\/p>\n\n","protected":false},"excerpt":{"rendered":"<ul>\n<li>Erh\u00e4ltlich in den Farben; blau, grau, gr\u00fcn, gelb, orange und rot<\/li>\n<li>Einfach zu bedienen<\/li>\n<li>Keine Rauchmaschine erforderlich<\/li>\n<li>Die Packung enth\u00e4lt 5 Rauchpatronen<\/li>\n<\/ul>\n","protected":false},"featured_media":49251,"template":"","meta":[],"product_brand":[],"product_cat":[219,2127,77],"product_tag":[],"class_list":{"0":"post-27893","1":"product","2":"type-product","3":"status-publish","4":"has-post-thumbnail","6":"product_cat-cbrne-de","7":"product_cat-farbige-rauchpatronen","8":"product_cat-nebel","10":"first","11":"instock","12":"taxable","13":"shipping-taxable","14":"purchasable","15":"product-type-variable"},"yoast_head":"<!-- This site is optimized with the Yoast SEO plugin v27.5 - https:\/\/yoast.com\/product\/yoast-seo-wordpress\/ -->\n<title>Farbige Rauchpatronen - FireWare<\/title>\n<meta name=\"robots\" content=\"index, follow, max-snippet:-1, max-image-preview:large, max-video-preview:-1\" \/>\n<link rel=\"canonical\" href=\"https:\/\/fireware.nl\/de\/product\/farbige-rauchpatronen\/\" \/>\n<meta property=\"og:locale\" content=\"de_DE\" \/>\n<meta property=\"og:type\" content=\"article\" \/>\n<meta property=\"og:title\" content=\"Farbige Rauchpatronen - FireWare\" \/>\n<meta property=\"og:description\" content=\"Erh\u00e4ltlich in den Farben; blau, grau, gr\u00fcn, gelb, orange und rot Einfach zu bedienen Keine Rauchmaschine erforderlich Die Packung enth\u00e4lt 5 Rauchpatronen\" \/>\n<meta property=\"og:url\" content=\"https:\/\/fireware.nl\/de\/product\/farbige-rauchpatronen\/\" \/>\n<meta property=\"og:site_name\" content=\"FireWare\" \/>\n<meta property=\"article:publisher\" content=\"https:\/\/www.facebook.com\/FireWareBV\/\" \/>\n<meta property=\"article:modified_time\" content=\"2022-03-28T10:14:35+00:00\" \/>\n<meta property=\"og:image\" content=\"https:\/\/fireware.nl\/wp-content\/uploads\/2019\/02\/009-006-009-Gekleurde-rookpatronen-all.jpg\" \/>\n\t<meta property=\"og:image:width\" content=\"600\" \/>\n\t<meta property=\"og:image:height\" content=\"600\" \/>\n\t<meta property=\"og:image:type\" content=\"image\/jpeg\" \/>\n<meta name=\"twitter:card\" content=\"summary_large_image\" \/>\n<meta name=\"twitter:site\" content=\"@FireWarebv\" \/>\n<meta name=\"twitter:label1\" content=\"Gesch\u00e4tzte Lesezeit\" \/>\n\t<meta name=\"twitter:data1\" content=\"1\u00a0Minute\" \/>\n<script type=\"application\/ld+json\" class=\"yoast-schema-graph\">{\"@context\":\"https:\\\/\\\/schema.org\",\"@graph\":[{\"@type\":\"WebPage\",\"@id\":\"https:\\\/\\\/fireware.nl\\\/de\\\/product\\\/farbige-rauchpatronen\\\/\",\"url\":\"https:\\\/\\\/fireware.nl\\\/de\\\/product\\\/farbige-rauchpatronen\\\/\",\"name\":\"Farbige Rauchpatronen - FireWare\",\"isPartOf\":{\"@id\":\"https:\\\/\\\/fireware.nl\\\/de\\\/#website\"},\"primaryImageOfPage\":{\"@id\":\"https:\\\/\\\/fireware.nl\\\/de\\\/product\\\/farbige-rauchpatronen\\\/#primaryimage\"},\"image\":{\"@id\":\"https:\\\/\\\/fireware.nl\\\/de\\\/product\\\/farbige-rauchpatronen\\\/#primaryimage\"},\"thumbnailUrl\":\"https:\\\/\\\/fireware.nl\\\/wp-content\\\/uploads\\\/2019\\\/02\\\/009-006-009-Gekleurde-rookpatronen-all.jpg\",\"datePublished\":\"2019-02-13T14:16:10+00:00\",\"dateModified\":\"2022-03-28T10:14:35+00:00\",\"breadcrumb\":{\"@id\":\"https:\\\/\\\/fireware.nl\\\/de\\\/product\\\/farbige-rauchpatronen\\\/#breadcrumb\"},\"inLanguage\":\"de\",\"potentialAction\":[{\"@type\":\"ReadAction\",\"target\":[\"https:\\\/\\\/fireware.nl\\\/de\\\/product\\\/farbige-rauchpatronen\\\/\"]}]},{\"@type\":\"ImageObject\",\"inLanguage\":\"de\",\"@id\":\"https:\\\/\\\/fireware.nl\\\/de\\\/product\\\/farbige-rauchpatronen\\\/#primaryimage\",\"url\":\"https:\\\/\\\/fireware.nl\\\/wp-content\\\/uploads\\\/2019\\\/02\\\/009-006-009-Gekleurde-rookpatronen-all.jpg\",\"contentUrl\":\"https:\\\/\\\/fireware.nl\\\/wp-content\\\/uploads\\\/2019\\\/02\\\/009-006-009-Gekleurde-rookpatronen-all.jpg\",\"width\":600,\"height\":600,\"caption\":\"Gekleurde rookpatronen\"},{\"@type\":\"BreadcrumbList\",\"@id\":\"https:\\\/\\\/fireware.nl\\\/de\\\/product\\\/farbige-rauchpatronen\\\/#breadcrumb\",\"itemListElement\":[{\"@type\":\"ListItem\",\"position\":1,\"name\":\"Home\",\"item\":\"https:\\\/\\\/fireware.nl\\\/de\\\/\"},{\"@type\":\"ListItem\",\"position\":2,\"name\":\"Produkte\",\"item\":\"https:\\\/\\\/fireware.nl\\\/de\\\/produkte\\\/\"},{\"@type\":\"ListItem\",\"position\":3,\"name\":\"Farbige Rauchpatronen\"}]},{\"@type\":\"WebSite\",\"@id\":\"https:\\\/\\\/fireware.nl\\\/de\\\/#website\",\"url\":\"https:\\\/\\\/fireware.nl\\\/de\\\/\",\"name\":\"FireWare\",\"description\":\"CREATING REALISTIC  TRAINING ENVIRONMENTS\",\"publisher\":{\"@id\":\"https:\\\/\\\/fireware.nl\\\/de\\\/#organization\"},\"potentialAction\":[{\"@type\":\"SearchAction\",\"target\":{\"@type\":\"EntryPoint\",\"urlTemplate\":\"https:\\\/\\\/fireware.nl\\\/de\\\/?s={search_term_string}\"},\"query-input\":{\"@type\":\"PropertyValueSpecification\",\"valueRequired\":true,\"valueName\":\"search_term_string\"}}],\"inLanguage\":\"de\"},{\"@type\":\"Organization\",\"@id\":\"https:\\\/\\\/fireware.nl\\\/de\\\/#organization\",\"name\":\"FireWare\",\"url\":\"https:\\\/\\\/fireware.nl\\\/de\\\/\",\"logo\":{\"@type\":\"ImageObject\",\"inLanguage\":\"de\",\"@id\":\"https:\\\/\\\/fireware.nl\\\/de\\\/#\\\/schema\\\/logo\\\/image\\\/\",\"url\":\"https:\\\/\\\/fireware.nl\\\/wp-content\\\/uploads\\\/2018\\\/10\\\/FireWare-logo.jpg\",\"contentUrl\":\"https:\\\/\\\/fireware.nl\\\/wp-content\\\/uploads\\\/2018\\\/10\\\/FireWare-logo.jpg\",\"width\":171,\"height\":70,\"caption\":\"FireWare\"},\"image\":{\"@id\":\"https:\\\/\\\/fireware.nl\\\/de\\\/#\\\/schema\\\/logo\\\/image\\\/\"},\"sameAs\":[\"https:\\\/\\\/www.facebook.com\\\/FireWareBV\\\/\",\"https:\\\/\\\/x.com\\\/FireWarebv\",\"https:\\\/\\\/www.instagram.com\\\/fireware_nl\\\/\",\"https:\\\/\\\/www.linkedin.com\\\/company\\\/3586017\\\/\",\"https:\\\/\\\/www.youtube.com\\\/user\\\/firesalesrentconsult\"]}]}<\/script>\n<!-- \/ Yoast SEO plugin. -->","yoast_head_json":{"title":"Farbige Rauchpatronen - FireWare","robots":{"index":"index","follow":"follow","max-snippet":"max-snippet:-1","max-image-preview":"max-image-preview:large","max-video-preview":"max-video-preview:-1"},"canonical":"https:\/\/fireware.nl\/de\/product\/farbige-rauchpatronen\/","og_locale":"de_DE","og_type":"article","og_title":"Farbige Rauchpatronen - FireWare","og_description":"Erh\u00e4ltlich in den Farben; blau, grau, gr\u00fcn, gelb, orange und rot Einfach zu bedienen Keine Rauchmaschine erforderlich Die Packung enth\u00e4lt 5 Rauchpatronen","og_url":"https:\/\/fireware.nl\/de\/product\/farbige-rauchpatronen\/","og_site_name":"FireWare","article_publisher":"https:\/\/www.facebook.com\/FireWareBV\/","article_modified_time":"2022-03-28T10:14:35+00:00","og_image":[{"width":600,"height":600,"url":"https:\/\/fireware.nl\/wp-content\/uploads\/2019\/02\/009-006-009-Gekleurde-rookpatronen-all.jpg","type":"image\/jpeg"}],"twitter_card":"summary_large_image","twitter_site":"@FireWarebv","twitter_misc":{"Gesch\u00e4tzte Lesezeit":"1\u00a0Minute"},"schema":{"@context":"https:\/\/schema.org","@graph":[{"@type":"WebPage","@id":"https:\/\/fireware.nl\/de\/product\/farbige-rauchpatronen\/","url":"https:\/\/fireware.nl\/de\/product\/farbige-rauchpatronen\/","name":"Farbige Rauchpatronen - FireWare","isPartOf":{"@id":"https:\/\/fireware.nl\/de\/#website"},"primaryImageOfPage":{"@id":"https:\/\/fireware.nl\/de\/product\/farbige-rauchpatronen\/#primaryimage"},"image":{"@id":"https:\/\/fireware.nl\/de\/product\/farbige-rauchpatronen\/#primaryimage"},"thumbnailUrl":"https:\/\/fireware.nl\/wp-content\/uploads\/2019\/02\/009-006-009-Gekleurde-rookpatronen-all.jpg","datePublished":"2019-02-13T14:16:10+00:00","dateModified":"2022-03-28T10:14:35+00:00","breadcrumb":{"@id":"https:\/\/fireware.nl\/de\/product\/farbige-rauchpatronen\/#breadcrumb"},"inLanguage":"de","potentialAction":[{"@type":"ReadAction","target":["https:\/\/fireware.nl\/de\/product\/farbige-rauchpatronen\/"]}]},{"@type":"ImageObject","inLanguage":"de","@id":"https:\/\/fireware.nl\/de\/product\/farbige-rauchpatronen\/#primaryimage","url":"https:\/\/fireware.nl\/wp-content\/uploads\/2019\/02\/009-006-009-Gekleurde-rookpatronen-all.jpg","contentUrl":"https:\/\/fireware.nl\/wp-content\/uploads\/2019\/02\/009-006-009-Gekleurde-rookpatronen-all.jpg","width":600,"height":600,"caption":"Gekleurde rookpatronen"},{"@type":"BreadcrumbList","@id":"https:\/\/fireware.nl\/de\/product\/farbige-rauchpatronen\/#breadcrumb","itemListElement":[{"@type":"ListItem","position":1,"name":"Home","item":"https:\/\/fireware.nl\/de\/"},{"@type":"ListItem","position":2,"name":"Produkte","item":"https:\/\/fireware.nl\/de\/produkte\/"},{"@type":"ListItem","position":3,"name":"Farbige Rauchpatronen"}]},{"@type":"WebSite","@id":"https:\/\/fireware.nl\/de\/#website","url":"https:\/\/fireware.nl\/de\/","name":"FireWare","description":"CREATING REALISTIC  TRAINING ENVIRONMENTS","publisher":{"@id":"https:\/\/fireware.nl\/de\/#organization"},"potentialAction":[{"@type":"SearchAction","target":{"@type":"EntryPoint","urlTemplate":"https:\/\/fireware.nl\/de\/?s={search_term_string}"},"query-input":{"@type":"PropertyValueSpecification","valueRequired":true,"valueName":"search_term_string"}}],"inLanguage":"de"},{"@type":"Organization","@id":"https:\/\/fireware.nl\/de\/#organization","name":"FireWare","url":"https:\/\/fireware.nl\/de\/","logo":{"@type":"ImageObject","inLanguage":"de","@id":"https:\/\/fireware.nl\/de\/#\/schema\/logo\/image\/","url":"https:\/\/fireware.nl\/wp-content\/uploads\/2018\/10\/FireWare-logo.jpg","contentUrl":"https:\/\/fireware.nl\/wp-content\/uploads\/2018\/10\/FireWare-logo.jpg","width":171,"height":70,"caption":"FireWare"},"image":{"@id":"https:\/\/fireware.nl\/de\/#\/schema\/logo\/image\/"},"sameAs":["https:\/\/www.facebook.com\/FireWareBV\/","https:\/\/x.com\/FireWarebv","https:\/\/www.instagram.com\/fireware_nl\/","https:\/\/www.linkedin.com\/company\/3586017\/","https:\/\/www.youtube.com\/user\/firesalesrentconsult"]}]}},"publishpress_future_workflow_manual_trigger":{"enabledWorkflows":[]},"_links":{"self":[{"href":"https:\/\/fireware.nl\/de\/wp-json\/wp\/v2\/product\/27893","targetHints":{"allow":["GET"]}}],"collection":[{"href":"https:\/\/fireware.nl\/de\/wp-json\/wp\/v2\/product"}],"about":[{"href":"https:\/\/fireware.nl\/de\/wp-json\/wp\/v2\/types\/product"}],"wp:featuredmedia":[{"embeddable":true,"href":"https:\/\/fireware.nl\/de\/wp-json\/wp\/v2\/media\/49251"}],"wp:attachment":[{"href":"https:\/\/fireware.nl\/de\/wp-json\/wp\/v2\/media?parent=27893"}],"wp:term":[{"taxonomy":"product_brand","embeddable":true,"href":"https:\/\/fireware.nl\/de\/wp-json\/wp\/v2\/product_brand?post=27893"},{"taxonomy":"product_cat","embeddable":true,"href":"https:\/\/fireware.nl\/de\/wp-json\/wp\/v2\/product_cat?post=27893"},{"taxonomy":"product_tag","embeddable":true,"href":"https:\/\/fireware.nl\/de\/wp-json\/wp\/v2\/product_tag?post=27893"}],"curies":[{"name":"wp","href":"https:\/\/api.w.org\/{rel}","templated":true}]}}