
{"id":29819,"date":"2019-04-15T13:49:45","date_gmt":"2019-04-15T13:49:45","guid":{"rendered":"https:\/\/fireware.nl\/product\/brandgeruchkonzentrat\/"},"modified":"2025-07-08T12:34:35","modified_gmt":"2025-07-08T12:34:35","slug":"brandgeruchkonzentrat","status":"publish","type":"product","link":"https:\/\/fireware.nl\/de\/product\/brandgeruchkonzentrat\/","title":{"rendered":"Brandgeruchkonzentrat"},"content":{"rendered":"<p>Mit dem Brandgeruchkonzentrat f\u00fcgen Sie den FireWare Rauchfl\u00fcssigkeiten den Brandgeruch hinzu. Benutzen Sie diesen Geruchsstoff, wenn Sie den Realit\u00e4tsgrad Ihrer \u00dcbung erh\u00f6hen wollen. Der Geruchssinn ist das erste Sinnesorgan, das bei einem Brand gereizt wird. Das hilft dabei einen Brand wahrzunehmen und zu lokalisieren. Sch\u00e4rfen Sie die Sinne Ihrer Lehrgangsteilnehmer, indem Sie Ihrer \u00dcbung Brandgeruch hinzuf\u00fcgen!<\/p>\n<p>Mithilfe der praktischen Dosierkappe k\u00f6nnen Sie das Brandgeruchkonzentrat einfach dosieren. Auf der Basis von 5 Liter Rauchfl\u00fcssigkeit wird ein minimales Mischungsverh\u00e4ltnis von 5 Milliliter und ein maximales Mischungsverh\u00e4ltnis von 25 Milliliter empfohlen. Der Brandgeruch bleibt lange in der Luft h\u00e4ngen.<\/p>\n<p>Das Brandgeruchkonzentrat kann in Kombination mit der <a href=\"https:\/\/fireware.nl\/de\/product\/nebel-rauchfluid-feuerwehr-extrem\/\" target=\"_blank\" rel=\"noopener\">Nebel \/ Rauchfluid Feuerwehr Extrem<\/a> auch sehr gut im Au\u00dfenbereich eingesetzt werden. Das macht eine Waldbrand\u00fcbung dann auch sehr realistisch.<\/p>\n","protected":false},"excerpt":{"rendered":"<ul>\n<li>F\u00fcgen Sie der FireWare Rauchfl\u00fcssigkeit einen Brandgeruch hinzu<\/li>\n<li>Sehr geeignet f\u00fcr den Au\u00dfeneinsatz in Kombination mit der <a href=\"https:\/\/fireware.nl\/de\/product\/nebel-rauchfluid-feuerwehr-extrem\/\" target=\"_blank\" rel=\"noopener\">Nebel \/ Rauchfluid Feuerwehr Extrem<\/a><\/li>\n<li>Nicht f\u00fcr die Verwendung in Cirrus Fluid geeignet<\/li>\n<\/ul>\n","protected":false},"featured_media":29332,"template":"","meta":[],"product_brand":[],"product_cat":[99,86],"product_tag":[],"class_list":{"0":"post-29819","1":"product","2":"type-product","3":"status-publish","4":"has-post-thumbnail","6":"product_cat-geruch","7":"product_cat-nebelfluid","9":"first","10":"instock","11":"taxable","12":"shipping-taxable","13":"purchasable","14":"product-type-simple"},"yoast_head":"<!-- This site is optimized with the Yoast SEO plugin v27.5 - https:\/\/yoast.com\/product\/yoast-seo-wordpress\/ -->\n<title>Brandgeruchkonzentrat - FireWare<\/title>\n<meta name=\"robots\" content=\"index, follow, max-snippet:-1, max-image-preview:large, max-video-preview:-1\" \/>\n<link rel=\"canonical\" href=\"https:\/\/fireware.nl\/de\/product\/brandgeruchkonzentrat\/\" \/>\n<meta property=\"og:locale\" content=\"de_DE\" \/>\n<meta property=\"og:type\" content=\"article\" \/>\n<meta property=\"og:title\" content=\"Brandgeruchkonzentrat - FireWare\" \/>\n<meta property=\"og:description\" content=\"F\u00fcgen Sie der FireWare Rauchfl\u00fcssigkeit einen Brandgeruch hinzu  Sehr geeignet f\u00fcr den Au\u00dfeneinsatz in Kombination mit der Nebel \/ Rauchfluid Feuerwehr Extrem  Nicht f\u00fcr die Verwendung in Cirrus Fluid geeignet\" \/>\n<meta property=\"og:url\" content=\"https:\/\/fireware.nl\/de\/product\/brandgeruchkonzentrat\/\" \/>\n<meta property=\"og:site_name\" content=\"FireWare\" \/>\n<meta property=\"article:publisher\" content=\"https:\/\/www.facebook.com\/FireWareBV\/\" \/>\n<meta property=\"article:modified_time\" content=\"2025-07-08T12:34:35+00:00\" \/>\n<meta property=\"og:image\" content=\"https:\/\/fireware.nl\/wp-content\/uploads\/2019\/04\/Flesje_Schuin_01.jpg\" \/>\n\t<meta property=\"og:image:width\" content=\"600\" \/>\n\t<meta property=\"og:image:height\" content=\"600\" \/>\n\t<meta property=\"og:image:type\" content=\"image\/jpeg\" \/>\n<meta name=\"twitter:card\" content=\"summary_large_image\" \/>\n<meta name=\"twitter:site\" content=\"@FireWarebv\" \/>\n<meta name=\"twitter:label1\" content=\"Gesch\u00e4tzte Lesezeit\" \/>\n\t<meta name=\"twitter:data1\" content=\"1\u00a0Minute\" \/>\n<script type=\"application\/ld+json\" class=\"yoast-schema-graph\">{\"@context\":\"https:\\\/\\\/schema.org\",\"@graph\":[{\"@type\":\"WebPage\",\"@id\":\"https:\\\/\\\/fireware.nl\\\/de\\\/product\\\/brandgeruchkonzentrat\\\/\",\"url\":\"https:\\\/\\\/fireware.nl\\\/de\\\/product\\\/brandgeruchkonzentrat\\\/\",\"name\":\"Brandgeruchkonzentrat - FireWare\",\"isPartOf\":{\"@id\":\"https:\\\/\\\/fireware.nl\\\/de\\\/#website\"},\"primaryImageOfPage\":{\"@id\":\"https:\\\/\\\/fireware.nl\\\/de\\\/product\\\/brandgeruchkonzentrat\\\/#primaryimage\"},\"image\":{\"@id\":\"https:\\\/\\\/fireware.nl\\\/de\\\/product\\\/brandgeruchkonzentrat\\\/#primaryimage\"},\"thumbnailUrl\":\"https:\\\/\\\/fireware.nl\\\/wp-content\\\/uploads\\\/2019\\\/04\\\/Flesje_Schuin_01.jpg\",\"datePublished\":\"2019-04-15T13:49:45+00:00\",\"dateModified\":\"2025-07-08T12:34:35+00:00\",\"breadcrumb\":{\"@id\":\"https:\\\/\\\/fireware.nl\\\/de\\\/product\\\/brandgeruchkonzentrat\\\/#breadcrumb\"},\"inLanguage\":\"de\",\"potentialAction\":[{\"@type\":\"ReadAction\",\"target\":[\"https:\\\/\\\/fireware.nl\\\/de\\\/product\\\/brandgeruchkonzentrat\\\/\"]}]},{\"@type\":\"ImageObject\",\"inLanguage\":\"de\",\"@id\":\"https:\\\/\\\/fireware.nl\\\/de\\\/product\\\/brandgeruchkonzentrat\\\/#primaryimage\",\"url\":\"https:\\\/\\\/fireware.nl\\\/wp-content\\\/uploads\\\/2019\\\/04\\\/Flesje_Schuin_01.jpg\",\"contentUrl\":\"https:\\\/\\\/fireware.nl\\\/wp-content\\\/uploads\\\/2019\\\/04\\\/Flesje_Schuin_01.jpg\",\"width\":600,\"height\":600},{\"@type\":\"BreadcrumbList\",\"@id\":\"https:\\\/\\\/fireware.nl\\\/de\\\/product\\\/brandgeruchkonzentrat\\\/#breadcrumb\",\"itemListElement\":[{\"@type\":\"ListItem\",\"position\":1,\"name\":\"Home\",\"item\":\"https:\\\/\\\/fireware.nl\\\/de\\\/\"},{\"@type\":\"ListItem\",\"position\":2,\"name\":\"Produkte\",\"item\":\"https:\\\/\\\/fireware.nl\\\/de\\\/produkte\\\/\"},{\"@type\":\"ListItem\",\"position\":3,\"name\":\"Brandgeruchkonzentrat\"}]},{\"@type\":\"WebSite\",\"@id\":\"https:\\\/\\\/fireware.nl\\\/de\\\/#website\",\"url\":\"https:\\\/\\\/fireware.nl\\\/de\\\/\",\"name\":\"FireWare\",\"description\":\"CREATING REALISTIC  TRAINING ENVIRONMENTS\",\"publisher\":{\"@id\":\"https:\\\/\\\/fireware.nl\\\/de\\\/#organization\"},\"potentialAction\":[{\"@type\":\"SearchAction\",\"target\":{\"@type\":\"EntryPoint\",\"urlTemplate\":\"https:\\\/\\\/fireware.nl\\\/de\\\/?s={search_term_string}\"},\"query-input\":{\"@type\":\"PropertyValueSpecification\",\"valueRequired\":true,\"valueName\":\"search_term_string\"}}],\"inLanguage\":\"de\"},{\"@type\":\"Organization\",\"@id\":\"https:\\\/\\\/fireware.nl\\\/de\\\/#organization\",\"name\":\"FireWare\",\"url\":\"https:\\\/\\\/fireware.nl\\\/de\\\/\",\"logo\":{\"@type\":\"ImageObject\",\"inLanguage\":\"de\",\"@id\":\"https:\\\/\\\/fireware.nl\\\/de\\\/#\\\/schema\\\/logo\\\/image\\\/\",\"url\":\"https:\\\/\\\/fireware.nl\\\/wp-content\\\/uploads\\\/2018\\\/10\\\/FireWare-logo.jpg\",\"contentUrl\":\"https:\\\/\\\/fireware.nl\\\/wp-content\\\/uploads\\\/2018\\\/10\\\/FireWare-logo.jpg\",\"width\":171,\"height\":70,\"caption\":\"FireWare\"},\"image\":{\"@id\":\"https:\\\/\\\/fireware.nl\\\/de\\\/#\\\/schema\\\/logo\\\/image\\\/\"},\"sameAs\":[\"https:\\\/\\\/www.facebook.com\\\/FireWareBV\\\/\",\"https:\\\/\\\/x.com\\\/FireWarebv\",\"https:\\\/\\\/www.instagram.com\\\/fireware_nl\\\/\",\"https:\\\/\\\/www.linkedin.com\\\/company\\\/3586017\\\/\",\"https:\\\/\\\/www.youtube.com\\\/user\\\/firesalesrentconsult\"]}]}<\/script>\n<!-- \/ Yoast SEO plugin. -->","yoast_head_json":{"title":"Brandgeruchkonzentrat - FireWare","robots":{"index":"index","follow":"follow","max-snippet":"max-snippet:-1","max-image-preview":"max-image-preview:large","max-video-preview":"max-video-preview:-1"},"canonical":"https:\/\/fireware.nl\/de\/product\/brandgeruchkonzentrat\/","og_locale":"de_DE","og_type":"article","og_title":"Brandgeruchkonzentrat - FireWare","og_description":"F\u00fcgen Sie der FireWare Rauchfl\u00fcssigkeit einen Brandgeruch hinzu  Sehr geeignet f\u00fcr den Au\u00dfeneinsatz in Kombination mit der Nebel \/ Rauchfluid Feuerwehr Extrem  Nicht f\u00fcr die Verwendung in Cirrus Fluid geeignet","og_url":"https:\/\/fireware.nl\/de\/product\/brandgeruchkonzentrat\/","og_site_name":"FireWare","article_publisher":"https:\/\/www.facebook.com\/FireWareBV\/","article_modified_time":"2025-07-08T12:34:35+00:00","og_image":[{"width":600,"height":600,"url":"https:\/\/fireware.nl\/wp-content\/uploads\/2019\/04\/Flesje_Schuin_01.jpg","type":"image\/jpeg"}],"twitter_card":"summary_large_image","twitter_site":"@FireWarebv","twitter_misc":{"Gesch\u00e4tzte Lesezeit":"1\u00a0Minute"},"schema":{"@context":"https:\/\/schema.org","@graph":[{"@type":"WebPage","@id":"https:\/\/fireware.nl\/de\/product\/brandgeruchkonzentrat\/","url":"https:\/\/fireware.nl\/de\/product\/brandgeruchkonzentrat\/","name":"Brandgeruchkonzentrat - FireWare","isPartOf":{"@id":"https:\/\/fireware.nl\/de\/#website"},"primaryImageOfPage":{"@id":"https:\/\/fireware.nl\/de\/product\/brandgeruchkonzentrat\/#primaryimage"},"image":{"@id":"https:\/\/fireware.nl\/de\/product\/brandgeruchkonzentrat\/#primaryimage"},"thumbnailUrl":"https:\/\/fireware.nl\/wp-content\/uploads\/2019\/04\/Flesje_Schuin_01.jpg","datePublished":"2019-04-15T13:49:45+00:00","dateModified":"2025-07-08T12:34:35+00:00","breadcrumb":{"@id":"https:\/\/fireware.nl\/de\/product\/brandgeruchkonzentrat\/#breadcrumb"},"inLanguage":"de","potentialAction":[{"@type":"ReadAction","target":["https:\/\/fireware.nl\/de\/product\/brandgeruchkonzentrat\/"]}]},{"@type":"ImageObject","inLanguage":"de","@id":"https:\/\/fireware.nl\/de\/product\/brandgeruchkonzentrat\/#primaryimage","url":"https:\/\/fireware.nl\/wp-content\/uploads\/2019\/04\/Flesje_Schuin_01.jpg","contentUrl":"https:\/\/fireware.nl\/wp-content\/uploads\/2019\/04\/Flesje_Schuin_01.jpg","width":600,"height":600},{"@type":"BreadcrumbList","@id":"https:\/\/fireware.nl\/de\/product\/brandgeruchkonzentrat\/#breadcrumb","itemListElement":[{"@type":"ListItem","position":1,"name":"Home","item":"https:\/\/fireware.nl\/de\/"},{"@type":"ListItem","position":2,"name":"Produkte","item":"https:\/\/fireware.nl\/de\/produkte\/"},{"@type":"ListItem","position":3,"name":"Brandgeruchkonzentrat"}]},{"@type":"WebSite","@id":"https:\/\/fireware.nl\/de\/#website","url":"https:\/\/fireware.nl\/de\/","name":"FireWare","description":"CREATING REALISTIC  TRAINING ENVIRONMENTS","publisher":{"@id":"https:\/\/fireware.nl\/de\/#organization"},"potentialAction":[{"@type":"SearchAction","target":{"@type":"EntryPoint","urlTemplate":"https:\/\/fireware.nl\/de\/?s={search_term_string}"},"query-input":{"@type":"PropertyValueSpecification","valueRequired":true,"valueName":"search_term_string"}}],"inLanguage":"de"},{"@type":"Organization","@id":"https:\/\/fireware.nl\/de\/#organization","name":"FireWare","url":"https:\/\/fireware.nl\/de\/","logo":{"@type":"ImageObject","inLanguage":"de","@id":"https:\/\/fireware.nl\/de\/#\/schema\/logo\/image\/","url":"https:\/\/fireware.nl\/wp-content\/uploads\/2018\/10\/FireWare-logo.jpg","contentUrl":"https:\/\/fireware.nl\/wp-content\/uploads\/2018\/10\/FireWare-logo.jpg","width":171,"height":70,"caption":"FireWare"},"image":{"@id":"https:\/\/fireware.nl\/de\/#\/schema\/logo\/image\/"},"sameAs":["https:\/\/www.facebook.com\/FireWareBV\/","https:\/\/x.com\/FireWarebv","https:\/\/www.instagram.com\/fireware_nl\/","https:\/\/www.linkedin.com\/company\/3586017\/","https:\/\/www.youtube.com\/user\/firesalesrentconsult"]}]}},"publishpress_future_workflow_manual_trigger":{"enabledWorkflows":[]},"_links":{"self":[{"href":"https:\/\/fireware.nl\/de\/wp-json\/wp\/v2\/product\/29819","targetHints":{"allow":["GET"]}}],"collection":[{"href":"https:\/\/fireware.nl\/de\/wp-json\/wp\/v2\/product"}],"about":[{"href":"https:\/\/fireware.nl\/de\/wp-json\/wp\/v2\/types\/product"}],"wp:featuredmedia":[{"embeddable":true,"href":"https:\/\/fireware.nl\/de\/wp-json\/wp\/v2\/media\/29332"}],"wp:attachment":[{"href":"https:\/\/fireware.nl\/de\/wp-json\/wp\/v2\/media?parent=29819"}],"wp:term":[{"taxonomy":"product_brand","embeddable":true,"href":"https:\/\/fireware.nl\/de\/wp-json\/wp\/v2\/product_brand?post=29819"},{"taxonomy":"product_cat","embeddable":true,"href":"https:\/\/fireware.nl\/de\/wp-json\/wp\/v2\/product_cat?post=29819"},{"taxonomy":"product_tag","embeddable":true,"href":"https:\/\/fireware.nl\/de\/wp-json\/wp\/v2\/product_tag?post=29819"}],"curies":[{"name":"wp","href":"https:\/\/api.w.org\/{rel}","templated":true}]}}