
{"id":35184,"date":"2019-09-10T10:32:53","date_gmt":"2019-09-10T10:32:53","guid":{"rendered":"https:\/\/fireware.nl\/product\/gefahrendiamanten-set-magnetisch\/"},"modified":"2021-09-30T13:28:39","modified_gmt":"2021-09-30T13:28:39","slug":"gefahrendiamanten-set-magnetisch","status":"publish","type":"product","link":"https:\/\/fireware.nl\/de\/product\/gefahrendiamanten-set-magnetisch\/","title":{"rendered":"Gefahrendiamanten-Set magnetisch"},"content":{"rendered":"<h2>Geben Sie die Gefahren chemischer Stoffe an<\/h2>\n<p>Mit dem Gefahrendiamanten, auch NFPA-704-Diamant genannt, k\u00f6nnen Rettungskr\u00e4fte die Gefahren einer Chemikalie identifizieren. Es ist ein n\u00fctzliches Werkzeug zum Erkennen der Gesundheits-, Brand- und Reaktivit\u00e4tsgefahren von Gefahrstoffen. Der Diamant eignet sich besonders gut f\u00fcr Feuerwehr\u00fcbungen. Sie erfahren auf einen Blick, wie eine Chemikalie reagiert, wenn sie versuchen, sie zu l\u00f6schen, und welches L\u00f6schmittel geeignet ist.<\/p>\n<p>Rettungskr\u00e4fte m\u00fcssen mit den Angaben des Gefahrendiamanten vertraut sein. Es ist daher eine sinnvolle Erg\u00e4nzung zu einer \u00dcbung, die verschiedenen Gefahrenhinweise im Szenario zu verarbeiten. Betrachten Sie die Platzierung auf einem Tank oder Rohr. Auf diese Weise kann bei derselben Inszenierung ein ganz anderer Einsatz beschlossen werden!<\/p>\n<p>Das 27-teilige Set ist vollst\u00e4ndig magnetisch und besteht neben dem Gefahrendiamanten aus den Ziffern 0 bis 4 in Gelb, Rot und Blau. Die Sonderbezeichnungen sind in wei\u00df ausgef\u00fchrt. Alle Magnettafeln aus dem Set sind flexibel und k\u00f6nnen daher auf nahezu jeder Metalloberfl\u00e4che eingesetzt werden. Das Set wird f\u00fcr den Transport in einer praktischen Kunststoffkiste geliefert.<\/p>\n","protected":false},"excerpt":{"rendered":"<ul>\n<li>Vollst\u00e4ndiges Gefahrendiamanten-Set.<\/li>\n<li>Vollst\u00e4ndig magnetisch ausgef\u00fchrt.<\/li>\n<li>Wetterbest\u00e4ndiger Aufdruck.<\/li>\n<li>Einschlie\u00dflich einer Kunststoffbox 40 x 30 x 8 cm.<\/li>\n<\/ul>\n","protected":false},"featured_media":35159,"template":"","meta":[],"product_brand":[],"product_cat":[219],"product_tag":[],"class_list":{"0":"post-35184","1":"product","2":"type-product","3":"status-publish","4":"has-post-thumbnail","6":"product_cat-cbrne-de","8":"first","9":"instock","10":"taxable","11":"shipping-taxable","12":"purchasable","13":"product-type-simple"},"yoast_head":"<!-- This site is optimized with the Yoast SEO plugin v27.5 - https:\/\/yoast.com\/product\/yoast-seo-wordpress\/ -->\n<title>Gefahrendiamanten-Set magnetisch - FireWare<\/title>\n<meta name=\"robots\" content=\"index, follow, max-snippet:-1, max-image-preview:large, max-video-preview:-1\" \/>\n<link rel=\"canonical\" href=\"https:\/\/fireware.nl\/de\/product\/gefahrendiamanten-set-magnetisch\/\" \/>\n<meta property=\"og:locale\" content=\"de_DE\" \/>\n<meta property=\"og:type\" content=\"article\" \/>\n<meta property=\"og:title\" content=\"Gefahrendiamanten-Set magnetisch - FireWare\" \/>\n<meta property=\"og:description\" content=\"Vollst\u00e4ndiges Gefahrendiamanten-Set.  Vollst\u00e4ndig magnetisch ausgef\u00fchrt.  Wetterbest\u00e4ndiger Aufdruck.  Einschlie\u00dflich einer Kunststoffbox 40 x 30 x 8 cm.\" \/>\n<meta property=\"og:url\" content=\"https:\/\/fireware.nl\/de\/product\/gefahrendiamanten-set-magnetisch\/\" \/>\n<meta property=\"og:site_name\" content=\"FireWare\" \/>\n<meta property=\"article:publisher\" content=\"https:\/\/www.facebook.com\/FireWareBV\/\" \/>\n<meta property=\"article:modified_time\" content=\"2021-09-30T13:28:39+00:00\" \/>\n<meta property=\"og:image\" content=\"https:\/\/fireware.nl\/wp-content\/uploads\/2019\/09\/Gavarendiamant_1.jpg\" \/>\n\t<meta property=\"og:image:width\" content=\"600\" \/>\n\t<meta property=\"og:image:height\" content=\"600\" \/>\n\t<meta property=\"og:image:type\" content=\"image\/jpeg\" \/>\n<meta name=\"twitter:card\" content=\"summary_large_image\" \/>\n<meta name=\"twitter:site\" content=\"@FireWarebv\" \/>\n<meta name=\"twitter:label1\" content=\"Gesch\u00e4tzte Lesezeit\" \/>\n\t<meta name=\"twitter:data1\" content=\"1\u00a0Minute\" \/>\n<script type=\"application\/ld+json\" class=\"yoast-schema-graph\">{\"@context\":\"https:\\\/\\\/schema.org\",\"@graph\":[{\"@type\":\"WebPage\",\"@id\":\"https:\\\/\\\/fireware.nl\\\/de\\\/product\\\/gefahrendiamanten-set-magnetisch\\\/\",\"url\":\"https:\\\/\\\/fireware.nl\\\/de\\\/product\\\/gefahrendiamanten-set-magnetisch\\\/\",\"name\":\"Gefahrendiamanten-Set magnetisch - FireWare\",\"isPartOf\":{\"@id\":\"https:\\\/\\\/fireware.nl\\\/de\\\/#website\"},\"primaryImageOfPage\":{\"@id\":\"https:\\\/\\\/fireware.nl\\\/de\\\/product\\\/gefahrendiamanten-set-magnetisch\\\/#primaryimage\"},\"image\":{\"@id\":\"https:\\\/\\\/fireware.nl\\\/de\\\/product\\\/gefahrendiamanten-set-magnetisch\\\/#primaryimage\"},\"thumbnailUrl\":\"https:\\\/\\\/fireware.nl\\\/wp-content\\\/uploads\\\/2019\\\/09\\\/Gavarendiamant_1.jpg\",\"datePublished\":\"2019-09-10T10:32:53+00:00\",\"dateModified\":\"2021-09-30T13:28:39+00:00\",\"breadcrumb\":{\"@id\":\"https:\\\/\\\/fireware.nl\\\/de\\\/product\\\/gefahrendiamanten-set-magnetisch\\\/#breadcrumb\"},\"inLanguage\":\"de\",\"potentialAction\":[{\"@type\":\"ReadAction\",\"target\":[\"https:\\\/\\\/fireware.nl\\\/de\\\/product\\\/gefahrendiamanten-set-magnetisch\\\/\"]}]},{\"@type\":\"ImageObject\",\"inLanguage\":\"de\",\"@id\":\"https:\\\/\\\/fireware.nl\\\/de\\\/product\\\/gefahrendiamanten-set-magnetisch\\\/#primaryimage\",\"url\":\"https:\\\/\\\/fireware.nl\\\/wp-content\\\/uploads\\\/2019\\\/09\\\/Gavarendiamant_1.jpg\",\"contentUrl\":\"https:\\\/\\\/fireware.nl\\\/wp-content\\\/uploads\\\/2019\\\/09\\\/Gavarendiamant_1.jpg\",\"width\":600,\"height\":600},{\"@type\":\"BreadcrumbList\",\"@id\":\"https:\\\/\\\/fireware.nl\\\/de\\\/product\\\/gefahrendiamanten-set-magnetisch\\\/#breadcrumb\",\"itemListElement\":[{\"@type\":\"ListItem\",\"position\":1,\"name\":\"Home\",\"item\":\"https:\\\/\\\/fireware.nl\\\/de\\\/\"},{\"@type\":\"ListItem\",\"position\":2,\"name\":\"Produkte\",\"item\":\"https:\\\/\\\/fireware.nl\\\/de\\\/produkte\\\/\"},{\"@type\":\"ListItem\",\"position\":3,\"name\":\"Gefahrendiamanten-Set magnetisch\"}]},{\"@type\":\"WebSite\",\"@id\":\"https:\\\/\\\/fireware.nl\\\/de\\\/#website\",\"url\":\"https:\\\/\\\/fireware.nl\\\/de\\\/\",\"name\":\"FireWare\",\"description\":\"CREATING REALISTIC  TRAINING ENVIRONMENTS\",\"publisher\":{\"@id\":\"https:\\\/\\\/fireware.nl\\\/de\\\/#organization\"},\"potentialAction\":[{\"@type\":\"SearchAction\",\"target\":{\"@type\":\"EntryPoint\",\"urlTemplate\":\"https:\\\/\\\/fireware.nl\\\/de\\\/?s={search_term_string}\"},\"query-input\":{\"@type\":\"PropertyValueSpecification\",\"valueRequired\":true,\"valueName\":\"search_term_string\"}}],\"inLanguage\":\"de\"},{\"@type\":\"Organization\",\"@id\":\"https:\\\/\\\/fireware.nl\\\/de\\\/#organization\",\"name\":\"FireWare\",\"url\":\"https:\\\/\\\/fireware.nl\\\/de\\\/\",\"logo\":{\"@type\":\"ImageObject\",\"inLanguage\":\"de\",\"@id\":\"https:\\\/\\\/fireware.nl\\\/de\\\/#\\\/schema\\\/logo\\\/image\\\/\",\"url\":\"https:\\\/\\\/fireware.nl\\\/wp-content\\\/uploads\\\/2018\\\/10\\\/FireWare-logo.jpg\",\"contentUrl\":\"https:\\\/\\\/fireware.nl\\\/wp-content\\\/uploads\\\/2018\\\/10\\\/FireWare-logo.jpg\",\"width\":171,\"height\":70,\"caption\":\"FireWare\"},\"image\":{\"@id\":\"https:\\\/\\\/fireware.nl\\\/de\\\/#\\\/schema\\\/logo\\\/image\\\/\"},\"sameAs\":[\"https:\\\/\\\/www.facebook.com\\\/FireWareBV\\\/\",\"https:\\\/\\\/x.com\\\/FireWarebv\",\"https:\\\/\\\/www.instagram.com\\\/fireware_nl\\\/\",\"https:\\\/\\\/www.linkedin.com\\\/company\\\/3586017\\\/\",\"https:\\\/\\\/www.youtube.com\\\/user\\\/firesalesrentconsult\"]}]}<\/script>\n<!-- \/ Yoast SEO plugin. -->","yoast_head_json":{"title":"Gefahrendiamanten-Set magnetisch - FireWare","robots":{"index":"index","follow":"follow","max-snippet":"max-snippet:-1","max-image-preview":"max-image-preview:large","max-video-preview":"max-video-preview:-1"},"canonical":"https:\/\/fireware.nl\/de\/product\/gefahrendiamanten-set-magnetisch\/","og_locale":"de_DE","og_type":"article","og_title":"Gefahrendiamanten-Set magnetisch - FireWare","og_description":"Vollst\u00e4ndiges Gefahrendiamanten-Set.  Vollst\u00e4ndig magnetisch ausgef\u00fchrt.  Wetterbest\u00e4ndiger Aufdruck.  Einschlie\u00dflich einer Kunststoffbox 40 x 30 x 8 cm.","og_url":"https:\/\/fireware.nl\/de\/product\/gefahrendiamanten-set-magnetisch\/","og_site_name":"FireWare","article_publisher":"https:\/\/www.facebook.com\/FireWareBV\/","article_modified_time":"2021-09-30T13:28:39+00:00","og_image":[{"width":600,"height":600,"url":"https:\/\/fireware.nl\/wp-content\/uploads\/2019\/09\/Gavarendiamant_1.jpg","type":"image\/jpeg"}],"twitter_card":"summary_large_image","twitter_site":"@FireWarebv","twitter_misc":{"Gesch\u00e4tzte Lesezeit":"1\u00a0Minute"},"schema":{"@context":"https:\/\/schema.org","@graph":[{"@type":"WebPage","@id":"https:\/\/fireware.nl\/de\/product\/gefahrendiamanten-set-magnetisch\/","url":"https:\/\/fireware.nl\/de\/product\/gefahrendiamanten-set-magnetisch\/","name":"Gefahrendiamanten-Set magnetisch - FireWare","isPartOf":{"@id":"https:\/\/fireware.nl\/de\/#website"},"primaryImageOfPage":{"@id":"https:\/\/fireware.nl\/de\/product\/gefahrendiamanten-set-magnetisch\/#primaryimage"},"image":{"@id":"https:\/\/fireware.nl\/de\/product\/gefahrendiamanten-set-magnetisch\/#primaryimage"},"thumbnailUrl":"https:\/\/fireware.nl\/wp-content\/uploads\/2019\/09\/Gavarendiamant_1.jpg","datePublished":"2019-09-10T10:32:53+00:00","dateModified":"2021-09-30T13:28:39+00:00","breadcrumb":{"@id":"https:\/\/fireware.nl\/de\/product\/gefahrendiamanten-set-magnetisch\/#breadcrumb"},"inLanguage":"de","potentialAction":[{"@type":"ReadAction","target":["https:\/\/fireware.nl\/de\/product\/gefahrendiamanten-set-magnetisch\/"]}]},{"@type":"ImageObject","inLanguage":"de","@id":"https:\/\/fireware.nl\/de\/product\/gefahrendiamanten-set-magnetisch\/#primaryimage","url":"https:\/\/fireware.nl\/wp-content\/uploads\/2019\/09\/Gavarendiamant_1.jpg","contentUrl":"https:\/\/fireware.nl\/wp-content\/uploads\/2019\/09\/Gavarendiamant_1.jpg","width":600,"height":600},{"@type":"BreadcrumbList","@id":"https:\/\/fireware.nl\/de\/product\/gefahrendiamanten-set-magnetisch\/#breadcrumb","itemListElement":[{"@type":"ListItem","position":1,"name":"Home","item":"https:\/\/fireware.nl\/de\/"},{"@type":"ListItem","position":2,"name":"Produkte","item":"https:\/\/fireware.nl\/de\/produkte\/"},{"@type":"ListItem","position":3,"name":"Gefahrendiamanten-Set magnetisch"}]},{"@type":"WebSite","@id":"https:\/\/fireware.nl\/de\/#website","url":"https:\/\/fireware.nl\/de\/","name":"FireWare","description":"CREATING REALISTIC  TRAINING ENVIRONMENTS","publisher":{"@id":"https:\/\/fireware.nl\/de\/#organization"},"potentialAction":[{"@type":"SearchAction","target":{"@type":"EntryPoint","urlTemplate":"https:\/\/fireware.nl\/de\/?s={search_term_string}"},"query-input":{"@type":"PropertyValueSpecification","valueRequired":true,"valueName":"search_term_string"}}],"inLanguage":"de"},{"@type":"Organization","@id":"https:\/\/fireware.nl\/de\/#organization","name":"FireWare","url":"https:\/\/fireware.nl\/de\/","logo":{"@type":"ImageObject","inLanguage":"de","@id":"https:\/\/fireware.nl\/de\/#\/schema\/logo\/image\/","url":"https:\/\/fireware.nl\/wp-content\/uploads\/2018\/10\/FireWare-logo.jpg","contentUrl":"https:\/\/fireware.nl\/wp-content\/uploads\/2018\/10\/FireWare-logo.jpg","width":171,"height":70,"caption":"FireWare"},"image":{"@id":"https:\/\/fireware.nl\/de\/#\/schema\/logo\/image\/"},"sameAs":["https:\/\/www.facebook.com\/FireWareBV\/","https:\/\/x.com\/FireWarebv","https:\/\/www.instagram.com\/fireware_nl\/","https:\/\/www.linkedin.com\/company\/3586017\/","https:\/\/www.youtube.com\/user\/firesalesrentconsult"]}]}},"publishpress_future_workflow_manual_trigger":{"enabledWorkflows":[]},"_links":{"self":[{"href":"https:\/\/fireware.nl\/de\/wp-json\/wp\/v2\/product\/35184","targetHints":{"allow":["GET"]}}],"collection":[{"href":"https:\/\/fireware.nl\/de\/wp-json\/wp\/v2\/product"}],"about":[{"href":"https:\/\/fireware.nl\/de\/wp-json\/wp\/v2\/types\/product"}],"wp:featuredmedia":[{"embeddable":true,"href":"https:\/\/fireware.nl\/de\/wp-json\/wp\/v2\/media\/35159"}],"wp:attachment":[{"href":"https:\/\/fireware.nl\/de\/wp-json\/wp\/v2\/media?parent=35184"}],"wp:term":[{"taxonomy":"product_brand","embeddable":true,"href":"https:\/\/fireware.nl\/de\/wp-json\/wp\/v2\/product_brand?post=35184"},{"taxonomy":"product_cat","embeddable":true,"href":"https:\/\/fireware.nl\/de\/wp-json\/wp\/v2\/product_cat?post=35184"},{"taxonomy":"product_tag","embeddable":true,"href":"https:\/\/fireware.nl\/de\/wp-json\/wp\/v2\/product_tag?post=35184"}],"curies":[{"name":"wp","href":"https:\/\/api.w.org\/{rel}","templated":true}]}}