
{"id":36535,"date":"2019-10-18T11:57:41","date_gmt":"2019-10-18T11:57:41","guid":{"rendered":"https:\/\/fireware.nl\/product\/fireware-incident-client\/"},"modified":"2025-03-06T12:39:51","modified_gmt":"2025-03-06T12:39:51","slug":"incident-client","status":"publish","type":"product","link":"https:\/\/fireware.nl\/de\/product\/incident-client\/","title":{"rendered":"Incident Client"},"content":{"rendered":"\r\n<p>Gibt es f\u00fcr Sie zu wenig Anschl\u00fcsse am <a href=\"https:\/\/fireware.nl\/de\/produkt\/fireware-incident-server\/\">FireWare Incident Server<\/a> oder wollen Sie ein komplexes Szenario inszenieren? Erweitern Sie das System dann mit dem FireWare Incident Client!<\/p>\r\n<h2>Was kann ein Incident Client?<\/h2>\r\n<p>Bei gr\u00f6\u00dferen und komplexeren Inszenierungen verf\u00fcgt der Incident Server nicht \u00fcber gen\u00fcgend Anschl\u00fcsse. Mit dem Incident Client k\u00f6nnen Sie die M\u00f6glichkeiten nahezu unbegrenzt erweitern. Verwenden Sie einen Incident Server am Hauptbrandherd und setzen Sie bei jeder Erweiterungen einen Incident Client ein. Auf diese Weise ist die Inszenierung vollst\u00e4ndig skalierbar!<\/p>\r\n<h2>Wie arbeitet ein Incident Client?<\/h2>\r\n<p>Wenn der Incident Server die Rolle des Dirigenten spielt, sind die Incident Clients die Orchestermitglieder. Incident Clients sind die perfekte Erg\u00e4nzung. Der Incident Clients meldet sich im WLAN vom Incident Server an. Aber es passiert mehr als nur das! Der Incident Client verst\u00e4rkt das WLAN und vergr\u00f6\u00dfert die Reichweite. Zusammen bilden sie ein sogenanntes Mesh-Netzwerk. Wird noch ein Incident Client hinzugef\u00fcgt? Dann wird die Kette nur noch st\u00e4rker. Auf diese Weise kann die Anlage schrittweise erweitert werden.<\/p>\r\n<h2>Anschlie\u00dfen von Inszenierungsger\u00e4te am Incident Client<\/h2>\r\n<p>Genau wie beim Incident Server k\u00f6nnen sehr unterschiedliche Inszenierungsger\u00e4te dem Incident Client verbunden werden. Dies k\u00f6nnen Rauchmaschinen sein, aber auch Silkflames wie die <a href=\"https:\/\/fireware.nl\/de\/produkt\/phoenix\/\">Phoenix<\/a> oder die <a href=\"https:\/\/fireware.nl\/de\/produkt\/mini-silkflame\/\">Mini Silkflame<\/a>. Das Anschlie\u00dfen eines Feuerscheinwerfers ist ebenfalls kein Problem. Mithilfe von <a href=\"https:\/\/fireware.nl\/de\/produkt-kategorie\/geraeusch\/\">Soundeffekten<\/a> vervollst\u00e4ndigen Sie das Szenario.<\/p>\r\n<p>Die Anschlussm\u00f6glichkeiten eines Incident Clients entsprechen denen des Incident Servers. Dar\u00fcber hinaus ist der Incident Client mit einer Webcam ausgestattet. Der Ausbilder hat daher pro Incident Client eine zus\u00e4tzliche Kamera, um den \u00dcberblick zu behalten!<\/p>\r\n<h2>Zwischenf\u00e4lle selbst programmieren<\/h2>\r\n<p>Die Effekte und Inszenierungsger\u00e4te, die mit einem Incident Client gekoppelt sind, k\u00f6nnen in den Szenarien vollst\u00e4ndig mitprogrammiert werden. Dies gibt die M\u00f6glichkeit, komplexere Szenarien zu programmieren, die \u00fcber den Raum hinausgehen. Die Fantasie des \u00dcbungsleiters ist jetzt die einzige Grenze!<\/p>\r\n<h2>Maximale Lernergebnisse f\u00fcr den Teilnehmer<\/h2>\r\n<p>In Schichten s\u00e4gen und in Scheiben schneiden: diese niederl\u00e4ndische Faustregel gilt auch beim Inszenierung. Verwenden Sie bei der \u00dcbung einen oder mehrere Incident Clients, um schnell und effizient zu inszenieren. Die Ausbilder und Beobachter behalten durch die eingebauten Kameras den \u00dcberblick. Es gibt keine komplexen Absprachen mehr \u00fcber den Betrieb der Inszenierungsger\u00e4te, sondern maximale Aufmerksamkeit f\u00fcr den \u00dcbungsteilnehmer!<\/p>\r\n<h2>Ist der Incident Client das Richtige f\u00fcr Sie?<\/h2>\r\n<p>Haben Sie bereits einen FireWare Incident Server, aber sind durch die Anzahl der Verbindungen eingeschr\u00e4nkt oder m\u00f6chten komplexe Szenarien simulieren? Erh\u00f6hen Sie Ihre Kapazit\u00e4t mit dem FireWare Incident Client! Er st\u00e4rkt nicht nur das WiFi-Netzwerk, sondern macht Ihre Szenarien auch skalierbar und flexibel, wobei die Clients perfekt zusammenarbeiten f\u00fcr eine nahtlose Simulation. <strong><a href=\"https:\/\/fireware.nl\/de\/kontakt\/\" target=\"_blank\" rel=\"noopener\">Kontaktieren Sie uns f\u00fcr ein individuelles Angebot oder vereinbaren Sie einen Showroom-Besuch<\/a>, damit Sie den Incident Client (und den <a href=\"https:\/\/fireware.nl\/de\/product\/incident-server\/\" target=\"_blank\" rel=\"noopener\">Incident Server<\/a>) live erleben k\u00f6nnen!<\/strong><\/p>\r\n<h3>Anschl\u00fcsse:<\/h3>\r\n<ul>\r\n<li>\r\n<ul>\r\n<li>1x Rauchmaschinen-Steuerausgang 0-10V<\/li>\r\n<li>1x Rauchmaschinenausgang ein \/ aus<\/li>\r\n<li>4x universeller Ausgang<\/li>\r\n<li>4x universeller Sensoreingang<\/li>\r\n<li>1x Rauchmaschine Versorgungsspannung 230V<\/li>\r\n<li>1x Flammeneffekt 230V<\/li>\r\n<li>1x Ausweitung des Flammeneffekts 230V<\/li>\r\n<li>1x zus\u00e4tzlicher Effekt 230V<\/li>\r\n<li>1x Lautsprecherausgang<\/li>\r\n<li>1x Webcam<\/li>\r\n<li>1x Netzwerkanschluss f\u00fcr Erweiterungsmodule<\/li>\r\n<li>1x Versorgungsspannung<\/li>\r\n<\/ul>\r\n<\/li>\r\n<\/ul>\r\n<h3>Sehen Sie sich das Video an<\/h3>\r\n<p><iframe loading=\"lazy\" src=\"https:\/\/player.vimeo.com\/video\/348582347\" width=\"640\" height=\"360\" frameborder=\"0\" allowfullscreen=\"allowfullscreen\"><\/iframe><\/p>\r\n","protected":false},"excerpt":{"rendered":"<ul>\n<li style=\"list-style-type: none;\">\n<ul>\n<li>Erweitern Sie die Szenarien mit dem <a href=\"https:\/\/fireware.nl\/de\/produkt\/fireware-incident-server\/\">FireWare Incident Server<\/a> praktisch endlos.<\/li>\n<li>Das Netzwerk vom Incident Server wird nur noch st\u00e4rker.<\/li>\n<li>Schlie\u00dfen Sie problemlos Audioger\u00e4te, Flammensimulatoren, Rauchmaschinen und sonstige Simulationsger\u00e4tschaften an.<\/li>\n<li>Es wird keine komplizierte Software ben\u00f6tigt.<\/li>\n<li><strong>Anpassung als Richtlinie: <a href=\"https:\/\/fireware.nl\/de\/kontakt\/\" target=\"_blank\" rel=\"noopener\">Fordern Sie ein Angebot an oder vereinbaren Sie einen Showroom-Besuch<\/a>, um den Incident Client live zu sehen<\/strong><\/li>\n<\/ul>\n<\/li>\n<\/ul>\n","protected":false},"featured_media":36356,"template":"","meta":[],"product_brand":[],"product_cat":[2172],"product_tag":[],"class_list":{"0":"post-36535","1":"product","2":"type-product","3":"status-publish","4":"has-post-thumbnail","6":"product_cat-interaktive-trainingserfahrungen","7":"pa_afmeting-60-x-40-x-23-cm-de","9":"first","10":"instock","11":"taxable","12":"shipping-taxable","13":"product-type-simple"},"yoast_head":"<!-- This site is optimized with the Yoast SEO plugin v27.5 - https:\/\/yoast.com\/product\/yoast-seo-wordpress\/ -->\n<title>Incident Client - FireWare<\/title>\n<meta name=\"robots\" content=\"index, follow, max-snippet:-1, max-image-preview:large, max-video-preview:-1\" \/>\n<link rel=\"canonical\" href=\"https:\/\/fireware.nl\/de\/product\/incident-client\/\" \/>\n<meta property=\"og:locale\" content=\"de_DE\" \/>\n<meta property=\"og:type\" content=\"article\" \/>\n<meta property=\"og:title\" content=\"Incident Client - FireWare\" \/>\n<meta property=\"og:description\" content=\"Erweitern Sie die Szenarien mit dem FireWare Incident Server praktisch endlos. Das Netzwerk vom Incident Server wird nur noch st\u00e4rker. Schlie\u00dfen Sie problemlos Audioger\u00e4te, Flammensimulatoren, Rauchmaschinen und sonstige Simulationsger\u00e4tschaften an. Es wird keine komplizierte Software ben\u00f6tigt. Anpassung als Richtlinie: Fordern Sie ein Angebot an oder vereinbaren Sie einen Showroom-Besuch, um den Incident Client live zu sehen\" \/>\n<meta property=\"og:url\" content=\"https:\/\/fireware.nl\/de\/product\/incident-client\/\" \/>\n<meta property=\"og:site_name\" content=\"FireWare\" \/>\n<meta property=\"article:publisher\" content=\"https:\/\/www.facebook.com\/FireWareBV\/\" \/>\n<meta property=\"article:modified_time\" content=\"2025-03-06T12:39:51+00:00\" \/>\n<meta property=\"og:image\" content=\"https:\/\/fireware.nl\/wp-content\/uploads\/2019\/10\/Incident-Client.jpg\" \/>\n\t<meta property=\"og:image:width\" content=\"600\" \/>\n\t<meta property=\"og:image:height\" content=\"600\" \/>\n\t<meta property=\"og:image:type\" content=\"image\/jpeg\" \/>\n<meta name=\"twitter:card\" content=\"summary_large_image\" \/>\n<meta name=\"twitter:site\" content=\"@FireWarebv\" \/>\n<meta name=\"twitter:label1\" content=\"Gesch\u00e4tzte Lesezeit\" \/>\n\t<meta name=\"twitter:data1\" content=\"3\u00a0Minuten\" \/>\n<script type=\"application\/ld+json\" class=\"yoast-schema-graph\">{\"@context\":\"https:\\\/\\\/schema.org\",\"@graph\":[{\"@type\":\"WebPage\",\"@id\":\"https:\\\/\\\/fireware.nl\\\/de\\\/product\\\/incident-client\\\/\",\"url\":\"https:\\\/\\\/fireware.nl\\\/de\\\/product\\\/incident-client\\\/\",\"name\":\"Incident Client - FireWare\",\"isPartOf\":{\"@id\":\"https:\\\/\\\/fireware.nl\\\/de\\\/#website\"},\"primaryImageOfPage\":{\"@id\":\"https:\\\/\\\/fireware.nl\\\/de\\\/product\\\/incident-client\\\/#primaryimage\"},\"image\":{\"@id\":\"https:\\\/\\\/fireware.nl\\\/de\\\/product\\\/incident-client\\\/#primaryimage\"},\"thumbnailUrl\":\"https:\\\/\\\/fireware.nl\\\/wp-content\\\/uploads\\\/2019\\\/10\\\/Incident-Client.jpg\",\"datePublished\":\"2019-10-18T11:57:41+00:00\",\"dateModified\":\"2025-03-06T12:39:51+00:00\",\"breadcrumb\":{\"@id\":\"https:\\\/\\\/fireware.nl\\\/de\\\/product\\\/incident-client\\\/#breadcrumb\"},\"inLanguage\":\"de\",\"potentialAction\":[{\"@type\":\"ReadAction\",\"target\":[\"https:\\\/\\\/fireware.nl\\\/de\\\/product\\\/incident-client\\\/\"]}]},{\"@type\":\"ImageObject\",\"inLanguage\":\"de\",\"@id\":\"https:\\\/\\\/fireware.nl\\\/de\\\/product\\\/incident-client\\\/#primaryimage\",\"url\":\"https:\\\/\\\/fireware.nl\\\/wp-content\\\/uploads\\\/2019\\\/10\\\/Incident-Client.jpg\",\"contentUrl\":\"https:\\\/\\\/fireware.nl\\\/wp-content\\\/uploads\\\/2019\\\/10\\\/Incident-Client.jpg\",\"width\":600,\"height\":600},{\"@type\":\"BreadcrumbList\",\"@id\":\"https:\\\/\\\/fireware.nl\\\/de\\\/product\\\/incident-client\\\/#breadcrumb\",\"itemListElement\":[{\"@type\":\"ListItem\",\"position\":1,\"name\":\"Home\",\"item\":\"https:\\\/\\\/fireware.nl\\\/de\\\/\"},{\"@type\":\"ListItem\",\"position\":2,\"name\":\"Produkte\",\"item\":\"https:\\\/\\\/fireware.nl\\\/de\\\/produkte\\\/\"},{\"@type\":\"ListItem\",\"position\":3,\"name\":\"Incident Client\"}]},{\"@type\":\"WebSite\",\"@id\":\"https:\\\/\\\/fireware.nl\\\/de\\\/#website\",\"url\":\"https:\\\/\\\/fireware.nl\\\/de\\\/\",\"name\":\"FireWare\",\"description\":\"CREATING REALISTIC  TRAINING ENVIRONMENTS\",\"publisher\":{\"@id\":\"https:\\\/\\\/fireware.nl\\\/de\\\/#organization\"},\"potentialAction\":[{\"@type\":\"SearchAction\",\"target\":{\"@type\":\"EntryPoint\",\"urlTemplate\":\"https:\\\/\\\/fireware.nl\\\/de\\\/?s={search_term_string}\"},\"query-input\":{\"@type\":\"PropertyValueSpecification\",\"valueRequired\":true,\"valueName\":\"search_term_string\"}}],\"inLanguage\":\"de\"},{\"@type\":\"Organization\",\"@id\":\"https:\\\/\\\/fireware.nl\\\/de\\\/#organization\",\"name\":\"FireWare\",\"url\":\"https:\\\/\\\/fireware.nl\\\/de\\\/\",\"logo\":{\"@type\":\"ImageObject\",\"inLanguage\":\"de\",\"@id\":\"https:\\\/\\\/fireware.nl\\\/de\\\/#\\\/schema\\\/logo\\\/image\\\/\",\"url\":\"https:\\\/\\\/fireware.nl\\\/wp-content\\\/uploads\\\/2018\\\/10\\\/FireWare-logo.jpg\",\"contentUrl\":\"https:\\\/\\\/fireware.nl\\\/wp-content\\\/uploads\\\/2018\\\/10\\\/FireWare-logo.jpg\",\"width\":171,\"height\":70,\"caption\":\"FireWare\"},\"image\":{\"@id\":\"https:\\\/\\\/fireware.nl\\\/de\\\/#\\\/schema\\\/logo\\\/image\\\/\"},\"sameAs\":[\"https:\\\/\\\/www.facebook.com\\\/FireWareBV\\\/\",\"https:\\\/\\\/x.com\\\/FireWarebv\",\"https:\\\/\\\/www.instagram.com\\\/fireware_nl\\\/\",\"https:\\\/\\\/www.linkedin.com\\\/company\\\/3586017\\\/\",\"https:\\\/\\\/www.youtube.com\\\/user\\\/firesalesrentconsult\"]}]}<\/script>\n<!-- \/ Yoast SEO plugin. -->","yoast_head_json":{"title":"Incident Client - FireWare","robots":{"index":"index","follow":"follow","max-snippet":"max-snippet:-1","max-image-preview":"max-image-preview:large","max-video-preview":"max-video-preview:-1"},"canonical":"https:\/\/fireware.nl\/de\/product\/incident-client\/","og_locale":"de_DE","og_type":"article","og_title":"Incident Client - FireWare","og_description":"Erweitern Sie die Szenarien mit dem FireWare Incident Server praktisch endlos. Das Netzwerk vom Incident Server wird nur noch st\u00e4rker. Schlie\u00dfen Sie problemlos Audioger\u00e4te, Flammensimulatoren, Rauchmaschinen und sonstige Simulationsger\u00e4tschaften an. Es wird keine komplizierte Software ben\u00f6tigt. Anpassung als Richtlinie: Fordern Sie ein Angebot an oder vereinbaren Sie einen Showroom-Besuch, um den Incident Client live zu sehen","og_url":"https:\/\/fireware.nl\/de\/product\/incident-client\/","og_site_name":"FireWare","article_publisher":"https:\/\/www.facebook.com\/FireWareBV\/","article_modified_time":"2025-03-06T12:39:51+00:00","og_image":[{"width":600,"height":600,"url":"https:\/\/fireware.nl\/wp-content\/uploads\/2019\/10\/Incident-Client.jpg","type":"image\/jpeg"}],"twitter_card":"summary_large_image","twitter_site":"@FireWarebv","twitter_misc":{"Gesch\u00e4tzte Lesezeit":"3\u00a0Minuten"},"schema":{"@context":"https:\/\/schema.org","@graph":[{"@type":"WebPage","@id":"https:\/\/fireware.nl\/de\/product\/incident-client\/","url":"https:\/\/fireware.nl\/de\/product\/incident-client\/","name":"Incident Client - FireWare","isPartOf":{"@id":"https:\/\/fireware.nl\/de\/#website"},"primaryImageOfPage":{"@id":"https:\/\/fireware.nl\/de\/product\/incident-client\/#primaryimage"},"image":{"@id":"https:\/\/fireware.nl\/de\/product\/incident-client\/#primaryimage"},"thumbnailUrl":"https:\/\/fireware.nl\/wp-content\/uploads\/2019\/10\/Incident-Client.jpg","datePublished":"2019-10-18T11:57:41+00:00","dateModified":"2025-03-06T12:39:51+00:00","breadcrumb":{"@id":"https:\/\/fireware.nl\/de\/product\/incident-client\/#breadcrumb"},"inLanguage":"de","potentialAction":[{"@type":"ReadAction","target":["https:\/\/fireware.nl\/de\/product\/incident-client\/"]}]},{"@type":"ImageObject","inLanguage":"de","@id":"https:\/\/fireware.nl\/de\/product\/incident-client\/#primaryimage","url":"https:\/\/fireware.nl\/wp-content\/uploads\/2019\/10\/Incident-Client.jpg","contentUrl":"https:\/\/fireware.nl\/wp-content\/uploads\/2019\/10\/Incident-Client.jpg","width":600,"height":600},{"@type":"BreadcrumbList","@id":"https:\/\/fireware.nl\/de\/product\/incident-client\/#breadcrumb","itemListElement":[{"@type":"ListItem","position":1,"name":"Home","item":"https:\/\/fireware.nl\/de\/"},{"@type":"ListItem","position":2,"name":"Produkte","item":"https:\/\/fireware.nl\/de\/produkte\/"},{"@type":"ListItem","position":3,"name":"Incident Client"}]},{"@type":"WebSite","@id":"https:\/\/fireware.nl\/de\/#website","url":"https:\/\/fireware.nl\/de\/","name":"FireWare","description":"CREATING REALISTIC  TRAINING ENVIRONMENTS","publisher":{"@id":"https:\/\/fireware.nl\/de\/#organization"},"potentialAction":[{"@type":"SearchAction","target":{"@type":"EntryPoint","urlTemplate":"https:\/\/fireware.nl\/de\/?s={search_term_string}"},"query-input":{"@type":"PropertyValueSpecification","valueRequired":true,"valueName":"search_term_string"}}],"inLanguage":"de"},{"@type":"Organization","@id":"https:\/\/fireware.nl\/de\/#organization","name":"FireWare","url":"https:\/\/fireware.nl\/de\/","logo":{"@type":"ImageObject","inLanguage":"de","@id":"https:\/\/fireware.nl\/de\/#\/schema\/logo\/image\/","url":"https:\/\/fireware.nl\/wp-content\/uploads\/2018\/10\/FireWare-logo.jpg","contentUrl":"https:\/\/fireware.nl\/wp-content\/uploads\/2018\/10\/FireWare-logo.jpg","width":171,"height":70,"caption":"FireWare"},"image":{"@id":"https:\/\/fireware.nl\/de\/#\/schema\/logo\/image\/"},"sameAs":["https:\/\/www.facebook.com\/FireWareBV\/","https:\/\/x.com\/FireWarebv","https:\/\/www.instagram.com\/fireware_nl\/","https:\/\/www.linkedin.com\/company\/3586017\/","https:\/\/www.youtube.com\/user\/firesalesrentconsult"]}]}},"publishpress_future_workflow_manual_trigger":{"enabledWorkflows":[]},"_links":{"self":[{"href":"https:\/\/fireware.nl\/de\/wp-json\/wp\/v2\/product\/36535","targetHints":{"allow":["GET"]}}],"collection":[{"href":"https:\/\/fireware.nl\/de\/wp-json\/wp\/v2\/product"}],"about":[{"href":"https:\/\/fireware.nl\/de\/wp-json\/wp\/v2\/types\/product"}],"wp:featuredmedia":[{"embeddable":true,"href":"https:\/\/fireware.nl\/de\/wp-json\/wp\/v2\/media\/36356"}],"wp:attachment":[{"href":"https:\/\/fireware.nl\/de\/wp-json\/wp\/v2\/media?parent=36535"}],"wp:term":[{"taxonomy":"product_brand","embeddable":true,"href":"https:\/\/fireware.nl\/de\/wp-json\/wp\/v2\/product_brand?post=36535"},{"taxonomy":"product_cat","embeddable":true,"href":"https:\/\/fireware.nl\/de\/wp-json\/wp\/v2\/product_cat?post=36535"},{"taxonomy":"product_tag","embeddable":true,"href":"https:\/\/fireware.nl\/de\/wp-json\/wp\/v2\/product_tag?post=36535"}],"curies":[{"name":"wp","href":"https:\/\/api.w.org\/{rel}","templated":true}]}}