
{"id":36538,"date":"2019-10-18T11:37:31","date_gmt":"2019-10-18T11:37:31","guid":{"rendered":"https:\/\/fireware.nl\/product\/fireware-incident-server\/"},"modified":"2025-03-06T13:48:22","modified_gmt":"2025-03-06T13:48:22","slug":"incident-server","status":"publish","type":"product","link":"https:\/\/fireware.nl\/de\/product\/incident-server\/","title":{"rendered":"Incident Server"},"content":{"rendered":"\r\n<p>Wie w\u00e4re es, wenn Sie alle Simulationsger\u00e4te w\u00e4hrend einer \u00dcbung mit einer einzigen drahtlosen Fernbedienung steuern k\u00f6nnten? Und wie w\u00e4re es, wenn Sie sich voll auf die Wahrnehmung des Lehrgangsteilnehmers in einem komplexen Szenario konzentrieren k\u00f6nnen, das Sie selbst vorprogrammiert haben? Mit dem FireWare Incident Server ist das m\u00f6glich!<\/p>\r\n<h2>Was kann der Incident Server?<\/h2>\r\n<p>Der Incident-Server sorgt daf\u00fcr, dass der Ausbilder alle Parameter einer Inszenierung drahtlos \u00fcber ein Tablet bedienen kann. Denken Sie dabei an <a href=\"https:\/\/fireware.nl\/de\/produkt-kategorie\/geraeusch\/\">Soundeffekte<\/a>, <a href=\"https:\/\/fireware.nl\/de\/produkt-kategorie\/simuliertes-feuer\/\">Flammensimulationen<\/a> und Rauchmaschinen, die f\u00fcr ein realistisches Szenario sorgen. Der Ausbilder kann die \u00dcbung mithilfe der eingebauten Webcam aus der Ferne verfolgen.<\/p>\r\n<p>Mithilfe der zus\u00e4tzlichen Ein- und Ausg\u00e4nge k\u00f6nnen mit dem Incident Server sowohl mehr Effekte angesteuert als auch mehr Sensoren eingelesen werden. Des Weiteren ist der Incident-Server mit einem \u00dcbungs-Gasmessger\u00e4t, einem digitalen \u00dcbungs-AED und einer digitalen \u00dcbungs-Brandmeldezentrale ausgestattet. Kurz gesagt: mit allem, um eine \u00dcbung realistisch, dynamisch und interaktiv zu machen!<\/p>\r\n<h2>Wie funktioniert der Incident Server?<\/h2>\r\n<p>Der Incident Server arbeitet mit Netzstrom. Verschiedene \u00dcbungsger\u00e4tschaften wie Silkflames, Lautsprecher und <a href=\"https:\/\/fireware.nl\/de\/produkt-kategorie\/nebel\/nebelgeraete\/\">Rauchmaschinen<\/a> k\u00f6nnen problemlos an den Incident Server angeschlossen werden. Im Allgemeinen sind Ihre aktuell vorhandenen \u00dcbungsger\u00e4tschaften hierf\u00fcr geeignet. In diesem Fall brauchen Sie sich keine neuen \u00dcbungsger\u00e4tschaften zu beschaffen!<\/p>\r\n<p>Der Incident Server selbst schafft ein WLAN-Netzwerk, in das sich der Ausbilder einloggen kann. Es ist keine komplizierte Software erforderlich. M\u00f6chten Sie die Anlage gleichzeitig mit mehreren Personen bedienen? Das ist \u00fcberhaupt kein Problem! Es ist m\u00f6glich, dass Beobachter sich am System anmelden und ihnen eine Unteraufgabe zugewiesen wird. Dank des eingebauten 4G-Modems sind auch Fernwartung und -support m\u00f6glich.<\/p>\r\n<h2>Zwischenf\u00e4lle selbst programmieren<\/h2>\r\n<p>Die besten \u00dcbungen sind interaktiv. Die Handlungen der \u00dcbungsteilnehmer haben einen positiven oder negativen Effekt. Dies ist f\u00fcr den Ausbilder eine Herausforderung was die Bedienung der \u00dcbungsger\u00e4tschaften angeht. Es kann viel gleichzeitig passieren! Das Opfer wurde gefunden, sodass das Ger\u00e4usch sofort abgeschaltet werden muss. Oder stellen Sie sich ein Szenario mit dem Einsatz von Wasser vor. Schalten Sie die Rauchmaschinen mit voller Kraft ein, um die Dampfbildung zu simulieren. Reduzieren Sie danach die Rauchbildung, machen Sie gleichzeitig das Brandger\u00e4usch leiser, verringern Sie die Flammensimulation und lassen Sie m\u00f6glicherweise ein Einsturzger\u00e4usch erklingen. Wie sch\u00f6n w\u00e4re es, wenn all diese Aktionen zu einem sprichw\u00f6rtlichen Knopfdruck kombiniert werden k\u00f6nnten? Der Incident Server bietet daf\u00fcr eine L\u00f6sung!<\/p>\r\n<h2>Maximale Lernergebnisse f\u00fcr den Teilnehmer<\/h2>\r\n<p>F\u00fcr den Ausbilder ist es eine gute Sache, \u00fcber eine \u00dcbersicht \u00fcber eine komplexe Inszenierung zu verf\u00fcgen. Der Incident Server bietet diese \u00dcbersicht. Alle Inszenierungsger\u00e4te werden zentral fernbedient. Es ist weniger Aufmerksamkeit f\u00fcr die Bedienung der Apparatur notwendig. Damit kann eine dynamische, realistische Inszenierung \u00fcbersichtlich angelegt und somit ein maximales Lernergebnis f\u00fcr den Teilnehmer erreicht werden. Dadurch kann sich die Aufmerksamkeit des Ausbilders auf seine wichtigste Aufgabe konzentrieren: unterrichten!<\/p>\r\n<h2>Ist der Incident Server das Richtige f\u00fcr Sie?<\/h2>\r\n<p>Der Incident Server erstellt ein drahtloses WiFi-Netzwerk, das es dem Ausbilder erm\u00f6glicht, Simulationsger\u00e4te wie Rauchgeneratoren, Flammensimulationen und Soundeffekte \u00fcber ein Tablet kabellos zu steuern. Dies erm\u00f6glicht die Echtzeitbeobachtung der \u00dcbung. Mit zus\u00e4tzlichen Anschl\u00fcssen und integrierten digitalen Simulatoren sorgt der Incident Server f\u00fcr eine dynamische, interaktive und realistische Simulation f\u00fcr maximale Lernergebnisse. Ben\u00f6tigen Sie mehr Anschl\u00fcsse f\u00fcr ein komplexes Szenario?<\/p>\r\n<p>Erweitern Sie Ihr System ganz einfach mit dem FireWare Incident Client, der die Kapazit\u00e4t erh\u00f6ht und das Netzwerk f\u00fcr noch mehr Flexibilit\u00e4t und Skalierbarkeit verst\u00e4rkt. <strong><a href=\"https:\/\/fireware.nl\/de\/kontakt\/\" target=\"_blank\" rel=\"noopener\">Kontaktieren Sie uns f\u00fcr ein individuelles Angebot oder vereinbaren Sie einen Showroom-Besuch<\/a>, um den Incident Server (und den <a href=\"https:\/\/fireware.nl\/de\/product\/incident-client\/\" target=\"_blank\" rel=\"noopener\">Incident Client<\/a>) live zu erleben!<\/strong><\/p>\r\n<h3>Anschl\u00fcsse:<\/h3>\r\n<ul>\r\n<li>1x Rauchmaschinen-Steuerausgang 0-10V<\/li>\r\n<li>1x Rauchmaschinenausgang ein \/ aus<\/li>\r\n<li>4x universeller Ausgang<\/li>\r\n<li>4x universeller Sensoreingang<\/li>\r\n<li>1x Rauchmaschine Versorgungsspannung 230V<\/li>\r\n<li>1x Flammeneffekt 230V<\/li>\r\n<li>1x Erweiterung des Flammeneffekts 230V<\/li>\r\n<li>1x zus\u00e4tzlicher Effekt 230V<\/li>\r\n<li>1x Lautsprecherausgang<\/li>\r\n<li>1x Webcam<\/li>\r\n<li>1x Netzwerkanschluss f\u00fcr Erweiterungsmodule<\/li>\r\n<li>1x Versorgungsspannung<\/li>\r\n<\/ul>\r\n<h3>Eingebaute digitale Simulatoren:<\/h3>\r\n<ul>\r\n<li>\u00dcbungs-Gasmessger\u00e4t LEL \/ CO \/ H<sub>2<\/sub>S \/ O<sub>2<\/sub><\/li>\r\n<li>\u00dcbungs-AED-Automat \/ Halbautomat \/ leere Batterie \/ Kind \/ Erwachsene<\/li>\r\n<li>\u00dcbungs-BMZ<\/li>\r\n<\/ul>\r\n<h3>Sehen Sie sich das Video an<\/h3>\r\n<p><iframe loading=\"lazy\" src=\"https:\/\/player.vimeo.com\/video\/348582347\" width=\"640\" height=\"360\" frameborder=\"0\" allowfullscreen=\"allowfullscreen\"><\/iframe><\/p>\r\n","protected":false},"excerpt":{"rendered":"<ul>\n<li style=\"list-style-type: none;\">\n<ul>\n<li>Drahtlose zentrale Ansteuerung des gesamten (vorprogrammierten) Szenarios.<\/li>\n<li>Dynamische, interaktive \u00dcbungen ferngesteuert mit auf Knopfdruck.<\/li>\n<li>Schlie\u00dfen Sie problemlos Audioger\u00e4te, Flammensimulatoren, Rauchmaschinen und sonstige Simulationsger\u00e4tschaften an.<\/li>\n<li>Die ganze Aufmerksamkeit richtet sich auf die Wahrnehmung des \u00dcbungsteilnehmers: maximales Lernergebnis.<\/li>\n<li>Gleichzeitig durch mehrere Beobachter bedienbar.<\/li>\n<li>Es wird keine komplizierte Software ben\u00f6tigt.<\/li>\n<li>F\u00fcr komplexere Szenarien: erweitern Sie das System mit <a href=\"https:\/\/fireware.nl\/de\/produkt\/fireware-incident-client\/\">Incident Clients<\/a>.<\/li>\n<li><strong>Anpassung als Richtlinie: <a href=\"https:\/\/fireware.nl\/de\/kontakt\/\" target=\"_blank\" rel=\"noopener\">Fordern Sie ein Angebot an oder vereinbaren Sie einen Showroom-Besuch<\/a>, um den Incident Server live zu sehen<\/strong><\/li>\n<\/ul>\n<\/li>\n<\/ul>\n","protected":false},"featured_media":36360,"template":"","meta":[],"product_brand":[],"product_cat":[2172],"product_tag":[],"class_list":{"0":"post-36538","1":"product","2":"type-product","3":"status-publish","4":"has-post-thumbnail","6":"product_cat-interaktive-trainingserfahrungen","7":"pa_afmeting-60-x-40-x-23-cm-de","9":"first","10":"instock","11":"taxable","12":"shipping-taxable","13":"product-type-simple"},"yoast_head":"<!-- This site is optimized with the Yoast SEO plugin v27.5 - https:\/\/yoast.com\/product\/yoast-seo-wordpress\/ -->\n<title>Incident Server - FireWare<\/title>\n<meta name=\"robots\" content=\"index, follow, max-snippet:-1, max-image-preview:large, max-video-preview:-1\" \/>\n<link rel=\"canonical\" href=\"https:\/\/fireware.nl\/de\/product\/incident-server\/\" \/>\n<meta property=\"og:locale\" content=\"de_DE\" \/>\n<meta property=\"og:type\" content=\"article\" \/>\n<meta property=\"og:title\" content=\"Incident Server - FireWare\" \/>\n<meta property=\"og:description\" content=\"Drahtlose zentrale Ansteuerung des gesamten (vorprogrammierten) Szenarios. Dynamische, interaktive \u00dcbungen ferngesteuert mit auf Knopfdruck. Schlie\u00dfen Sie problemlos Audioger\u00e4te, Flammensimulatoren, Rauchmaschinen und sonstige Simulationsger\u00e4tschaften an. Die ganze Aufmerksamkeit richtet sich auf die Wahrnehmung des \u00dcbungsteilnehmers: maximales Lernergebnis. Gleichzeitig durch mehrere Beobachter bedienbar. Es wird keine komplizierte Software ben\u00f6tigt. F\u00fcr komplexere Szenarien: erweitern Sie das System mit Incident Clients. Anpassung als Richtlinie: Fordern Sie ein Angebot an oder vereinbaren Sie einen Showroom-Besuch, um den Incident Server live zu sehen\" \/>\n<meta property=\"og:url\" content=\"https:\/\/fireware.nl\/de\/product\/incident-server\/\" \/>\n<meta property=\"og:site_name\" content=\"FireWare\" \/>\n<meta property=\"article:publisher\" content=\"https:\/\/www.facebook.com\/FireWareBV\/\" \/>\n<meta property=\"article:modified_time\" content=\"2025-03-06T13:48:22+00:00\" \/>\n<meta property=\"og:image\" content=\"https:\/\/fireware.nl\/wp-content\/uploads\/2019\/10\/Incident-Server.jpg\" \/>\n\t<meta property=\"og:image:width\" content=\"600\" \/>\n\t<meta property=\"og:image:height\" content=\"600\" \/>\n\t<meta property=\"og:image:type\" content=\"image\/jpeg\" \/>\n<meta name=\"twitter:card\" content=\"summary_large_image\" \/>\n<meta name=\"twitter:site\" content=\"@FireWarebv\" \/>\n<meta name=\"twitter:label1\" content=\"Gesch\u00e4tzte Lesezeit\" \/>\n\t<meta name=\"twitter:data1\" content=\"4\u00a0Minuten\" \/>\n<script type=\"application\/ld+json\" class=\"yoast-schema-graph\">{\"@context\":\"https:\\\/\\\/schema.org\",\"@graph\":[{\"@type\":\"WebPage\",\"@id\":\"https:\\\/\\\/fireware.nl\\\/de\\\/product\\\/incident-server\\\/\",\"url\":\"https:\\\/\\\/fireware.nl\\\/de\\\/product\\\/incident-server\\\/\",\"name\":\"Incident Server - FireWare\",\"isPartOf\":{\"@id\":\"https:\\\/\\\/fireware.nl\\\/de\\\/#website\"},\"primaryImageOfPage\":{\"@id\":\"https:\\\/\\\/fireware.nl\\\/de\\\/product\\\/incident-server\\\/#primaryimage\"},\"image\":{\"@id\":\"https:\\\/\\\/fireware.nl\\\/de\\\/product\\\/incident-server\\\/#primaryimage\"},\"thumbnailUrl\":\"https:\\\/\\\/fireware.nl\\\/wp-content\\\/uploads\\\/2019\\\/10\\\/Incident-Server.jpg\",\"datePublished\":\"2019-10-18T11:37:31+00:00\",\"dateModified\":\"2025-03-06T13:48:22+00:00\",\"breadcrumb\":{\"@id\":\"https:\\\/\\\/fireware.nl\\\/de\\\/product\\\/incident-server\\\/#breadcrumb\"},\"inLanguage\":\"de\",\"potentialAction\":[{\"@type\":\"ReadAction\",\"target\":[\"https:\\\/\\\/fireware.nl\\\/de\\\/product\\\/incident-server\\\/\"]}]},{\"@type\":\"ImageObject\",\"inLanguage\":\"de\",\"@id\":\"https:\\\/\\\/fireware.nl\\\/de\\\/product\\\/incident-server\\\/#primaryimage\",\"url\":\"https:\\\/\\\/fireware.nl\\\/wp-content\\\/uploads\\\/2019\\\/10\\\/Incident-Server.jpg\",\"contentUrl\":\"https:\\\/\\\/fireware.nl\\\/wp-content\\\/uploads\\\/2019\\\/10\\\/Incident-Server.jpg\",\"width\":600,\"height\":600},{\"@type\":\"BreadcrumbList\",\"@id\":\"https:\\\/\\\/fireware.nl\\\/de\\\/product\\\/incident-server\\\/#breadcrumb\",\"itemListElement\":[{\"@type\":\"ListItem\",\"position\":1,\"name\":\"Home\",\"item\":\"https:\\\/\\\/fireware.nl\\\/de\\\/\"},{\"@type\":\"ListItem\",\"position\":2,\"name\":\"Produkte\",\"item\":\"https:\\\/\\\/fireware.nl\\\/de\\\/produkte\\\/\"},{\"@type\":\"ListItem\",\"position\":3,\"name\":\"Incident Server\"}]},{\"@type\":\"WebSite\",\"@id\":\"https:\\\/\\\/fireware.nl\\\/de\\\/#website\",\"url\":\"https:\\\/\\\/fireware.nl\\\/de\\\/\",\"name\":\"FireWare\",\"description\":\"CREATING REALISTIC  TRAINING ENVIRONMENTS\",\"publisher\":{\"@id\":\"https:\\\/\\\/fireware.nl\\\/de\\\/#organization\"},\"potentialAction\":[{\"@type\":\"SearchAction\",\"target\":{\"@type\":\"EntryPoint\",\"urlTemplate\":\"https:\\\/\\\/fireware.nl\\\/de\\\/?s={search_term_string}\"},\"query-input\":{\"@type\":\"PropertyValueSpecification\",\"valueRequired\":true,\"valueName\":\"search_term_string\"}}],\"inLanguage\":\"de\"},{\"@type\":\"Organization\",\"@id\":\"https:\\\/\\\/fireware.nl\\\/de\\\/#organization\",\"name\":\"FireWare\",\"url\":\"https:\\\/\\\/fireware.nl\\\/de\\\/\",\"logo\":{\"@type\":\"ImageObject\",\"inLanguage\":\"de\",\"@id\":\"https:\\\/\\\/fireware.nl\\\/de\\\/#\\\/schema\\\/logo\\\/image\\\/\",\"url\":\"https:\\\/\\\/fireware.nl\\\/wp-content\\\/uploads\\\/2018\\\/10\\\/FireWare-logo.jpg\",\"contentUrl\":\"https:\\\/\\\/fireware.nl\\\/wp-content\\\/uploads\\\/2018\\\/10\\\/FireWare-logo.jpg\",\"width\":171,\"height\":70,\"caption\":\"FireWare\"},\"image\":{\"@id\":\"https:\\\/\\\/fireware.nl\\\/de\\\/#\\\/schema\\\/logo\\\/image\\\/\"},\"sameAs\":[\"https:\\\/\\\/www.facebook.com\\\/FireWareBV\\\/\",\"https:\\\/\\\/x.com\\\/FireWarebv\",\"https:\\\/\\\/www.instagram.com\\\/fireware_nl\\\/\",\"https:\\\/\\\/www.linkedin.com\\\/company\\\/3586017\\\/\",\"https:\\\/\\\/www.youtube.com\\\/user\\\/firesalesrentconsult\"]}]}<\/script>\n<!-- \/ Yoast SEO plugin. -->","yoast_head_json":{"title":"Incident Server - FireWare","robots":{"index":"index","follow":"follow","max-snippet":"max-snippet:-1","max-image-preview":"max-image-preview:large","max-video-preview":"max-video-preview:-1"},"canonical":"https:\/\/fireware.nl\/de\/product\/incident-server\/","og_locale":"de_DE","og_type":"article","og_title":"Incident Server - FireWare","og_description":"Drahtlose zentrale Ansteuerung des gesamten (vorprogrammierten) Szenarios. Dynamische, interaktive \u00dcbungen ferngesteuert mit auf Knopfdruck. Schlie\u00dfen Sie problemlos Audioger\u00e4te, Flammensimulatoren, Rauchmaschinen und sonstige Simulationsger\u00e4tschaften an. Die ganze Aufmerksamkeit richtet sich auf die Wahrnehmung des \u00dcbungsteilnehmers: maximales Lernergebnis. Gleichzeitig durch mehrere Beobachter bedienbar. Es wird keine komplizierte Software ben\u00f6tigt. F\u00fcr komplexere Szenarien: erweitern Sie das System mit Incident Clients. Anpassung als Richtlinie: Fordern Sie ein Angebot an oder vereinbaren Sie einen Showroom-Besuch, um den Incident Server live zu sehen","og_url":"https:\/\/fireware.nl\/de\/product\/incident-server\/","og_site_name":"FireWare","article_publisher":"https:\/\/www.facebook.com\/FireWareBV\/","article_modified_time":"2025-03-06T13:48:22+00:00","og_image":[{"width":600,"height":600,"url":"https:\/\/fireware.nl\/wp-content\/uploads\/2019\/10\/Incident-Server.jpg","type":"image\/jpeg"}],"twitter_card":"summary_large_image","twitter_site":"@FireWarebv","twitter_misc":{"Gesch\u00e4tzte Lesezeit":"4\u00a0Minuten"},"schema":{"@context":"https:\/\/schema.org","@graph":[{"@type":"WebPage","@id":"https:\/\/fireware.nl\/de\/product\/incident-server\/","url":"https:\/\/fireware.nl\/de\/product\/incident-server\/","name":"Incident Server - FireWare","isPartOf":{"@id":"https:\/\/fireware.nl\/de\/#website"},"primaryImageOfPage":{"@id":"https:\/\/fireware.nl\/de\/product\/incident-server\/#primaryimage"},"image":{"@id":"https:\/\/fireware.nl\/de\/product\/incident-server\/#primaryimage"},"thumbnailUrl":"https:\/\/fireware.nl\/wp-content\/uploads\/2019\/10\/Incident-Server.jpg","datePublished":"2019-10-18T11:37:31+00:00","dateModified":"2025-03-06T13:48:22+00:00","breadcrumb":{"@id":"https:\/\/fireware.nl\/de\/product\/incident-server\/#breadcrumb"},"inLanguage":"de","potentialAction":[{"@type":"ReadAction","target":["https:\/\/fireware.nl\/de\/product\/incident-server\/"]}]},{"@type":"ImageObject","inLanguage":"de","@id":"https:\/\/fireware.nl\/de\/product\/incident-server\/#primaryimage","url":"https:\/\/fireware.nl\/wp-content\/uploads\/2019\/10\/Incident-Server.jpg","contentUrl":"https:\/\/fireware.nl\/wp-content\/uploads\/2019\/10\/Incident-Server.jpg","width":600,"height":600},{"@type":"BreadcrumbList","@id":"https:\/\/fireware.nl\/de\/product\/incident-server\/#breadcrumb","itemListElement":[{"@type":"ListItem","position":1,"name":"Home","item":"https:\/\/fireware.nl\/de\/"},{"@type":"ListItem","position":2,"name":"Produkte","item":"https:\/\/fireware.nl\/de\/produkte\/"},{"@type":"ListItem","position":3,"name":"Incident Server"}]},{"@type":"WebSite","@id":"https:\/\/fireware.nl\/de\/#website","url":"https:\/\/fireware.nl\/de\/","name":"FireWare","description":"CREATING REALISTIC  TRAINING ENVIRONMENTS","publisher":{"@id":"https:\/\/fireware.nl\/de\/#organization"},"potentialAction":[{"@type":"SearchAction","target":{"@type":"EntryPoint","urlTemplate":"https:\/\/fireware.nl\/de\/?s={search_term_string}"},"query-input":{"@type":"PropertyValueSpecification","valueRequired":true,"valueName":"search_term_string"}}],"inLanguage":"de"},{"@type":"Organization","@id":"https:\/\/fireware.nl\/de\/#organization","name":"FireWare","url":"https:\/\/fireware.nl\/de\/","logo":{"@type":"ImageObject","inLanguage":"de","@id":"https:\/\/fireware.nl\/de\/#\/schema\/logo\/image\/","url":"https:\/\/fireware.nl\/wp-content\/uploads\/2018\/10\/FireWare-logo.jpg","contentUrl":"https:\/\/fireware.nl\/wp-content\/uploads\/2018\/10\/FireWare-logo.jpg","width":171,"height":70,"caption":"FireWare"},"image":{"@id":"https:\/\/fireware.nl\/de\/#\/schema\/logo\/image\/"},"sameAs":["https:\/\/www.facebook.com\/FireWareBV\/","https:\/\/x.com\/FireWarebv","https:\/\/www.instagram.com\/fireware_nl\/","https:\/\/www.linkedin.com\/company\/3586017\/","https:\/\/www.youtube.com\/user\/firesalesrentconsult"]}]}},"publishpress_future_workflow_manual_trigger":{"enabledWorkflows":[]},"_links":{"self":[{"href":"https:\/\/fireware.nl\/de\/wp-json\/wp\/v2\/product\/36538","targetHints":{"allow":["GET"]}}],"collection":[{"href":"https:\/\/fireware.nl\/de\/wp-json\/wp\/v2\/product"}],"about":[{"href":"https:\/\/fireware.nl\/de\/wp-json\/wp\/v2\/types\/product"}],"wp:featuredmedia":[{"embeddable":true,"href":"https:\/\/fireware.nl\/de\/wp-json\/wp\/v2\/media\/36360"}],"wp:attachment":[{"href":"https:\/\/fireware.nl\/de\/wp-json\/wp\/v2\/media?parent=36538"}],"wp:term":[{"taxonomy":"product_brand","embeddable":true,"href":"https:\/\/fireware.nl\/de\/wp-json\/wp\/v2\/product_brand?post=36538"},{"taxonomy":"product_cat","embeddable":true,"href":"https:\/\/fireware.nl\/de\/wp-json\/wp\/v2\/product_cat?post=36538"},{"taxonomy":"product_tag","embeddable":true,"href":"https:\/\/fireware.nl\/de\/wp-json\/wp\/v2\/product_tag?post=36538"}],"curies":[{"name":"wp","href":"https:\/\/api.w.org\/{rel}","templated":true}]}}