
{"id":36815,"date":"2019-11-04T10:00:54","date_gmt":"2019-11-04T10:00:54","guid":{"rendered":"https:\/\/fireware.nl\/product\/verlangerungskabel-fernbedienung-fireware-vesta\/"},"modified":"2022-01-24T14:30:38","modified_gmt":"2022-01-24T14:30:38","slug":"verlangerungskabel-fernbedienung-vesta","status":"publish","type":"product","link":"https:\/\/fireware.nl\/de\/produkt\/verlangerungskabel-fernbedienung-vesta\/","title":{"rendered":"Verl\u00e4ngerungskabel Fernbedienung Vesta"},"content":{"rendered":"<h2>Verl\u00e4ngern Sie das Kabel Ihres L\u00f6schtrainer<\/h2>\n<p>Mit dem Verl\u00e4ngerungskabel verl\u00e4ngern Sie das Kabel der <a href=\"https:\/\/fireware.nl\/de\/produkt\/vesta-loeschtrainer\/\">FireWare Vesta<\/a> L\u00f6schtrainers auf einfache Weise. Der Vesta wird mit einem 7 Meter langen Kabel geliefert. Mit diese Verl\u00e4ngerungskabel von 10 Meter machen Sie das Kabel der Vesta mal eben 17 Meter lang.<\/p>\n<p>Ab und zu ist es praktisch, das Kabel der Vesta zu verl\u00e4ngern. Zum Beispiel dann, wenn Sie mit dem zus\u00e4tzlichen <a href=\"https:\/\/fireware.nl\/de\/produkt\/add-on-knallkorb\/\">Add-on Knallkorb<\/a> arbeiten. Mithilfe des Verl\u00e4ngerungskabels sorgen Sie f\u00fcr mehr Abstand bei der Z\u00fcndung. Damit wahren Sie Ihre Sicherheit und die des Lehrgangsteilnehmers.<\/p>\n","protected":false},"excerpt":{"rendered":"<ul>\n<li>Verl\u00e4ngerungskabel mit einer L\u00e4nge von 10 Meter f\u00fcr der <a href=\"https:\/\/fireware.nl\/de\/produkt\/vesta-loeschtrainer\/\">FireWare Vesta<\/a>.<\/li>\n<li>F\u00fcr mehr Abstand bei der Z\u00fcndung Ihres L\u00f6schtrainers.<\/li>\n<\/ul>\n","protected":false},"featured_media":36814,"template":"","meta":[],"product_brand":[],"product_cat":[71],"product_tag":[],"class_list":{"0":"post-36815","1":"product","2":"type-product","3":"status-publish","4":"has-post-thumbnail","6":"product_cat-loeschtrainer","8":"first","9":"instock","10":"taxable","11":"shipping-taxable","12":"purchasable","13":"product-type-simple"},"yoast_head":"<!-- This site is optimized with the Yoast SEO plugin v27.5 - https:\/\/yoast.com\/product\/yoast-seo-wordpress\/ -->\n<title>Verl\u00e4ngerungskabel Fernbedienung Vesta 10 Meter - FireWare<\/title>\n<meta name=\"description\" content=\"Mithilfe des Verl\u00e4ngerungskabels sorgen Sie f\u00fcr mehr Abstand bei der Z\u00fcndung. Damit wahren Sie Ihre Sicherheit und die der Auszubildenden.\" \/>\n<meta name=\"robots\" content=\"index, follow, max-snippet:-1, max-image-preview:large, max-video-preview:-1\" \/>\n<link rel=\"canonical\" href=\"https:\/\/fireware.nl\/de\/produkt\/verlangerungskabel-fernbedienung-vesta\/\" \/>\n<meta property=\"og:locale\" content=\"de_DE\" \/>\n<meta property=\"og:type\" content=\"article\" \/>\n<meta property=\"og:title\" content=\"Verl\u00e4ngerungskabel Fernbedienung Vesta 10 Meter - FireWare\" \/>\n<meta property=\"og:description\" content=\"Mithilfe des Verl\u00e4ngerungskabels sorgen Sie f\u00fcr mehr Abstand bei der Z\u00fcndung. Damit wahren Sie Ihre Sicherheit und die der Auszubildenden.\" \/>\n<meta property=\"og:url\" content=\"https:\/\/fireware.nl\/de\/produkt\/verlangerungskabel-fernbedienung-vesta\/\" \/>\n<meta property=\"og:site_name\" content=\"FireWare\" \/>\n<meta property=\"article:publisher\" content=\"https:\/\/www.facebook.com\/FireWareBV\/\" \/>\n<meta property=\"article:modified_time\" content=\"2022-01-24T14:30:38+00:00\" \/>\n<meta property=\"og:image\" content=\"https:\/\/fireware.nl\/wp-content\/uploads\/2019\/11\/061-012-081-Verlengkabel-Vesta.jpg\" \/>\n\t<meta property=\"og:image:width\" content=\"600\" \/>\n\t<meta property=\"og:image:height\" content=\"600\" \/>\n\t<meta property=\"og:image:type\" content=\"image\/jpeg\" \/>\n<meta name=\"twitter:card\" content=\"summary_large_image\" \/>\n<meta name=\"twitter:site\" content=\"@FireWarebv\" \/>\n<script type=\"application\/ld+json\" class=\"yoast-schema-graph\">{\"@context\":\"https:\\\/\\\/schema.org\",\"@graph\":[{\"@type\":\"WebPage\",\"@id\":\"https:\\\/\\\/fireware.nl\\\/de\\\/produkt\\\/verlangerungskabel-fernbedienung-vesta\\\/\",\"url\":\"https:\\\/\\\/fireware.nl\\\/de\\\/produkt\\\/verlangerungskabel-fernbedienung-vesta\\\/\",\"name\":\"Verl\u00e4ngerungskabel Fernbedienung Vesta 10 Meter - FireWare\",\"isPartOf\":{\"@id\":\"https:\\\/\\\/fireware.nl\\\/de\\\/#website\"},\"primaryImageOfPage\":{\"@id\":\"https:\\\/\\\/fireware.nl\\\/de\\\/produkt\\\/verlangerungskabel-fernbedienung-vesta\\\/#primaryimage\"},\"image\":{\"@id\":\"https:\\\/\\\/fireware.nl\\\/de\\\/produkt\\\/verlangerungskabel-fernbedienung-vesta\\\/#primaryimage\"},\"thumbnailUrl\":\"https:\\\/\\\/fireware.nl\\\/wp-content\\\/uploads\\\/2019\\\/11\\\/061-012-081-Verlengkabel-Vesta.jpg\",\"datePublished\":\"2019-11-04T10:00:54+00:00\",\"dateModified\":\"2022-01-24T14:30:38+00:00\",\"description\":\"Mithilfe des Verl\u00e4ngerungskabels sorgen Sie f\u00fcr mehr Abstand bei der Z\u00fcndung. Damit wahren Sie Ihre Sicherheit und die der Auszubildenden.\",\"breadcrumb\":{\"@id\":\"https:\\\/\\\/fireware.nl\\\/de\\\/produkt\\\/verlangerungskabel-fernbedienung-vesta\\\/#breadcrumb\"},\"inLanguage\":\"de\",\"potentialAction\":[{\"@type\":\"ReadAction\",\"target\":[\"https:\\\/\\\/fireware.nl\\\/de\\\/produkt\\\/verlangerungskabel-fernbedienung-vesta\\\/\"]}]},{\"@type\":\"ImageObject\",\"inLanguage\":\"de\",\"@id\":\"https:\\\/\\\/fireware.nl\\\/de\\\/produkt\\\/verlangerungskabel-fernbedienung-vesta\\\/#primaryimage\",\"url\":\"https:\\\/\\\/fireware.nl\\\/wp-content\\\/uploads\\\/2019\\\/11\\\/061-012-081-Verlengkabel-Vesta.jpg\",\"contentUrl\":\"https:\\\/\\\/fireware.nl\\\/wp-content\\\/uploads\\\/2019\\\/11\\\/061-012-081-Verlengkabel-Vesta.jpg\",\"width\":600,\"height\":600},{\"@type\":\"BreadcrumbList\",\"@id\":\"https:\\\/\\\/fireware.nl\\\/de\\\/produkt\\\/verlangerungskabel-fernbedienung-vesta\\\/#breadcrumb\",\"itemListElement\":[{\"@type\":\"ListItem\",\"position\":1,\"name\":\"Home\",\"item\":\"https:\\\/\\\/fireware.nl\\\/de\\\/\"},{\"@type\":\"ListItem\",\"position\":2,\"name\":\"Produkte\",\"item\":\"https:\\\/\\\/fireware.nl\\\/de\\\/produkte\\\/\"},{\"@type\":\"ListItem\",\"position\":3,\"name\":\"Verl\u00e4ngerungskabel Fernbedienung Vesta\"}]},{\"@type\":\"WebSite\",\"@id\":\"https:\\\/\\\/fireware.nl\\\/de\\\/#website\",\"url\":\"https:\\\/\\\/fireware.nl\\\/de\\\/\",\"name\":\"FireWare\",\"description\":\"CREATING REALISTIC  TRAINING ENVIRONMENTS\",\"publisher\":{\"@id\":\"https:\\\/\\\/fireware.nl\\\/de\\\/#organization\"},\"potentialAction\":[{\"@type\":\"SearchAction\",\"target\":{\"@type\":\"EntryPoint\",\"urlTemplate\":\"https:\\\/\\\/fireware.nl\\\/de\\\/?s={search_term_string}\"},\"query-input\":{\"@type\":\"PropertyValueSpecification\",\"valueRequired\":true,\"valueName\":\"search_term_string\"}}],\"inLanguage\":\"de\"},{\"@type\":\"Organization\",\"@id\":\"https:\\\/\\\/fireware.nl\\\/de\\\/#organization\",\"name\":\"FireWare\",\"url\":\"https:\\\/\\\/fireware.nl\\\/de\\\/\",\"logo\":{\"@type\":\"ImageObject\",\"inLanguage\":\"de\",\"@id\":\"https:\\\/\\\/fireware.nl\\\/de\\\/#\\\/schema\\\/logo\\\/image\\\/\",\"url\":\"https:\\\/\\\/fireware.nl\\\/wp-content\\\/uploads\\\/2018\\\/10\\\/FireWare-logo.jpg\",\"contentUrl\":\"https:\\\/\\\/fireware.nl\\\/wp-content\\\/uploads\\\/2018\\\/10\\\/FireWare-logo.jpg\",\"width\":171,\"height\":70,\"caption\":\"FireWare\"},\"image\":{\"@id\":\"https:\\\/\\\/fireware.nl\\\/de\\\/#\\\/schema\\\/logo\\\/image\\\/\"},\"sameAs\":[\"https:\\\/\\\/www.facebook.com\\\/FireWareBV\\\/\",\"https:\\\/\\\/x.com\\\/FireWarebv\",\"https:\\\/\\\/www.instagram.com\\\/fireware_nl\\\/\",\"https:\\\/\\\/www.linkedin.com\\\/company\\\/3586017\\\/\",\"https:\\\/\\\/www.youtube.com\\\/user\\\/firesalesrentconsult\"]}]}<\/script>\n<!-- \/ Yoast SEO plugin. -->","yoast_head_json":{"title":"Verl\u00e4ngerungskabel Fernbedienung Vesta 10 Meter - FireWare","description":"Mithilfe des Verl\u00e4ngerungskabels sorgen Sie f\u00fcr mehr Abstand bei der Z\u00fcndung. Damit wahren Sie Ihre Sicherheit und die der Auszubildenden.","robots":{"index":"index","follow":"follow","max-snippet":"max-snippet:-1","max-image-preview":"max-image-preview:large","max-video-preview":"max-video-preview:-1"},"canonical":"https:\/\/fireware.nl\/de\/produkt\/verlangerungskabel-fernbedienung-vesta\/","og_locale":"de_DE","og_type":"article","og_title":"Verl\u00e4ngerungskabel Fernbedienung Vesta 10 Meter - FireWare","og_description":"Mithilfe des Verl\u00e4ngerungskabels sorgen Sie f\u00fcr mehr Abstand bei der Z\u00fcndung. Damit wahren Sie Ihre Sicherheit und die der Auszubildenden.","og_url":"https:\/\/fireware.nl\/de\/produkt\/verlangerungskabel-fernbedienung-vesta\/","og_site_name":"FireWare","article_publisher":"https:\/\/www.facebook.com\/FireWareBV\/","article_modified_time":"2022-01-24T14:30:38+00:00","og_image":[{"width":600,"height":600,"url":"https:\/\/fireware.nl\/wp-content\/uploads\/2019\/11\/061-012-081-Verlengkabel-Vesta.jpg","type":"image\/jpeg"}],"twitter_card":"summary_large_image","twitter_site":"@FireWarebv","schema":{"@context":"https:\/\/schema.org","@graph":[{"@type":"WebPage","@id":"https:\/\/fireware.nl\/de\/produkt\/verlangerungskabel-fernbedienung-vesta\/","url":"https:\/\/fireware.nl\/de\/produkt\/verlangerungskabel-fernbedienung-vesta\/","name":"Verl\u00e4ngerungskabel Fernbedienung Vesta 10 Meter - FireWare","isPartOf":{"@id":"https:\/\/fireware.nl\/de\/#website"},"primaryImageOfPage":{"@id":"https:\/\/fireware.nl\/de\/produkt\/verlangerungskabel-fernbedienung-vesta\/#primaryimage"},"image":{"@id":"https:\/\/fireware.nl\/de\/produkt\/verlangerungskabel-fernbedienung-vesta\/#primaryimage"},"thumbnailUrl":"https:\/\/fireware.nl\/wp-content\/uploads\/2019\/11\/061-012-081-Verlengkabel-Vesta.jpg","datePublished":"2019-11-04T10:00:54+00:00","dateModified":"2022-01-24T14:30:38+00:00","description":"Mithilfe des Verl\u00e4ngerungskabels sorgen Sie f\u00fcr mehr Abstand bei der Z\u00fcndung. Damit wahren Sie Ihre Sicherheit und die der Auszubildenden.","breadcrumb":{"@id":"https:\/\/fireware.nl\/de\/produkt\/verlangerungskabel-fernbedienung-vesta\/#breadcrumb"},"inLanguage":"de","potentialAction":[{"@type":"ReadAction","target":["https:\/\/fireware.nl\/de\/produkt\/verlangerungskabel-fernbedienung-vesta\/"]}]},{"@type":"ImageObject","inLanguage":"de","@id":"https:\/\/fireware.nl\/de\/produkt\/verlangerungskabel-fernbedienung-vesta\/#primaryimage","url":"https:\/\/fireware.nl\/wp-content\/uploads\/2019\/11\/061-012-081-Verlengkabel-Vesta.jpg","contentUrl":"https:\/\/fireware.nl\/wp-content\/uploads\/2019\/11\/061-012-081-Verlengkabel-Vesta.jpg","width":600,"height":600},{"@type":"BreadcrumbList","@id":"https:\/\/fireware.nl\/de\/produkt\/verlangerungskabel-fernbedienung-vesta\/#breadcrumb","itemListElement":[{"@type":"ListItem","position":1,"name":"Home","item":"https:\/\/fireware.nl\/de\/"},{"@type":"ListItem","position":2,"name":"Produkte","item":"https:\/\/fireware.nl\/de\/produkte\/"},{"@type":"ListItem","position":3,"name":"Verl\u00e4ngerungskabel Fernbedienung Vesta"}]},{"@type":"WebSite","@id":"https:\/\/fireware.nl\/de\/#website","url":"https:\/\/fireware.nl\/de\/","name":"FireWare","description":"CREATING REALISTIC  TRAINING ENVIRONMENTS","publisher":{"@id":"https:\/\/fireware.nl\/de\/#organization"},"potentialAction":[{"@type":"SearchAction","target":{"@type":"EntryPoint","urlTemplate":"https:\/\/fireware.nl\/de\/?s={search_term_string}"},"query-input":{"@type":"PropertyValueSpecification","valueRequired":true,"valueName":"search_term_string"}}],"inLanguage":"de"},{"@type":"Organization","@id":"https:\/\/fireware.nl\/de\/#organization","name":"FireWare","url":"https:\/\/fireware.nl\/de\/","logo":{"@type":"ImageObject","inLanguage":"de","@id":"https:\/\/fireware.nl\/de\/#\/schema\/logo\/image\/","url":"https:\/\/fireware.nl\/wp-content\/uploads\/2018\/10\/FireWare-logo.jpg","contentUrl":"https:\/\/fireware.nl\/wp-content\/uploads\/2018\/10\/FireWare-logo.jpg","width":171,"height":70,"caption":"FireWare"},"image":{"@id":"https:\/\/fireware.nl\/de\/#\/schema\/logo\/image\/"},"sameAs":["https:\/\/www.facebook.com\/FireWareBV\/","https:\/\/x.com\/FireWarebv","https:\/\/www.instagram.com\/fireware_nl\/","https:\/\/www.linkedin.com\/company\/3586017\/","https:\/\/www.youtube.com\/user\/firesalesrentconsult"]}]}},"publishpress_future_workflow_manual_trigger":{"enabledWorkflows":[]},"_links":{"self":[{"href":"https:\/\/fireware.nl\/de\/wp-json\/wp\/v2\/product\/36815","targetHints":{"allow":["GET"]}}],"collection":[{"href":"https:\/\/fireware.nl\/de\/wp-json\/wp\/v2\/product"}],"about":[{"href":"https:\/\/fireware.nl\/de\/wp-json\/wp\/v2\/types\/product"}],"wp:featuredmedia":[{"embeddable":true,"href":"https:\/\/fireware.nl\/de\/wp-json\/wp\/v2\/media\/36814"}],"wp:attachment":[{"href":"https:\/\/fireware.nl\/de\/wp-json\/wp\/v2\/media?parent=36815"}],"wp:term":[{"taxonomy":"product_brand","embeddable":true,"href":"https:\/\/fireware.nl\/de\/wp-json\/wp\/v2\/product_brand?post=36815"},{"taxonomy":"product_cat","embeddable":true,"href":"https:\/\/fireware.nl\/de\/wp-json\/wp\/v2\/product_cat?post=36815"},{"taxonomy":"product_tag","embeddable":true,"href":"https:\/\/fireware.nl\/de\/wp-json\/wp\/v2\/product_tag?post=36815"}],"curies":[{"name":"wp","href":"https:\/\/api.w.org\/{rel}","templated":true}]}}