
{"id":37022,"date":"2019-11-01T14:45:55","date_gmt":"2019-11-01T14:45:55","guid":{"rendered":"https:\/\/fireware.nl\/product\/confined-space-ubungspuppe\/"},"modified":"2025-02-11T11:29:59","modified_gmt":"2025-02-11T11:29:59","slug":"confined-space-ubungspuppe","status":"publish","type":"product","link":"https:\/\/fireware.nl\/de\/product\/confined-space-ubungspuppe\/","title":{"rendered":"Ruth Lee Confined Space \u00dcbungspuppe"},"content":{"rendered":"\n\n\t<h2>Ruth Lee \u00dcbungspuppen<\/h2>\n<p>Die Ruth Lee \u00dcbungspuppen sind f\u00fcr realistische und effektive Schulungen konzipiert. Diese Puppen sind bekannt f\u00fcr ihre Langlebigkeit und Vielseitigkeit und sind ideal f\u00fcr das Training von Feuerwehr, Betrieblichen Ersthelfern (BHV), Rettungsdiensten und anderen Hilfsdiensten. Mit Ruth Lee \u00dcbungspuppen simuliert man realistische Szenarien, wodurch Einsatzkr\u00e4fte besser auf echte Notfallsituationen vorbereitet sind. Das Sortiment umfasst Puppen f\u00fcr verschiedene Trainings und in unterschiedlichen Gr\u00f6\u00dfen und Gewichten.<\/p>\n<h2>Simulieren Sie verschiedene Szenarien in einem geschlossenen Raum<\/h2>\n<p>Die Confined Space \u00dcbungspuppe wurde speziell f\u00fcr Rettungsszenarien in einem geschlossenen Raum entworfen. Die Gliedma\u00dfen k\u00f6nnen in Komponenten mit einem Gewicht von maximal 25 Kilogramm zerlegt werden. Dadurch wird es einfacher, die \u00dcbungspuppe in Ihr Szenario einzuf\u00fcgen. Der Dummy besitzt die realistischen Proportionen und das Gewicht eines bewusstlosen Erwachsenen.<\/p>\n<p>Mithilfe der starken Einzelschleife im Hals k\u00f6nnen Sie die \u00dcbungspuppe einfach anheben, lagern und trocknen. Da die \u00dcbungspuppe haupts\u00e4chlich f\u00fcr Rettungsaktionen in geschlossenen R\u00e4umen entwickelt wurde, ist sie stabil genug um auch mal einen Sto\u00df auszuhalten. Probieren Sie den Einsatz des Dummys unter Schutt oder St\u00fcrzen aus. Simulieren Sie das \u00dcberfahren des Dummys mit einem Allradfahrzeug oder einen Sturz aus dem zweiten Obergeschoss eines Geb\u00e4udes. Oder schaffen Sie ein nasses und schmutziges Szenario im Rahmen eines Vorfalls mit HazMat (gef\u00e4hrliche Materialien) \/ CBRN (chemischen, biologischen, strahlenden oder nuklearen Stoffen). Beachten Sie aber, dass diese \u00dcbungspuppe zwar wasserabweisend aber nicht vollst\u00e4ndig wasserdicht ist. Daf\u00fcr ist eine <a href=\"https:\/\/fireware.nl\/de\/produkt-kategorie\/uebungspuppen\/wasserrettung-puppe\/\">\u00dcbungspuppe f\u00fcr die Wasserrettung<\/a> eine bessere Option.<\/p>\n<p>Neben den \u00dcbungen in geschlossenen R\u00e4umen k\u00f6nnen Sie diese \u00dcbungspuppe ausgezeichnet f\u00fcr Fahndungs- und Rettungsdiensteins\u00e4tzen, bei \u00dcbungen mit Verkehrsunf\u00e4llen oder f\u00fcr Rettungs\u00fcbungen im Gebirge oder in H\u00f6hlen einsetzen. Die Confined Space \u00dcbungspuppe wird vollst\u00e4ndig mit Stiefeln geliefert, die bei Besch\u00e4digung einfach auszutauschen sind.<\/p>\n<h2>Schau das Video<\/h2>\n\t<iframe loading=\"lazy\" src=\"https:\/\/player.vimeo.com\/video\/451497605\" width=\"640\" height=\"360\" frameborder=\"0\" allow=\"autoplay; fullscreen\" allowfullscreen><\/iframe>\n\n","protected":false},"excerpt":{"rendered":"<ul>\n<li>Kann in Komponenten mit einem Gewicht von maximal 25 Kilogramm zerlegt werden.<\/li>\n<li>Die abnehmbaren Gliedma\u00dfen machen es ideal f\u00fcr Rettungsszenarien in einem geschlossenen Raum.<\/li>\n<li>Der Dummy besitzt die realistischen Proportionen und das Gewicht eines bewusstlosen Erwachsenen.<\/li>\n<li>Ausgestattet mit einen Einzelschleife im Hals. Damit k\u00f6nnen Sie die \u00dcbungspuppe einfach anheben, lagern und trocknen.<\/li>\n<li>Sehr robust Best\u00e4ndig gegen Eingriffe unter Beton- oder Stahlst\u00fcrzen und bis zu einer Fallh\u00f6he von ca. 4 Metern.<\/li>\n<li>Hergestellt aus wasserabweisendem Material. Geeignet f\u00fcr nasse oder schmutzige Umgebungen wie HAZMAT \/ CBRN.<\/li>\n<\/ul>\n","protected":false},"featured_media":36755,"template":"","meta":[],"product_brand":[],"product_cat":[210],"product_tag":[],"class_list":{"0":"post-37022","1":"product","2":"type-product","3":"status-publish","4":"has-post-thumbnail","6":"product_cat-uebungspuppen-technische-hilfeleistung","7":"pa_gewicht-lengte-50kg-180cm-de","9":"first","10":"instock","11":"taxable","12":"shipping-taxable","13":"purchasable","14":"product-type-simple"},"yoast_head":"<!-- This site is optimized with the Yoast SEO plugin v27.5 - https:\/\/yoast.com\/product\/yoast-seo-wordpress\/ -->\n<title>Ruth Lee Confined Space \u00dcbungspuppe - FireWare<\/title>\n<meta name=\"robots\" content=\"index, follow, max-snippet:-1, max-image-preview:large, max-video-preview:-1\" \/>\n<link rel=\"canonical\" href=\"https:\/\/fireware.nl\/de\/product\/confined-space-ubungspuppe\/\" \/>\n<meta property=\"og:locale\" content=\"de_DE\" \/>\n<meta property=\"og:type\" content=\"article\" \/>\n<meta property=\"og:title\" content=\"Ruth Lee Confined Space \u00dcbungspuppe - FireWare\" \/>\n<meta property=\"og:description\" content=\"Kann in Komponenten mit einem Gewicht von maximal 25 Kilogramm zerlegt werden. Die abnehmbaren Gliedma\u00dfen machen es ideal f\u00fcr Rettungsszenarien in einem geschlossenen Raum. Der Dummy besitzt die realistischen Proportionen und das Gewicht eines bewusstlosen Erwachsenen. Ausgestattet mit einen Einzelschleife im Hals. Damit k\u00f6nnen Sie die \u00dcbungspuppe einfach anheben, lagern und trocknen. Sehr robust Best\u00e4ndig gegen Eingriffe unter Beton- oder Stahlst\u00fcrzen und bis zu einer Fallh\u00f6he von ca. 4 Metern. Hergestellt aus wasserabweisendem Material. Geeignet f\u00fcr nasse oder schmutzige Umgebungen wie HAZMAT \/ CBRN.\" \/>\n<meta property=\"og:url\" content=\"https:\/\/fireware.nl\/de\/product\/confined-space-ubungspuppe\/\" \/>\n<meta property=\"og:site_name\" content=\"FireWare\" \/>\n<meta property=\"article:publisher\" content=\"https:\/\/www.facebook.com\/FireWareBV\/\" \/>\n<meta property=\"article:modified_time\" content=\"2025-02-11T11:29:59+00:00\" \/>\n<meta property=\"og:image\" content=\"https:\/\/fireware.nl\/wp-content\/uploads\/2019\/11\/017-043-108-Confined-Space-oefenpop.jpg\" \/>\n\t<meta property=\"og:image:width\" content=\"600\" \/>\n\t<meta property=\"og:image:height\" content=\"600\" \/>\n\t<meta property=\"og:image:type\" content=\"image\/jpeg\" \/>\n<meta name=\"twitter:card\" content=\"summary_large_image\" \/>\n<meta name=\"twitter:site\" content=\"@FireWarebv\" \/>\n<meta name=\"twitter:label1\" content=\"Gesch\u00e4tzte Lesezeit\" \/>\n\t<meta name=\"twitter:data1\" content=\"2\u00a0Minuten\" \/>\n<script type=\"application\/ld+json\" class=\"yoast-schema-graph\">{\"@context\":\"https:\\\/\\\/schema.org\",\"@graph\":[{\"@type\":\"WebPage\",\"@id\":\"https:\\\/\\\/fireware.nl\\\/de\\\/product\\\/confined-space-ubungspuppe\\\/\",\"url\":\"https:\\\/\\\/fireware.nl\\\/de\\\/product\\\/confined-space-ubungspuppe\\\/\",\"name\":\"Ruth Lee Confined Space \u00dcbungspuppe - FireWare\",\"isPartOf\":{\"@id\":\"https:\\\/\\\/fireware.nl\\\/de\\\/#website\"},\"primaryImageOfPage\":{\"@id\":\"https:\\\/\\\/fireware.nl\\\/de\\\/product\\\/confined-space-ubungspuppe\\\/#primaryimage\"},\"image\":{\"@id\":\"https:\\\/\\\/fireware.nl\\\/de\\\/product\\\/confined-space-ubungspuppe\\\/#primaryimage\"},\"thumbnailUrl\":\"https:\\\/\\\/fireware.nl\\\/wp-content\\\/uploads\\\/2019\\\/11\\\/017-043-108-Confined-Space-oefenpop.jpg\",\"datePublished\":\"2019-11-01T14:45:55+00:00\",\"dateModified\":\"2025-02-11T11:29:59+00:00\",\"breadcrumb\":{\"@id\":\"https:\\\/\\\/fireware.nl\\\/de\\\/product\\\/confined-space-ubungspuppe\\\/#breadcrumb\"},\"inLanguage\":\"de\",\"potentialAction\":[{\"@type\":\"ReadAction\",\"target\":[\"https:\\\/\\\/fireware.nl\\\/de\\\/product\\\/confined-space-ubungspuppe\\\/\"]}]},{\"@type\":\"ImageObject\",\"inLanguage\":\"de\",\"@id\":\"https:\\\/\\\/fireware.nl\\\/de\\\/product\\\/confined-space-ubungspuppe\\\/#primaryimage\",\"url\":\"https:\\\/\\\/fireware.nl\\\/wp-content\\\/uploads\\\/2019\\\/11\\\/017-043-108-Confined-Space-oefenpop.jpg\",\"contentUrl\":\"https:\\\/\\\/fireware.nl\\\/wp-content\\\/uploads\\\/2019\\\/11\\\/017-043-108-Confined-Space-oefenpop.jpg\",\"width\":600,\"height\":600},{\"@type\":\"BreadcrumbList\",\"@id\":\"https:\\\/\\\/fireware.nl\\\/de\\\/product\\\/confined-space-ubungspuppe\\\/#breadcrumb\",\"itemListElement\":[{\"@type\":\"ListItem\",\"position\":1,\"name\":\"Home\",\"item\":\"https:\\\/\\\/fireware.nl\\\/de\\\/\"},{\"@type\":\"ListItem\",\"position\":2,\"name\":\"Produkte\",\"item\":\"https:\\\/\\\/fireware.nl\\\/de\\\/produkte\\\/\"},{\"@type\":\"ListItem\",\"position\":3,\"name\":\"Ruth Lee Confined Space \u00dcbungspuppe\"}]},{\"@type\":\"WebSite\",\"@id\":\"https:\\\/\\\/fireware.nl\\\/de\\\/#website\",\"url\":\"https:\\\/\\\/fireware.nl\\\/de\\\/\",\"name\":\"FireWare\",\"description\":\"CREATING REALISTIC  TRAINING ENVIRONMENTS\",\"publisher\":{\"@id\":\"https:\\\/\\\/fireware.nl\\\/de\\\/#organization\"},\"potentialAction\":[{\"@type\":\"SearchAction\",\"target\":{\"@type\":\"EntryPoint\",\"urlTemplate\":\"https:\\\/\\\/fireware.nl\\\/de\\\/?s={search_term_string}\"},\"query-input\":{\"@type\":\"PropertyValueSpecification\",\"valueRequired\":true,\"valueName\":\"search_term_string\"}}],\"inLanguage\":\"de\"},{\"@type\":\"Organization\",\"@id\":\"https:\\\/\\\/fireware.nl\\\/de\\\/#organization\",\"name\":\"FireWare\",\"url\":\"https:\\\/\\\/fireware.nl\\\/de\\\/\",\"logo\":{\"@type\":\"ImageObject\",\"inLanguage\":\"de\",\"@id\":\"https:\\\/\\\/fireware.nl\\\/de\\\/#\\\/schema\\\/logo\\\/image\\\/\",\"url\":\"https:\\\/\\\/fireware.nl\\\/wp-content\\\/uploads\\\/2018\\\/10\\\/FireWare-logo.jpg\",\"contentUrl\":\"https:\\\/\\\/fireware.nl\\\/wp-content\\\/uploads\\\/2018\\\/10\\\/FireWare-logo.jpg\",\"width\":171,\"height\":70,\"caption\":\"FireWare\"},\"image\":{\"@id\":\"https:\\\/\\\/fireware.nl\\\/de\\\/#\\\/schema\\\/logo\\\/image\\\/\"},\"sameAs\":[\"https:\\\/\\\/www.facebook.com\\\/FireWareBV\\\/\",\"https:\\\/\\\/x.com\\\/FireWarebv\",\"https:\\\/\\\/www.instagram.com\\\/fireware_nl\\\/\",\"https:\\\/\\\/www.linkedin.com\\\/company\\\/3586017\\\/\",\"https:\\\/\\\/www.youtube.com\\\/user\\\/firesalesrentconsult\"]}]}<\/script>\n<!-- \/ Yoast SEO plugin. -->","yoast_head_json":{"title":"Ruth Lee Confined Space \u00dcbungspuppe - FireWare","robots":{"index":"index","follow":"follow","max-snippet":"max-snippet:-1","max-image-preview":"max-image-preview:large","max-video-preview":"max-video-preview:-1"},"canonical":"https:\/\/fireware.nl\/de\/product\/confined-space-ubungspuppe\/","og_locale":"de_DE","og_type":"article","og_title":"Ruth Lee Confined Space \u00dcbungspuppe - FireWare","og_description":"Kann in Komponenten mit einem Gewicht von maximal 25 Kilogramm zerlegt werden. Die abnehmbaren Gliedma\u00dfen machen es ideal f\u00fcr Rettungsszenarien in einem geschlossenen Raum. Der Dummy besitzt die realistischen Proportionen und das Gewicht eines bewusstlosen Erwachsenen. Ausgestattet mit einen Einzelschleife im Hals. Damit k\u00f6nnen Sie die \u00dcbungspuppe einfach anheben, lagern und trocknen. Sehr robust Best\u00e4ndig gegen Eingriffe unter Beton- oder Stahlst\u00fcrzen und bis zu einer Fallh\u00f6he von ca. 4 Metern. Hergestellt aus wasserabweisendem Material. Geeignet f\u00fcr nasse oder schmutzige Umgebungen wie HAZMAT \/ CBRN.","og_url":"https:\/\/fireware.nl\/de\/product\/confined-space-ubungspuppe\/","og_site_name":"FireWare","article_publisher":"https:\/\/www.facebook.com\/FireWareBV\/","article_modified_time":"2025-02-11T11:29:59+00:00","og_image":[{"width":600,"height":600,"url":"https:\/\/fireware.nl\/wp-content\/uploads\/2019\/11\/017-043-108-Confined-Space-oefenpop.jpg","type":"image\/jpeg"}],"twitter_card":"summary_large_image","twitter_site":"@FireWarebv","twitter_misc":{"Gesch\u00e4tzte Lesezeit":"2\u00a0Minuten"},"schema":{"@context":"https:\/\/schema.org","@graph":[{"@type":"WebPage","@id":"https:\/\/fireware.nl\/de\/product\/confined-space-ubungspuppe\/","url":"https:\/\/fireware.nl\/de\/product\/confined-space-ubungspuppe\/","name":"Ruth Lee Confined Space \u00dcbungspuppe - FireWare","isPartOf":{"@id":"https:\/\/fireware.nl\/de\/#website"},"primaryImageOfPage":{"@id":"https:\/\/fireware.nl\/de\/product\/confined-space-ubungspuppe\/#primaryimage"},"image":{"@id":"https:\/\/fireware.nl\/de\/product\/confined-space-ubungspuppe\/#primaryimage"},"thumbnailUrl":"https:\/\/fireware.nl\/wp-content\/uploads\/2019\/11\/017-043-108-Confined-Space-oefenpop.jpg","datePublished":"2019-11-01T14:45:55+00:00","dateModified":"2025-02-11T11:29:59+00:00","breadcrumb":{"@id":"https:\/\/fireware.nl\/de\/product\/confined-space-ubungspuppe\/#breadcrumb"},"inLanguage":"de","potentialAction":[{"@type":"ReadAction","target":["https:\/\/fireware.nl\/de\/product\/confined-space-ubungspuppe\/"]}]},{"@type":"ImageObject","inLanguage":"de","@id":"https:\/\/fireware.nl\/de\/product\/confined-space-ubungspuppe\/#primaryimage","url":"https:\/\/fireware.nl\/wp-content\/uploads\/2019\/11\/017-043-108-Confined-Space-oefenpop.jpg","contentUrl":"https:\/\/fireware.nl\/wp-content\/uploads\/2019\/11\/017-043-108-Confined-Space-oefenpop.jpg","width":600,"height":600},{"@type":"BreadcrumbList","@id":"https:\/\/fireware.nl\/de\/product\/confined-space-ubungspuppe\/#breadcrumb","itemListElement":[{"@type":"ListItem","position":1,"name":"Home","item":"https:\/\/fireware.nl\/de\/"},{"@type":"ListItem","position":2,"name":"Produkte","item":"https:\/\/fireware.nl\/de\/produkte\/"},{"@type":"ListItem","position":3,"name":"Ruth Lee Confined Space \u00dcbungspuppe"}]},{"@type":"WebSite","@id":"https:\/\/fireware.nl\/de\/#website","url":"https:\/\/fireware.nl\/de\/","name":"FireWare","description":"CREATING REALISTIC  TRAINING ENVIRONMENTS","publisher":{"@id":"https:\/\/fireware.nl\/de\/#organization"},"potentialAction":[{"@type":"SearchAction","target":{"@type":"EntryPoint","urlTemplate":"https:\/\/fireware.nl\/de\/?s={search_term_string}"},"query-input":{"@type":"PropertyValueSpecification","valueRequired":true,"valueName":"search_term_string"}}],"inLanguage":"de"},{"@type":"Organization","@id":"https:\/\/fireware.nl\/de\/#organization","name":"FireWare","url":"https:\/\/fireware.nl\/de\/","logo":{"@type":"ImageObject","inLanguage":"de","@id":"https:\/\/fireware.nl\/de\/#\/schema\/logo\/image\/","url":"https:\/\/fireware.nl\/wp-content\/uploads\/2018\/10\/FireWare-logo.jpg","contentUrl":"https:\/\/fireware.nl\/wp-content\/uploads\/2018\/10\/FireWare-logo.jpg","width":171,"height":70,"caption":"FireWare"},"image":{"@id":"https:\/\/fireware.nl\/de\/#\/schema\/logo\/image\/"},"sameAs":["https:\/\/www.facebook.com\/FireWareBV\/","https:\/\/x.com\/FireWarebv","https:\/\/www.instagram.com\/fireware_nl\/","https:\/\/www.linkedin.com\/company\/3586017\/","https:\/\/www.youtube.com\/user\/firesalesrentconsult"]}]}},"publishpress_future_workflow_manual_trigger":{"enabledWorkflows":[]},"_links":{"self":[{"href":"https:\/\/fireware.nl\/de\/wp-json\/wp\/v2\/product\/37022","targetHints":{"allow":["GET"]}}],"collection":[{"href":"https:\/\/fireware.nl\/de\/wp-json\/wp\/v2\/product"}],"about":[{"href":"https:\/\/fireware.nl\/de\/wp-json\/wp\/v2\/types\/product"}],"wp:featuredmedia":[{"embeddable":true,"href":"https:\/\/fireware.nl\/de\/wp-json\/wp\/v2\/media\/36755"}],"wp:attachment":[{"href":"https:\/\/fireware.nl\/de\/wp-json\/wp\/v2\/media?parent=37022"}],"wp:term":[{"taxonomy":"product_brand","embeddable":true,"href":"https:\/\/fireware.nl\/de\/wp-json\/wp\/v2\/product_brand?post=37022"},{"taxonomy":"product_cat","embeddable":true,"href":"https:\/\/fireware.nl\/de\/wp-json\/wp\/v2\/product_cat?post=37022"},{"taxonomy":"product_tag","embeddable":true,"href":"https:\/\/fireware.nl\/de\/wp-json\/wp\/v2\/product_tag?post=37022"}],"curies":[{"name":"wp","href":"https:\/\/api.w.org\/{rel}","templated":true}]}}