
{"id":37179,"date":"2019-11-06T09:55:09","date_gmt":"2019-11-06T09:55:09","guid":{"rendered":"https:\/\/fireware.nl\/product\/nebula-ar-verblendstuck\/"},"modified":"2019-11-13T10:31:02","modified_gmt":"2019-11-13T10:31:02","slug":"nebula-ar-verblendstuck","status":"publish","type":"product","link":"https:\/\/fireware.nl\/de\/produkt\/nebula-ar-verblendstuck\/","title":{"rendered":"Nebula AR Verblendst\u00fcck"},"content":{"rendered":"<h2>Tragen Sie die Nebula AR \u00fcber einer Atemluftmaske<\/h2>\n<p>Verwenden Sie ein Verblendst\u00fcck, um die <a href=\"https:\/\/fireware.nl\/de\/produkt\/fireware-ar-nebula-blindmaske\/\">Nebula AR<\/a> \u00fcber einer Atemluftmaske zu tragen. Die Nebula AR kann direkt \u00fcber dem Gesicht getragen werden, passt aber auch \u00fcber eine Atemluftmaske. Mithilfe eines Verblendst\u00fccks decken Sie den Raum zwischen der Blindmaske und der Atemluftmaske ab.<\/p>\n<h3>Atemluftmaske abdecken<\/h3>\n<p>Die Nebula AR Blindmaske ist mit einem LCD-Display ausgestattet. Auf diesem Display k\u00f6nnen sechs verschieden dicke Rauchschichten simuliert werden. Auf diese Weise bekommen die Lehrgangsteilnehmer eine realistische Raucherfahrung, ohne dass daf\u00fcr \u00dcbungsrauch eingesetzt werden muss. Diese \u00dcbung wird noch realistischer, wenn die Kursteilnehmer eine Atemluftmaske tragen. So bereiten Sie die Teilnehmer auf das obligatorische Tragen eines Atemschutzes w\u00e4hrend eines Gefahrguteinsatzes vor.<\/p>\n<p>Das Verblendst\u00fcck verblendet das Gesicht zwischen der Nebula AR und der Maske. Der Streifen ist aus einem selbstklebenden, wiederverwendbaren Material hergestellt. Dadurch k\u00f6nnen Sie das Verblendst\u00fcck einfach auf eine Gesichtsmaske kleben und wieder abnehmen. Bei FireWare fertigen wir das Verblendst\u00fcck f\u00fcr jeden Atemluftmaskentyp vollst\u00e4ndig nach Ma\u00df an. Suchen Sie Ihren Typ im Drop-down-Men\u00fc oder nehmen Sie f\u00fcr eine ma\u00dfgeschneiderte Anfrage Kontakt mit uns auf!<\/p>\n","protected":false},"excerpt":{"rendered":"<ul>\n<li>Verblendst\u00fcck, um die <a href=\"https:\/\/fireware.nl\/de\/produkt\/fireware-ar-nebula-blindmaske\/\">Nebula AR<\/a> \u00fcber einer Atemluftmaske zu tragen.<\/li>\n<li>Aus einem selbstklebenden, wiederverwendbaren Material hergestellt.<\/li>\n<li>Vollst\u00e4ndig nach Ma\u00df anzufertigen f\u00fcr jeden Atemluftmaskentyp.<\/li>\n<\/ul>\n","protected":false},"featured_media":36960,"template":"","meta":[],"product_brand":[],"product_cat":[89],"product_tag":[],"class_list":{"0":"post-37179","1":"product","2":"type-product","3":"status-publish","4":"has-post-thumbnail","6":"product_cat-nebel-alternative","7":"pa_optie-ari-matisec-total-3-coiffe-de","8":"pa_optie-drager-fps-7000-de","9":"pa_optie-msa-g1-de-2","10":"pa_optie-msa-ultra-elite-de","12":"first","13":"instock","14":"taxable","15":"shipping-taxable","16":"purchasable","17":"product-type-variable"},"yoast_head":"<!-- This site is optimized with the Yoast SEO plugin v27.5 - https:\/\/yoast.com\/product\/yoast-seo-wordpress\/ -->\n<title>Nebula AR Verblendst\u00fcck - FireWare<\/title>\n<meta name=\"robots\" content=\"index, follow, max-snippet:-1, max-image-preview:large, max-video-preview:-1\" \/>\n<link rel=\"canonical\" href=\"https:\/\/fireware.nl\/de\/produkt\/nebula-ar-verblendstuck\/\" \/>\n<meta property=\"og:locale\" content=\"de_DE\" \/>\n<meta property=\"og:type\" content=\"article\" \/>\n<meta property=\"og:title\" content=\"Nebula AR Verblendst\u00fcck - FireWare\" \/>\n<meta property=\"og:description\" content=\"Verblendst\u00fcck, um die Nebula AR \u00fcber einer Atemluftmaske zu tragen.  Aus einem selbstklebenden, wiederverwendbaren Material hergestellt.  Vollst\u00e4ndig nach Ma\u00df anzufertigen f\u00fcr jeden Atemluftmaskentyp.\" \/>\n<meta property=\"og:url\" content=\"https:\/\/fireware.nl\/de\/produkt\/nebula-ar-verblendstuck\/\" \/>\n<meta property=\"og:site_name\" content=\"FireWare\" \/>\n<meta property=\"article:publisher\" content=\"https:\/\/www.facebook.com\/FireWareBV\/\" \/>\n<meta property=\"article:modified_time\" content=\"2019-11-13T10:31:02+00:00\" \/>\n<meta property=\"og:image\" content=\"https:\/\/fireware.nl\/wp-content\/uploads\/2019\/11\/blindmasker_los.jpg\" \/>\n\t<meta property=\"og:image:width\" content=\"600\" \/>\n\t<meta property=\"og:image:height\" content=\"600\" \/>\n\t<meta property=\"og:image:type\" content=\"image\/jpeg\" \/>\n<meta name=\"twitter:card\" content=\"summary_large_image\" \/>\n<meta name=\"twitter:site\" content=\"@FireWarebv\" \/>\n<meta name=\"twitter:label1\" content=\"Gesch\u00e4tzte Lesezeit\" \/>\n\t<meta name=\"twitter:data1\" content=\"1\u00a0Minute\" \/>\n<script type=\"application\/ld+json\" class=\"yoast-schema-graph\">{\"@context\":\"https:\\\/\\\/schema.org\",\"@graph\":[{\"@type\":\"WebPage\",\"@id\":\"https:\\\/\\\/fireware.nl\\\/de\\\/produkt\\\/nebula-ar-verblendstuck\\\/\",\"url\":\"https:\\\/\\\/fireware.nl\\\/de\\\/produkt\\\/nebula-ar-verblendstuck\\\/\",\"name\":\"Nebula AR Verblendst\u00fcck - FireWare\",\"isPartOf\":{\"@id\":\"https:\\\/\\\/fireware.nl\\\/de\\\/#website\"},\"primaryImageOfPage\":{\"@id\":\"https:\\\/\\\/fireware.nl\\\/de\\\/produkt\\\/nebula-ar-verblendstuck\\\/#primaryimage\"},\"image\":{\"@id\":\"https:\\\/\\\/fireware.nl\\\/de\\\/produkt\\\/nebula-ar-verblendstuck\\\/#primaryimage\"},\"thumbnailUrl\":\"https:\\\/\\\/fireware.nl\\\/wp-content\\\/uploads\\\/2019\\\/11\\\/blindmasker_los.jpg\",\"datePublished\":\"2019-11-06T09:55:09+00:00\",\"dateModified\":\"2019-11-13T10:31:02+00:00\",\"breadcrumb\":{\"@id\":\"https:\\\/\\\/fireware.nl\\\/de\\\/produkt\\\/nebula-ar-verblendstuck\\\/#breadcrumb\"},\"inLanguage\":\"de\",\"potentialAction\":[{\"@type\":\"ReadAction\",\"target\":[\"https:\\\/\\\/fireware.nl\\\/de\\\/produkt\\\/nebula-ar-verblendstuck\\\/\"]}]},{\"@type\":\"ImageObject\",\"inLanguage\":\"de\",\"@id\":\"https:\\\/\\\/fireware.nl\\\/de\\\/produkt\\\/nebula-ar-verblendstuck\\\/#primaryimage\",\"url\":\"https:\\\/\\\/fireware.nl\\\/wp-content\\\/uploads\\\/2019\\\/11\\\/blindmasker_los.jpg\",\"contentUrl\":\"https:\\\/\\\/fireware.nl\\\/wp-content\\\/uploads\\\/2019\\\/11\\\/blindmasker_los.jpg\",\"width\":600,\"height\":600},{\"@type\":\"BreadcrumbList\",\"@id\":\"https:\\\/\\\/fireware.nl\\\/de\\\/produkt\\\/nebula-ar-verblendstuck\\\/#breadcrumb\",\"itemListElement\":[{\"@type\":\"ListItem\",\"position\":1,\"name\":\"Home\",\"item\":\"https:\\\/\\\/fireware.nl\\\/de\\\/\"},{\"@type\":\"ListItem\",\"position\":2,\"name\":\"Produkte\",\"item\":\"https:\\\/\\\/fireware.nl\\\/de\\\/produkte\\\/\"},{\"@type\":\"ListItem\",\"position\":3,\"name\":\"Nebula AR Verblendst\u00fcck\"}]},{\"@type\":\"WebSite\",\"@id\":\"https:\\\/\\\/fireware.nl\\\/de\\\/#website\",\"url\":\"https:\\\/\\\/fireware.nl\\\/de\\\/\",\"name\":\"FireWare\",\"description\":\"CREATING REALISTIC  TRAINING ENVIRONMENTS\",\"publisher\":{\"@id\":\"https:\\\/\\\/fireware.nl\\\/de\\\/#organization\"},\"potentialAction\":[{\"@type\":\"SearchAction\",\"target\":{\"@type\":\"EntryPoint\",\"urlTemplate\":\"https:\\\/\\\/fireware.nl\\\/de\\\/?s={search_term_string}\"},\"query-input\":{\"@type\":\"PropertyValueSpecification\",\"valueRequired\":true,\"valueName\":\"search_term_string\"}}],\"inLanguage\":\"de\"},{\"@type\":\"Organization\",\"@id\":\"https:\\\/\\\/fireware.nl\\\/de\\\/#organization\",\"name\":\"FireWare\",\"url\":\"https:\\\/\\\/fireware.nl\\\/de\\\/\",\"logo\":{\"@type\":\"ImageObject\",\"inLanguage\":\"de\",\"@id\":\"https:\\\/\\\/fireware.nl\\\/de\\\/#\\\/schema\\\/logo\\\/image\\\/\",\"url\":\"https:\\\/\\\/fireware.nl\\\/wp-content\\\/uploads\\\/2018\\\/10\\\/FireWare-logo.jpg\",\"contentUrl\":\"https:\\\/\\\/fireware.nl\\\/wp-content\\\/uploads\\\/2018\\\/10\\\/FireWare-logo.jpg\",\"width\":171,\"height\":70,\"caption\":\"FireWare\"},\"image\":{\"@id\":\"https:\\\/\\\/fireware.nl\\\/de\\\/#\\\/schema\\\/logo\\\/image\\\/\"},\"sameAs\":[\"https:\\\/\\\/www.facebook.com\\\/FireWareBV\\\/\",\"https:\\\/\\\/x.com\\\/FireWarebv\",\"https:\\\/\\\/www.instagram.com\\\/fireware_nl\\\/\",\"https:\\\/\\\/www.linkedin.com\\\/company\\\/3586017\\\/\",\"https:\\\/\\\/www.youtube.com\\\/user\\\/firesalesrentconsult\"]}]}<\/script>\n<!-- \/ Yoast SEO plugin. -->","yoast_head_json":{"title":"Nebula AR Verblendst\u00fcck - FireWare","robots":{"index":"index","follow":"follow","max-snippet":"max-snippet:-1","max-image-preview":"max-image-preview:large","max-video-preview":"max-video-preview:-1"},"canonical":"https:\/\/fireware.nl\/de\/produkt\/nebula-ar-verblendstuck\/","og_locale":"de_DE","og_type":"article","og_title":"Nebula AR Verblendst\u00fcck - FireWare","og_description":"Verblendst\u00fcck, um die Nebula AR \u00fcber einer Atemluftmaske zu tragen.  Aus einem selbstklebenden, wiederverwendbaren Material hergestellt.  Vollst\u00e4ndig nach Ma\u00df anzufertigen f\u00fcr jeden Atemluftmaskentyp.","og_url":"https:\/\/fireware.nl\/de\/produkt\/nebula-ar-verblendstuck\/","og_site_name":"FireWare","article_publisher":"https:\/\/www.facebook.com\/FireWareBV\/","article_modified_time":"2019-11-13T10:31:02+00:00","og_image":[{"width":600,"height":600,"url":"https:\/\/fireware.nl\/wp-content\/uploads\/2019\/11\/blindmasker_los.jpg","type":"image\/jpeg"}],"twitter_card":"summary_large_image","twitter_site":"@FireWarebv","twitter_misc":{"Gesch\u00e4tzte Lesezeit":"1\u00a0Minute"},"schema":{"@context":"https:\/\/schema.org","@graph":[{"@type":"WebPage","@id":"https:\/\/fireware.nl\/de\/produkt\/nebula-ar-verblendstuck\/","url":"https:\/\/fireware.nl\/de\/produkt\/nebula-ar-verblendstuck\/","name":"Nebula AR Verblendst\u00fcck - FireWare","isPartOf":{"@id":"https:\/\/fireware.nl\/de\/#website"},"primaryImageOfPage":{"@id":"https:\/\/fireware.nl\/de\/produkt\/nebula-ar-verblendstuck\/#primaryimage"},"image":{"@id":"https:\/\/fireware.nl\/de\/produkt\/nebula-ar-verblendstuck\/#primaryimage"},"thumbnailUrl":"https:\/\/fireware.nl\/wp-content\/uploads\/2019\/11\/blindmasker_los.jpg","datePublished":"2019-11-06T09:55:09+00:00","dateModified":"2019-11-13T10:31:02+00:00","breadcrumb":{"@id":"https:\/\/fireware.nl\/de\/produkt\/nebula-ar-verblendstuck\/#breadcrumb"},"inLanguage":"de","potentialAction":[{"@type":"ReadAction","target":["https:\/\/fireware.nl\/de\/produkt\/nebula-ar-verblendstuck\/"]}]},{"@type":"ImageObject","inLanguage":"de","@id":"https:\/\/fireware.nl\/de\/produkt\/nebula-ar-verblendstuck\/#primaryimage","url":"https:\/\/fireware.nl\/wp-content\/uploads\/2019\/11\/blindmasker_los.jpg","contentUrl":"https:\/\/fireware.nl\/wp-content\/uploads\/2019\/11\/blindmasker_los.jpg","width":600,"height":600},{"@type":"BreadcrumbList","@id":"https:\/\/fireware.nl\/de\/produkt\/nebula-ar-verblendstuck\/#breadcrumb","itemListElement":[{"@type":"ListItem","position":1,"name":"Home","item":"https:\/\/fireware.nl\/de\/"},{"@type":"ListItem","position":2,"name":"Produkte","item":"https:\/\/fireware.nl\/de\/produkte\/"},{"@type":"ListItem","position":3,"name":"Nebula AR Verblendst\u00fcck"}]},{"@type":"WebSite","@id":"https:\/\/fireware.nl\/de\/#website","url":"https:\/\/fireware.nl\/de\/","name":"FireWare","description":"CREATING REALISTIC  TRAINING ENVIRONMENTS","publisher":{"@id":"https:\/\/fireware.nl\/de\/#organization"},"potentialAction":[{"@type":"SearchAction","target":{"@type":"EntryPoint","urlTemplate":"https:\/\/fireware.nl\/de\/?s={search_term_string}"},"query-input":{"@type":"PropertyValueSpecification","valueRequired":true,"valueName":"search_term_string"}}],"inLanguage":"de"},{"@type":"Organization","@id":"https:\/\/fireware.nl\/de\/#organization","name":"FireWare","url":"https:\/\/fireware.nl\/de\/","logo":{"@type":"ImageObject","inLanguage":"de","@id":"https:\/\/fireware.nl\/de\/#\/schema\/logo\/image\/","url":"https:\/\/fireware.nl\/wp-content\/uploads\/2018\/10\/FireWare-logo.jpg","contentUrl":"https:\/\/fireware.nl\/wp-content\/uploads\/2018\/10\/FireWare-logo.jpg","width":171,"height":70,"caption":"FireWare"},"image":{"@id":"https:\/\/fireware.nl\/de\/#\/schema\/logo\/image\/"},"sameAs":["https:\/\/www.facebook.com\/FireWareBV\/","https:\/\/x.com\/FireWarebv","https:\/\/www.instagram.com\/fireware_nl\/","https:\/\/www.linkedin.com\/company\/3586017\/","https:\/\/www.youtube.com\/user\/firesalesrentconsult"]}]}},"publishpress_future_workflow_manual_trigger":{"enabledWorkflows":[]},"_links":{"self":[{"href":"https:\/\/fireware.nl\/de\/wp-json\/wp\/v2\/product\/37179","targetHints":{"allow":["GET"]}}],"collection":[{"href":"https:\/\/fireware.nl\/de\/wp-json\/wp\/v2\/product"}],"about":[{"href":"https:\/\/fireware.nl\/de\/wp-json\/wp\/v2\/types\/product"}],"wp:featuredmedia":[{"embeddable":true,"href":"https:\/\/fireware.nl\/de\/wp-json\/wp\/v2\/media\/36960"}],"wp:attachment":[{"href":"https:\/\/fireware.nl\/de\/wp-json\/wp\/v2\/media?parent=37179"}],"wp:term":[{"taxonomy":"product_brand","embeddable":true,"href":"https:\/\/fireware.nl\/de\/wp-json\/wp\/v2\/product_brand?post=37179"},{"taxonomy":"product_cat","embeddable":true,"href":"https:\/\/fireware.nl\/de\/wp-json\/wp\/v2\/product_cat?post=37179"},{"taxonomy":"product_tag","embeddable":true,"href":"https:\/\/fireware.nl\/de\/wp-json\/wp\/v2\/product_tag?post=37179"}],"curies":[{"name":"wp","href":"https:\/\/api.w.org\/{rel}","templated":true}]}}