
{"id":37183,"date":"2019-11-04T10:49:07","date_gmt":"2019-11-04T10:49:07","guid":{"rendered":"https:\/\/fireware.nl\/product\/vesta-erweiterungsadapter-fur-haagen-flt-ht\/"},"modified":"2023-01-17T13:18:04","modified_gmt":"2023-01-17T13:18:04","slug":"vesta-erweiterungsadapter-fur-haagen-flt-ht","status":"publish","type":"product","link":"https:\/\/fireware.nl\/de\/product\/vesta-erweiterungsadapter-fur-haagen-flt-ht\/","title":{"rendered":"Vesta Erweiterungsadapter f\u00fcr Haagen \/ FLT \/ HT"},"content":{"rendered":"<h2>Kombinieren Sie die Vesta mit Aufs\u00e4tzen anderer Marken<\/h2>\n<p>Der \u00dcbergang zu einem L\u00f6schtrainer einer anderen Marke ist auf dem ersten Blick eine hohe H\u00fcrde. Jahrelang haben Sie investiert in diverse Aufs\u00e4tze einer bestimmten Marke, sodass die Lehrgangsteilnehmer bei jedem Auffrischungskurs mit einer neuen Herausforderung konfrontiert werden k\u00f6nnen. Ein Wechsel zu einem neuen L\u00f6schtrainer w\u00fcrde bedeuten, dass die Investitionen verloren sind. Da bietet der Adapterring f\u00fcr die FireWare Vesta einen Ausweg.<\/p>\n<h3>Machen Sie die Vesta vielseitig einsetzbar<\/h3>\n<p>Mit den Erweiterungsadapter f\u00fcr Haagen-, FLT- und HT-Aufs\u00e4tze machen Sie die <a href=\"https:\/\/fireware.nl\/de\/produkt\/vesta-loeschtrainer\/\">Vesta<\/a> vielseitig einsetzbar. Der Aufsatz ist in verschiedenen Versionen erh\u00e4ltlich. Setzen Sie den Adapter einfach auf die FireWare Vesta und Sie k\u00f6nnen die Aufs\u00e4tze dieser Marken auf dem L\u00f6schtrainer verwenden. Der Erweiterungsadapter besteht aus rostfreiem Edelstahl und wird in einer praktischen Kunststoffkiste mit den Abmessungen 60 x 40 x 32,5 cm geliefert.<\/p>\n<p>Wollen Sie wissen, ob die in Ihrem Besitz befindlichen Aufs\u00e4tze geeignet sind? Nehmen Sie dann <a href=\"https:\/\/fireware.nl\/de\/kontakt\/\">Kontakt<\/a> mit uns auf.<\/p>\n","protected":false},"excerpt":{"rendered":"<ul>\n<li>Adapter f\u00fcr die <a href=\"https:\/\/fireware.nl\/de\/produkt\/vesta-loeschtrainer\/\">FireWare Vesta<\/a>.<\/li>\n<li>F\u00fcr den Einsatz von Aufs\u00e4tzen anderer Marken.<\/li>\n<li>Erh\u00e4ltlich in verschiedenen Ausf\u00fchrungen.<\/li>\n<li>Hergestellt aus hochwertigem Edelstahl.<\/li>\n<li>Geliefert in einer praktischen Kunststoffkiste von 60 x 40 x 32,5 cm.<\/li>\n<\/ul>\n","protected":false},"featured_media":36828,"template":"","meta":[],"product_brand":[],"product_cat":[74],"product_tag":[],"class_list":{"0":"post-37183","1":"product","2":"type-product","3":"status-publish","4":"has-post-thumbnail","6":"product_cat-attrappen-fuer-loeschtrainer","7":"pa_optie-adapter-flt-de","8":"pa_optie-adapter-haagen-de","9":"pa_optie-adapter-ht-de","11":"first","12":"instock","13":"taxable","14":"shipping-taxable","15":"purchasable","16":"product-type-variable"},"yoast_head":"<!-- This site is optimized with the Yoast SEO plugin v27.5 - https:\/\/yoast.com\/product\/yoast-seo-wordpress\/ -->\n<title>Vesta Erweiterungsadapter f\u00fcr Haagen \/ FLT \/ HT - FireWare<\/title>\n<meta name=\"robots\" content=\"index, follow, max-snippet:-1, max-image-preview:large, max-video-preview:-1\" \/>\n<link rel=\"canonical\" href=\"https:\/\/fireware.nl\/de\/product\/vesta-erweiterungsadapter-fur-haagen-flt-ht\/\" \/>\n<meta property=\"og:locale\" content=\"de_DE\" \/>\n<meta property=\"og:type\" content=\"article\" \/>\n<meta property=\"og:title\" content=\"Vesta Erweiterungsadapter f\u00fcr Haagen \/ FLT \/ HT - FireWare\" \/>\n<meta property=\"og:description\" content=\"Adapter f\u00fcr die FireWare Vesta.  F\u00fcr den Einsatz von Aufs\u00e4tzen anderer Marken.  Erh\u00e4ltlich in verschiedenen Ausf\u00fchrungen.  Hergestellt aus hochwertigem Edelstahl.  Geliefert in einer praktischen Kunststoffkiste von 60 x 40 x 32,5 cm.\" \/>\n<meta property=\"og:url\" content=\"https:\/\/fireware.nl\/de\/product\/vesta-erweiterungsadapter-fur-haagen-flt-ht\/\" \/>\n<meta property=\"og:site_name\" content=\"FireWare\" \/>\n<meta property=\"article:publisher\" content=\"https:\/\/www.facebook.com\/FireWareBV\/\" \/>\n<meta property=\"article:modified_time\" content=\"2023-01-17T13:18:04+00:00\" \/>\n<meta property=\"og:image\" content=\"https:\/\/fireware.nl\/wp-content\/uploads\/2019\/11\/049-012-019-Add-on-Adapter-Haagen.jpg\" \/>\n\t<meta property=\"og:image:width\" content=\"600\" \/>\n\t<meta property=\"og:image:height\" content=\"600\" \/>\n\t<meta property=\"og:image:type\" content=\"image\/jpeg\" \/>\n<meta name=\"twitter:card\" content=\"summary_large_image\" \/>\n<meta name=\"twitter:site\" content=\"@FireWarebv\" \/>\n<meta name=\"twitter:label1\" content=\"Gesch\u00e4tzte Lesezeit\" \/>\n\t<meta name=\"twitter:data1\" content=\"1\u00a0Minute\" \/>\n<script type=\"application\/ld+json\" class=\"yoast-schema-graph\">{\"@context\":\"https:\\\/\\\/schema.org\",\"@graph\":[{\"@type\":\"WebPage\",\"@id\":\"https:\\\/\\\/fireware.nl\\\/de\\\/product\\\/vesta-erweiterungsadapter-fur-haagen-flt-ht\\\/\",\"url\":\"https:\\\/\\\/fireware.nl\\\/de\\\/product\\\/vesta-erweiterungsadapter-fur-haagen-flt-ht\\\/\",\"name\":\"Vesta Erweiterungsadapter f\u00fcr Haagen \\\/ FLT \\\/ HT - FireWare\",\"isPartOf\":{\"@id\":\"https:\\\/\\\/fireware.nl\\\/de\\\/#website\"},\"primaryImageOfPage\":{\"@id\":\"https:\\\/\\\/fireware.nl\\\/de\\\/product\\\/vesta-erweiterungsadapter-fur-haagen-flt-ht\\\/#primaryimage\"},\"image\":{\"@id\":\"https:\\\/\\\/fireware.nl\\\/de\\\/product\\\/vesta-erweiterungsadapter-fur-haagen-flt-ht\\\/#primaryimage\"},\"thumbnailUrl\":\"https:\\\/\\\/fireware.nl\\\/wp-content\\\/uploads\\\/2019\\\/11\\\/049-012-019-Add-on-Adapter-Haagen.jpg\",\"datePublished\":\"2019-11-04T10:49:07+00:00\",\"dateModified\":\"2023-01-17T13:18:04+00:00\",\"breadcrumb\":{\"@id\":\"https:\\\/\\\/fireware.nl\\\/de\\\/product\\\/vesta-erweiterungsadapter-fur-haagen-flt-ht\\\/#breadcrumb\"},\"inLanguage\":\"de\",\"potentialAction\":[{\"@type\":\"ReadAction\",\"target\":[\"https:\\\/\\\/fireware.nl\\\/de\\\/product\\\/vesta-erweiterungsadapter-fur-haagen-flt-ht\\\/\"]}]},{\"@type\":\"ImageObject\",\"inLanguage\":\"de\",\"@id\":\"https:\\\/\\\/fireware.nl\\\/de\\\/product\\\/vesta-erweiterungsadapter-fur-haagen-flt-ht\\\/#primaryimage\",\"url\":\"https:\\\/\\\/fireware.nl\\\/wp-content\\\/uploads\\\/2019\\\/11\\\/049-012-019-Add-on-Adapter-Haagen.jpg\",\"contentUrl\":\"https:\\\/\\\/fireware.nl\\\/wp-content\\\/uploads\\\/2019\\\/11\\\/049-012-019-Add-on-Adapter-Haagen.jpg\",\"width\":600,\"height\":600},{\"@type\":\"BreadcrumbList\",\"@id\":\"https:\\\/\\\/fireware.nl\\\/de\\\/product\\\/vesta-erweiterungsadapter-fur-haagen-flt-ht\\\/#breadcrumb\",\"itemListElement\":[{\"@type\":\"ListItem\",\"position\":1,\"name\":\"Home\",\"item\":\"https:\\\/\\\/fireware.nl\\\/de\\\/\"},{\"@type\":\"ListItem\",\"position\":2,\"name\":\"Produkte\",\"item\":\"https:\\\/\\\/fireware.nl\\\/de\\\/produkte\\\/\"},{\"@type\":\"ListItem\",\"position\":3,\"name\":\"Vesta Erweiterungsadapter f\u00fcr Haagen \\\/ FLT \\\/ HT\"}]},{\"@type\":\"WebSite\",\"@id\":\"https:\\\/\\\/fireware.nl\\\/de\\\/#website\",\"url\":\"https:\\\/\\\/fireware.nl\\\/de\\\/\",\"name\":\"FireWare\",\"description\":\"CREATING REALISTIC  TRAINING ENVIRONMENTS\",\"publisher\":{\"@id\":\"https:\\\/\\\/fireware.nl\\\/de\\\/#organization\"},\"potentialAction\":[{\"@type\":\"SearchAction\",\"target\":{\"@type\":\"EntryPoint\",\"urlTemplate\":\"https:\\\/\\\/fireware.nl\\\/de\\\/?s={search_term_string}\"},\"query-input\":{\"@type\":\"PropertyValueSpecification\",\"valueRequired\":true,\"valueName\":\"search_term_string\"}}],\"inLanguage\":\"de\"},{\"@type\":\"Organization\",\"@id\":\"https:\\\/\\\/fireware.nl\\\/de\\\/#organization\",\"name\":\"FireWare\",\"url\":\"https:\\\/\\\/fireware.nl\\\/de\\\/\",\"logo\":{\"@type\":\"ImageObject\",\"inLanguage\":\"de\",\"@id\":\"https:\\\/\\\/fireware.nl\\\/de\\\/#\\\/schema\\\/logo\\\/image\\\/\",\"url\":\"https:\\\/\\\/fireware.nl\\\/wp-content\\\/uploads\\\/2018\\\/10\\\/FireWare-logo.jpg\",\"contentUrl\":\"https:\\\/\\\/fireware.nl\\\/wp-content\\\/uploads\\\/2018\\\/10\\\/FireWare-logo.jpg\",\"width\":171,\"height\":70,\"caption\":\"FireWare\"},\"image\":{\"@id\":\"https:\\\/\\\/fireware.nl\\\/de\\\/#\\\/schema\\\/logo\\\/image\\\/\"},\"sameAs\":[\"https:\\\/\\\/www.facebook.com\\\/FireWareBV\\\/\",\"https:\\\/\\\/x.com\\\/FireWarebv\",\"https:\\\/\\\/www.instagram.com\\\/fireware_nl\\\/\",\"https:\\\/\\\/www.linkedin.com\\\/company\\\/3586017\\\/\",\"https:\\\/\\\/www.youtube.com\\\/user\\\/firesalesrentconsult\"]}]}<\/script>\n<!-- \/ Yoast SEO plugin. -->","yoast_head_json":{"title":"Vesta Erweiterungsadapter f\u00fcr Haagen \/ FLT \/ HT - FireWare","robots":{"index":"index","follow":"follow","max-snippet":"max-snippet:-1","max-image-preview":"max-image-preview:large","max-video-preview":"max-video-preview:-1"},"canonical":"https:\/\/fireware.nl\/de\/product\/vesta-erweiterungsadapter-fur-haagen-flt-ht\/","og_locale":"de_DE","og_type":"article","og_title":"Vesta Erweiterungsadapter f\u00fcr Haagen \/ FLT \/ HT - FireWare","og_description":"Adapter f\u00fcr die FireWare Vesta.  F\u00fcr den Einsatz von Aufs\u00e4tzen anderer Marken.  Erh\u00e4ltlich in verschiedenen Ausf\u00fchrungen.  Hergestellt aus hochwertigem Edelstahl.  Geliefert in einer praktischen Kunststoffkiste von 60 x 40 x 32,5 cm.","og_url":"https:\/\/fireware.nl\/de\/product\/vesta-erweiterungsadapter-fur-haagen-flt-ht\/","og_site_name":"FireWare","article_publisher":"https:\/\/www.facebook.com\/FireWareBV\/","article_modified_time":"2023-01-17T13:18:04+00:00","og_image":[{"width":600,"height":600,"url":"https:\/\/fireware.nl\/wp-content\/uploads\/2019\/11\/049-012-019-Add-on-Adapter-Haagen.jpg","type":"image\/jpeg"}],"twitter_card":"summary_large_image","twitter_site":"@FireWarebv","twitter_misc":{"Gesch\u00e4tzte Lesezeit":"1\u00a0Minute"},"schema":{"@context":"https:\/\/schema.org","@graph":[{"@type":"WebPage","@id":"https:\/\/fireware.nl\/de\/product\/vesta-erweiterungsadapter-fur-haagen-flt-ht\/","url":"https:\/\/fireware.nl\/de\/product\/vesta-erweiterungsadapter-fur-haagen-flt-ht\/","name":"Vesta Erweiterungsadapter f\u00fcr Haagen \/ FLT \/ HT - FireWare","isPartOf":{"@id":"https:\/\/fireware.nl\/de\/#website"},"primaryImageOfPage":{"@id":"https:\/\/fireware.nl\/de\/product\/vesta-erweiterungsadapter-fur-haagen-flt-ht\/#primaryimage"},"image":{"@id":"https:\/\/fireware.nl\/de\/product\/vesta-erweiterungsadapter-fur-haagen-flt-ht\/#primaryimage"},"thumbnailUrl":"https:\/\/fireware.nl\/wp-content\/uploads\/2019\/11\/049-012-019-Add-on-Adapter-Haagen.jpg","datePublished":"2019-11-04T10:49:07+00:00","dateModified":"2023-01-17T13:18:04+00:00","breadcrumb":{"@id":"https:\/\/fireware.nl\/de\/product\/vesta-erweiterungsadapter-fur-haagen-flt-ht\/#breadcrumb"},"inLanguage":"de","potentialAction":[{"@type":"ReadAction","target":["https:\/\/fireware.nl\/de\/product\/vesta-erweiterungsadapter-fur-haagen-flt-ht\/"]}]},{"@type":"ImageObject","inLanguage":"de","@id":"https:\/\/fireware.nl\/de\/product\/vesta-erweiterungsadapter-fur-haagen-flt-ht\/#primaryimage","url":"https:\/\/fireware.nl\/wp-content\/uploads\/2019\/11\/049-012-019-Add-on-Adapter-Haagen.jpg","contentUrl":"https:\/\/fireware.nl\/wp-content\/uploads\/2019\/11\/049-012-019-Add-on-Adapter-Haagen.jpg","width":600,"height":600},{"@type":"BreadcrumbList","@id":"https:\/\/fireware.nl\/de\/product\/vesta-erweiterungsadapter-fur-haagen-flt-ht\/#breadcrumb","itemListElement":[{"@type":"ListItem","position":1,"name":"Home","item":"https:\/\/fireware.nl\/de\/"},{"@type":"ListItem","position":2,"name":"Produkte","item":"https:\/\/fireware.nl\/de\/produkte\/"},{"@type":"ListItem","position":3,"name":"Vesta Erweiterungsadapter f\u00fcr Haagen \/ FLT \/ HT"}]},{"@type":"WebSite","@id":"https:\/\/fireware.nl\/de\/#website","url":"https:\/\/fireware.nl\/de\/","name":"FireWare","description":"CREATING REALISTIC  TRAINING ENVIRONMENTS","publisher":{"@id":"https:\/\/fireware.nl\/de\/#organization"},"potentialAction":[{"@type":"SearchAction","target":{"@type":"EntryPoint","urlTemplate":"https:\/\/fireware.nl\/de\/?s={search_term_string}"},"query-input":{"@type":"PropertyValueSpecification","valueRequired":true,"valueName":"search_term_string"}}],"inLanguage":"de"},{"@type":"Organization","@id":"https:\/\/fireware.nl\/de\/#organization","name":"FireWare","url":"https:\/\/fireware.nl\/de\/","logo":{"@type":"ImageObject","inLanguage":"de","@id":"https:\/\/fireware.nl\/de\/#\/schema\/logo\/image\/","url":"https:\/\/fireware.nl\/wp-content\/uploads\/2018\/10\/FireWare-logo.jpg","contentUrl":"https:\/\/fireware.nl\/wp-content\/uploads\/2018\/10\/FireWare-logo.jpg","width":171,"height":70,"caption":"FireWare"},"image":{"@id":"https:\/\/fireware.nl\/de\/#\/schema\/logo\/image\/"},"sameAs":["https:\/\/www.facebook.com\/FireWareBV\/","https:\/\/x.com\/FireWarebv","https:\/\/www.instagram.com\/fireware_nl\/","https:\/\/www.linkedin.com\/company\/3586017\/","https:\/\/www.youtube.com\/user\/firesalesrentconsult"]}]}},"publishpress_future_workflow_manual_trigger":{"enabledWorkflows":[]},"_links":{"self":[{"href":"https:\/\/fireware.nl\/de\/wp-json\/wp\/v2\/product\/37183","targetHints":{"allow":["GET"]}}],"collection":[{"href":"https:\/\/fireware.nl\/de\/wp-json\/wp\/v2\/product"}],"about":[{"href":"https:\/\/fireware.nl\/de\/wp-json\/wp\/v2\/types\/product"}],"wp:featuredmedia":[{"embeddable":true,"href":"https:\/\/fireware.nl\/de\/wp-json\/wp\/v2\/media\/36828"}],"wp:attachment":[{"href":"https:\/\/fireware.nl\/de\/wp-json\/wp\/v2\/media?parent=37183"}],"wp:term":[{"taxonomy":"product_brand","embeddable":true,"href":"https:\/\/fireware.nl\/de\/wp-json\/wp\/v2\/product_brand?post=37183"},{"taxonomy":"product_cat","embeddable":true,"href":"https:\/\/fireware.nl\/de\/wp-json\/wp\/v2\/product_cat?post=37183"},{"taxonomy":"product_tag","embeddable":true,"href":"https:\/\/fireware.nl\/de\/wp-json\/wp\/v2\/product_tag?post=37183"}],"curies":[{"name":"wp","href":"https:\/\/api.w.org\/{rel}","templated":true}]}}