
{"id":37348,"date":"2019-11-04T14:53:24","date_gmt":"2019-11-04T14:53:24","guid":{"rendered":"https:\/\/fireware.nl\/product\/ubungspuppe-patientenpflege\/"},"modified":"2025-05-28T11:48:14","modified_gmt":"2025-05-28T11:48:14","slug":"ubungspuppe-patientenpflege","status":"publish","type":"product","link":"https:\/\/fireware.nl\/de\/product\/ubungspuppe-patientenpflege\/","title":{"rendered":"Ruth Lee \u00dcbungspuppe Patientenpflege"},"content":{"rendered":"\r\n<h2>Ruth Lee \u00dcbungspuppen<\/h2>\r\n<p>Die Ruth Lee \u00dcbungspuppen sind f\u00fcr realistische und effektive Schulungen konzipiert. Diese Puppen sind bekannt f\u00fcr ihre Langlebigkeit und Vielseitigkeit und sind ideal f\u00fcr das Training von Feuerwehr, Betrieblichen Ersthelfern (BHV), Rettungsdiensten und anderen Hilfsdiensten. Mit Ruth Lee \u00dcbungspuppen simuliert man realistische Szenarien, wodurch Einsatzkr\u00e4fte besser auf echte Notfallsituationen vorbereitet sind. Das Sortiment umfasst Puppen f\u00fcr verschiedene Trainings und in unterschiedlichen Gr\u00f6\u00dfen und Gewichten.<\/p>\r\n<h2>Bereiten Sie Ihre Lehrgangsteilnehmer auf Szenarien im Pflegesektor vor<\/h2>\r\n<p>Arbeitnehmer, die im Pflegesektor t\u00e4tig sind, haben ein hohes Risiko eine R\u00fcckenverletzung als Folge einer falsch ausgef\u00fchrten Pflegedienstleistung zu erleiden. Genau zur Vorbereitung auf diese T\u00e4tigkeit wurde dieser Patientendummy entwickelt.<\/p>\r\n<h2>Verhindern Sie zuk\u00fcnftig Verletzungen mithilfe einer guten Vorbereitung<\/h2>\r\n<p>Die \u00dcbungspuppe Patientenpflege ist ein vielseitiger Dummy f\u00fcr fast alle \u00dcbungen im Pflegebereich und im Krankenhaussektor. Mithilfe dieser \u00dcbungspuppe bereiten Sie Ihre Lehrgangsteilnehmer auf verschiedene Hebe- und Transporthandlungen vor, die sie in ihrem sp\u00e4teren Berufsleben ausf\u00fchren werden. Denken Sie dabei eine fr\u00fche Mobilisierung, an eine Notfallr\u00e4umung eines Geb\u00e4udes und an die Arbeit mit einer Hebeapparatur. Lassen Sie die Lehrgangsteilnehmer die notwendigen pflegeberuflichen T\u00e4tigkeit auf die richtige Art und Weise ausf\u00fchren.<\/p>\r\n<p>Pflegekr\u00e4fte haben gegen\u00fcber Arbeitern in anderen Branchen ein erh\u00f6htes Risiko, eine R\u00fcckenverletzung zu erleiden. Darum ist eine gute Vorbereitung auf schwere Handlungen von enormer Wichtigkeit. Die \u00dcbungspuppe besitzt ein realistisches Gewichtsverh\u00e4ltnis, wodurch sie sich realistisch wie ein richtiger Patient anf\u00fchlt. Da der R\u00fccken aus Kunststoff hergestellt ist, kann der Dummy sowohl im Bett als auch im Rollstuhl aufrecht sitzen. Beim Einsatz einer Hebeapparatur simuliert die \u00dcbungspuppe ein bewusstloses Opfer. Es kann ein Immobilisierungskragen um den Hals verwendet werden, um die korrekte Opferpflege anzuspornen.<\/p>\r\n<p>Kunststoffstreifen im Oberschenkel verhindern ein zu starkes Beugen beim Heben. Die Arme und Unterschenkel sind abnehmbar, um einen Patienten mit Amputationen zu simulieren. Ausgestattet mit Klettverschluss an den Handgelenken, um die Arme zusammenzuhalten und an einem Bettgalgen festzuhalten.<\/p>\r\n<p>Die \u00dcbungspuppe Patientenpflege ist in einer 30-Kilogramm- und einer 50-Kilogramm-Version erh\u00e4ltlich. Die 30 Kilogramm schwere Puppe wird mit gewichteten und weichen Pantoffeln geliefert.Die gewichteten Pantoffeln sind f\u00fcr Rollstuhl-Szenarien, die weichen Pantoffeln sind f\u00fcr Hebe- und Hebe-Szenarien. Die 50 Kilogramm schwere Puppe wird nur mit beschwerten F\u00fc\u00dfen geliefert.<\/p>\r\n<h2>Sehen Sie sich das Video an<\/h2>\r\n<p><iframe loading=\"lazy\" title=\"YouTube video player\" src=\"https:\/\/www.youtube.com\/embed\/o6LZswmEodU\" width=\"560\" height=\"315\" frameborder=\"0\" allowfullscreen=\"allowfullscreen\"><\/iframe><\/p>\r\n","protected":false},"excerpt":{"rendered":"<ul>\n<li>Speziell zum \u00dcben diverser Szenarien im Pflegebereich entwickelt.<\/li>\n<li>Realistisches Verh\u00e4ltnis zwischen Gr\u00f6\u00dfe und Gewicht. Die \u00dcbungspuppe f\u00fchlt sich wie ein bewusstloser Patient an.<\/li>\n<li>Geeignet, um im Bett oder in einem Rollstuhl aufrecht platziert zu werden.<\/li>\n<li>Kunststoffstreifen im Oberschenkel verhindern ein zu starkes Beugen beim Heben.<\/li>\n<li>Die Arme und Unterschenkel sind abnehmbar, um einen Patienten mit Amputationen zu simulieren.<\/li>\n<li>Ausgestattet mit Klettverschluss an den Handgelenken, um die Arme zusammenzuhalten und an einem Bettgalgen festzuhalten.<\/li>\n<li>Ausgestattet mit einer Schlaufe im Nacken zum einfachen Anheben und Aufbewahren.<\/li>\n<li>M\u00f6glichkeit der Verwendung eines Halskragens.<\/li>\n<li>Wird mit Pantoffeln geliefert, die man einfach austauschen kann, wenn sie besch\u00e4digt worden sind.<\/li>\n<li>Verf\u00fcgbar in den Varianten 30 kg und 50 kg.<\/li>\n<\/ul>\n","protected":false},"featured_media":63851,"template":"","meta":[],"product_brand":[],"product_cat":[2185],"product_tag":[],"class_list":{"0":"post-37348","1":"product","2":"type-product","3":"status-publish","4":"has-post-thumbnail","6":"product_cat-pflegepuppen","7":"pa_gewicht-lengte-30kg-165cm-de","8":"pa_gewicht-lengte-50kg-165cm-de","10":"first","11":"instock","12":"taxable","13":"shipping-taxable","14":"purchasable","15":"product-type-variable"},"yoast_head":"<!-- This site is optimized with the Yoast SEO plugin v27.5 - https:\/\/yoast.com\/product\/yoast-seo-wordpress\/ -->\n<title>Ruth Lee \u00dcbungspuppe Patientenpflege - FireWare<\/title>\n<meta name=\"robots\" content=\"index, follow, max-snippet:-1, max-image-preview:large, max-video-preview:-1\" \/>\n<link rel=\"canonical\" href=\"https:\/\/fireware.nl\/de\/product\/ubungspuppe-patientenpflege\/\" \/>\n<meta property=\"og:locale\" content=\"de_DE\" \/>\n<meta property=\"og:type\" content=\"article\" \/>\n<meta property=\"og:title\" content=\"Ruth Lee \u00dcbungspuppe Patientenpflege - FireWare\" \/>\n<meta property=\"og:description\" content=\"Speziell zum \u00dcben diverser Szenarien im Pflegebereich entwickelt. Realistisches Verh\u00e4ltnis zwischen Gr\u00f6\u00dfe und Gewicht. Die \u00dcbungspuppe f\u00fchlt sich wie ein bewusstloser Patient an. Geeignet, um im Bett oder in einem Rollstuhl aufrecht platziert zu werden. Kunststoffstreifen im Oberschenkel verhindern ein zu starkes Beugen beim Heben. Die Arme und Unterschenkel sind abnehmbar, um einen Patienten mit Amputationen zu simulieren. Ausgestattet mit Klettverschluss an den Handgelenken, um die Arme zusammenzuhalten und an einem Bettgalgen festzuhalten. Ausgestattet mit einer Schlaufe im Nacken zum einfachen Anheben und Aufbewahren. M\u00f6glichkeit der Verwendung eines Halskragens. Wird mit Pantoffeln geliefert, die man einfach austauschen kann, wenn sie besch\u00e4digt worden sind. Verf\u00fcgbar in den Varianten 30 kg und 50 kg.\" \/>\n<meta property=\"og:url\" content=\"https:\/\/fireware.nl\/de\/product\/ubungspuppe-patientenpflege\/\" \/>\n<meta property=\"og:site_name\" content=\"FireWare\" \/>\n<meta property=\"article:publisher\" content=\"https:\/\/www.facebook.com\/FireWareBV\/\" \/>\n<meta property=\"article:modified_time\" content=\"2025-05-28T11:48:14+00:00\" \/>\n<meta property=\"og:image\" content=\"https:\/\/fireware.nl\/wp-content\/uploads\/2019\/11\/017-043-109-Patient-Handling-Manikin-10.jpg\" \/>\n\t<meta property=\"og:image:width\" content=\"600\" \/>\n\t<meta property=\"og:image:height\" content=\"600\" \/>\n\t<meta property=\"og:image:type\" content=\"image\/jpeg\" \/>\n<meta name=\"twitter:card\" content=\"summary_large_image\" \/>\n<meta name=\"twitter:site\" content=\"@FireWarebv\" \/>\n<meta name=\"twitter:label1\" content=\"Gesch\u00e4tzte Lesezeit\" \/>\n\t<meta name=\"twitter:data1\" content=\"2\u00a0Minuten\" \/>\n<script type=\"application\/ld+json\" class=\"yoast-schema-graph\">{\"@context\":\"https:\\\/\\\/schema.org\",\"@graph\":[{\"@type\":\"WebPage\",\"@id\":\"https:\\\/\\\/fireware.nl\\\/de\\\/product\\\/ubungspuppe-patientenpflege\\\/\",\"url\":\"https:\\\/\\\/fireware.nl\\\/de\\\/product\\\/ubungspuppe-patientenpflege\\\/\",\"name\":\"Ruth Lee \u00dcbungspuppe Patientenpflege - FireWare\",\"isPartOf\":{\"@id\":\"https:\\\/\\\/fireware.nl\\\/de\\\/#website\"},\"primaryImageOfPage\":{\"@id\":\"https:\\\/\\\/fireware.nl\\\/de\\\/product\\\/ubungspuppe-patientenpflege\\\/#primaryimage\"},\"image\":{\"@id\":\"https:\\\/\\\/fireware.nl\\\/de\\\/product\\\/ubungspuppe-patientenpflege\\\/#primaryimage\"},\"thumbnailUrl\":\"https:\\\/\\\/fireware.nl\\\/wp-content\\\/uploads\\\/2019\\\/11\\\/017-043-109-Patient-Handling-Manikin-10.jpg\",\"datePublished\":\"2019-11-04T14:53:24+00:00\",\"dateModified\":\"2025-05-28T11:48:14+00:00\",\"breadcrumb\":{\"@id\":\"https:\\\/\\\/fireware.nl\\\/de\\\/product\\\/ubungspuppe-patientenpflege\\\/#breadcrumb\"},\"inLanguage\":\"de\",\"potentialAction\":[{\"@type\":\"ReadAction\",\"target\":[\"https:\\\/\\\/fireware.nl\\\/de\\\/product\\\/ubungspuppe-patientenpflege\\\/\"]}]},{\"@type\":\"ImageObject\",\"inLanguage\":\"de\",\"@id\":\"https:\\\/\\\/fireware.nl\\\/de\\\/product\\\/ubungspuppe-patientenpflege\\\/#primaryimage\",\"url\":\"https:\\\/\\\/fireware.nl\\\/wp-content\\\/uploads\\\/2019\\\/11\\\/017-043-109-Patient-Handling-Manikin-10.jpg\",\"contentUrl\":\"https:\\\/\\\/fireware.nl\\\/wp-content\\\/uploads\\\/2019\\\/11\\\/017-043-109-Patient-Handling-Manikin-10.jpg\",\"width\":600,\"height\":600},{\"@type\":\"BreadcrumbList\",\"@id\":\"https:\\\/\\\/fireware.nl\\\/de\\\/product\\\/ubungspuppe-patientenpflege\\\/#breadcrumb\",\"itemListElement\":[{\"@type\":\"ListItem\",\"position\":1,\"name\":\"Home\",\"item\":\"https:\\\/\\\/fireware.nl\\\/de\\\/\"},{\"@type\":\"ListItem\",\"position\":2,\"name\":\"Produkte\",\"item\":\"https:\\\/\\\/fireware.nl\\\/de\\\/produkte\\\/\"},{\"@type\":\"ListItem\",\"position\":3,\"name\":\"Ruth Lee \u00dcbungspuppe Patientenpflege\"}]},{\"@type\":\"WebSite\",\"@id\":\"https:\\\/\\\/fireware.nl\\\/de\\\/#website\",\"url\":\"https:\\\/\\\/fireware.nl\\\/de\\\/\",\"name\":\"FireWare\",\"description\":\"CREATING REALISTIC  TRAINING ENVIRONMENTS\",\"publisher\":{\"@id\":\"https:\\\/\\\/fireware.nl\\\/de\\\/#organization\"},\"potentialAction\":[{\"@type\":\"SearchAction\",\"target\":{\"@type\":\"EntryPoint\",\"urlTemplate\":\"https:\\\/\\\/fireware.nl\\\/de\\\/?s={search_term_string}\"},\"query-input\":{\"@type\":\"PropertyValueSpecification\",\"valueRequired\":true,\"valueName\":\"search_term_string\"}}],\"inLanguage\":\"de\"},{\"@type\":\"Organization\",\"@id\":\"https:\\\/\\\/fireware.nl\\\/de\\\/#organization\",\"name\":\"FireWare\",\"url\":\"https:\\\/\\\/fireware.nl\\\/de\\\/\",\"logo\":{\"@type\":\"ImageObject\",\"inLanguage\":\"de\",\"@id\":\"https:\\\/\\\/fireware.nl\\\/de\\\/#\\\/schema\\\/logo\\\/image\\\/\",\"url\":\"https:\\\/\\\/fireware.nl\\\/wp-content\\\/uploads\\\/2018\\\/10\\\/FireWare-logo.jpg\",\"contentUrl\":\"https:\\\/\\\/fireware.nl\\\/wp-content\\\/uploads\\\/2018\\\/10\\\/FireWare-logo.jpg\",\"width\":171,\"height\":70,\"caption\":\"FireWare\"},\"image\":{\"@id\":\"https:\\\/\\\/fireware.nl\\\/de\\\/#\\\/schema\\\/logo\\\/image\\\/\"},\"sameAs\":[\"https:\\\/\\\/www.facebook.com\\\/FireWareBV\\\/\",\"https:\\\/\\\/x.com\\\/FireWarebv\",\"https:\\\/\\\/www.instagram.com\\\/fireware_nl\\\/\",\"https:\\\/\\\/www.linkedin.com\\\/company\\\/3586017\\\/\",\"https:\\\/\\\/www.youtube.com\\\/user\\\/firesalesrentconsult\"]}]}<\/script>\n<!-- \/ Yoast SEO plugin. -->","yoast_head_json":{"title":"Ruth Lee \u00dcbungspuppe Patientenpflege - FireWare","robots":{"index":"index","follow":"follow","max-snippet":"max-snippet:-1","max-image-preview":"max-image-preview:large","max-video-preview":"max-video-preview:-1"},"canonical":"https:\/\/fireware.nl\/de\/product\/ubungspuppe-patientenpflege\/","og_locale":"de_DE","og_type":"article","og_title":"Ruth Lee \u00dcbungspuppe Patientenpflege - FireWare","og_description":"Speziell zum \u00dcben diverser Szenarien im Pflegebereich entwickelt. Realistisches Verh\u00e4ltnis zwischen Gr\u00f6\u00dfe und Gewicht. Die \u00dcbungspuppe f\u00fchlt sich wie ein bewusstloser Patient an. Geeignet, um im Bett oder in einem Rollstuhl aufrecht platziert zu werden. Kunststoffstreifen im Oberschenkel verhindern ein zu starkes Beugen beim Heben. Die Arme und Unterschenkel sind abnehmbar, um einen Patienten mit Amputationen zu simulieren. Ausgestattet mit Klettverschluss an den Handgelenken, um die Arme zusammenzuhalten und an einem Bettgalgen festzuhalten. Ausgestattet mit einer Schlaufe im Nacken zum einfachen Anheben und Aufbewahren. M\u00f6glichkeit der Verwendung eines Halskragens. Wird mit Pantoffeln geliefert, die man einfach austauschen kann, wenn sie besch\u00e4digt worden sind. Verf\u00fcgbar in den Varianten 30 kg und 50 kg.","og_url":"https:\/\/fireware.nl\/de\/product\/ubungspuppe-patientenpflege\/","og_site_name":"FireWare","article_publisher":"https:\/\/www.facebook.com\/FireWareBV\/","article_modified_time":"2025-05-28T11:48:14+00:00","og_image":[{"width":600,"height":600,"url":"https:\/\/fireware.nl\/wp-content\/uploads\/2019\/11\/017-043-109-Patient-Handling-Manikin-10.jpg","type":"image\/jpeg"}],"twitter_card":"summary_large_image","twitter_site":"@FireWarebv","twitter_misc":{"Gesch\u00e4tzte Lesezeit":"2\u00a0Minuten"},"schema":{"@context":"https:\/\/schema.org","@graph":[{"@type":"WebPage","@id":"https:\/\/fireware.nl\/de\/product\/ubungspuppe-patientenpflege\/","url":"https:\/\/fireware.nl\/de\/product\/ubungspuppe-patientenpflege\/","name":"Ruth Lee \u00dcbungspuppe Patientenpflege - FireWare","isPartOf":{"@id":"https:\/\/fireware.nl\/de\/#website"},"primaryImageOfPage":{"@id":"https:\/\/fireware.nl\/de\/product\/ubungspuppe-patientenpflege\/#primaryimage"},"image":{"@id":"https:\/\/fireware.nl\/de\/product\/ubungspuppe-patientenpflege\/#primaryimage"},"thumbnailUrl":"https:\/\/fireware.nl\/wp-content\/uploads\/2019\/11\/017-043-109-Patient-Handling-Manikin-10.jpg","datePublished":"2019-11-04T14:53:24+00:00","dateModified":"2025-05-28T11:48:14+00:00","breadcrumb":{"@id":"https:\/\/fireware.nl\/de\/product\/ubungspuppe-patientenpflege\/#breadcrumb"},"inLanguage":"de","potentialAction":[{"@type":"ReadAction","target":["https:\/\/fireware.nl\/de\/product\/ubungspuppe-patientenpflege\/"]}]},{"@type":"ImageObject","inLanguage":"de","@id":"https:\/\/fireware.nl\/de\/product\/ubungspuppe-patientenpflege\/#primaryimage","url":"https:\/\/fireware.nl\/wp-content\/uploads\/2019\/11\/017-043-109-Patient-Handling-Manikin-10.jpg","contentUrl":"https:\/\/fireware.nl\/wp-content\/uploads\/2019\/11\/017-043-109-Patient-Handling-Manikin-10.jpg","width":600,"height":600},{"@type":"BreadcrumbList","@id":"https:\/\/fireware.nl\/de\/product\/ubungspuppe-patientenpflege\/#breadcrumb","itemListElement":[{"@type":"ListItem","position":1,"name":"Home","item":"https:\/\/fireware.nl\/de\/"},{"@type":"ListItem","position":2,"name":"Produkte","item":"https:\/\/fireware.nl\/de\/produkte\/"},{"@type":"ListItem","position":3,"name":"Ruth Lee \u00dcbungspuppe Patientenpflege"}]},{"@type":"WebSite","@id":"https:\/\/fireware.nl\/de\/#website","url":"https:\/\/fireware.nl\/de\/","name":"FireWare","description":"CREATING REALISTIC  TRAINING ENVIRONMENTS","publisher":{"@id":"https:\/\/fireware.nl\/de\/#organization"},"potentialAction":[{"@type":"SearchAction","target":{"@type":"EntryPoint","urlTemplate":"https:\/\/fireware.nl\/de\/?s={search_term_string}"},"query-input":{"@type":"PropertyValueSpecification","valueRequired":true,"valueName":"search_term_string"}}],"inLanguage":"de"},{"@type":"Organization","@id":"https:\/\/fireware.nl\/de\/#organization","name":"FireWare","url":"https:\/\/fireware.nl\/de\/","logo":{"@type":"ImageObject","inLanguage":"de","@id":"https:\/\/fireware.nl\/de\/#\/schema\/logo\/image\/","url":"https:\/\/fireware.nl\/wp-content\/uploads\/2018\/10\/FireWare-logo.jpg","contentUrl":"https:\/\/fireware.nl\/wp-content\/uploads\/2018\/10\/FireWare-logo.jpg","width":171,"height":70,"caption":"FireWare"},"image":{"@id":"https:\/\/fireware.nl\/de\/#\/schema\/logo\/image\/"},"sameAs":["https:\/\/www.facebook.com\/FireWareBV\/","https:\/\/x.com\/FireWarebv","https:\/\/www.instagram.com\/fireware_nl\/","https:\/\/www.linkedin.com\/company\/3586017\/","https:\/\/www.youtube.com\/user\/firesalesrentconsult"]}]}},"publishpress_future_workflow_manual_trigger":{"enabledWorkflows":[]},"_links":{"self":[{"href":"https:\/\/fireware.nl\/de\/wp-json\/wp\/v2\/product\/37348","targetHints":{"allow":["GET"]}}],"collection":[{"href":"https:\/\/fireware.nl\/de\/wp-json\/wp\/v2\/product"}],"about":[{"href":"https:\/\/fireware.nl\/de\/wp-json\/wp\/v2\/types\/product"}],"wp:featuredmedia":[{"embeddable":true,"href":"https:\/\/fireware.nl\/de\/wp-json\/wp\/v2\/media\/63851"}],"wp:attachment":[{"href":"https:\/\/fireware.nl\/de\/wp-json\/wp\/v2\/media?parent=37348"}],"wp:term":[{"taxonomy":"product_brand","embeddable":true,"href":"https:\/\/fireware.nl\/de\/wp-json\/wp\/v2\/product_brand?post=37348"},{"taxonomy":"product_cat","embeddable":true,"href":"https:\/\/fireware.nl\/de\/wp-json\/wp\/v2\/product_cat?post=37348"},{"taxonomy":"product_tag","embeddable":true,"href":"https:\/\/fireware.nl\/de\/wp-json\/wp\/v2\/product_tag?post=37348"}],"curies":[{"name":"wp","href":"https:\/\/api.w.org\/{rel}","templated":true}]}}