
{"id":37354,"date":"2019-11-06T15:48:27","date_gmt":"2019-11-06T15:48:27","guid":{"rendered":"https:\/\/fireware.nl\/product\/mit-wasser-befullbarer-anzug-fur-ubungspuppen\/"},"modified":"2025-03-31T07:36:53","modified_gmt":"2025-03-31T07:36:53","slug":"mit-wasser-befullbarer-anzug-fur-ubungspuppen","status":"publish","type":"product","link":"https:\/\/fireware.nl\/de\/product\/mit-wasser-befullbarer-anzug-fur-ubungspuppen\/","title":{"rendered":"Mit Wasser bef\u00fcllbarer Anzug f\u00fcr \u00dcbungspuppen"},"content":{"rendered":"\r\n<h2>Ruth Lee \u00dcbungspuppen<\/h2>\r\n<p>Die Ruth Lee \u00dcbungspuppen sind f\u00fcr realistische und effektive Schulungen konzipiert. Diese Puppen sind bekannt f\u00fcr ihre Langlebigkeit und Vielseitigkeit und sind ideal f\u00fcr das Training von Feuerwehr, Betrieblichen Ersthelfern (BHV), Rettungsdiensten und anderen Hilfsdiensten. Mit Ruth Lee \u00dcbungspuppen simuliert man realistische Szenarien, wodurch Einsatzkr\u00e4fte besser auf echte Notfallsituationen vorbereitet sind. Das Sortiment umfasst Puppen f\u00fcr verschiedene Trainings und in unterschiedlichen Gr\u00f6\u00dfen und Gewichten.<\/p>\r\n<h2>Machen Sie aus Ihrer Duty-Range-\u00dcbungspuppe eine schwergewichtige \u00dcbungspuppe<\/h2>\r\n<p>Mithilfe dieses mit Wasser bef\u00fcllbaren Anzug k\u00f6nnen Sie Ihrer Duty-Range-\u00dcbungspuppe mehr Gewicht und Umfang verleihen. Somit k\u00f6nnen Sie einfach einen schwergewichtigen Dummy in ein Szenario mit eingeschr\u00e4nkter Bewegungsfreiheit platzieren.<\/p>\r\n<h3>Richten Sie selbstst\u00e4ndig und \u00fcberall des Szenario ein<\/h3>\r\n<p>Immer h\u00e4ufiger werden Hilfskr\u00e4fte zu Eins\u00e4tzen gerufen, bei denen sie es mit schwerleibigen Opfern zu tun haben. Mithilfe einer <a href=\"https:\/\/fireware.nl\/de\/produkt\/duty-range-obese\/\">Obesitas-\u00dcbungspuppe<\/a> bereiten Sie Ihre Lehrgangsteilnehmer auf die vielen Herausforderungen vor, die damit verbunden sind. Nicht jedes Szenario ist f\u00fcr den Einsatz einer Obesitas-\u00dcbungspuppe geeignet. So ist es besonders schwierig, eine \u00dcbungspuppe dieses Formats in einem Szenario mit eingeschr\u00e4nktem Bewegungsraum einzusetzen. Dann k\u00f6nnen Sie ein mit Wasser bef\u00fcllbaren Anzug f\u00fcr Ihre \u00dcbungspuppe verwenden. Setzen Sie einen erwachsenen Duty-Range-Dummy in den Raum und bef\u00fcllen Sie die Kleidung dann mit Wasser. Insgesamt kann ein Gewicht bis 150 kg beigef\u00fcllt werden. Eine \u00dcbungspuppe von 50 kg wird dann mit einem vollst\u00e4ndig bef\u00fcllten Anzug 200 kg wiegen! Da die N\u00e4hte dreifach vern\u00e4ht sind, brauchen Sie keine Angst zu haben, dass die \u00dcbungspuppe ausl\u00e4uft.<\/p>\r\n<p>Auch wenn Sie selbstst\u00e4ndig ein Szenario mit einer schwergewichtigen \u00dcbungspuppe einrichten wollen, ist das mit Wasser bef\u00fcllbare Kost\u00fcm praktisch. Beim Heben einer Obesitas-\u00dcbungspuppe sind schnell 4 bis 6 \u00dcbungsleiter n\u00f6tig. Ein mit Wasser bef\u00fcllbarer Anzug wiegt nur 5 kg.<\/p>\r\n<h3>Video<\/h3>\r\n<p><iframe loading=\"lazy\" src=\"https:\/\/www.youtube.com\/embed\/hxPsGWzsNZI\" width=\"560\" height=\"315\" frameborder=\"0\" allowfullscreen=\"allowfullscreen\"><\/iframe><\/p>\r\n","protected":false},"excerpt":{"rendered":"<ul>\n<li>Machen Sie aus Ihrer Duty-Range-\u00dcbungspuppe eine schwergewichtige \u00dcbungspuppe. F\u00fcgen Sie bis zu 150 kg an Gewicht hinzu.<\/li>\n<li>Ein \u00dcbungsleiter kann selbstst\u00e4ndig ein Szenario mit einem schwerleibigen Opfer einrichten.<\/li>\n<li>Alle N\u00e4hte sind dreifach vern\u00e4ht und per Hand mit einem wasserdichten Band versehen.<\/li>\n<li>Wird mit weichen Stiefeln, einer Tragetasche, einem Adapter und einem Wasserstr\u00f6mungsmesser geliefert.<\/li>\n<\/ul>\n","protected":false},"featured_media":36969,"template":"","meta":[],"product_brand":[],"product_cat":[2885,123],"product_tag":[],"class_list":{"0":"post-37354","1":"product","2":"type-product","3":"status-publish","4":"has-post-thumbnail","6":"product_cat-auswiegen","7":"product_cat-puppe-mit-extremem-uebergewicht","9":"first","10":"instock","11":"taxable","12":"shipping-taxable","13":"purchasable","14":"product-type-simple"},"yoast_head":"<!-- This site is optimized with the Yoast SEO plugin v27.5 - https:\/\/yoast.com\/product\/yoast-seo-wordpress\/ -->\n<title>Mit Wasser bef\u00fcllbarer Anzug f\u00fcr \u00dcbungspuppen - FireWare<\/title>\n<meta name=\"robots\" content=\"index, follow, max-snippet:-1, max-image-preview:large, max-video-preview:-1\" \/>\n<link rel=\"canonical\" href=\"https:\/\/fireware.nl\/de\/product\/mit-wasser-befullbarer-anzug-fur-ubungspuppen\/\" \/>\n<meta property=\"og:locale\" content=\"de_DE\" \/>\n<meta property=\"og:type\" content=\"article\" \/>\n<meta property=\"og:title\" content=\"Mit Wasser bef\u00fcllbarer Anzug f\u00fcr \u00dcbungspuppen - FireWare\" \/>\n<meta property=\"og:description\" content=\"Machen Sie aus Ihrer Duty-Range-\u00dcbungspuppe eine schwergewichtige \u00dcbungspuppe. F\u00fcgen Sie bis zu 150 kg an Gewicht hinzu. Ein \u00dcbungsleiter kann selbstst\u00e4ndig ein Szenario mit einem schwerleibigen Opfer einrichten. Alle N\u00e4hte sind dreifach vern\u00e4ht und per Hand mit einem wasserdichten Band versehen. Wird mit weichen Stiefeln, einer Tragetasche, einem Adapter und einem Wasserstr\u00f6mungsmesser geliefert.\" \/>\n<meta property=\"og:url\" content=\"https:\/\/fireware.nl\/de\/product\/mit-wasser-befullbarer-anzug-fur-ubungspuppen\/\" \/>\n<meta property=\"og:site_name\" content=\"FireWare\" \/>\n<meta property=\"article:publisher\" content=\"https:\/\/www.facebook.com\/FireWareBV\/\" \/>\n<meta property=\"article:modified_time\" content=\"2025-03-31T07:36:53+00:00\" \/>\n<meta property=\"og:image\" content=\"https:\/\/fireware.nl\/wp-content\/uploads\/2019\/11\/017-043-112-Water-Fillable-Bariactric-suit.jpg\" \/>\n\t<meta property=\"og:image:width\" content=\"600\" \/>\n\t<meta property=\"og:image:height\" content=\"600\" \/>\n\t<meta property=\"og:image:type\" content=\"image\/jpeg\" \/>\n<meta name=\"twitter:card\" content=\"summary_large_image\" \/>\n<meta name=\"twitter:site\" content=\"@FireWarebv\" \/>\n<meta name=\"twitter:label1\" content=\"Gesch\u00e4tzte Lesezeit\" \/>\n\t<meta name=\"twitter:data1\" content=\"2\u00a0Minuten\" \/>\n<script type=\"application\/ld+json\" class=\"yoast-schema-graph\">{\"@context\":\"https:\\\/\\\/schema.org\",\"@graph\":[{\"@type\":\"WebPage\",\"@id\":\"https:\\\/\\\/fireware.nl\\\/de\\\/product\\\/mit-wasser-befullbarer-anzug-fur-ubungspuppen\\\/\",\"url\":\"https:\\\/\\\/fireware.nl\\\/de\\\/product\\\/mit-wasser-befullbarer-anzug-fur-ubungspuppen\\\/\",\"name\":\"Mit Wasser bef\u00fcllbarer Anzug f\u00fcr \u00dcbungspuppen - FireWare\",\"isPartOf\":{\"@id\":\"https:\\\/\\\/fireware.nl\\\/de\\\/#website\"},\"primaryImageOfPage\":{\"@id\":\"https:\\\/\\\/fireware.nl\\\/de\\\/product\\\/mit-wasser-befullbarer-anzug-fur-ubungspuppen\\\/#primaryimage\"},\"image\":{\"@id\":\"https:\\\/\\\/fireware.nl\\\/de\\\/product\\\/mit-wasser-befullbarer-anzug-fur-ubungspuppen\\\/#primaryimage\"},\"thumbnailUrl\":\"https:\\\/\\\/fireware.nl\\\/wp-content\\\/uploads\\\/2019\\\/11\\\/017-043-112-Water-Fillable-Bariactric-suit.jpg\",\"datePublished\":\"2019-11-06T15:48:27+00:00\",\"dateModified\":\"2025-03-31T07:36:53+00:00\",\"breadcrumb\":{\"@id\":\"https:\\\/\\\/fireware.nl\\\/de\\\/product\\\/mit-wasser-befullbarer-anzug-fur-ubungspuppen\\\/#breadcrumb\"},\"inLanguage\":\"de\",\"potentialAction\":[{\"@type\":\"ReadAction\",\"target\":[\"https:\\\/\\\/fireware.nl\\\/de\\\/product\\\/mit-wasser-befullbarer-anzug-fur-ubungspuppen\\\/\"]}]},{\"@type\":\"ImageObject\",\"inLanguage\":\"de\",\"@id\":\"https:\\\/\\\/fireware.nl\\\/de\\\/product\\\/mit-wasser-befullbarer-anzug-fur-ubungspuppen\\\/#primaryimage\",\"url\":\"https:\\\/\\\/fireware.nl\\\/wp-content\\\/uploads\\\/2019\\\/11\\\/017-043-112-Water-Fillable-Bariactric-suit.jpg\",\"contentUrl\":\"https:\\\/\\\/fireware.nl\\\/wp-content\\\/uploads\\\/2019\\\/11\\\/017-043-112-Water-Fillable-Bariactric-suit.jpg\",\"width\":600,\"height\":600},{\"@type\":\"BreadcrumbList\",\"@id\":\"https:\\\/\\\/fireware.nl\\\/de\\\/product\\\/mit-wasser-befullbarer-anzug-fur-ubungspuppen\\\/#breadcrumb\",\"itemListElement\":[{\"@type\":\"ListItem\",\"position\":1,\"name\":\"Home\",\"item\":\"https:\\\/\\\/fireware.nl\\\/de\\\/\"},{\"@type\":\"ListItem\",\"position\":2,\"name\":\"Produkte\",\"item\":\"https:\\\/\\\/fireware.nl\\\/de\\\/produkte\\\/\"},{\"@type\":\"ListItem\",\"position\":3,\"name\":\"Mit Wasser bef\u00fcllbarer Anzug f\u00fcr \u00dcbungspuppen\"}]},{\"@type\":\"WebSite\",\"@id\":\"https:\\\/\\\/fireware.nl\\\/de\\\/#website\",\"url\":\"https:\\\/\\\/fireware.nl\\\/de\\\/\",\"name\":\"FireWare\",\"description\":\"CREATING REALISTIC  TRAINING ENVIRONMENTS\",\"publisher\":{\"@id\":\"https:\\\/\\\/fireware.nl\\\/de\\\/#organization\"},\"potentialAction\":[{\"@type\":\"SearchAction\",\"target\":{\"@type\":\"EntryPoint\",\"urlTemplate\":\"https:\\\/\\\/fireware.nl\\\/de\\\/?s={search_term_string}\"},\"query-input\":{\"@type\":\"PropertyValueSpecification\",\"valueRequired\":true,\"valueName\":\"search_term_string\"}}],\"inLanguage\":\"de\"},{\"@type\":\"Organization\",\"@id\":\"https:\\\/\\\/fireware.nl\\\/de\\\/#organization\",\"name\":\"FireWare\",\"url\":\"https:\\\/\\\/fireware.nl\\\/de\\\/\",\"logo\":{\"@type\":\"ImageObject\",\"inLanguage\":\"de\",\"@id\":\"https:\\\/\\\/fireware.nl\\\/de\\\/#\\\/schema\\\/logo\\\/image\\\/\",\"url\":\"https:\\\/\\\/fireware.nl\\\/wp-content\\\/uploads\\\/2018\\\/10\\\/FireWare-logo.jpg\",\"contentUrl\":\"https:\\\/\\\/fireware.nl\\\/wp-content\\\/uploads\\\/2018\\\/10\\\/FireWare-logo.jpg\",\"width\":171,\"height\":70,\"caption\":\"FireWare\"},\"image\":{\"@id\":\"https:\\\/\\\/fireware.nl\\\/de\\\/#\\\/schema\\\/logo\\\/image\\\/\"},\"sameAs\":[\"https:\\\/\\\/www.facebook.com\\\/FireWareBV\\\/\",\"https:\\\/\\\/x.com\\\/FireWarebv\",\"https:\\\/\\\/www.instagram.com\\\/fireware_nl\\\/\",\"https:\\\/\\\/www.linkedin.com\\\/company\\\/3586017\\\/\",\"https:\\\/\\\/www.youtube.com\\\/user\\\/firesalesrentconsult\"]}]}<\/script>\n<!-- \/ Yoast SEO plugin. -->","yoast_head_json":{"title":"Mit Wasser bef\u00fcllbarer Anzug f\u00fcr \u00dcbungspuppen - FireWare","robots":{"index":"index","follow":"follow","max-snippet":"max-snippet:-1","max-image-preview":"max-image-preview:large","max-video-preview":"max-video-preview:-1"},"canonical":"https:\/\/fireware.nl\/de\/product\/mit-wasser-befullbarer-anzug-fur-ubungspuppen\/","og_locale":"de_DE","og_type":"article","og_title":"Mit Wasser bef\u00fcllbarer Anzug f\u00fcr \u00dcbungspuppen - FireWare","og_description":"Machen Sie aus Ihrer Duty-Range-\u00dcbungspuppe eine schwergewichtige \u00dcbungspuppe. F\u00fcgen Sie bis zu 150 kg an Gewicht hinzu. Ein \u00dcbungsleiter kann selbstst\u00e4ndig ein Szenario mit einem schwerleibigen Opfer einrichten. Alle N\u00e4hte sind dreifach vern\u00e4ht und per Hand mit einem wasserdichten Band versehen. Wird mit weichen Stiefeln, einer Tragetasche, einem Adapter und einem Wasserstr\u00f6mungsmesser geliefert.","og_url":"https:\/\/fireware.nl\/de\/product\/mit-wasser-befullbarer-anzug-fur-ubungspuppen\/","og_site_name":"FireWare","article_publisher":"https:\/\/www.facebook.com\/FireWareBV\/","article_modified_time":"2025-03-31T07:36:53+00:00","og_image":[{"width":600,"height":600,"url":"https:\/\/fireware.nl\/wp-content\/uploads\/2019\/11\/017-043-112-Water-Fillable-Bariactric-suit.jpg","type":"image\/jpeg"}],"twitter_card":"summary_large_image","twitter_site":"@FireWarebv","twitter_misc":{"Gesch\u00e4tzte Lesezeit":"2\u00a0Minuten"},"schema":{"@context":"https:\/\/schema.org","@graph":[{"@type":"WebPage","@id":"https:\/\/fireware.nl\/de\/product\/mit-wasser-befullbarer-anzug-fur-ubungspuppen\/","url":"https:\/\/fireware.nl\/de\/product\/mit-wasser-befullbarer-anzug-fur-ubungspuppen\/","name":"Mit Wasser bef\u00fcllbarer Anzug f\u00fcr \u00dcbungspuppen - FireWare","isPartOf":{"@id":"https:\/\/fireware.nl\/de\/#website"},"primaryImageOfPage":{"@id":"https:\/\/fireware.nl\/de\/product\/mit-wasser-befullbarer-anzug-fur-ubungspuppen\/#primaryimage"},"image":{"@id":"https:\/\/fireware.nl\/de\/product\/mit-wasser-befullbarer-anzug-fur-ubungspuppen\/#primaryimage"},"thumbnailUrl":"https:\/\/fireware.nl\/wp-content\/uploads\/2019\/11\/017-043-112-Water-Fillable-Bariactric-suit.jpg","datePublished":"2019-11-06T15:48:27+00:00","dateModified":"2025-03-31T07:36:53+00:00","breadcrumb":{"@id":"https:\/\/fireware.nl\/de\/product\/mit-wasser-befullbarer-anzug-fur-ubungspuppen\/#breadcrumb"},"inLanguage":"de","potentialAction":[{"@type":"ReadAction","target":["https:\/\/fireware.nl\/de\/product\/mit-wasser-befullbarer-anzug-fur-ubungspuppen\/"]}]},{"@type":"ImageObject","inLanguage":"de","@id":"https:\/\/fireware.nl\/de\/product\/mit-wasser-befullbarer-anzug-fur-ubungspuppen\/#primaryimage","url":"https:\/\/fireware.nl\/wp-content\/uploads\/2019\/11\/017-043-112-Water-Fillable-Bariactric-suit.jpg","contentUrl":"https:\/\/fireware.nl\/wp-content\/uploads\/2019\/11\/017-043-112-Water-Fillable-Bariactric-suit.jpg","width":600,"height":600},{"@type":"BreadcrumbList","@id":"https:\/\/fireware.nl\/de\/product\/mit-wasser-befullbarer-anzug-fur-ubungspuppen\/#breadcrumb","itemListElement":[{"@type":"ListItem","position":1,"name":"Home","item":"https:\/\/fireware.nl\/de\/"},{"@type":"ListItem","position":2,"name":"Produkte","item":"https:\/\/fireware.nl\/de\/produkte\/"},{"@type":"ListItem","position":3,"name":"Mit Wasser bef\u00fcllbarer Anzug f\u00fcr \u00dcbungspuppen"}]},{"@type":"WebSite","@id":"https:\/\/fireware.nl\/de\/#website","url":"https:\/\/fireware.nl\/de\/","name":"FireWare","description":"CREATING REALISTIC  TRAINING ENVIRONMENTS","publisher":{"@id":"https:\/\/fireware.nl\/de\/#organization"},"potentialAction":[{"@type":"SearchAction","target":{"@type":"EntryPoint","urlTemplate":"https:\/\/fireware.nl\/de\/?s={search_term_string}"},"query-input":{"@type":"PropertyValueSpecification","valueRequired":true,"valueName":"search_term_string"}}],"inLanguage":"de"},{"@type":"Organization","@id":"https:\/\/fireware.nl\/de\/#organization","name":"FireWare","url":"https:\/\/fireware.nl\/de\/","logo":{"@type":"ImageObject","inLanguage":"de","@id":"https:\/\/fireware.nl\/de\/#\/schema\/logo\/image\/","url":"https:\/\/fireware.nl\/wp-content\/uploads\/2018\/10\/FireWare-logo.jpg","contentUrl":"https:\/\/fireware.nl\/wp-content\/uploads\/2018\/10\/FireWare-logo.jpg","width":171,"height":70,"caption":"FireWare"},"image":{"@id":"https:\/\/fireware.nl\/de\/#\/schema\/logo\/image\/"},"sameAs":["https:\/\/www.facebook.com\/FireWareBV\/","https:\/\/x.com\/FireWarebv","https:\/\/www.instagram.com\/fireware_nl\/","https:\/\/www.linkedin.com\/company\/3586017\/","https:\/\/www.youtube.com\/user\/firesalesrentconsult"]}]}},"publishpress_future_workflow_manual_trigger":{"enabledWorkflows":[]},"_links":{"self":[{"href":"https:\/\/fireware.nl\/de\/wp-json\/wp\/v2\/product\/37354","targetHints":{"allow":["GET"]}}],"collection":[{"href":"https:\/\/fireware.nl\/de\/wp-json\/wp\/v2\/product"}],"about":[{"href":"https:\/\/fireware.nl\/de\/wp-json\/wp\/v2\/types\/product"}],"wp:featuredmedia":[{"embeddable":true,"href":"https:\/\/fireware.nl\/de\/wp-json\/wp\/v2\/media\/36969"}],"wp:attachment":[{"href":"https:\/\/fireware.nl\/de\/wp-json\/wp\/v2\/media?parent=37354"}],"wp:term":[{"taxonomy":"product_brand","embeddable":true,"href":"https:\/\/fireware.nl\/de\/wp-json\/wp\/v2\/product_brand?post=37354"},{"taxonomy":"product_cat","embeddable":true,"href":"https:\/\/fireware.nl\/de\/wp-json\/wp\/v2\/product_cat?post=37354"},{"taxonomy":"product_tag","embeddable":true,"href":"https:\/\/fireware.nl\/de\/wp-json\/wp\/v2\/product_tag?post=37354"}],"curies":[{"name":"wp","href":"https:\/\/api.w.org\/{rel}","templated":true}]}}