
{"id":43376,"date":"2020-05-15T14:38:45","date_gmt":"2020-05-15T14:38:45","guid":{"rendered":"https:\/\/fireware.nl\/product\/apollo-led-schaum-ubungsloscher-mit-druckgriff-6-l\/"},"modified":"2026-01-23T14:31:31","modified_gmt":"2026-01-23T14:31:31","slug":"apollo-led-schaum-ubungsloscher-mit-druckgriff-6-l","status":"publish","type":"product","link":"https:\/\/fireware.nl\/de\/product\/apollo-led-schaum-ubungsloscher-mit-druckgriff-6-l\/","title":{"rendered":"Apollo LED Schaum-\u00dcbungsl\u00f6scher mit Druckgriff 6 L"},"content":{"rendered":"\r\n<h2>Gut l\u00f6schen lernen ohne echtes Feuer und ohne Wasser, Schaum oder Pulver<\/h2>\r\n<p>Mit dem Apollo LED Schaum-\u00dcbungsl\u00f6scher mit Druckgriff 6 L k\u00f6nnen Sie Ihre Sch\u00fcler in jeder \u00dcbungsumgebung auf das angemessene Handeln im Brandfall vorbereiten. Manchmal eignet sich eine \u00d6rtlichkeit nicht f\u00fcr eine L\u00f6sch\u00fcbung mit echtem Feuer. Der Apollo LED Schaum-\u00dcbungsl\u00f6scher strahlt ein starkes LED-Licht aus. Damit k\u00f6nnen Sie die sichere Verwendung von Feuerl\u00f6schern und dem Umgang mit einem Feuer \u00fcben. Da der schaum-\u00dcbungsl\u00f6scher das Gewicht eines echten Feuerl\u00f6schers aufweist, konfrontieren Sie die Sch\u00fcler mit einer Situation, der sie in der Praxis begegnen werden.<\/p>\r\n<h2>LED Schaum-\u00dcbungsl\u00f6scher mit Druckgriff<\/h2>\r\n<p>Der Ausbilder schaltet den Apollo Schaum-\u00dcbungsl\u00f6scher mit einem Knopf an der Oberseite des Ger\u00e4ts ein. In der Folge funktioniert dieser LED-\u00dcbungsl\u00f6scher genauso wie ein normaler Feuerl\u00f6scher mit Druckgriff. Der Sch\u00fcler entfernt den Sicherungsstift. Sobald der Druckgriff gedr\u00fcckt wird, ert\u00f6nt das Ger\u00e4usch eines spritzenden L\u00f6schers und eine blaue LED leuchtet am D\u00fcsenausgang auf. Der Ausbilder kann den Sch\u00fcler nun bei der Ausrichtung des L\u00f6schstrahls Anweisungen geben. Kreieren Sie an jeder \u00d6rtlichkeit eine realistische Simulation beispielsweise in Kombination dem <a href=\"https:\/\/fireware.nl\/de\/product\/ausbildung-set-brandherd\/\" target=\"_blank\" rel=\"noopener\">\u00dcbungsset \u201eBrandherd&#8221;<\/a>. Schalten Sie die Flammeneffekte nach einem korrekten L\u00f6schversuch ab oder breiten Sie den Brand ein wenig weiter aus, wenn das L\u00f6schen nicht korrekt durchgef\u00fchrt wird oder zu lange dauert.<\/p>\r\n<p>W\u00e4hrend des L\u00f6schens entleert sich der virtuelle Tank allm\u00e4hlich. Der aktuelle Status wird durch 4 LEDs oben am \u00dcbungsl\u00f6scher angezeigt. Mit einem vollen Tank kann f\u00fcr etwa 30 Sekunden gel\u00f6scht werden. Wenn der virtuelle Tank fast leer ist, ist ein Stottern zu h\u00f6ren. Der Apollo LED L\u00f6scher verf\u00fcgt \u00fcber einen kr\u00e4ftigen Akku, der \u00fcber das mitgelieferte Micro-USB-Kabel aufgeladen werden kann.<\/p>\r\n<h2>\u00dcbungsumgebung sauber hinterlassen<\/h2>\r\n<p>In einigen \u00dcbungssituationen ist die Verwendung eines L\u00f6schmittels nicht w\u00fcnschenswert. Denken Sie an eine \u00dcbung in einem medizinischen Umfeld wie ein Krankenhaus. Mit dem Apollo LED Schaum-\u00dcbungsl\u00f6scher k\u00f6nnen die Sch\u00fcler dennoch alle Vorgehensweisen erlernen, die sie in einer realen Situation beherrschen m\u00fcssen. Da der Apollo LED-L\u00f6scher weder Schaum noch Pulver noch Wasser hinterl\u00e4sst, wird die empfindliche Umgebung nicht besch\u00e4digt. Die Arbeit mit dem Apollo LED L\u00f6scher h\u00e4lt die Umwelt sauber, sodass an einem Tag viele Teilnehmer das L\u00f6schtraining absolvieren k\u00f6nnen.<\/p>\r\n<p>Angemessene \u00dcbung mit anderen Bedienungsmethoden? Der FireWare Apollo LED Schaum- \u00dcbungsl\u00f6scher ist auch mit Schlagtaster und als CO2-Variante erh\u00e4ltlich.<\/p>\r\n<h2>L\u00f6schkompetenz auf Distanz beurteilen<\/h2>\r\n<p>Als Dozent m\u00f6chte man manchmal in der Lage sein, die L\u00f6schkompetenz aus der Distanz zu pr\u00fcfen, beispielsweise aufgrund des Social Distancing. Dies ist mit dem Apollo LED Schaum-\u00dcbungsl\u00f6scher durchaus m\u00f6glich. Mithilfe einer Videokonferenzsoftware wie Zoom, Microsoft Teams oder BigBlueButton kann der Dozent einen Bildschirm teilen. Auf diesem Bildschirm kann das Video eines Brandes angezeigt werden. Auf diese Weise kann beim Sch\u00fcler aus der Ferne ein Monitorbrand simuliert werden. Mit dem Apollo LED-L\u00f6scher kann der Sch\u00fcler zeigen, dass er alle notwendigen Aktionen eines L\u00f6schvorgangs ausf\u00fchren kann.<\/p>\r\n<p>Der Ausbilder kann per Webcam zuschauen und Feedback geben. Da der Feuerl\u00f6scher auf Knopfdruck wieder \u201egef\u00fcllt&#8221; werden kann, kann das Szenario mehrmals hintereinander wiederholt werden.<\/p>\r\n<h2>Wiederholtes \u00dcben mit einem L\u00f6schmittel<\/h2>\r\n<p>Wiederholt mit dem Einsatz von Schaum, Wasser oder Luft \u00fcben? W\u00e4hlen Sie dann den <a href=\"https:\/\/fireware.nl\/de\/produkt\/fireware-uebungsloescher-druckgriff\/\" target=\"_blank\" rel=\"noopener\">Neptune Schaum-\u00dcbungsl\u00f6scher mit Druckgriff<\/a> oder den <a href=\"https:\/\/fireware.nl\/de\/produkt\/uebungsloescher-schlagtaster\/\" target=\"_blank\" rel=\"noopener\">Neptune Schaum-\u00dcbungsl\u00f6scher mit Schlagtaster<\/a>. In Kombination mit dem <a href=\"https:\/\/fireware.nl\/de\/produkt\/fireware-neptune-befuellungssystem\/\" target=\"_blank\" rel=\"noopener\">Neptun-F\u00fcllsystem<\/a> kann der Ausbilder seine oder ihre eigenen \u00dcbungsl\u00f6scher bef\u00fcllen.<\/p>\r\n<h2>Sehen Sie sich das Video an<\/h2>\r\n<p><iframe loading=\"lazy\" src=\"https:\/\/www.youtube.com\/embed\/t-7fHchDE0g?rel=0\" width=\"560\" height=\"315\" frameborder=\"0\" allowfullscreen=\"allowfullscreen\"><\/iframe><\/p>\r\n","protected":false},"excerpt":{"rendered":"<ul>\n<li>Gut L\u00f6schen lernen ohne echtes Feuer und ohne Wasser, Schaum oder Pulver.<\/li>\n<li>Bereiten Sie den Lehrgangsteilnehmer in jeder \u00dcbungsumgebung auf die Praxis vor.<\/li>\n<li>Bedienen Sie den Apollo LED-L\u00f6scher genauso wie einen normalen L\u00f6scher mit Druckgriff.<\/li>\n<li>Hat das Gewicht eines echten L\u00f6schers, um sich der Praxis stellen zu k\u00f6nnen.<\/li>\n<li>Mit eingebauten Sound-Effekten eines spritzenden L\u00f6schers.<\/li>\n<li>W\u00e4hrend des Spritzens entleert sich der virtuelle Tank allm\u00e4hlich.<\/li>\n<li>Kommt mit Aufklebern in Niederl\u00e4ndisch, Englisch, Franz\u00f6sisch und Deutsch.<\/li>\n<li>Auch erh\u00e4ltlich mit Schlagtaster und als CO2-Variante und als Feuerwehrschlauchtrommel.<\/li>\n<\/ul>\n","protected":false},"featured_media":61539,"template":"","meta":[],"product_brand":[],"product_cat":[102],"product_tag":[],"class_list":{"0":"post-43376","1":"product","2":"type-product","3":"status-publish","4":"has-post-thumbnail","6":"product_cat-uebungs-loeschmittel","7":"pa_taal-deutsch","8":"pa_taal-englisch","9":"pa_taal-franzosisch","10":"pa_taal-italienisch","11":"pa_taal-niederlandisch","12":"pa_taal-spanisch","14":"first","15":"instock","16":"taxable","17":"shipping-taxable","18":"purchasable","19":"product-type-simple"},"yoast_head":"<!-- This site is optimized with the Yoast SEO plugin v27.5 - https:\/\/yoast.com\/product\/yoast-seo-wordpress\/ -->\n<title>Apollo LED Schaum-\u00dcbungsl\u00f6scher mit Druckgriff 6 L - FireWare<\/title>\n<meta name=\"robots\" content=\"index, follow, max-snippet:-1, max-image-preview:large, max-video-preview:-1\" \/>\n<link rel=\"canonical\" href=\"https:\/\/fireware.nl\/de\/product\/apollo-led-schaum-ubungsloscher-mit-druckgriff-6-l\/\" \/>\n<meta property=\"og:locale\" content=\"de_DE\" \/>\n<meta property=\"og:type\" content=\"article\" \/>\n<meta property=\"og:title\" content=\"Apollo LED Schaum-\u00dcbungsl\u00f6scher mit Druckgriff 6 L - FireWare\" \/>\n<meta property=\"og:description\" content=\"Gut L\u00f6schen lernen ohne echtes Feuer und ohne Wasser, Schaum oder Pulver. Bereiten Sie den Lehrgangsteilnehmer in jeder \u00dcbungsumgebung auf die Praxis vor. Bedienen Sie den Apollo LED-L\u00f6scher genauso wie einen normalen L\u00f6scher mit Druckgriff. Hat das Gewicht eines echten L\u00f6schers, um sich der Praxis stellen zu k\u00f6nnen. Mit eingebauten Sound-Effekten eines spritzenden L\u00f6schers. W\u00e4hrend des Spritzens entleert sich der virtuelle Tank allm\u00e4hlich. Kommt mit Aufklebern in Niederl\u00e4ndisch, Englisch, Franz\u00f6sisch und Deutsch. Auch erh\u00e4ltlich mit Schlagtaster und als CO2-Variante und als Feuerwehrschlauchtrommel.\" \/>\n<meta property=\"og:url\" content=\"https:\/\/fireware.nl\/de\/product\/apollo-led-schaum-ubungsloscher-mit-druckgriff-6-l\/\" \/>\n<meta property=\"og:site_name\" content=\"FireWare\" \/>\n<meta property=\"article:publisher\" content=\"https:\/\/www.facebook.com\/FireWareBV\/\" \/>\n<meta property=\"article:modified_time\" content=\"2026-01-23T14:31:31+00:00\" \/>\n<meta property=\"og:image\" content=\"https:\/\/fireware.nl\/wp-content\/uploads\/2020\/05\/025-100-014-FireWare-Apollo-LED-squeeze-handle-led-2.jpg\" \/>\n\t<meta property=\"og:image:width\" content=\"600\" \/>\n\t<meta property=\"og:image:height\" content=\"600\" \/>\n\t<meta property=\"og:image:type\" content=\"image\/jpeg\" \/>\n<meta name=\"twitter:card\" content=\"summary_large_image\" \/>\n<meta name=\"twitter:site\" content=\"@FireWarebv\" \/>\n<meta name=\"twitter:label1\" content=\"Gesch\u00e4tzte Lesezeit\" \/>\n\t<meta name=\"twitter:data1\" content=\"3\u00a0Minuten\" \/>\n<script type=\"application\/ld+json\" class=\"yoast-schema-graph\">{\"@context\":\"https:\\\/\\\/schema.org\",\"@graph\":[{\"@type\":\"WebPage\",\"@id\":\"https:\\\/\\\/fireware.nl\\\/de\\\/product\\\/apollo-led-schaum-ubungsloscher-mit-druckgriff-6-l\\\/\",\"url\":\"https:\\\/\\\/fireware.nl\\\/de\\\/product\\\/apollo-led-schaum-ubungsloscher-mit-druckgriff-6-l\\\/\",\"name\":\"Apollo LED Schaum-\u00dcbungsl\u00f6scher mit Druckgriff 6 L - FireWare\",\"isPartOf\":{\"@id\":\"https:\\\/\\\/fireware.nl\\\/de\\\/#website\"},\"primaryImageOfPage\":{\"@id\":\"https:\\\/\\\/fireware.nl\\\/de\\\/product\\\/apollo-led-schaum-ubungsloscher-mit-druckgriff-6-l\\\/#primaryimage\"},\"image\":{\"@id\":\"https:\\\/\\\/fireware.nl\\\/de\\\/product\\\/apollo-led-schaum-ubungsloscher-mit-druckgriff-6-l\\\/#primaryimage\"},\"thumbnailUrl\":\"https:\\\/\\\/fireware.nl\\\/wp-content\\\/uploads\\\/2020\\\/05\\\/025-100-014-FireWare-Apollo-LED-squeeze-handle-led-2.jpg\",\"datePublished\":\"2020-05-15T14:38:45+00:00\",\"dateModified\":\"2026-01-23T14:31:31+00:00\",\"breadcrumb\":{\"@id\":\"https:\\\/\\\/fireware.nl\\\/de\\\/product\\\/apollo-led-schaum-ubungsloscher-mit-druckgriff-6-l\\\/#breadcrumb\"},\"inLanguage\":\"de\",\"potentialAction\":[{\"@type\":\"ReadAction\",\"target\":[\"https:\\\/\\\/fireware.nl\\\/de\\\/product\\\/apollo-led-schaum-ubungsloscher-mit-druckgriff-6-l\\\/\"]}]},{\"@type\":\"ImageObject\",\"inLanguage\":\"de\",\"@id\":\"https:\\\/\\\/fireware.nl\\\/de\\\/product\\\/apollo-led-schaum-ubungsloscher-mit-druckgriff-6-l\\\/#primaryimage\",\"url\":\"https:\\\/\\\/fireware.nl\\\/wp-content\\\/uploads\\\/2020\\\/05\\\/025-100-014-FireWare-Apollo-LED-squeeze-handle-led-2.jpg\",\"contentUrl\":\"https:\\\/\\\/fireware.nl\\\/wp-content\\\/uploads\\\/2020\\\/05\\\/025-100-014-FireWare-Apollo-LED-squeeze-handle-led-2.jpg\",\"width\":600,\"height\":600},{\"@type\":\"BreadcrumbList\",\"@id\":\"https:\\\/\\\/fireware.nl\\\/de\\\/product\\\/apollo-led-schaum-ubungsloscher-mit-druckgriff-6-l\\\/#breadcrumb\",\"itemListElement\":[{\"@type\":\"ListItem\",\"position\":1,\"name\":\"Home\",\"item\":\"https:\\\/\\\/fireware.nl\\\/de\\\/\"},{\"@type\":\"ListItem\",\"position\":2,\"name\":\"Produkte\",\"item\":\"https:\\\/\\\/fireware.nl\\\/de\\\/produkte\\\/\"},{\"@type\":\"ListItem\",\"position\":3,\"name\":\"Apollo LED Schaum-\u00dcbungsl\u00f6scher mit Druckgriff 6 L\"}]},{\"@type\":\"WebSite\",\"@id\":\"https:\\\/\\\/fireware.nl\\\/de\\\/#website\",\"url\":\"https:\\\/\\\/fireware.nl\\\/de\\\/\",\"name\":\"FireWare\",\"description\":\"CREATING REALISTIC  TRAINING ENVIRONMENTS\",\"publisher\":{\"@id\":\"https:\\\/\\\/fireware.nl\\\/de\\\/#organization\"},\"potentialAction\":[{\"@type\":\"SearchAction\",\"target\":{\"@type\":\"EntryPoint\",\"urlTemplate\":\"https:\\\/\\\/fireware.nl\\\/de\\\/?s={search_term_string}\"},\"query-input\":{\"@type\":\"PropertyValueSpecification\",\"valueRequired\":true,\"valueName\":\"search_term_string\"}}],\"inLanguage\":\"de\"},{\"@type\":\"Organization\",\"@id\":\"https:\\\/\\\/fireware.nl\\\/de\\\/#organization\",\"name\":\"FireWare\",\"url\":\"https:\\\/\\\/fireware.nl\\\/de\\\/\",\"logo\":{\"@type\":\"ImageObject\",\"inLanguage\":\"de\",\"@id\":\"https:\\\/\\\/fireware.nl\\\/de\\\/#\\\/schema\\\/logo\\\/image\\\/\",\"url\":\"https:\\\/\\\/fireware.nl\\\/wp-content\\\/uploads\\\/2018\\\/10\\\/FireWare-logo.jpg\",\"contentUrl\":\"https:\\\/\\\/fireware.nl\\\/wp-content\\\/uploads\\\/2018\\\/10\\\/FireWare-logo.jpg\",\"width\":171,\"height\":70,\"caption\":\"FireWare\"},\"image\":{\"@id\":\"https:\\\/\\\/fireware.nl\\\/de\\\/#\\\/schema\\\/logo\\\/image\\\/\"},\"sameAs\":[\"https:\\\/\\\/www.facebook.com\\\/FireWareBV\\\/\",\"https:\\\/\\\/x.com\\\/FireWarebv\",\"https:\\\/\\\/www.instagram.com\\\/fireware_nl\\\/\",\"https:\\\/\\\/www.linkedin.com\\\/company\\\/3586017\\\/\",\"https:\\\/\\\/www.youtube.com\\\/user\\\/firesalesrentconsult\"]}]}<\/script>\n<!-- \/ Yoast SEO plugin. -->","yoast_head_json":{"title":"Apollo LED Schaum-\u00dcbungsl\u00f6scher mit Druckgriff 6 L - FireWare","robots":{"index":"index","follow":"follow","max-snippet":"max-snippet:-1","max-image-preview":"max-image-preview:large","max-video-preview":"max-video-preview:-1"},"canonical":"https:\/\/fireware.nl\/de\/product\/apollo-led-schaum-ubungsloscher-mit-druckgriff-6-l\/","og_locale":"de_DE","og_type":"article","og_title":"Apollo LED Schaum-\u00dcbungsl\u00f6scher mit Druckgriff 6 L - FireWare","og_description":"Gut L\u00f6schen lernen ohne echtes Feuer und ohne Wasser, Schaum oder Pulver. Bereiten Sie den Lehrgangsteilnehmer in jeder \u00dcbungsumgebung auf die Praxis vor. Bedienen Sie den Apollo LED-L\u00f6scher genauso wie einen normalen L\u00f6scher mit Druckgriff. Hat das Gewicht eines echten L\u00f6schers, um sich der Praxis stellen zu k\u00f6nnen. Mit eingebauten Sound-Effekten eines spritzenden L\u00f6schers. W\u00e4hrend des Spritzens entleert sich der virtuelle Tank allm\u00e4hlich. Kommt mit Aufklebern in Niederl\u00e4ndisch, Englisch, Franz\u00f6sisch und Deutsch. Auch erh\u00e4ltlich mit Schlagtaster und als CO2-Variante und als Feuerwehrschlauchtrommel.","og_url":"https:\/\/fireware.nl\/de\/product\/apollo-led-schaum-ubungsloscher-mit-druckgriff-6-l\/","og_site_name":"FireWare","article_publisher":"https:\/\/www.facebook.com\/FireWareBV\/","article_modified_time":"2026-01-23T14:31:31+00:00","og_image":[{"width":600,"height":600,"url":"https:\/\/fireware.nl\/wp-content\/uploads\/2020\/05\/025-100-014-FireWare-Apollo-LED-squeeze-handle-led-2.jpg","type":"image\/jpeg"}],"twitter_card":"summary_large_image","twitter_site":"@FireWarebv","twitter_misc":{"Gesch\u00e4tzte Lesezeit":"3\u00a0Minuten"},"schema":{"@context":"https:\/\/schema.org","@graph":[{"@type":"WebPage","@id":"https:\/\/fireware.nl\/de\/product\/apollo-led-schaum-ubungsloscher-mit-druckgriff-6-l\/","url":"https:\/\/fireware.nl\/de\/product\/apollo-led-schaum-ubungsloscher-mit-druckgriff-6-l\/","name":"Apollo LED Schaum-\u00dcbungsl\u00f6scher mit Druckgriff 6 L - FireWare","isPartOf":{"@id":"https:\/\/fireware.nl\/de\/#website"},"primaryImageOfPage":{"@id":"https:\/\/fireware.nl\/de\/product\/apollo-led-schaum-ubungsloscher-mit-druckgriff-6-l\/#primaryimage"},"image":{"@id":"https:\/\/fireware.nl\/de\/product\/apollo-led-schaum-ubungsloscher-mit-druckgriff-6-l\/#primaryimage"},"thumbnailUrl":"https:\/\/fireware.nl\/wp-content\/uploads\/2020\/05\/025-100-014-FireWare-Apollo-LED-squeeze-handle-led-2.jpg","datePublished":"2020-05-15T14:38:45+00:00","dateModified":"2026-01-23T14:31:31+00:00","breadcrumb":{"@id":"https:\/\/fireware.nl\/de\/product\/apollo-led-schaum-ubungsloscher-mit-druckgriff-6-l\/#breadcrumb"},"inLanguage":"de","potentialAction":[{"@type":"ReadAction","target":["https:\/\/fireware.nl\/de\/product\/apollo-led-schaum-ubungsloscher-mit-druckgriff-6-l\/"]}]},{"@type":"ImageObject","inLanguage":"de","@id":"https:\/\/fireware.nl\/de\/product\/apollo-led-schaum-ubungsloscher-mit-druckgriff-6-l\/#primaryimage","url":"https:\/\/fireware.nl\/wp-content\/uploads\/2020\/05\/025-100-014-FireWare-Apollo-LED-squeeze-handle-led-2.jpg","contentUrl":"https:\/\/fireware.nl\/wp-content\/uploads\/2020\/05\/025-100-014-FireWare-Apollo-LED-squeeze-handle-led-2.jpg","width":600,"height":600},{"@type":"BreadcrumbList","@id":"https:\/\/fireware.nl\/de\/product\/apollo-led-schaum-ubungsloscher-mit-druckgriff-6-l\/#breadcrumb","itemListElement":[{"@type":"ListItem","position":1,"name":"Home","item":"https:\/\/fireware.nl\/de\/"},{"@type":"ListItem","position":2,"name":"Produkte","item":"https:\/\/fireware.nl\/de\/produkte\/"},{"@type":"ListItem","position":3,"name":"Apollo LED Schaum-\u00dcbungsl\u00f6scher mit Druckgriff 6 L"}]},{"@type":"WebSite","@id":"https:\/\/fireware.nl\/de\/#website","url":"https:\/\/fireware.nl\/de\/","name":"FireWare","description":"CREATING REALISTIC  TRAINING ENVIRONMENTS","publisher":{"@id":"https:\/\/fireware.nl\/de\/#organization"},"potentialAction":[{"@type":"SearchAction","target":{"@type":"EntryPoint","urlTemplate":"https:\/\/fireware.nl\/de\/?s={search_term_string}"},"query-input":{"@type":"PropertyValueSpecification","valueRequired":true,"valueName":"search_term_string"}}],"inLanguage":"de"},{"@type":"Organization","@id":"https:\/\/fireware.nl\/de\/#organization","name":"FireWare","url":"https:\/\/fireware.nl\/de\/","logo":{"@type":"ImageObject","inLanguage":"de","@id":"https:\/\/fireware.nl\/de\/#\/schema\/logo\/image\/","url":"https:\/\/fireware.nl\/wp-content\/uploads\/2018\/10\/FireWare-logo.jpg","contentUrl":"https:\/\/fireware.nl\/wp-content\/uploads\/2018\/10\/FireWare-logo.jpg","width":171,"height":70,"caption":"FireWare"},"image":{"@id":"https:\/\/fireware.nl\/de\/#\/schema\/logo\/image\/"},"sameAs":["https:\/\/www.facebook.com\/FireWareBV\/","https:\/\/x.com\/FireWarebv","https:\/\/www.instagram.com\/fireware_nl\/","https:\/\/www.linkedin.com\/company\/3586017\/","https:\/\/www.youtube.com\/user\/firesalesrentconsult"]}]}},"publishpress_future_workflow_manual_trigger":{"enabledWorkflows":[]},"_links":{"self":[{"href":"https:\/\/fireware.nl\/de\/wp-json\/wp\/v2\/product\/43376","targetHints":{"allow":["GET"]}}],"collection":[{"href":"https:\/\/fireware.nl\/de\/wp-json\/wp\/v2\/product"}],"about":[{"href":"https:\/\/fireware.nl\/de\/wp-json\/wp\/v2\/types\/product"}],"wp:featuredmedia":[{"embeddable":true,"href":"https:\/\/fireware.nl\/de\/wp-json\/wp\/v2\/media\/61539"}],"wp:attachment":[{"href":"https:\/\/fireware.nl\/de\/wp-json\/wp\/v2\/media?parent=43376"}],"wp:term":[{"taxonomy":"product_brand","embeddable":true,"href":"https:\/\/fireware.nl\/de\/wp-json\/wp\/v2\/product_brand?post=43376"},{"taxonomy":"product_cat","embeddable":true,"href":"https:\/\/fireware.nl\/de\/wp-json\/wp\/v2\/product_cat?post=43376"},{"taxonomy":"product_tag","embeddable":true,"href":"https:\/\/fireware.nl\/de\/wp-json\/wp\/v2\/product_tag?post=43376"}],"curies":[{"name":"wp","href":"https:\/\/api.w.org\/{rel}","templated":true}]}}