
{"id":43380,"date":"2020-05-15T14:48:43","date_gmt":"2020-05-15T14:48:43","guid":{"rendered":"https:\/\/fireware.nl\/product\/apollo-led-schaum-ubungsloscher-mit-schlagtaster-6-l\/"},"modified":"2026-01-23T14:33:48","modified_gmt":"2026-01-23T14:33:48","slug":"apollo-led-schaum-ubungsloscher-mit-schlagtaster-6-l","status":"publish","type":"product","link":"https:\/\/fireware.nl\/de\/product\/apollo-led-schaum-ubungsloscher-mit-schlagtaster-6-l\/","title":{"rendered":"Apollo LED Schaum-\u00dcbungsl\u00f6scher mit Schlagtaster 6 L"},"content":{"rendered":"\r\n<h2>Effektives L\u00f6schtraining ohne echtes Feuer und ohne Wasser, Schaum oder Pulver<\/h2>\r\n<p>Verwenden Sie den Apollo LED Schaum-\u00dcbungsl\u00f6scher mit Schlagtaster 6 L, um den Sch\u00fclern L\u00f6schtechniken effektiv beizubringen. Da der L\u00f6schstrahl mit LED-Leuchten simuliert wird, k\u00f6nnen Sie an Orten \u00fcben, an denen normalerweise kaum \u00dcbungen stattfinden k\u00f6nnen oder an denen kein Wasser, Schaum oder Pulver eingesetzt werden darf. Der Schaum-\u00dcbungsl\u00f6scher besitzt das Gewicht eines echten Feuerl\u00f6schers. Daher geht der Sch\u00fcler bei der Simulation so mit ihm um, als w\u00e4re es ein echter Feuerl\u00f6scher.<\/p>\r\n<h2>LED Schaum-\u00dcbungsl\u00f6scher mit Schlagtaster<\/h2>\r\n<p>Der \u00dcbungsleiter schaltet den Apollo LED Schaum-\u00dcbungsl\u00f6scher mit Schlagtaster einfach mit einem Knopf oben am Ger\u00e4t ein. Der \u00dcbungsl\u00f6scher funktioniert jetzt genauso wie ein normaler Feuerl\u00f6scher mit einem Schlagtaster und kann dem Sch\u00fcler \u00fcbergeben werden.<\/p>\r\n<p>Bevor der Sch\u00fcler die Spritzd\u00fcse benutzen kann, muss er die den Sicherungsstift entfernen. Der Druckgriff wird nach Eindr\u00fccken des Schlagtasters aktiv. Sobald der Druckgriff gedr\u00fcckt wird, ert\u00f6nt das Ger\u00e4usch eines spritzenden L\u00f6schers. Au\u00dferdem leuchtet eine kr\u00e4ftige blaue LED aus dem D\u00fcsenausgang heraus. Der Ausbilder kann beim Ausrichten des L\u00f6schstrahls Anweisungen geben. F\u00fcgen Sie der \u00dcbung mit dem <a href=\"https:\/\/fireware.nl\/de\/product\/ausbildung-set-brandherd\/\" target=\"_blank\" rel=\"noopener\">\u00dcbungsset \u201eBrandherd&#8221;<\/a> oder dem <a href=\"https:\/\/fireware.nl\/de\/product\/phoenix\/\" target=\"_blank\" rel=\"noopener\">Phoenix Silkflame<\/a> eine zus\u00e4tzliche Dimension hinzu.<\/p>\r\n<p>Der Apollo LED Schaum-\u00dcbungsl\u00f6scher verf\u00fcgt \u00fcber einen virtuellen Tank, der sich beim Spr\u00fchen allm\u00e4hlich entleert. Der Status des Vorratsbeh\u00e4lters wird \u00fcber 4 LEDs angezeigt. Bei einem vollen Tank kann etwa eine halbe Minute gel\u00f6scht werden. Der Schaum-\u00dcbungsl\u00f6scher simuliert einen stotternden L\u00f6scher, wenn der Tank fast leer ist. Der Apollo LED-L\u00f6scher arbeitet mit einem Akku. Dieser Akku kann \u00fcber das mitgelieferte Micro-USB-Kabel aufgeladen werden.<\/p>\r\n<h2>L\u00f6schtechniken beibringen ohne echtes Feuer und ohne Wasser, Schaum oder Pulver<\/h2>\r\n<p>Manchmal ist die \u00dcbungsumgebung nicht f\u00fcr die Verwendung von echtem Feuer geeignet. Zum Beispiel in einem Schulgeb\u00e4ude oder Museum. Der Apollo LED Schaum-\u00dcbungsl\u00f6scher mit Schlagtaster bietet da eine L\u00f6sung. An einem Tag k\u00f6nnen viele Sch\u00fcler L\u00f6schtechniken trainieren, ohne dass eine Brandgefahr besteht. Der Apollo LED-L\u00f6scher hinterl\u00e4sst die \u00dcbungsumgebung sauber. Der n\u00e4chste Sch\u00fcler ist schnell an der Reihe.<\/p>\r\n<p>Angemessene \u00dcbung mit anderen Bedienungsmethoden? Der FireWare Apollo LED Schaum- \u00dcbungsl\u00f6scher ist auch mit Druckgriff und als CO2-Variante erh\u00e4ltlich.<\/p>\r\n<h2>Auf Distanz L\u00f6schtechniken instruieren<\/h2>\r\n<p>Als Dozent m\u00f6chte man auch in der Lage sein, die L\u00f6schkompetenz aus der Distanz beizubringen, beispielsweise aufgrund des Corona-Virus-Ausbruchs. Mit dem Apollo LED Schaum-\u00dcbungsl\u00f6scher k\u00f6nnen Sie die Kurse eben gerade fortsetzen. Mithilfe einer Videokonferenzplattformen wie Zoom, Microsoft Teams oder BigBlueButton kann der Dozent einen Bildschirm teilen. Zeigen Sie das Video eines kleinen Brandes und lassen Sie den Sch\u00fcler den Monitor mit dem Apollo LED Schaum-\u00dcbungsl\u00f6scher \u201el\u00f6schen&#8221;. Der Sch\u00fcler zeigt dann, \u00fcber welche L\u00f6schkompetenzen er verf\u00fcgt. \u00dcber die Webcam kann der Dozent zusehen und Anweisungen geben. Der Schaum-\u00dcbungsl\u00f6scher ist schnell wieder f\u00fcr einen neuen L\u00f6schversuch bereit.<\/p>\r\n<h2>Wiederholtes \u00dcben mit Schaum, Wasser oder Luft<\/h2>\r\n<p>M\u00f6chten Sie eine praktische Brandbek\u00e4mpfungs\u00fcbung mit Schaum, Wasser oder Luft durchf\u00fchren? W\u00e4hlen Sie dann den <a href=\"https:\/\/fireware.nl\/de\/produkt\/fireware-uebungsloescher-druckgriff\/\" target=\"_blank\" rel=\"noopener\">Neptune Schaum-\u00dcbungsl\u00f6scher mit Druckgriff<\/a> oder den <a href=\"https:\/\/fireware.nl\/de\/produkt\/uebungsloescher-schlagtaster\/\" target=\"_blank\" rel=\"noopener\">Neptune Schaum-\u00dcbungsl\u00f6scher mit Schlagtaster<\/a>. In Kombination mit dem Neptun-F\u00fcllsystem kann wiederholt mit L\u00f6schmitteln ge\u00fcbt werden.<\/p>\r\n<h2>Sehen Sie sich das Video an<\/h2>\r\n<p><iframe loading=\"lazy\" src=\"https:\/\/www.youtube.com\/embed\/t-7fHchDE0g?rel=0\" width=\"560\" height=\"315\" frameborder=\"0\" allowfullscreen=\"allowfullscreen\"><\/iframe><\/p>\r\n","protected":false},"excerpt":{"rendered":"<ul>\n<li>Gut L\u00f6schen lernen ohne echtes Feuer und ohne Wasser, Schaum oder Pulver.<\/li>\n<li>Bereiten Sie den Lehrgangsteilnehmer in jeder \u00dcbungsumgebung auf die Praxis vor.<\/li>\n<li>Bedienen Sie den Apollo LED-L\u00f6scher genauso wie einen normalen Feuerl\u00f6scher mit einem Schlagtaster.<\/li>\n<li>Hat das Gewicht eines echten L\u00f6schers, um sich der Praxis stellen zu k\u00f6nnen.<\/li>\n<li>Mit eingebauten Sound-Effekten eines spritzenden L\u00f6schers.<\/li>\n<li>W\u00e4hrend des Spritzens entleert sich der virtuelle Tank allm\u00e4hlich.<\/li>\n<li>Kommt mit Aufklebern in Niederl\u00e4ndisch, Englisch, Franz\u00f6sisch und Deutsch.<\/li>\n<li>Auch erh\u00e4ltlich mit Druckgriff oder als CO2-Variante und als Feuerwehrschlauchtrommel.<\/li>\n<\/ul>\n","protected":false},"featured_media":61503,"template":"","meta":[],"product_brand":[],"product_cat":[102],"product_tag":[],"class_list":{"0":"post-43380","1":"product","2":"type-product","3":"status-publish","4":"has-post-thumbnail","6":"product_cat-uebungs-loeschmittel","7":"pa_taal-deutsch","8":"pa_taal-englisch","9":"pa_taal-franzosisch","10":"pa_taal-niederlandisch","11":"pa_taal-spanisch","13":"first","14":"instock","15":"taxable","16":"shipping-taxable","17":"purchasable","18":"product-type-simple"},"yoast_head":"<!-- This site is optimized with the Yoast SEO plugin v27.5 - https:\/\/yoast.com\/product\/yoast-seo-wordpress\/ -->\n<title>Apollo LED Schaum-\u00dcbungsl\u00f6scher mit Schlagtaster 6 L - FireWare<\/title>\n<meta name=\"robots\" content=\"index, follow, max-snippet:-1, max-image-preview:large, max-video-preview:-1\" \/>\n<link rel=\"canonical\" href=\"https:\/\/fireware.nl\/de\/product\/apollo-led-schaum-ubungsloscher-mit-schlagtaster-6-l\/\" \/>\n<meta property=\"og:locale\" content=\"de_DE\" \/>\n<meta property=\"og:type\" content=\"article\" \/>\n<meta property=\"og:title\" content=\"Apollo LED Schaum-\u00dcbungsl\u00f6scher mit Schlagtaster 6 L - FireWare\" \/>\n<meta property=\"og:description\" content=\"Gut L\u00f6schen lernen ohne echtes Feuer und ohne Wasser, Schaum oder Pulver. Bereiten Sie den Lehrgangsteilnehmer in jeder \u00dcbungsumgebung auf die Praxis vor. Bedienen Sie den Apollo LED-L\u00f6scher genauso wie einen normalen Feuerl\u00f6scher mit einem Schlagtaster. Hat das Gewicht eines echten L\u00f6schers, um sich der Praxis stellen zu k\u00f6nnen. Mit eingebauten Sound-Effekten eines spritzenden L\u00f6schers. W\u00e4hrend des Spritzens entleert sich der virtuelle Tank allm\u00e4hlich. Kommt mit Aufklebern in Niederl\u00e4ndisch, Englisch, Franz\u00f6sisch und Deutsch. Auch erh\u00e4ltlich mit Druckgriff oder als CO2-Variante und als Feuerwehrschlauchtrommel.\" \/>\n<meta property=\"og:url\" content=\"https:\/\/fireware.nl\/de\/product\/apollo-led-schaum-ubungsloscher-mit-schlagtaster-6-l\/\" \/>\n<meta property=\"og:site_name\" content=\"FireWare\" \/>\n<meta property=\"article:publisher\" content=\"https:\/\/www.facebook.com\/FireWareBV\/\" \/>\n<meta property=\"article:modified_time\" content=\"2026-01-23T14:33:48+00:00\" \/>\n<meta property=\"og:image\" content=\"https:\/\/fireware.nl\/wp-content\/uploads\/2020\/05\/025-100-015-FireWare-Apollo-LED-push-button-2.jpg\" \/>\n\t<meta property=\"og:image:width\" content=\"600\" \/>\n\t<meta property=\"og:image:height\" content=\"600\" \/>\n\t<meta property=\"og:image:type\" content=\"image\/jpeg\" \/>\n<meta name=\"twitter:card\" content=\"summary_large_image\" \/>\n<meta name=\"twitter:site\" content=\"@FireWarebv\" \/>\n<meta name=\"twitter:label1\" content=\"Gesch\u00e4tzte Lesezeit\" \/>\n\t<meta name=\"twitter:data1\" content=\"3\u00a0Minuten\" \/>\n<script type=\"application\/ld+json\" class=\"yoast-schema-graph\">{\"@context\":\"https:\\\/\\\/schema.org\",\"@graph\":[{\"@type\":\"WebPage\",\"@id\":\"https:\\\/\\\/fireware.nl\\\/de\\\/product\\\/apollo-led-schaum-ubungsloscher-mit-schlagtaster-6-l\\\/\",\"url\":\"https:\\\/\\\/fireware.nl\\\/de\\\/product\\\/apollo-led-schaum-ubungsloscher-mit-schlagtaster-6-l\\\/\",\"name\":\"Apollo LED Schaum-\u00dcbungsl\u00f6scher mit Schlagtaster 6 L - FireWare\",\"isPartOf\":{\"@id\":\"https:\\\/\\\/fireware.nl\\\/de\\\/#website\"},\"primaryImageOfPage\":{\"@id\":\"https:\\\/\\\/fireware.nl\\\/de\\\/product\\\/apollo-led-schaum-ubungsloscher-mit-schlagtaster-6-l\\\/#primaryimage\"},\"image\":{\"@id\":\"https:\\\/\\\/fireware.nl\\\/de\\\/product\\\/apollo-led-schaum-ubungsloscher-mit-schlagtaster-6-l\\\/#primaryimage\"},\"thumbnailUrl\":\"https:\\\/\\\/fireware.nl\\\/wp-content\\\/uploads\\\/2020\\\/05\\\/025-100-015-FireWare-Apollo-LED-push-button-2.jpg\",\"datePublished\":\"2020-05-15T14:48:43+00:00\",\"dateModified\":\"2026-01-23T14:33:48+00:00\",\"breadcrumb\":{\"@id\":\"https:\\\/\\\/fireware.nl\\\/de\\\/product\\\/apollo-led-schaum-ubungsloscher-mit-schlagtaster-6-l\\\/#breadcrumb\"},\"inLanguage\":\"de\",\"potentialAction\":[{\"@type\":\"ReadAction\",\"target\":[\"https:\\\/\\\/fireware.nl\\\/de\\\/product\\\/apollo-led-schaum-ubungsloscher-mit-schlagtaster-6-l\\\/\"]}]},{\"@type\":\"ImageObject\",\"inLanguage\":\"de\",\"@id\":\"https:\\\/\\\/fireware.nl\\\/de\\\/product\\\/apollo-led-schaum-ubungsloscher-mit-schlagtaster-6-l\\\/#primaryimage\",\"url\":\"https:\\\/\\\/fireware.nl\\\/wp-content\\\/uploads\\\/2020\\\/05\\\/025-100-015-FireWare-Apollo-LED-push-button-2.jpg\",\"contentUrl\":\"https:\\\/\\\/fireware.nl\\\/wp-content\\\/uploads\\\/2020\\\/05\\\/025-100-015-FireWare-Apollo-LED-push-button-2.jpg\",\"width\":600,\"height\":600},{\"@type\":\"BreadcrumbList\",\"@id\":\"https:\\\/\\\/fireware.nl\\\/de\\\/product\\\/apollo-led-schaum-ubungsloscher-mit-schlagtaster-6-l\\\/#breadcrumb\",\"itemListElement\":[{\"@type\":\"ListItem\",\"position\":1,\"name\":\"Home\",\"item\":\"https:\\\/\\\/fireware.nl\\\/de\\\/\"},{\"@type\":\"ListItem\",\"position\":2,\"name\":\"Produkte\",\"item\":\"https:\\\/\\\/fireware.nl\\\/de\\\/produkte\\\/\"},{\"@type\":\"ListItem\",\"position\":3,\"name\":\"Apollo LED Schaum-\u00dcbungsl\u00f6scher mit Schlagtaster 6 L\"}]},{\"@type\":\"WebSite\",\"@id\":\"https:\\\/\\\/fireware.nl\\\/de\\\/#website\",\"url\":\"https:\\\/\\\/fireware.nl\\\/de\\\/\",\"name\":\"FireWare\",\"description\":\"CREATING REALISTIC  TRAINING ENVIRONMENTS\",\"publisher\":{\"@id\":\"https:\\\/\\\/fireware.nl\\\/de\\\/#organization\"},\"potentialAction\":[{\"@type\":\"SearchAction\",\"target\":{\"@type\":\"EntryPoint\",\"urlTemplate\":\"https:\\\/\\\/fireware.nl\\\/de\\\/?s={search_term_string}\"},\"query-input\":{\"@type\":\"PropertyValueSpecification\",\"valueRequired\":true,\"valueName\":\"search_term_string\"}}],\"inLanguage\":\"de\"},{\"@type\":\"Organization\",\"@id\":\"https:\\\/\\\/fireware.nl\\\/de\\\/#organization\",\"name\":\"FireWare\",\"url\":\"https:\\\/\\\/fireware.nl\\\/de\\\/\",\"logo\":{\"@type\":\"ImageObject\",\"inLanguage\":\"de\",\"@id\":\"https:\\\/\\\/fireware.nl\\\/de\\\/#\\\/schema\\\/logo\\\/image\\\/\",\"url\":\"https:\\\/\\\/fireware.nl\\\/wp-content\\\/uploads\\\/2018\\\/10\\\/FireWare-logo.jpg\",\"contentUrl\":\"https:\\\/\\\/fireware.nl\\\/wp-content\\\/uploads\\\/2018\\\/10\\\/FireWare-logo.jpg\",\"width\":171,\"height\":70,\"caption\":\"FireWare\"},\"image\":{\"@id\":\"https:\\\/\\\/fireware.nl\\\/de\\\/#\\\/schema\\\/logo\\\/image\\\/\"},\"sameAs\":[\"https:\\\/\\\/www.facebook.com\\\/FireWareBV\\\/\",\"https:\\\/\\\/x.com\\\/FireWarebv\",\"https:\\\/\\\/www.instagram.com\\\/fireware_nl\\\/\",\"https:\\\/\\\/www.linkedin.com\\\/company\\\/3586017\\\/\",\"https:\\\/\\\/www.youtube.com\\\/user\\\/firesalesrentconsult\"]}]}<\/script>\n<!-- \/ Yoast SEO plugin. -->","yoast_head_json":{"title":"Apollo LED Schaum-\u00dcbungsl\u00f6scher mit Schlagtaster 6 L - FireWare","robots":{"index":"index","follow":"follow","max-snippet":"max-snippet:-1","max-image-preview":"max-image-preview:large","max-video-preview":"max-video-preview:-1"},"canonical":"https:\/\/fireware.nl\/de\/product\/apollo-led-schaum-ubungsloscher-mit-schlagtaster-6-l\/","og_locale":"de_DE","og_type":"article","og_title":"Apollo LED Schaum-\u00dcbungsl\u00f6scher mit Schlagtaster 6 L - FireWare","og_description":"Gut L\u00f6schen lernen ohne echtes Feuer und ohne Wasser, Schaum oder Pulver. Bereiten Sie den Lehrgangsteilnehmer in jeder \u00dcbungsumgebung auf die Praxis vor. Bedienen Sie den Apollo LED-L\u00f6scher genauso wie einen normalen Feuerl\u00f6scher mit einem Schlagtaster. Hat das Gewicht eines echten L\u00f6schers, um sich der Praxis stellen zu k\u00f6nnen. Mit eingebauten Sound-Effekten eines spritzenden L\u00f6schers. W\u00e4hrend des Spritzens entleert sich der virtuelle Tank allm\u00e4hlich. Kommt mit Aufklebern in Niederl\u00e4ndisch, Englisch, Franz\u00f6sisch und Deutsch. Auch erh\u00e4ltlich mit Druckgriff oder als CO2-Variante und als Feuerwehrschlauchtrommel.","og_url":"https:\/\/fireware.nl\/de\/product\/apollo-led-schaum-ubungsloscher-mit-schlagtaster-6-l\/","og_site_name":"FireWare","article_publisher":"https:\/\/www.facebook.com\/FireWareBV\/","article_modified_time":"2026-01-23T14:33:48+00:00","og_image":[{"width":600,"height":600,"url":"https:\/\/fireware.nl\/wp-content\/uploads\/2020\/05\/025-100-015-FireWare-Apollo-LED-push-button-2.jpg","type":"image\/jpeg"}],"twitter_card":"summary_large_image","twitter_site":"@FireWarebv","twitter_misc":{"Gesch\u00e4tzte Lesezeit":"3\u00a0Minuten"},"schema":{"@context":"https:\/\/schema.org","@graph":[{"@type":"WebPage","@id":"https:\/\/fireware.nl\/de\/product\/apollo-led-schaum-ubungsloscher-mit-schlagtaster-6-l\/","url":"https:\/\/fireware.nl\/de\/product\/apollo-led-schaum-ubungsloscher-mit-schlagtaster-6-l\/","name":"Apollo LED Schaum-\u00dcbungsl\u00f6scher mit Schlagtaster 6 L - FireWare","isPartOf":{"@id":"https:\/\/fireware.nl\/de\/#website"},"primaryImageOfPage":{"@id":"https:\/\/fireware.nl\/de\/product\/apollo-led-schaum-ubungsloscher-mit-schlagtaster-6-l\/#primaryimage"},"image":{"@id":"https:\/\/fireware.nl\/de\/product\/apollo-led-schaum-ubungsloscher-mit-schlagtaster-6-l\/#primaryimage"},"thumbnailUrl":"https:\/\/fireware.nl\/wp-content\/uploads\/2020\/05\/025-100-015-FireWare-Apollo-LED-push-button-2.jpg","datePublished":"2020-05-15T14:48:43+00:00","dateModified":"2026-01-23T14:33:48+00:00","breadcrumb":{"@id":"https:\/\/fireware.nl\/de\/product\/apollo-led-schaum-ubungsloscher-mit-schlagtaster-6-l\/#breadcrumb"},"inLanguage":"de","potentialAction":[{"@type":"ReadAction","target":["https:\/\/fireware.nl\/de\/product\/apollo-led-schaum-ubungsloscher-mit-schlagtaster-6-l\/"]}]},{"@type":"ImageObject","inLanguage":"de","@id":"https:\/\/fireware.nl\/de\/product\/apollo-led-schaum-ubungsloscher-mit-schlagtaster-6-l\/#primaryimage","url":"https:\/\/fireware.nl\/wp-content\/uploads\/2020\/05\/025-100-015-FireWare-Apollo-LED-push-button-2.jpg","contentUrl":"https:\/\/fireware.nl\/wp-content\/uploads\/2020\/05\/025-100-015-FireWare-Apollo-LED-push-button-2.jpg","width":600,"height":600},{"@type":"BreadcrumbList","@id":"https:\/\/fireware.nl\/de\/product\/apollo-led-schaum-ubungsloscher-mit-schlagtaster-6-l\/#breadcrumb","itemListElement":[{"@type":"ListItem","position":1,"name":"Home","item":"https:\/\/fireware.nl\/de\/"},{"@type":"ListItem","position":2,"name":"Produkte","item":"https:\/\/fireware.nl\/de\/produkte\/"},{"@type":"ListItem","position":3,"name":"Apollo LED Schaum-\u00dcbungsl\u00f6scher mit Schlagtaster 6 L"}]},{"@type":"WebSite","@id":"https:\/\/fireware.nl\/de\/#website","url":"https:\/\/fireware.nl\/de\/","name":"FireWare","description":"CREATING REALISTIC  TRAINING ENVIRONMENTS","publisher":{"@id":"https:\/\/fireware.nl\/de\/#organization"},"potentialAction":[{"@type":"SearchAction","target":{"@type":"EntryPoint","urlTemplate":"https:\/\/fireware.nl\/de\/?s={search_term_string}"},"query-input":{"@type":"PropertyValueSpecification","valueRequired":true,"valueName":"search_term_string"}}],"inLanguage":"de"},{"@type":"Organization","@id":"https:\/\/fireware.nl\/de\/#organization","name":"FireWare","url":"https:\/\/fireware.nl\/de\/","logo":{"@type":"ImageObject","inLanguage":"de","@id":"https:\/\/fireware.nl\/de\/#\/schema\/logo\/image\/","url":"https:\/\/fireware.nl\/wp-content\/uploads\/2018\/10\/FireWare-logo.jpg","contentUrl":"https:\/\/fireware.nl\/wp-content\/uploads\/2018\/10\/FireWare-logo.jpg","width":171,"height":70,"caption":"FireWare"},"image":{"@id":"https:\/\/fireware.nl\/de\/#\/schema\/logo\/image\/"},"sameAs":["https:\/\/www.facebook.com\/FireWareBV\/","https:\/\/x.com\/FireWarebv","https:\/\/www.instagram.com\/fireware_nl\/","https:\/\/www.linkedin.com\/company\/3586017\/","https:\/\/www.youtube.com\/user\/firesalesrentconsult"]}]}},"publishpress_future_workflow_manual_trigger":{"enabledWorkflows":[]},"_links":{"self":[{"href":"https:\/\/fireware.nl\/de\/wp-json\/wp\/v2\/product\/43380","targetHints":{"allow":["GET"]}}],"collection":[{"href":"https:\/\/fireware.nl\/de\/wp-json\/wp\/v2\/product"}],"about":[{"href":"https:\/\/fireware.nl\/de\/wp-json\/wp\/v2\/types\/product"}],"wp:featuredmedia":[{"embeddable":true,"href":"https:\/\/fireware.nl\/de\/wp-json\/wp\/v2\/media\/61503"}],"wp:attachment":[{"href":"https:\/\/fireware.nl\/de\/wp-json\/wp\/v2\/media?parent=43380"}],"wp:term":[{"taxonomy":"product_brand","embeddable":true,"href":"https:\/\/fireware.nl\/de\/wp-json\/wp\/v2\/product_brand?post=43380"},{"taxonomy":"product_cat","embeddable":true,"href":"https:\/\/fireware.nl\/de\/wp-json\/wp\/v2\/product_cat?post=43380"},{"taxonomy":"product_tag","embeddable":true,"href":"https:\/\/fireware.nl\/de\/wp-json\/wp\/v2\/product_tag?post=43380"}],"curies":[{"name":"wp","href":"https:\/\/api.w.org\/{rel}","templated":true}]}}