
{"id":48462,"date":"2021-05-15T14:28:47","date_gmt":"2021-05-15T14:28:47","guid":{"rendered":"https:\/\/fireware.nl\/product\/ausbildungsset-loschtraining\/"},"modified":"2026-04-15T12:48:23","modified_gmt":"2026-04-15T12:48:23","slug":"ausbildungsset-loschtraining","status":"publish","type":"product","link":"https:\/\/fireware.nl\/de\/produkt\/ausbildungsset-loschtraining\/","title":{"rendered":"Ausbildungsset L\u00f6schtraining"},"content":{"rendered":"\n\n\t<h2>F\u00fchren Sie eine kleine simulierte Feuerl\u00f6sch\u00fcbung durch<\/h2>\n<p>Schnell und einfach eine komplette \u00dcbung auf die Beine stellen, bei der Sie die Teilnehmer durch das Thema Feuer f\u00fchren? Kombinieren Sie Pandora&#8217;s Box mit der batteriebetriebenen Rauchmaschine Cirrus f\u00fcr eine realistische Flammensimulation, die Soundeffekte und das Raucherlebnis eines beginnenden Brandes. Fordern Sie die Teilnehmer dann heraus, angemessen dagegen vorzugehen und \u00fcberpr\u00fcfen Sie die L\u00f6schkompetenzen. Die \u00dcbungsger\u00e4tschaften aus dem Set sind batteriebetrieben und sofort einsatzbereit. Im Handumdrehen baut der Ausbilder die Inszenierung sowohl auf und auch wieder ab!<\/p>\n<h2>L\u00f6schtraining &#8211; sicher und \u00fcberall<\/h2>\n<p>Nat\u00fcrlich sind wir uns der Folgen von COVID-19 f\u00fcr Ausbildungsprogramme bewusst. Gerade darum haben wir das Ausbildungsset L\u00f6schtraining zusammengestellt. Die \u00dcbungsger\u00e4tschaften brauchen w\u00e4hrend des Gebrauchs nicht an das Stromnetz angeschlossen zu werden. Darum k\u00f6nnen sich die Lehrgangsteilnehmer \u00fcber das gesamte \u00dcbungsareal hinweg verteilen und in einem sicheren Abstand voneinander \u00fcben. Dar\u00fcber hinaus k\u00f6nnen die Pandora&#8217;s Box und die FireWare Cirrus mithilfe der drahtlosen Pandora Fernbedienung ferngesteuert werden. Damit kann der Ausbilder die Handlungen der Kursteilnehmer aus der Ferne beeinflussen.<\/p>\n<p>Wenn Sie mit diesem Set arbeiten, bleibt die \u00dcbungsumgebung sauber. Sie k\u00f6nnen fast \u00fcberall \u00fcben. Au\u00dferdem ist der n\u00e4chste Teilnehmer schnell an der Reihe. An einem Tag k\u00f6nnen viele Sch\u00fcler das L\u00f6schtraining absolvieren und zeigen, dass sie alle notwendigen L\u00f6schf\u00e4higkeiten beherrschen.<\/p>\n<h2>Pandora&#8217;s Box &#8211; vollst\u00e4ndige Ausbildungsbox mit allerlei Szenarien<\/h2>\n<p>Mit der <a href=\"https:\/\/fireware.nl\/de\/produkt\/fireware-pandoras-box\/\" target=\"_blank\" rel=\"noopener\">Pandora&#8217;s Box<\/a> stellen Sie eine komplette \u00dcbung auf die Beine, bei der viele Sinne angeregt werden. Mithilfe zweier leistungsstarker LED-Armaturen k\u00f6nnen Sie mit dieser Ausbildungsbox allerlei Simulationsm\u00f6glichkeiten schaffen. Intensivieren Sie die Flammensimulation indem Sie gleichzeitig einen realistisches Flammenger\u00e4usch abspielen. Dar\u00fcber hinaus stecken in dieser B\u00fcchse auch die Soundeffekte einer Fl\u00fcssigkeitsleckage, einer Explosion, eines Einsturzes und eines Gaslecks. Oder wie w\u00e4re es mit den M\u00f6glichkeiten f\u00fcr Ihr Szenario, in dem ein Opfer schluchzt, ein Baby weint oder ein Hilferuf erklingt? Sie k\u00f6nnen die Sounds gleichzeitig abspielen und sogar mischen. Und all dies aus der Ferne mit der drahtlosen Fernbedienung.<\/p>\n<h2>FireWare Cirrus &#8211; Rauch auf Batterie erzeugen<\/h2>\n<p>Die <a href=\"https:\/\/fireware.nl\/de\/produkt\/cirrus-rauchmaschine-mit-akku\/\" target=\"_blank\" rel=\"noopener\">FireWare Cirrus<\/a> erzeugt Rauch und wird mit einer Batterie betrieben. Auf Knopfdruck gibt die Maschine nach einer Aufw\u00e4rmzeit von 2 Sekunden Rauch ab. Die FireWare Cirrus Rauchmaschine kann mit einer Akkuladung bis zu 10 Minuten lang kontinuierlich Rauch abgeben. Aber zum Beispiel auch 250 St\u00f6\u00dfe von 10 Sekunden. Wenn Sie die Rauchmaschine an die Pandora&#8217;s Box anschlie\u00dfen, k\u00f6nnen Sie sie mit der Fernbedienung der Pandora fernsteuern. Die Kiste der Pandora enth\u00e4lt sogar einen speziellen Stauraum f\u00fcr die batteriebetriebene Cirrus Rauchmaschine. Kombinieren Sie das \u00dcbungsger\u00e4tschaften und machen Sie die Pandora zu einem autonomen Ausbildungsger\u00e4t, mit dem Sie ohne Strom in R\u00e4umen \u00fcben k\u00f6nnen.<\/p>\n<h2>Apollo LED-\u00dcbungsl\u00f6scher &#8211; lernen Sie, richtig zu l\u00f6schen, ohne L\u00f6schr\u00fcckst\u00e4nde<\/h2>\n<p>Bereiten Sie die Teilnehmer mit dem Apollo-LED in jeder \u00dcbungsumgebung auf das angemessene Handeln bei einem beginnenden Brand vor. Der L\u00f6schstrahl des Apollo LED wird mit einer leistungsstarken LED simuliert. Deshalb k\u00f6nnen Sie an Orten \u00fcben, an denen normalerweise keine oder kaum \u00dcbungen m\u00f6glich sind oder an denen kein Wasser, Schaum, CO2 oder Pulver eingesetzt werden darf.<\/p>\n<p>Mit dem Apollo LED sprechen Sie jeden Sinn des Sch\u00fclers so realistisch wie m\u00f6glich an. Der \u00dcbungsl\u00f6scher f\u00fchlt sich an wie ein echter Feuerl\u00f6scher, klingt wie ein echter Feuerl\u00f6scher und wurde auf ein realistisches Gewicht gebracht. Auf diese Weise k\u00f6nnen Sie den Sch\u00fclern beibringen, realistisch mit dem hohen Gewicht eines echten Feuerl\u00f6schers umzugehen. Dar\u00fcber hinaus k\u00f6nnen Sie den Apollo-LED wie einen normalen Feuerl\u00f6scher bedienen.<\/p>\n<p>Der Apollo LED ist in 3 Versionen erh\u00e4ltlich. Beim Kauf des Ausbildungssets L\u00f6schtraining k\u00f6nnen Sie zwischen dem <a href=\"https:\/\/fireware.nl\/de\/produkt\/apollo-led-schaum-ubungsloscher-mit-druckgriff-6-l\/\" target=\"_blank\" rel=\"noopener\">Apollo LED Schaum-\u00dcbungsl\u00f6scher mit Druckgriff 6 L<\/a>, dem <a href=\"https:\/\/fireware.nl\/de\/produkt\/apollo-led-schaum-ubungsloscher-mit-schlagtaster-6-l\/\" target=\"_blank\" rel=\"noopener\">Apollo LED Schaum-\u00dcbungsl\u00f6scher mit Schlagtaster 6 L<\/a> oder dem <a href=\"https:\/\/fireware.nl\/de\/produkt\/apollo-led-co2-ubungsloscher-2-l\/\" target=\"_blank\" rel=\"noopener\">Apollo LED CO2-\u00dcbungsl\u00f6scher 2 L<\/a> w\u00e4hlen. Sehr komfortabel!<\/p>\n<h2>Sehen Sie sich das Video an<\/h2>\n\t\t<iframe loading=\"lazy\" width=\"1920\" height=\"1080\" src=\"https:\/\/player.vimeo.com\/video\/1058988953?hl=nl&#038;cc_lang_pref=nl&#038;cc_load_policy=1\" frameborder=\"0\" allow=\"accelerometer; autoplay; clipboard-write; encrypted-media; gyroscope; picture-in-picture\" allowfullscreen><\/iframe>\t\n\t\t<iframe loading=\"lazy\" width=\"1920\" height=\"1080\" src=\"https:\/\/player.vimeo.com\/video\/1183365549?hl=nl&#038;cc_lang_pref=nl&#038;cc_load_policy=1\" frameborder=\"0\" allow=\"accelerometer; autoplay; clipboard-write; encrypted-media; gyroscope; picture-in-picture\" allowfullscreen><\/iframe>\t\n\n","protected":false},"excerpt":{"rendered":"<ul>\n<li>Alles f\u00fcr die Durchf\u00fchrung einer kleinen Feuerl\u00f6sch\u00fcbung in einem Set<\/li>\n<li>Enth\u00e4lt eine batteriebetriebene Cirrus Rauchmaschine, eine Pandora&#8217;s Box und einen Apollo LED \u00dcbungsl\u00f6scher<\/li>\n<li>Kombinieren Sie die \u00dcbungsger\u00e4tschaften f\u00fcr eine realistische Flammensimulation, die Soundeffekte und das Raucherlebnis eines beginnenden Brandes<\/li>\n<li>Bedienen Sie die Inszenierung ferngesteuert mit einer drahtlosen Fernbedienung<\/li>\n<li>Bringen Sie den Lehrgangsteilnehmern das L\u00f6schen bei, ohne echtes Feuer, Wasser, Schaum oder Pulver zu verwenden<\/li>\n<li>Batteriebetrieben und sofort einsatzbereit<\/li>\n<li>Der LED-\u00dcbungsl\u00f6scher Apollo l\u00f6scht den Brand per Funkverbindung\n<div id=\"tlEx8b\" data-ved=\"2ahUKEwjrz8LuyP2BAxW3KFkFHc67DPEQr_kLegQICBAp\">\u00a0<\/div>\n<\/li>\n<\/ul>\n","protected":false},"featured_media":48142,"template":"","meta":[],"product_brand":[],"product_cat":[93,216,102,3686],"product_tag":[],"class_list":{"0":"post-48462","1":"product","2":"type-product","3":"status-publish","4":"has-post-thumbnail","6":"product_cat-demo-produkte","7":"product_cat-simuliertes-feuer","8":"product_cat-uebungs-loeschmittel","9":"product_cat-uebungssaetze","10":"pa_optie-mit-apollo-led-co2-uebungsloescher-2-l","11":"pa_optie-mit-apollo-led-schaum-uebungsloescher-mit-druckgriff-6-l","12":"pa_optie-mit-apollo-led-schaum-uebungsloescher-mit-schlagtaster-6-l","14":"first","15":"instock","16":"taxable","17":"shipping-taxable","18":"purchasable","19":"product-type-variable"},"yoast_head":"<!-- This site is optimized with the Yoast SEO plugin v27.5 - https:\/\/yoast.com\/product\/yoast-seo-wordpress\/ -->\n<title>Ausbildungsset L\u00f6schtraining - FireWare<\/title>\n<meta name=\"description\" content=\"Das Ausbildungsset L\u00f6schtraining: eine realistische Flammensimulation, die Soundeffekte und das Raucherlebnis eines beginnenden Brandes.\" \/>\n<meta name=\"robots\" content=\"index, follow, max-snippet:-1, max-image-preview:large, max-video-preview:-1\" \/>\n<link rel=\"canonical\" href=\"https:\/\/fireware.nl\/de\/produkt\/ausbildungsset-loschtraining\/\" \/>\n<meta property=\"og:locale\" content=\"de_DE\" \/>\n<meta property=\"og:type\" content=\"article\" \/>\n<meta property=\"og:title\" content=\"Ausbildungsset L\u00f6schtraining - FireWare\" \/>\n<meta property=\"og:description\" content=\"Das Ausbildungsset L\u00f6schtraining: eine realistische Flammensimulation, die Soundeffekte und das Raucherlebnis eines beginnenden Brandes.\" \/>\n<meta property=\"og:url\" content=\"https:\/\/fireware.nl\/de\/produkt\/ausbildungsset-loschtraining\/\" \/>\n<meta property=\"og:site_name\" content=\"FireWare\" \/>\n<meta property=\"article:publisher\" content=\"https:\/\/www.facebook.com\/FireWareBV\/\" \/>\n<meta property=\"article:modified_time\" content=\"2026-04-15T12:48:23+00:00\" \/>\n<meta property=\"og:image\" content=\"https:\/\/fireware.nl\/wp-content\/uploads\/2020\/09\/040-030-020-Oefenset-Blusoefening.jpg\" \/>\n\t<meta property=\"og:image:width\" content=\"600\" \/>\n\t<meta property=\"og:image:height\" content=\"600\" \/>\n\t<meta property=\"og:image:type\" content=\"image\/jpeg\" \/>\n<meta name=\"twitter:card\" content=\"summary_large_image\" \/>\n<meta name=\"twitter:site\" content=\"@FireWarebv\" \/>\n<meta name=\"twitter:label1\" content=\"Gesch\u00e4tzte Lesezeit\" \/>\n\t<meta name=\"twitter:data1\" content=\"3\u00a0Minuten\" \/>\n<script type=\"application\/ld+json\" class=\"yoast-schema-graph\">{\"@context\":\"https:\\\/\\\/schema.org\",\"@graph\":[{\"@type\":\"WebPage\",\"@id\":\"https:\\\/\\\/fireware.nl\\\/de\\\/produkt\\\/ausbildungsset-loschtraining\\\/\",\"url\":\"https:\\\/\\\/fireware.nl\\\/de\\\/produkt\\\/ausbildungsset-loschtraining\\\/\",\"name\":\"Ausbildungsset L\u00f6schtraining - FireWare\",\"isPartOf\":{\"@id\":\"https:\\\/\\\/fireware.nl\\\/de\\\/#website\"},\"primaryImageOfPage\":{\"@id\":\"https:\\\/\\\/fireware.nl\\\/de\\\/produkt\\\/ausbildungsset-loschtraining\\\/#primaryimage\"},\"image\":{\"@id\":\"https:\\\/\\\/fireware.nl\\\/de\\\/produkt\\\/ausbildungsset-loschtraining\\\/#primaryimage\"},\"thumbnailUrl\":\"https:\\\/\\\/fireware.nl\\\/wp-content\\\/uploads\\\/2020\\\/09\\\/040-030-020-Oefenset-Blusoefening.jpg\",\"datePublished\":\"2021-05-15T14:28:47+00:00\",\"dateModified\":\"2026-04-15T12:48:23+00:00\",\"description\":\"Das Ausbildungsset L\u00f6schtraining: eine realistische Flammensimulation, die Soundeffekte und das Raucherlebnis eines beginnenden Brandes.\",\"breadcrumb\":{\"@id\":\"https:\\\/\\\/fireware.nl\\\/de\\\/produkt\\\/ausbildungsset-loschtraining\\\/#breadcrumb\"},\"inLanguage\":\"de\",\"potentialAction\":[{\"@type\":\"ReadAction\",\"target\":[\"https:\\\/\\\/fireware.nl\\\/de\\\/produkt\\\/ausbildungsset-loschtraining\\\/\"]}]},{\"@type\":\"ImageObject\",\"inLanguage\":\"de\",\"@id\":\"https:\\\/\\\/fireware.nl\\\/de\\\/produkt\\\/ausbildungsset-loschtraining\\\/#primaryimage\",\"url\":\"https:\\\/\\\/fireware.nl\\\/wp-content\\\/uploads\\\/2020\\\/09\\\/040-030-020-Oefenset-Blusoefening.jpg\",\"contentUrl\":\"https:\\\/\\\/fireware.nl\\\/wp-content\\\/uploads\\\/2020\\\/09\\\/040-030-020-Oefenset-Blusoefening.jpg\",\"width\":600,\"height\":600},{\"@type\":\"BreadcrumbList\",\"@id\":\"https:\\\/\\\/fireware.nl\\\/de\\\/produkt\\\/ausbildungsset-loschtraining\\\/#breadcrumb\",\"itemListElement\":[{\"@type\":\"ListItem\",\"position\":1,\"name\":\"Home\",\"item\":\"https:\\\/\\\/fireware.nl\\\/de\\\/\"},{\"@type\":\"ListItem\",\"position\":2,\"name\":\"Produkte\",\"item\":\"https:\\\/\\\/fireware.nl\\\/de\\\/produkte\\\/\"},{\"@type\":\"ListItem\",\"position\":3,\"name\":\"Ausbildungsset L\u00f6schtraining\"}]},{\"@type\":\"WebSite\",\"@id\":\"https:\\\/\\\/fireware.nl\\\/de\\\/#website\",\"url\":\"https:\\\/\\\/fireware.nl\\\/de\\\/\",\"name\":\"FireWare\",\"description\":\"CREATING REALISTIC  TRAINING ENVIRONMENTS\",\"publisher\":{\"@id\":\"https:\\\/\\\/fireware.nl\\\/de\\\/#organization\"},\"potentialAction\":[{\"@type\":\"SearchAction\",\"target\":{\"@type\":\"EntryPoint\",\"urlTemplate\":\"https:\\\/\\\/fireware.nl\\\/de\\\/?s={search_term_string}\"},\"query-input\":{\"@type\":\"PropertyValueSpecification\",\"valueRequired\":true,\"valueName\":\"search_term_string\"}}],\"inLanguage\":\"de\"},{\"@type\":\"Organization\",\"@id\":\"https:\\\/\\\/fireware.nl\\\/de\\\/#organization\",\"name\":\"FireWare\",\"url\":\"https:\\\/\\\/fireware.nl\\\/de\\\/\",\"logo\":{\"@type\":\"ImageObject\",\"inLanguage\":\"de\",\"@id\":\"https:\\\/\\\/fireware.nl\\\/de\\\/#\\\/schema\\\/logo\\\/image\\\/\",\"url\":\"https:\\\/\\\/fireware.nl\\\/wp-content\\\/uploads\\\/2018\\\/10\\\/FireWare-logo.jpg\",\"contentUrl\":\"https:\\\/\\\/fireware.nl\\\/wp-content\\\/uploads\\\/2018\\\/10\\\/FireWare-logo.jpg\",\"width\":171,\"height\":70,\"caption\":\"FireWare\"},\"image\":{\"@id\":\"https:\\\/\\\/fireware.nl\\\/de\\\/#\\\/schema\\\/logo\\\/image\\\/\"},\"sameAs\":[\"https:\\\/\\\/www.facebook.com\\\/FireWareBV\\\/\",\"https:\\\/\\\/x.com\\\/FireWarebv\",\"https:\\\/\\\/www.instagram.com\\\/fireware_nl\\\/\",\"https:\\\/\\\/www.linkedin.com\\\/company\\\/3586017\\\/\",\"https:\\\/\\\/www.youtube.com\\\/user\\\/firesalesrentconsult\"]}]}<\/script>\n<!-- \/ Yoast SEO plugin. -->","yoast_head_json":{"title":"Ausbildungsset L\u00f6schtraining - FireWare","description":"Das Ausbildungsset L\u00f6schtraining: eine realistische Flammensimulation, die Soundeffekte und das Raucherlebnis eines beginnenden Brandes.","robots":{"index":"index","follow":"follow","max-snippet":"max-snippet:-1","max-image-preview":"max-image-preview:large","max-video-preview":"max-video-preview:-1"},"canonical":"https:\/\/fireware.nl\/de\/produkt\/ausbildungsset-loschtraining\/","og_locale":"de_DE","og_type":"article","og_title":"Ausbildungsset L\u00f6schtraining - FireWare","og_description":"Das Ausbildungsset L\u00f6schtraining: eine realistische Flammensimulation, die Soundeffekte und das Raucherlebnis eines beginnenden Brandes.","og_url":"https:\/\/fireware.nl\/de\/produkt\/ausbildungsset-loschtraining\/","og_site_name":"FireWare","article_publisher":"https:\/\/www.facebook.com\/FireWareBV\/","article_modified_time":"2026-04-15T12:48:23+00:00","og_image":[{"width":600,"height":600,"url":"https:\/\/fireware.nl\/wp-content\/uploads\/2020\/09\/040-030-020-Oefenset-Blusoefening.jpg","type":"image\/jpeg"}],"twitter_card":"summary_large_image","twitter_site":"@FireWarebv","twitter_misc":{"Gesch\u00e4tzte Lesezeit":"3\u00a0Minuten"},"schema":{"@context":"https:\/\/schema.org","@graph":[{"@type":"WebPage","@id":"https:\/\/fireware.nl\/de\/produkt\/ausbildungsset-loschtraining\/","url":"https:\/\/fireware.nl\/de\/produkt\/ausbildungsset-loschtraining\/","name":"Ausbildungsset L\u00f6schtraining - FireWare","isPartOf":{"@id":"https:\/\/fireware.nl\/de\/#website"},"primaryImageOfPage":{"@id":"https:\/\/fireware.nl\/de\/produkt\/ausbildungsset-loschtraining\/#primaryimage"},"image":{"@id":"https:\/\/fireware.nl\/de\/produkt\/ausbildungsset-loschtraining\/#primaryimage"},"thumbnailUrl":"https:\/\/fireware.nl\/wp-content\/uploads\/2020\/09\/040-030-020-Oefenset-Blusoefening.jpg","datePublished":"2021-05-15T14:28:47+00:00","dateModified":"2026-04-15T12:48:23+00:00","description":"Das Ausbildungsset L\u00f6schtraining: eine realistische Flammensimulation, die Soundeffekte und das Raucherlebnis eines beginnenden Brandes.","breadcrumb":{"@id":"https:\/\/fireware.nl\/de\/produkt\/ausbildungsset-loschtraining\/#breadcrumb"},"inLanguage":"de","potentialAction":[{"@type":"ReadAction","target":["https:\/\/fireware.nl\/de\/produkt\/ausbildungsset-loschtraining\/"]}]},{"@type":"ImageObject","inLanguage":"de","@id":"https:\/\/fireware.nl\/de\/produkt\/ausbildungsset-loschtraining\/#primaryimage","url":"https:\/\/fireware.nl\/wp-content\/uploads\/2020\/09\/040-030-020-Oefenset-Blusoefening.jpg","contentUrl":"https:\/\/fireware.nl\/wp-content\/uploads\/2020\/09\/040-030-020-Oefenset-Blusoefening.jpg","width":600,"height":600},{"@type":"BreadcrumbList","@id":"https:\/\/fireware.nl\/de\/produkt\/ausbildungsset-loschtraining\/#breadcrumb","itemListElement":[{"@type":"ListItem","position":1,"name":"Home","item":"https:\/\/fireware.nl\/de\/"},{"@type":"ListItem","position":2,"name":"Produkte","item":"https:\/\/fireware.nl\/de\/produkte\/"},{"@type":"ListItem","position":3,"name":"Ausbildungsset L\u00f6schtraining"}]},{"@type":"WebSite","@id":"https:\/\/fireware.nl\/de\/#website","url":"https:\/\/fireware.nl\/de\/","name":"FireWare","description":"CREATING REALISTIC  TRAINING ENVIRONMENTS","publisher":{"@id":"https:\/\/fireware.nl\/de\/#organization"},"potentialAction":[{"@type":"SearchAction","target":{"@type":"EntryPoint","urlTemplate":"https:\/\/fireware.nl\/de\/?s={search_term_string}"},"query-input":{"@type":"PropertyValueSpecification","valueRequired":true,"valueName":"search_term_string"}}],"inLanguage":"de"},{"@type":"Organization","@id":"https:\/\/fireware.nl\/de\/#organization","name":"FireWare","url":"https:\/\/fireware.nl\/de\/","logo":{"@type":"ImageObject","inLanguage":"de","@id":"https:\/\/fireware.nl\/de\/#\/schema\/logo\/image\/","url":"https:\/\/fireware.nl\/wp-content\/uploads\/2018\/10\/FireWare-logo.jpg","contentUrl":"https:\/\/fireware.nl\/wp-content\/uploads\/2018\/10\/FireWare-logo.jpg","width":171,"height":70,"caption":"FireWare"},"image":{"@id":"https:\/\/fireware.nl\/de\/#\/schema\/logo\/image\/"},"sameAs":["https:\/\/www.facebook.com\/FireWareBV\/","https:\/\/x.com\/FireWarebv","https:\/\/www.instagram.com\/fireware_nl\/","https:\/\/www.linkedin.com\/company\/3586017\/","https:\/\/www.youtube.com\/user\/firesalesrentconsult"]}]}},"publishpress_future_workflow_manual_trigger":{"enabledWorkflows":[]},"_links":{"self":[{"href":"https:\/\/fireware.nl\/de\/wp-json\/wp\/v2\/product\/48462","targetHints":{"allow":["GET"]}}],"collection":[{"href":"https:\/\/fireware.nl\/de\/wp-json\/wp\/v2\/product"}],"about":[{"href":"https:\/\/fireware.nl\/de\/wp-json\/wp\/v2\/types\/product"}],"wp:featuredmedia":[{"embeddable":true,"href":"https:\/\/fireware.nl\/de\/wp-json\/wp\/v2\/media\/48142"}],"wp:attachment":[{"href":"https:\/\/fireware.nl\/de\/wp-json\/wp\/v2\/media?parent=48462"}],"wp:term":[{"taxonomy":"product_brand","embeddable":true,"href":"https:\/\/fireware.nl\/de\/wp-json\/wp\/v2\/product_brand?post=48462"},{"taxonomy":"product_cat","embeddable":true,"href":"https:\/\/fireware.nl\/de\/wp-json\/wp\/v2\/product_cat?post=48462"},{"taxonomy":"product_tag","embeddable":true,"href":"https:\/\/fireware.nl\/de\/wp-json\/wp\/v2\/product_tag?post=48462"}],"curies":[{"name":"wp","href":"https:\/\/api.w.org\/{rel}","templated":true}]}}