
{"id":50335,"date":"2020-10-16T12:18:04","date_gmt":"2020-10-16T12:18:04","guid":{"rendered":"https:\/\/fireware.nl\/product\/50335\/"},"modified":"2025-05-21T11:05:37","modified_gmt":"2025-05-21T11:05:37","slug":"ubungspuppe-fur-die-hubschraubergestutzte-wasserrettung","status":"publish","type":"product","link":"https:\/\/fireware.nl\/de\/product\/ubungspuppe-fur-die-hubschraubergestutzte-wasserrettung\/","title":{"rendered":"Ruth Lee \u00dcbungspuppe f\u00fcr die hubschraubergest\u00fctzte Wasserrettung"},"content":{"rendered":"<h2><strong>Ruth Lee \u00dcbungspuppen<\/strong><\/h2>\n<p>Ruth Lee \u00dcbungspuppen wurden f\u00fcr realistische und effektive Schulungen entwickelt. Diese Puppen sind bekannt f\u00fcr ihre Langlebigkeit und Vielseitigkeit und eignen sich ideal f\u00fcr die Ausbildung von Feuerwehrleuten, Ersthelfern, Rettungsdiensten und anderen Einsatzkr\u00e4ften. Mit Ruth Lee \u00dcbungspuppen k\u00f6nnen realistische Szenarien simuliert werden, sodass Helfer besser auf echte Notf\u00e4lle vorbereitet sind. Die Produktpalette umfasst Puppen f\u00fcr verschiedene Trainingsarten in unterschiedlichen Gr\u00f6\u00dfen und Gewichten.<\/p>\n<h2>Bereiten Sie Teilnehmer auf Wasserrettungen per Hubschrauber vor<\/h2>\n<p>Wenn sich eine Person l\u00e4ngere Zeit im Wasser befindet, sollte sie m\u00f6glichst horizontal aus dem Wasser gehoben werden. Dies verhindert einen pl\u00f6tzlichen Blutdruckabfall bei einer unterk\u00fchlten Person. Dies ist auch bei einer Hubschrauberrettung besonders wichtig. Diese \u00dcbungspuppe wurde speziell daf\u00fcr entwickelt. Die Puppe kann realistisch in ein Rettungsgeschirr eingesetzt werden und bleibt in einer stabilen &#8220;W&#8221;-Position, w\u00e4hrend sie vom Hubschrauber gehoben wird.<\/p>\n<h2>Simulation einer (bewusstlosen) Person oder eines K\u00f6rpers im Wasser<\/h2>\n<p>Die Hubschrauberrettungs-Puppe simuliert eine (bewusstlose) Person im Wasser. Sie kann horizontal, vertikal oder in einem Winkel von 45 Grad schweben, um eine lebende Person oder einen K\u00f6rper darzustellen.<br \/>\nIm Vergleich zur Wasserrettungspuppe MOB hat die Hubschrauberrettungspuppe leichtere Beine, wodurch es f\u00fcr die Teilnehmer einfacher ist, die Beine in das Geschirr zu legen. Schnallen an der Innenseite der Knie und Kn\u00f6chel erm\u00f6glichen es, die Beine zusammenzuhalten.<\/p>\n<p>Der robuste Nylon-Mesh-Rahmen absorbiert schnell Wasser, wodurch die Beine untergetaucht bleiben, w\u00e4hrend nur der Kopf und die Schultern \u00fcber Wasser sichtbar sind. Das Trockengewicht einer erwachsenen \u00dcbungspuppe betr\u00e4gt 40 kg (88 lbs), was auf etwa 65 kg (143 lbs) ansteigt, wenn die Puppe zum ersten Mal aus dem Wasser gehoben wird. Durch den Mesh-Stoff kann das Wasser schnell abflie\u00dfen, wodurch \u00fcbersch\u00fcssiges Wasser im Hubschrauber minimiert wird.<\/p>\n<h2>Sichtbarkeit<\/h2>\n<p>Der leuchtend orangefarbene Overall und die reflektierenden SOLAS-Streifen am Kopf machen die Puppe im offenen Wasser gut sichtbar. Auf diese Weise k\u00f6nnen die Teilnehmer die Puppe leicht erkennen und sofort handeln, um die &#8220;Person&#8221; aus dem Wasser zu retten.<br \/>\nWenn Sie nicht m\u00f6chten, dass der \u201eErtrinkende\u201c so auff\u00e4llig ist, k\u00f6nnen Sie die optionale S&amp;R-Kapuze verwenden. Stellen Sie die Teilnehmer vor eine zus\u00e4tzliche Herausforderung, indem Sie die Puppe teilweise verdecken und so die Sichtbarkeit im Wasser verringern.<br \/>\nVerwenden Sie eine W\u00e4rmebildkamera bei Ihrer Suche? Dann sollten Sie das wasserdichte W\u00e4rmebildmaskensystem in Betracht ziehen. Dieses erw\u00e4rmt den Kopf des Opfers, sodass es auf der W\u00e4rmebildkamera sichtbar wird.<\/p>\n<h2>Einsatz<\/h2>\n<p>Die Hubschrauberrettungs-Puppe ist eine hervorragende Erg\u00e4nzung zu Szenarien f\u00fcr K\u00fcstenwachen, Rettungskr\u00e4fte, das Verteidigungsministerium, die Marine, Feuerwehr und Rettungsdienste, Offshore-Betreiber und die Schifffahrtsindustrie.<\/p>\n","protected":false},"excerpt":{"rendered":"<ul>\n<li>Speziell entwickelt f\u00fcr das Training von Wasserrettungen per Hubschrauber.<\/li>\n<li>Eine Erwachsenen-Dummy hat ein Trockengewicht von 40 kg, das auf 65 kg ansteigt, wenn sie aus dem Wasser gehoben wird.<\/li>\n<li>Kompatibel mit Standard-Hebegurten oder Gurten f\u00fcr Unterk\u00fchlung.<\/li>\n<li>Schnallen an der Innenseite der Knie und Kn\u00f6chel erm\u00f6glichen das Zusammenhalten der Beine.<\/li>\n<li>Treibt in horizontaler, vertikaler oder in einem 45-Grad-Winkel-Position.<\/li>\n<li>Leuchtend orangefarbener Overall und SOLAS-reflektierende Streifen am Kopf der Dummy.<\/li>\n<li>Bleibt in einer stabilen \u201eW\u201c-Position beim Anheben in den Hubschrauber.<\/li>\n<li>Weiche F\u00fc\u00dfe sind f\u00fcr eine schnelle Entw\u00e4sserung ausgelegt, um zu verhindern, dass viel Wasser in den Hubschrauber gelangt.<\/li>\n<li>Robuste Hebeschlaufen sorgen f\u00fcr eine einfache Handhabung, Lagerung und Trocknung in h\u00e4ngender Position.<\/li>\n<li>Wird komplett mit Overall und weichen F\u00fc\u00dfen geliefert, die bei Besch\u00e4digung leicht ausgetauscht werden k\u00f6nnen.<\/li>\n<\/ul>\n","protected":false},"featured_media":49822,"template":"","meta":[],"product_brand":[],"product_cat":[114],"product_tag":[],"class_list":{"0":"post-50335","1":"product","2":"type-product","3":"status-publish","4":"has-post-thumbnail","6":"product_cat-wasserrettung-puppe","7":"pa_gewicht-lengte-40-kg-180cm-de","9":"first","10":"instock","11":"taxable","12":"shipping-taxable","13":"purchasable","14":"product-type-simple"},"yoast_head":"<!-- This site is optimized with the Yoast SEO plugin v27.5 - https:\/\/yoast.com\/product\/yoast-seo-wordpress\/ -->\n<title>Ruth Lee \u00dcbungspuppe f\u00fcr die hubschraubergest\u00fctzte Wasserrettung - FireWare<\/title>\n<meta name=\"robots\" content=\"index, follow, max-snippet:-1, max-image-preview:large, max-video-preview:-1\" \/>\n<link rel=\"canonical\" href=\"https:\/\/fireware.nl\/de\/product\/ubungspuppe-fur-die-hubschraubergestutzte-wasserrettung\/\" \/>\n<meta property=\"og:locale\" content=\"de_DE\" \/>\n<meta property=\"og:type\" content=\"article\" \/>\n<meta property=\"og:title\" content=\"Ruth Lee \u00dcbungspuppe f\u00fcr die hubschraubergest\u00fctzte Wasserrettung - FireWare\" \/>\n<meta property=\"og:description\" content=\"Speziell entwickelt f\u00fcr das Training von Wasserrettungen per Hubschrauber.  Eine Erwachsenen-Dummy hat ein Trockengewicht von 40 kg, das auf 65 kg ansteigt, wenn sie aus dem Wasser gehoben wird.  Kompatibel mit Standard-Hebegurten oder Gurten f\u00fcr Unterk\u00fchlung.  Schnallen an der Innenseite der Knie und Kn\u00f6chel erm\u00f6glichen das Zusammenhalten der Beine.  Treibt in horizontaler, vertikaler oder in einem 45-Grad-Winkel-Position.  Leuchtend orangefarbener Overall und SOLAS-reflektierende Streifen am Kopf der Dummy.  Bleibt in einer stabilen \u201eW\u201c-Position beim Anheben in den Hubschrauber.  Weiche F\u00fc\u00dfe sind f\u00fcr eine schnelle Entw\u00e4sserung ausgelegt, um zu verhindern, dass viel Wasser in den Hubschrauber gelangt.  Robuste Hebeschlaufen sorgen f\u00fcr eine einfache Handhabung, Lagerung und Trocknung in h\u00e4ngender Position.  Wird komplett mit Overall und weichen F\u00fc\u00dfen geliefert, die bei Besch\u00e4digung leicht ausgetauscht werden k\u00f6nnen.\" \/>\n<meta property=\"og:url\" content=\"https:\/\/fireware.nl\/de\/product\/ubungspuppe-fur-die-hubschraubergestutzte-wasserrettung\/\" \/>\n<meta property=\"og:site_name\" content=\"FireWare\" \/>\n<meta property=\"article:publisher\" content=\"https:\/\/www.facebook.com\/FireWareBV\/\" \/>\n<meta property=\"article:modified_time\" content=\"2025-05-21T11:05:37+00:00\" \/>\n<meta property=\"og:image\" content=\"https:\/\/fireware.nl\/wp-content\/uploads\/2020\/10\/017-043-120-Helikopterredding-Oefenpop-white-background.jpg\" \/>\n\t<meta property=\"og:image:width\" content=\"600\" \/>\n\t<meta property=\"og:image:height\" content=\"600\" \/>\n\t<meta property=\"og:image:type\" content=\"image\/jpeg\" \/>\n<meta name=\"twitter:card\" content=\"summary_large_image\" \/>\n<meta name=\"twitter:site\" content=\"@FireWarebv\" \/>\n<meta name=\"twitter:label1\" content=\"Gesch\u00e4tzte Lesezeit\" \/>\n\t<meta name=\"twitter:data1\" content=\"3\u00a0Minuten\" \/>\n<script type=\"application\/ld+json\" class=\"yoast-schema-graph\">{\"@context\":\"https:\\\/\\\/schema.org\",\"@graph\":[{\"@type\":\"WebPage\",\"@id\":\"https:\\\/\\\/fireware.nl\\\/de\\\/product\\\/ubungspuppe-fur-die-hubschraubergestutzte-wasserrettung\\\/\",\"url\":\"https:\\\/\\\/fireware.nl\\\/de\\\/product\\\/ubungspuppe-fur-die-hubschraubergestutzte-wasserrettung\\\/\",\"name\":\"Ruth Lee \u00dcbungspuppe f\u00fcr die hubschraubergest\u00fctzte Wasserrettung - FireWare\",\"isPartOf\":{\"@id\":\"https:\\\/\\\/fireware.nl\\\/de\\\/#website\"},\"primaryImageOfPage\":{\"@id\":\"https:\\\/\\\/fireware.nl\\\/de\\\/product\\\/ubungspuppe-fur-die-hubschraubergestutzte-wasserrettung\\\/#primaryimage\"},\"image\":{\"@id\":\"https:\\\/\\\/fireware.nl\\\/de\\\/product\\\/ubungspuppe-fur-die-hubschraubergestutzte-wasserrettung\\\/#primaryimage\"},\"thumbnailUrl\":\"https:\\\/\\\/fireware.nl\\\/wp-content\\\/uploads\\\/2020\\\/10\\\/017-043-120-Helikopterredding-Oefenpop-white-background.jpg\",\"datePublished\":\"2020-10-16T12:18:04+00:00\",\"dateModified\":\"2025-05-21T11:05:37+00:00\",\"breadcrumb\":{\"@id\":\"https:\\\/\\\/fireware.nl\\\/de\\\/product\\\/ubungspuppe-fur-die-hubschraubergestutzte-wasserrettung\\\/#breadcrumb\"},\"inLanguage\":\"de\",\"potentialAction\":[{\"@type\":\"ReadAction\",\"target\":[\"https:\\\/\\\/fireware.nl\\\/de\\\/product\\\/ubungspuppe-fur-die-hubschraubergestutzte-wasserrettung\\\/\"]}]},{\"@type\":\"ImageObject\",\"inLanguage\":\"de\",\"@id\":\"https:\\\/\\\/fireware.nl\\\/de\\\/product\\\/ubungspuppe-fur-die-hubschraubergestutzte-wasserrettung\\\/#primaryimage\",\"url\":\"https:\\\/\\\/fireware.nl\\\/wp-content\\\/uploads\\\/2020\\\/10\\\/017-043-120-Helikopterredding-Oefenpop-white-background.jpg\",\"contentUrl\":\"https:\\\/\\\/fireware.nl\\\/wp-content\\\/uploads\\\/2020\\\/10\\\/017-043-120-Helikopterredding-Oefenpop-white-background.jpg\",\"width\":600,\"height\":600},{\"@type\":\"BreadcrumbList\",\"@id\":\"https:\\\/\\\/fireware.nl\\\/de\\\/product\\\/ubungspuppe-fur-die-hubschraubergestutzte-wasserrettung\\\/#breadcrumb\",\"itemListElement\":[{\"@type\":\"ListItem\",\"position\":1,\"name\":\"Home\",\"item\":\"https:\\\/\\\/fireware.nl\\\/de\\\/\"},{\"@type\":\"ListItem\",\"position\":2,\"name\":\"Produkte\",\"item\":\"https:\\\/\\\/fireware.nl\\\/de\\\/produkte\\\/\"},{\"@type\":\"ListItem\",\"position\":3,\"name\":\"Ruth Lee \u00dcbungspuppe f\u00fcr die hubschraubergest\u00fctzte Wasserrettung\"}]},{\"@type\":\"WebSite\",\"@id\":\"https:\\\/\\\/fireware.nl\\\/de\\\/#website\",\"url\":\"https:\\\/\\\/fireware.nl\\\/de\\\/\",\"name\":\"FireWare\",\"description\":\"CREATING REALISTIC  TRAINING ENVIRONMENTS\",\"publisher\":{\"@id\":\"https:\\\/\\\/fireware.nl\\\/de\\\/#organization\"},\"potentialAction\":[{\"@type\":\"SearchAction\",\"target\":{\"@type\":\"EntryPoint\",\"urlTemplate\":\"https:\\\/\\\/fireware.nl\\\/de\\\/?s={search_term_string}\"},\"query-input\":{\"@type\":\"PropertyValueSpecification\",\"valueRequired\":true,\"valueName\":\"search_term_string\"}}],\"inLanguage\":\"de\"},{\"@type\":\"Organization\",\"@id\":\"https:\\\/\\\/fireware.nl\\\/de\\\/#organization\",\"name\":\"FireWare\",\"url\":\"https:\\\/\\\/fireware.nl\\\/de\\\/\",\"logo\":{\"@type\":\"ImageObject\",\"inLanguage\":\"de\",\"@id\":\"https:\\\/\\\/fireware.nl\\\/de\\\/#\\\/schema\\\/logo\\\/image\\\/\",\"url\":\"https:\\\/\\\/fireware.nl\\\/wp-content\\\/uploads\\\/2018\\\/10\\\/FireWare-logo.jpg\",\"contentUrl\":\"https:\\\/\\\/fireware.nl\\\/wp-content\\\/uploads\\\/2018\\\/10\\\/FireWare-logo.jpg\",\"width\":171,\"height\":70,\"caption\":\"FireWare\"},\"image\":{\"@id\":\"https:\\\/\\\/fireware.nl\\\/de\\\/#\\\/schema\\\/logo\\\/image\\\/\"},\"sameAs\":[\"https:\\\/\\\/www.facebook.com\\\/FireWareBV\\\/\",\"https:\\\/\\\/x.com\\\/FireWarebv\",\"https:\\\/\\\/www.instagram.com\\\/fireware_nl\\\/\",\"https:\\\/\\\/www.linkedin.com\\\/company\\\/3586017\\\/\",\"https:\\\/\\\/www.youtube.com\\\/user\\\/firesalesrentconsult\"]}]}<\/script>\n<!-- \/ Yoast SEO plugin. -->","yoast_head_json":{"title":"Ruth Lee \u00dcbungspuppe f\u00fcr die hubschraubergest\u00fctzte Wasserrettung - FireWare","robots":{"index":"index","follow":"follow","max-snippet":"max-snippet:-1","max-image-preview":"max-image-preview:large","max-video-preview":"max-video-preview:-1"},"canonical":"https:\/\/fireware.nl\/de\/product\/ubungspuppe-fur-die-hubschraubergestutzte-wasserrettung\/","og_locale":"de_DE","og_type":"article","og_title":"Ruth Lee \u00dcbungspuppe f\u00fcr die hubschraubergest\u00fctzte Wasserrettung - FireWare","og_description":"Speziell entwickelt f\u00fcr das Training von Wasserrettungen per Hubschrauber.  Eine Erwachsenen-Dummy hat ein Trockengewicht von 40 kg, das auf 65 kg ansteigt, wenn sie aus dem Wasser gehoben wird.  Kompatibel mit Standard-Hebegurten oder Gurten f\u00fcr Unterk\u00fchlung.  Schnallen an der Innenseite der Knie und Kn\u00f6chel erm\u00f6glichen das Zusammenhalten der Beine.  Treibt in horizontaler, vertikaler oder in einem 45-Grad-Winkel-Position.  Leuchtend orangefarbener Overall und SOLAS-reflektierende Streifen am Kopf der Dummy.  Bleibt in einer stabilen \u201eW\u201c-Position beim Anheben in den Hubschrauber.  Weiche F\u00fc\u00dfe sind f\u00fcr eine schnelle Entw\u00e4sserung ausgelegt, um zu verhindern, dass viel Wasser in den Hubschrauber gelangt.  Robuste Hebeschlaufen sorgen f\u00fcr eine einfache Handhabung, Lagerung und Trocknung in h\u00e4ngender Position.  Wird komplett mit Overall und weichen F\u00fc\u00dfen geliefert, die bei Besch\u00e4digung leicht ausgetauscht werden k\u00f6nnen.","og_url":"https:\/\/fireware.nl\/de\/product\/ubungspuppe-fur-die-hubschraubergestutzte-wasserrettung\/","og_site_name":"FireWare","article_publisher":"https:\/\/www.facebook.com\/FireWareBV\/","article_modified_time":"2025-05-21T11:05:37+00:00","og_image":[{"width":600,"height":600,"url":"https:\/\/fireware.nl\/wp-content\/uploads\/2020\/10\/017-043-120-Helikopterredding-Oefenpop-white-background.jpg","type":"image\/jpeg"}],"twitter_card":"summary_large_image","twitter_site":"@FireWarebv","twitter_misc":{"Gesch\u00e4tzte Lesezeit":"3\u00a0Minuten"},"schema":{"@context":"https:\/\/schema.org","@graph":[{"@type":"WebPage","@id":"https:\/\/fireware.nl\/de\/product\/ubungspuppe-fur-die-hubschraubergestutzte-wasserrettung\/","url":"https:\/\/fireware.nl\/de\/product\/ubungspuppe-fur-die-hubschraubergestutzte-wasserrettung\/","name":"Ruth Lee \u00dcbungspuppe f\u00fcr die hubschraubergest\u00fctzte Wasserrettung - FireWare","isPartOf":{"@id":"https:\/\/fireware.nl\/de\/#website"},"primaryImageOfPage":{"@id":"https:\/\/fireware.nl\/de\/product\/ubungspuppe-fur-die-hubschraubergestutzte-wasserrettung\/#primaryimage"},"image":{"@id":"https:\/\/fireware.nl\/de\/product\/ubungspuppe-fur-die-hubschraubergestutzte-wasserrettung\/#primaryimage"},"thumbnailUrl":"https:\/\/fireware.nl\/wp-content\/uploads\/2020\/10\/017-043-120-Helikopterredding-Oefenpop-white-background.jpg","datePublished":"2020-10-16T12:18:04+00:00","dateModified":"2025-05-21T11:05:37+00:00","breadcrumb":{"@id":"https:\/\/fireware.nl\/de\/product\/ubungspuppe-fur-die-hubschraubergestutzte-wasserrettung\/#breadcrumb"},"inLanguage":"de","potentialAction":[{"@type":"ReadAction","target":["https:\/\/fireware.nl\/de\/product\/ubungspuppe-fur-die-hubschraubergestutzte-wasserrettung\/"]}]},{"@type":"ImageObject","inLanguage":"de","@id":"https:\/\/fireware.nl\/de\/product\/ubungspuppe-fur-die-hubschraubergestutzte-wasserrettung\/#primaryimage","url":"https:\/\/fireware.nl\/wp-content\/uploads\/2020\/10\/017-043-120-Helikopterredding-Oefenpop-white-background.jpg","contentUrl":"https:\/\/fireware.nl\/wp-content\/uploads\/2020\/10\/017-043-120-Helikopterredding-Oefenpop-white-background.jpg","width":600,"height":600},{"@type":"BreadcrumbList","@id":"https:\/\/fireware.nl\/de\/product\/ubungspuppe-fur-die-hubschraubergestutzte-wasserrettung\/#breadcrumb","itemListElement":[{"@type":"ListItem","position":1,"name":"Home","item":"https:\/\/fireware.nl\/de\/"},{"@type":"ListItem","position":2,"name":"Produkte","item":"https:\/\/fireware.nl\/de\/produkte\/"},{"@type":"ListItem","position":3,"name":"Ruth Lee \u00dcbungspuppe f\u00fcr die hubschraubergest\u00fctzte Wasserrettung"}]},{"@type":"WebSite","@id":"https:\/\/fireware.nl\/de\/#website","url":"https:\/\/fireware.nl\/de\/","name":"FireWare","description":"CREATING REALISTIC  TRAINING ENVIRONMENTS","publisher":{"@id":"https:\/\/fireware.nl\/de\/#organization"},"potentialAction":[{"@type":"SearchAction","target":{"@type":"EntryPoint","urlTemplate":"https:\/\/fireware.nl\/de\/?s={search_term_string}"},"query-input":{"@type":"PropertyValueSpecification","valueRequired":true,"valueName":"search_term_string"}}],"inLanguage":"de"},{"@type":"Organization","@id":"https:\/\/fireware.nl\/de\/#organization","name":"FireWare","url":"https:\/\/fireware.nl\/de\/","logo":{"@type":"ImageObject","inLanguage":"de","@id":"https:\/\/fireware.nl\/de\/#\/schema\/logo\/image\/","url":"https:\/\/fireware.nl\/wp-content\/uploads\/2018\/10\/FireWare-logo.jpg","contentUrl":"https:\/\/fireware.nl\/wp-content\/uploads\/2018\/10\/FireWare-logo.jpg","width":171,"height":70,"caption":"FireWare"},"image":{"@id":"https:\/\/fireware.nl\/de\/#\/schema\/logo\/image\/"},"sameAs":["https:\/\/www.facebook.com\/FireWareBV\/","https:\/\/x.com\/FireWarebv","https:\/\/www.instagram.com\/fireware_nl\/","https:\/\/www.linkedin.com\/company\/3586017\/","https:\/\/www.youtube.com\/user\/firesalesrentconsult"]}]}},"publishpress_future_workflow_manual_trigger":{"enabledWorkflows":[]},"_links":{"self":[{"href":"https:\/\/fireware.nl\/de\/wp-json\/wp\/v2\/product\/50335","targetHints":{"allow":["GET"]}}],"collection":[{"href":"https:\/\/fireware.nl\/de\/wp-json\/wp\/v2\/product"}],"about":[{"href":"https:\/\/fireware.nl\/de\/wp-json\/wp\/v2\/types\/product"}],"wp:featuredmedia":[{"embeddable":true,"href":"https:\/\/fireware.nl\/de\/wp-json\/wp\/v2\/media\/49822"}],"wp:attachment":[{"href":"https:\/\/fireware.nl\/de\/wp-json\/wp\/v2\/media?parent=50335"}],"wp:term":[{"taxonomy":"product_brand","embeddable":true,"href":"https:\/\/fireware.nl\/de\/wp-json\/wp\/v2\/product_brand?post=50335"},{"taxonomy":"product_cat","embeddable":true,"href":"https:\/\/fireware.nl\/de\/wp-json\/wp\/v2\/product_cat?post=50335"},{"taxonomy":"product_tag","embeddable":true,"href":"https:\/\/fireware.nl\/de\/wp-json\/wp\/v2\/product_tag?post=50335"}],"curies":[{"name":"wp","href":"https:\/\/api.w.org\/{rel}","templated":true}]}}