
{"id":58615,"date":"2021-03-09T10:41:15","date_gmt":"2021-03-09T10:41:15","guid":{"rendered":"https:\/\/fireware.nl\/product\/add-on-mikrowelle\/"},"modified":"2026-01-23T14:52:51","modified_gmt":"2026-01-23T14:52:51","slug":"add-on-mikrowelle","status":"publish","type":"product","link":"https:\/\/fireware.nl\/de\/product\/add-on-mikrowelle\/","title":{"rendered":"Add-on Mikrowelle"},"content":{"rendered":"\r\n<h2>Simulieren Sie einen Mikrowellenbrand mit dem Vesta L\u00f6schtrainer<\/h2>\r\n<p>Kombinieren Sie diesen Aufsatz mit dem <a href=\"https:\/\/fireware.nl\/de\/product\/vesta-loeschtrainer\/\" target=\"_blank\" rel=\"noopener\">Vesta L\u00f6schtrainer<\/a> und simulieren Sie ein realistisches Mikrowellenfeuer. Mit der Add-on Mikrowelle bieten Sie jedem Lehrgangsteilnehmer eine sichere und herausfordernde L\u00f6sch\u00fcbung!<\/p>\r\n<p>Die Add-on Mikrowelle ist so konzipiert, dass der Sch\u00fcler auf einen Blick erkennen kann, dass es sich um eine Mikrowelle oder eine Kombi-Mikrowelle handelt. Dar\u00fcber hinaus funktioniert die T\u00fcr so, wie man es von einem echten Ger\u00e4t gewohnt ist. Die T\u00fcr \u00f6ffnet sich mit einem Druckknopf und verriegelt sich beim Schlie\u00dfen. Der gesamte Aufsatz besteht aus hochwertigem Edelstahl.<\/p>\r\n<p>Auf der Innenseite ist ein Flammenrichter so angebracht, dass die Flamme beim Z\u00fcnden nach oben herausschl\u00e4gt. Durch \u00d6ffnen der T\u00fcr f\u00fcgt der Ausbilder eine zus\u00e4tzliche Dimension hinzu. Sie k\u00f6nnen sowohl mit einem (\u00dcbungs-) Schauml\u00f6scher als auch mit einem CO2-L\u00f6scher \u00fcben. Wir empfehlen, keinen Pulverl\u00f6scher einzusetzen.<\/p>\r\n<p>Der Aufsatz ist praktisch ausgelegt. Nach dem Training k\u00f6nnen Sie die Add-on Mikrowelle in der mitgelieferten Kunststofftransportbox aufbewahren. Diese Euro-Standardkiste hat eine Gr\u00f6\u00dfe von 60 x 40 x 44 cm.<\/p>\r\n<h2>Sehen Sie sich das Video an<\/h2>\r\n<p><iframe loading=\"lazy\" src=\"https:\/\/www.youtube.com\/embed\/TDfmPJdotU4?rel=0&amp;hl=de&amp;cc_lang_pref=de&amp;cc_load_policy=1\" width=\"560\" height=\"315\" frameborder=\"0\" allowfullscreen=\"allowfullscreen\"><\/iframe><\/p>\r\n","protected":false},"excerpt":{"rendered":"<ul>\n<li>Simulieren Sie sicher einen Mikrowellenbrand<\/li>\n<li>Die T\u00fcr \u00f6ffnet sich mit einem Druckknopf und verriegelt sich beim Schlie\u00dfen<\/li>\n<li>L\u00e4sst die Flamme mithilfe eines Flammenrichters nach au\u00dfen schlagen<\/li>\n<li>Geeignet f\u00fcr alle (\u00dcbungs-) Feuerl\u00f6scher, die auch im Zusammenhang mit der Vesta verwendet werden k\u00f6nnen<\/li>\n<li>Hergestellt aus hochwertigem Edelstahl<\/li>\n<li>Lieferung in einer Kunststofftransportbox (60 x 40 x 32,5 cm)<\/li>\n<\/ul>\n","protected":false},"featured_media":66250,"template":"","meta":[],"product_brand":[],"product_cat":[74],"product_tag":[],"class_list":{"0":"post-58615","1":"product","2":"type-product","3":"status-publish","4":"has-post-thumbnail","6":"product_cat-attrappen-fuer-loeschtrainer","8":"first","9":"instock","10":"taxable","11":"shipping-taxable","12":"purchasable","13":"product-type-simple"},"yoast_head":"<!-- This site is optimized with the Yoast SEO plugin v27.5 - https:\/\/yoast.com\/product\/yoast-seo-wordpress\/ -->\n<title>Add-on Mikrowelle - FireWare<\/title>\n<meta name=\"robots\" content=\"index, follow, max-snippet:-1, max-image-preview:large, max-video-preview:-1\" \/>\n<link rel=\"canonical\" href=\"https:\/\/fireware.nl\/de\/product\/add-on-mikrowelle\/\" \/>\n<meta property=\"og:locale\" content=\"de_DE\" \/>\n<meta property=\"og:type\" content=\"article\" \/>\n<meta property=\"og:title\" content=\"Add-on Mikrowelle - FireWare\" \/>\n<meta property=\"og:description\" content=\"Simulieren Sie sicher einen Mikrowellenbrand Die T\u00fcr \u00f6ffnet sich mit einem Druckknopf und verriegelt sich beim Schlie\u00dfen L\u00e4sst die Flamme mithilfe eines Flammenrichters nach au\u00dfen schlagen Geeignet f\u00fcr alle (\u00dcbungs-) Feuerl\u00f6scher, die auch im Zusammenhang mit der Vesta verwendet werden k\u00f6nnen Hergestellt aus hochwertigem Edelstahl Lieferung in einer Kunststofftransportbox (60 x 40 x 32,5 cm)\" \/>\n<meta property=\"og:url\" content=\"https:\/\/fireware.nl\/de\/product\/add-on-mikrowelle\/\" \/>\n<meta property=\"og:site_name\" content=\"FireWare\" \/>\n<meta property=\"article:publisher\" content=\"https:\/\/www.facebook.com\/FireWareBV\/\" \/>\n<meta property=\"article:modified_time\" content=\"2026-01-23T14:52:51+00:00\" \/>\n<meta property=\"og:image\" content=\"https:\/\/fireware.nl\/wp-content\/uploads\/2021\/03\/049-012-050-Add-on-magnetron-met-handvaten.jpg\" \/>\n\t<meta property=\"og:image:width\" content=\"600\" \/>\n\t<meta property=\"og:image:height\" content=\"600\" \/>\n\t<meta property=\"og:image:type\" content=\"image\/jpeg\" \/>\n<meta name=\"twitter:card\" content=\"summary_large_image\" \/>\n<meta name=\"twitter:site\" content=\"@FireWarebv\" \/>\n<meta name=\"twitter:label1\" content=\"Gesch\u00e4tzte Lesezeit\" \/>\n\t<meta name=\"twitter:data1\" content=\"1\u00a0Minute\" \/>\n<script type=\"application\/ld+json\" class=\"yoast-schema-graph\">{\"@context\":\"https:\\\/\\\/schema.org\",\"@graph\":[{\"@type\":\"WebPage\",\"@id\":\"https:\\\/\\\/fireware.nl\\\/de\\\/product\\\/add-on-mikrowelle\\\/\",\"url\":\"https:\\\/\\\/fireware.nl\\\/de\\\/product\\\/add-on-mikrowelle\\\/\",\"name\":\"Add-on Mikrowelle - FireWare\",\"isPartOf\":{\"@id\":\"https:\\\/\\\/fireware.nl\\\/de\\\/#website\"},\"primaryImageOfPage\":{\"@id\":\"https:\\\/\\\/fireware.nl\\\/de\\\/product\\\/add-on-mikrowelle\\\/#primaryimage\"},\"image\":{\"@id\":\"https:\\\/\\\/fireware.nl\\\/de\\\/product\\\/add-on-mikrowelle\\\/#primaryimage\"},\"thumbnailUrl\":\"https:\\\/\\\/fireware.nl\\\/wp-content\\\/uploads\\\/2021\\\/03\\\/049-012-050-Add-on-magnetron-met-handvaten.jpg\",\"datePublished\":\"2021-03-09T10:41:15+00:00\",\"dateModified\":\"2026-01-23T14:52:51+00:00\",\"breadcrumb\":{\"@id\":\"https:\\\/\\\/fireware.nl\\\/de\\\/product\\\/add-on-mikrowelle\\\/#breadcrumb\"},\"inLanguage\":\"de\",\"potentialAction\":[{\"@type\":\"ReadAction\",\"target\":[\"https:\\\/\\\/fireware.nl\\\/de\\\/product\\\/add-on-mikrowelle\\\/\"]}]},{\"@type\":\"ImageObject\",\"inLanguage\":\"de\",\"@id\":\"https:\\\/\\\/fireware.nl\\\/de\\\/product\\\/add-on-mikrowelle\\\/#primaryimage\",\"url\":\"https:\\\/\\\/fireware.nl\\\/wp-content\\\/uploads\\\/2021\\\/03\\\/049-012-050-Add-on-magnetron-met-handvaten.jpg\",\"contentUrl\":\"https:\\\/\\\/fireware.nl\\\/wp-content\\\/uploads\\\/2021\\\/03\\\/049-012-050-Add-on-magnetron-met-handvaten.jpg\",\"width\":600,\"height\":600},{\"@type\":\"BreadcrumbList\",\"@id\":\"https:\\\/\\\/fireware.nl\\\/de\\\/product\\\/add-on-mikrowelle\\\/#breadcrumb\",\"itemListElement\":[{\"@type\":\"ListItem\",\"position\":1,\"name\":\"Home\",\"item\":\"https:\\\/\\\/fireware.nl\\\/de\\\/\"},{\"@type\":\"ListItem\",\"position\":2,\"name\":\"Produkte\",\"item\":\"https:\\\/\\\/fireware.nl\\\/de\\\/produkte\\\/\"},{\"@type\":\"ListItem\",\"position\":3,\"name\":\"Add-on Mikrowelle\"}]},{\"@type\":\"WebSite\",\"@id\":\"https:\\\/\\\/fireware.nl\\\/de\\\/#website\",\"url\":\"https:\\\/\\\/fireware.nl\\\/de\\\/\",\"name\":\"FireWare\",\"description\":\"CREATING REALISTIC  TRAINING ENVIRONMENTS\",\"publisher\":{\"@id\":\"https:\\\/\\\/fireware.nl\\\/de\\\/#organization\"},\"potentialAction\":[{\"@type\":\"SearchAction\",\"target\":{\"@type\":\"EntryPoint\",\"urlTemplate\":\"https:\\\/\\\/fireware.nl\\\/de\\\/?s={search_term_string}\"},\"query-input\":{\"@type\":\"PropertyValueSpecification\",\"valueRequired\":true,\"valueName\":\"search_term_string\"}}],\"inLanguage\":\"de\"},{\"@type\":\"Organization\",\"@id\":\"https:\\\/\\\/fireware.nl\\\/de\\\/#organization\",\"name\":\"FireWare\",\"url\":\"https:\\\/\\\/fireware.nl\\\/de\\\/\",\"logo\":{\"@type\":\"ImageObject\",\"inLanguage\":\"de\",\"@id\":\"https:\\\/\\\/fireware.nl\\\/de\\\/#\\\/schema\\\/logo\\\/image\\\/\",\"url\":\"https:\\\/\\\/fireware.nl\\\/wp-content\\\/uploads\\\/2018\\\/10\\\/FireWare-logo.jpg\",\"contentUrl\":\"https:\\\/\\\/fireware.nl\\\/wp-content\\\/uploads\\\/2018\\\/10\\\/FireWare-logo.jpg\",\"width\":171,\"height\":70,\"caption\":\"FireWare\"},\"image\":{\"@id\":\"https:\\\/\\\/fireware.nl\\\/de\\\/#\\\/schema\\\/logo\\\/image\\\/\"},\"sameAs\":[\"https:\\\/\\\/www.facebook.com\\\/FireWareBV\\\/\",\"https:\\\/\\\/x.com\\\/FireWarebv\",\"https:\\\/\\\/www.instagram.com\\\/fireware_nl\\\/\",\"https:\\\/\\\/www.linkedin.com\\\/company\\\/3586017\\\/\",\"https:\\\/\\\/www.youtube.com\\\/user\\\/firesalesrentconsult\"]}]}<\/script>\n<!-- \/ Yoast SEO plugin. -->","yoast_head_json":{"title":"Add-on Mikrowelle - FireWare","robots":{"index":"index","follow":"follow","max-snippet":"max-snippet:-1","max-image-preview":"max-image-preview:large","max-video-preview":"max-video-preview:-1"},"canonical":"https:\/\/fireware.nl\/de\/product\/add-on-mikrowelle\/","og_locale":"de_DE","og_type":"article","og_title":"Add-on Mikrowelle - FireWare","og_description":"Simulieren Sie sicher einen Mikrowellenbrand Die T\u00fcr \u00f6ffnet sich mit einem Druckknopf und verriegelt sich beim Schlie\u00dfen L\u00e4sst die Flamme mithilfe eines Flammenrichters nach au\u00dfen schlagen Geeignet f\u00fcr alle (\u00dcbungs-) Feuerl\u00f6scher, die auch im Zusammenhang mit der Vesta verwendet werden k\u00f6nnen Hergestellt aus hochwertigem Edelstahl Lieferung in einer Kunststofftransportbox (60 x 40 x 32,5 cm)","og_url":"https:\/\/fireware.nl\/de\/product\/add-on-mikrowelle\/","og_site_name":"FireWare","article_publisher":"https:\/\/www.facebook.com\/FireWareBV\/","article_modified_time":"2026-01-23T14:52:51+00:00","og_image":[{"width":600,"height":600,"url":"https:\/\/fireware.nl\/wp-content\/uploads\/2021\/03\/049-012-050-Add-on-magnetron-met-handvaten.jpg","type":"image\/jpeg"}],"twitter_card":"summary_large_image","twitter_site":"@FireWarebv","twitter_misc":{"Gesch\u00e4tzte Lesezeit":"1\u00a0Minute"},"schema":{"@context":"https:\/\/schema.org","@graph":[{"@type":"WebPage","@id":"https:\/\/fireware.nl\/de\/product\/add-on-mikrowelle\/","url":"https:\/\/fireware.nl\/de\/product\/add-on-mikrowelle\/","name":"Add-on Mikrowelle - FireWare","isPartOf":{"@id":"https:\/\/fireware.nl\/de\/#website"},"primaryImageOfPage":{"@id":"https:\/\/fireware.nl\/de\/product\/add-on-mikrowelle\/#primaryimage"},"image":{"@id":"https:\/\/fireware.nl\/de\/product\/add-on-mikrowelle\/#primaryimage"},"thumbnailUrl":"https:\/\/fireware.nl\/wp-content\/uploads\/2021\/03\/049-012-050-Add-on-magnetron-met-handvaten.jpg","datePublished":"2021-03-09T10:41:15+00:00","dateModified":"2026-01-23T14:52:51+00:00","breadcrumb":{"@id":"https:\/\/fireware.nl\/de\/product\/add-on-mikrowelle\/#breadcrumb"},"inLanguage":"de","potentialAction":[{"@type":"ReadAction","target":["https:\/\/fireware.nl\/de\/product\/add-on-mikrowelle\/"]}]},{"@type":"ImageObject","inLanguage":"de","@id":"https:\/\/fireware.nl\/de\/product\/add-on-mikrowelle\/#primaryimage","url":"https:\/\/fireware.nl\/wp-content\/uploads\/2021\/03\/049-012-050-Add-on-magnetron-met-handvaten.jpg","contentUrl":"https:\/\/fireware.nl\/wp-content\/uploads\/2021\/03\/049-012-050-Add-on-magnetron-met-handvaten.jpg","width":600,"height":600},{"@type":"BreadcrumbList","@id":"https:\/\/fireware.nl\/de\/product\/add-on-mikrowelle\/#breadcrumb","itemListElement":[{"@type":"ListItem","position":1,"name":"Home","item":"https:\/\/fireware.nl\/de\/"},{"@type":"ListItem","position":2,"name":"Produkte","item":"https:\/\/fireware.nl\/de\/produkte\/"},{"@type":"ListItem","position":3,"name":"Add-on Mikrowelle"}]},{"@type":"WebSite","@id":"https:\/\/fireware.nl\/de\/#website","url":"https:\/\/fireware.nl\/de\/","name":"FireWare","description":"CREATING REALISTIC  TRAINING ENVIRONMENTS","publisher":{"@id":"https:\/\/fireware.nl\/de\/#organization"},"potentialAction":[{"@type":"SearchAction","target":{"@type":"EntryPoint","urlTemplate":"https:\/\/fireware.nl\/de\/?s={search_term_string}"},"query-input":{"@type":"PropertyValueSpecification","valueRequired":true,"valueName":"search_term_string"}}],"inLanguage":"de"},{"@type":"Organization","@id":"https:\/\/fireware.nl\/de\/#organization","name":"FireWare","url":"https:\/\/fireware.nl\/de\/","logo":{"@type":"ImageObject","inLanguage":"de","@id":"https:\/\/fireware.nl\/de\/#\/schema\/logo\/image\/","url":"https:\/\/fireware.nl\/wp-content\/uploads\/2018\/10\/FireWare-logo.jpg","contentUrl":"https:\/\/fireware.nl\/wp-content\/uploads\/2018\/10\/FireWare-logo.jpg","width":171,"height":70,"caption":"FireWare"},"image":{"@id":"https:\/\/fireware.nl\/de\/#\/schema\/logo\/image\/"},"sameAs":["https:\/\/www.facebook.com\/FireWareBV\/","https:\/\/x.com\/FireWarebv","https:\/\/www.instagram.com\/fireware_nl\/","https:\/\/www.linkedin.com\/company\/3586017\/","https:\/\/www.youtube.com\/user\/firesalesrentconsult"]}]}},"publishpress_future_workflow_manual_trigger":{"enabledWorkflows":[]},"_links":{"self":[{"href":"https:\/\/fireware.nl\/de\/wp-json\/wp\/v2\/product\/58615","targetHints":{"allow":["GET"]}}],"collection":[{"href":"https:\/\/fireware.nl\/de\/wp-json\/wp\/v2\/product"}],"about":[{"href":"https:\/\/fireware.nl\/de\/wp-json\/wp\/v2\/types\/product"}],"wp:featuredmedia":[{"embeddable":true,"href":"https:\/\/fireware.nl\/de\/wp-json\/wp\/v2\/media\/66250"}],"wp:attachment":[{"href":"https:\/\/fireware.nl\/de\/wp-json\/wp\/v2\/media?parent=58615"}],"wp:term":[{"taxonomy":"product_brand","embeddable":true,"href":"https:\/\/fireware.nl\/de\/wp-json\/wp\/v2\/product_brand?post=58615"},{"taxonomy":"product_cat","embeddable":true,"href":"https:\/\/fireware.nl\/de\/wp-json\/wp\/v2\/product_cat?post=58615"},{"taxonomy":"product_tag","embeddable":true,"href":"https:\/\/fireware.nl\/de\/wp-json\/wp\/v2\/product_tag?post=58615"}],"curies":[{"name":"wp","href":"https:\/\/api.w.org\/{rel}","templated":true}]}}