
{"id":60977,"date":"2021-05-11T12:18:48","date_gmt":"2021-05-11T12:18:48","guid":{"rendered":"https:\/\/fireware.nl\/product\/emergency-evacuation-manikin\/"},"modified":"2025-02-14T14:29:33","modified_gmt":"2025-02-14T14:29:33","slug":"emergency-evacuation-manikin","status":"publish","type":"product","link":"https:\/\/fireware.nl\/de\/product\/emergency-evacuation-manikin\/","title":{"rendered":"Ruth Lee Emergency Evacuation Manikin"},"content":{"rendered":"\n\n\t<h2>Ruth Lee \u00dcbungspuppen<\/h2>\n<p>Die Ruth Lee \u00dcbungspuppen sind f\u00fcr realistische und effektive Schulungen konzipiert. Diese Puppen sind bekannt f\u00fcr ihre Langlebigkeit und Vielseitigkeit und sind ideal f\u00fcr das Training von Feuerwehr, Betrieblichen Ersthelfern (BHV), Rettungsdiensten und anderen Hilfsdiensten. Mit Ruth Lee \u00dcbungspuppen simuliert man realistische Szenarien, wodurch Einsatzkr\u00e4fte besser auf echte Notfallsituationen vorbereitet sind. Das Sortiment umfasst Puppen f\u00fcr verschiedene Trainings und in unterschiedlichen Gr\u00f6\u00dfen und Gewichten.<\/p>\n<h2>Bereiten Sie Lehrgangsteilnehmer auf das Szenario einer Notfall-Evakuierung vor<\/h2>\n<p>Die Emergency Evacuation Manikin [Notfall-Evakuierungspuppe] wurde speziell f\u00fcr Evakuierungs\u00fcbungen in Pflege- und medizinischen Einrichtungen entwickelt. Mit der \u00dcbungspuppe k\u00f6nnen verschiedene Evakuierungstechniken ge\u00fcbt werden. Das Emergency Evacuation Manikin ist eine Variante der <a href=\"https:\/\/fireware.nl\/de\/produkt\/ubungspuppe-patientenpflege\/\" target=\"_blank\" rel=\"noopener\">\u00dcbungspuppe Patientenpflege<\/a>.<\/p>\n<h2>Bereiten Sie Lehrgangsteilnehmer an Notfallszenarien f\u00fcr, wenn es wirklich darauf ankommt<\/h2>\n<p>F\u00fcr Pflegedienstleister ist die Gefahr einer Notfall-Evakuierung immer pr\u00e4sent. Deshalb ist eine gute Vorbereitung auf Notfallszenarien unerl\u00e4sslich. Die Notfall-Evakuierungspuppe ist mit 25 Kilogramm Gewicht eine leichte \u00dcbungspuppe. Das Gewicht ist jedoch f\u00fcr eine herausfordernde \u00dcbung v\u00f6llig ausreichend. Wie bekommt man jemanden, der bettl\u00e4gerig oder schlecht zu Fu\u00df ist, schnell nach drau\u00dfen oder die Treppe runter? Verwenden Sie diese Evakuierungspuppe, um verschiedene Evakuierungstechniken und -verfahren zu \u00fcben.<\/p>\n<h2>Speziell entworfen f\u00fcr den Pflegesektor<\/h2>\n<p>Die \u00dcbungspuppe ist aus einem strapazierf\u00e4higen P200-Material gefertigt. Dieses Material ist flammhemmend und antibakteriell. Dies macht es ideal f\u00fcr den Einsatz in medizinischen Umgebungen. Die \u00dcbungspuppe wird standardm\u00e4\u00dfig mit waschbest\u00e4ndigen Pyjamas und weichen Stiefeln geliefert. Beide Kleidungsst\u00fccke k\u00f6nnen bei Besch\u00e4digung oder Verschlei\u00df leicht ausgetauscht werden. Die K\u00f6rpergelenke der Puppe bestehen aus weichem Material, um das Verletzungsrisiko w\u00e4hrend des Einsatzes zu verringern. Die Puppe verf\u00fcgt \u00fcber eine Schlaufe im Nacken zum einfachen Anheben und Aufbewahren.<\/p>\n<p>M\u00f6chten Sie eine Notfall\u00fcbung mit echtem Feuer einrichten? Beachten Sie, dass diese \u00dcbungspuppe nicht f\u00fcr Temperaturen \u00fcber 100\u00b0C geeignet ist. Eine <a href=\"https:\/\/fireware.nl\/de\/produkt\/firehouse-uebungspuppe\/\" target=\"_blank\" rel=\"noopener\">Firehouse-\u00dcbungspuppe<\/a> eignet sich f\u00fcr Szenarien bei hohen Temperaturen.<\/p>\n<h2>F\u00fcgen Sie zus\u00e4tzlich Realismus hinzu<\/h2>\n<p>Legen Sie einen Immobilisierungskragen um den Hals der Puppe, um eine korrekte Versorgung der Opfer zu f\u00f6rdern. Und m\u00f6chten Sie der \u00dcbung etwas Realismus hinzuf\u00fcgen? Dann kleiden Sie die Puppe mit einer <a href=\"https:\/\/fireware.nl\/de\/produkt\/dummy-face\/\" target=\"_blank\" rel=\"noopener\">Gesichtsmaske<\/a>.<\/p>\n\n","protected":false},"excerpt":{"rendered":"<ul>\n<li>Speziell entwickelt, um Sch\u00fcler auf Notfall-Evakuierungen in Pflege- und in medizinischen Einrichtungen vorzubereiten.<\/li>\n<li>Verf\u00fcgt \u00fcber eine Schlaufe im Nacken zum einfachen Anheben und Aufbewahren<\/li>\n<li>Die weichen K\u00f6rpergelenke verringern das Verletzungsrisiko.<\/li>\n<li>Aus verschlei\u00dffestem P200-Material; flammhemmend und antibakteriell<\/li>\n<li>Die Puppe hat ein Gewicht von 25 kg und eine L\u00e4nge von 180 cm.<\/li>\n<li>Standardm\u00e4\u00dfig mit waschbest\u00e4ndigem Pyjama und weichen Stiefeln geliefert<\/li>\n<\/ul>\n","protected":false},"featured_media":60139,"template":"","meta":[],"product_brand":[],"product_cat":[2185],"product_tag":[],"class_list":{"0":"post-60977","1":"product","2":"type-product","3":"status-publish","4":"has-post-thumbnail","6":"product_cat-pflegepuppen","7":"pa_gewicht-lengte-25-kg-180-cm-de","9":"first","10":"instock","11":"taxable","12":"shipping-taxable","13":"purchasable","14":"product-type-simple"},"yoast_head":"<!-- This site is optimized with the Yoast SEO plugin v27.5 - https:\/\/yoast.com\/product\/yoast-seo-wordpress\/ -->\n<title>Ruth Lee Emergency Evacuation Manikin - FireWare<\/title>\n<meta name=\"robots\" content=\"index, follow, max-snippet:-1, max-image-preview:large, max-video-preview:-1\" \/>\n<link rel=\"canonical\" href=\"https:\/\/fireware.nl\/de\/product\/emergency-evacuation-manikin\/\" \/>\n<meta property=\"og:locale\" content=\"de_DE\" \/>\n<meta property=\"og:type\" content=\"article\" \/>\n<meta property=\"og:title\" content=\"Ruth Lee Emergency Evacuation Manikin - FireWare\" \/>\n<meta property=\"og:description\" content=\"Speziell entwickelt, um Sch\u00fcler auf Notfall-Evakuierungen in Pflege- und in medizinischen Einrichtungen vorzubereiten. Verf\u00fcgt \u00fcber eine Schlaufe im Nacken zum einfachen Anheben und Aufbewahren Die weichen K\u00f6rpergelenke verringern das Verletzungsrisiko. Aus verschlei\u00dffestem P200-Material; flammhemmend und antibakteriell Die Puppe hat ein Gewicht von 25 kg und eine L\u00e4nge von 180 cm. Standardm\u00e4\u00dfig mit waschbest\u00e4ndigem Pyjama und weichen Stiefeln geliefert\" \/>\n<meta property=\"og:url\" content=\"https:\/\/fireware.nl\/de\/product\/emergency-evacuation-manikin\/\" \/>\n<meta property=\"og:site_name\" content=\"FireWare\" \/>\n<meta property=\"article:publisher\" content=\"https:\/\/www.facebook.com\/FireWareBV\/\" \/>\n<meta property=\"article:modified_time\" content=\"2025-02-14T14:29:33+00:00\" \/>\n<meta property=\"og:image\" content=\"https:\/\/fireware.nl\/wp-content\/uploads\/2021\/05\/017-043-124-Emergency-evacuation-oefenpop.jpg\" \/>\n\t<meta property=\"og:image:width\" content=\"600\" \/>\n\t<meta property=\"og:image:height\" content=\"600\" \/>\n\t<meta property=\"og:image:type\" content=\"image\/jpeg\" \/>\n<meta name=\"twitter:card\" content=\"summary_large_image\" \/>\n<meta name=\"twitter:site\" content=\"@FireWarebv\" \/>\n<meta name=\"twitter:label1\" content=\"Gesch\u00e4tzte Lesezeit\" \/>\n\t<meta name=\"twitter:data1\" content=\"2\u00a0Minuten\" \/>\n<script type=\"application\/ld+json\" class=\"yoast-schema-graph\">{\"@context\":\"https:\\\/\\\/schema.org\",\"@graph\":[{\"@type\":\"WebPage\",\"@id\":\"https:\\\/\\\/fireware.nl\\\/de\\\/product\\\/emergency-evacuation-manikin\\\/\",\"url\":\"https:\\\/\\\/fireware.nl\\\/de\\\/product\\\/emergency-evacuation-manikin\\\/\",\"name\":\"Ruth Lee Emergency Evacuation Manikin - FireWare\",\"isPartOf\":{\"@id\":\"https:\\\/\\\/fireware.nl\\\/de\\\/#website\"},\"primaryImageOfPage\":{\"@id\":\"https:\\\/\\\/fireware.nl\\\/de\\\/product\\\/emergency-evacuation-manikin\\\/#primaryimage\"},\"image\":{\"@id\":\"https:\\\/\\\/fireware.nl\\\/de\\\/product\\\/emergency-evacuation-manikin\\\/#primaryimage\"},\"thumbnailUrl\":\"https:\\\/\\\/fireware.nl\\\/wp-content\\\/uploads\\\/2021\\\/05\\\/017-043-124-Emergency-evacuation-oefenpop.jpg\",\"datePublished\":\"2021-05-11T12:18:48+00:00\",\"dateModified\":\"2025-02-14T14:29:33+00:00\",\"breadcrumb\":{\"@id\":\"https:\\\/\\\/fireware.nl\\\/de\\\/product\\\/emergency-evacuation-manikin\\\/#breadcrumb\"},\"inLanguage\":\"de\",\"potentialAction\":[{\"@type\":\"ReadAction\",\"target\":[\"https:\\\/\\\/fireware.nl\\\/de\\\/product\\\/emergency-evacuation-manikin\\\/\"]}]},{\"@type\":\"ImageObject\",\"inLanguage\":\"de\",\"@id\":\"https:\\\/\\\/fireware.nl\\\/de\\\/product\\\/emergency-evacuation-manikin\\\/#primaryimage\",\"url\":\"https:\\\/\\\/fireware.nl\\\/wp-content\\\/uploads\\\/2021\\\/05\\\/017-043-124-Emergency-evacuation-oefenpop.jpg\",\"contentUrl\":\"https:\\\/\\\/fireware.nl\\\/wp-content\\\/uploads\\\/2021\\\/05\\\/017-043-124-Emergency-evacuation-oefenpop.jpg\",\"width\":600,\"height\":600},{\"@type\":\"BreadcrumbList\",\"@id\":\"https:\\\/\\\/fireware.nl\\\/de\\\/product\\\/emergency-evacuation-manikin\\\/#breadcrumb\",\"itemListElement\":[{\"@type\":\"ListItem\",\"position\":1,\"name\":\"Home\",\"item\":\"https:\\\/\\\/fireware.nl\\\/de\\\/\"},{\"@type\":\"ListItem\",\"position\":2,\"name\":\"Produkte\",\"item\":\"https:\\\/\\\/fireware.nl\\\/de\\\/produkte\\\/\"},{\"@type\":\"ListItem\",\"position\":3,\"name\":\"Ruth Lee Emergency Evacuation Manikin\"}]},{\"@type\":\"WebSite\",\"@id\":\"https:\\\/\\\/fireware.nl\\\/de\\\/#website\",\"url\":\"https:\\\/\\\/fireware.nl\\\/de\\\/\",\"name\":\"FireWare\",\"description\":\"CREATING REALISTIC  TRAINING ENVIRONMENTS\",\"publisher\":{\"@id\":\"https:\\\/\\\/fireware.nl\\\/de\\\/#organization\"},\"potentialAction\":[{\"@type\":\"SearchAction\",\"target\":{\"@type\":\"EntryPoint\",\"urlTemplate\":\"https:\\\/\\\/fireware.nl\\\/de\\\/?s={search_term_string}\"},\"query-input\":{\"@type\":\"PropertyValueSpecification\",\"valueRequired\":true,\"valueName\":\"search_term_string\"}}],\"inLanguage\":\"de\"},{\"@type\":\"Organization\",\"@id\":\"https:\\\/\\\/fireware.nl\\\/de\\\/#organization\",\"name\":\"FireWare\",\"url\":\"https:\\\/\\\/fireware.nl\\\/de\\\/\",\"logo\":{\"@type\":\"ImageObject\",\"inLanguage\":\"de\",\"@id\":\"https:\\\/\\\/fireware.nl\\\/de\\\/#\\\/schema\\\/logo\\\/image\\\/\",\"url\":\"https:\\\/\\\/fireware.nl\\\/wp-content\\\/uploads\\\/2018\\\/10\\\/FireWare-logo.jpg\",\"contentUrl\":\"https:\\\/\\\/fireware.nl\\\/wp-content\\\/uploads\\\/2018\\\/10\\\/FireWare-logo.jpg\",\"width\":171,\"height\":70,\"caption\":\"FireWare\"},\"image\":{\"@id\":\"https:\\\/\\\/fireware.nl\\\/de\\\/#\\\/schema\\\/logo\\\/image\\\/\"},\"sameAs\":[\"https:\\\/\\\/www.facebook.com\\\/FireWareBV\\\/\",\"https:\\\/\\\/x.com\\\/FireWarebv\",\"https:\\\/\\\/www.instagram.com\\\/fireware_nl\\\/\",\"https:\\\/\\\/www.linkedin.com\\\/company\\\/3586017\\\/\",\"https:\\\/\\\/www.youtube.com\\\/user\\\/firesalesrentconsult\"]}]}<\/script>\n<!-- \/ Yoast SEO plugin. -->","yoast_head_json":{"title":"Ruth Lee Emergency Evacuation Manikin - FireWare","robots":{"index":"index","follow":"follow","max-snippet":"max-snippet:-1","max-image-preview":"max-image-preview:large","max-video-preview":"max-video-preview:-1"},"canonical":"https:\/\/fireware.nl\/de\/product\/emergency-evacuation-manikin\/","og_locale":"de_DE","og_type":"article","og_title":"Ruth Lee Emergency Evacuation Manikin - FireWare","og_description":"Speziell entwickelt, um Sch\u00fcler auf Notfall-Evakuierungen in Pflege- und in medizinischen Einrichtungen vorzubereiten. Verf\u00fcgt \u00fcber eine Schlaufe im Nacken zum einfachen Anheben und Aufbewahren Die weichen K\u00f6rpergelenke verringern das Verletzungsrisiko. Aus verschlei\u00dffestem P200-Material; flammhemmend und antibakteriell Die Puppe hat ein Gewicht von 25 kg und eine L\u00e4nge von 180 cm. Standardm\u00e4\u00dfig mit waschbest\u00e4ndigem Pyjama und weichen Stiefeln geliefert","og_url":"https:\/\/fireware.nl\/de\/product\/emergency-evacuation-manikin\/","og_site_name":"FireWare","article_publisher":"https:\/\/www.facebook.com\/FireWareBV\/","article_modified_time":"2025-02-14T14:29:33+00:00","og_image":[{"width":600,"height":600,"url":"https:\/\/fireware.nl\/wp-content\/uploads\/2021\/05\/017-043-124-Emergency-evacuation-oefenpop.jpg","type":"image\/jpeg"}],"twitter_card":"summary_large_image","twitter_site":"@FireWarebv","twitter_misc":{"Gesch\u00e4tzte Lesezeit":"2\u00a0Minuten"},"schema":{"@context":"https:\/\/schema.org","@graph":[{"@type":"WebPage","@id":"https:\/\/fireware.nl\/de\/product\/emergency-evacuation-manikin\/","url":"https:\/\/fireware.nl\/de\/product\/emergency-evacuation-manikin\/","name":"Ruth Lee Emergency Evacuation Manikin - FireWare","isPartOf":{"@id":"https:\/\/fireware.nl\/de\/#website"},"primaryImageOfPage":{"@id":"https:\/\/fireware.nl\/de\/product\/emergency-evacuation-manikin\/#primaryimage"},"image":{"@id":"https:\/\/fireware.nl\/de\/product\/emergency-evacuation-manikin\/#primaryimage"},"thumbnailUrl":"https:\/\/fireware.nl\/wp-content\/uploads\/2021\/05\/017-043-124-Emergency-evacuation-oefenpop.jpg","datePublished":"2021-05-11T12:18:48+00:00","dateModified":"2025-02-14T14:29:33+00:00","breadcrumb":{"@id":"https:\/\/fireware.nl\/de\/product\/emergency-evacuation-manikin\/#breadcrumb"},"inLanguage":"de","potentialAction":[{"@type":"ReadAction","target":["https:\/\/fireware.nl\/de\/product\/emergency-evacuation-manikin\/"]}]},{"@type":"ImageObject","inLanguage":"de","@id":"https:\/\/fireware.nl\/de\/product\/emergency-evacuation-manikin\/#primaryimage","url":"https:\/\/fireware.nl\/wp-content\/uploads\/2021\/05\/017-043-124-Emergency-evacuation-oefenpop.jpg","contentUrl":"https:\/\/fireware.nl\/wp-content\/uploads\/2021\/05\/017-043-124-Emergency-evacuation-oefenpop.jpg","width":600,"height":600},{"@type":"BreadcrumbList","@id":"https:\/\/fireware.nl\/de\/product\/emergency-evacuation-manikin\/#breadcrumb","itemListElement":[{"@type":"ListItem","position":1,"name":"Home","item":"https:\/\/fireware.nl\/de\/"},{"@type":"ListItem","position":2,"name":"Produkte","item":"https:\/\/fireware.nl\/de\/produkte\/"},{"@type":"ListItem","position":3,"name":"Ruth Lee Emergency Evacuation Manikin"}]},{"@type":"WebSite","@id":"https:\/\/fireware.nl\/de\/#website","url":"https:\/\/fireware.nl\/de\/","name":"FireWare","description":"CREATING REALISTIC  TRAINING ENVIRONMENTS","publisher":{"@id":"https:\/\/fireware.nl\/de\/#organization"},"potentialAction":[{"@type":"SearchAction","target":{"@type":"EntryPoint","urlTemplate":"https:\/\/fireware.nl\/de\/?s={search_term_string}"},"query-input":{"@type":"PropertyValueSpecification","valueRequired":true,"valueName":"search_term_string"}}],"inLanguage":"de"},{"@type":"Organization","@id":"https:\/\/fireware.nl\/de\/#organization","name":"FireWare","url":"https:\/\/fireware.nl\/de\/","logo":{"@type":"ImageObject","inLanguage":"de","@id":"https:\/\/fireware.nl\/de\/#\/schema\/logo\/image\/","url":"https:\/\/fireware.nl\/wp-content\/uploads\/2018\/10\/FireWare-logo.jpg","contentUrl":"https:\/\/fireware.nl\/wp-content\/uploads\/2018\/10\/FireWare-logo.jpg","width":171,"height":70,"caption":"FireWare"},"image":{"@id":"https:\/\/fireware.nl\/de\/#\/schema\/logo\/image\/"},"sameAs":["https:\/\/www.facebook.com\/FireWareBV\/","https:\/\/x.com\/FireWarebv","https:\/\/www.instagram.com\/fireware_nl\/","https:\/\/www.linkedin.com\/company\/3586017\/","https:\/\/www.youtube.com\/user\/firesalesrentconsult"]}]}},"publishpress_future_workflow_manual_trigger":{"enabledWorkflows":[]},"_links":{"self":[{"href":"https:\/\/fireware.nl\/de\/wp-json\/wp\/v2\/product\/60977","targetHints":{"allow":["GET"]}}],"collection":[{"href":"https:\/\/fireware.nl\/de\/wp-json\/wp\/v2\/product"}],"about":[{"href":"https:\/\/fireware.nl\/de\/wp-json\/wp\/v2\/types\/product"}],"wp:featuredmedia":[{"embeddable":true,"href":"https:\/\/fireware.nl\/de\/wp-json\/wp\/v2\/media\/60139"}],"wp:attachment":[{"href":"https:\/\/fireware.nl\/de\/wp-json\/wp\/v2\/media?parent=60977"}],"wp:term":[{"taxonomy":"product_brand","embeddable":true,"href":"https:\/\/fireware.nl\/de\/wp-json\/wp\/v2\/product_brand?post=60977"},{"taxonomy":"product_cat","embeddable":true,"href":"https:\/\/fireware.nl\/de\/wp-json\/wp\/v2\/product_cat?post=60977"},{"taxonomy":"product_tag","embeddable":true,"href":"https:\/\/fireware.nl\/de\/wp-json\/wp\/v2\/product_tag?post=60977"}],"curies":[{"name":"wp","href":"https:\/\/api.w.org\/{rel}","templated":true}]}}