
{"id":60987,"date":"2021-05-11T09:27:10","date_gmt":"2021-05-11T09:27:10","guid":{"rendered":"https:\/\/fireware.nl\/product\/ersatzoverall-haftlingssicherheit\/"},"modified":"2025-03-31T08:49:19","modified_gmt":"2025-03-31T08:49:19","slug":"ersatzoverall-haftlingssicherheit","status":"publish","type":"product","link":"https:\/\/fireware.nl\/de\/product\/ersatzoverall-haftlingssicherheit\/","title":{"rendered":"Ersatzoverall H\u00e4ftlingssicherheit"},"content":{"rendered":"\r\n<h2>Lassen Sie Ihre \u00dcbungspuppe so gut wie neu aussehen<\/h2>\r\n<p>Die <a href=\"https:\/\/fireware.nl\/de\/produkt\/uebungspuppe-haeftlingssicherheit\/\" target=\"_blank\" rel=\"noopener\">\u00dcbungspuppe H\u00e4ftlingssicherheit<\/a> wird eingesetzt, um die Notfall-Evakuierung von mit Handschellen gefesselten oder bewusstlosen Gefangenen zu trainieren. Stellen Sie sich Szenarien vor, bei denen die \u00dcbungspuppe \u00fcber den Boden gezogen wird, oder die Simulation eines Selbstmordes (durch Erh\u00e4ngen). Dies kann dazu f\u00fchren, dass der Overall verschlei\u00dft. Es ist daher ratsam, den Overall rechtzeitig zu ersetzen, um die Lebensdauer Ihrer \u00dcbungspuppe zu verl\u00e4ngern.<\/p>\r\n<p>Dieser Ersatzoverall ist nur f\u00fcr die \u00dcbungspuppe H\u00e4ftlingssicherheit geeignet. Er besteht aus demselben flammhemmenden Material, das auch in Polizeiwesten verwendet wird. Zus\u00e4tzlich ist das Material mit einem Polypropylengewebe verst\u00e4rkt. Dies bietet die vierfache Festigkeit und Abriebfestigkeit von 453,59 Gramm (16 Unzen) Leinwand oder PVC. Der Overall ist mit einem wasserabweisenden Material versehen, sodass er f\u00fcr nasse und\/oder schmutzige Szenarien geeignet ist.<\/p>\r\n","protected":false},"excerpt":{"rendered":"<ul>\n<li>Geeignet f\u00fcr die \u00dcbungspuppe H\u00e4ftlingssicherheit<\/li>\n<li>Starker Overall aus dem gleichen flammhemmenden Material wie Polizeiwesten, verst\u00e4rkt mit einem Polypropylengewebe<\/li>\n<li>Das Material bietet die vierfache Festigkeit und Abriebfestigkeit von 453,59 Gramm (16 Unzen) Leinwand oder PVC<\/li>\n<\/ul>\n","protected":false},"featured_media":60035,"template":"","meta":[],"product_brand":[],"product_cat":[2884],"product_tag":[],"class_list":{"0":"post-60987","1":"product","2":"type-product","3":"status-publish","4":"has-post-thumbnail","6":"product_cat-kleidung","7":"pa_afmeting-1-80-meter-de","9":"first","10":"instock","11":"taxable","12":"shipping-taxable","13":"purchasable","14":"product-type-simple"},"yoast_head":"<!-- This site is optimized with the Yoast SEO plugin v27.5 - https:\/\/yoast.com\/product\/yoast-seo-wordpress\/ -->\n<title>Ersatzoverall H\u00e4ftlingssicherheit - FireWare<\/title>\n<meta name=\"robots\" content=\"index, follow, max-snippet:-1, max-image-preview:large, max-video-preview:-1\" \/>\n<link rel=\"canonical\" href=\"https:\/\/fireware.nl\/de\/product\/ersatzoverall-haftlingssicherheit\/\" \/>\n<meta property=\"og:locale\" content=\"de_DE\" \/>\n<meta property=\"og:type\" content=\"article\" \/>\n<meta property=\"og:title\" content=\"Ersatzoverall H\u00e4ftlingssicherheit - FireWare\" \/>\n<meta property=\"og:description\" content=\"Geeignet f\u00fcr die \u00dcbungspuppe H\u00e4ftlingssicherheit Starker Overall aus dem gleichen flammhemmenden Material wie Polizeiwesten, verst\u00e4rkt mit einem Polypropylengewebe Das Material bietet die vierfache Festigkeit und Abriebfestigkeit von 453,59 Gramm (16 Unzen) Leinwand oder PVC\" \/>\n<meta property=\"og:url\" content=\"https:\/\/fireware.nl\/de\/product\/ersatzoverall-haftlingssicherheit\/\" \/>\n<meta property=\"og:site_name\" content=\"FireWare\" \/>\n<meta property=\"article:publisher\" content=\"https:\/\/www.facebook.com\/FireWareBV\/\" \/>\n<meta property=\"article:modified_time\" content=\"2025-03-31T08:49:19+00:00\" \/>\n<meta property=\"og:image\" content=\"https:\/\/fireware.nl\/wp-content\/uploads\/2021\/05\/017-043-129-Vervangingsoverall-Prisoner-security-manikin.jpg\" \/>\n\t<meta property=\"og:image:width\" content=\"600\" \/>\n\t<meta property=\"og:image:height\" content=\"600\" \/>\n\t<meta property=\"og:image:type\" content=\"image\/jpeg\" \/>\n<meta name=\"twitter:card\" content=\"summary_large_image\" \/>\n<meta name=\"twitter:site\" content=\"@FireWarebv\" \/>\n<meta name=\"twitter:label1\" content=\"Gesch\u00e4tzte Lesezeit\" \/>\n\t<meta name=\"twitter:data1\" content=\"1\u00a0Minute\" \/>\n<script type=\"application\/ld+json\" class=\"yoast-schema-graph\">{\"@context\":\"https:\\\/\\\/schema.org\",\"@graph\":[{\"@type\":\"WebPage\",\"@id\":\"https:\\\/\\\/fireware.nl\\\/de\\\/product\\\/ersatzoverall-haftlingssicherheit\\\/\",\"url\":\"https:\\\/\\\/fireware.nl\\\/de\\\/product\\\/ersatzoverall-haftlingssicherheit\\\/\",\"name\":\"Ersatzoverall H\u00e4ftlingssicherheit - FireWare\",\"isPartOf\":{\"@id\":\"https:\\\/\\\/fireware.nl\\\/de\\\/#website\"},\"primaryImageOfPage\":{\"@id\":\"https:\\\/\\\/fireware.nl\\\/de\\\/product\\\/ersatzoverall-haftlingssicherheit\\\/#primaryimage\"},\"image\":{\"@id\":\"https:\\\/\\\/fireware.nl\\\/de\\\/product\\\/ersatzoverall-haftlingssicherheit\\\/#primaryimage\"},\"thumbnailUrl\":\"https:\\\/\\\/fireware.nl\\\/wp-content\\\/uploads\\\/2021\\\/05\\\/017-043-129-Vervangingsoverall-Prisoner-security-manikin.jpg\",\"datePublished\":\"2021-05-11T09:27:10+00:00\",\"dateModified\":\"2025-03-31T08:49:19+00:00\",\"breadcrumb\":{\"@id\":\"https:\\\/\\\/fireware.nl\\\/de\\\/product\\\/ersatzoverall-haftlingssicherheit\\\/#breadcrumb\"},\"inLanguage\":\"de\",\"potentialAction\":[{\"@type\":\"ReadAction\",\"target\":[\"https:\\\/\\\/fireware.nl\\\/de\\\/product\\\/ersatzoverall-haftlingssicherheit\\\/\"]}]},{\"@type\":\"ImageObject\",\"inLanguage\":\"de\",\"@id\":\"https:\\\/\\\/fireware.nl\\\/de\\\/product\\\/ersatzoverall-haftlingssicherheit\\\/#primaryimage\",\"url\":\"https:\\\/\\\/fireware.nl\\\/wp-content\\\/uploads\\\/2021\\\/05\\\/017-043-129-Vervangingsoverall-Prisoner-security-manikin.jpg\",\"contentUrl\":\"https:\\\/\\\/fireware.nl\\\/wp-content\\\/uploads\\\/2021\\\/05\\\/017-043-129-Vervangingsoverall-Prisoner-security-manikin.jpg\",\"width\":600,\"height\":600},{\"@type\":\"BreadcrumbList\",\"@id\":\"https:\\\/\\\/fireware.nl\\\/de\\\/product\\\/ersatzoverall-haftlingssicherheit\\\/#breadcrumb\",\"itemListElement\":[{\"@type\":\"ListItem\",\"position\":1,\"name\":\"Home\",\"item\":\"https:\\\/\\\/fireware.nl\\\/de\\\/\"},{\"@type\":\"ListItem\",\"position\":2,\"name\":\"Produkte\",\"item\":\"https:\\\/\\\/fireware.nl\\\/de\\\/produkte\\\/\"},{\"@type\":\"ListItem\",\"position\":3,\"name\":\"Ersatzoverall H\u00e4ftlingssicherheit\"}]},{\"@type\":\"WebSite\",\"@id\":\"https:\\\/\\\/fireware.nl\\\/de\\\/#website\",\"url\":\"https:\\\/\\\/fireware.nl\\\/de\\\/\",\"name\":\"FireWare\",\"description\":\"CREATING REALISTIC  TRAINING ENVIRONMENTS\",\"publisher\":{\"@id\":\"https:\\\/\\\/fireware.nl\\\/de\\\/#organization\"},\"potentialAction\":[{\"@type\":\"SearchAction\",\"target\":{\"@type\":\"EntryPoint\",\"urlTemplate\":\"https:\\\/\\\/fireware.nl\\\/de\\\/?s={search_term_string}\"},\"query-input\":{\"@type\":\"PropertyValueSpecification\",\"valueRequired\":true,\"valueName\":\"search_term_string\"}}],\"inLanguage\":\"de\"},{\"@type\":\"Organization\",\"@id\":\"https:\\\/\\\/fireware.nl\\\/de\\\/#organization\",\"name\":\"FireWare\",\"url\":\"https:\\\/\\\/fireware.nl\\\/de\\\/\",\"logo\":{\"@type\":\"ImageObject\",\"inLanguage\":\"de\",\"@id\":\"https:\\\/\\\/fireware.nl\\\/de\\\/#\\\/schema\\\/logo\\\/image\\\/\",\"url\":\"https:\\\/\\\/fireware.nl\\\/wp-content\\\/uploads\\\/2018\\\/10\\\/FireWare-logo.jpg\",\"contentUrl\":\"https:\\\/\\\/fireware.nl\\\/wp-content\\\/uploads\\\/2018\\\/10\\\/FireWare-logo.jpg\",\"width\":171,\"height\":70,\"caption\":\"FireWare\"},\"image\":{\"@id\":\"https:\\\/\\\/fireware.nl\\\/de\\\/#\\\/schema\\\/logo\\\/image\\\/\"},\"sameAs\":[\"https:\\\/\\\/www.facebook.com\\\/FireWareBV\\\/\",\"https:\\\/\\\/x.com\\\/FireWarebv\",\"https:\\\/\\\/www.instagram.com\\\/fireware_nl\\\/\",\"https:\\\/\\\/www.linkedin.com\\\/company\\\/3586017\\\/\",\"https:\\\/\\\/www.youtube.com\\\/user\\\/firesalesrentconsult\"]}]}<\/script>\n<!-- \/ Yoast SEO plugin. -->","yoast_head_json":{"title":"Ersatzoverall H\u00e4ftlingssicherheit - FireWare","robots":{"index":"index","follow":"follow","max-snippet":"max-snippet:-1","max-image-preview":"max-image-preview:large","max-video-preview":"max-video-preview:-1"},"canonical":"https:\/\/fireware.nl\/de\/product\/ersatzoverall-haftlingssicherheit\/","og_locale":"de_DE","og_type":"article","og_title":"Ersatzoverall H\u00e4ftlingssicherheit - FireWare","og_description":"Geeignet f\u00fcr die \u00dcbungspuppe H\u00e4ftlingssicherheit Starker Overall aus dem gleichen flammhemmenden Material wie Polizeiwesten, verst\u00e4rkt mit einem Polypropylengewebe Das Material bietet die vierfache Festigkeit und Abriebfestigkeit von 453,59 Gramm (16 Unzen) Leinwand oder PVC","og_url":"https:\/\/fireware.nl\/de\/product\/ersatzoverall-haftlingssicherheit\/","og_site_name":"FireWare","article_publisher":"https:\/\/www.facebook.com\/FireWareBV\/","article_modified_time":"2025-03-31T08:49:19+00:00","og_image":[{"width":600,"height":600,"url":"https:\/\/fireware.nl\/wp-content\/uploads\/2021\/05\/017-043-129-Vervangingsoverall-Prisoner-security-manikin.jpg","type":"image\/jpeg"}],"twitter_card":"summary_large_image","twitter_site":"@FireWarebv","twitter_misc":{"Gesch\u00e4tzte Lesezeit":"1\u00a0Minute"},"schema":{"@context":"https:\/\/schema.org","@graph":[{"@type":"WebPage","@id":"https:\/\/fireware.nl\/de\/product\/ersatzoverall-haftlingssicherheit\/","url":"https:\/\/fireware.nl\/de\/product\/ersatzoverall-haftlingssicherheit\/","name":"Ersatzoverall H\u00e4ftlingssicherheit - FireWare","isPartOf":{"@id":"https:\/\/fireware.nl\/de\/#website"},"primaryImageOfPage":{"@id":"https:\/\/fireware.nl\/de\/product\/ersatzoverall-haftlingssicherheit\/#primaryimage"},"image":{"@id":"https:\/\/fireware.nl\/de\/product\/ersatzoverall-haftlingssicherheit\/#primaryimage"},"thumbnailUrl":"https:\/\/fireware.nl\/wp-content\/uploads\/2021\/05\/017-043-129-Vervangingsoverall-Prisoner-security-manikin.jpg","datePublished":"2021-05-11T09:27:10+00:00","dateModified":"2025-03-31T08:49:19+00:00","breadcrumb":{"@id":"https:\/\/fireware.nl\/de\/product\/ersatzoverall-haftlingssicherheit\/#breadcrumb"},"inLanguage":"de","potentialAction":[{"@type":"ReadAction","target":["https:\/\/fireware.nl\/de\/product\/ersatzoverall-haftlingssicherheit\/"]}]},{"@type":"ImageObject","inLanguage":"de","@id":"https:\/\/fireware.nl\/de\/product\/ersatzoverall-haftlingssicherheit\/#primaryimage","url":"https:\/\/fireware.nl\/wp-content\/uploads\/2021\/05\/017-043-129-Vervangingsoverall-Prisoner-security-manikin.jpg","contentUrl":"https:\/\/fireware.nl\/wp-content\/uploads\/2021\/05\/017-043-129-Vervangingsoverall-Prisoner-security-manikin.jpg","width":600,"height":600},{"@type":"BreadcrumbList","@id":"https:\/\/fireware.nl\/de\/product\/ersatzoverall-haftlingssicherheit\/#breadcrumb","itemListElement":[{"@type":"ListItem","position":1,"name":"Home","item":"https:\/\/fireware.nl\/de\/"},{"@type":"ListItem","position":2,"name":"Produkte","item":"https:\/\/fireware.nl\/de\/produkte\/"},{"@type":"ListItem","position":3,"name":"Ersatzoverall H\u00e4ftlingssicherheit"}]},{"@type":"WebSite","@id":"https:\/\/fireware.nl\/de\/#website","url":"https:\/\/fireware.nl\/de\/","name":"FireWare","description":"CREATING REALISTIC  TRAINING ENVIRONMENTS","publisher":{"@id":"https:\/\/fireware.nl\/de\/#organization"},"potentialAction":[{"@type":"SearchAction","target":{"@type":"EntryPoint","urlTemplate":"https:\/\/fireware.nl\/de\/?s={search_term_string}"},"query-input":{"@type":"PropertyValueSpecification","valueRequired":true,"valueName":"search_term_string"}}],"inLanguage":"de"},{"@type":"Organization","@id":"https:\/\/fireware.nl\/de\/#organization","name":"FireWare","url":"https:\/\/fireware.nl\/de\/","logo":{"@type":"ImageObject","inLanguage":"de","@id":"https:\/\/fireware.nl\/de\/#\/schema\/logo\/image\/","url":"https:\/\/fireware.nl\/wp-content\/uploads\/2018\/10\/FireWare-logo.jpg","contentUrl":"https:\/\/fireware.nl\/wp-content\/uploads\/2018\/10\/FireWare-logo.jpg","width":171,"height":70,"caption":"FireWare"},"image":{"@id":"https:\/\/fireware.nl\/de\/#\/schema\/logo\/image\/"},"sameAs":["https:\/\/www.facebook.com\/FireWareBV\/","https:\/\/x.com\/FireWarebv","https:\/\/www.instagram.com\/fireware_nl\/","https:\/\/www.linkedin.com\/company\/3586017\/","https:\/\/www.youtube.com\/user\/firesalesrentconsult"]}]}},"publishpress_future_workflow_manual_trigger":{"enabledWorkflows":[]},"_links":{"self":[{"href":"https:\/\/fireware.nl\/de\/wp-json\/wp\/v2\/product\/60987","targetHints":{"allow":["GET"]}}],"collection":[{"href":"https:\/\/fireware.nl\/de\/wp-json\/wp\/v2\/product"}],"about":[{"href":"https:\/\/fireware.nl\/de\/wp-json\/wp\/v2\/types\/product"}],"wp:featuredmedia":[{"embeddable":true,"href":"https:\/\/fireware.nl\/de\/wp-json\/wp\/v2\/media\/60035"}],"wp:attachment":[{"href":"https:\/\/fireware.nl\/de\/wp-json\/wp\/v2\/media?parent=60987"}],"wp:term":[{"taxonomy":"product_brand","embeddable":true,"href":"https:\/\/fireware.nl\/de\/wp-json\/wp\/v2\/product_brand?post=60987"},{"taxonomy":"product_cat","embeddable":true,"href":"https:\/\/fireware.nl\/de\/wp-json\/wp\/v2\/product_cat?post=60987"},{"taxonomy":"product_tag","embeddable":true,"href":"https:\/\/fireware.nl\/de\/wp-json\/wp\/v2\/product_tag?post=60987"}],"curies":[{"name":"wp","href":"https:\/\/api.w.org\/{rel}","templated":true}]}}