
{"id":62961,"date":"2021-07-09T14:21:25","date_gmt":"2021-07-09T14:21:25","guid":{"rendered":"https:\/\/fireware.nl\/product\/bodenstander-fur-firespot\/"},"modified":"2026-04-13T14:11:50","modified_gmt":"2026-04-13T14:11:50","slug":"bodenstander-fur-firespot","status":"publish","type":"product","link":"https:\/\/fireware.nl\/de\/produkt\/bodenstander-fur-firespot\/","title":{"rendered":"Bodenst\u00e4nder f\u00fcr FireSpot"},"content":{"rendered":"\n\n\t<h2>Sorgen Sie f\u00fcr noch mehr Stabilit\u00e4t beim Einsatz des FireSpot<\/h2>\n<p>Befestigen Sie den <a href=\"https:\/\/fireware.nl\/de\/produkt\/firespot\/\" target=\"_blank\" rel=\"noopener\">FireWare FireSpot<\/a> an einem Bodenst\u00e4nder und sorgen Sie damit f\u00fcr maximalen Halt. Normalerweise stellen Sie den FireSpot direkt auf eine Oberfl\u00e4che im \u00dcbungsraum. Durch die Verwendung des Bodenstativs sorgen Sie f\u00fcr mehr Stabilit\u00e4t. Dar\u00fcber hinaus k\u00f6nnen Sie den richtigen Winkel des Feuerscheins besser einstellen und den Rauch noch einfacher einf\u00e4rben. Horizontale und vertikale Flammeneffekte sind ein Kinderspiel! Das Bodenstativ ist aus Edelstahl gefertigt.<\/p>\n<h2>Sehen Sie sich die Videos an<\/h2>\n\t\t<iframe loading=\"lazy\" width=\"560\" height=\"315\" src=\"https:\/\/www.youtube.com\/embed\/_YZHZlortAs\" title=\"YouTube video player\" frameborder=\"0\" allow=\"accelerometer; autoplay; clipboard-write; encrypted-media; gyroscope; picture-in-picture\" allowfullscreen><\/iframe>\t\n\t\t<iframe width=\"1280\" height=\"720\" src=https:\/\/player.vimeo.com\/video\/1162154950?hl=nl&#038;cc_lang_pref=nl&#038;cc_load_policy=1 frameborder=\"0\" allow=\"accelerometer; autoplay; clipboard-write; encrypted-media; gyroscope; picture-in-picture\" allowfullscreen><\/iframe>\t\n\n","protected":false},"excerpt":{"rendered":"<ul>\n<li>Sorgen Sie f\u00fcr mehr Stabilit\u00e4t bei der Verwendung des <a href=\"https:\/\/fireware.nl\/de\/product\/firespot\/\" target=\"_blank\" rel=\"noopener\">FireSpot Original<\/a>, <a href=\"https:\/\/fireware.nl\/de\/product\/firespot-mk2\/\" target=\"_blank\" rel=\"noopener\">FireSpot MK2<\/a> und <a href=\"https:\/\/fireware.nl\/de\/product\/firespot-xxl\/\" target=\"_blank\" rel=\"noopener\">FireSpot XXL<\/a><\/li>\n<li>Stellen Sie den richtigen Winkel der Feuerglut einfach ein.<\/li>\n<li>Aus Edelstahl gefertigt.<\/li>\n<\/ul>\n","protected":false},"featured_media":125161,"template":"","meta":[],"product_brand":[],"product_cat":[216],"product_tag":[],"class_list":{"0":"post-62961","1":"product","2":"type-product","3":"status-publish","4":"has-post-thumbnail","6":"product_cat-simuliertes-feuer","7":"pa_optie-bodenstander-firespot-original-mk2","8":"pa_optie-bodenstander-firespot-xxl","10":"first","11":"instock","12":"taxable","13":"shipping-taxable","14":"purchasable","15":"product-type-variable"},"yoast_head":"<!-- This site is optimized with the Yoast SEO plugin v27.5 - https:\/\/yoast.com\/product\/yoast-seo-wordpress\/ -->\n<title>Bodenst\u00e4nder f\u00fcr FireSpot - FireWare<\/title>\n<meta name=\"robots\" content=\"index, follow, max-snippet:-1, max-image-preview:large, max-video-preview:-1\" \/>\n<link rel=\"canonical\" href=\"https:\/\/fireware.nl\/de\/produkt\/bodenstander-fur-firespot\/\" \/>\n<meta property=\"og:locale\" content=\"de_DE\" \/>\n<meta property=\"og:type\" content=\"article\" \/>\n<meta property=\"og:title\" content=\"Bodenst\u00e4nder f\u00fcr FireSpot - FireWare\" \/>\n<meta property=\"og:description\" content=\"Sorgen Sie f\u00fcr mehr Stabilit\u00e4t bei der Verwendung des FireSpot Original, FireSpot MK2 und FireSpot XXL Stellen Sie den richtigen Winkel der Feuerglut einfach ein. Aus Edelstahl gefertigt.\" \/>\n<meta property=\"og:url\" content=\"https:\/\/fireware.nl\/de\/produkt\/bodenstander-fur-firespot\/\" \/>\n<meta property=\"og:site_name\" content=\"FireWare\" \/>\n<meta property=\"article:publisher\" content=\"https:\/\/www.facebook.com\/FireWareBV\/\" \/>\n<meta property=\"article:modified_time\" content=\"2026-04-13T14:11:50+00:00\" \/>\n<meta property=\"og:image\" content=\"https:\/\/fireware.nl\/wp-content\/uploads\/2021\/07\/FireSpot-Vloerstatief.jpg\" \/>\n<meta name=\"twitter:card\" content=\"summary_large_image\" \/>\n<meta name=\"twitter:site\" content=\"@FireWarebv\" \/>\n<meta name=\"twitter:label1\" content=\"Gesch\u00e4tzte Lesezeit\" \/>\n\t<meta name=\"twitter:data1\" content=\"1\u00a0Minute\" \/>\n<script type=\"application\/ld+json\" class=\"yoast-schema-graph\">{\"@context\":\"https:\\\/\\\/schema.org\",\"@graph\":[{\"@type\":\"WebPage\",\"@id\":\"https:\\\/\\\/fireware.nl\\\/de\\\/produkt\\\/bodenstander-fur-firespot\\\/\",\"url\":\"https:\\\/\\\/fireware.nl\\\/de\\\/produkt\\\/bodenstander-fur-firespot\\\/\",\"name\":\"Bodenst\u00e4nder f\u00fcr FireSpot - FireWare\",\"isPartOf\":{\"@id\":\"https:\\\/\\\/fireware.nl\\\/de\\\/#website\"},\"primaryImageOfPage\":{\"@id\":\"https:\\\/\\\/fireware.nl\\\/de\\\/produkt\\\/bodenstander-fur-firespot\\\/#primaryimage\"},\"image\":{\"@id\":\"https:\\\/\\\/fireware.nl\\\/de\\\/produkt\\\/bodenstander-fur-firespot\\\/#primaryimage\"},\"thumbnailUrl\":\"https:\\\/\\\/fireware.nl\\\/wp-content\\\/uploads\\\/2025\\\/05\\\/20250430_Vloerstatief_XXL_023_en_Vloerstatief_OG_600x600-1.jpg\",\"datePublished\":\"2021-07-09T14:21:25+00:00\",\"dateModified\":\"2026-04-13T14:11:50+00:00\",\"breadcrumb\":{\"@id\":\"https:\\\/\\\/fireware.nl\\\/de\\\/produkt\\\/bodenstander-fur-firespot\\\/#breadcrumb\"},\"inLanguage\":\"de\",\"potentialAction\":[{\"@type\":\"ReadAction\",\"target\":[\"https:\\\/\\\/fireware.nl\\\/de\\\/produkt\\\/bodenstander-fur-firespot\\\/\"]}]},{\"@type\":\"ImageObject\",\"inLanguage\":\"de\",\"@id\":\"https:\\\/\\\/fireware.nl\\\/de\\\/produkt\\\/bodenstander-fur-firespot\\\/#primaryimage\",\"url\":\"https:\\\/\\\/fireware.nl\\\/wp-content\\\/uploads\\\/2025\\\/05\\\/20250430_Vloerstatief_XXL_023_en_Vloerstatief_OG_600x600-1.jpg\",\"contentUrl\":\"https:\\\/\\\/fireware.nl\\\/wp-content\\\/uploads\\\/2025\\\/05\\\/20250430_Vloerstatief_XXL_023_en_Vloerstatief_OG_600x600-1.jpg\",\"width\":600,\"height\":600},{\"@type\":\"BreadcrumbList\",\"@id\":\"https:\\\/\\\/fireware.nl\\\/de\\\/produkt\\\/bodenstander-fur-firespot\\\/#breadcrumb\",\"itemListElement\":[{\"@type\":\"ListItem\",\"position\":1,\"name\":\"Home\",\"item\":\"https:\\\/\\\/fireware.nl\\\/de\\\/\"},{\"@type\":\"ListItem\",\"position\":2,\"name\":\"Produkte\",\"item\":\"https:\\\/\\\/fireware.nl\\\/de\\\/produkte\\\/\"},{\"@type\":\"ListItem\",\"position\":3,\"name\":\"Bodenst\u00e4nder f\u00fcr FireSpot\"}]},{\"@type\":\"WebSite\",\"@id\":\"https:\\\/\\\/fireware.nl\\\/de\\\/#website\",\"url\":\"https:\\\/\\\/fireware.nl\\\/de\\\/\",\"name\":\"FireWare\",\"description\":\"CREATING REALISTIC  TRAINING ENVIRONMENTS\",\"publisher\":{\"@id\":\"https:\\\/\\\/fireware.nl\\\/de\\\/#organization\"},\"potentialAction\":[{\"@type\":\"SearchAction\",\"target\":{\"@type\":\"EntryPoint\",\"urlTemplate\":\"https:\\\/\\\/fireware.nl\\\/de\\\/?s={search_term_string}\"},\"query-input\":{\"@type\":\"PropertyValueSpecification\",\"valueRequired\":true,\"valueName\":\"search_term_string\"}}],\"inLanguage\":\"de\"},{\"@type\":\"Organization\",\"@id\":\"https:\\\/\\\/fireware.nl\\\/de\\\/#organization\",\"name\":\"FireWare\",\"url\":\"https:\\\/\\\/fireware.nl\\\/de\\\/\",\"logo\":{\"@type\":\"ImageObject\",\"inLanguage\":\"de\",\"@id\":\"https:\\\/\\\/fireware.nl\\\/de\\\/#\\\/schema\\\/logo\\\/image\\\/\",\"url\":\"https:\\\/\\\/fireware.nl\\\/wp-content\\\/uploads\\\/2018\\\/10\\\/FireWare-logo.jpg\",\"contentUrl\":\"https:\\\/\\\/fireware.nl\\\/wp-content\\\/uploads\\\/2018\\\/10\\\/FireWare-logo.jpg\",\"width\":171,\"height\":70,\"caption\":\"FireWare\"},\"image\":{\"@id\":\"https:\\\/\\\/fireware.nl\\\/de\\\/#\\\/schema\\\/logo\\\/image\\\/\"},\"sameAs\":[\"https:\\\/\\\/www.facebook.com\\\/FireWareBV\\\/\",\"https:\\\/\\\/x.com\\\/FireWarebv\",\"https:\\\/\\\/www.instagram.com\\\/fireware_nl\\\/\",\"https:\\\/\\\/www.linkedin.com\\\/company\\\/3586017\\\/\",\"https:\\\/\\\/www.youtube.com\\\/user\\\/firesalesrentconsult\"]}]}<\/script>\n<!-- \/ Yoast SEO plugin. -->","yoast_head_json":{"title":"Bodenst\u00e4nder f\u00fcr FireSpot - FireWare","robots":{"index":"index","follow":"follow","max-snippet":"max-snippet:-1","max-image-preview":"max-image-preview:large","max-video-preview":"max-video-preview:-1"},"canonical":"https:\/\/fireware.nl\/de\/produkt\/bodenstander-fur-firespot\/","og_locale":"de_DE","og_type":"article","og_title":"Bodenst\u00e4nder f\u00fcr FireSpot - FireWare","og_description":"Sorgen Sie f\u00fcr mehr Stabilit\u00e4t bei der Verwendung des FireSpot Original, FireSpot MK2 und FireSpot XXL Stellen Sie den richtigen Winkel der Feuerglut einfach ein. Aus Edelstahl gefertigt.","og_url":"https:\/\/fireware.nl\/de\/produkt\/bodenstander-fur-firespot\/","og_site_name":"FireWare","article_publisher":"https:\/\/www.facebook.com\/FireWareBV\/","article_modified_time":"2026-04-13T14:11:50+00:00","og_image":[{"url":"https:\/\/fireware.nl\/wp-content\/uploads\/2021\/07\/FireSpot-Vloerstatief.jpg","type":"","width":"","height":""}],"twitter_card":"summary_large_image","twitter_site":"@FireWarebv","twitter_misc":{"Gesch\u00e4tzte Lesezeit":"1\u00a0Minute"},"schema":{"@context":"https:\/\/schema.org","@graph":[{"@type":"WebPage","@id":"https:\/\/fireware.nl\/de\/produkt\/bodenstander-fur-firespot\/","url":"https:\/\/fireware.nl\/de\/produkt\/bodenstander-fur-firespot\/","name":"Bodenst\u00e4nder f\u00fcr FireSpot - FireWare","isPartOf":{"@id":"https:\/\/fireware.nl\/de\/#website"},"primaryImageOfPage":{"@id":"https:\/\/fireware.nl\/de\/produkt\/bodenstander-fur-firespot\/#primaryimage"},"image":{"@id":"https:\/\/fireware.nl\/de\/produkt\/bodenstander-fur-firespot\/#primaryimage"},"thumbnailUrl":"https:\/\/fireware.nl\/wp-content\/uploads\/2025\/05\/20250430_Vloerstatief_XXL_023_en_Vloerstatief_OG_600x600-1.jpg","datePublished":"2021-07-09T14:21:25+00:00","dateModified":"2026-04-13T14:11:50+00:00","breadcrumb":{"@id":"https:\/\/fireware.nl\/de\/produkt\/bodenstander-fur-firespot\/#breadcrumb"},"inLanguage":"de","potentialAction":[{"@type":"ReadAction","target":["https:\/\/fireware.nl\/de\/produkt\/bodenstander-fur-firespot\/"]}]},{"@type":"ImageObject","inLanguage":"de","@id":"https:\/\/fireware.nl\/de\/produkt\/bodenstander-fur-firespot\/#primaryimage","url":"https:\/\/fireware.nl\/wp-content\/uploads\/2025\/05\/20250430_Vloerstatief_XXL_023_en_Vloerstatief_OG_600x600-1.jpg","contentUrl":"https:\/\/fireware.nl\/wp-content\/uploads\/2025\/05\/20250430_Vloerstatief_XXL_023_en_Vloerstatief_OG_600x600-1.jpg","width":600,"height":600},{"@type":"BreadcrumbList","@id":"https:\/\/fireware.nl\/de\/produkt\/bodenstander-fur-firespot\/#breadcrumb","itemListElement":[{"@type":"ListItem","position":1,"name":"Home","item":"https:\/\/fireware.nl\/de\/"},{"@type":"ListItem","position":2,"name":"Produkte","item":"https:\/\/fireware.nl\/de\/produkte\/"},{"@type":"ListItem","position":3,"name":"Bodenst\u00e4nder f\u00fcr FireSpot"}]},{"@type":"WebSite","@id":"https:\/\/fireware.nl\/de\/#website","url":"https:\/\/fireware.nl\/de\/","name":"FireWare","description":"CREATING REALISTIC  TRAINING ENVIRONMENTS","publisher":{"@id":"https:\/\/fireware.nl\/de\/#organization"},"potentialAction":[{"@type":"SearchAction","target":{"@type":"EntryPoint","urlTemplate":"https:\/\/fireware.nl\/de\/?s={search_term_string}"},"query-input":{"@type":"PropertyValueSpecification","valueRequired":true,"valueName":"search_term_string"}}],"inLanguage":"de"},{"@type":"Organization","@id":"https:\/\/fireware.nl\/de\/#organization","name":"FireWare","url":"https:\/\/fireware.nl\/de\/","logo":{"@type":"ImageObject","inLanguage":"de","@id":"https:\/\/fireware.nl\/de\/#\/schema\/logo\/image\/","url":"https:\/\/fireware.nl\/wp-content\/uploads\/2018\/10\/FireWare-logo.jpg","contentUrl":"https:\/\/fireware.nl\/wp-content\/uploads\/2018\/10\/FireWare-logo.jpg","width":171,"height":70,"caption":"FireWare"},"image":{"@id":"https:\/\/fireware.nl\/de\/#\/schema\/logo\/image\/"},"sameAs":["https:\/\/www.facebook.com\/FireWareBV\/","https:\/\/x.com\/FireWarebv","https:\/\/www.instagram.com\/fireware_nl\/","https:\/\/www.linkedin.com\/company\/3586017\/","https:\/\/www.youtube.com\/user\/firesalesrentconsult"]}]}},"publishpress_future_workflow_manual_trigger":{"enabledWorkflows":[]},"_links":{"self":[{"href":"https:\/\/fireware.nl\/de\/wp-json\/wp\/v2\/product\/62961","targetHints":{"allow":["GET"]}}],"collection":[{"href":"https:\/\/fireware.nl\/de\/wp-json\/wp\/v2\/product"}],"about":[{"href":"https:\/\/fireware.nl\/de\/wp-json\/wp\/v2\/types\/product"}],"wp:featuredmedia":[{"embeddable":true,"href":"https:\/\/fireware.nl\/de\/wp-json\/wp\/v2\/media\/125161"}],"wp:attachment":[{"href":"https:\/\/fireware.nl\/de\/wp-json\/wp\/v2\/media?parent=62961"}],"wp:term":[{"taxonomy":"product_brand","embeddable":true,"href":"https:\/\/fireware.nl\/de\/wp-json\/wp\/v2\/product_brand?post=62961"},{"taxonomy":"product_cat","embeddable":true,"href":"https:\/\/fireware.nl\/de\/wp-json\/wp\/v2\/product_cat?post=62961"},{"taxonomy":"product_tag","embeddable":true,"href":"https:\/\/fireware.nl\/de\/wp-json\/wp\/v2\/product_tag?post=62961"}],"curies":[{"name":"wp","href":"https:\/\/api.w.org\/{rel}","templated":true}]}}