
{"id":62963,"date":"2021-07-09T14:29:32","date_gmt":"2021-07-09T14:29:32","guid":{"rendered":"https:\/\/fireware.nl\/product\/apollo-led-ubungs-feuerwehrschlauchtrommel\/"},"modified":"2025-09-08T11:23:19","modified_gmt":"2025-09-08T11:23:19","slug":"apollo-led-ubungs-feuerwehrschlauchtrommel","status":"publish","type":"product","link":"https:\/\/fireware.nl\/de\/product\/apollo-led-ubungs-feuerwehrschlauchtrommel\/","title":{"rendered":"Apollo LED \u00dcbungs-Feuerwehrschlauchtrommel"},"content":{"rendered":"\r\n<h2>Trainieren der Verfahren zur Verwendung von Feuerwehrschlauchtrommeln<\/h2>\r\n<p>Mit der Apollo LED \u00dcbungs-Feuerwehrschlauchtrommel k\u00f6nnen alle Arbeitsabl\u00e4ufe zum L\u00f6schen eines entstehenden Brandes mit einem Feuerwehrschlauch ge\u00fcbt werden. Der Simulator kann in jeder \u00dcbungsumgebung eingesetzt werden. Der L\u00f6schstrahl wird durch einen starken LED-Licht- und Soundeffekt simuliert. So kann das L\u00f6schen eines Feststoffbrandes sicher und gut ge\u00fcbt werden.<\/p>\r\n<h2>Lassen Sie das \u00dcbungsgel\u00e4nde sauber zur\u00fcck<\/h2>\r\n<p>Mithilfe des Aufh\u00e4ngeb\u00fcgels k\u00f6nnen Sie die Feuerwehrschlauchtrommel an der Wand festschrauben. Damit k\u00f6nnen Sie im Grunde \u00fcberall \u00fcben. Die Apollo LED strahlt nur blaues LED-Licht aus, weshalb auch in \u00dcbungsumgebungen trainiert werden kann, die f\u00fcr eine L\u00f6sch\u00fcbung mit Wasser nicht geeignet sind. Da Sie mit der Apollo LED die \u00dcbungsumgebung sauber hinterlassen, k\u00f6nnen an einem einzigen Tag viele Lehrgangsteilnehmer die notwendigen L\u00f6schtechniken trainieren. Au\u00dferdem ist der n\u00e4chste Lehrgangsteilnehmer schon bald an der Reihe!<\/p>\r\n<h2>Simulieren Sie den Gebrauch einer Feuerwehrschlauchtrommel<\/h2>\r\n<p>Der Ausbilder schaltet die \u00dcbungs-Feuerwehrschlauchtrommel per Knopfdruck ein. Der Simulator ahmt jetzt den Betrieb einer echten Feuerwehrschlauchtrommel nach. Das Hauptventil \u00f6ffnet und schlie\u00dft mit einer Vierteldrehung am Griff. Der Lehrgangsteilnehmer rollt den Schlauch von der Rolle ab (20 Meter) und richtet den Spr\u00fchschlauch auf die Feuersimulation. Sobald die D\u00fcse ge\u00f6ffnet wird, ist das Ger\u00e4usch einer spritzenden Feuerwehrschlauchtrommel zu h\u00f6ren und eine blaue LED leuchtet aus dem D\u00fcsenausgang. Der \u00dcbungsleiter kann nun den Lehrgangsteilnehmer in die Ausrichtung des L\u00f6schstrahls einweisen. Die L\u00f6schsimulation wird fortgesetzt, bis die D\u00fcse geschlossen wird.<\/p>\r\n<p>Die Apollo LED \u00dcbungs-Feuerwehrschlauchtrommel reagiert auf die Aktionen des Lehrgangsteilnehmers. Solange das Hauptventil geschlossen ist, kann nicht gel\u00f6scht werden. Wenn der Lehrgangsteilnehmer das Hauptventil aufdreht, wird dies sofort \u00fcber ein WLAN-Signal an den Rest des Systems kommuniziert. Zur Statusanzeige leuchtet eine der LEDs auf. Erst dann hat das \u00d6ffnen der D\u00fcse ein Auswirkung. Die Apollo LED \u00dcbungs-Feuerwehrschlauchtrommel baut ein drahtloses WLAN-Netzwerk auf, kann aber auch in Ihrem eigenen WLAN-Netzwerk betrieben werden. Die Apollo LED verf\u00fcgt \u00fcber einen starken Akku mit einer Kapazit\u00e4t, die f\u00fcr zahlreiche L\u00f6sch\u00fcbungen ausreicht. Ist der Akku leer? Laden Sie ihn dann \u00fcber das mitgelieferte Micro-USB-Kabel auf.<\/p>\r\n<h2>Lassen Sie den Lehrgangsteilnehmer das L\u00f6schmittel w\u00e4hlen<\/h2>\r\n<p>Sie m\u00f6chten unterrichten, welches L\u00f6schmittel man f\u00fcr welchen Brand ben\u00f6tigt? H\u00e4ngen Sie einen Apollo LED-\u00dcbungsfeuerl\u00f6scher im Raum auf und lassen Sie den Sch\u00fcler das richtige L\u00f6schmittel ausw\u00e4hlen. Diese \u00dcbungsl\u00f6schmittel werden auch an Orten eingesetzt, an denen das \u00dcben normalerweise schwierig oder unm\u00f6glich ist oder wo kein Wasser, Schaum oder Pulver verwendet werden darf. Der Apollo LED \u00dcbungsfeuerl\u00f6scher ist mit <a href=\"https:\/\/fireware.nl\/de\/product\/apollo-led-schaum-ubungsloscher-mit-druckgriff-6-l\/\" target=\"_blank\" rel=\"noopener\">Druckgriff<\/a>, mit <a href=\"https:\/\/fireware.nl\/de\/product\/apollo-led-schaum-ubungsloscher-mit-schlagtaster-6-l\/\" target=\"_blank\" rel=\"noopener\">Schlagtaster<\/a> oder als <a href=\"https:\/\/fireware.nl\/de\/product\/apollo-led-co2-uebungsloescher-2-l\/\" target=\"_blank\" rel=\"noopener\">CO\u2082-L\u00f6scher<\/a> erh\u00e4ltlich.<\/p>\r\n<h2>Sehen Sie sich das Video an<\/h2>\r\n<p><iframe loading=\"lazy\" src=\"https:\/\/www.youtube.com\/embed\/piI4ix6R7bg?rel=0&amp;hl=en&amp;cc_lang_pref=en&amp;cc_load_policy=1\" width=\"560\" height=\"315\" frameborder=\"0\" allowfullscreen=\"allowfullscreen\"><\/iframe><\/p>\r\n","protected":false},"excerpt":{"rendered":"<ul>\n<li>Bringen Sie den Lehrgangsteilnehmern bei, mit einer Feuerwehrschlauchtrommel zu l\u00f6schen, ohne dabei Wasser zu verwenden.<\/li>\n<li>Simuliert den Betrieb einer echten Feuerwehrschlauchtrommel.<\/li>\n<li>Mit eingebautem Soundeffekt einer spr\u00fchenden Feuerwehrschlauchtrommel.<\/li>\n<li>Inklusive Aufh\u00e4ngesystem zur Montage an der Wand.<\/li>\n<li>Kommt mit Aufklebern in Ihrer bevorzugten Sprache.<\/li>\n<li>Auch als \u00dcbungsl\u00f6scher erh\u00e4ltlich.<\/li>\n<\/ul>\n","protected":false},"featured_media":62604,"template":"","meta":[],"product_brand":[],"product_cat":[102],"product_tag":[],"class_list":{"0":"post-62963","1":"product","2":"type-product","3":"status-publish","4":"has-post-thumbnail","6":"product_cat-uebungs-loeschmittel","8":"first","9":"instock","10":"taxable","11":"shipping-taxable","12":"purchasable","13":"product-type-variable"},"yoast_head":"<!-- This site is optimized with the Yoast SEO plugin v27.5 - https:\/\/yoast.com\/product\/yoast-seo-wordpress\/ -->\n<title>Apollo LED \u00dcbungs-Feuerwehrschlauchtrommel - FireWare<\/title>\n<meta name=\"robots\" content=\"index, follow, max-snippet:-1, max-image-preview:large, max-video-preview:-1\" \/>\n<link rel=\"canonical\" href=\"https:\/\/fireware.nl\/de\/product\/apollo-led-ubungs-feuerwehrschlauchtrommel\/\" \/>\n<meta property=\"og:locale\" content=\"de_DE\" \/>\n<meta property=\"og:type\" content=\"article\" \/>\n<meta property=\"og:title\" content=\"Apollo LED \u00dcbungs-Feuerwehrschlauchtrommel - FireWare\" \/>\n<meta property=\"og:description\" content=\"Bringen Sie den Lehrgangsteilnehmern bei, mit einer Feuerwehrschlauchtrommel zu l\u00f6schen, ohne dabei Wasser zu verwenden. Simuliert den Betrieb einer echten Feuerwehrschlauchtrommel. Mit eingebautem Soundeffekt einer spr\u00fchenden Feuerwehrschlauchtrommel. Inklusive Aufh\u00e4ngesystem zur Montage an der Wand. Kommt mit Aufklebern in Ihrer bevorzugten Sprache. Auch als \u00dcbungsl\u00f6scher erh\u00e4ltlich.\" \/>\n<meta property=\"og:url\" content=\"https:\/\/fireware.nl\/de\/product\/apollo-led-ubungs-feuerwehrschlauchtrommel\/\" \/>\n<meta property=\"og:site_name\" content=\"FireWare\" \/>\n<meta property=\"article:publisher\" content=\"https:\/\/www.facebook.com\/FireWareBV\/\" \/>\n<meta property=\"article:modified_time\" content=\"2025-09-08T11:23:19+00:00\" \/>\n<meta property=\"og:image\" content=\"https:\/\/fireware.nl\/wp-content\/uploads\/2021\/07\/025-100-049-Apollo-LED-Oefenbrandslanghaspel.jpg\" \/>\n\t<meta property=\"og:image:width\" content=\"600\" \/>\n\t<meta property=\"og:image:height\" content=\"600\" \/>\n\t<meta property=\"og:image:type\" content=\"image\/jpeg\" \/>\n<meta name=\"twitter:card\" content=\"summary_large_image\" \/>\n<meta name=\"twitter:site\" content=\"@FireWarebv\" \/>\n<meta name=\"twitter:label1\" content=\"Gesch\u00e4tzte Lesezeit\" \/>\n\t<meta name=\"twitter:data1\" content=\"3\u00a0Minuten\" \/>\n<script type=\"application\/ld+json\" class=\"yoast-schema-graph\">{\"@context\":\"https:\\\/\\\/schema.org\",\"@graph\":[{\"@type\":\"WebPage\",\"@id\":\"https:\\\/\\\/fireware.nl\\\/de\\\/product\\\/apollo-led-ubungs-feuerwehrschlauchtrommel\\\/\",\"url\":\"https:\\\/\\\/fireware.nl\\\/de\\\/product\\\/apollo-led-ubungs-feuerwehrschlauchtrommel\\\/\",\"name\":\"Apollo LED \u00dcbungs-Feuerwehrschlauchtrommel - FireWare\",\"isPartOf\":{\"@id\":\"https:\\\/\\\/fireware.nl\\\/de\\\/#website\"},\"primaryImageOfPage\":{\"@id\":\"https:\\\/\\\/fireware.nl\\\/de\\\/product\\\/apollo-led-ubungs-feuerwehrschlauchtrommel\\\/#primaryimage\"},\"image\":{\"@id\":\"https:\\\/\\\/fireware.nl\\\/de\\\/product\\\/apollo-led-ubungs-feuerwehrschlauchtrommel\\\/#primaryimage\"},\"thumbnailUrl\":\"https:\\\/\\\/fireware.nl\\\/wp-content\\\/uploads\\\/2021\\\/07\\\/025-100-049-Apollo-LED-Oefenbrandslanghaspel.jpg\",\"datePublished\":\"2021-07-09T14:29:32+00:00\",\"dateModified\":\"2025-09-08T11:23:19+00:00\",\"breadcrumb\":{\"@id\":\"https:\\\/\\\/fireware.nl\\\/de\\\/product\\\/apollo-led-ubungs-feuerwehrschlauchtrommel\\\/#breadcrumb\"},\"inLanguage\":\"de\",\"potentialAction\":[{\"@type\":\"ReadAction\",\"target\":[\"https:\\\/\\\/fireware.nl\\\/de\\\/product\\\/apollo-led-ubungs-feuerwehrschlauchtrommel\\\/\"]}]},{\"@type\":\"ImageObject\",\"inLanguage\":\"de\",\"@id\":\"https:\\\/\\\/fireware.nl\\\/de\\\/product\\\/apollo-led-ubungs-feuerwehrschlauchtrommel\\\/#primaryimage\",\"url\":\"https:\\\/\\\/fireware.nl\\\/wp-content\\\/uploads\\\/2021\\\/07\\\/025-100-049-Apollo-LED-Oefenbrandslanghaspel.jpg\",\"contentUrl\":\"https:\\\/\\\/fireware.nl\\\/wp-content\\\/uploads\\\/2021\\\/07\\\/025-100-049-Apollo-LED-Oefenbrandslanghaspel.jpg\",\"width\":600,\"height\":600},{\"@type\":\"BreadcrumbList\",\"@id\":\"https:\\\/\\\/fireware.nl\\\/de\\\/product\\\/apollo-led-ubungs-feuerwehrschlauchtrommel\\\/#breadcrumb\",\"itemListElement\":[{\"@type\":\"ListItem\",\"position\":1,\"name\":\"Home\",\"item\":\"https:\\\/\\\/fireware.nl\\\/de\\\/\"},{\"@type\":\"ListItem\",\"position\":2,\"name\":\"Produkte\",\"item\":\"https:\\\/\\\/fireware.nl\\\/de\\\/produkte\\\/\"},{\"@type\":\"ListItem\",\"position\":3,\"name\":\"Apollo LED \u00dcbungs-Feuerwehrschlauchtrommel\"}]},{\"@type\":\"WebSite\",\"@id\":\"https:\\\/\\\/fireware.nl\\\/de\\\/#website\",\"url\":\"https:\\\/\\\/fireware.nl\\\/de\\\/\",\"name\":\"FireWare\",\"description\":\"CREATING REALISTIC  TRAINING ENVIRONMENTS\",\"publisher\":{\"@id\":\"https:\\\/\\\/fireware.nl\\\/de\\\/#organization\"},\"potentialAction\":[{\"@type\":\"SearchAction\",\"target\":{\"@type\":\"EntryPoint\",\"urlTemplate\":\"https:\\\/\\\/fireware.nl\\\/de\\\/?s={search_term_string}\"},\"query-input\":{\"@type\":\"PropertyValueSpecification\",\"valueRequired\":true,\"valueName\":\"search_term_string\"}}],\"inLanguage\":\"de\"},{\"@type\":\"Organization\",\"@id\":\"https:\\\/\\\/fireware.nl\\\/de\\\/#organization\",\"name\":\"FireWare\",\"url\":\"https:\\\/\\\/fireware.nl\\\/de\\\/\",\"logo\":{\"@type\":\"ImageObject\",\"inLanguage\":\"de\",\"@id\":\"https:\\\/\\\/fireware.nl\\\/de\\\/#\\\/schema\\\/logo\\\/image\\\/\",\"url\":\"https:\\\/\\\/fireware.nl\\\/wp-content\\\/uploads\\\/2018\\\/10\\\/FireWare-logo.jpg\",\"contentUrl\":\"https:\\\/\\\/fireware.nl\\\/wp-content\\\/uploads\\\/2018\\\/10\\\/FireWare-logo.jpg\",\"width\":171,\"height\":70,\"caption\":\"FireWare\"},\"image\":{\"@id\":\"https:\\\/\\\/fireware.nl\\\/de\\\/#\\\/schema\\\/logo\\\/image\\\/\"},\"sameAs\":[\"https:\\\/\\\/www.facebook.com\\\/FireWareBV\\\/\",\"https:\\\/\\\/x.com\\\/FireWarebv\",\"https:\\\/\\\/www.instagram.com\\\/fireware_nl\\\/\",\"https:\\\/\\\/www.linkedin.com\\\/company\\\/3586017\\\/\",\"https:\\\/\\\/www.youtube.com\\\/user\\\/firesalesrentconsult\"]}]}<\/script>\n<!-- \/ Yoast SEO plugin. -->","yoast_head_json":{"title":"Apollo LED \u00dcbungs-Feuerwehrschlauchtrommel - FireWare","robots":{"index":"index","follow":"follow","max-snippet":"max-snippet:-1","max-image-preview":"max-image-preview:large","max-video-preview":"max-video-preview:-1"},"canonical":"https:\/\/fireware.nl\/de\/product\/apollo-led-ubungs-feuerwehrschlauchtrommel\/","og_locale":"de_DE","og_type":"article","og_title":"Apollo LED \u00dcbungs-Feuerwehrschlauchtrommel - FireWare","og_description":"Bringen Sie den Lehrgangsteilnehmern bei, mit einer Feuerwehrschlauchtrommel zu l\u00f6schen, ohne dabei Wasser zu verwenden. Simuliert den Betrieb einer echten Feuerwehrschlauchtrommel. Mit eingebautem Soundeffekt einer spr\u00fchenden Feuerwehrschlauchtrommel. Inklusive Aufh\u00e4ngesystem zur Montage an der Wand. Kommt mit Aufklebern in Ihrer bevorzugten Sprache. Auch als \u00dcbungsl\u00f6scher erh\u00e4ltlich.","og_url":"https:\/\/fireware.nl\/de\/product\/apollo-led-ubungs-feuerwehrschlauchtrommel\/","og_site_name":"FireWare","article_publisher":"https:\/\/www.facebook.com\/FireWareBV\/","article_modified_time":"2025-09-08T11:23:19+00:00","og_image":[{"width":600,"height":600,"url":"https:\/\/fireware.nl\/wp-content\/uploads\/2021\/07\/025-100-049-Apollo-LED-Oefenbrandslanghaspel.jpg","type":"image\/jpeg"}],"twitter_card":"summary_large_image","twitter_site":"@FireWarebv","twitter_misc":{"Gesch\u00e4tzte Lesezeit":"3\u00a0Minuten"},"schema":{"@context":"https:\/\/schema.org","@graph":[{"@type":"WebPage","@id":"https:\/\/fireware.nl\/de\/product\/apollo-led-ubungs-feuerwehrschlauchtrommel\/","url":"https:\/\/fireware.nl\/de\/product\/apollo-led-ubungs-feuerwehrschlauchtrommel\/","name":"Apollo LED \u00dcbungs-Feuerwehrschlauchtrommel - FireWare","isPartOf":{"@id":"https:\/\/fireware.nl\/de\/#website"},"primaryImageOfPage":{"@id":"https:\/\/fireware.nl\/de\/product\/apollo-led-ubungs-feuerwehrschlauchtrommel\/#primaryimage"},"image":{"@id":"https:\/\/fireware.nl\/de\/product\/apollo-led-ubungs-feuerwehrschlauchtrommel\/#primaryimage"},"thumbnailUrl":"https:\/\/fireware.nl\/wp-content\/uploads\/2021\/07\/025-100-049-Apollo-LED-Oefenbrandslanghaspel.jpg","datePublished":"2021-07-09T14:29:32+00:00","dateModified":"2025-09-08T11:23:19+00:00","breadcrumb":{"@id":"https:\/\/fireware.nl\/de\/product\/apollo-led-ubungs-feuerwehrschlauchtrommel\/#breadcrumb"},"inLanguage":"de","potentialAction":[{"@type":"ReadAction","target":["https:\/\/fireware.nl\/de\/product\/apollo-led-ubungs-feuerwehrschlauchtrommel\/"]}]},{"@type":"ImageObject","inLanguage":"de","@id":"https:\/\/fireware.nl\/de\/product\/apollo-led-ubungs-feuerwehrschlauchtrommel\/#primaryimage","url":"https:\/\/fireware.nl\/wp-content\/uploads\/2021\/07\/025-100-049-Apollo-LED-Oefenbrandslanghaspel.jpg","contentUrl":"https:\/\/fireware.nl\/wp-content\/uploads\/2021\/07\/025-100-049-Apollo-LED-Oefenbrandslanghaspel.jpg","width":600,"height":600},{"@type":"BreadcrumbList","@id":"https:\/\/fireware.nl\/de\/product\/apollo-led-ubungs-feuerwehrschlauchtrommel\/#breadcrumb","itemListElement":[{"@type":"ListItem","position":1,"name":"Home","item":"https:\/\/fireware.nl\/de\/"},{"@type":"ListItem","position":2,"name":"Produkte","item":"https:\/\/fireware.nl\/de\/produkte\/"},{"@type":"ListItem","position":3,"name":"Apollo LED \u00dcbungs-Feuerwehrschlauchtrommel"}]},{"@type":"WebSite","@id":"https:\/\/fireware.nl\/de\/#website","url":"https:\/\/fireware.nl\/de\/","name":"FireWare","description":"CREATING REALISTIC  TRAINING ENVIRONMENTS","publisher":{"@id":"https:\/\/fireware.nl\/de\/#organization"},"potentialAction":[{"@type":"SearchAction","target":{"@type":"EntryPoint","urlTemplate":"https:\/\/fireware.nl\/de\/?s={search_term_string}"},"query-input":{"@type":"PropertyValueSpecification","valueRequired":true,"valueName":"search_term_string"}}],"inLanguage":"de"},{"@type":"Organization","@id":"https:\/\/fireware.nl\/de\/#organization","name":"FireWare","url":"https:\/\/fireware.nl\/de\/","logo":{"@type":"ImageObject","inLanguage":"de","@id":"https:\/\/fireware.nl\/de\/#\/schema\/logo\/image\/","url":"https:\/\/fireware.nl\/wp-content\/uploads\/2018\/10\/FireWare-logo.jpg","contentUrl":"https:\/\/fireware.nl\/wp-content\/uploads\/2018\/10\/FireWare-logo.jpg","width":171,"height":70,"caption":"FireWare"},"image":{"@id":"https:\/\/fireware.nl\/de\/#\/schema\/logo\/image\/"},"sameAs":["https:\/\/www.facebook.com\/FireWareBV\/","https:\/\/x.com\/FireWarebv","https:\/\/www.instagram.com\/fireware_nl\/","https:\/\/www.linkedin.com\/company\/3586017\/","https:\/\/www.youtube.com\/user\/firesalesrentconsult"]}]}},"publishpress_future_workflow_manual_trigger":{"enabledWorkflows":[]},"_links":{"self":[{"href":"https:\/\/fireware.nl\/de\/wp-json\/wp\/v2\/product\/62963","targetHints":{"allow":["GET"]}}],"collection":[{"href":"https:\/\/fireware.nl\/de\/wp-json\/wp\/v2\/product"}],"about":[{"href":"https:\/\/fireware.nl\/de\/wp-json\/wp\/v2\/types\/product"}],"wp:featuredmedia":[{"embeddable":true,"href":"https:\/\/fireware.nl\/de\/wp-json\/wp\/v2\/media\/62604"}],"wp:attachment":[{"href":"https:\/\/fireware.nl\/de\/wp-json\/wp\/v2\/media?parent=62963"}],"wp:term":[{"taxonomy":"product_brand","embeddable":true,"href":"https:\/\/fireware.nl\/de\/wp-json\/wp\/v2\/product_brand?post=62963"},{"taxonomy":"product_cat","embeddable":true,"href":"https:\/\/fireware.nl\/de\/wp-json\/wp\/v2\/product_cat?post=62963"},{"taxonomy":"product_tag","embeddable":true,"href":"https:\/\/fireware.nl\/de\/wp-json\/wp\/v2\/product_tag?post=62963"}],"curies":[{"name":"wp","href":"https:\/\/api.w.org\/{rel}","templated":true}]}}