
{"id":65521,"date":"2021-09-21T13:35:34","date_gmt":"2021-09-21T13:35:34","guid":{"rendered":"https:\/\/fireware.nl\/product\/ar-nebula-blindmaske-2\/"},"modified":"2026-05-05T19:41:23","modified_gmt":"2026-05-05T19:41:23","slug":"ar-nebula-blindmaske-2","status":"publish","type":"product","link":"https:\/\/fireware.nl\/de\/product\/ar-nebula-blindmaske-2\/","title":{"rendered":"AR Nebula Blindmaske"},"content":{"rendered":"<h2>Die realistischste Alternative zum \u00dcbungsrauch<\/h2>\n<p>Rauch simulieren an Orten, wo \u00dcbungsrauch nicht w\u00fcnschenswert ist? Das ist m\u00f6glich mit der neuen elektronischen Blindmaske FireWare Nebula! Der Lehrgangsteilnehmer setzt sich eine ganz besondere Skimaske auf, die mit einem LCD-Display ausgestattet ist. Dieses Display kann auf Knopfdruck mehr oder weniger durchsichtig werden. So k\u00f6nnen 6 verschiedene Rauchdichten simuliert werden.<\/p>\n<p>Mit der Nebula hat der Lehrgangsteilnehmer das Qualmerlebnis und der Ausbilder freie Sicht f\u00fcr eine gute Wahrnehmung. So kann ein optimales Feedback gegeben werden. Es gibt sogar einen Zufallsmodus. Wenn dieser eingeschaltet wird, zeigt die Maske ein unregelm\u00e4\u00dfiges Rauchdichtenmuster bei dem man mal mehr mal weniger sieht.<\/p>\n<p>Mithilfe der mitgelieferten Fernbedienung kann der Ausbilder bis zu vier Maskengruppen bedienen. Jede Gruppe kann aus einer praktisch unbegrenzten Anzahl Masken bestehen.<\/p>\n<p>Die Maske kann direkt im Gesicht, aber auch \u00fcber einer Atemmaske getragen werden. Die gesamte Elektronik ist elegant im Maskengeh\u00e4use verborgen: keine losen Dr\u00e4hte oder lose Boxen f\u00fcr den Lehrgangsteilnehmer. Gut, sicher ist sie! Und was ist mit dem Aufladen? Sie k\u00f6nnen dies \u00fcber einen Mini-USB-Stecker tun.<\/p>\n","protected":false},"excerpt":{"rendered":"<h3>Zusammensetzung:<\/h3>\n<ul>\n<li>1 x Nebula AR Maxi Set Aufbewahrungsbox<\/li>\n<li>4 x Nebula AR Blindmaske<\/li>\n<li>1 x Fernbedienung<\/li>\n<li>1 x Ladehalterung mit 5 Ladekabeln<\/li>\n<li>1 x Kunststoff-Transportkoffer mit Schaumstoffeinlage<\/li>\n<\/ul>\n","protected":false},"featured_media":65310,"template":"","meta":[],"product_brand":[],"product_cat":[2991,3010],"product_tag":[],"class_list":{"0":"post-65521","1":"product","2":"type-product","3":"status-publish","4":"has-post-thumbnail","6":"product_cat-nebel-alternative-de","7":"product_cat-vermietung","9":"first","10":"onbackorder","11":"taxable","12":"shipping-taxable","13":"purchasable","14":"product-type-rentable"},"yoast_head":"<!-- This site is optimized with the Yoast SEO plugin v27.5 - https:\/\/yoast.com\/product\/yoast-seo-wordpress\/ -->\n<title>AR Nebula Blindmaske - FireWare<\/title>\n<meta name=\"robots\" content=\"index, follow, max-snippet:-1, max-image-preview:large, max-video-preview:-1\" \/>\n<link rel=\"canonical\" href=\"https:\/\/fireware.nl\/de\/product\/ar-nebula-blindmaske-2\/\" \/>\n<meta property=\"og:locale\" content=\"de_DE\" \/>\n<meta property=\"og:type\" content=\"article\" \/>\n<meta property=\"og:title\" content=\"AR Nebula Blindmaske - FireWare\" \/>\n<meta property=\"og:description\" content=\"Zusammensetzung:   1 x Nebula AR Maxi Set Aufbewahrungsbox  4 x Nebula AR Blindmaske  1 x Fernbedienung  1 x Ladehalterung mit 5 Ladekabeln  1 x Kunststoff-Transportkoffer mit Schaumstoffeinlage\" \/>\n<meta property=\"og:url\" content=\"https:\/\/fireware.nl\/de\/product\/ar-nebula-blindmaske-2\/\" \/>\n<meta property=\"og:site_name\" content=\"FireWare\" \/>\n<meta property=\"article:publisher\" content=\"https:\/\/www.facebook.com\/FireWareBV\/\" \/>\n<meta property=\"article:modified_time\" content=\"2026-05-05T19:41:23+00:00\" \/>\n<meta property=\"og:image\" content=\"https:\/\/fireware.nl\/wp-content\/uploads\/2021\/09\/000-000-000-Nebula-Elektronisch-Blindmasker-Maxi-Set.jpg\" \/>\n\t<meta property=\"og:image:width\" content=\"600\" \/>\n\t<meta property=\"og:image:height\" content=\"600\" \/>\n\t<meta property=\"og:image:type\" content=\"image\/jpeg\" \/>\n<meta name=\"twitter:card\" content=\"summary_large_image\" \/>\n<meta name=\"twitter:site\" content=\"@FireWarebv\" \/>\n<meta name=\"twitter:label1\" content=\"Gesch\u00e4tzte Lesezeit\" \/>\n\t<meta name=\"twitter:data1\" content=\"1\u00a0Minute\" \/>\n<script type=\"application\/ld+json\" class=\"yoast-schema-graph\">{\"@context\":\"https:\\\/\\\/schema.org\",\"@graph\":[{\"@type\":\"WebPage\",\"@id\":\"https:\\\/\\\/fireware.nl\\\/de\\\/product\\\/ar-nebula-blindmaske-2\\\/\",\"url\":\"https:\\\/\\\/fireware.nl\\\/de\\\/product\\\/ar-nebula-blindmaske-2\\\/\",\"name\":\"AR Nebula Blindmaske - FireWare\",\"isPartOf\":{\"@id\":\"https:\\\/\\\/fireware.nl\\\/de\\\/#website\"},\"primaryImageOfPage\":{\"@id\":\"https:\\\/\\\/fireware.nl\\\/de\\\/product\\\/ar-nebula-blindmaske-2\\\/#primaryimage\"},\"image\":{\"@id\":\"https:\\\/\\\/fireware.nl\\\/de\\\/product\\\/ar-nebula-blindmaske-2\\\/#primaryimage\"},\"thumbnailUrl\":\"https:\\\/\\\/fireware.nl\\\/wp-content\\\/uploads\\\/2021\\\/09\\\/000-000-000-Nebula-Elektronisch-Blindmasker-Maxi-Set.jpg\",\"datePublished\":\"2021-09-21T13:35:34+00:00\",\"dateModified\":\"2026-05-05T19:41:23+00:00\",\"breadcrumb\":{\"@id\":\"https:\\\/\\\/fireware.nl\\\/de\\\/product\\\/ar-nebula-blindmaske-2\\\/#breadcrumb\"},\"inLanguage\":\"de\",\"potentialAction\":[{\"@type\":\"ReadAction\",\"target\":[\"https:\\\/\\\/fireware.nl\\\/de\\\/product\\\/ar-nebula-blindmaske-2\\\/\"]}]},{\"@type\":\"ImageObject\",\"inLanguage\":\"de\",\"@id\":\"https:\\\/\\\/fireware.nl\\\/de\\\/product\\\/ar-nebula-blindmaske-2\\\/#primaryimage\",\"url\":\"https:\\\/\\\/fireware.nl\\\/wp-content\\\/uploads\\\/2021\\\/09\\\/000-000-000-Nebula-Elektronisch-Blindmasker-Maxi-Set.jpg\",\"contentUrl\":\"https:\\\/\\\/fireware.nl\\\/wp-content\\\/uploads\\\/2021\\\/09\\\/000-000-000-Nebula-Elektronisch-Blindmasker-Maxi-Set.jpg\",\"width\":600,\"height\":600},{\"@type\":\"BreadcrumbList\",\"@id\":\"https:\\\/\\\/fireware.nl\\\/de\\\/product\\\/ar-nebula-blindmaske-2\\\/#breadcrumb\",\"itemListElement\":[{\"@type\":\"ListItem\",\"position\":1,\"name\":\"Home\",\"item\":\"https:\\\/\\\/fireware.nl\\\/de\\\/\"},{\"@type\":\"ListItem\",\"position\":2,\"name\":\"Produkte\",\"item\":\"https:\\\/\\\/fireware.nl\\\/de\\\/produkte\\\/\"},{\"@type\":\"ListItem\",\"position\":3,\"name\":\"AR Nebula Blindmaske\"}]},{\"@type\":\"WebSite\",\"@id\":\"https:\\\/\\\/fireware.nl\\\/de\\\/#website\",\"url\":\"https:\\\/\\\/fireware.nl\\\/de\\\/\",\"name\":\"FireWare\",\"description\":\"CREATING REALISTIC  TRAINING ENVIRONMENTS\",\"publisher\":{\"@id\":\"https:\\\/\\\/fireware.nl\\\/de\\\/#organization\"},\"potentialAction\":[{\"@type\":\"SearchAction\",\"target\":{\"@type\":\"EntryPoint\",\"urlTemplate\":\"https:\\\/\\\/fireware.nl\\\/de\\\/?s={search_term_string}\"},\"query-input\":{\"@type\":\"PropertyValueSpecification\",\"valueRequired\":true,\"valueName\":\"search_term_string\"}}],\"inLanguage\":\"de\"},{\"@type\":\"Organization\",\"@id\":\"https:\\\/\\\/fireware.nl\\\/de\\\/#organization\",\"name\":\"FireWare\",\"url\":\"https:\\\/\\\/fireware.nl\\\/de\\\/\",\"logo\":{\"@type\":\"ImageObject\",\"inLanguage\":\"de\",\"@id\":\"https:\\\/\\\/fireware.nl\\\/de\\\/#\\\/schema\\\/logo\\\/image\\\/\",\"url\":\"https:\\\/\\\/fireware.nl\\\/wp-content\\\/uploads\\\/2018\\\/10\\\/FireWare-logo.jpg\",\"contentUrl\":\"https:\\\/\\\/fireware.nl\\\/wp-content\\\/uploads\\\/2018\\\/10\\\/FireWare-logo.jpg\",\"width\":171,\"height\":70,\"caption\":\"FireWare\"},\"image\":{\"@id\":\"https:\\\/\\\/fireware.nl\\\/de\\\/#\\\/schema\\\/logo\\\/image\\\/\"},\"sameAs\":[\"https:\\\/\\\/www.facebook.com\\\/FireWareBV\\\/\",\"https:\\\/\\\/x.com\\\/FireWarebv\",\"https:\\\/\\\/www.instagram.com\\\/fireware_nl\\\/\",\"https:\\\/\\\/www.linkedin.com\\\/company\\\/3586017\\\/\",\"https:\\\/\\\/www.youtube.com\\\/user\\\/firesalesrentconsult\"]}]}<\/script>\n<!-- \/ Yoast SEO plugin. -->","yoast_head_json":{"title":"AR Nebula Blindmaske - FireWare","robots":{"index":"index","follow":"follow","max-snippet":"max-snippet:-1","max-image-preview":"max-image-preview:large","max-video-preview":"max-video-preview:-1"},"canonical":"https:\/\/fireware.nl\/de\/product\/ar-nebula-blindmaske-2\/","og_locale":"de_DE","og_type":"article","og_title":"AR Nebula Blindmaske - FireWare","og_description":"Zusammensetzung:   1 x Nebula AR Maxi Set Aufbewahrungsbox  4 x Nebula AR Blindmaske  1 x Fernbedienung  1 x Ladehalterung mit 5 Ladekabeln  1 x Kunststoff-Transportkoffer mit Schaumstoffeinlage","og_url":"https:\/\/fireware.nl\/de\/product\/ar-nebula-blindmaske-2\/","og_site_name":"FireWare","article_publisher":"https:\/\/www.facebook.com\/FireWareBV\/","article_modified_time":"2026-05-05T19:41:23+00:00","og_image":[{"width":600,"height":600,"url":"https:\/\/fireware.nl\/wp-content\/uploads\/2021\/09\/000-000-000-Nebula-Elektronisch-Blindmasker-Maxi-Set.jpg","type":"image\/jpeg"}],"twitter_card":"summary_large_image","twitter_site":"@FireWarebv","twitter_misc":{"Gesch\u00e4tzte Lesezeit":"1\u00a0Minute"},"schema":{"@context":"https:\/\/schema.org","@graph":[{"@type":"WebPage","@id":"https:\/\/fireware.nl\/de\/product\/ar-nebula-blindmaske-2\/","url":"https:\/\/fireware.nl\/de\/product\/ar-nebula-blindmaske-2\/","name":"AR Nebula Blindmaske - FireWare","isPartOf":{"@id":"https:\/\/fireware.nl\/de\/#website"},"primaryImageOfPage":{"@id":"https:\/\/fireware.nl\/de\/product\/ar-nebula-blindmaske-2\/#primaryimage"},"image":{"@id":"https:\/\/fireware.nl\/de\/product\/ar-nebula-blindmaske-2\/#primaryimage"},"thumbnailUrl":"https:\/\/fireware.nl\/wp-content\/uploads\/2021\/09\/000-000-000-Nebula-Elektronisch-Blindmasker-Maxi-Set.jpg","datePublished":"2021-09-21T13:35:34+00:00","dateModified":"2026-05-05T19:41:23+00:00","breadcrumb":{"@id":"https:\/\/fireware.nl\/de\/product\/ar-nebula-blindmaske-2\/#breadcrumb"},"inLanguage":"de","potentialAction":[{"@type":"ReadAction","target":["https:\/\/fireware.nl\/de\/product\/ar-nebula-blindmaske-2\/"]}]},{"@type":"ImageObject","inLanguage":"de","@id":"https:\/\/fireware.nl\/de\/product\/ar-nebula-blindmaske-2\/#primaryimage","url":"https:\/\/fireware.nl\/wp-content\/uploads\/2021\/09\/000-000-000-Nebula-Elektronisch-Blindmasker-Maxi-Set.jpg","contentUrl":"https:\/\/fireware.nl\/wp-content\/uploads\/2021\/09\/000-000-000-Nebula-Elektronisch-Blindmasker-Maxi-Set.jpg","width":600,"height":600},{"@type":"BreadcrumbList","@id":"https:\/\/fireware.nl\/de\/product\/ar-nebula-blindmaske-2\/#breadcrumb","itemListElement":[{"@type":"ListItem","position":1,"name":"Home","item":"https:\/\/fireware.nl\/de\/"},{"@type":"ListItem","position":2,"name":"Produkte","item":"https:\/\/fireware.nl\/de\/produkte\/"},{"@type":"ListItem","position":3,"name":"AR Nebula Blindmaske"}]},{"@type":"WebSite","@id":"https:\/\/fireware.nl\/de\/#website","url":"https:\/\/fireware.nl\/de\/","name":"FireWare","description":"CREATING REALISTIC  TRAINING ENVIRONMENTS","publisher":{"@id":"https:\/\/fireware.nl\/de\/#organization"},"potentialAction":[{"@type":"SearchAction","target":{"@type":"EntryPoint","urlTemplate":"https:\/\/fireware.nl\/de\/?s={search_term_string}"},"query-input":{"@type":"PropertyValueSpecification","valueRequired":true,"valueName":"search_term_string"}}],"inLanguage":"de"},{"@type":"Organization","@id":"https:\/\/fireware.nl\/de\/#organization","name":"FireWare","url":"https:\/\/fireware.nl\/de\/","logo":{"@type":"ImageObject","inLanguage":"de","@id":"https:\/\/fireware.nl\/de\/#\/schema\/logo\/image\/","url":"https:\/\/fireware.nl\/wp-content\/uploads\/2018\/10\/FireWare-logo.jpg","contentUrl":"https:\/\/fireware.nl\/wp-content\/uploads\/2018\/10\/FireWare-logo.jpg","width":171,"height":70,"caption":"FireWare"},"image":{"@id":"https:\/\/fireware.nl\/de\/#\/schema\/logo\/image\/"},"sameAs":["https:\/\/www.facebook.com\/FireWareBV\/","https:\/\/x.com\/FireWarebv","https:\/\/www.instagram.com\/fireware_nl\/","https:\/\/www.linkedin.com\/company\/3586017\/","https:\/\/www.youtube.com\/user\/firesalesrentconsult"]}]}},"publishpress_future_workflow_manual_trigger":{"enabledWorkflows":[]},"_links":{"self":[{"href":"https:\/\/fireware.nl\/de\/wp-json\/wp\/v2\/product\/65521","targetHints":{"allow":["GET"]}}],"collection":[{"href":"https:\/\/fireware.nl\/de\/wp-json\/wp\/v2\/product"}],"about":[{"href":"https:\/\/fireware.nl\/de\/wp-json\/wp\/v2\/types\/product"}],"wp:featuredmedia":[{"embeddable":true,"href":"https:\/\/fireware.nl\/de\/wp-json\/wp\/v2\/media\/65310"}],"wp:attachment":[{"href":"https:\/\/fireware.nl\/de\/wp-json\/wp\/v2\/media?parent=65521"}],"wp:term":[{"taxonomy":"product_brand","embeddable":true,"href":"https:\/\/fireware.nl\/de\/wp-json\/wp\/v2\/product_brand?post=65521"},{"taxonomy":"product_cat","embeddable":true,"href":"https:\/\/fireware.nl\/de\/wp-json\/wp\/v2\/product_cat?post=65521"},{"taxonomy":"product_tag","embeddable":true,"href":"https:\/\/fireware.nl\/de\/wp-json\/wp\/v2\/product_tag?post=65521"}],"curies":[{"name":"wp","href":"https:\/\/api.w.org\/{rel}","templated":true}]}}