
{"id":65531,"date":"2021-09-21T13:36:04","date_gmt":"2021-09-21T13:36:04","guid":{"rendered":"https:\/\/fireware.nl\/product\/nebelgerat-stratus\/"},"modified":"2026-05-05T19:35:55","modified_gmt":"2026-05-05T19:35:55","slug":"nebelgerat-stratus","status":"publish","type":"product","link":"https:\/\/fireware.nl\/de\/product\/nebelgerat-stratus-2\/","title":{"rendered":"Nebelger\u00e4t Stratus"},"content":{"rendered":"<h2>Ganz viel Nebel, auch vertikal<\/h2>\n<p>Dieses 2600-Watt-Nebelger\u00e4t ist ideal f\u00fcr gro\u00dfe Brand- und Evakuierungs\u00fcbungen. Wenn Sie den Kanister aus der Halterung holen, kann das Ger\u00e4t auch auf seine Seite gestellt werden, um vertikalen Nebel zu erzeugen. Dank der Storz-Kupplung l\u00e4sst sich das Ger\u00e4t an diverses Zubeh\u00f6r oder etwa ein Leitungssystem mit Lecks anschlie\u00dfen ideal f\u00fcr CBRN-Praxisschulungen! Sie k\u00f6nnen Stratus auch in seiner perforierten Box benutzen, sodass das Nebelger\u00e4t auch bei Regen eingesetzt werden kann. Haben Sie einen kleineren Raum? Sehen Sie sich daf\u00fcr das Nebelger\u00e4t Cumulus an.<\/p>\n<p>Vergessen Sie bei der Buchung Ihres Ger\u00e4ts nicht, die richtige Nebelfl\u00fcssigkeit mitzubestellen!<\/p>\n","protected":false},"excerpt":{"rendered":"<h3>Zusammensetzung:<\/h3>\n<ul>\n<li>1 x Stratus Nebelmaschine<\/li>\n<li>1 x 10 m Kabel f\u00fcr Kabelfernbedienung<\/li>\n<li>1 x Stratus-Fernbedienungsbox<\/li>\n<li>1 x Cumulus\/Stratus EU-Anschlusskabel 3 m<\/li>\n<li>1 x Rauchfl\u00fcssigkeitskappe<\/li>\n<li>1 x Box 60 x 40 x 32,5 cm mit offenem Griff und Schaumstoffeinsatz<\/li>\n<li>1 x Handbuch Stratus<\/li>\n<\/ul>\n","protected":false},"featured_media":65320,"template":"","meta":[],"product_brand":[],"product_cat":[2970,3010],"product_tag":[],"class_list":{"0":"post-65531","1":"product","2":"type-product","3":"status-publish","4":"has-post-thumbnail","6":"product_cat-nebel-de","7":"product_cat-vermietung","9":"first","10":"instock","11":"taxable","12":"shipping-taxable","13":"purchasable","14":"product-type-rentable"},"yoast_head":"<!-- This site is optimized with the Yoast SEO plugin v27.5 - https:\/\/yoast.com\/product\/yoast-seo-wordpress\/ -->\n<title>Nebelger\u00e4t Stratus - FireWare<\/title>\n<meta name=\"robots\" content=\"index, follow, max-snippet:-1, max-image-preview:large, max-video-preview:-1\" \/>\n<link rel=\"canonical\" href=\"https:\/\/fireware.nl\/de\/product\/nebelgerat-stratus-2\/\" \/>\n<meta property=\"og:locale\" content=\"de_DE\" \/>\n<meta property=\"og:type\" content=\"article\" \/>\n<meta property=\"og:title\" content=\"Nebelger\u00e4t Stratus - FireWare\" \/>\n<meta property=\"og:description\" content=\"Zusammensetzung:   1 x Stratus Nebelmaschine  1 x 10 m Kabel f\u00fcr Kabelfernbedienung  1 x Stratus-Fernbedienungsbox  1 x Cumulus\/Stratus EU-Anschlusskabel 3 m  1 x Rauchfl\u00fcssigkeitskappe  1 x Box 60 x 40 x 32,5 cm mit offenem Griff und Schaumstoffeinsatz  1 x Handbuch Stratus\" \/>\n<meta property=\"og:url\" content=\"https:\/\/fireware.nl\/de\/product\/nebelgerat-stratus-2\/\" \/>\n<meta property=\"og:site_name\" content=\"FireWare\" \/>\n<meta property=\"article:publisher\" content=\"https:\/\/www.facebook.com\/FireWareBV\/\" \/>\n<meta property=\"article:modified_time\" content=\"2026-05-05T19:35:55+00:00\" \/>\n<meta property=\"og:image\" content=\"https:\/\/fireware.nl\/wp-content\/uploads\/2021\/09\/RST-702-102-Stratus.jpg\" \/>\n\t<meta property=\"og:image:width\" content=\"600\" \/>\n\t<meta property=\"og:image:height\" content=\"600\" \/>\n\t<meta property=\"og:image:type\" content=\"image\/jpeg\" \/>\n<meta name=\"twitter:card\" content=\"summary_large_image\" \/>\n<meta name=\"twitter:site\" content=\"@FireWarebv\" \/>\n<meta name=\"twitter:label1\" content=\"Gesch\u00e4tzte Lesezeit\" \/>\n\t<meta name=\"twitter:data1\" content=\"1\u00a0Minute\" \/>\n<script type=\"application\/ld+json\" class=\"yoast-schema-graph\">{\"@context\":\"https:\\\/\\\/schema.org\",\"@graph\":[{\"@type\":\"WebPage\",\"@id\":\"https:\\\/\\\/fireware.nl\\\/de\\\/product\\\/nebelgerat-stratus-2\\\/\",\"url\":\"https:\\\/\\\/fireware.nl\\\/de\\\/product\\\/nebelgerat-stratus-2\\\/\",\"name\":\"Nebelger\u00e4t Stratus - FireWare\",\"isPartOf\":{\"@id\":\"https:\\\/\\\/fireware.nl\\\/de\\\/#website\"},\"primaryImageOfPage\":{\"@id\":\"https:\\\/\\\/fireware.nl\\\/de\\\/product\\\/nebelgerat-stratus-2\\\/#primaryimage\"},\"image\":{\"@id\":\"https:\\\/\\\/fireware.nl\\\/de\\\/product\\\/nebelgerat-stratus-2\\\/#primaryimage\"},\"thumbnailUrl\":\"https:\\\/\\\/fireware.nl\\\/wp-content\\\/uploads\\\/2021\\\/09\\\/RST-702-102-Stratus.jpg\",\"datePublished\":\"2021-09-21T13:36:04+00:00\",\"dateModified\":\"2026-05-05T19:35:55+00:00\",\"breadcrumb\":{\"@id\":\"https:\\\/\\\/fireware.nl\\\/de\\\/product\\\/nebelgerat-stratus-2\\\/#breadcrumb\"},\"inLanguage\":\"de\",\"potentialAction\":[{\"@type\":\"ReadAction\",\"target\":[\"https:\\\/\\\/fireware.nl\\\/de\\\/product\\\/nebelgerat-stratus-2\\\/\"]}]},{\"@type\":\"ImageObject\",\"inLanguage\":\"de\",\"@id\":\"https:\\\/\\\/fireware.nl\\\/de\\\/product\\\/nebelgerat-stratus-2\\\/#primaryimage\",\"url\":\"https:\\\/\\\/fireware.nl\\\/wp-content\\\/uploads\\\/2021\\\/09\\\/RST-702-102-Stratus.jpg\",\"contentUrl\":\"https:\\\/\\\/fireware.nl\\\/wp-content\\\/uploads\\\/2021\\\/09\\\/RST-702-102-Stratus.jpg\",\"width\":600,\"height\":600},{\"@type\":\"BreadcrumbList\",\"@id\":\"https:\\\/\\\/fireware.nl\\\/de\\\/product\\\/nebelgerat-stratus-2\\\/#breadcrumb\",\"itemListElement\":[{\"@type\":\"ListItem\",\"position\":1,\"name\":\"Home\",\"item\":\"https:\\\/\\\/fireware.nl\\\/de\\\/\"},{\"@type\":\"ListItem\",\"position\":2,\"name\":\"Produkte\",\"item\":\"https:\\\/\\\/fireware.nl\\\/de\\\/produkte\\\/\"},{\"@type\":\"ListItem\",\"position\":3,\"name\":\"Nebelger\u00e4t Stratus\"}]},{\"@type\":\"WebSite\",\"@id\":\"https:\\\/\\\/fireware.nl\\\/de\\\/#website\",\"url\":\"https:\\\/\\\/fireware.nl\\\/de\\\/\",\"name\":\"FireWare\",\"description\":\"CREATING REALISTIC  TRAINING ENVIRONMENTS\",\"publisher\":{\"@id\":\"https:\\\/\\\/fireware.nl\\\/de\\\/#organization\"},\"potentialAction\":[{\"@type\":\"SearchAction\",\"target\":{\"@type\":\"EntryPoint\",\"urlTemplate\":\"https:\\\/\\\/fireware.nl\\\/de\\\/?s={search_term_string}\"},\"query-input\":{\"@type\":\"PropertyValueSpecification\",\"valueRequired\":true,\"valueName\":\"search_term_string\"}}],\"inLanguage\":\"de\"},{\"@type\":\"Organization\",\"@id\":\"https:\\\/\\\/fireware.nl\\\/de\\\/#organization\",\"name\":\"FireWare\",\"url\":\"https:\\\/\\\/fireware.nl\\\/de\\\/\",\"logo\":{\"@type\":\"ImageObject\",\"inLanguage\":\"de\",\"@id\":\"https:\\\/\\\/fireware.nl\\\/de\\\/#\\\/schema\\\/logo\\\/image\\\/\",\"url\":\"https:\\\/\\\/fireware.nl\\\/wp-content\\\/uploads\\\/2018\\\/10\\\/FireWare-logo.jpg\",\"contentUrl\":\"https:\\\/\\\/fireware.nl\\\/wp-content\\\/uploads\\\/2018\\\/10\\\/FireWare-logo.jpg\",\"width\":171,\"height\":70,\"caption\":\"FireWare\"},\"image\":{\"@id\":\"https:\\\/\\\/fireware.nl\\\/de\\\/#\\\/schema\\\/logo\\\/image\\\/\"},\"sameAs\":[\"https:\\\/\\\/www.facebook.com\\\/FireWareBV\\\/\",\"https:\\\/\\\/x.com\\\/FireWarebv\",\"https:\\\/\\\/www.instagram.com\\\/fireware_nl\\\/\",\"https:\\\/\\\/www.linkedin.com\\\/company\\\/3586017\\\/\",\"https:\\\/\\\/www.youtube.com\\\/user\\\/firesalesrentconsult\"]}]}<\/script>\n<!-- \/ Yoast SEO plugin. -->","yoast_head_json":{"title":"Nebelger\u00e4t Stratus - FireWare","robots":{"index":"index","follow":"follow","max-snippet":"max-snippet:-1","max-image-preview":"max-image-preview:large","max-video-preview":"max-video-preview:-1"},"canonical":"https:\/\/fireware.nl\/de\/product\/nebelgerat-stratus-2\/","og_locale":"de_DE","og_type":"article","og_title":"Nebelger\u00e4t Stratus - FireWare","og_description":"Zusammensetzung:   1 x Stratus Nebelmaschine  1 x 10 m Kabel f\u00fcr Kabelfernbedienung  1 x Stratus-Fernbedienungsbox  1 x Cumulus\/Stratus EU-Anschlusskabel 3 m  1 x Rauchfl\u00fcssigkeitskappe  1 x Box 60 x 40 x 32,5 cm mit offenem Griff und Schaumstoffeinsatz  1 x Handbuch Stratus","og_url":"https:\/\/fireware.nl\/de\/product\/nebelgerat-stratus-2\/","og_site_name":"FireWare","article_publisher":"https:\/\/www.facebook.com\/FireWareBV\/","article_modified_time":"2026-05-05T19:35:55+00:00","og_image":[{"width":600,"height":600,"url":"https:\/\/fireware.nl\/wp-content\/uploads\/2021\/09\/RST-702-102-Stratus.jpg","type":"image\/jpeg"}],"twitter_card":"summary_large_image","twitter_site":"@FireWarebv","twitter_misc":{"Gesch\u00e4tzte Lesezeit":"1\u00a0Minute"},"schema":{"@context":"https:\/\/schema.org","@graph":[{"@type":"WebPage","@id":"https:\/\/fireware.nl\/de\/product\/nebelgerat-stratus-2\/","url":"https:\/\/fireware.nl\/de\/product\/nebelgerat-stratus-2\/","name":"Nebelger\u00e4t Stratus - FireWare","isPartOf":{"@id":"https:\/\/fireware.nl\/de\/#website"},"primaryImageOfPage":{"@id":"https:\/\/fireware.nl\/de\/product\/nebelgerat-stratus-2\/#primaryimage"},"image":{"@id":"https:\/\/fireware.nl\/de\/product\/nebelgerat-stratus-2\/#primaryimage"},"thumbnailUrl":"https:\/\/fireware.nl\/wp-content\/uploads\/2021\/09\/RST-702-102-Stratus.jpg","datePublished":"2021-09-21T13:36:04+00:00","dateModified":"2026-05-05T19:35:55+00:00","breadcrumb":{"@id":"https:\/\/fireware.nl\/de\/product\/nebelgerat-stratus-2\/#breadcrumb"},"inLanguage":"de","potentialAction":[{"@type":"ReadAction","target":["https:\/\/fireware.nl\/de\/product\/nebelgerat-stratus-2\/"]}]},{"@type":"ImageObject","inLanguage":"de","@id":"https:\/\/fireware.nl\/de\/product\/nebelgerat-stratus-2\/#primaryimage","url":"https:\/\/fireware.nl\/wp-content\/uploads\/2021\/09\/RST-702-102-Stratus.jpg","contentUrl":"https:\/\/fireware.nl\/wp-content\/uploads\/2021\/09\/RST-702-102-Stratus.jpg","width":600,"height":600},{"@type":"BreadcrumbList","@id":"https:\/\/fireware.nl\/de\/product\/nebelgerat-stratus-2\/#breadcrumb","itemListElement":[{"@type":"ListItem","position":1,"name":"Home","item":"https:\/\/fireware.nl\/de\/"},{"@type":"ListItem","position":2,"name":"Produkte","item":"https:\/\/fireware.nl\/de\/produkte\/"},{"@type":"ListItem","position":3,"name":"Nebelger\u00e4t Stratus"}]},{"@type":"WebSite","@id":"https:\/\/fireware.nl\/de\/#website","url":"https:\/\/fireware.nl\/de\/","name":"FireWare","description":"CREATING REALISTIC  TRAINING ENVIRONMENTS","publisher":{"@id":"https:\/\/fireware.nl\/de\/#organization"},"potentialAction":[{"@type":"SearchAction","target":{"@type":"EntryPoint","urlTemplate":"https:\/\/fireware.nl\/de\/?s={search_term_string}"},"query-input":{"@type":"PropertyValueSpecification","valueRequired":true,"valueName":"search_term_string"}}],"inLanguage":"de"},{"@type":"Organization","@id":"https:\/\/fireware.nl\/de\/#organization","name":"FireWare","url":"https:\/\/fireware.nl\/de\/","logo":{"@type":"ImageObject","inLanguage":"de","@id":"https:\/\/fireware.nl\/de\/#\/schema\/logo\/image\/","url":"https:\/\/fireware.nl\/wp-content\/uploads\/2018\/10\/FireWare-logo.jpg","contentUrl":"https:\/\/fireware.nl\/wp-content\/uploads\/2018\/10\/FireWare-logo.jpg","width":171,"height":70,"caption":"FireWare"},"image":{"@id":"https:\/\/fireware.nl\/de\/#\/schema\/logo\/image\/"},"sameAs":["https:\/\/www.facebook.com\/FireWareBV\/","https:\/\/x.com\/FireWarebv","https:\/\/www.instagram.com\/fireware_nl\/","https:\/\/www.linkedin.com\/company\/3586017\/","https:\/\/www.youtube.com\/user\/firesalesrentconsult"]}]}},"publishpress_future_workflow_manual_trigger":{"enabledWorkflows":[]},"_links":{"self":[{"href":"https:\/\/fireware.nl\/de\/wp-json\/wp\/v2\/product\/65531","targetHints":{"allow":["GET"]}}],"collection":[{"href":"https:\/\/fireware.nl\/de\/wp-json\/wp\/v2\/product"}],"about":[{"href":"https:\/\/fireware.nl\/de\/wp-json\/wp\/v2\/types\/product"}],"wp:featuredmedia":[{"embeddable":true,"href":"https:\/\/fireware.nl\/de\/wp-json\/wp\/v2\/media\/65320"}],"wp:attachment":[{"href":"https:\/\/fireware.nl\/de\/wp-json\/wp\/v2\/media?parent=65531"}],"wp:term":[{"taxonomy":"product_brand","embeddable":true,"href":"https:\/\/fireware.nl\/de\/wp-json\/wp\/v2\/product_brand?post=65531"},{"taxonomy":"product_cat","embeddable":true,"href":"https:\/\/fireware.nl\/de\/wp-json\/wp\/v2\/product_cat?post=65531"},{"taxonomy":"product_tag","embeddable":true,"href":"https:\/\/fireware.nl\/de\/wp-json\/wp\/v2\/product_tag?post=65531"}],"curies":[{"name":"wp","href":"https:\/\/api.w.org\/{rel}","templated":true}]}}