
{"id":65598,"date":"2021-09-21T13:41:44","date_gmt":"2021-09-21T13:41:44","guid":{"rendered":"https:\/\/fireware.nl\/product\/explosionssimulator-2\/"},"modified":"2026-05-05T19:40:17","modified_gmt":"2026-05-05T19:40:17","slug":"explosionssimulator-2","status":"publish","type":"product","link":"https:\/\/fireware.nl\/de\/product\/explosionssimulator-2\/","title":{"rendered":"Explosionssimulator"},"content":{"rendered":"<h2>Explosionsger\u00e4usch mit bis zu 120 Dezibel<\/h2>\n<p>Mit dem elektrischen Explosionssimulator k\u00f6nnen Sie legal und ohne Pyrotechnik das Ger\u00e4usch einer Explosion bis zu sage und schreibe 120 Dezibel simulieren. Mit einem einzigen Druck auf den Knopf l\u00e4sst sich eine Explosion nachahmen.<\/p>\n<p>Die Lautst\u00e4rke ist regelbar, indem Sie die R\u00f6hre des Explosionssimulators hinein- oder herausschieben. Der Ger\u00e4uscheffekt ist eindrucksvoll und l\u00e4sst die Umgebung erzittern. Deshalb eignet sich der Apparat nicht f\u00fcr den Einsatz in Innenr\u00e4umen.<\/p>\n<p>Der Explosionssimulator hat ein Reduzierventil und funktioniert mit einer normalen Propangasflasche. Akku, Ladeger\u00e4t und Fernbedienung sind inbegriffen. Eine Gasflasche k\u00f6nnen Sie separat mieten.<\/p>\n","protected":false},"excerpt":{"rendered":"<h3>Zusammensetzung:<\/h3>\n<ul>\n<li>1 x Explosionssimulator<\/li>\n<li>1 x Fernsteuerung Explosionssimulator<\/li>\n<li>1 x Akkupack<\/li>\n<li>1 x Ladeger\u00e4t<\/li>\n<li>1 x Verl\u00e4ngerung f\u00fcr Fass<\/li>\n<li>1 Kunststoff-Transportkoffer 60 x 40 x 32,5 cm mit offenem Griff<\/li>\n<\/ul>\n","protected":false},"featured_media":26134,"template":"","meta":[],"product_brand":[],"product_cat":[2958,3010],"product_tag":[],"class_list":{"0":"post-65598","1":"product","2":"type-product","3":"status-publish","4":"has-post-thumbnail","6":"product_cat-cbrne-de-2","7":"product_cat-vermietung","9":"first","10":"onbackorder","11":"taxable","12":"shipping-taxable","13":"purchasable","14":"product-type-rentable"},"yoast_head":"<!-- This site is optimized with the Yoast SEO plugin v27.5 - https:\/\/yoast.com\/product\/yoast-seo-wordpress\/ -->\n<title>Explosionssimulator - FireWare<\/title>\n<meta name=\"robots\" content=\"index, follow, max-snippet:-1, max-image-preview:large, max-video-preview:-1\" \/>\n<link rel=\"canonical\" href=\"https:\/\/fireware.nl\/de\/product\/explosionssimulator-2\/\" \/>\n<meta property=\"og:locale\" content=\"de_DE\" \/>\n<meta property=\"og:type\" content=\"article\" \/>\n<meta property=\"og:title\" content=\"Explosionssimulator - FireWare\" \/>\n<meta property=\"og:description\" content=\"Zusammensetzung:   1 x Explosionssimulator  1 x Fernsteuerung Explosionssimulator  1 x Akkupack  1 x Ladeger\u00e4t  1 x Verl\u00e4ngerung f\u00fcr Fass  1 Kunststoff-Transportkoffer 60 x 40 x 32,5 cm mit offenem Griff\" \/>\n<meta property=\"og:url\" content=\"https:\/\/fireware.nl\/de\/product\/explosionssimulator-2\/\" \/>\n<meta property=\"og:site_name\" content=\"FireWare\" \/>\n<meta property=\"article:publisher\" content=\"https:\/\/www.facebook.com\/FireWareBV\/\" \/>\n<meta property=\"article:modified_time\" content=\"2026-05-05T19:40:17+00:00\" \/>\n<meta property=\"og:image\" content=\"https:\/\/fireware.nl\/wp-content\/uploads\/2017\/08\/RST-704-105-Explosie-simulator.jpg\" \/>\n\t<meta property=\"og:image:width\" content=\"600\" \/>\n\t<meta property=\"og:image:height\" content=\"600\" \/>\n\t<meta property=\"og:image:type\" content=\"image\/jpeg\" \/>\n<meta name=\"twitter:card\" content=\"summary_large_image\" \/>\n<meta name=\"twitter:site\" content=\"@FireWarebv\" \/>\n<meta name=\"twitter:label1\" content=\"Gesch\u00e4tzte Lesezeit\" \/>\n\t<meta name=\"twitter:data1\" content=\"1\u00a0Minute\" \/>\n<script type=\"application\/ld+json\" class=\"yoast-schema-graph\">{\"@context\":\"https:\\\/\\\/schema.org\",\"@graph\":[{\"@type\":\"WebPage\",\"@id\":\"https:\\\/\\\/fireware.nl\\\/de\\\/product\\\/explosionssimulator-2\\\/\",\"url\":\"https:\\\/\\\/fireware.nl\\\/de\\\/product\\\/explosionssimulator-2\\\/\",\"name\":\"Explosionssimulator - FireWare\",\"isPartOf\":{\"@id\":\"https:\\\/\\\/fireware.nl\\\/de\\\/#website\"},\"primaryImageOfPage\":{\"@id\":\"https:\\\/\\\/fireware.nl\\\/de\\\/product\\\/explosionssimulator-2\\\/#primaryimage\"},\"image\":{\"@id\":\"https:\\\/\\\/fireware.nl\\\/de\\\/product\\\/explosionssimulator-2\\\/#primaryimage\"},\"thumbnailUrl\":\"https:\\\/\\\/fireware.nl\\\/wp-content\\\/uploads\\\/2017\\\/08\\\/RST-704-105-Explosie-simulator.jpg\",\"datePublished\":\"2021-09-21T13:41:44+00:00\",\"dateModified\":\"2026-05-05T19:40:17+00:00\",\"breadcrumb\":{\"@id\":\"https:\\\/\\\/fireware.nl\\\/de\\\/product\\\/explosionssimulator-2\\\/#breadcrumb\"},\"inLanguage\":\"de\",\"potentialAction\":[{\"@type\":\"ReadAction\",\"target\":[\"https:\\\/\\\/fireware.nl\\\/de\\\/product\\\/explosionssimulator-2\\\/\"]}]},{\"@type\":\"ImageObject\",\"inLanguage\":\"de\",\"@id\":\"https:\\\/\\\/fireware.nl\\\/de\\\/product\\\/explosionssimulator-2\\\/#primaryimage\",\"url\":\"https:\\\/\\\/fireware.nl\\\/wp-content\\\/uploads\\\/2017\\\/08\\\/RST-704-105-Explosie-simulator.jpg\",\"contentUrl\":\"https:\\\/\\\/fireware.nl\\\/wp-content\\\/uploads\\\/2017\\\/08\\\/RST-704-105-Explosie-simulator.jpg\",\"width\":600,\"height\":600,\"caption\":\"RST-704-105 Explosie simulator\"},{\"@type\":\"BreadcrumbList\",\"@id\":\"https:\\\/\\\/fireware.nl\\\/de\\\/product\\\/explosionssimulator-2\\\/#breadcrumb\",\"itemListElement\":[{\"@type\":\"ListItem\",\"position\":1,\"name\":\"Home\",\"item\":\"https:\\\/\\\/fireware.nl\\\/de\\\/\"},{\"@type\":\"ListItem\",\"position\":2,\"name\":\"Produkte\",\"item\":\"https:\\\/\\\/fireware.nl\\\/de\\\/produkte\\\/\"},{\"@type\":\"ListItem\",\"position\":3,\"name\":\"Explosionssimulator\"}]},{\"@type\":\"WebSite\",\"@id\":\"https:\\\/\\\/fireware.nl\\\/de\\\/#website\",\"url\":\"https:\\\/\\\/fireware.nl\\\/de\\\/\",\"name\":\"FireWare\",\"description\":\"CREATING REALISTIC  TRAINING ENVIRONMENTS\",\"publisher\":{\"@id\":\"https:\\\/\\\/fireware.nl\\\/de\\\/#organization\"},\"potentialAction\":[{\"@type\":\"SearchAction\",\"target\":{\"@type\":\"EntryPoint\",\"urlTemplate\":\"https:\\\/\\\/fireware.nl\\\/de\\\/?s={search_term_string}\"},\"query-input\":{\"@type\":\"PropertyValueSpecification\",\"valueRequired\":true,\"valueName\":\"search_term_string\"}}],\"inLanguage\":\"de\"},{\"@type\":\"Organization\",\"@id\":\"https:\\\/\\\/fireware.nl\\\/de\\\/#organization\",\"name\":\"FireWare\",\"url\":\"https:\\\/\\\/fireware.nl\\\/de\\\/\",\"logo\":{\"@type\":\"ImageObject\",\"inLanguage\":\"de\",\"@id\":\"https:\\\/\\\/fireware.nl\\\/de\\\/#\\\/schema\\\/logo\\\/image\\\/\",\"url\":\"https:\\\/\\\/fireware.nl\\\/wp-content\\\/uploads\\\/2018\\\/10\\\/FireWare-logo.jpg\",\"contentUrl\":\"https:\\\/\\\/fireware.nl\\\/wp-content\\\/uploads\\\/2018\\\/10\\\/FireWare-logo.jpg\",\"width\":171,\"height\":70,\"caption\":\"FireWare\"},\"image\":{\"@id\":\"https:\\\/\\\/fireware.nl\\\/de\\\/#\\\/schema\\\/logo\\\/image\\\/\"},\"sameAs\":[\"https:\\\/\\\/www.facebook.com\\\/FireWareBV\\\/\",\"https:\\\/\\\/x.com\\\/FireWarebv\",\"https:\\\/\\\/www.instagram.com\\\/fireware_nl\\\/\",\"https:\\\/\\\/www.linkedin.com\\\/company\\\/3586017\\\/\",\"https:\\\/\\\/www.youtube.com\\\/user\\\/firesalesrentconsult\"]}]}<\/script>\n<!-- \/ Yoast SEO plugin. -->","yoast_head_json":{"title":"Explosionssimulator - FireWare","robots":{"index":"index","follow":"follow","max-snippet":"max-snippet:-1","max-image-preview":"max-image-preview:large","max-video-preview":"max-video-preview:-1"},"canonical":"https:\/\/fireware.nl\/de\/product\/explosionssimulator-2\/","og_locale":"de_DE","og_type":"article","og_title":"Explosionssimulator - FireWare","og_description":"Zusammensetzung:   1 x Explosionssimulator  1 x Fernsteuerung Explosionssimulator  1 x Akkupack  1 x Ladeger\u00e4t  1 x Verl\u00e4ngerung f\u00fcr Fass  1 Kunststoff-Transportkoffer 60 x 40 x 32,5 cm mit offenem Griff","og_url":"https:\/\/fireware.nl\/de\/product\/explosionssimulator-2\/","og_site_name":"FireWare","article_publisher":"https:\/\/www.facebook.com\/FireWareBV\/","article_modified_time":"2026-05-05T19:40:17+00:00","og_image":[{"width":600,"height":600,"url":"https:\/\/fireware.nl\/wp-content\/uploads\/2017\/08\/RST-704-105-Explosie-simulator.jpg","type":"image\/jpeg"}],"twitter_card":"summary_large_image","twitter_site":"@FireWarebv","twitter_misc":{"Gesch\u00e4tzte Lesezeit":"1\u00a0Minute"},"schema":{"@context":"https:\/\/schema.org","@graph":[{"@type":"WebPage","@id":"https:\/\/fireware.nl\/de\/product\/explosionssimulator-2\/","url":"https:\/\/fireware.nl\/de\/product\/explosionssimulator-2\/","name":"Explosionssimulator - FireWare","isPartOf":{"@id":"https:\/\/fireware.nl\/de\/#website"},"primaryImageOfPage":{"@id":"https:\/\/fireware.nl\/de\/product\/explosionssimulator-2\/#primaryimage"},"image":{"@id":"https:\/\/fireware.nl\/de\/product\/explosionssimulator-2\/#primaryimage"},"thumbnailUrl":"https:\/\/fireware.nl\/wp-content\/uploads\/2017\/08\/RST-704-105-Explosie-simulator.jpg","datePublished":"2021-09-21T13:41:44+00:00","dateModified":"2026-05-05T19:40:17+00:00","breadcrumb":{"@id":"https:\/\/fireware.nl\/de\/product\/explosionssimulator-2\/#breadcrumb"},"inLanguage":"de","potentialAction":[{"@type":"ReadAction","target":["https:\/\/fireware.nl\/de\/product\/explosionssimulator-2\/"]}]},{"@type":"ImageObject","inLanguage":"de","@id":"https:\/\/fireware.nl\/de\/product\/explosionssimulator-2\/#primaryimage","url":"https:\/\/fireware.nl\/wp-content\/uploads\/2017\/08\/RST-704-105-Explosie-simulator.jpg","contentUrl":"https:\/\/fireware.nl\/wp-content\/uploads\/2017\/08\/RST-704-105-Explosie-simulator.jpg","width":600,"height":600,"caption":"RST-704-105 Explosie simulator"},{"@type":"BreadcrumbList","@id":"https:\/\/fireware.nl\/de\/product\/explosionssimulator-2\/#breadcrumb","itemListElement":[{"@type":"ListItem","position":1,"name":"Home","item":"https:\/\/fireware.nl\/de\/"},{"@type":"ListItem","position":2,"name":"Produkte","item":"https:\/\/fireware.nl\/de\/produkte\/"},{"@type":"ListItem","position":3,"name":"Explosionssimulator"}]},{"@type":"WebSite","@id":"https:\/\/fireware.nl\/de\/#website","url":"https:\/\/fireware.nl\/de\/","name":"FireWare","description":"CREATING REALISTIC  TRAINING ENVIRONMENTS","publisher":{"@id":"https:\/\/fireware.nl\/de\/#organization"},"potentialAction":[{"@type":"SearchAction","target":{"@type":"EntryPoint","urlTemplate":"https:\/\/fireware.nl\/de\/?s={search_term_string}"},"query-input":{"@type":"PropertyValueSpecification","valueRequired":true,"valueName":"search_term_string"}}],"inLanguage":"de"},{"@type":"Organization","@id":"https:\/\/fireware.nl\/de\/#organization","name":"FireWare","url":"https:\/\/fireware.nl\/de\/","logo":{"@type":"ImageObject","inLanguage":"de","@id":"https:\/\/fireware.nl\/de\/#\/schema\/logo\/image\/","url":"https:\/\/fireware.nl\/wp-content\/uploads\/2018\/10\/FireWare-logo.jpg","contentUrl":"https:\/\/fireware.nl\/wp-content\/uploads\/2018\/10\/FireWare-logo.jpg","width":171,"height":70,"caption":"FireWare"},"image":{"@id":"https:\/\/fireware.nl\/de\/#\/schema\/logo\/image\/"},"sameAs":["https:\/\/www.facebook.com\/FireWareBV\/","https:\/\/x.com\/FireWarebv","https:\/\/www.instagram.com\/fireware_nl\/","https:\/\/www.linkedin.com\/company\/3586017\/","https:\/\/www.youtube.com\/user\/firesalesrentconsult"]}]}},"publishpress_future_workflow_manual_trigger":{"enabledWorkflows":[]},"_links":{"self":[{"href":"https:\/\/fireware.nl\/de\/wp-json\/wp\/v2\/product\/65598","targetHints":{"allow":["GET"]}}],"collection":[{"href":"https:\/\/fireware.nl\/de\/wp-json\/wp\/v2\/product"}],"about":[{"href":"https:\/\/fireware.nl\/de\/wp-json\/wp\/v2\/types\/product"}],"wp:featuredmedia":[{"embeddable":true,"href":"https:\/\/fireware.nl\/de\/wp-json\/wp\/v2\/media\/26134"}],"wp:attachment":[{"href":"https:\/\/fireware.nl\/de\/wp-json\/wp\/v2\/media?parent=65598"}],"wp:term":[{"taxonomy":"product_brand","embeddable":true,"href":"https:\/\/fireware.nl\/de\/wp-json\/wp\/v2\/product_brand?post=65598"},{"taxonomy":"product_cat","embeddable":true,"href":"https:\/\/fireware.nl\/de\/wp-json\/wp\/v2\/product_cat?post=65598"},{"taxonomy":"product_tag","embeddable":true,"href":"https:\/\/fireware.nl\/de\/wp-json\/wp\/v2\/product_tag?post=65598"}],"curies":[{"name":"wp","href":"https:\/\/api.w.org\/{rel}","templated":true}]}}