
{"id":65602,"date":"2021-09-21T13:42:20","date_gmt":"2021-09-21T13:42:20","guid":{"rendered":"https:\/\/fireware.nl\/product\/vesta-loschtrainer\/"},"modified":"2026-05-05T21:13:01","modified_gmt":"2026-05-05T21:13:01","slug":"vesta-loschtrainer","status":"publish","type":"product","link":"https:\/\/fireware.nl\/de\/product\/vesta-loschtrainer\/","title":{"rendered":"Vesta-L\u00f6schtrainer"},"content":{"rendered":"<h2>Leichter L\u00f6schtrainer, kein Wasser n\u00f6tig<\/h2>\n<p>Der Vesta von FireWare ist klein und kompakt, kann aber eine enorm gro\u00dfe Flamme erzeugen. Der L\u00f6schtrainer wiegt 21,4&#8217;kg und l\u00e4sst sich daher leicht heben. Ideal, wenn Sie eine \u00dcbung alleine aufbauen m\u00fcssen! Die Flammengr\u00f6\u00dfe l\u00e4sst sich mit dem Reduzierventil regeln. Ein Stromanschluss ist nicht n\u00f6tig, denn der Vesta funktioniert mit Akku und Gas. Wenn Sie selbst keine Gasflasche haben, k\u00f6nnen Sie diese separat dazumieten.<\/p>\n<p>Der Vesta wird f\u00fcr Praxisschulungen von Betriebsrettungsdiensten und solche mit kleinen L\u00f6schmitteln eingesetzt, aber auch zur Simulierung gr\u00f6\u00dferer Brandherde z.B. f\u00fcr Feuerwehrkorps sowie Flughafen- und Betriebsfeuerwehren.<\/p>\n<p>Um \u00dcbungen noch spannender und anspruchsvoller zu gestalten, k\u00f6nnen Sie diverse Aufs\u00e4tze und Zubeh\u00f6rteile mieten. F\u00fcr diese besitzt der Vesta einen speziellen Ausgang und eine separate Taste auf der Fernbedienung. So lassen sich Erschwernisse f\u00fcr die Kursteilnehmer einbauen.<\/p>\n<p>Der Vesta kann mit Wasser, Schaum und CO2 gel\u00f6scht werden. Das L\u00f6schen mit Pulver ist bei Mietger\u00e4ten nicht gestattet. Haben Sie viele Kursteilenehmer, die Sie mit einem kleinen L\u00f6schmittel \u00fcben lassen m\u00f6chten? Wie w\u00e4re es, das Neptune-Bef\u00fcllungssystem mit zugeh\u00f6rigen \u00dcbungsl\u00f6schern zu mieten?<\/p>\n","protected":false},"excerpt":{"rendered":"<h3>Zusammensetzung:<\/h3>\n<ul>\n<li>1 x Vesta L\u00f6schtrainer<\/li>\n<li>1 x Vesta-Fernbedienung<\/li>\n<li>1 x Gasschlauch Vesta<\/li>\n<li>1 x Vesta Ladeger\u00e4t<\/li>\n<li>1 x Kunststoff-Transportbox 60 x 40 x 44 cm mit offenem Griff und Schaumstoffeinsatz<\/li>\n<\/ul>\n","protected":false},"featured_media":65395,"template":"","meta":[],"product_brand":[],"product_cat":[2955,3010],"product_tag":[],"class_list":{"0":"post-65602","1":"product","2":"type-product","3":"status-publish","4":"has-post-thumbnail","6":"product_cat-loeschtrainer-de","7":"product_cat-vermietung","9":"first","10":"instock","11":"taxable","12":"shipping-taxable","13":"purchasable","14":"product-type-rentable"},"yoast_head":"<!-- This site is optimized with the Yoast SEO plugin v27.5 - https:\/\/yoast.com\/product\/yoast-seo-wordpress\/ -->\n<title>Vesta-L\u00f6schtrainer - FireWare<\/title>\n<meta name=\"robots\" content=\"index, follow, max-snippet:-1, max-image-preview:large, max-video-preview:-1\" \/>\n<link rel=\"canonical\" href=\"https:\/\/fireware.nl\/de\/product\/vesta-loschtrainer\/\" \/>\n<meta property=\"og:locale\" content=\"de_DE\" \/>\n<meta property=\"og:type\" content=\"article\" \/>\n<meta property=\"og:title\" content=\"Vesta-L\u00f6schtrainer - FireWare\" \/>\n<meta property=\"og:description\" content=\"Zusammensetzung:   1 x Vesta L\u00f6schtrainer  1 x Vesta-Fernbedienung  1 x Gasschlauch Vesta  1 x Vesta Ladeger\u00e4t  1 x Kunststoff-Transportbox 60 x 40 x 44 cm mit offenem Griff und Schaumstoffeinsatz\" \/>\n<meta property=\"og:url\" content=\"https:\/\/fireware.nl\/de\/product\/vesta-loschtrainer\/\" \/>\n<meta property=\"og:site_name\" content=\"FireWare\" \/>\n<meta property=\"article:publisher\" content=\"https:\/\/www.facebook.com\/FireWareBV\/\" \/>\n<meta property=\"article:modified_time\" content=\"2026-05-05T21:13:01+00:00\" \/>\n<meta property=\"og:image\" content=\"https:\/\/fireware.nl\/wp-content\/uploads\/2017\/08\/RST-709-101-Vesta-blustrainer.jpg\" \/>\n\t<meta property=\"og:image:width\" content=\"600\" \/>\n\t<meta property=\"og:image:height\" content=\"600\" \/>\n\t<meta property=\"og:image:type\" content=\"image\/jpeg\" \/>\n<meta name=\"twitter:card\" content=\"summary_large_image\" \/>\n<meta name=\"twitter:site\" content=\"@FireWarebv\" \/>\n<meta name=\"twitter:label1\" content=\"Gesch\u00e4tzte Lesezeit\" \/>\n\t<meta name=\"twitter:data1\" content=\"1\u00a0Minute\" \/>\n<script type=\"application\/ld+json\" class=\"yoast-schema-graph\">{\"@context\":\"https:\\\/\\\/schema.org\",\"@graph\":[{\"@type\":\"WebPage\",\"@id\":\"https:\\\/\\\/fireware.nl\\\/de\\\/product\\\/vesta-loschtrainer\\\/\",\"url\":\"https:\\\/\\\/fireware.nl\\\/de\\\/product\\\/vesta-loschtrainer\\\/\",\"name\":\"Vesta-L\u00f6schtrainer - FireWare\",\"isPartOf\":{\"@id\":\"https:\\\/\\\/fireware.nl\\\/de\\\/#website\"},\"primaryImageOfPage\":{\"@id\":\"https:\\\/\\\/fireware.nl\\\/de\\\/product\\\/vesta-loschtrainer\\\/#primaryimage\"},\"image\":{\"@id\":\"https:\\\/\\\/fireware.nl\\\/de\\\/product\\\/vesta-loschtrainer\\\/#primaryimage\"},\"thumbnailUrl\":\"https:\\\/\\\/fireware.nl\\\/wp-content\\\/uploads\\\/2021\\\/09\\\/RST-709-101-Vesta.jpg\",\"datePublished\":\"2021-09-21T13:42:20+00:00\",\"dateModified\":\"2026-05-05T21:13:01+00:00\",\"breadcrumb\":{\"@id\":\"https:\\\/\\\/fireware.nl\\\/de\\\/product\\\/vesta-loschtrainer\\\/#breadcrumb\"},\"inLanguage\":\"de\",\"potentialAction\":[{\"@type\":\"ReadAction\",\"target\":[\"https:\\\/\\\/fireware.nl\\\/de\\\/product\\\/vesta-loschtrainer\\\/\"]}]},{\"@type\":\"ImageObject\",\"inLanguage\":\"de\",\"@id\":\"https:\\\/\\\/fireware.nl\\\/de\\\/product\\\/vesta-loschtrainer\\\/#primaryimage\",\"url\":\"https:\\\/\\\/fireware.nl\\\/wp-content\\\/uploads\\\/2021\\\/09\\\/RST-709-101-Vesta.jpg\",\"contentUrl\":\"https:\\\/\\\/fireware.nl\\\/wp-content\\\/uploads\\\/2021\\\/09\\\/RST-709-101-Vesta.jpg\",\"width\":600,\"height\":600},{\"@type\":\"BreadcrumbList\",\"@id\":\"https:\\\/\\\/fireware.nl\\\/de\\\/product\\\/vesta-loschtrainer\\\/#breadcrumb\",\"itemListElement\":[{\"@type\":\"ListItem\",\"position\":1,\"name\":\"Home\",\"item\":\"https:\\\/\\\/fireware.nl\\\/de\\\/\"},{\"@type\":\"ListItem\",\"position\":2,\"name\":\"Produkte\",\"item\":\"https:\\\/\\\/fireware.nl\\\/de\\\/produkte\\\/\"},{\"@type\":\"ListItem\",\"position\":3,\"name\":\"Vesta-L\u00f6schtrainer\"}]},{\"@type\":\"WebSite\",\"@id\":\"https:\\\/\\\/fireware.nl\\\/de\\\/#website\",\"url\":\"https:\\\/\\\/fireware.nl\\\/de\\\/\",\"name\":\"FireWare\",\"description\":\"CREATING REALISTIC  TRAINING ENVIRONMENTS\",\"publisher\":{\"@id\":\"https:\\\/\\\/fireware.nl\\\/de\\\/#organization\"},\"potentialAction\":[{\"@type\":\"SearchAction\",\"target\":{\"@type\":\"EntryPoint\",\"urlTemplate\":\"https:\\\/\\\/fireware.nl\\\/de\\\/?s={search_term_string}\"},\"query-input\":{\"@type\":\"PropertyValueSpecification\",\"valueRequired\":true,\"valueName\":\"search_term_string\"}}],\"inLanguage\":\"de\"},{\"@type\":\"Organization\",\"@id\":\"https:\\\/\\\/fireware.nl\\\/de\\\/#organization\",\"name\":\"FireWare\",\"url\":\"https:\\\/\\\/fireware.nl\\\/de\\\/\",\"logo\":{\"@type\":\"ImageObject\",\"inLanguage\":\"de\",\"@id\":\"https:\\\/\\\/fireware.nl\\\/de\\\/#\\\/schema\\\/logo\\\/image\\\/\",\"url\":\"https:\\\/\\\/fireware.nl\\\/wp-content\\\/uploads\\\/2018\\\/10\\\/FireWare-logo.jpg\",\"contentUrl\":\"https:\\\/\\\/fireware.nl\\\/wp-content\\\/uploads\\\/2018\\\/10\\\/FireWare-logo.jpg\",\"width\":171,\"height\":70,\"caption\":\"FireWare\"},\"image\":{\"@id\":\"https:\\\/\\\/fireware.nl\\\/de\\\/#\\\/schema\\\/logo\\\/image\\\/\"},\"sameAs\":[\"https:\\\/\\\/www.facebook.com\\\/FireWareBV\\\/\",\"https:\\\/\\\/x.com\\\/FireWarebv\",\"https:\\\/\\\/www.instagram.com\\\/fireware_nl\\\/\",\"https:\\\/\\\/www.linkedin.com\\\/company\\\/3586017\\\/\",\"https:\\\/\\\/www.youtube.com\\\/user\\\/firesalesrentconsult\"]}]}<\/script>\n<!-- \/ Yoast SEO plugin. -->","yoast_head_json":{"title":"Vesta-L\u00f6schtrainer - FireWare","robots":{"index":"index","follow":"follow","max-snippet":"max-snippet:-1","max-image-preview":"max-image-preview:large","max-video-preview":"max-video-preview:-1"},"canonical":"https:\/\/fireware.nl\/de\/product\/vesta-loschtrainer\/","og_locale":"de_DE","og_type":"article","og_title":"Vesta-L\u00f6schtrainer - FireWare","og_description":"Zusammensetzung:   1 x Vesta L\u00f6schtrainer  1 x Vesta-Fernbedienung  1 x Gasschlauch Vesta  1 x Vesta Ladeger\u00e4t  1 x Kunststoff-Transportbox 60 x 40 x 44 cm mit offenem Griff und Schaumstoffeinsatz","og_url":"https:\/\/fireware.nl\/de\/product\/vesta-loschtrainer\/","og_site_name":"FireWare","article_publisher":"https:\/\/www.facebook.com\/FireWareBV\/","article_modified_time":"2026-05-05T21:13:01+00:00","og_image":[{"width":600,"height":600,"url":"https:\/\/fireware.nl\/wp-content\/uploads\/2017\/08\/RST-709-101-Vesta-blustrainer.jpg","type":"image\/jpeg"}],"twitter_card":"summary_large_image","twitter_site":"@FireWarebv","twitter_misc":{"Gesch\u00e4tzte Lesezeit":"1\u00a0Minute"},"schema":{"@context":"https:\/\/schema.org","@graph":[{"@type":"WebPage","@id":"https:\/\/fireware.nl\/de\/product\/vesta-loschtrainer\/","url":"https:\/\/fireware.nl\/de\/product\/vesta-loschtrainer\/","name":"Vesta-L\u00f6schtrainer - FireWare","isPartOf":{"@id":"https:\/\/fireware.nl\/de\/#website"},"primaryImageOfPage":{"@id":"https:\/\/fireware.nl\/de\/product\/vesta-loschtrainer\/#primaryimage"},"image":{"@id":"https:\/\/fireware.nl\/de\/product\/vesta-loschtrainer\/#primaryimage"},"thumbnailUrl":"https:\/\/fireware.nl\/wp-content\/uploads\/2021\/09\/RST-709-101-Vesta.jpg","datePublished":"2021-09-21T13:42:20+00:00","dateModified":"2026-05-05T21:13:01+00:00","breadcrumb":{"@id":"https:\/\/fireware.nl\/de\/product\/vesta-loschtrainer\/#breadcrumb"},"inLanguage":"de","potentialAction":[{"@type":"ReadAction","target":["https:\/\/fireware.nl\/de\/product\/vesta-loschtrainer\/"]}]},{"@type":"ImageObject","inLanguage":"de","@id":"https:\/\/fireware.nl\/de\/product\/vesta-loschtrainer\/#primaryimage","url":"https:\/\/fireware.nl\/wp-content\/uploads\/2021\/09\/RST-709-101-Vesta.jpg","contentUrl":"https:\/\/fireware.nl\/wp-content\/uploads\/2021\/09\/RST-709-101-Vesta.jpg","width":600,"height":600},{"@type":"BreadcrumbList","@id":"https:\/\/fireware.nl\/de\/product\/vesta-loschtrainer\/#breadcrumb","itemListElement":[{"@type":"ListItem","position":1,"name":"Home","item":"https:\/\/fireware.nl\/de\/"},{"@type":"ListItem","position":2,"name":"Produkte","item":"https:\/\/fireware.nl\/de\/produkte\/"},{"@type":"ListItem","position":3,"name":"Vesta-L\u00f6schtrainer"}]},{"@type":"WebSite","@id":"https:\/\/fireware.nl\/de\/#website","url":"https:\/\/fireware.nl\/de\/","name":"FireWare","description":"CREATING REALISTIC  TRAINING ENVIRONMENTS","publisher":{"@id":"https:\/\/fireware.nl\/de\/#organization"},"potentialAction":[{"@type":"SearchAction","target":{"@type":"EntryPoint","urlTemplate":"https:\/\/fireware.nl\/de\/?s={search_term_string}"},"query-input":{"@type":"PropertyValueSpecification","valueRequired":true,"valueName":"search_term_string"}}],"inLanguage":"de"},{"@type":"Organization","@id":"https:\/\/fireware.nl\/de\/#organization","name":"FireWare","url":"https:\/\/fireware.nl\/de\/","logo":{"@type":"ImageObject","inLanguage":"de","@id":"https:\/\/fireware.nl\/de\/#\/schema\/logo\/image\/","url":"https:\/\/fireware.nl\/wp-content\/uploads\/2018\/10\/FireWare-logo.jpg","contentUrl":"https:\/\/fireware.nl\/wp-content\/uploads\/2018\/10\/FireWare-logo.jpg","width":171,"height":70,"caption":"FireWare"},"image":{"@id":"https:\/\/fireware.nl\/de\/#\/schema\/logo\/image\/"},"sameAs":["https:\/\/www.facebook.com\/FireWareBV\/","https:\/\/x.com\/FireWarebv","https:\/\/www.instagram.com\/fireware_nl\/","https:\/\/www.linkedin.com\/company\/3586017\/","https:\/\/www.youtube.com\/user\/firesalesrentconsult"]}]}},"publishpress_future_workflow_manual_trigger":{"enabledWorkflows":[]},"_links":{"self":[{"href":"https:\/\/fireware.nl\/de\/wp-json\/wp\/v2\/product\/65602","targetHints":{"allow":["GET"]}}],"collection":[{"href":"https:\/\/fireware.nl\/de\/wp-json\/wp\/v2\/product"}],"about":[{"href":"https:\/\/fireware.nl\/de\/wp-json\/wp\/v2\/types\/product"}],"wp:featuredmedia":[{"embeddable":true,"href":"https:\/\/fireware.nl\/de\/wp-json\/wp\/v2\/media\/65395"}],"wp:attachment":[{"href":"https:\/\/fireware.nl\/de\/wp-json\/wp\/v2\/media?parent=65602"}],"wp:term":[{"taxonomy":"product_brand","embeddable":true,"href":"https:\/\/fireware.nl\/de\/wp-json\/wp\/v2\/product_brand?post=65602"},{"taxonomy":"product_cat","embeddable":true,"href":"https:\/\/fireware.nl\/de\/wp-json\/wp\/v2\/product_cat?post=65602"},{"taxonomy":"product_tag","embeddable":true,"href":"https:\/\/fireware.nl\/de\/wp-json\/wp\/v2\/product_tag?post=65602"}],"curies":[{"name":"wp","href":"https:\/\/api.w.org\/{rel}","templated":true}]}}