
{"id":67306,"date":"2021-11-02T09:45:25","date_gmt":"2021-11-02T09:45:25","guid":{"rendered":"https:\/\/fireware.nl\/product\/black-smoke-blinding-mask\/"},"modified":"2022-09-16T14:50:16","modified_gmt":"2022-09-16T14:50:16","slug":"black-smoke-blinding-mask","status":"publish","type":"product","link":"https:\/\/fireware.nl\/de\/product\/black-smoke-blinding-mask\/","title":{"rendered":"Black Smoke Blinding Mask"},"content":{"rendered":"\n\n\t<h2>Die realistische Blindmaske f\u00fcr Feuerwehr und Werkschutzmitarbeiter<\/h2>\n<p>Die Black Smoke Blinding Mask von FireWare schr\u00e4nkt die visuelle Wahrnehmung des Lehrgangsteilnehmers ein. Die Maske kann sowohl \u00fcber dem Kopf als auch \u00fcber einer Atemluftmaske getragen werden. Blindmasken gibt es schon l\u00e4nger. Aber die Einzigartigkeit dieser bestimmten Blindmaske besteht darin, dass sie eine tiefdunkle Rauchschicht simuliert, durch die das Gl\u00fchen einer Glut aber immer noch zu sehen ist. Ideal f\u00fcr Atemluft\u00fcbungen!<\/p>\n<p>Diese Blindmaske ist ein praktisches Hilfsmittel f\u00fcr die Feuerwehr. Vor allem in Situationen, in denen der Einsatz von \u00dcbungsrauch nicht w\u00fcnschenswert ist. Dabei k\u00f6nnen an \u00d6rtlichkeiten denken, an denen Lebensmittel verarbeitet werden. Aber auch an industrielle ATEX-Umgebungen. Dann wird kein \u00dcbungsrauch verwendet. Damit wird die Sicht des Sch\u00fclers doch erheblich eingeschr\u00e4nkt.<\/p>\n<h2>Blindmasken zur Simulation von dunklem Rauch<\/h2>\n<p>Bei einer Atemluft\u00fcbung wird ein Raum oft komplett verraucht. Dabei ist es dann f\u00fcr einen Ausbilder nicht wirklich m\u00f6glich, den Sch\u00fcler dabei zu beobachten und ein Feedback zu geben. Bei dieser Blindmaske ist es nicht notwendig, alles mit \u00dcbungsrauch zu vernebeln. Der Lehrgangsteilnehmer hat ein realistisches Raucherlebnis, vollst\u00e4ndig mit schwarzem Rauch. Und der Brandherd: der ist immer noch zu lokalisieren. Dies steht im Gegensatz zu einer 0-Sicht-Blindmaske.<\/p>\n<h2>F\u00fcr den Einsatz mit allen Atemschutzmasken geeignet<\/h2>\n<p>Diese Blindmaske ist ideal f\u00fcr Feuerwehr\u00fcbungen. Vor allem, weil der Lehrgangsteilnehmer die Maske einfach \u00fcber einer Atemluftmaske tr\u00e4gt. Diese Maske ist f\u00fcr alle g\u00e4ngigen Atemschutzmaskenmarken geeignet wie MSA, DR\u00c4GER und INTERSPIRO.<\/p>\n<p>Sie k\u00f6nnen die Maske auch direkt um den Kopf binden. Dann k\u00f6nnen Sie zum Beispiel Teammitglieder erleben lassen, wie schnell sie ohne Sicht von einer Geraden abweichen. Oder wie es ist, den ohne Sicht einen Ausgang zu suchen. Die Blindmaske wird mit einem Klettverschluss geschlossen. Es gilt: eine Gr\u00f6\u00dfe f\u00fcr alle!<\/p>\n<p>Auch f\u00fcr den \u00dcbungsleiter ist die Blindmaske \u00e4u\u00dferst praktisch. Es ist keine lange Vorbereitungszeit n\u00f6tig. Einfach die Maske mitnehmen und fertig! Zudem muss die Brandmeldeanlage nicht ausgeschaltet werden und ein Abmelden aus der Leitwarte ist auch nicht notwendig.<\/p>\n<h2>Leicht zu reinigen<\/h2>\n<p>Bei der Entwicklung dieser komplett neuen Blindmaske wurde viel Wert auf die regelm\u00e4\u00dfige Reinigung gelegt. Dadurch, dass die Maske an den Seiten nicht ges\u00e4umt, sondern \u201eflach&#8221; belassen wird, ist es viel einfacher, die Maske mit einem Desinfektionstuch zu desinfizieren. In dieser Zeit ist das eine Wohltat! Das speziell daf\u00fcr ausgew\u00e4hlte Material verhindert zudem ein Ausfransen der Maske. Das Beste aus zwei Welten.<\/p>\n<h2>Wollen Sie ein \u00fcberraschendes oder mal ein anderes Raucherlebnis inszenieren?<\/h2>\n<p>M\u00f6chten Sie Ihrem Sch\u00fcler mal ein ganz anderes Raucherlebnis bieten? Dann versuchen Sie es mit <a href=\"https:\/\/fireware.nl\/de\/product\/ar-nebula-blindmaske\/\" target=\"_blank\" rel=\"noopener\">FireWare Nebula AR<\/a>. Diese High-Tech-Maske ist mit einem LCD-Bildschirm ausgestattet. Sie k\u00f6nnen 6 verschiedene Rauchst\u00e4rken projizieren. Der Ausbilder steuert die Masken mithilfe der mitgelieferten Fernbedienung aus der Ferne. Ideal f\u00fcr ein noch realistischeres und dynamischeres Raucherlebnis ohne echten Rauch.<\/p>\n<p>Ben\u00f6tigen Sie eine leichtere Simulation mit wei\u00dfem Rauch? Oder eher eine traditionelle Blindmaske? Dann werfen Sie einen Blick auf die <a href=\"https:\/\/fireware.nl\/de\/produkt\/blindmaske-hilfeleistende\/\" target=\"_blank\" rel=\"noopener\">Blindmaske Hilfeleistende<\/a>. Diese Maske kann direkt \u00fcber dem Kopf getragen werden, passt aber auch \u00fcber eine Atemluftmaske.<\/p>\n\t<iframe loading=\"lazy\" width=\"560\" height=\"315\" src=\"https:\/\/www.youtube.com\/embed\/LtKtbW-Ebw8?rel=0\" title=\"YouTube video player\" frameborder=\"0\" allow=\"accelerometer; autoplay; clipboard-write; encrypted-media; gyroscope; picture-in-picture\" allowfullscreen><\/iframe>\n\n","protected":false},"excerpt":{"rendered":"<ul>\n<li>Maske zur Einschr\u00e4nkung der Sicht.<\/li>\n<li>Simuliert eine tiefdunkle Rauchschicht durch die noch der Schein einer Glut sichtbar bleibt.<\/li>\n<li>F\u00fcr \u00dcbungssituationen, in denen Rauch nicht verwendet werden kann.<\/li>\n<li>Passend f\u00fcr alle g\u00e4ngigen Atemschutzmaskenmarken, auch direkt um den Kopf zu binden.<\/li>\n<li>Leicht zu reinigen, desinfektions- und reinigungsmittelbest\u00e4ndig.<\/li>\n<\/ul>\n","protected":false},"featured_media":66907,"template":"","meta":[],"product_brand":[],"product_cat":[89],"product_tag":[],"class_list":{"0":"post-67306","1":"product","2":"type-product","3":"status-publish","4":"has-post-thumbnail","6":"product_cat-nebel-alternative","8":"first","9":"instock","10":"taxable","11":"shipping-taxable","12":"purchasable","13":"product-type-simple"},"yoast_head":"<!-- This site is optimized with the Yoast SEO plugin v27.5 - https:\/\/yoast.com\/product\/yoast-seo-wordpress\/ -->\n<title>Black Smoke Blinding Mask - FireWare<\/title>\n<meta name=\"robots\" content=\"index, follow, max-snippet:-1, max-image-preview:large, max-video-preview:-1\" \/>\n<link rel=\"canonical\" href=\"https:\/\/fireware.nl\/de\/product\/black-smoke-blinding-mask\/\" \/>\n<meta property=\"og:locale\" content=\"de_DE\" \/>\n<meta property=\"og:type\" content=\"article\" \/>\n<meta property=\"og:title\" content=\"Black Smoke Blinding Mask - FireWare\" \/>\n<meta property=\"og:description\" content=\"Maske zur Einschr\u00e4nkung der Sicht. Simuliert eine tiefdunkle Rauchschicht durch die noch der Schein einer Glut sichtbar bleibt. F\u00fcr \u00dcbungssituationen, in denen Rauch nicht verwendet werden kann. Passend f\u00fcr alle g\u00e4ngigen Atemschutzmaskenmarken, auch direkt um den Kopf zu binden. Leicht zu reinigen, desinfektions- und reinigungsmittelbest\u00e4ndig.\" \/>\n<meta property=\"og:url\" content=\"https:\/\/fireware.nl\/de\/product\/black-smoke-blinding-mask\/\" \/>\n<meta property=\"og:site_name\" content=\"FireWare\" \/>\n<meta property=\"article:publisher\" content=\"https:\/\/www.facebook.com\/FireWareBV\/\" \/>\n<meta property=\"article:modified_time\" content=\"2022-09-16T14:50:16+00:00\" \/>\n<meta property=\"og:image\" content=\"https:\/\/fireware.nl\/wp-content\/uploads\/2021\/11\/025-021-011-Blindmasker-close-up-1.jpg\" \/>\n\t<meta property=\"og:image:width\" content=\"600\" \/>\n\t<meta property=\"og:image:height\" content=\"600\" \/>\n\t<meta property=\"og:image:type\" content=\"image\/jpeg\" \/>\n<meta name=\"twitter:card\" content=\"summary_large_image\" \/>\n<meta name=\"twitter:site\" content=\"@FireWarebv\" \/>\n<meta name=\"twitter:label1\" content=\"Gesch\u00e4tzte Lesezeit\" \/>\n\t<meta name=\"twitter:data1\" content=\"3\u00a0Minuten\" \/>\n<script type=\"application\/ld+json\" class=\"yoast-schema-graph\">{\"@context\":\"https:\\\/\\\/schema.org\",\"@graph\":[{\"@type\":\"WebPage\",\"@id\":\"https:\\\/\\\/fireware.nl\\\/de\\\/product\\\/black-smoke-blinding-mask\\\/\",\"url\":\"https:\\\/\\\/fireware.nl\\\/de\\\/product\\\/black-smoke-blinding-mask\\\/\",\"name\":\"Black Smoke Blinding Mask - FireWare\",\"isPartOf\":{\"@id\":\"https:\\\/\\\/fireware.nl\\\/de\\\/#website\"},\"primaryImageOfPage\":{\"@id\":\"https:\\\/\\\/fireware.nl\\\/de\\\/product\\\/black-smoke-blinding-mask\\\/#primaryimage\"},\"image\":{\"@id\":\"https:\\\/\\\/fireware.nl\\\/de\\\/product\\\/black-smoke-blinding-mask\\\/#primaryimage\"},\"thumbnailUrl\":\"https:\\\/\\\/fireware.nl\\\/wp-content\\\/uploads\\\/2021\\\/11\\\/025-021-011-Blindmasker-close-up-1.jpg\",\"datePublished\":\"2021-11-02T09:45:25+00:00\",\"dateModified\":\"2022-09-16T14:50:16+00:00\",\"breadcrumb\":{\"@id\":\"https:\\\/\\\/fireware.nl\\\/de\\\/product\\\/black-smoke-blinding-mask\\\/#breadcrumb\"},\"inLanguage\":\"de\",\"potentialAction\":[{\"@type\":\"ReadAction\",\"target\":[\"https:\\\/\\\/fireware.nl\\\/de\\\/product\\\/black-smoke-blinding-mask\\\/\"]}]},{\"@type\":\"ImageObject\",\"inLanguage\":\"de\",\"@id\":\"https:\\\/\\\/fireware.nl\\\/de\\\/product\\\/black-smoke-blinding-mask\\\/#primaryimage\",\"url\":\"https:\\\/\\\/fireware.nl\\\/wp-content\\\/uploads\\\/2021\\\/11\\\/025-021-011-Blindmasker-close-up-1.jpg\",\"contentUrl\":\"https:\\\/\\\/fireware.nl\\\/wp-content\\\/uploads\\\/2021\\\/11\\\/025-021-011-Blindmasker-close-up-1.jpg\",\"width\":600,\"height\":600},{\"@type\":\"BreadcrumbList\",\"@id\":\"https:\\\/\\\/fireware.nl\\\/de\\\/product\\\/black-smoke-blinding-mask\\\/#breadcrumb\",\"itemListElement\":[{\"@type\":\"ListItem\",\"position\":1,\"name\":\"Home\",\"item\":\"https:\\\/\\\/fireware.nl\\\/de\\\/\"},{\"@type\":\"ListItem\",\"position\":2,\"name\":\"Produkte\",\"item\":\"https:\\\/\\\/fireware.nl\\\/de\\\/produkte\\\/\"},{\"@type\":\"ListItem\",\"position\":3,\"name\":\"Black Smoke Blinding Mask\"}]},{\"@type\":\"WebSite\",\"@id\":\"https:\\\/\\\/fireware.nl\\\/de\\\/#website\",\"url\":\"https:\\\/\\\/fireware.nl\\\/de\\\/\",\"name\":\"FireWare\",\"description\":\"CREATING REALISTIC  TRAINING ENVIRONMENTS\",\"publisher\":{\"@id\":\"https:\\\/\\\/fireware.nl\\\/de\\\/#organization\"},\"potentialAction\":[{\"@type\":\"SearchAction\",\"target\":{\"@type\":\"EntryPoint\",\"urlTemplate\":\"https:\\\/\\\/fireware.nl\\\/de\\\/?s={search_term_string}\"},\"query-input\":{\"@type\":\"PropertyValueSpecification\",\"valueRequired\":true,\"valueName\":\"search_term_string\"}}],\"inLanguage\":\"de\"},{\"@type\":\"Organization\",\"@id\":\"https:\\\/\\\/fireware.nl\\\/de\\\/#organization\",\"name\":\"FireWare\",\"url\":\"https:\\\/\\\/fireware.nl\\\/de\\\/\",\"logo\":{\"@type\":\"ImageObject\",\"inLanguage\":\"de\",\"@id\":\"https:\\\/\\\/fireware.nl\\\/de\\\/#\\\/schema\\\/logo\\\/image\\\/\",\"url\":\"https:\\\/\\\/fireware.nl\\\/wp-content\\\/uploads\\\/2018\\\/10\\\/FireWare-logo.jpg\",\"contentUrl\":\"https:\\\/\\\/fireware.nl\\\/wp-content\\\/uploads\\\/2018\\\/10\\\/FireWare-logo.jpg\",\"width\":171,\"height\":70,\"caption\":\"FireWare\"},\"image\":{\"@id\":\"https:\\\/\\\/fireware.nl\\\/de\\\/#\\\/schema\\\/logo\\\/image\\\/\"},\"sameAs\":[\"https:\\\/\\\/www.facebook.com\\\/FireWareBV\\\/\",\"https:\\\/\\\/x.com\\\/FireWarebv\",\"https:\\\/\\\/www.instagram.com\\\/fireware_nl\\\/\",\"https:\\\/\\\/www.linkedin.com\\\/company\\\/3586017\\\/\",\"https:\\\/\\\/www.youtube.com\\\/user\\\/firesalesrentconsult\"]}]}<\/script>\n<!-- \/ Yoast SEO plugin. -->","yoast_head_json":{"title":"Black Smoke Blinding Mask - FireWare","robots":{"index":"index","follow":"follow","max-snippet":"max-snippet:-1","max-image-preview":"max-image-preview:large","max-video-preview":"max-video-preview:-1"},"canonical":"https:\/\/fireware.nl\/de\/product\/black-smoke-blinding-mask\/","og_locale":"de_DE","og_type":"article","og_title":"Black Smoke Blinding Mask - FireWare","og_description":"Maske zur Einschr\u00e4nkung der Sicht. Simuliert eine tiefdunkle Rauchschicht durch die noch der Schein einer Glut sichtbar bleibt. F\u00fcr \u00dcbungssituationen, in denen Rauch nicht verwendet werden kann. Passend f\u00fcr alle g\u00e4ngigen Atemschutzmaskenmarken, auch direkt um den Kopf zu binden. Leicht zu reinigen, desinfektions- und reinigungsmittelbest\u00e4ndig.","og_url":"https:\/\/fireware.nl\/de\/product\/black-smoke-blinding-mask\/","og_site_name":"FireWare","article_publisher":"https:\/\/www.facebook.com\/FireWareBV\/","article_modified_time":"2022-09-16T14:50:16+00:00","og_image":[{"width":600,"height":600,"url":"https:\/\/fireware.nl\/wp-content\/uploads\/2021\/11\/025-021-011-Blindmasker-close-up-1.jpg","type":"image\/jpeg"}],"twitter_card":"summary_large_image","twitter_site":"@FireWarebv","twitter_misc":{"Gesch\u00e4tzte Lesezeit":"3\u00a0Minuten"},"schema":{"@context":"https:\/\/schema.org","@graph":[{"@type":"WebPage","@id":"https:\/\/fireware.nl\/de\/product\/black-smoke-blinding-mask\/","url":"https:\/\/fireware.nl\/de\/product\/black-smoke-blinding-mask\/","name":"Black Smoke Blinding Mask - FireWare","isPartOf":{"@id":"https:\/\/fireware.nl\/de\/#website"},"primaryImageOfPage":{"@id":"https:\/\/fireware.nl\/de\/product\/black-smoke-blinding-mask\/#primaryimage"},"image":{"@id":"https:\/\/fireware.nl\/de\/product\/black-smoke-blinding-mask\/#primaryimage"},"thumbnailUrl":"https:\/\/fireware.nl\/wp-content\/uploads\/2021\/11\/025-021-011-Blindmasker-close-up-1.jpg","datePublished":"2021-11-02T09:45:25+00:00","dateModified":"2022-09-16T14:50:16+00:00","breadcrumb":{"@id":"https:\/\/fireware.nl\/de\/product\/black-smoke-blinding-mask\/#breadcrumb"},"inLanguage":"de","potentialAction":[{"@type":"ReadAction","target":["https:\/\/fireware.nl\/de\/product\/black-smoke-blinding-mask\/"]}]},{"@type":"ImageObject","inLanguage":"de","@id":"https:\/\/fireware.nl\/de\/product\/black-smoke-blinding-mask\/#primaryimage","url":"https:\/\/fireware.nl\/wp-content\/uploads\/2021\/11\/025-021-011-Blindmasker-close-up-1.jpg","contentUrl":"https:\/\/fireware.nl\/wp-content\/uploads\/2021\/11\/025-021-011-Blindmasker-close-up-1.jpg","width":600,"height":600},{"@type":"BreadcrumbList","@id":"https:\/\/fireware.nl\/de\/product\/black-smoke-blinding-mask\/#breadcrumb","itemListElement":[{"@type":"ListItem","position":1,"name":"Home","item":"https:\/\/fireware.nl\/de\/"},{"@type":"ListItem","position":2,"name":"Produkte","item":"https:\/\/fireware.nl\/de\/produkte\/"},{"@type":"ListItem","position":3,"name":"Black Smoke Blinding Mask"}]},{"@type":"WebSite","@id":"https:\/\/fireware.nl\/de\/#website","url":"https:\/\/fireware.nl\/de\/","name":"FireWare","description":"CREATING REALISTIC  TRAINING ENVIRONMENTS","publisher":{"@id":"https:\/\/fireware.nl\/de\/#organization"},"potentialAction":[{"@type":"SearchAction","target":{"@type":"EntryPoint","urlTemplate":"https:\/\/fireware.nl\/de\/?s={search_term_string}"},"query-input":{"@type":"PropertyValueSpecification","valueRequired":true,"valueName":"search_term_string"}}],"inLanguage":"de"},{"@type":"Organization","@id":"https:\/\/fireware.nl\/de\/#organization","name":"FireWare","url":"https:\/\/fireware.nl\/de\/","logo":{"@type":"ImageObject","inLanguage":"de","@id":"https:\/\/fireware.nl\/de\/#\/schema\/logo\/image\/","url":"https:\/\/fireware.nl\/wp-content\/uploads\/2018\/10\/FireWare-logo.jpg","contentUrl":"https:\/\/fireware.nl\/wp-content\/uploads\/2018\/10\/FireWare-logo.jpg","width":171,"height":70,"caption":"FireWare"},"image":{"@id":"https:\/\/fireware.nl\/de\/#\/schema\/logo\/image\/"},"sameAs":["https:\/\/www.facebook.com\/FireWareBV\/","https:\/\/x.com\/FireWarebv","https:\/\/www.instagram.com\/fireware_nl\/","https:\/\/www.linkedin.com\/company\/3586017\/","https:\/\/www.youtube.com\/user\/firesalesrentconsult"]}]}},"publishpress_future_workflow_manual_trigger":{"enabledWorkflows":[]},"_links":{"self":[{"href":"https:\/\/fireware.nl\/de\/wp-json\/wp\/v2\/product\/67306","targetHints":{"allow":["GET"]}}],"collection":[{"href":"https:\/\/fireware.nl\/de\/wp-json\/wp\/v2\/product"}],"about":[{"href":"https:\/\/fireware.nl\/de\/wp-json\/wp\/v2\/types\/product"}],"wp:featuredmedia":[{"embeddable":true,"href":"https:\/\/fireware.nl\/de\/wp-json\/wp\/v2\/media\/66907"}],"wp:attachment":[{"href":"https:\/\/fireware.nl\/de\/wp-json\/wp\/v2\/media?parent=67306"}],"wp:term":[{"taxonomy":"product_brand","embeddable":true,"href":"https:\/\/fireware.nl\/de\/wp-json\/wp\/v2\/product_brand?post=67306"},{"taxonomy":"product_cat","embeddable":true,"href":"https:\/\/fireware.nl\/de\/wp-json\/wp\/v2\/product_cat?post=67306"},{"taxonomy":"product_tag","embeddable":true,"href":"https:\/\/fireware.nl\/de\/wp-json\/wp\/v2\/product_tag?post=67306"}],"curies":[{"name":"wp","href":"https:\/\/api.w.org\/{rel}","templated":true}]}}