
{"id":67897,"date":"2021-11-17T13:55:00","date_gmt":"2021-11-17T13:55:00","guid":{"rendered":"https:\/\/fireware.nl\/product\/nimbo-aufhange-und-schutzbugel\/"},"modified":"2022-01-24T10:58:10","modified_gmt":"2022-01-24T10:58:10","slug":"nimbo-aufhange-und-schutzbugel","status":"publish","type":"product","link":"https:\/\/fireware.nl\/de\/product\/nimbo-aufhange-und-schutzbugel\/","title":{"rendered":"Nimbo Aufh\u00e4nge- und Schutzb\u00fcgel"},"content":{"rendered":"\n\n\t<h2>Befestigen Sie Ihre Nebelmaschine an der Wand<\/h2>\n<p>Viele Ausbildungszentren stellen die <a href=\"https:\/\/fireware.nl\/de\/produkt\/nebelmaschine-nimbo\/\" target=\"_blank\" rel=\"noopener\">Nebelmaschine Nimbo<\/a> gerne hoch im \u00dcbungsraum auf. Auf diese Weise ist die Nebelmaschine Nimbo gut gesch\u00fctzt und die Rauchschicht wird hoch in den Szenarioraum eingebracht.<\/p>\n<p>Mit diesem Aufh\u00e4ngeb\u00fcgel l\u00e4sst sich die Nebelmaschine Nimbo problemlos in der H\u00f6he platzieren. Die Rauchmaschine l\u00e4sst sich ganz einfach ohne Werkzeug aus der Halterung nehmen, um sie beispielsweise nachzuf\u00fcllen. Ideal!<\/p>\n<p>Wenn die Nimbo aber unten im Raum platziert wird, kann der Aufh\u00e4ngeb\u00fcgel als zus\u00e4tzliche Schutzh\u00fclle genutzt werden. Ideal f\u00fcr einen zus\u00e4tzlichen Schutz des Ger\u00e4ts, zum Beispiel beim Laufen mit Atemluftausr\u00fcstung. So k\u00f6nnen die Lehrgangsteilnehmer nicht \u00fcber das Ger\u00e4t stolpern.<\/p>\n<p>Der Aufh\u00e4ngeb\u00fcgel ist aus hochwertigem Edelstahl gefertigt und l\u00e4sst sich einfach an der Wand anbringen. Das geht ganz einfach mit den mitgelieferten Schrauben und D\u00fcbeln, die zur Wand des Raumes passen.<\/p>\n\n","protected":false},"excerpt":{"rendered":"<ul>\n<li>Wandmontage f\u00fcr die FireWare Nimbo Rauchmaschine<\/li>\n<li>Oben und unten zu platzieren<\/li>\n<li>Halten Sie den \u00dcbungsraum frei<\/li>\n<li>Hergestellt aus rostfreiem Edelstahl<\/li>\n<\/ul>\n","protected":false},"featured_media":67722,"template":"","meta":[],"product_brand":[],"product_cat":[83],"product_tag":[],"class_list":{"0":"post-67897","1":"product","2":"type-product","3":"status-publish","4":"has-post-thumbnail","6":"product_cat-extras-fuer-nebelmaschinen","8":"first","9":"instock","10":"taxable","11":"shipping-taxable","12":"purchasable","13":"product-type-simple"},"yoast_head":"<!-- This site is optimized with the Yoast SEO plugin v27.5 - https:\/\/yoast.com\/product\/yoast-seo-wordpress\/ -->\n<title>Nimbo Aufh\u00e4nge- und Schutzb\u00fcgel - FireWare<\/title>\n<meta name=\"robots\" content=\"index, follow, max-snippet:-1, max-image-preview:large, max-video-preview:-1\" \/>\n<link rel=\"canonical\" href=\"https:\/\/fireware.nl\/de\/product\/nimbo-aufhange-und-schutzbugel\/\" \/>\n<meta property=\"og:locale\" content=\"de_DE\" \/>\n<meta property=\"og:type\" content=\"article\" \/>\n<meta property=\"og:title\" content=\"Nimbo Aufh\u00e4nge- und Schutzb\u00fcgel - FireWare\" \/>\n<meta property=\"og:description\" content=\"Wandmontage f\u00fcr die FireWare Nimbo Rauchmaschine  Oben und unten zu platzieren  Halten Sie den \u00dcbungsraum frei  Hergestellt aus rostfreiem Edelstahl\" \/>\n<meta property=\"og:url\" content=\"https:\/\/fireware.nl\/de\/product\/nimbo-aufhange-und-schutzbugel\/\" \/>\n<meta property=\"og:site_name\" content=\"FireWare\" \/>\n<meta property=\"article:publisher\" content=\"https:\/\/www.facebook.com\/FireWareBV\/\" \/>\n<meta property=\"article:modified_time\" content=\"2022-01-24T10:58:10+00:00\" \/>\n<meta property=\"og:image\" content=\"https:\/\/fireware.nl\/wp-content\/uploads\/2021\/11\/Nimbo-ophangbeugel.jpg\" \/>\n<meta name=\"twitter:card\" content=\"summary_large_image\" \/>\n<meta name=\"twitter:site\" content=\"@FireWarebv\" \/>\n<meta name=\"twitter:label1\" content=\"Gesch\u00e4tzte Lesezeit\" \/>\n\t<meta name=\"twitter:data1\" content=\"1\u00a0Minute\" \/>\n<script type=\"application\/ld+json\" class=\"yoast-schema-graph\">{\"@context\":\"https:\\\/\\\/schema.org\",\"@graph\":[{\"@type\":\"WebPage\",\"@id\":\"https:\\\/\\\/fireware.nl\\\/de\\\/product\\\/nimbo-aufhange-und-schutzbugel\\\/\",\"url\":\"https:\\\/\\\/fireware.nl\\\/de\\\/product\\\/nimbo-aufhange-und-schutzbugel\\\/\",\"name\":\"Nimbo Aufh\u00e4nge- und Schutzb\u00fcgel - FireWare\",\"isPartOf\":{\"@id\":\"https:\\\/\\\/fireware.nl\\\/de\\\/#website\"},\"primaryImageOfPage\":{\"@id\":\"https:\\\/\\\/fireware.nl\\\/de\\\/product\\\/nimbo-aufhange-und-schutzbugel\\\/#primaryimage\"},\"image\":{\"@id\":\"https:\\\/\\\/fireware.nl\\\/de\\\/product\\\/nimbo-aufhange-und-schutzbugel\\\/#primaryimage\"},\"thumbnailUrl\":\"https:\\\/\\\/fireware.nl\\\/wp-content\\\/uploads\\\/2021\\\/11\\\/008-004-010-Nimbo-ophangbeugel.jpg\",\"datePublished\":\"2021-11-17T13:55:00+00:00\",\"dateModified\":\"2022-01-24T10:58:10+00:00\",\"breadcrumb\":{\"@id\":\"https:\\\/\\\/fireware.nl\\\/de\\\/product\\\/nimbo-aufhange-und-schutzbugel\\\/#breadcrumb\"},\"inLanguage\":\"de\",\"potentialAction\":[{\"@type\":\"ReadAction\",\"target\":[\"https:\\\/\\\/fireware.nl\\\/de\\\/product\\\/nimbo-aufhange-und-schutzbugel\\\/\"]}]},{\"@type\":\"ImageObject\",\"inLanguage\":\"de\",\"@id\":\"https:\\\/\\\/fireware.nl\\\/de\\\/product\\\/nimbo-aufhange-und-schutzbugel\\\/#primaryimage\",\"url\":\"https:\\\/\\\/fireware.nl\\\/wp-content\\\/uploads\\\/2021\\\/11\\\/008-004-010-Nimbo-ophangbeugel.jpg\",\"contentUrl\":\"https:\\\/\\\/fireware.nl\\\/wp-content\\\/uploads\\\/2021\\\/11\\\/008-004-010-Nimbo-ophangbeugel.jpg\",\"width\":600,\"height\":600},{\"@type\":\"BreadcrumbList\",\"@id\":\"https:\\\/\\\/fireware.nl\\\/de\\\/product\\\/nimbo-aufhange-und-schutzbugel\\\/#breadcrumb\",\"itemListElement\":[{\"@type\":\"ListItem\",\"position\":1,\"name\":\"Home\",\"item\":\"https:\\\/\\\/fireware.nl\\\/de\\\/\"},{\"@type\":\"ListItem\",\"position\":2,\"name\":\"Produkte\",\"item\":\"https:\\\/\\\/fireware.nl\\\/de\\\/produkte\\\/\"},{\"@type\":\"ListItem\",\"position\":3,\"name\":\"Nimbo Aufh\u00e4nge- und Schutzb\u00fcgel\"}]},{\"@type\":\"WebSite\",\"@id\":\"https:\\\/\\\/fireware.nl\\\/de\\\/#website\",\"url\":\"https:\\\/\\\/fireware.nl\\\/de\\\/\",\"name\":\"FireWare\",\"description\":\"CREATING REALISTIC  TRAINING ENVIRONMENTS\",\"publisher\":{\"@id\":\"https:\\\/\\\/fireware.nl\\\/de\\\/#organization\"},\"potentialAction\":[{\"@type\":\"SearchAction\",\"target\":{\"@type\":\"EntryPoint\",\"urlTemplate\":\"https:\\\/\\\/fireware.nl\\\/de\\\/?s={search_term_string}\"},\"query-input\":{\"@type\":\"PropertyValueSpecification\",\"valueRequired\":true,\"valueName\":\"search_term_string\"}}],\"inLanguage\":\"de\"},{\"@type\":\"Organization\",\"@id\":\"https:\\\/\\\/fireware.nl\\\/de\\\/#organization\",\"name\":\"FireWare\",\"url\":\"https:\\\/\\\/fireware.nl\\\/de\\\/\",\"logo\":{\"@type\":\"ImageObject\",\"inLanguage\":\"de\",\"@id\":\"https:\\\/\\\/fireware.nl\\\/de\\\/#\\\/schema\\\/logo\\\/image\\\/\",\"url\":\"https:\\\/\\\/fireware.nl\\\/wp-content\\\/uploads\\\/2018\\\/10\\\/FireWare-logo.jpg\",\"contentUrl\":\"https:\\\/\\\/fireware.nl\\\/wp-content\\\/uploads\\\/2018\\\/10\\\/FireWare-logo.jpg\",\"width\":171,\"height\":70,\"caption\":\"FireWare\"},\"image\":{\"@id\":\"https:\\\/\\\/fireware.nl\\\/de\\\/#\\\/schema\\\/logo\\\/image\\\/\"},\"sameAs\":[\"https:\\\/\\\/www.facebook.com\\\/FireWareBV\\\/\",\"https:\\\/\\\/x.com\\\/FireWarebv\",\"https:\\\/\\\/www.instagram.com\\\/fireware_nl\\\/\",\"https:\\\/\\\/www.linkedin.com\\\/company\\\/3586017\\\/\",\"https:\\\/\\\/www.youtube.com\\\/user\\\/firesalesrentconsult\"]}]}<\/script>\n<!-- \/ Yoast SEO plugin. -->","yoast_head_json":{"title":"Nimbo Aufh\u00e4nge- und Schutzb\u00fcgel - FireWare","robots":{"index":"index","follow":"follow","max-snippet":"max-snippet:-1","max-image-preview":"max-image-preview:large","max-video-preview":"max-video-preview:-1"},"canonical":"https:\/\/fireware.nl\/de\/product\/nimbo-aufhange-und-schutzbugel\/","og_locale":"de_DE","og_type":"article","og_title":"Nimbo Aufh\u00e4nge- und Schutzb\u00fcgel - FireWare","og_description":"Wandmontage f\u00fcr die FireWare Nimbo Rauchmaschine  Oben und unten zu platzieren  Halten Sie den \u00dcbungsraum frei  Hergestellt aus rostfreiem Edelstahl","og_url":"https:\/\/fireware.nl\/de\/product\/nimbo-aufhange-und-schutzbugel\/","og_site_name":"FireWare","article_publisher":"https:\/\/www.facebook.com\/FireWareBV\/","article_modified_time":"2022-01-24T10:58:10+00:00","og_image":[{"url":"https:\/\/fireware.nl\/wp-content\/uploads\/2021\/11\/Nimbo-ophangbeugel.jpg","type":"","width":"","height":""}],"twitter_card":"summary_large_image","twitter_site":"@FireWarebv","twitter_misc":{"Gesch\u00e4tzte Lesezeit":"1\u00a0Minute"},"schema":{"@context":"https:\/\/schema.org","@graph":[{"@type":"WebPage","@id":"https:\/\/fireware.nl\/de\/product\/nimbo-aufhange-und-schutzbugel\/","url":"https:\/\/fireware.nl\/de\/product\/nimbo-aufhange-und-schutzbugel\/","name":"Nimbo Aufh\u00e4nge- und Schutzb\u00fcgel - FireWare","isPartOf":{"@id":"https:\/\/fireware.nl\/de\/#website"},"primaryImageOfPage":{"@id":"https:\/\/fireware.nl\/de\/product\/nimbo-aufhange-und-schutzbugel\/#primaryimage"},"image":{"@id":"https:\/\/fireware.nl\/de\/product\/nimbo-aufhange-und-schutzbugel\/#primaryimage"},"thumbnailUrl":"https:\/\/fireware.nl\/wp-content\/uploads\/2021\/11\/008-004-010-Nimbo-ophangbeugel.jpg","datePublished":"2021-11-17T13:55:00+00:00","dateModified":"2022-01-24T10:58:10+00:00","breadcrumb":{"@id":"https:\/\/fireware.nl\/de\/product\/nimbo-aufhange-und-schutzbugel\/#breadcrumb"},"inLanguage":"de","potentialAction":[{"@type":"ReadAction","target":["https:\/\/fireware.nl\/de\/product\/nimbo-aufhange-und-schutzbugel\/"]}]},{"@type":"ImageObject","inLanguage":"de","@id":"https:\/\/fireware.nl\/de\/product\/nimbo-aufhange-und-schutzbugel\/#primaryimage","url":"https:\/\/fireware.nl\/wp-content\/uploads\/2021\/11\/008-004-010-Nimbo-ophangbeugel.jpg","contentUrl":"https:\/\/fireware.nl\/wp-content\/uploads\/2021\/11\/008-004-010-Nimbo-ophangbeugel.jpg","width":600,"height":600},{"@type":"BreadcrumbList","@id":"https:\/\/fireware.nl\/de\/product\/nimbo-aufhange-und-schutzbugel\/#breadcrumb","itemListElement":[{"@type":"ListItem","position":1,"name":"Home","item":"https:\/\/fireware.nl\/de\/"},{"@type":"ListItem","position":2,"name":"Produkte","item":"https:\/\/fireware.nl\/de\/produkte\/"},{"@type":"ListItem","position":3,"name":"Nimbo Aufh\u00e4nge- und Schutzb\u00fcgel"}]},{"@type":"WebSite","@id":"https:\/\/fireware.nl\/de\/#website","url":"https:\/\/fireware.nl\/de\/","name":"FireWare","description":"CREATING REALISTIC  TRAINING ENVIRONMENTS","publisher":{"@id":"https:\/\/fireware.nl\/de\/#organization"},"potentialAction":[{"@type":"SearchAction","target":{"@type":"EntryPoint","urlTemplate":"https:\/\/fireware.nl\/de\/?s={search_term_string}"},"query-input":{"@type":"PropertyValueSpecification","valueRequired":true,"valueName":"search_term_string"}}],"inLanguage":"de"},{"@type":"Organization","@id":"https:\/\/fireware.nl\/de\/#organization","name":"FireWare","url":"https:\/\/fireware.nl\/de\/","logo":{"@type":"ImageObject","inLanguage":"de","@id":"https:\/\/fireware.nl\/de\/#\/schema\/logo\/image\/","url":"https:\/\/fireware.nl\/wp-content\/uploads\/2018\/10\/FireWare-logo.jpg","contentUrl":"https:\/\/fireware.nl\/wp-content\/uploads\/2018\/10\/FireWare-logo.jpg","width":171,"height":70,"caption":"FireWare"},"image":{"@id":"https:\/\/fireware.nl\/de\/#\/schema\/logo\/image\/"},"sameAs":["https:\/\/www.facebook.com\/FireWareBV\/","https:\/\/x.com\/FireWarebv","https:\/\/www.instagram.com\/fireware_nl\/","https:\/\/www.linkedin.com\/company\/3586017\/","https:\/\/www.youtube.com\/user\/firesalesrentconsult"]}]}},"publishpress_future_workflow_manual_trigger":{"enabledWorkflows":[]},"_links":{"self":[{"href":"https:\/\/fireware.nl\/de\/wp-json\/wp\/v2\/product\/67897","targetHints":{"allow":["GET"]}}],"collection":[{"href":"https:\/\/fireware.nl\/de\/wp-json\/wp\/v2\/product"}],"about":[{"href":"https:\/\/fireware.nl\/de\/wp-json\/wp\/v2\/types\/product"}],"wp:featuredmedia":[{"embeddable":true,"href":"https:\/\/fireware.nl\/de\/wp-json\/wp\/v2\/media\/67722"}],"wp:attachment":[{"href":"https:\/\/fireware.nl\/de\/wp-json\/wp\/v2\/media?parent=67897"}],"wp:term":[{"taxonomy":"product_brand","embeddable":true,"href":"https:\/\/fireware.nl\/de\/wp-json\/wp\/v2\/product_brand?post=67897"},{"taxonomy":"product_cat","embeddable":true,"href":"https:\/\/fireware.nl\/de\/wp-json\/wp\/v2\/product_cat?post=67897"},{"taxonomy":"product_tag","embeddable":true,"href":"https:\/\/fireware.nl\/de\/wp-json\/wp\/v2\/product_tag?post=67897"}],"curies":[{"name":"wp","href":"https:\/\/api.w.org\/{rel}","templated":true}]}}