
{"id":72321,"date":"2025-07-02T08:49:00","date_gmt":"2025-07-02T08:49:00","guid":{"rendered":"https:\/\/fireware.nl\/product\/fireware-bambi-waldbrand-simulator\/"},"modified":"2025-10-23T08:16:52","modified_gmt":"2025-10-23T08:16:52","slug":"fireware-bambi-waldbrand-simulator","status":"publish","type":"product","link":"https:\/\/fireware.nl\/de\/product\/bambi-waldbrand-simulator\/","title":{"rendered":"BAMBI Waldbrand-Simulator"},"content":{"rendered":"\n\n\t<h2>Das neue Zubeh\u00f6r zum noch besseren Simulieren von Waldbr\u00e4nden<\/h2>\n<p>F\u00fcr Waldbr\u00e4nde ist ein komplexes Rauchbild charakteristisch. Und das ist eine ziemliche Herausforderung f\u00fcr eine realistische Inszenierung. Der Rauch einer Nebelmaschine verh\u00e4lt sich wie eine Punktquelle (der Rauch steigt an einer einzelnen Stelle auf). F\u00fcr Waldbrandsimulationen ben\u00f6tigen wir jedoch eine Linienquelle (bei der der Rauch \u00fcber eine Fl\u00e4che verteilt auftritt). Die BAMBI kann \u00dcbungsrauch \u00fcber gro\u00dfe L\u00e4ngen (bis zu 50 Meter) bewegen und verteilen!<\/p>\n<h2>Von der Punktquelle zur Linienquelle<\/h2>\n<p>An die BAMBI k\u00f6nnen mehrere <a href=\"https:\/\/fireware.nl\/de\/product\/smoke-hose-set-perforiert\/\" target=\"_blank\" rel=\"noopener\">perforierte Rauchschl\u00e4uche<\/a> angeschlossen werden. Dies k\u00f6nnen eventuell auch perforierte Abflussrohre oder Entw\u00e4sserungsschl\u00e4uche sein. Und dies bis zu einer L\u00e4nge von 50 Metern. Die BAMBI ist perfekt in der Lage, diese gesamte L\u00e4nge mit Rauch und Druck zu versorgen. So tritt der \u00dcbungsrauch gleichm\u00e4\u00dfig aus allen L\u00f6chern \u00fcber die gesamte L\u00e4nge aus. Durch die Anwendung dieser Technik wird eine Rauchfrontschicht \u00fcber und im Boden erzeugt. Wo normalerweise eine Rauchwolke \u00fcber dem Naturschutzgebiet weht.<\/p>\n<h2>Vorhandene Nebelmaschinen einsetzen<\/h2>\n<p>Die BAMBI kann mit den Nebelmaschinen <a href=\"https:\/\/fireware.nl\/de\/produkt\/nebelmaschine-cumulus\/\" target=\"_blank\" rel=\"noopener\">Cumulus<\/a> und <a href=\"https:\/\/fireware.nl\/de\/produkt\/nebelmaschine-stratus\/\" target=\"_blank\" rel=\"noopener\">Stratus<\/a> verwendet werden. Die BAMBI ist also ein Zubeh\u00f6r und keine Stand-alone-Rauchmaschine f\u00fcr eine einzelne Anwendung. Das ist sch\u00f6n wirtschaftlich! Die Maschinen werden in eine Rauchkammer gestellt, die durch ein ausgekl\u00fcgeltes System unter \u00dcberdruck gesetzt wird. Der aufgebaute Rauch wird im durch das Schlauchsystem verteilt, ohne zerst\u00f6rt zu werden. Das ist Problem, das auftaucht, wenn Rauch \u201edurch&#8221; einen Ventilator geleitet wird.<\/p>\n<h2>Mehrere Leistungs- und Kapazit\u00e4tskonfigurationen pro \u00dcbung m\u00f6glich<\/h2>\n<p>Der BAMBI kann in verschiedenen Konfigurationen verwendet werden. Im Rauchraum ist Platz f\u00fcr zwei Nebelmaschinen. Damit ist es m\u00f6glich, mit 1300 Watt (2x Cumulus) bis zu 5200 Watt (2x Stratus) zu arbeiten. Es kann auch kombiniert werden, indem eine Cumulus-Nebelmaschine und eine Stratus-Nebelmaschine im BAMBI platziert werden. Dies ist ideal, um die Rauchproduktion an die verf\u00fcgbare Strommenge des Generators in einem Naturgebiet anzupassen.<\/p>\n<h2>Extrem viel Rauch<\/h2>\n<p>In der Rauchkammer wird die erzeugte Menge \u00dcbungsrauch mit Luft vermischt. Dadurch erh\u00f6ht sich das Rauchvolumen. Durch die Verwendung von <a href=\"https:\/\/fireware.nl\/de\/product\/freiluft-nebelfluid\/\" target=\"_blank\" rel=\"noopener\">Outdoor-Nebelfluid<\/a> bleibt das Rauchbild sehr realistisch. Denn schlie\u00dflich produziert ein Waldbrand auch viel Rauch!<\/p>\n<h2>Einfach zu bedienen, einfach zu einzusetzen<\/h2>\n<p>Alle Steuerkabel der Nebelmaschine k\u00f6nnen einfach au\u00dfen an der BAMBI angeschlossen werden. Es ist auch m\u00f6glich, die Rauchfl\u00fcssigkeitskanister au\u00dferhalb der BAMBI aufzubewahren. Damit wird das Nachf\u00fcllen einfach gemacht! Und wenn mehrere BAMBI verwendet werden? Dann lassen sich diese dank der eingebauten Stapelschalen beim Transport und bei der Lagerung einfach stapeln. Durch die vielen Griffe l\u00e4sst sich die BAMBI auch leicht anheben!<\/p>\n<h2>Auch f\u00fcr andere Anwendungen geeignet<\/h2>\n<p>Die BAMBI ist nicht nur f\u00fcr Waldbrandsimulationen einsetzbar. Auch in allen anderen Situationen, in denen Trainingsrauch unter Druck durch ein Rohrsystem transportiert werden muss, macht sie eine gute Figur. Denken Sie an eine Installation in \u00dcbungsh\u00e4usern. Aber auch die Simulation von St\u00f6rf\u00e4llen mit Gefahrstoffen, bei denen zum Beispiel eine gro\u00dfe Menge \u00dcbungsrauch durch ein Rohrsystem oder einen Verteiler geleitet werden muss!<\/p>\n<h2>Das Video ansehen<\/h2>\n\t\t<iframe loading=\"lazy\" width=\"560\" height=\"315\" src=\"https:\/\/www.youtube.com\/embed\/l-bshfZP3ys?hl=eng&#038;cc_lang_pref=eng&#038;cc_load_policy=1&#038;rel=0\" frameborder=\"0\" allow=\"accelerometer; autoplay; clipboard-write; encrypted-media; gyroscope; picture-in-picture\" allowfullscreen><\/iframe>\t\n\n","protected":false},"excerpt":{"rendered":"<ul>\n<li>Kombinieren Sie mit Ihrem eigenen FireWare Nebelmaschine(n) und perforierte Rauchschlauch(en).<\/li>\n<li>Speziell entwickelt f\u00fcr die Simulation von Waldbr\u00e4nden.<\/li>\n<li>Auch sehr gut geeignet f\u00fcr den Transport von \u00dcbungsrauch unter Druck durch ein Rohrsystem.<\/li>\n<li>Kann \u00dcbungsrauch \u00fcber gro\u00dfe L\u00e4ngen, bis zu 50 Meter, bewegen und verteilen.<\/li>\n<li>Erzeugt eine Rauchfrontschicht \u00fcber und im Boden.<\/li>\n<li>Erm\u00f6glicht ein gleichm\u00e4\u00dfiges Ausstr\u00f6men des \u00dcbungsrauchs aus den L\u00f6chern eines Rauchschlauchs.<\/li>\n<li>Extrem hohe Rauchmenge, bis zu 5200 Watt.<\/li>\n<li>Die gesamte Verkabelung kann von au\u00dfen angeschlossen werden.<\/li>\n<li>Leicht zu heben, zu stapeln und zu lagern.<\/li>\n<\/ul>\n","protected":false},"featured_media":72312,"template":"","meta":[],"product_brand":[],"product_cat":[83],"product_tag":[],"class_list":{"0":"post-72321","1":"product","2":"type-product","3":"status-publish","4":"has-post-thumbnail","6":"product_cat-extras-fuer-nebelmaschinen","8":"first","9":"instock","10":"taxable","11":"shipping-taxable","12":"purchasable","13":"product-type-simple"},"yoast_head":"<!-- This site is optimized with the Yoast SEO plugin v27.5 - https:\/\/yoast.com\/product\/yoast-seo-wordpress\/ -->\n<title>BAMBI Waldbrand-Simulator - FireWare<\/title>\n<meta name=\"robots\" content=\"index, follow, max-snippet:-1, max-image-preview:large, max-video-preview:-1\" \/>\n<link rel=\"canonical\" href=\"https:\/\/fireware.nl\/de\/product\/bambi-waldbrand-simulator\/\" \/>\n<meta property=\"og:locale\" content=\"de_DE\" \/>\n<meta property=\"og:type\" content=\"article\" \/>\n<meta property=\"og:title\" content=\"BAMBI Waldbrand-Simulator - FireWare\" \/>\n<meta property=\"og:description\" content=\"Kombinieren Sie mit Ihrem eigenen FireWare Nebelmaschine(n) und perforierte Rauchschlauch(en).  Speziell entwickelt f\u00fcr die Simulation von Waldbr\u00e4nden.  Auch sehr gut geeignet f\u00fcr den Transport von \u00dcbungsrauch unter Druck durch ein Rohrsystem.  Kann \u00dcbungsrauch \u00fcber gro\u00dfe L\u00e4ngen, bis zu 50 Meter, bewegen und verteilen.  Erzeugt eine Rauchfrontschicht \u00fcber und im Boden.  Erm\u00f6glicht ein gleichm\u00e4\u00dfiges Ausstr\u00f6men des \u00dcbungsrauchs aus den L\u00f6chern eines Rauchschlauchs.  Extrem hohe Rauchmenge, bis zu 5200 Watt.  Die gesamte Verkabelung kann von au\u00dfen angeschlossen werden.  Leicht zu heben, zu stapeln und zu lagern.\" \/>\n<meta property=\"og:url\" content=\"https:\/\/fireware.nl\/de\/product\/bambi-waldbrand-simulator\/\" \/>\n<meta property=\"og:site_name\" content=\"FireWare\" \/>\n<meta property=\"article:publisher\" content=\"https:\/\/www.facebook.com\/FireWareBV\/\" \/>\n<meta property=\"article:modified_time\" content=\"2025-10-23T08:16:52+00:00\" \/>\n<meta property=\"og:image\" content=\"https:\/\/fireware.nl\/wp-content\/uploads\/2022\/05\/FireWare-Bambi-wildfire-simulator.jpg\" \/>\n\t<meta property=\"og:image:width\" content=\"600\" \/>\n\t<meta property=\"og:image:height\" content=\"600\" \/>\n\t<meta property=\"og:image:type\" content=\"image\/jpeg\" \/>\n<meta name=\"twitter:card\" content=\"summary_large_image\" \/>\n<meta name=\"twitter:site\" content=\"@FireWarebv\" \/>\n<meta name=\"twitter:label1\" content=\"Gesch\u00e4tzte Lesezeit\" \/>\n\t<meta name=\"twitter:data1\" content=\"3\u00a0Minuten\" \/>\n<script type=\"application\/ld+json\" class=\"yoast-schema-graph\">{\"@context\":\"https:\\\/\\\/schema.org\",\"@graph\":[{\"@type\":\"WebPage\",\"@id\":\"https:\\\/\\\/fireware.nl\\\/de\\\/product\\\/bambi-waldbrand-simulator\\\/\",\"url\":\"https:\\\/\\\/fireware.nl\\\/de\\\/product\\\/bambi-waldbrand-simulator\\\/\",\"name\":\"BAMBI Waldbrand-Simulator - FireWare\",\"isPartOf\":{\"@id\":\"https:\\\/\\\/fireware.nl\\\/de\\\/#website\"},\"primaryImageOfPage\":{\"@id\":\"https:\\\/\\\/fireware.nl\\\/de\\\/product\\\/bambi-waldbrand-simulator\\\/#primaryimage\"},\"image\":{\"@id\":\"https:\\\/\\\/fireware.nl\\\/de\\\/product\\\/bambi-waldbrand-simulator\\\/#primaryimage\"},\"thumbnailUrl\":\"https:\\\/\\\/fireware.nl\\\/wp-content\\\/uploads\\\/2022\\\/05\\\/FireWare-Bambi-wildfire-simulator.jpg\",\"datePublished\":\"2025-07-02T08:49:00+00:00\",\"dateModified\":\"2025-10-23T08:16:52+00:00\",\"breadcrumb\":{\"@id\":\"https:\\\/\\\/fireware.nl\\\/de\\\/product\\\/bambi-waldbrand-simulator\\\/#breadcrumb\"},\"inLanguage\":\"de\",\"potentialAction\":[{\"@type\":\"ReadAction\",\"target\":[\"https:\\\/\\\/fireware.nl\\\/de\\\/product\\\/bambi-waldbrand-simulator\\\/\"]}]},{\"@type\":\"ImageObject\",\"inLanguage\":\"de\",\"@id\":\"https:\\\/\\\/fireware.nl\\\/de\\\/product\\\/bambi-waldbrand-simulator\\\/#primaryimage\",\"url\":\"https:\\\/\\\/fireware.nl\\\/wp-content\\\/uploads\\\/2022\\\/05\\\/FireWare-Bambi-wildfire-simulator.jpg\",\"contentUrl\":\"https:\\\/\\\/fireware.nl\\\/wp-content\\\/uploads\\\/2022\\\/05\\\/FireWare-Bambi-wildfire-simulator.jpg\",\"width\":600,\"height\":600},{\"@type\":\"BreadcrumbList\",\"@id\":\"https:\\\/\\\/fireware.nl\\\/de\\\/product\\\/bambi-waldbrand-simulator\\\/#breadcrumb\",\"itemListElement\":[{\"@type\":\"ListItem\",\"position\":1,\"name\":\"Home\",\"item\":\"https:\\\/\\\/fireware.nl\\\/de\\\/\"},{\"@type\":\"ListItem\",\"position\":2,\"name\":\"Produkte\",\"item\":\"https:\\\/\\\/fireware.nl\\\/de\\\/produkte\\\/\"},{\"@type\":\"ListItem\",\"position\":3,\"name\":\"BAMBI Waldbrand-Simulator\"}]},{\"@type\":\"WebSite\",\"@id\":\"https:\\\/\\\/fireware.nl\\\/de\\\/#website\",\"url\":\"https:\\\/\\\/fireware.nl\\\/de\\\/\",\"name\":\"FireWare\",\"description\":\"CREATING REALISTIC  TRAINING ENVIRONMENTS\",\"publisher\":{\"@id\":\"https:\\\/\\\/fireware.nl\\\/de\\\/#organization\"},\"potentialAction\":[{\"@type\":\"SearchAction\",\"target\":{\"@type\":\"EntryPoint\",\"urlTemplate\":\"https:\\\/\\\/fireware.nl\\\/de\\\/?s={search_term_string}\"},\"query-input\":{\"@type\":\"PropertyValueSpecification\",\"valueRequired\":true,\"valueName\":\"search_term_string\"}}],\"inLanguage\":\"de\"},{\"@type\":\"Organization\",\"@id\":\"https:\\\/\\\/fireware.nl\\\/de\\\/#organization\",\"name\":\"FireWare\",\"url\":\"https:\\\/\\\/fireware.nl\\\/de\\\/\",\"logo\":{\"@type\":\"ImageObject\",\"inLanguage\":\"de\",\"@id\":\"https:\\\/\\\/fireware.nl\\\/de\\\/#\\\/schema\\\/logo\\\/image\\\/\",\"url\":\"https:\\\/\\\/fireware.nl\\\/wp-content\\\/uploads\\\/2018\\\/10\\\/FireWare-logo.jpg\",\"contentUrl\":\"https:\\\/\\\/fireware.nl\\\/wp-content\\\/uploads\\\/2018\\\/10\\\/FireWare-logo.jpg\",\"width\":171,\"height\":70,\"caption\":\"FireWare\"},\"image\":{\"@id\":\"https:\\\/\\\/fireware.nl\\\/de\\\/#\\\/schema\\\/logo\\\/image\\\/\"},\"sameAs\":[\"https:\\\/\\\/www.facebook.com\\\/FireWareBV\\\/\",\"https:\\\/\\\/x.com\\\/FireWarebv\",\"https:\\\/\\\/www.instagram.com\\\/fireware_nl\\\/\",\"https:\\\/\\\/www.linkedin.com\\\/company\\\/3586017\\\/\",\"https:\\\/\\\/www.youtube.com\\\/user\\\/firesalesrentconsult\"]}]}<\/script>\n<!-- \/ Yoast SEO plugin. -->","yoast_head_json":{"title":"BAMBI Waldbrand-Simulator - FireWare","robots":{"index":"index","follow":"follow","max-snippet":"max-snippet:-1","max-image-preview":"max-image-preview:large","max-video-preview":"max-video-preview:-1"},"canonical":"https:\/\/fireware.nl\/de\/product\/bambi-waldbrand-simulator\/","og_locale":"de_DE","og_type":"article","og_title":"BAMBI Waldbrand-Simulator - FireWare","og_description":"Kombinieren Sie mit Ihrem eigenen FireWare Nebelmaschine(n) und perforierte Rauchschlauch(en).  Speziell entwickelt f\u00fcr die Simulation von Waldbr\u00e4nden.  Auch sehr gut geeignet f\u00fcr den Transport von \u00dcbungsrauch unter Druck durch ein Rohrsystem.  Kann \u00dcbungsrauch \u00fcber gro\u00dfe L\u00e4ngen, bis zu 50 Meter, bewegen und verteilen.  Erzeugt eine Rauchfrontschicht \u00fcber und im Boden.  Erm\u00f6glicht ein gleichm\u00e4\u00dfiges Ausstr\u00f6men des \u00dcbungsrauchs aus den L\u00f6chern eines Rauchschlauchs.  Extrem hohe Rauchmenge, bis zu 5200 Watt.  Die gesamte Verkabelung kann von au\u00dfen angeschlossen werden.  Leicht zu heben, zu stapeln und zu lagern.","og_url":"https:\/\/fireware.nl\/de\/product\/bambi-waldbrand-simulator\/","og_site_name":"FireWare","article_publisher":"https:\/\/www.facebook.com\/FireWareBV\/","article_modified_time":"2025-10-23T08:16:52+00:00","og_image":[{"width":600,"height":600,"url":"https:\/\/fireware.nl\/wp-content\/uploads\/2022\/05\/FireWare-Bambi-wildfire-simulator.jpg","type":"image\/jpeg"}],"twitter_card":"summary_large_image","twitter_site":"@FireWarebv","twitter_misc":{"Gesch\u00e4tzte Lesezeit":"3\u00a0Minuten"},"schema":{"@context":"https:\/\/schema.org","@graph":[{"@type":"WebPage","@id":"https:\/\/fireware.nl\/de\/product\/bambi-waldbrand-simulator\/","url":"https:\/\/fireware.nl\/de\/product\/bambi-waldbrand-simulator\/","name":"BAMBI Waldbrand-Simulator - FireWare","isPartOf":{"@id":"https:\/\/fireware.nl\/de\/#website"},"primaryImageOfPage":{"@id":"https:\/\/fireware.nl\/de\/product\/bambi-waldbrand-simulator\/#primaryimage"},"image":{"@id":"https:\/\/fireware.nl\/de\/product\/bambi-waldbrand-simulator\/#primaryimage"},"thumbnailUrl":"https:\/\/fireware.nl\/wp-content\/uploads\/2022\/05\/FireWare-Bambi-wildfire-simulator.jpg","datePublished":"2025-07-02T08:49:00+00:00","dateModified":"2025-10-23T08:16:52+00:00","breadcrumb":{"@id":"https:\/\/fireware.nl\/de\/product\/bambi-waldbrand-simulator\/#breadcrumb"},"inLanguage":"de","potentialAction":[{"@type":"ReadAction","target":["https:\/\/fireware.nl\/de\/product\/bambi-waldbrand-simulator\/"]}]},{"@type":"ImageObject","inLanguage":"de","@id":"https:\/\/fireware.nl\/de\/product\/bambi-waldbrand-simulator\/#primaryimage","url":"https:\/\/fireware.nl\/wp-content\/uploads\/2022\/05\/FireWare-Bambi-wildfire-simulator.jpg","contentUrl":"https:\/\/fireware.nl\/wp-content\/uploads\/2022\/05\/FireWare-Bambi-wildfire-simulator.jpg","width":600,"height":600},{"@type":"BreadcrumbList","@id":"https:\/\/fireware.nl\/de\/product\/bambi-waldbrand-simulator\/#breadcrumb","itemListElement":[{"@type":"ListItem","position":1,"name":"Home","item":"https:\/\/fireware.nl\/de\/"},{"@type":"ListItem","position":2,"name":"Produkte","item":"https:\/\/fireware.nl\/de\/produkte\/"},{"@type":"ListItem","position":3,"name":"BAMBI Waldbrand-Simulator"}]},{"@type":"WebSite","@id":"https:\/\/fireware.nl\/de\/#website","url":"https:\/\/fireware.nl\/de\/","name":"FireWare","description":"CREATING REALISTIC  TRAINING ENVIRONMENTS","publisher":{"@id":"https:\/\/fireware.nl\/de\/#organization"},"potentialAction":[{"@type":"SearchAction","target":{"@type":"EntryPoint","urlTemplate":"https:\/\/fireware.nl\/de\/?s={search_term_string}"},"query-input":{"@type":"PropertyValueSpecification","valueRequired":true,"valueName":"search_term_string"}}],"inLanguage":"de"},{"@type":"Organization","@id":"https:\/\/fireware.nl\/de\/#organization","name":"FireWare","url":"https:\/\/fireware.nl\/de\/","logo":{"@type":"ImageObject","inLanguage":"de","@id":"https:\/\/fireware.nl\/de\/#\/schema\/logo\/image\/","url":"https:\/\/fireware.nl\/wp-content\/uploads\/2018\/10\/FireWare-logo.jpg","contentUrl":"https:\/\/fireware.nl\/wp-content\/uploads\/2018\/10\/FireWare-logo.jpg","width":171,"height":70,"caption":"FireWare"},"image":{"@id":"https:\/\/fireware.nl\/de\/#\/schema\/logo\/image\/"},"sameAs":["https:\/\/www.facebook.com\/FireWareBV\/","https:\/\/x.com\/FireWarebv","https:\/\/www.instagram.com\/fireware_nl\/","https:\/\/www.linkedin.com\/company\/3586017\/","https:\/\/www.youtube.com\/user\/firesalesrentconsult"]}]}},"publishpress_future_workflow_manual_trigger":{"enabledWorkflows":[]},"_links":{"self":[{"href":"https:\/\/fireware.nl\/de\/wp-json\/wp\/v2\/product\/72321","targetHints":{"allow":["GET"]}}],"collection":[{"href":"https:\/\/fireware.nl\/de\/wp-json\/wp\/v2\/product"}],"about":[{"href":"https:\/\/fireware.nl\/de\/wp-json\/wp\/v2\/types\/product"}],"wp:featuredmedia":[{"embeddable":true,"href":"https:\/\/fireware.nl\/de\/wp-json\/wp\/v2\/media\/72312"}],"wp:attachment":[{"href":"https:\/\/fireware.nl\/de\/wp-json\/wp\/v2\/media?parent=72321"}],"wp:term":[{"taxonomy":"product_brand","embeddable":true,"href":"https:\/\/fireware.nl\/de\/wp-json\/wp\/v2\/product_brand?post=72321"},{"taxonomy":"product_cat","embeddable":true,"href":"https:\/\/fireware.nl\/de\/wp-json\/wp\/v2\/product_cat?post=72321"},{"taxonomy":"product_tag","embeddable":true,"href":"https:\/\/fireware.nl\/de\/wp-json\/wp\/v2\/product_tag?post=72321"}],"curies":[{"name":"wp","href":"https:\/\/api.w.org\/{rel}","templated":true}]}}