
{"id":73194,"date":"2022-03-30T14:59:41","date_gmt":"2022-03-30T14:59:41","guid":{"rendered":"https:\/\/fireware.nl\/product\/grundtraining-inszenieren-i-vor-ort-8-personen\/"},"modified":"2025-05-19T11:31:02","modified_gmt":"2025-05-19T11:31:02","slug":"grundtraining-inszenieren-i-vor-ort-8-personen","status":"publish","type":"product","link":"https:\/\/fireware.nl\/de\/product\/grundtraining-inszenieren-i-vor-ort-8-personen\/","title":{"rendered":"Grundtraining Inszenieren I vor Ort &#8211; 8 Personen"},"content":{"rendered":"\n\n\t<h2>Lernen Sie an einem Tag \u00e4u\u00dferst realit\u00e4tsnah zu inszenieren<\/h2>\n<p>Wir h\u00f6ren es oft: \u201eIch komme von der Arbeit, muss noch essen, die Kinder ins Bett bringen und dann auch noch eine \u00dcbung f\u00fcr 19:30 Uhr ansetzen. Wie soll ich das alles machen?&#8221; Nach Abschluss einer Inszenierungsschulung ist jemand in der Lage, innerhalb von 5 Minuten eine realistische Inszenierungsumgebung aufzubauen, die eine Tankl\u00f6schfahrzeug-Crew besch\u00e4ftigt. Versprochen!<\/p>\n<h2>Grundtraining Inszenieren I<\/h2>\n<p>Die Grundausbildung Inszenieren I ist unser meistgebuchtes Training. Erlernen Sie die Grundtechniken der Inszenierung und bauen Sie am Ende des Tages selbst eine \u00dcbung auf. Diese Schulung ist niederschwellig und speziell f\u00fcr Personen entwickelt, die an der Einrichtung einer \u00dcbung beteiligt sind. Nach einem Teil Theorie \u00fcben Sie in der Praxis! Am Ende unserer Grundausbildung k\u00f6nnen Sie selbst eine realistische \u00dcbung aufbauen und einen Brand oder Unfall inszenieren.<\/p>\n<p><strong>Unter anderem werden wir uns mit diesen Dingen besch\u00e4ftigen:<\/strong><\/p>\n<ul>\n<li>die Grundbegriffe der Inszenierung;<\/li>\n<li>die Auswahl der richtigen Inszenierungsmittel;<\/li>\n<li>die Anwendung von Rauchmaschinen, Sound-Quellen und Flammensimulation;<\/li>\n<li>dilemmageteuertes Arbeiten;<\/li>\n<li>einfach Rauch, Str\u00f6mung, Temperatur und Flammen simulieren;<\/li>\n<li>kleinere Zwischenf\u00e4lle simulieren;<\/li>\n<li>Br\u00e4nde, Durchschlag und \u00dcbergreifen;<\/li>\n<li>Simulation von Gefahrstoffzwischenf\u00e4llen mit Haus-, Garten- und K\u00fcchenressourcen;<\/li>\n<li>aktiver und interaktiver Umgang mit Inszenierungsger\u00e4tschaften.<\/li>\n<\/ul>\n<h2>Impression<\/h2>\n\t<iframe width=\"560\" height=\"315\" src=https:\/\/www.youtube.com\/embed\/XEZ7uixuTbg?hl=en&#038;cc_lang_pref=en&#038;rel=0&#038;cc_load_policy=1 frameborder=\"0\" allow=\"accelerometer; autoplay; clipboard-write; encrypted-media; gyroscope; picture-in-picture\" allowfullscreen><\/iframe>\n\t<h2>Vor Ort<\/h2>\n<p>Nat\u00fcrlich ist Ihre Gruppe in unserem Schulungszentrum in Wieringerwerf willkommen. Aber wir verstehen, dass eine Schulung an Ihrem eigenen Standort am praktischsten ist. Das kann z. B. eine Pflegeeinrichtung oder eine Feuerwache sein. Wir arbeiten so weit wie m\u00f6glich mit Ihrem eigenen \u00dcbungsmaterial. Au\u00dferdem bringen wir kostenlos zus\u00e4tzliches B\u00fchnenmaterial mit, so dass mehrere Personen gleichzeitig an den Aufgaben arbeiten k\u00f6nnen. \u00c4u\u00dferst lehrreich!<\/p>\n<p>Die Schulung findet an einem Tag statt. Dies kann auch an einem Wochenende sein. Diese Flexibilit\u00e4t sorgt daf\u00fcr, dass es immer einen geeigneten Zeitpunkt f\u00fcr die Schulung Ihrer Stenografen gibt! Nach Absprache ist es auch m\u00f6glich, die Schulung auf 2 Abende aufzuteilen. Diese M\u00f6glichkeit bieten wir derzeit nur in den Niederlanden an. Der Grundpreis f\u00fcr die Inszenierungsschulung in den Niederlanden beinhaltet die Reise- und Unterbringungskosten f\u00fcr den Dozenten. F\u00fcr Schulungen im Ausland berechnen wir einen Aufschlag.<\/p>\n<h2>F\u00fcr acht Personen<\/h2>\n<p>Das Basic Staging Training I wird standardm\u00e4\u00dfig f\u00fcr Gruppengr\u00f6\u00dfen bis zu maximal 8 Personen angeboten. Die Schulungstermine werden in Absprache festgelegt. Bei der Organisation von mehreren Inszenierungsschulungen innerhalb eines Jahres gew\u00e4hren wir einen Rabatt. Wenn Sie mit einer Gruppe von bis zu <a href=\"https:\/\/fireware.nl\/de\/product\/grundtraining-inszenieren-i-vor-ort-16-personen\/\" target=\"_blank\" rel=\"noopener\">16 Personen<\/a> teilnehmen m\u00f6chten, werden zwei Referenten eingesetzt. Sie k\u00f6nnen auch als <a href=\"https:\/\/fireware.nl\/de\/product\/inszenierungstraining-bei-fireware-individuelle-einschreibung\/\" target=\"_blank\" rel=\"noopener\">Einzelperson<\/a> teilnehmen. Die (offenen) Anmeldetermine finden Sie in der Schulungsagenda auf unserer Website.<\/p>\n\n","protected":false},"excerpt":{"rendered":"<ul>\n<li>Das beliebteste Inszenierungstraining von FireWare;<\/li>\n<li>Lernen Sie innerhalb eines Tages, extrem realistisch zu inszenieren;<\/li>\n<li>Bauen Sie innerhalb von 5 Minuten eine gro\u00dfartige realistische Inszenierung auf;<\/li>\n<li>Keine Diskussion mehr \u00fcber die Inszenierung;<\/li>\n<li>\u00dcben Sie vor Ort mit Ihrem eigenen Material;<\/li>\n<li>F\u00fcr Gruppen von bis zu 8 Personen;<\/li>\n<li><a href=\"https:\/\/fireware.nl\/de\/product\/grundtraining-inszenieren-i-vor-ort-16-personen\/\" target=\"_blank\" rel=\"noopener\">Gruppen von bis zu 16 Personen<\/a> und <a href=\"https:\/\/fireware.nl\/de\/product\/inszenierungstraining-bei-fireware-individuelle-einschreibung\/\" target=\"_blank\" rel=\"noopener\">individuelle Einschreibung<\/a> sind ebenfalls m\u00f6glich;<\/li>\n<\/ul>\n","protected":false},"featured_media":73166,"template":"","meta":[],"product_brand":[],"product_cat":[3065],"product_tag":[],"class_list":{"0":"post-73194","1":"product","2":"type-product","3":"status-publish","4":"has-post-thumbnail","6":"product_cat-kurs-und-ausbildung","7":"pa_optie-an-einem-samstag","8":"pa_optie-an-einem-wochentag","9":"pa_optie-an-zwei-wochentagen-abends-in-den-niederlanden","11":"first","12":"instock","13":"taxable","14":"shipping-taxable","15":"purchasable","16":"product-type-variable"},"yoast_head":"<!-- This site is optimized with the Yoast SEO plugin v27.5 - https:\/\/yoast.com\/product\/yoast-seo-wordpress\/ -->\n<title>Grundtraining Inszenieren I vor Ort - 8 Personen - FireWare<\/title>\n<meta name=\"robots\" content=\"index, follow, max-snippet:-1, max-image-preview:large, max-video-preview:-1\" \/>\n<link rel=\"canonical\" href=\"https:\/\/fireware.nl\/de\/product\/grundtraining-inszenieren-i-vor-ort-8-personen\/\" \/>\n<meta property=\"og:locale\" content=\"de_DE\" \/>\n<meta property=\"og:type\" content=\"article\" \/>\n<meta property=\"og:title\" content=\"Grundtraining Inszenieren I vor Ort - 8 Personen - FireWare\" \/>\n<meta property=\"og:description\" content=\"Das beliebteste Inszenierungstraining von FireWare; Lernen Sie innerhalb eines Tages, extrem realistisch zu inszenieren; Bauen Sie innerhalb von 5 Minuten eine gro\u00dfartige realistische Inszenierung auf; Keine Diskussion mehr \u00fcber die Inszenierung; \u00dcben Sie vor Ort mit Ihrem eigenen Material; F\u00fcr Gruppen von bis zu 8 Personen; Gruppen von bis zu 16 Personen und individuelle Einschreibung sind ebenfalls m\u00f6glich;\" \/>\n<meta property=\"og:url\" content=\"https:\/\/fireware.nl\/de\/product\/grundtraining-inszenieren-i-vor-ort-8-personen\/\" \/>\n<meta property=\"og:site_name\" content=\"FireWare\" \/>\n<meta property=\"article:publisher\" content=\"https:\/\/www.facebook.com\/FireWareBV\/\" \/>\n<meta property=\"article:modified_time\" content=\"2025-05-19T11:31:02+00:00\" \/>\n<meta property=\"og:image\" content=\"https:\/\/fireware.nl\/wp-content\/uploads\/2022\/06\/Basistraining-Ensceneren-I-op-locatie-8-personen.jpg\" \/>\n\t<meta property=\"og:image:width\" content=\"800\" \/>\n\t<meta property=\"og:image:height\" content=\"800\" \/>\n\t<meta property=\"og:image:type\" content=\"image\/jpeg\" \/>\n<meta name=\"twitter:card\" content=\"summary_large_image\" \/>\n<meta name=\"twitter:site\" content=\"@FireWarebv\" \/>\n<meta name=\"twitter:label1\" content=\"Gesch\u00e4tzte Lesezeit\" \/>\n\t<meta name=\"twitter:data1\" content=\"2\u00a0Minuten\" \/>\n<script type=\"application\/ld+json\" class=\"yoast-schema-graph\">{\"@context\":\"https:\\\/\\\/schema.org\",\"@graph\":[{\"@type\":\"WebPage\",\"@id\":\"https:\\\/\\\/fireware.nl\\\/de\\\/product\\\/grundtraining-inszenieren-i-vor-ort-8-personen\\\/\",\"url\":\"https:\\\/\\\/fireware.nl\\\/de\\\/product\\\/grundtraining-inszenieren-i-vor-ort-8-personen\\\/\",\"name\":\"Grundtraining Inszenieren I vor Ort - 8 Personen - FireWare\",\"isPartOf\":{\"@id\":\"https:\\\/\\\/fireware.nl\\\/de\\\/#website\"},\"primaryImageOfPage\":{\"@id\":\"https:\\\/\\\/fireware.nl\\\/de\\\/product\\\/grundtraining-inszenieren-i-vor-ort-8-personen\\\/#primaryimage\"},\"image\":{\"@id\":\"https:\\\/\\\/fireware.nl\\\/de\\\/product\\\/grundtraining-inszenieren-i-vor-ort-8-personen\\\/#primaryimage\"},\"thumbnailUrl\":\"https:\\\/\\\/fireware.nl\\\/wp-content\\\/uploads\\\/2022\\\/06\\\/Basistraining-Ensceneren-I-op-locatie-8-personen.jpg\",\"datePublished\":\"2022-03-30T14:59:41+00:00\",\"dateModified\":\"2025-05-19T11:31:02+00:00\",\"breadcrumb\":{\"@id\":\"https:\\\/\\\/fireware.nl\\\/de\\\/product\\\/grundtraining-inszenieren-i-vor-ort-8-personen\\\/#breadcrumb\"},\"inLanguage\":\"de\",\"potentialAction\":[{\"@type\":\"ReadAction\",\"target\":[\"https:\\\/\\\/fireware.nl\\\/de\\\/product\\\/grundtraining-inszenieren-i-vor-ort-8-personen\\\/\"]}]},{\"@type\":\"ImageObject\",\"inLanguage\":\"de\",\"@id\":\"https:\\\/\\\/fireware.nl\\\/de\\\/product\\\/grundtraining-inszenieren-i-vor-ort-8-personen\\\/#primaryimage\",\"url\":\"https:\\\/\\\/fireware.nl\\\/wp-content\\\/uploads\\\/2022\\\/06\\\/Basistraining-Ensceneren-I-op-locatie-8-personen.jpg\",\"contentUrl\":\"https:\\\/\\\/fireware.nl\\\/wp-content\\\/uploads\\\/2022\\\/06\\\/Basistraining-Ensceneren-I-op-locatie-8-personen.jpg\",\"width\":800,\"height\":800},{\"@type\":\"BreadcrumbList\",\"@id\":\"https:\\\/\\\/fireware.nl\\\/de\\\/product\\\/grundtraining-inszenieren-i-vor-ort-8-personen\\\/#breadcrumb\",\"itemListElement\":[{\"@type\":\"ListItem\",\"position\":1,\"name\":\"Home\",\"item\":\"https:\\\/\\\/fireware.nl\\\/de\\\/\"},{\"@type\":\"ListItem\",\"position\":2,\"name\":\"Produkte\",\"item\":\"https:\\\/\\\/fireware.nl\\\/de\\\/produkte\\\/\"},{\"@type\":\"ListItem\",\"position\":3,\"name\":\"Grundtraining Inszenieren I vor Ort &#8211; 8 Personen\"}]},{\"@type\":\"WebSite\",\"@id\":\"https:\\\/\\\/fireware.nl\\\/de\\\/#website\",\"url\":\"https:\\\/\\\/fireware.nl\\\/de\\\/\",\"name\":\"FireWare\",\"description\":\"CREATING REALISTIC  TRAINING ENVIRONMENTS\",\"publisher\":{\"@id\":\"https:\\\/\\\/fireware.nl\\\/de\\\/#organization\"},\"potentialAction\":[{\"@type\":\"SearchAction\",\"target\":{\"@type\":\"EntryPoint\",\"urlTemplate\":\"https:\\\/\\\/fireware.nl\\\/de\\\/?s={search_term_string}\"},\"query-input\":{\"@type\":\"PropertyValueSpecification\",\"valueRequired\":true,\"valueName\":\"search_term_string\"}}],\"inLanguage\":\"de\"},{\"@type\":\"Organization\",\"@id\":\"https:\\\/\\\/fireware.nl\\\/de\\\/#organization\",\"name\":\"FireWare\",\"url\":\"https:\\\/\\\/fireware.nl\\\/de\\\/\",\"logo\":{\"@type\":\"ImageObject\",\"inLanguage\":\"de\",\"@id\":\"https:\\\/\\\/fireware.nl\\\/de\\\/#\\\/schema\\\/logo\\\/image\\\/\",\"url\":\"https:\\\/\\\/fireware.nl\\\/wp-content\\\/uploads\\\/2018\\\/10\\\/FireWare-logo.jpg\",\"contentUrl\":\"https:\\\/\\\/fireware.nl\\\/wp-content\\\/uploads\\\/2018\\\/10\\\/FireWare-logo.jpg\",\"width\":171,\"height\":70,\"caption\":\"FireWare\"},\"image\":{\"@id\":\"https:\\\/\\\/fireware.nl\\\/de\\\/#\\\/schema\\\/logo\\\/image\\\/\"},\"sameAs\":[\"https:\\\/\\\/www.facebook.com\\\/FireWareBV\\\/\",\"https:\\\/\\\/x.com\\\/FireWarebv\",\"https:\\\/\\\/www.instagram.com\\\/fireware_nl\\\/\",\"https:\\\/\\\/www.linkedin.com\\\/company\\\/3586017\\\/\",\"https:\\\/\\\/www.youtube.com\\\/user\\\/firesalesrentconsult\"]}]}<\/script>\n<!-- \/ Yoast SEO plugin. -->","yoast_head_json":{"title":"Grundtraining Inszenieren I vor Ort - 8 Personen - FireWare","robots":{"index":"index","follow":"follow","max-snippet":"max-snippet:-1","max-image-preview":"max-image-preview:large","max-video-preview":"max-video-preview:-1"},"canonical":"https:\/\/fireware.nl\/de\/product\/grundtraining-inszenieren-i-vor-ort-8-personen\/","og_locale":"de_DE","og_type":"article","og_title":"Grundtraining Inszenieren I vor Ort - 8 Personen - FireWare","og_description":"Das beliebteste Inszenierungstraining von FireWare; Lernen Sie innerhalb eines Tages, extrem realistisch zu inszenieren; Bauen Sie innerhalb von 5 Minuten eine gro\u00dfartige realistische Inszenierung auf; Keine Diskussion mehr \u00fcber die Inszenierung; \u00dcben Sie vor Ort mit Ihrem eigenen Material; F\u00fcr Gruppen von bis zu 8 Personen; Gruppen von bis zu 16 Personen und individuelle Einschreibung sind ebenfalls m\u00f6glich;","og_url":"https:\/\/fireware.nl\/de\/product\/grundtraining-inszenieren-i-vor-ort-8-personen\/","og_site_name":"FireWare","article_publisher":"https:\/\/www.facebook.com\/FireWareBV\/","article_modified_time":"2025-05-19T11:31:02+00:00","og_image":[{"width":800,"height":800,"url":"https:\/\/fireware.nl\/wp-content\/uploads\/2022\/06\/Basistraining-Ensceneren-I-op-locatie-8-personen.jpg","type":"image\/jpeg"}],"twitter_card":"summary_large_image","twitter_site":"@FireWarebv","twitter_misc":{"Gesch\u00e4tzte Lesezeit":"2\u00a0Minuten"},"schema":{"@context":"https:\/\/schema.org","@graph":[{"@type":"WebPage","@id":"https:\/\/fireware.nl\/de\/product\/grundtraining-inszenieren-i-vor-ort-8-personen\/","url":"https:\/\/fireware.nl\/de\/product\/grundtraining-inszenieren-i-vor-ort-8-personen\/","name":"Grundtraining Inszenieren I vor Ort - 8 Personen - FireWare","isPartOf":{"@id":"https:\/\/fireware.nl\/de\/#website"},"primaryImageOfPage":{"@id":"https:\/\/fireware.nl\/de\/product\/grundtraining-inszenieren-i-vor-ort-8-personen\/#primaryimage"},"image":{"@id":"https:\/\/fireware.nl\/de\/product\/grundtraining-inszenieren-i-vor-ort-8-personen\/#primaryimage"},"thumbnailUrl":"https:\/\/fireware.nl\/wp-content\/uploads\/2022\/06\/Basistraining-Ensceneren-I-op-locatie-8-personen.jpg","datePublished":"2022-03-30T14:59:41+00:00","dateModified":"2025-05-19T11:31:02+00:00","breadcrumb":{"@id":"https:\/\/fireware.nl\/de\/product\/grundtraining-inszenieren-i-vor-ort-8-personen\/#breadcrumb"},"inLanguage":"de","potentialAction":[{"@type":"ReadAction","target":["https:\/\/fireware.nl\/de\/product\/grundtraining-inszenieren-i-vor-ort-8-personen\/"]}]},{"@type":"ImageObject","inLanguage":"de","@id":"https:\/\/fireware.nl\/de\/product\/grundtraining-inszenieren-i-vor-ort-8-personen\/#primaryimage","url":"https:\/\/fireware.nl\/wp-content\/uploads\/2022\/06\/Basistraining-Ensceneren-I-op-locatie-8-personen.jpg","contentUrl":"https:\/\/fireware.nl\/wp-content\/uploads\/2022\/06\/Basistraining-Ensceneren-I-op-locatie-8-personen.jpg","width":800,"height":800},{"@type":"BreadcrumbList","@id":"https:\/\/fireware.nl\/de\/product\/grundtraining-inszenieren-i-vor-ort-8-personen\/#breadcrumb","itemListElement":[{"@type":"ListItem","position":1,"name":"Home","item":"https:\/\/fireware.nl\/de\/"},{"@type":"ListItem","position":2,"name":"Produkte","item":"https:\/\/fireware.nl\/de\/produkte\/"},{"@type":"ListItem","position":3,"name":"Grundtraining Inszenieren I vor Ort &#8211; 8 Personen"}]},{"@type":"WebSite","@id":"https:\/\/fireware.nl\/de\/#website","url":"https:\/\/fireware.nl\/de\/","name":"FireWare","description":"CREATING REALISTIC  TRAINING ENVIRONMENTS","publisher":{"@id":"https:\/\/fireware.nl\/de\/#organization"},"potentialAction":[{"@type":"SearchAction","target":{"@type":"EntryPoint","urlTemplate":"https:\/\/fireware.nl\/de\/?s={search_term_string}"},"query-input":{"@type":"PropertyValueSpecification","valueRequired":true,"valueName":"search_term_string"}}],"inLanguage":"de"},{"@type":"Organization","@id":"https:\/\/fireware.nl\/de\/#organization","name":"FireWare","url":"https:\/\/fireware.nl\/de\/","logo":{"@type":"ImageObject","inLanguage":"de","@id":"https:\/\/fireware.nl\/de\/#\/schema\/logo\/image\/","url":"https:\/\/fireware.nl\/wp-content\/uploads\/2018\/10\/FireWare-logo.jpg","contentUrl":"https:\/\/fireware.nl\/wp-content\/uploads\/2018\/10\/FireWare-logo.jpg","width":171,"height":70,"caption":"FireWare"},"image":{"@id":"https:\/\/fireware.nl\/de\/#\/schema\/logo\/image\/"},"sameAs":["https:\/\/www.facebook.com\/FireWareBV\/","https:\/\/x.com\/FireWarebv","https:\/\/www.instagram.com\/fireware_nl\/","https:\/\/www.linkedin.com\/company\/3586017\/","https:\/\/www.youtube.com\/user\/firesalesrentconsult"]}]}},"publishpress_future_workflow_manual_trigger":{"enabledWorkflows":[]},"_links":{"self":[{"href":"https:\/\/fireware.nl\/de\/wp-json\/wp\/v2\/product\/73194","targetHints":{"allow":["GET"]}}],"collection":[{"href":"https:\/\/fireware.nl\/de\/wp-json\/wp\/v2\/product"}],"about":[{"href":"https:\/\/fireware.nl\/de\/wp-json\/wp\/v2\/types\/product"}],"wp:featuredmedia":[{"embeddable":true,"href":"https:\/\/fireware.nl\/de\/wp-json\/wp\/v2\/media\/73166"}],"wp:attachment":[{"href":"https:\/\/fireware.nl\/de\/wp-json\/wp\/v2\/media?parent=73194"}],"wp:term":[{"taxonomy":"product_brand","embeddable":true,"href":"https:\/\/fireware.nl\/de\/wp-json\/wp\/v2\/product_brand?post=73194"},{"taxonomy":"product_cat","embeddable":true,"href":"https:\/\/fireware.nl\/de\/wp-json\/wp\/v2\/product_cat?post=73194"},{"taxonomy":"product_tag","embeddable":true,"href":"https:\/\/fireware.nl\/de\/wp-json\/wp\/v2\/product_tag?post=73194"}],"curies":[{"name":"wp","href":"https:\/\/api.w.org\/{rel}","templated":true}]}}