
{"id":73605,"date":"2022-04-11T14:58:29","date_gmt":"2022-04-11T14:58:29","guid":{"rendered":"https:\/\/fireware.nl\/product\/folgetraining-inszenieren-ii-16-personen\/"},"modified":"2025-05-19T13:13:45","modified_gmt":"2025-05-19T13:13:45","slug":"folgetraining-inszenieren-ii-16-personen","status":"publish","type":"product","link":"https:\/\/fireware.nl\/de\/product\/folgetraining-inszenieren-ii-vor-ort-16-personen\/","title":{"rendered":"Folgetraining Inszenieren II vor Ort \u2013 16 Personen"},"content":{"rendered":"\n\n\t<h2>Erweitern Sie Ihr Inszenierungswissen<\/h2>\n<p>Als Profi lernt man st\u00e4ndig dazu. Sie haben unsere Grundtraining Inszenieren I absolviert und m\u00f6chten Ihr Wissen erweitern? Das Folgetraining Inszenieren II bietet Ihnen die Chance Ihre Inszenierungskenntnisse weiter zu vertiefen.<\/p>\n<p>Ein Zeitraum von 6 Monaten wird empfohlen, um die neu erworbenen Kenntnisse aus dem Grundtraining Inszenieren I zu \u00fcben, bevor Sie mit dem Folgetraining fortfahren.<\/p>\n<p><strong>Unter anderem werden wir uns mit diesen Dingen besch\u00e4ftigen:<\/strong><\/p>\n<ul>\n<li>Kurz die theoretischen Kenntnisse aus Teil I auffrischen;<\/li>\n<li>Umfassende RSTF (Rauch, Str\u00f6mung, Temperatur, Flammenfront)-Signale mit einer Rauchmaschine simulieren;<\/li>\n<li>4 Arten der Flammensimulation II: gro\u00dfe Br\u00e4nde;<\/li>\n<li>UGS (Unfall Gef\u00e4hrliche Stoffe)-Vorf\u00e4lle II: Simulieren mit Haus-Garten-und-K\u00fcchenmitteln;<\/li>\n<li>Opfer und Puppen bei einer \u00dcbung einbeziehen;<\/li>\n<li>Interaktives und dynamisches Inszenieren;<\/li>\n<li>Arbeiten unter Zeitdruck: eine gute Vorbereitung.<\/li>\n<\/ul>\n<h2>Impression<\/h2>\n\t<iframe width=\"560\" height=\"315\" src=https:\/\/www.youtube.com\/embed\/IXKsbToe2bA?hl=en&#038;cc_lang_pref=en&#038;rel=0&#038;cc_load_policy=1 frameborder=\"0\" allow=\"accelerometer; autoplay; clipboard-write; encrypted-media; gyroscope; picture-in-picture\" allowfullscreen><\/iframe>\n\t<h2>Vor Ort<\/h2>\n<p>Nat\u00fcrlich ist Ihre Gruppe in unserem Schulungszentrum in Wieringerwerf willkommen. Aber wir verstehen, dass eine Schulung an Ihrem eigenen Standort am praktischsten ist. Das kann z. B. eine Pflegeeinrichtung oder eine Feuerwache sein. Wir arbeiten so weit wie m\u00f6glich mit Ihrem eigenen \u00dcbungsmaterial. Au\u00dferdem bringen wir kostenlos zus\u00e4tzliches B\u00fchnenmaterial mit, so dass mehrere Personen gleichzeitig an den Aufgaben arbeiten k\u00f6nnen. Sehr lehrreich!<\/p>\n<p>Die Schulung findet an einem Tag statt. Dies kann auch an einem Wochenende sein. Diese Flexibilit\u00e4t sorgt daf\u00fcr, dass es immer einen geeigneten Zeitpunkt f\u00fcr die Schulung Ihrer Stenografen gibt! Nach Absprache ist es auch m\u00f6glich, die Schulung auf 2 Abende aufzuteilen. Diese M\u00f6glichkeit bieten wir derzeit nur in den Niederlanden an. Der Grundpreis f\u00fcr die Inszenierungsschulung in den Niederlanden beinhaltet die Reise- und Unterbringungskosten der Dozenten. F\u00fcr Schulungen im Ausland berechnen wir einen Aufschlag.<\/p>\n<h2>F\u00fcr sechzehn Personen<\/h2>\n<p>Auf dieser Seite k\u00f6nnen Sie das Folgetraining Inszenieren II f\u00fcr eine Gruppe von bis zu 16 Personen buchen. Die Schulungstermine werden dann in Absprache festgelegt. Wir setzen zwei Dozenten ein, so dass jeder Teilnehmer die maximale Aufmerksamkeit erh\u00e4lt. Ist Ihre Gruppe kleiner und Sie m\u00f6chten mit maximal 8 Personen teilnehmen? Dann klicken Sie weiter zu <a href=\"https:\/\/fireware.nl\/de\/product\/folgetraining-inszenieren-ii-vor-ort-8-personen\/\" target=\"_blank\" rel=\"noopener\">dieser Seite<\/a>. Sie k\u00f6nnen auch als\u00a0<a href=\"https:\/\/fireware.nl\/de\/product\/inszenierungstraining-bei-fireware-individuelle-einschreibung\/\" target=\"_blank\" rel=\"noopener\">Einzelperson<\/a>\u00a0teilnehmen. Die (offenen) Anmeldetermine finden Sie in der Schulungsagenda auf unserer Website.<\/p>\n\n","protected":false},"excerpt":{"rendered":"<ul class=\"green\">\n<li>Das ideale Training nach der Absolvierung von\u00a0<a href=\"https:\/\/fireware.nl\/de\/product\/grundtraining-inszenieren-i-vor-ort-16-personen\/\" target=\"_blank\" rel=\"noopener\">Teil I<\/a>.<\/li>\n<li>F\u00fcr alle, die extra Tipps und Tricks mit vielen Praxisbeispielen erhalten m\u00f6chten.<\/li>\n<li>F\u00fcr Gruppen von 8 bis maximal 16 Personen;<\/li>\n<li><a href=\"https:\/\/fireware.nl\/de\/product\/folgetraining-inszenieren-ii-vor-ort-8-personen\/\" target=\"_blank\" rel=\"noopener\">Kleinere Gruppen<\/a>\u00a0und\u00a0<a href=\"https:\/\/fireware.nl\/de\/product\/inszenierungstraining-bei-fireware-individuelle-einschreibung\/\" target=\"_blank\" rel=\"noopener\">individuelle Einschreibung<\/a>\u00a0sind ebenfalls m\u00f6glich.<\/li>\n<\/ul>\n","protected":false},"featured_media":73549,"template":"","meta":[],"product_brand":[],"product_cat":[3065],"product_tag":[],"class_list":{"0":"post-73605","1":"product","2":"type-product","3":"status-publish","4":"has-post-thumbnail","6":"product_cat-kurs-und-ausbildung","7":"pa_optie-an-einem-samstag","8":"pa_optie-an-einem-wochentag","9":"pa_optie-an-zwei-wochentagen-abends-in-den-niederlanden","11":"first","12":"instock","13":"taxable","14":"shipping-taxable","15":"purchasable","16":"product-type-variable"},"yoast_head":"<!-- This site is optimized with the Yoast SEO plugin v27.5 - https:\/\/yoast.com\/product\/yoast-seo-wordpress\/ -->\n<title>Folgetraining Inszenieren II vor Ort \u2013 16 Personen - FireWare<\/title>\n<meta name=\"robots\" content=\"index, follow, max-snippet:-1, max-image-preview:large, max-video-preview:-1\" \/>\n<link rel=\"canonical\" href=\"https:\/\/fireware.nl\/de\/product\/folgetraining-inszenieren-ii-vor-ort-16-personen\/\" \/>\n<meta property=\"og:locale\" content=\"de_DE\" \/>\n<meta property=\"og:type\" content=\"article\" \/>\n<meta property=\"og:title\" content=\"Folgetraining Inszenieren II vor Ort \u2013 16 Personen - FireWare\" \/>\n<meta property=\"og:description\" content=\"Das ideale Training nach der Absolvierung von\u00a0Teil I.  F\u00fcr alle, die extra Tipps und Tricks mit vielen Praxisbeispielen erhalten m\u00f6chten.  F\u00fcr Gruppen von 8 bis maximal 16 Personen;  Kleinere Gruppen\u00a0und\u00a0individuelle Einschreibung\u00a0sind ebenfalls m\u00f6glich.\" \/>\n<meta property=\"og:url\" content=\"https:\/\/fireware.nl\/de\/product\/folgetraining-inszenieren-ii-vor-ort-16-personen\/\" \/>\n<meta property=\"og:site_name\" content=\"FireWare\" \/>\n<meta property=\"article:publisher\" content=\"https:\/\/www.facebook.com\/FireWareBV\/\" \/>\n<meta property=\"article:modified_time\" content=\"2025-05-19T13:13:45+00:00\" \/>\n<meta property=\"og:image\" content=\"https:\/\/fireware.nl\/wp-content\/uploads\/2022\/07\/Vervolgtraining-Ensceneren-II-op-locatie-16-personen.jpg\" \/>\n\t<meta property=\"og:image:width\" content=\"800\" \/>\n\t<meta property=\"og:image:height\" content=\"800\" \/>\n\t<meta property=\"og:image:type\" content=\"image\/jpeg\" \/>\n<meta name=\"twitter:card\" content=\"summary_large_image\" \/>\n<meta name=\"twitter:site\" content=\"@FireWarebv\" \/>\n<meta name=\"twitter:label1\" content=\"Gesch\u00e4tzte Lesezeit\" \/>\n\t<meta name=\"twitter:data1\" content=\"2\u00a0Minuten\" \/>\n<script type=\"application\/ld+json\" class=\"yoast-schema-graph\">{\"@context\":\"https:\\\/\\\/schema.org\",\"@graph\":[{\"@type\":\"WebPage\",\"@id\":\"https:\\\/\\\/fireware.nl\\\/de\\\/product\\\/folgetraining-inszenieren-ii-vor-ort-16-personen\\\/\",\"url\":\"https:\\\/\\\/fireware.nl\\\/de\\\/product\\\/folgetraining-inszenieren-ii-vor-ort-16-personen\\\/\",\"name\":\"Folgetraining Inszenieren II vor Ort \u2013 16 Personen - FireWare\",\"isPartOf\":{\"@id\":\"https:\\\/\\\/fireware.nl\\\/de\\\/#website\"},\"primaryImageOfPage\":{\"@id\":\"https:\\\/\\\/fireware.nl\\\/de\\\/product\\\/folgetraining-inszenieren-ii-vor-ort-16-personen\\\/#primaryimage\"},\"image\":{\"@id\":\"https:\\\/\\\/fireware.nl\\\/de\\\/product\\\/folgetraining-inszenieren-ii-vor-ort-16-personen\\\/#primaryimage\"},\"thumbnailUrl\":\"https:\\\/\\\/fireware.nl\\\/wp-content\\\/uploads\\\/2022\\\/07\\\/Vervolgtraining-Ensceneren-II-op-locatie-16-personen.jpg\",\"datePublished\":\"2022-04-11T14:58:29+00:00\",\"dateModified\":\"2025-05-19T13:13:45+00:00\",\"breadcrumb\":{\"@id\":\"https:\\\/\\\/fireware.nl\\\/de\\\/product\\\/folgetraining-inszenieren-ii-vor-ort-16-personen\\\/#breadcrumb\"},\"inLanguage\":\"de\",\"potentialAction\":[{\"@type\":\"ReadAction\",\"target\":[\"https:\\\/\\\/fireware.nl\\\/de\\\/product\\\/folgetraining-inszenieren-ii-vor-ort-16-personen\\\/\"]}]},{\"@type\":\"ImageObject\",\"inLanguage\":\"de\",\"@id\":\"https:\\\/\\\/fireware.nl\\\/de\\\/product\\\/folgetraining-inszenieren-ii-vor-ort-16-personen\\\/#primaryimage\",\"url\":\"https:\\\/\\\/fireware.nl\\\/wp-content\\\/uploads\\\/2022\\\/07\\\/Vervolgtraining-Ensceneren-II-op-locatie-16-personen.jpg\",\"contentUrl\":\"https:\\\/\\\/fireware.nl\\\/wp-content\\\/uploads\\\/2022\\\/07\\\/Vervolgtraining-Ensceneren-II-op-locatie-16-personen.jpg\",\"width\":800,\"height\":800},{\"@type\":\"BreadcrumbList\",\"@id\":\"https:\\\/\\\/fireware.nl\\\/de\\\/product\\\/folgetraining-inszenieren-ii-vor-ort-16-personen\\\/#breadcrumb\",\"itemListElement\":[{\"@type\":\"ListItem\",\"position\":1,\"name\":\"Home\",\"item\":\"https:\\\/\\\/fireware.nl\\\/de\\\/\"},{\"@type\":\"ListItem\",\"position\":2,\"name\":\"Produkte\",\"item\":\"https:\\\/\\\/fireware.nl\\\/de\\\/produkte\\\/\"},{\"@type\":\"ListItem\",\"position\":3,\"name\":\"Folgetraining Inszenieren II vor Ort \u2013 16 Personen\"}]},{\"@type\":\"WebSite\",\"@id\":\"https:\\\/\\\/fireware.nl\\\/de\\\/#website\",\"url\":\"https:\\\/\\\/fireware.nl\\\/de\\\/\",\"name\":\"FireWare\",\"description\":\"CREATING REALISTIC  TRAINING ENVIRONMENTS\",\"publisher\":{\"@id\":\"https:\\\/\\\/fireware.nl\\\/de\\\/#organization\"},\"potentialAction\":[{\"@type\":\"SearchAction\",\"target\":{\"@type\":\"EntryPoint\",\"urlTemplate\":\"https:\\\/\\\/fireware.nl\\\/de\\\/?s={search_term_string}\"},\"query-input\":{\"@type\":\"PropertyValueSpecification\",\"valueRequired\":true,\"valueName\":\"search_term_string\"}}],\"inLanguage\":\"de\"},{\"@type\":\"Organization\",\"@id\":\"https:\\\/\\\/fireware.nl\\\/de\\\/#organization\",\"name\":\"FireWare\",\"url\":\"https:\\\/\\\/fireware.nl\\\/de\\\/\",\"logo\":{\"@type\":\"ImageObject\",\"inLanguage\":\"de\",\"@id\":\"https:\\\/\\\/fireware.nl\\\/de\\\/#\\\/schema\\\/logo\\\/image\\\/\",\"url\":\"https:\\\/\\\/fireware.nl\\\/wp-content\\\/uploads\\\/2018\\\/10\\\/FireWare-logo.jpg\",\"contentUrl\":\"https:\\\/\\\/fireware.nl\\\/wp-content\\\/uploads\\\/2018\\\/10\\\/FireWare-logo.jpg\",\"width\":171,\"height\":70,\"caption\":\"FireWare\"},\"image\":{\"@id\":\"https:\\\/\\\/fireware.nl\\\/de\\\/#\\\/schema\\\/logo\\\/image\\\/\"},\"sameAs\":[\"https:\\\/\\\/www.facebook.com\\\/FireWareBV\\\/\",\"https:\\\/\\\/x.com\\\/FireWarebv\",\"https:\\\/\\\/www.instagram.com\\\/fireware_nl\\\/\",\"https:\\\/\\\/www.linkedin.com\\\/company\\\/3586017\\\/\",\"https:\\\/\\\/www.youtube.com\\\/user\\\/firesalesrentconsult\"]}]}<\/script>\n<!-- \/ Yoast SEO plugin. -->","yoast_head_json":{"title":"Folgetraining Inszenieren II vor Ort \u2013 16 Personen - FireWare","robots":{"index":"index","follow":"follow","max-snippet":"max-snippet:-1","max-image-preview":"max-image-preview:large","max-video-preview":"max-video-preview:-1"},"canonical":"https:\/\/fireware.nl\/de\/product\/folgetraining-inszenieren-ii-vor-ort-16-personen\/","og_locale":"de_DE","og_type":"article","og_title":"Folgetraining Inszenieren II vor Ort \u2013 16 Personen - FireWare","og_description":"Das ideale Training nach der Absolvierung von\u00a0Teil I.  F\u00fcr alle, die extra Tipps und Tricks mit vielen Praxisbeispielen erhalten m\u00f6chten.  F\u00fcr Gruppen von 8 bis maximal 16 Personen;  Kleinere Gruppen\u00a0und\u00a0individuelle Einschreibung\u00a0sind ebenfalls m\u00f6glich.","og_url":"https:\/\/fireware.nl\/de\/product\/folgetraining-inszenieren-ii-vor-ort-16-personen\/","og_site_name":"FireWare","article_publisher":"https:\/\/www.facebook.com\/FireWareBV\/","article_modified_time":"2025-05-19T13:13:45+00:00","og_image":[{"width":800,"height":800,"url":"https:\/\/fireware.nl\/wp-content\/uploads\/2022\/07\/Vervolgtraining-Ensceneren-II-op-locatie-16-personen.jpg","type":"image\/jpeg"}],"twitter_card":"summary_large_image","twitter_site":"@FireWarebv","twitter_misc":{"Gesch\u00e4tzte Lesezeit":"2\u00a0Minuten"},"schema":{"@context":"https:\/\/schema.org","@graph":[{"@type":"WebPage","@id":"https:\/\/fireware.nl\/de\/product\/folgetraining-inszenieren-ii-vor-ort-16-personen\/","url":"https:\/\/fireware.nl\/de\/product\/folgetraining-inszenieren-ii-vor-ort-16-personen\/","name":"Folgetraining Inszenieren II vor Ort \u2013 16 Personen - FireWare","isPartOf":{"@id":"https:\/\/fireware.nl\/de\/#website"},"primaryImageOfPage":{"@id":"https:\/\/fireware.nl\/de\/product\/folgetraining-inszenieren-ii-vor-ort-16-personen\/#primaryimage"},"image":{"@id":"https:\/\/fireware.nl\/de\/product\/folgetraining-inszenieren-ii-vor-ort-16-personen\/#primaryimage"},"thumbnailUrl":"https:\/\/fireware.nl\/wp-content\/uploads\/2022\/07\/Vervolgtraining-Ensceneren-II-op-locatie-16-personen.jpg","datePublished":"2022-04-11T14:58:29+00:00","dateModified":"2025-05-19T13:13:45+00:00","breadcrumb":{"@id":"https:\/\/fireware.nl\/de\/product\/folgetraining-inszenieren-ii-vor-ort-16-personen\/#breadcrumb"},"inLanguage":"de","potentialAction":[{"@type":"ReadAction","target":["https:\/\/fireware.nl\/de\/product\/folgetraining-inszenieren-ii-vor-ort-16-personen\/"]}]},{"@type":"ImageObject","inLanguage":"de","@id":"https:\/\/fireware.nl\/de\/product\/folgetraining-inszenieren-ii-vor-ort-16-personen\/#primaryimage","url":"https:\/\/fireware.nl\/wp-content\/uploads\/2022\/07\/Vervolgtraining-Ensceneren-II-op-locatie-16-personen.jpg","contentUrl":"https:\/\/fireware.nl\/wp-content\/uploads\/2022\/07\/Vervolgtraining-Ensceneren-II-op-locatie-16-personen.jpg","width":800,"height":800},{"@type":"BreadcrumbList","@id":"https:\/\/fireware.nl\/de\/product\/folgetraining-inszenieren-ii-vor-ort-16-personen\/#breadcrumb","itemListElement":[{"@type":"ListItem","position":1,"name":"Home","item":"https:\/\/fireware.nl\/de\/"},{"@type":"ListItem","position":2,"name":"Produkte","item":"https:\/\/fireware.nl\/de\/produkte\/"},{"@type":"ListItem","position":3,"name":"Folgetraining Inszenieren II vor Ort \u2013 16 Personen"}]},{"@type":"WebSite","@id":"https:\/\/fireware.nl\/de\/#website","url":"https:\/\/fireware.nl\/de\/","name":"FireWare","description":"CREATING REALISTIC  TRAINING ENVIRONMENTS","publisher":{"@id":"https:\/\/fireware.nl\/de\/#organization"},"potentialAction":[{"@type":"SearchAction","target":{"@type":"EntryPoint","urlTemplate":"https:\/\/fireware.nl\/de\/?s={search_term_string}"},"query-input":{"@type":"PropertyValueSpecification","valueRequired":true,"valueName":"search_term_string"}}],"inLanguage":"de"},{"@type":"Organization","@id":"https:\/\/fireware.nl\/de\/#organization","name":"FireWare","url":"https:\/\/fireware.nl\/de\/","logo":{"@type":"ImageObject","inLanguage":"de","@id":"https:\/\/fireware.nl\/de\/#\/schema\/logo\/image\/","url":"https:\/\/fireware.nl\/wp-content\/uploads\/2018\/10\/FireWare-logo.jpg","contentUrl":"https:\/\/fireware.nl\/wp-content\/uploads\/2018\/10\/FireWare-logo.jpg","width":171,"height":70,"caption":"FireWare"},"image":{"@id":"https:\/\/fireware.nl\/de\/#\/schema\/logo\/image\/"},"sameAs":["https:\/\/www.facebook.com\/FireWareBV\/","https:\/\/x.com\/FireWarebv","https:\/\/www.instagram.com\/fireware_nl\/","https:\/\/www.linkedin.com\/company\/3586017\/","https:\/\/www.youtube.com\/user\/firesalesrentconsult"]}]}},"publishpress_future_workflow_manual_trigger":{"enabledWorkflows":[]},"_links":{"self":[{"href":"https:\/\/fireware.nl\/de\/wp-json\/wp\/v2\/product\/73605","targetHints":{"allow":["GET"]}}],"collection":[{"href":"https:\/\/fireware.nl\/de\/wp-json\/wp\/v2\/product"}],"about":[{"href":"https:\/\/fireware.nl\/de\/wp-json\/wp\/v2\/types\/product"}],"wp:featuredmedia":[{"embeddable":true,"href":"https:\/\/fireware.nl\/de\/wp-json\/wp\/v2\/media\/73549"}],"wp:attachment":[{"href":"https:\/\/fireware.nl\/de\/wp-json\/wp\/v2\/media?parent=73605"}],"wp:term":[{"taxonomy":"product_brand","embeddable":true,"href":"https:\/\/fireware.nl\/de\/wp-json\/wp\/v2\/product_brand?post=73605"},{"taxonomy":"product_cat","embeddable":true,"href":"https:\/\/fireware.nl\/de\/wp-json\/wp\/v2\/product_cat?post=73605"},{"taxonomy":"product_tag","embeddable":true,"href":"https:\/\/fireware.nl\/de\/wp-json\/wp\/v2\/product_tag?post=73605"}],"curies":[{"name":"wp","href":"https:\/\/api.w.org\/{rel}","templated":true}]}}