
{"id":73617,"date":"2022-04-11T15:12:08","date_gmt":"2022-04-11T15:12:08","guid":{"rendered":"https:\/\/fireware.nl\/product\/vertiefungstraining-inszenieren-iii-4-personen\/"},"modified":"2025-05-19T13:17:52","modified_gmt":"2025-05-19T13:17:52","slug":"vertiefungstraining-inszenieren-iii-4-personen","status":"publish","type":"product","link":"https:\/\/fireware.nl\/de\/product\/vertiefungstraining-inszenieren-iii-vor-ort-4-personen\/","title":{"rendered":"Vertiefungstraining Inszenieren III vor Ort &#8211; 4 Personen"},"content":{"rendered":"\n\n\t<h2>Perfektionieren Sie Ihre Inszenierungsf\u00e4higkeiten<\/h2>\n<p>Das Vertiefungstraining Inszenieren III behandelt die Problematik bei gr\u00f6\u00dferen \u00dcbungen und Inszenierungen. Dieses Training ist vollst\u00e4ndig auf die Vorbereitung einer \u00dcbung ausgerichtet. Eine vollkommene Beherrschung des Grundtrainings Inszenieren I und des Folgetrainings Inszenieren II wird angenommen.<\/p>\n<h2>Vertiefungstraining Inszenieren III<\/h2>\n<p>Sie erhalten einen umfassenden Theorieunterricht, bei dem der Schwerpunkt beim Organisieren der Inszenierung, dem Gegenspiel und dem Steuern der Inszenierer vor, w\u00e4hrend und nach der \u00dcbung liegt. Sie lernen ein Szenario von Anfang bis Ende zu durchdenken, inklusive der fachinhaltlichen Lernzielen und den verschiedenen m\u00f6glichen Endergebnissen.<\/p>\n<p>Schlie\u00dflich werden Sie selbst einige \u00dcbungen vorbereiten. Diese \u00dcbungen enthalten interaktive, dynamische und statische Elemente. Die Ausarbeitungen werden im Anschluss besprochen. Jeder Teilnehmer bringt zu diesem Zweck einen Laptop mit Office-Paket mit.<\/p>\n<p><strong>Unter anderem werden wir uns mit diesen Dingen besch\u00e4ftigen:<\/strong><\/p>\n<ul>\n<li>Vorbereiten einer (gro\u00dfen) Inszenierung;<\/li>\n<li>Szenario von Anfang bis Ende durchdenken;<\/li>\n<li>Dynamisches Inszenieren: komplexere \u00dcbungen;<\/li>\n<li>Interaktives Inszenieren: Antizipieren auf die Art und Weise des Einsatzes bei einer \u00dcbung;<\/li>\n<li>Gegenspiel: aufstellen, organisieren und steuern;<\/li>\n<li>Analysieren der Wechselwirkung zwischen dem \u00dcbungsziel, der Inszenierung und dem dynamischen Inszenieren.<\/li>\n<\/ul>\n<h2>Impression<\/h2>\n\t<iframe width=\"560\" height=\"315\" src=https:\/\/www.youtube.com\/embed\/NNYifc4SZvg?hl=en&#038;cc_lang_pref=en&#038;rel=0&#038;cc_load_policy=1 frameborder=\"0\" allow=\"accelerometer; autoplay; clipboard-write; encrypted-media; gyroscope; picture-in-picture\" allowfullscreen><\/iframe>\n\n","protected":false},"excerpt":{"rendered":"<ul class=\"green\">\n<li>Das ideale Training zur Perfektionierung Ihrer Inszenierungskenntnisse;<\/li>\n<li>Ankn\u00fcpfung fachinhaltlicher Lernziele an Ihr Szenario;<\/li>\n<li>Vollst\u00e4ndig theoretisch ausgerichtet;<\/li>\n<li>Eine vollkommene Beherrschung des <a href=\"https:\/\/fireware.nl\/de\/product\/grundtraining-inszenieren-i-vor-ort-8-personen\/\" target=\"_blank\" rel=\"noopener\">Grundtrainings Inszenieren I<\/a> und des <a href=\"https:\/\/fireware.nl\/de\/product\/folgetraining-inszenieren-ii-vor-ort-8-personen\/\" target=\"_blank\" rel=\"noopener\">Folgetrainings Inszenieren II wird angenommen<\/a>.<\/li>\n<\/ul>\n","protected":false},"featured_media":73567,"template":"","meta":[],"product_brand":[],"product_cat":[3065],"product_tag":[],"class_list":{"0":"post-73617","1":"product","2":"type-product","3":"status-publish","4":"has-post-thumbnail","6":"product_cat-kurs-und-ausbildung","7":"pa_optie-an-einem-samstag","8":"pa_optie-an-einem-wochentag","9":"pa_optie-an-zwei-wochentagen-abends-in-den-niederlanden","11":"first","12":"instock","13":"taxable","14":"shipping-taxable","15":"purchasable","16":"product-type-variable"},"yoast_head":"<!-- This site is optimized with the Yoast SEO plugin v27.5 - https:\/\/yoast.com\/product\/yoast-seo-wordpress\/ -->\n<title>Vertiefungstraining Inszenieren III vor Ort - 4 Personen - FireWare<\/title>\n<meta name=\"robots\" content=\"index, follow, max-snippet:-1, max-image-preview:large, max-video-preview:-1\" \/>\n<link rel=\"canonical\" href=\"https:\/\/fireware.nl\/de\/product\/vertiefungstraining-inszenieren-iii-vor-ort-4-personen\/\" \/>\n<meta property=\"og:locale\" content=\"de_DE\" \/>\n<meta property=\"og:type\" content=\"article\" \/>\n<meta property=\"og:title\" content=\"Vertiefungstraining Inszenieren III vor Ort - 4 Personen - FireWare\" \/>\n<meta property=\"og:description\" content=\"Das ideale Training zur Perfektionierung Ihrer Inszenierungskenntnisse;  Ankn\u00fcpfung fachinhaltlicher Lernziele an Ihr Szenario;  Vollst\u00e4ndig theoretisch ausgerichtet;  Eine vollkommene Beherrschung des Grundtrainings Inszenieren I und des Folgetrainings Inszenieren II wird angenommen.\" \/>\n<meta property=\"og:url\" content=\"https:\/\/fireware.nl\/de\/product\/vertiefungstraining-inszenieren-iii-vor-ort-4-personen\/\" \/>\n<meta property=\"og:site_name\" content=\"FireWare\" \/>\n<meta property=\"article:publisher\" content=\"https:\/\/www.facebook.com\/FireWareBV\/\" \/>\n<meta property=\"article:modified_time\" content=\"2025-05-19T13:17:52+00:00\" \/>\n<meta property=\"og:image\" content=\"https:\/\/fireware.nl\/wp-content\/uploads\/2022\/07\/Dieptetraining-Ensceneren-III-op-locatie-4-personen.jpg\" \/>\n\t<meta property=\"og:image:width\" content=\"800\" \/>\n\t<meta property=\"og:image:height\" content=\"800\" \/>\n\t<meta property=\"og:image:type\" content=\"image\/jpeg\" \/>\n<meta name=\"twitter:card\" content=\"summary_large_image\" \/>\n<meta name=\"twitter:site\" content=\"@FireWarebv\" \/>\n<meta name=\"twitter:label1\" content=\"Gesch\u00e4tzte Lesezeit\" \/>\n\t<meta name=\"twitter:data1\" content=\"1\u00a0Minute\" \/>\n<script type=\"application\/ld+json\" class=\"yoast-schema-graph\">{\"@context\":\"https:\\\/\\\/schema.org\",\"@graph\":[{\"@type\":\"WebPage\",\"@id\":\"https:\\\/\\\/fireware.nl\\\/de\\\/product\\\/vertiefungstraining-inszenieren-iii-vor-ort-4-personen\\\/\",\"url\":\"https:\\\/\\\/fireware.nl\\\/de\\\/product\\\/vertiefungstraining-inszenieren-iii-vor-ort-4-personen\\\/\",\"name\":\"Vertiefungstraining Inszenieren III vor Ort - 4 Personen - FireWare\",\"isPartOf\":{\"@id\":\"https:\\\/\\\/fireware.nl\\\/de\\\/#website\"},\"primaryImageOfPage\":{\"@id\":\"https:\\\/\\\/fireware.nl\\\/de\\\/product\\\/vertiefungstraining-inszenieren-iii-vor-ort-4-personen\\\/#primaryimage\"},\"image\":{\"@id\":\"https:\\\/\\\/fireware.nl\\\/de\\\/product\\\/vertiefungstraining-inszenieren-iii-vor-ort-4-personen\\\/#primaryimage\"},\"thumbnailUrl\":\"https:\\\/\\\/fireware.nl\\\/wp-content\\\/uploads\\\/2022\\\/07\\\/Dieptetraining-Ensceneren-III-op-locatie-4-personen.jpg\",\"datePublished\":\"2022-04-11T15:12:08+00:00\",\"dateModified\":\"2025-05-19T13:17:52+00:00\",\"breadcrumb\":{\"@id\":\"https:\\\/\\\/fireware.nl\\\/de\\\/product\\\/vertiefungstraining-inszenieren-iii-vor-ort-4-personen\\\/#breadcrumb\"},\"inLanguage\":\"de\",\"potentialAction\":[{\"@type\":\"ReadAction\",\"target\":[\"https:\\\/\\\/fireware.nl\\\/de\\\/product\\\/vertiefungstraining-inszenieren-iii-vor-ort-4-personen\\\/\"]}]},{\"@type\":\"ImageObject\",\"inLanguage\":\"de\",\"@id\":\"https:\\\/\\\/fireware.nl\\\/de\\\/product\\\/vertiefungstraining-inszenieren-iii-vor-ort-4-personen\\\/#primaryimage\",\"url\":\"https:\\\/\\\/fireware.nl\\\/wp-content\\\/uploads\\\/2022\\\/07\\\/Dieptetraining-Ensceneren-III-op-locatie-4-personen.jpg\",\"contentUrl\":\"https:\\\/\\\/fireware.nl\\\/wp-content\\\/uploads\\\/2022\\\/07\\\/Dieptetraining-Ensceneren-III-op-locatie-4-personen.jpg\",\"width\":800,\"height\":800},{\"@type\":\"BreadcrumbList\",\"@id\":\"https:\\\/\\\/fireware.nl\\\/de\\\/product\\\/vertiefungstraining-inszenieren-iii-vor-ort-4-personen\\\/#breadcrumb\",\"itemListElement\":[{\"@type\":\"ListItem\",\"position\":1,\"name\":\"Home\",\"item\":\"https:\\\/\\\/fireware.nl\\\/de\\\/\"},{\"@type\":\"ListItem\",\"position\":2,\"name\":\"Produkte\",\"item\":\"https:\\\/\\\/fireware.nl\\\/de\\\/produkte\\\/\"},{\"@type\":\"ListItem\",\"position\":3,\"name\":\"Vertiefungstraining Inszenieren III vor Ort &#8211; 4 Personen\"}]},{\"@type\":\"WebSite\",\"@id\":\"https:\\\/\\\/fireware.nl\\\/de\\\/#website\",\"url\":\"https:\\\/\\\/fireware.nl\\\/de\\\/\",\"name\":\"FireWare\",\"description\":\"CREATING REALISTIC  TRAINING ENVIRONMENTS\",\"publisher\":{\"@id\":\"https:\\\/\\\/fireware.nl\\\/de\\\/#organization\"},\"potentialAction\":[{\"@type\":\"SearchAction\",\"target\":{\"@type\":\"EntryPoint\",\"urlTemplate\":\"https:\\\/\\\/fireware.nl\\\/de\\\/?s={search_term_string}\"},\"query-input\":{\"@type\":\"PropertyValueSpecification\",\"valueRequired\":true,\"valueName\":\"search_term_string\"}}],\"inLanguage\":\"de\"},{\"@type\":\"Organization\",\"@id\":\"https:\\\/\\\/fireware.nl\\\/de\\\/#organization\",\"name\":\"FireWare\",\"url\":\"https:\\\/\\\/fireware.nl\\\/de\\\/\",\"logo\":{\"@type\":\"ImageObject\",\"inLanguage\":\"de\",\"@id\":\"https:\\\/\\\/fireware.nl\\\/de\\\/#\\\/schema\\\/logo\\\/image\\\/\",\"url\":\"https:\\\/\\\/fireware.nl\\\/wp-content\\\/uploads\\\/2018\\\/10\\\/FireWare-logo.jpg\",\"contentUrl\":\"https:\\\/\\\/fireware.nl\\\/wp-content\\\/uploads\\\/2018\\\/10\\\/FireWare-logo.jpg\",\"width\":171,\"height\":70,\"caption\":\"FireWare\"},\"image\":{\"@id\":\"https:\\\/\\\/fireware.nl\\\/de\\\/#\\\/schema\\\/logo\\\/image\\\/\"},\"sameAs\":[\"https:\\\/\\\/www.facebook.com\\\/FireWareBV\\\/\",\"https:\\\/\\\/x.com\\\/FireWarebv\",\"https:\\\/\\\/www.instagram.com\\\/fireware_nl\\\/\",\"https:\\\/\\\/www.linkedin.com\\\/company\\\/3586017\\\/\",\"https:\\\/\\\/www.youtube.com\\\/user\\\/firesalesrentconsult\"]}]}<\/script>\n<!-- \/ Yoast SEO plugin. -->","yoast_head_json":{"title":"Vertiefungstraining Inszenieren III vor Ort - 4 Personen - FireWare","robots":{"index":"index","follow":"follow","max-snippet":"max-snippet:-1","max-image-preview":"max-image-preview:large","max-video-preview":"max-video-preview:-1"},"canonical":"https:\/\/fireware.nl\/de\/product\/vertiefungstraining-inszenieren-iii-vor-ort-4-personen\/","og_locale":"de_DE","og_type":"article","og_title":"Vertiefungstraining Inszenieren III vor Ort - 4 Personen - FireWare","og_description":"Das ideale Training zur Perfektionierung Ihrer Inszenierungskenntnisse;  Ankn\u00fcpfung fachinhaltlicher Lernziele an Ihr Szenario;  Vollst\u00e4ndig theoretisch ausgerichtet;  Eine vollkommene Beherrschung des Grundtrainings Inszenieren I und des Folgetrainings Inszenieren II wird angenommen.","og_url":"https:\/\/fireware.nl\/de\/product\/vertiefungstraining-inszenieren-iii-vor-ort-4-personen\/","og_site_name":"FireWare","article_publisher":"https:\/\/www.facebook.com\/FireWareBV\/","article_modified_time":"2025-05-19T13:17:52+00:00","og_image":[{"width":800,"height":800,"url":"https:\/\/fireware.nl\/wp-content\/uploads\/2022\/07\/Dieptetraining-Ensceneren-III-op-locatie-4-personen.jpg","type":"image\/jpeg"}],"twitter_card":"summary_large_image","twitter_site":"@FireWarebv","twitter_misc":{"Gesch\u00e4tzte Lesezeit":"1\u00a0Minute"},"schema":{"@context":"https:\/\/schema.org","@graph":[{"@type":"WebPage","@id":"https:\/\/fireware.nl\/de\/product\/vertiefungstraining-inszenieren-iii-vor-ort-4-personen\/","url":"https:\/\/fireware.nl\/de\/product\/vertiefungstraining-inszenieren-iii-vor-ort-4-personen\/","name":"Vertiefungstraining Inszenieren III vor Ort - 4 Personen - FireWare","isPartOf":{"@id":"https:\/\/fireware.nl\/de\/#website"},"primaryImageOfPage":{"@id":"https:\/\/fireware.nl\/de\/product\/vertiefungstraining-inszenieren-iii-vor-ort-4-personen\/#primaryimage"},"image":{"@id":"https:\/\/fireware.nl\/de\/product\/vertiefungstraining-inszenieren-iii-vor-ort-4-personen\/#primaryimage"},"thumbnailUrl":"https:\/\/fireware.nl\/wp-content\/uploads\/2022\/07\/Dieptetraining-Ensceneren-III-op-locatie-4-personen.jpg","datePublished":"2022-04-11T15:12:08+00:00","dateModified":"2025-05-19T13:17:52+00:00","breadcrumb":{"@id":"https:\/\/fireware.nl\/de\/product\/vertiefungstraining-inszenieren-iii-vor-ort-4-personen\/#breadcrumb"},"inLanguage":"de","potentialAction":[{"@type":"ReadAction","target":["https:\/\/fireware.nl\/de\/product\/vertiefungstraining-inszenieren-iii-vor-ort-4-personen\/"]}]},{"@type":"ImageObject","inLanguage":"de","@id":"https:\/\/fireware.nl\/de\/product\/vertiefungstraining-inszenieren-iii-vor-ort-4-personen\/#primaryimage","url":"https:\/\/fireware.nl\/wp-content\/uploads\/2022\/07\/Dieptetraining-Ensceneren-III-op-locatie-4-personen.jpg","contentUrl":"https:\/\/fireware.nl\/wp-content\/uploads\/2022\/07\/Dieptetraining-Ensceneren-III-op-locatie-4-personen.jpg","width":800,"height":800},{"@type":"BreadcrumbList","@id":"https:\/\/fireware.nl\/de\/product\/vertiefungstraining-inszenieren-iii-vor-ort-4-personen\/#breadcrumb","itemListElement":[{"@type":"ListItem","position":1,"name":"Home","item":"https:\/\/fireware.nl\/de\/"},{"@type":"ListItem","position":2,"name":"Produkte","item":"https:\/\/fireware.nl\/de\/produkte\/"},{"@type":"ListItem","position":3,"name":"Vertiefungstraining Inszenieren III vor Ort &#8211; 4 Personen"}]},{"@type":"WebSite","@id":"https:\/\/fireware.nl\/de\/#website","url":"https:\/\/fireware.nl\/de\/","name":"FireWare","description":"CREATING REALISTIC  TRAINING ENVIRONMENTS","publisher":{"@id":"https:\/\/fireware.nl\/de\/#organization"},"potentialAction":[{"@type":"SearchAction","target":{"@type":"EntryPoint","urlTemplate":"https:\/\/fireware.nl\/de\/?s={search_term_string}"},"query-input":{"@type":"PropertyValueSpecification","valueRequired":true,"valueName":"search_term_string"}}],"inLanguage":"de"},{"@type":"Organization","@id":"https:\/\/fireware.nl\/de\/#organization","name":"FireWare","url":"https:\/\/fireware.nl\/de\/","logo":{"@type":"ImageObject","inLanguage":"de","@id":"https:\/\/fireware.nl\/de\/#\/schema\/logo\/image\/","url":"https:\/\/fireware.nl\/wp-content\/uploads\/2018\/10\/FireWare-logo.jpg","contentUrl":"https:\/\/fireware.nl\/wp-content\/uploads\/2018\/10\/FireWare-logo.jpg","width":171,"height":70,"caption":"FireWare"},"image":{"@id":"https:\/\/fireware.nl\/de\/#\/schema\/logo\/image\/"},"sameAs":["https:\/\/www.facebook.com\/FireWareBV\/","https:\/\/x.com\/FireWarebv","https:\/\/www.instagram.com\/fireware_nl\/","https:\/\/www.linkedin.com\/company\/3586017\/","https:\/\/www.youtube.com\/user\/firesalesrentconsult"]}]}},"publishpress_future_workflow_manual_trigger":{"enabledWorkflows":[]},"_links":{"self":[{"href":"https:\/\/fireware.nl\/de\/wp-json\/wp\/v2\/product\/73617","targetHints":{"allow":["GET"]}}],"collection":[{"href":"https:\/\/fireware.nl\/de\/wp-json\/wp\/v2\/product"}],"about":[{"href":"https:\/\/fireware.nl\/de\/wp-json\/wp\/v2\/types\/product"}],"wp:featuredmedia":[{"embeddable":true,"href":"https:\/\/fireware.nl\/de\/wp-json\/wp\/v2\/media\/73567"}],"wp:attachment":[{"href":"https:\/\/fireware.nl\/de\/wp-json\/wp\/v2\/media?parent=73617"}],"wp:term":[{"taxonomy":"product_brand","embeddable":true,"href":"https:\/\/fireware.nl\/de\/wp-json\/wp\/v2\/product_brand?post=73617"},{"taxonomy":"product_cat","embeddable":true,"href":"https:\/\/fireware.nl\/de\/wp-json\/wp\/v2\/product_cat?post=73617"},{"taxonomy":"product_tag","embeddable":true,"href":"https:\/\/fireware.nl\/de\/wp-json\/wp\/v2\/product_tag?post=73617"}],"curies":[{"name":"wp","href":"https:\/\/api.w.org\/{rel}","templated":true}]}}